{"id":955,"date":"2016-07-24T19:52:53","date_gmt":"2016-07-24T19:52:53","guid":{"rendered":"http:\/\/moverdb.com\/?page_id=955"},"modified":"2026-01-08T15:21:02","modified_gmt":"2026-01-08T15:21:02","slug":"us-kanada-stehovaci","status":"publish","type":"page","link":"https:\/\/moverdb.com\/sk\/us-canada-movers\/","title":{"rendered":"Top 100 Dom\u00e1ce &amp; Medzin\u00e1rodn\u00e9 Movers v USA &amp; Kanada"},"content":{"rendered":"<p>Ni\u017e\u0161ie n\u00e1jdete zoznam 100 najv\u00e4\u010d\u0161\u00edch dom\u00e1cich a <a href=\"https:\/\/moverdb.com\/sk\/stahovacie-spolocnosti\/\">medzin\u00e1rodn\u00e9 s\u0165ahovacie spolo\u010dnosti<\/a> the <a href=\"https:\/\/moverdb.com\/sk\/moving-to-the-united-states\/\" data-internallinksmanager029f6b8e52c=\"94\" title=\"S\u0165ahujete sa do Spojen\u00fdch \u0161t\u00e1tov? 2022 \u017divotn\u00e9 n\u00e1klady a tipy na pres\u0165ahovanie\">Spojen\u00e9 \u0161t\u00e1ty americk\u00e9<\/a> a <a href=\"https:\/\/moverdb.com\/sk\/moving-to-canada\/\" data-internallinksmanager029f6b8e52c=\"265\" title=\"S\u0165ahovanie do Kanady? 2026 N\u00e1klady na b\u00fdvanie a tipy na pres\u0165ahovanie\">Kanada<\/a> na z\u00e1klade po\u010dtu registrovan\u00fdch n\u00e1kladn\u00fdch vozidiel v ich vozovom parku. <\/p>\n<p>Jedna z t\u00fdchto spolo\u010dnost\u00ed bude pravdepodobne t\u00e1 spr\u00e1vna pre va\u0161e medzin\u00e1rodn\u00e9, dia\u013ekov\u00e9 a\/alebo medzi\u0161t\u00e1tne s\u0165ahovanie.<\/p>\n<p><img loading=\"lazy\" decoding=\"async\" width=\"720\" height=\"480\" src=\"https:\/\/moverdb.com\/wp-content\/uploads\/Moving-truck.jpeg\" alt=\"S\u0165ahovacie vozidlo\" class=\"aligncenter size-full wp-image-1083\" srcset=\"https:\/\/moverdb.com\/wp-content\/uploads\/Moving-truck.jpeg 720w, https:\/\/moverdb.com\/wp-content\/uploads\/Moving-truck-300x200.jpeg 300w, https:\/\/moverdb.com\/wp-content\/uploads\/Moving-truck-600x400.jpeg 600w\" sizes=\"auto, (max-width: 720px) 100vw, 720px\" \/><\/p>\n<p>\u00dadaje poch\u00e1dzaj\u00fa z <a href=\"http:\/\/www.movingcompanyreviews.com\/100-largest-moving-companies-of-the-us-and-canada\" target=\"_blank\" rel=\"noopener\">MovingCompanyReviews.com<\/a> kde s\u00fa uveden\u00e9 najnov\u0161ie \u00fadaje o ve\u013ekosti vozov\u00e9ho parku a tie\u017e s\u00eddlo ka\u017edej spolo\u010dnosti.<\/p>\n<p>Ni\u017e\u0161ie si m\u00f4\u017eete pre\u010d\u00edta\u0165 profily jednotliv\u00fdch spolo\u010dnost\u00ed: <\/p>\n<ol>\n<li> <a href=\"https:\/\/moverdb.com\/sk\/united-van-lines\/\"><strong>Spolo\u010dnos\u0165 United Van Lines<\/strong><\/a> - Pon\u00faka vn\u00fatro\u0161t\u00e1tne s\u0165ahovanie v r\u00e1mci Spojen\u00fdch \u0161t\u00e1tov a Kanady, ako aj medzin\u00e1rodn\u00e9 s\u0165ahovanie po celom svete.<\/li>\n<li> <a href=\"https:\/\/moverdb.com\/sk\/u-pack-moving\/\"><strong>U-Pack s\u0165ahovanie<\/strong><\/a> - Spolo\u010dnos\u0165 ABF U-Pack Moving pon\u00faka svojim z\u00e1kazn\u00edkom r\u00f4zne slu\u017eby v oblasti s\u0165ahovania, vlastn\u00e9ho balenia a vyba\u013eovania v r\u00e1mci USA, Kanady a Portorika. <\/li>\n<li> <a href=\"https:\/\/moverdb.com\/sk\/atlas-van-lines-international\/\"><strong>Atlas Van Lines<\/strong><\/a> - Pon\u00faka vn\u00fatro\u0161t\u00e1tne s\u0165ahovanie pod zna\u010dkou Atlas Van Lines a medzin\u00e1rodn\u00e9 s\u0165ahovanie pod zna\u010dkou Atlas Van Lines International. Obe spolo\u010dnosti vlastn\u00ed Atlas World Group.<\/li>\n<li> <a href=\"https:\/\/moverdb.com\/sk\/mayflower-transit\/\"><strong>Mayflower Transit<\/strong><\/a> - Spolo\u010dnos\u0165 Mayflower Transit pon\u00faka \u0161irok\u00fa \u0161k\u00e1lu slu\u017eieb od s\u0165ahovania a skladovania \"urob si s\u00e1m\" a\u017e po kompletn\u00e9 medzin\u00e1rodn\u00e9 slu\u017eby na mieru. <\/li>\n<li> <a href=\"https:\/\/moverdb.com\/sk\/allied-van-lines\/\"><strong>Allied Van Lines<\/strong><\/a> - Spolo\u010dnos\u0165 Allied Van Lines Inc sa nach\u00e1dza v meste Fort Wayne v \u0161t\u00e1te IN a svojim z\u00e1kazn\u00edkom pon\u00faka cel\u00fd rad slu\u017eieb vr\u00e1tane nepretr\u017eit\u00e9ho sledovania z\u00e1sielky, pomoci pri colnom odbaven\u00ed, anglicky hovoriaceho person\u00e1lu na oboch stran\u00e1ch s\u0165ahovania a odvozu baliaceho materi\u00e1lu.<\/li>\n<li> <a href=\"https:\/\/moverdb.com\/sk\/north-american-van-lines\/\"><strong>Spolo\u010dnos\u0165 North American Van Lines<\/strong><\/a> - Spolo\u010dnos\u0165 North American Van Lines pon\u00faka svojim z\u00e1kazn\u00edkom slu\u017eby pre medzin\u00e1rodn\u00e9, firemn\u00e9 a vn\u00fatro\u0161t\u00e1tne s\u0165ahovanie.<\/li>\n<li> <a href=\"https:\/\/moverdb.com\/sk\/wheaton\/\"><strong>Wheaton World Wide Moving<\/strong><\/a> - Spolo\u010dnos\u0165 Wheaton World Wide Moving (predt\u00fdm Wheaton Van Lines) pon\u00faka svojim klientom \u0161irok\u00fa \u0161k\u00e1lu slu\u017eieb od medzin\u00e1rodn\u00e9ho s\u0165ahovania a\u017e po miestne s\u0165ahovanie.<\/li>\n<li> <a href=\"https:\/\/moverdb.com\/sk\/bekins-van-lines\/\"><strong>Spolo\u010dnos\u0165 Bekins Van Lines<\/strong><\/a> - Spolo\u010dnos\u0165 Bekins Van Lines s\u00eddli v Indianapolise v \u0161t\u00e1te IN. Svojim z\u00e1kazn\u00edkom pon\u00faka r\u00f4zne s\u0165ahovacie slu\u017eby vr\u00e1tane medzin\u00e1rodn\u00fdch s\u0165ahovan\u00ed a s\u0165ahovan\u00ed s vysokou hodnotou.<\/li>\n<li> <a href=\"https:\/\/moverdb.com\/sk\/graebel-van-lines\/\"><strong>Spolo\u010dnos\u0165 Graebel Van Lines<\/strong><\/a> - Spolo\u010dnos\u0165 Graebel Van Lines s\u00eddli v meste Aurora v \u0161t\u00e1te CO a medzi jej klientov patria spolo\u010dnosti z rebr\u00ed\u010dka Fortune 500, DEA, FBI, IRS a CDC.<\/li>\n<li> <a href=\"https:\/\/moverdb.com\/sk\/arpin-van-lines\/\"><strong>Spolo\u010dnos\u0165 Arpin Van Lines<\/strong><\/a> - Spolo\u010dnos\u0165 Arpin Van Lines s\u00eddli v meste West Warwick v \u0161t\u00e1te RI a vykon\u00e1va vojensk\u00e9 a dom\u00e1ce s\u0165ahovanie na vn\u00fatro\u0161t\u00e1tnej aj medzin\u00e1rodnej \u00farovni. Pon\u00faka aj skladovacie slu\u017eby, napr\u00edklad skladovanie s kontrolovanou kl\u00edmou a skladovanie v kontajneroch.<\/li>\n<li> <a href=\"https:\/\/moverdb.com\/sk\/stevens-worldwide-van-lines\/\">Stevens Worldwide Van Lines<\/a> - Stevens Worldwide Van Lines so s\u00eddlom v Saginaw MI pon\u00faka miestne, mimo \u0161t\u00e1tu, dia\u013ekov\u00e9 a medzin\u00e1rodn\u00e9 presuny pre dom\u00e1cnosti, podniky, arm\u00e1du a duchovenstvo.<\/li>\n<li> <a href=\"https:\/\/moverdb.com\/sk\/amj-campbell-van-lines\/\">AMJ Campbell Van Lines<\/a> - Spolo\u010dnos\u0165 AMJ Campbell Van Lines s\u00eddli v <a href=\"https:\/\/moverdb.com\/sk\/stahovanie-do-toronta\/\">Toronto<\/a>, Kanada a je jedn\u00fdm z najv\u00e4\u010d\u0161\u00edch kanadsk\u00fdch <a href=\"https:\/\/moverdb.com\/sk\/moving-companies\/\" data-internallinksmanager029f6b8e52c=\"79\" title=\"Top 25 medzin\u00e1rodn\u00fdch s\u0165ahovac\u00edch spolo\u010dnost\u00ed online\">s\u0165ahovacie spolo\u010dnosti<\/a> pre vn\u00fatro\u0161t\u00e1tne aj medzin\u00e1rodn\u00e9 s\u0165ahovanie.<\/li>\n<li> <a href=\"https:\/\/moverdb.com\/sk\/suddath\/\">Suddath<\/a> - Rodina spolo\u010dnost\u00ed, ktor\u00e9 pon\u00fakaj\u00fa cel\u00fd rad dom\u00e1cich a medzin\u00e1rodn\u00fdch s\u0165ahovac\u00edch slu\u017eieb vr\u00e1tane s\u0165ahovania dom\u00e1cnost\u00ed, firiem a vl\u00e1dnych in\u0161tit\u00faci\u00ed.<\/li>\n<li> <a href=\"https:\/\/moverdb.com\/sk\/covan-world-wide\/\">Covan WorldWide Moving<\/a> - Spolo\u010dnos\u0165 Covan m\u00e1 viac ako 200 medzi\u0161t\u00e1tnych prev\u00e1dzkov\u00fdch jednotiek a 600 jednotiek na miestne s\u0165ahovanie. Jej poslan\u00edm je by\u0165 l\u00eddrom v oblasti medzin\u00e1rodn\u00fdch prepravn\u00fdch slu\u017eieb.<\/li>\n<li> <a href=\"https:\/\/moverdb.com\/sk\/armstrong-relocation\/\">Premiestnenie spolo\u010dnosti Armstrong<\/a> - Spolo\u010dnos\u0165 Armstrong Relocation je dnes najv\u00e4\u010d\u0161\u00edm sprostredkovate\u013eom tovaru spolo\u010dnosti United Van Lines a m\u00e1 22 pobo\u010diek v USA.<\/li>\n<li> <a href=\"https:\/\/moverdb.com\/sk\/williams-moving-storage\/\">Williams Moving &amp; Storage<\/a> - Williams Moving and Storage je kanadsk\u00e1 spolo\u010dnos\u0165, ktor\u00e1 sa zaober\u00e1 miestnym aj medzin\u00e1rodn\u00fdm s\u0165ahovan\u00edm jednotlivcov a firiem.<\/li>\n<li> <a href=\"https:\/\/moverdb.com\/sk\/beltmann-relocation\/\">Beltmann Relocation Group<\/a> - Zalo\u017eila ju rodina Battina v roku 1955 a st\u00e1le je v rodinnom vlastn\u00edctve. Je jedn\u00fdm z najv\u00e4\u010d\u0161\u00edch a najstar\u0161\u00edch z\u00e1stupcov spolo\u010dnosti North American Van Lines.<\/li>\n<li> <a href=\"https:\/\/moverdb.com\/sk\/national-van-lines\/\">N\u00e1rodn\u00e1 spolo\u010dnos\u0165 Van Lines<\/a> - Motto spolo\u010dnosti je \"Moving Your Memories\" (St\u011bhovanie va\u0161ich spomienok), ktor\u00e9 zamestnancom aj z\u00e1kazn\u00edkom pripom\u00edna, \u017ee osobn\u00e9 veci s\u00fa vz\u00e1cne a v\u017edy sa s nimi bude zaobch\u00e1dza\u0165 opatrne.<\/li>\n<li> <a href=\"https:\/\/moverdb.com\/sk\/berger-allianz\/\">Berger Allied (Transfer &amp; Storage)<\/a> - Spolo\u010dnos\u0165 Berger Transfer and Storage p\u00f4sob\u00ed na trhu od roku 1910. Spolupracuje s jednotlivcami, spolo\u010dnos\u0165ami a vl\u00e1dnymi agent\u00farami. <\/li>\n<li> Lawrence Transportation Systems<\/li>\n<li> <a href=\"https:\/\/moverdb.com\/sk\/mccollisters-stahovanie\/\">Skupina McCollister's Transportation Group<\/a> - McCollister's je s\u00fakromn\u00e1 spolo\u010dnos\u0165 a je agentom spolo\u010dnosti UniGroup Inc, do ktorej patria spolo\u010dnosti United Van Lines a Mayflower Transit. (pozri vy\u0161\u0161ie)<\/li>\n<li> <a href=\"https:\/\/moverdb.com\/sk\/coleman-celosvetove-stahovanie\/\">Coleman Worldwide Moving<\/a> - Spolo\u010dnos\u0165 Coleman Worldwide Moving, zn\u00e1ma aj ako Coleman American Moving Services &amp; Coleman Allied, pon\u00faka dom\u00e1ce aj medzin\u00e1rodn\u00e9 s\u0165ahovanie.<\/li>\n<li> <a href=\"https:\/\/moverdb.com\/sk\/hilldrup-moving-storage\/\">Hilldrup Moving &amp; Storage<\/a> - Pon\u00faka slu\u017eby, ako je pomoc pri s\u0165ahovan\u00ed, riadenie s\u0165ahovania, skladovanie, slu\u017eby pri odchode, cie\u013eov\u00e9 slu\u017eby a \u010fal\u0161ie.<\/li>\n<li> <a href=\"https:\/\/moverdb.com\/sk\/american-red-ball-transit\/\">Americk\u00e1 spolo\u010dnos\u0165 Red Ball Transit Company<\/a> - S\u00eddli v Indianapolise a zameriava sa na vn\u00fatro\u0161t\u00e1tne slu\u017eby v r\u00e1mci USA.<\/li>\n<li> Spolo\u010dnos\u0165 New World Van Lines<\/li>\n<li> Palmer Moving &amp; Storage<\/li>\n<li> Mergenthaler Transfer a skladovanie<\/li>\n<li> Scobey Moving and Storage LTD<\/li>\n<li> Corrigan Moving Systems<\/li>\n<li> N\u00e1kladn\u00fd syst\u00e9m Tri Star<\/li>\n<li> Hladuj\u00faci \u0161tudenti<\/li>\n<li> A-1 Freeman S\u0165ahovacie spolo\u010dnosti<\/li>\n<li> Daryl Flood Premiest\u0148ovanie a logistika<\/li>\n<li> JK Moving &amp; Storage<\/li>\n<li> Ace Relocation Systems<\/li>\n<li> Ford Storage &amp; Moving Company<\/li>\n<li> Spolo\u010dnos\u0165 Budd Van Lines<\/li>\n<li> Lietadl\u00e1 S\u0165ahovanie a skladovanie<\/li>\n<li> Gentle Giant Moving Company<\/li>\n<li> <a href=\"https:\/\/moverdb.com\/sk\/ostrov-movers\/\">Ostrov Movers<\/a> - Pon\u00faka s\u0165ahovacie slu\u017eby na Havajsk\u00e9 ostrovy a z Havajsk\u00fdch ostrovov zo Spojen\u00fdch \u0161t\u00e1tov aj medzin\u00e1rodne.<\/li>\n<li> Mesa Moving &amp; Storage<\/li>\n<li> Americk\u00ed medzin\u00e1rodn\u00ed s\u0165ahov\u00e1ci<\/li>\n<li> Americk\u00ed s\u0165ahov\u00e1ci<\/li>\n<li> Arnoff Moving &amp; Storage,<\/li>\n<li> Spolo\u010dnos\u0165 Fidelity Moving &amp; Storage<\/li>\n<li> Medzin\u00e1rodn\u00e9 spolo\u010dnosti Lile<\/li>\n<li> Carlyle Van Lines<\/li>\n<li> Spr\u00e1vny pohybliv\u00fd prostriedok<\/li>\n<li> Andrews Van Lines<\/li>\n<li> Sherwood Van Lines<\/li>\n<li> Bisson Moving &amp; Storage<\/li>\n<li> Bohren's Moving &amp; Storage,<\/li>\n<li> Select Van &amp; Storage<\/li>\n<li> Broadway Express<\/li>\n<li> FlatRate Moving<\/li>\n<li> Smith Dray Line &amp; Storage<\/li>\n<li> Sourdough Express<\/li>\n<li> South Hills Movers<\/li>\n<li> Fisher North American<\/li>\n<li> Interstate Van Lines\/Interstate Worldwide<\/li>\n<li> Ward North American<\/li>\n<li> V\u00fdchod <a href=\"https:\/\/moverdb.com\/sk\/moving-to-the-united-states\/moving-to-tennessee\/\" data-internallinksmanager029f6b8e52c=\"406\" title=\"S\u0165ahovanie do Tennessee? 2026 N\u00e1klady na b\u00fdvanie a tipy na pres\u0165ahovanie\">Tennessee<\/a> S\u0165ahovanie\/Dvaja mu\u017ei a kami\u00f3n<\/li>\n<li> Skupina Imlach<\/li>\n<li> Air Van Moving<\/li>\n<li> Dopravn\u00e9 slu\u017eby Legacy<\/li>\n<li> Tippet-Richardson<\/li>\n<li> Atlantic Relocation Systems<\/li>\n<li> Carey Moving &amp; Storage<\/li>\n<li> Premiestnenie Arnold World Class<\/li>\n<li> William B. Meyer<\/li>\n<li> Horizon Moving Systems<\/li>\n<li> Parks Moving &amp; Storage<\/li>\n<li> Highland Moving &amp; Storage<\/li>\n<li> Delancey Street Moving &amp; Transportation<\/li>\n<li> Premiestnenie spolo\u010dnosti Armstrong<\/li>\n<li> Feder\u00e1lne spolo\u010dnosti<\/li>\n<li> Hoyt's Moving &amp; Storage<\/li>\n<li> Johnson Storage and Moving<\/li>\n<li> Nor-Cal S\u0165ahovacie slu\u017eby<\/li>\n<li> <a href=\"https:\/\/moverdb.com\/sk\/royal-hawaiian-movers\/\">Kr\u00e1\u013eovsk\u00e9 havajsk\u00e9 s\u0165ahov\u00e1ky<\/a> - Spolo\u010dnos\u0165 Royal Hawaiian Movers je s\u00fa\u010das\u0165ou skupiny spolo\u010dnost\u00ed DeWitt, ktor\u00e1 pon\u00faka svojim z\u00e1kazn\u00edkom r\u00f4zne miestne, medzi ostrovn\u00e9, pevninsk\u00e9 a medzin\u00e1rodn\u00e9 presuny.<\/li>\n<li> Central Van &amp; Storage,<\/li>\n<li> <a href=\"https:\/\/moverdb.com\/sk\/presuvanie-koruny\/\">Crown Moving Co<\/a> - Teraz je zatvoren\u00e1, s\u00eddli v <a href=\"https:\/\/moverdb.com\/sk\/moving-to-seattle\/\" data-internallinksmanager029f6b8e52c=\"65\" title=\"S\u0165ahujete sa do Seattlu? 2022 N\u00e1klady na b\u00fdvanie a tipy na pres\u0165ahovanie\">Seattle<\/a>.<\/li>\n<li> Fry-Wagner Moving and Storage Co<\/li>\n<li> B. Von <a href=\"https:\/\/moverdb.com\/sk\/moving-to-france\/moving-to-paris\/\" data-internallinksmanager029f6b8e52c=\"407\" title=\"S\u0165ahujete sa do Par\u00ed\u017ea? 2026 N\u00e1klady na b\u00fdvanie a tipy na pres\u0165ahovanie\">Par\u00ed\u017e<\/a> S\u0165ahovanie a skladovanie<\/li>\n<li> O'Brien's Moving &amp; Storage<\/li>\n<li> Spolo\u010dnos\u0165 Piqua Transfer &amp; Storage<\/li>\n<li> Spolo\u010dnos\u0165 Joyce Van Lines,<\/li>\n<li> Plycon Transportation Group<\/li>\n<li> AAA Moving &amp; Storage<\/li>\n<li> Aaction Moving &amp; Storage<\/li>\n<li> Alero s\u0165ahovanie a skladovanie<\/li>\n<li> DMS Moving Systems<\/li>\n<li> George Moving &amp; Storage<\/li>\n<li> Glen Ellyn Storage Corporation<\/li>\n<li> Piepho Moving and Storage<\/li>\n<li> Spolo\u010dnos\u0165 Eagle Van Lines<\/li>\n<li> Spolo\u010dnos\u0165 Roadrunner Moving and Storage<\/li>\n<li> Lint Van Lines<\/li>\n<li> Pacific Transfer<\/li>\n<li> Spolo\u010dnos\u0165 Paxton Van Lines<\/li>\n<\/ol>","protected":false},"excerpt":{"rendered":"<p>Below you will find a list of the top 100 largest domestic and international moving companies the United States and Canada based on the number of registered trucks in their fleet. One of these companies is likely to be the right one for your international, long distance and\/or interstate move. The data comes from MovingCompanyReviews.com [&hellip;]<\/p>\n","protected":false},"author":1,"featured_media":1083,"parent":0,"menu_order":0,"comment_status":"closed","ping_status":"closed","template":"","meta":{"_genesis_hide_title":false,"_genesis_hide_breadcrumbs":false,"_genesis_hide_singular_image":false,"_genesis_hide_footer_widgets":false,"_genesis_custom_body_class":"","_genesis_custom_post_class":"","_genesis_layout":"","footnotes":""},"class_list":{"0":"post-955","1":"page","2":"type-page","3":"status-publish","4":"has-post-thumbnail","6":"entry"},"_links":{"self":[{"href":"https:\/\/moverdb.com\/sk\/wp-json\/wp\/v2\/pages\/955","targetHints":{"allow":["GET"]}}],"collection":[{"href":"https:\/\/moverdb.com\/sk\/wp-json\/wp\/v2\/pages"}],"about":[{"href":"https:\/\/moverdb.com\/sk\/wp-json\/wp\/v2\/types\/page"}],"author":[{"embeddable":true,"href":"https:\/\/moverdb.com\/sk\/wp-json\/wp\/v2\/users\/1"}],"replies":[{"embeddable":true,"href":"https:\/\/moverdb.com\/sk\/wp-json\/wp\/v2\/comments?post=955"}],"version-history":[{"count":40,"href":"https:\/\/moverdb.com\/sk\/wp-json\/wp\/v2\/pages\/955\/revisions"}],"predecessor-version":[{"id":6247,"href":"https:\/\/moverdb.com\/sk\/wp-json\/wp\/v2\/pages\/955\/revisions\/6247"}],"wp:featuredmedia":[{"embeddable":true,"href":"https:\/\/moverdb.com\/sk\/wp-json\/wp\/v2\/media\/1083"}],"wp:attachment":[{"href":"https:\/\/moverdb.com\/sk\/wp-json\/wp\/v2\/media?parent=955"}],"curies":[{"name":"wp","href":"https:\/\/api.w.org\/{rel}","templated":true}]}}