{"id":9525,"date":"2023-06-08T12:37:11","date_gmt":"2023-06-08T12:37:11","guid":{"rendered":"https:\/\/moverdb.com\/?page_id=9525"},"modified":"2026-01-08T15:24:26","modified_gmt":"2026-01-08T15:24:26","slug":"moving-companies-slovenia","status":"publish","type":"page","link":"https:\/\/moverdb.com\/sk\/moving-companies\/moving-companies-slovenia\/","title":{"rendered":"3 najlep\u0161ie medzin\u00e1rodn\u00e9 s\u0165ahovacie spolo\u010dnosti v Slovinsku"},"content":{"rendered":"<p>S\u0165ahovanie m\u00f4\u017ee by\u0165 stresuj\u00face, preto\u017ee je potrebn\u00e9 vybavi\u0165 ve\u013ea vec\u00ed, najm\u00e4 ak sa s\u0165ahujete do zahrani\u010dia. Ak pl\u00e1nujete s\u0165ahovanie v r\u00e1mci krajiny, do krajiny alebo z krajiny <a href=\"https:\/\/moverdb.com\/sk\/moving-to-slovenia\/\" data-internallinksmanager029f6b8e52c=\"392\" title=\"S\u0165ahovanie do Slovinska? 2026 N\u00e1klady na b\u00fdvanie a tipy na pres\u0165ahovanie\">Slovinsko<\/a> potom vyu\u017ei\u0165 slu\u017eby <a href=\"https:\/\/moverdb.com\/sk\/moving-companies\/\" data-internallinksmanager029f6b8e52c=\"79\" title=\"Top 25 medzin\u00e1rodn\u00fdch s\u0165ahovac\u00edch spolo\u010dnost\u00ed online\">s\u0165ahovacia spolo\u010dnos\u0165<\/a> m\u00f4\u017ee pom\u00f4c\u0165 od\u013eah\u010di\u0165 z\u00e1\u0165a\u017e. Ni\u017e\u0161ie sme zostavili zoznam spolo\u010dnost\u00ed so s\u00eddlom v Slovinsku <a href=\"https:\/\/moverdb.com\/sk\/international-removals\/\" data-internallinksmanager029f6b8e52c=\"27\" title=\"36 najlep\u0161\u00edch medzin\u00e1rodn\u00fdch s\u0165ahovac\u00edch spolo\u010dnost\u00ed v Spojenom kr\u00e1\u013eovstve\">s\u0165ahovacie spolo\u010dnosti<\/a> ktor\u00e9 s\u00fa \u010dlenmi <a href=\"https:\/\/moverdb.com\/sk\/iam\/\" data-internallinksmanager029f6b8e52c=\"23\" title=\"Vysvetlenie Medzin\u00e1rodnej asoci\u00e1cie s\u0165ahovate\u013eov (IAM)\">Medzin\u00e1rodn\u00e1 asoci\u00e1cia s\u0165ahovate\u013eov<\/a> (IAM) a\/alebo <a href=\"https:\/\/moverdb.com\/sk\/fidi-faim\/\" data-internallinksmanager029f6b8e52c=\"16\" title=\"Vysvetlenie FIDI a FAIM (FIDI akreditovan\u00fd medzin\u00e1rodn\u00fd prepravca)\">FIDI<\/a> Akreditovan\u00fd medzin\u00e1rodn\u00fd prepravca (FAIM), ktor\u00fd by v\u00e1m mohol pom\u00f4c\u0165 pri s\u0165ahovan\u00ed.<\/p>\n<h2><strong>1. DB Schenker<\/strong><\/h2>\n<p><img loading=\"lazy\" decoding=\"async\" class=\"alignnone size-full wp-image-9351\" src=\"https:\/\/moverdb.com\/wp-content\/uploads\/DB-Schenker-Slovenvia-international-moving-company.png\" alt=\"DB Schenker Slovenvia medzin\u00e1rodn\u00e1 s\u0165ahovacia spolo\u010dnos\u0165\" width=\"1440\" height=\"673\" data-wp-pid=\"9351\" srcset=\"https:\/\/moverdb.com\/wp-content\/uploads\/DB-Schenker-Slovenvia-international-moving-company.png 1440w, https:\/\/moverdb.com\/wp-content\/uploads\/DB-Schenker-Slovenvia-international-moving-company-300x140.png 300w, https:\/\/moverdb.com\/wp-content\/uploads\/DB-Schenker-Slovenvia-international-moving-company-1024x479.png 1024w, https:\/\/moverdb.com\/wp-content\/uploads\/DB-Schenker-Slovenvia-international-moving-company-18x8.png 18w, https:\/\/moverdb.com\/wp-content\/uploads\/DB-Schenker-Slovenvia-international-moving-company-600x280.png 600w\" sizes=\"auto, (max-width: 1440px) 100vw, 1440px\" \/><\/p>\n<ul>\n<li>N\u00e1rodn\u00e9 presuny<\/li>\n<li>Medzin\u00e1rodn\u00e9 s\u0165ahovanie<\/li>\n<li>S\u0165ahovanie dom\u00e1cnost\u00ed<\/li>\n<li>Presuny spolo\u010dnosti<\/li>\n<li>Balenie na mieru<\/li>\n<li>Pozemn\u00e1, \u017eelezni\u010dn\u00e1, leteck\u00e1 a n\u00e1morn\u00e1 n\u00e1kladn\u00e1 doprava<\/li>\n<li>Coln\u00e9 konanie<\/li>\n<li>Manipul\u00e1cia s umeleck\u00fdmi dielami<\/li>\n<li>\u0160pecializovan\u00fd vozov\u00fd park a vybavenie<\/li>\n<li>Skladovacie zariadenia<\/li>\n<\/ul>\n<p>DB Schenker je glob\u00e1lny poskytovate\u013e logistick\u00fdch slu\u017eieb, ktor\u00fd m\u00e1 pribli\u017ene 1 850 pobo\u010diek po celom svete a p\u00f4sob\u00ed od roku 1872. <a href=\"https:\/\/moverdb.com\/sk\/moving-to-austria\/\" data-internallinksmanager029f6b8e52c=\"343\" title=\"S\u0165ahovanie do Rak\u00faska? 2026 N\u00e1klady na b\u00fdvanie a tipy na pres\u0165ahovanie\">Rak\u00fasko<\/a>. V Slovinsku maj\u00fa nieko\u013eko pobo\u010diek vr\u00e1tane \u013dub\u013eany, Mariboru, Koperu, Brniku a Skofja Loky. S\u00fa \u010dlenom IAM.<\/p>\n<p>Spolo\u010dnos\u0165 DB Schenker pon\u00faka s\u0165ahovacie a premiest\u0148ovacie slu\u017eby v r\u00e1mci Slovinska, do Slovinska a zo Slovinska. Ich slu\u017eby zah\u0155\u0148aj\u00fa profesion\u00e1lne baliace slu\u017eby s balen\u00edm na mieru, ktor\u00e9 je \u0161etrn\u00e9 k \u017eivotn\u00e9mu prostrediu. Na s\u0165ahovanie va\u0161ich vec\u00ed maj\u00fa vlastn\u00fd vozov\u00fd park s\u0165ahovac\u00edch vozidiel so vzduchov\u00fdm odpru\u017een\u00edm a zdv\u00edhacie plo\u0161iny. Zabezpe\u010dia prepravu po zemi, \u017eeleznici, letecky a po mori s coln\u00fdm odbaven\u00edm pri pl\u00e1noch na s\u0165ahovanie.<\/p>\n<p>Webov\u00e1 lokalita: <a href=\"https:\/\/www.dbschenker.com\/si-en\/products\/removals\" target=\"_blank\" rel=\"noopener\">https:\/\/www.dbschenker.com\/si-en\/products\/removals<\/a><\/p>\n<h2><strong>2. Premiest\u0148ovanie s.r.o.<\/strong><\/h2>\n<p><img loading=\"lazy\" decoding=\"async\" class=\"alignnone size-full wp-image-9417\" src=\"https:\/\/moverdb.com\/wp-content\/uploads\/Relocations-Ltd-international-moving-company.png\" alt=\"Relocations Ltd medzin\u00e1rodn\u00e9 s\u0165ahovanie spolo\u010dnos\u0165\" width=\"1440\" height=\"673\" data-wp-pid=\"9417\" srcset=\"https:\/\/moverdb.com\/wp-content\/uploads\/Relocations-Ltd-international-moving-company.png 1440w, https:\/\/moverdb.com\/wp-content\/uploads\/Relocations-Ltd-international-moving-company-300x140.png 300w, https:\/\/moverdb.com\/wp-content\/uploads\/Relocations-Ltd-international-moving-company-1024x479.png 1024w, https:\/\/moverdb.com\/wp-content\/uploads\/Relocations-Ltd-international-moving-company-18x8.png 18w, https:\/\/moverdb.com\/wp-content\/uploads\/Relocations-Ltd-international-moving-company-600x280.png 600w\" sizes=\"auto, (max-width: 1440px) 100vw, 1440px\" \/><\/p>\n<ul>\n<li>N\u00e1rodn\u00e9 presuny<\/li>\n<li>Medzin\u00e1rodn\u00e9 s\u0165ahovanie<\/li>\n<li>S\u0165ahovanie dom\u00e1cnost\u00ed<\/li>\n<li>S\u0165ahovanie firiem<\/li>\n<li>Kvalitn\u00e9 balenie<\/li>\n<li>Dopravn\u00e9 opatrenia<\/li>\n<li>Coln\u00e9 konanie<\/li>\n<li>Preprava vozidiel<\/li>\n<li>Imigra\u010dn\u00e9 slu\u017eby<\/li>\n<li>Skladovacie zariadenia<\/li>\n<\/ul>\n<p>Relocations Ltd je spolo\u010dnos\u0165 zalo\u017een\u00e1 v roku 2006 so s\u00eddlom v \u013dub\u013eane. V Slovinsku m\u00e1 t\u00edm odborn\u00edkov na s\u0165ahovanie a vyu\u017e\u00edva overen\u00fdch partnerov v zahrani\u010d\u00ed, ktor\u00ed poskytuj\u00fa nez\u00e1visl\u00e9 slu\u017eby koordin\u00e1cie riadenia s\u0165ahovania. S\u00fa \u010dlenom IAM.<\/p>\n<p>Spolo\u010dnos\u0165 Relocations Ltd pon\u00faka na v\u00fdber miestnu asistenciu alebo kompletn\u00e9 s\u0165ahovacie slu\u017eby na zvl\u00e1dnutie s\u0165ahovania v r\u00e1mci Slovinska, do Slovinska alebo zo Slovinska. Poskytuje slu\u017eby pre dom\u00e1cnosti a firmy, ktor\u00e9 zah\u0155\u0148aj\u00fa prepravu vozidiel a imigra\u010dn\u00e9 slu\u017eby. Zabezpe\u010dia prepravu va\u0161ich vec\u00ed s coln\u00fdm odbaven\u00edm. Pon\u00fakaj\u00fa aj \u010fal\u0161ie slu\u017eby vr\u00e1tane slu\u017eieb pri us\u00edd\u013eovan\u00ed, slu\u017eieb pri odchode, h\u013eadania domova a \u0161koly, orient\u00e1cie, kult\u00farneho vzdel\u00e1vania a slu\u017eieb pre \u00fadr\u017eb\u00e1rov.<\/p>\n<p>Webov\u00e1 lokalita: <a href=\"http:\/\/www.relocations.si\" target=\"_blank\" rel=\"noopener\">http:\/\/www.relocations.si<\/a><\/p>\n<h2><strong>3. Vatovec<\/strong><\/h2>\n<p><img loading=\"lazy\" decoding=\"async\" class=\"alignnone size-full wp-image-9443\" src=\"https:\/\/moverdb.com\/wp-content\/uploads\/Vatovec-international-moving-company.png\" alt=\"Vatovec medzin\u00e1rodn\u00e1 s\u0165ahovacia spolo\u010dnos\u0165\" width=\"1440\" height=\"680\" data-wp-pid=\"9443\" srcset=\"https:\/\/moverdb.com\/wp-content\/uploads\/Vatovec-international-moving-company.png 1440w, https:\/\/moverdb.com\/wp-content\/uploads\/Vatovec-international-moving-company-300x142.png 300w, https:\/\/moverdb.com\/wp-content\/uploads\/Vatovec-international-moving-company-1024x484.png 1024w, https:\/\/moverdb.com\/wp-content\/uploads\/Vatovec-international-moving-company-18x9.png 18w, https:\/\/moverdb.com\/wp-content\/uploads\/Vatovec-international-moving-company-600x283.png 600w\" sizes=\"auto, (max-width: 1440px) 100vw, 1440px\" \/><\/p>\n<ul>\n<li>N\u00e1rodn\u00e9 presuny<\/li>\n<li>Medzin\u00e1rodn\u00e9 premiestnenia<\/li>\n<li>Premiest\u0148ovanie dom\u00e1cnost\u00ed<\/li>\n<li>Premiest\u0148ovanie kancel\u00e1ri\u00ed<\/li>\n<li>Profesion\u00e1lne baliace slu\u017eby<\/li>\n<li>Pozemn\u00e1, leteck\u00e1 a n\u00e1morn\u00e1 doprava<\/li>\n<li>Coln\u00e9 formality<\/li>\n<li>Pohybliv\u00e9 umeleck\u00e9 objekty<\/li>\n<li>Preprava mal\u00fdch zvierat<\/li>\n<li>Skladovacie zariadenia<\/li>\n<\/ul>\n<p>Vatovec je s\u0165ahovacia spolo\u010dnos\u0165 zalo\u017een\u00e1 v roku 1998 so s\u00eddlom v \u013dub\u013eane. M\u00e1 sie\u0165 kvalitn\u00fdch medzin\u00e1rodn\u00fdch partnerov po celom svete, ktor\u00ed pom\u00e1haj\u00fa pri medzin\u00e1rodn\u00fdch s\u0165ahovaniach. S\u00fa \u010dlenom IAM s 25-ro\u010dnou trad\u00edciou a maj\u00fa akredit\u00e1ciu FIDI.<\/p>\n<p>Vatovec pon\u00faka s\u0165ahovacie a s\u0165ahovacie slu\u017eby v r\u00e1mci Slovinska, do Slovinska a zo Slovinska. Poskytuje profesion\u00e1lne baliace slu\u017eby, ktor\u00e9 zabezpe\u010dia bezpe\u010dn\u00e9 zabalenie va\u0161ich vec\u00ed a ich prepravu na miesto ur\u010denia po zemi, letecky alebo po mori s vybaven\u00fdmi coln\u00fdmi formalitami. Ich slu\u017eby v oblasti s\u0165ahovania zah\u0155\u0148aj\u00fa povolenia na pobyt a pr\u00e1cu, vyh\u013ead\u00e1vanie domov a \u0161k\u00f4l, orient\u00e1ciu, vyh\u013ead\u00e1vanie oprav\u00e1rov a remeseln\u00edkov.<\/p>\n<p>Webov\u00e1 lokalita: <a href=\"http:\/\/www.vatovec.si\" target=\"_blank\" rel=\"noopener\">http:\/\/www.vatovec.si<\/a><\/p>","protected":false},"excerpt":{"rendered":"<p>Moving can be a stressful time with a lot of things to arrange especially if you are moving overseas. If you are planning a move within, to or from Slovenia then employing the services of a moving company can help lighten the load. Below we have compiled a list of Slovenia based removal companies that [&hellip;]<\/p>\n","protected":false},"author":4,"featured_media":9351,"parent":190,"menu_order":0,"comment_status":"closed","ping_status":"closed","template":"","meta":{"_genesis_hide_title":false,"_genesis_hide_breadcrumbs":false,"_genesis_hide_singular_image":false,"_genesis_hide_footer_widgets":false,"_genesis_custom_body_class":"","_genesis_custom_post_class":"","_genesis_layout":"","footnotes":""},"class_list":{"0":"post-9525","1":"page","2":"type-page","3":"status-publish","4":"has-post-thumbnail","6":"entry"},"_links":{"self":[{"href":"https:\/\/moverdb.com\/sk\/wp-json\/wp\/v2\/pages\/9525","targetHints":{"allow":["GET"]}}],"collection":[{"href":"https:\/\/moverdb.com\/sk\/wp-json\/wp\/v2\/pages"}],"about":[{"href":"https:\/\/moverdb.com\/sk\/wp-json\/wp\/v2\/types\/page"}],"author":[{"embeddable":true,"href":"https:\/\/moverdb.com\/sk\/wp-json\/wp\/v2\/users\/4"}],"replies":[{"embeddable":true,"href":"https:\/\/moverdb.com\/sk\/wp-json\/wp\/v2\/comments?post=9525"}],"version-history":[{"count":1,"href":"https:\/\/moverdb.com\/sk\/wp-json\/wp\/v2\/pages\/9525\/revisions"}],"predecessor-version":[{"id":9526,"href":"https:\/\/moverdb.com\/sk\/wp-json\/wp\/v2\/pages\/9525\/revisions\/9526"}],"up":[{"embeddable":true,"href":"https:\/\/moverdb.com\/sk\/wp-json\/wp\/v2\/pages\/190"}],"wp:featuredmedia":[{"embeddable":true,"href":"https:\/\/moverdb.com\/sk\/wp-json\/wp\/v2\/media\/9351"}],"wp:attachment":[{"href":"https:\/\/moverdb.com\/sk\/wp-json\/wp\/v2\/media?parent=9525"}],"curies":[{"name":"wp","href":"https:\/\/api.w.org\/{rel}","templated":true}]}}