{"id":9523,"date":"2023-06-08T12:38:02","date_gmt":"2023-06-08T12:38:02","guid":{"rendered":"https:\/\/moverdb.com\/?page_id=9523"},"modified":"2026-01-08T15:30:15","modified_gmt":"2026-01-08T15:30:15","slug":"moving-companies-slovakia","status":"publish","type":"page","link":"https:\/\/moverdb.com\/sk\/moving-companies\/moving-companies-slovakia\/","title":{"rendered":"Najlep\u0161ie medzin\u00e1rodn\u00e9 s\u0165ahovacie spolo\u010dnosti na Slovensku"},"content":{"rendered":"<p>Uva\u017eujete o pres\u0165ahovan\u00ed domu alebo firmy v r\u00e1mci, do alebo z <a href=\"https:\/\/moverdb.com\/sk\/moving-to-slovakia\/\" data-internallinksmanager029f6b8e52c=\"338\" title=\"S\u0165ahovanie na Slovensko? 2026 N\u00e1klady na b\u00fdvanie a tipy na pres\u0165ahovanie\">Slovensko<\/a>? Ak \u00e1no, mo\u017eno budete chcie\u0165 vyu\u017ei\u0165 slu\u017eby s\u0165ahovacieho agenta, aby ste zn\u00ed\u017eili mno\u017estvo pr\u00e1ce a stresu. Ni\u017e\u0161ie sme pre v\u00e1s pripravili zoznam slovensk\u00fdch <a href=\"https:\/\/moverdb.com\/sk\/international-removals\/\" data-internallinksmanager029f6b8e52c=\"27\" title=\"36 najlep\u0161\u00edch medzin\u00e1rodn\u00fdch s\u0165ahovac\u00edch spolo\u010dnost\u00ed v Spojenom kr\u00e1\u013eovstve\">s\u0165ahovacie spolo\u010dnosti<\/a> ktor\u00e9 s\u00fa \u010dlenmi <a href=\"https:\/\/moverdb.com\/sk\/iam\/\" data-internallinksmanager029f6b8e52c=\"23\" title=\"Vysvetlenie Medzin\u00e1rodnej asoci\u00e1cie s\u0165ahovate\u013eov (IAM)\">Medzin\u00e1rodn\u00e1 asoci\u00e1cia s\u0165ahovate\u013eov<\/a> (IAM) a\/alebo <a href=\"https:\/\/moverdb.com\/sk\/fidi-faim\/\" data-internallinksmanager029f6b8e52c=\"16\" title=\"Vysvetlenie FIDI a FAIM (FIDI akreditovan\u00fd medzin\u00e1rodn\u00fd prepravca)\">FIDI<\/a> Akreditovan\u00fd medzin\u00e1rodn\u00fd prepravca (FAIM), ktor\u00fd by v\u00e1m mohol pom\u00f4c\u0165 pri s\u0165ahovan\u00ed.<\/p>\n<h2><strong>Premiestnenie Santa Fe<\/strong><\/h2>\n<p><img loading=\"lazy\" decoding=\"async\" class=\"alignnone size-full wp-image-9422\" src=\"https:\/\/moverdb.com\/wp-content\/uploads\/Santa-Fe-Relocation-Slovakia-international-moving-company.png\" alt=\"Santa Fe Relocation Slovensko medzin\u00e1rodn\u00e9 s\u0165ahovanie spolo\u010dnos\u0165\" width=\"1440\" height=\"677\" data-wp-pid=\"9422\" srcset=\"https:\/\/moverdb.com\/wp-content\/uploads\/Santa-Fe-Relocation-Slovakia-international-moving-company.png 1440w, https:\/\/moverdb.com\/wp-content\/uploads\/Santa-Fe-Relocation-Slovakia-international-moving-company-300x141.png 300w, https:\/\/moverdb.com\/wp-content\/uploads\/Santa-Fe-Relocation-Slovakia-international-moving-company-1024x481.png 1024w, https:\/\/moverdb.com\/wp-content\/uploads\/Santa-Fe-Relocation-Slovakia-international-moving-company-18x8.png 18w, https:\/\/moverdb.com\/wp-content\/uploads\/Santa-Fe-Relocation-Slovakia-international-moving-company-600x282.png 600w\" sizes=\"auto, (max-width: 1440px) 100vw, 1440px\" \/><\/p>\n<ul>\n<li>N\u00e1rodn\u00fd krok<\/li>\n<li>Medzin\u00e1rodn\u00e9 premiestnenia<\/li>\n<li>Premiest\u0148ovanie dom\u00e1cnost\u00ed<\/li>\n<li>Premiest\u0148ovanie firiem<\/li>\n<li>Baliace slu\u017eby<\/li>\n<li>Leteck\u00e1, n\u00e1morn\u00e1 a cestn\u00e1 doprava<\/li>\n<li>Coln\u00e9 konanie<\/li>\n<li>Premiestnenie dom\u00e1ceho zviera\u0165a<\/li>\n<li>V\u00edza a pris\u0165ahovalectvo<\/li>\n<li>Kr\u00e1tkodob\u00e9 a dlhodob\u00e9 skladovanie<\/li>\n<\/ul>\n<p>Santa Fe Relocation je medzin\u00e1rodn\u00e1 spolo\u010dnos\u0165, ktor\u00e1 m\u00e1 64 pobo\u010diek v 38 krajin\u00e1ch. Svoju slovensk\u00fa pobo\u010dku otvorila v roku 2002 v Bratislave. S\u00fa \u010dlenom IAM s 21-ro\u010dnou trad\u00edciou a s\u00fa akreditovan\u00ed FIDI.<\/p>\n<p>Spolo\u010dnos\u0165 Santa Fe Relocation pon\u00faka mo\u017enos\u0165 vybra\u0165 si prieskum priamo na mieste alebo video prieskum a konzult\u00e1ciu pred s\u0165ahovan\u00edm, aby ste mohli vyrie\u0161i\u0165 svoje potreby. Poskytuje baliace slu\u017eby pre va\u0161e veci a n\u00e1bytok a zabezpe\u010d\u00ed leteck\u00fa, n\u00e1morn\u00fa alebo cestn\u00fa prepravu s coln\u00fdm odbaven\u00edm.  Pon\u00fakaj\u00fa r\u00f4zne doplnkov\u00e9 slu\u017eby vr\u00e1tane ochrany z\u00e1sielky, skladovania, vyh\u013ead\u00e1vania domov a \u0161k\u00f4l, slu\u017eieb pri us\u00edd\u013eovan\u00ed, podpory pri odchode, premiest\u0148ovania dom\u00e1cich zvierat, <a href=\"https:\/\/moverdb.com\/sk\/car-transport-shipping\/\" data-internallinksmanager029f6b8e52c=\"2\" title=\"2026 Medzin\u00e1rodn\u00e1 preprava \u00e1ut a cit\u00e1cie prepravy vozidiel\">preprava vozidiel<\/a>a pomoc pri vyd\u00e1van\u00ed v\u00edz a pris\u0165ahovalectve.<\/p>\n<p>Webov\u00e1 lokalita: <a href=\"https:\/\/www.santaferelo.com\/en\/contact\/our-offices\/slovakia-bratislava\/\" target=\"_blank\" rel=\"noopener\">https:\/\/www.santaferelo.com\/en\/contact\/our-offices\/slovakia-bratislava\/<\/a><\/p>\n<h2>\u010eal\u0161\u00ed u\u017eito\u010dn\u00ed sprievodcovia po Slovensku<\/h2>\n<ul>\n<li> <a href=\"https:\/\/moverdb.com\/sk\/moving-to-slovakia\/moving-to-slovakia-from-the-uk\/\">S\u0165ahovanie na Slovensko zo Spojen\u00e9ho kr\u00e1\u013eovstva<\/a><\/li>\n<li> <a href=\"https:\/\/moverdb.com\/sk\/moving-to-slovakia\/\">S\u0165ahovanie na Slovensko? 2024 N\u00e1klady na b\u00fdvanie a tipy na pres\u0165ahovanie<\/a><\/li>\n<\/ul>","protected":false},"excerpt":{"rendered":"<p>Are you thinking of moving home or your business within, to or from Slovakia? If you are then you may want to enlist the services of a moving agent to reduce the work involved and the stress. Below we have compiled a list of Slovakian removal companies that are members of the International Association of [&hellip;]<\/p>\n","protected":false},"author":4,"featured_media":9422,"parent":190,"menu_order":0,"comment_status":"closed","ping_status":"closed","template":"","meta":{"_genesis_hide_title":false,"_genesis_hide_breadcrumbs":false,"_genesis_hide_singular_image":false,"_genesis_hide_footer_widgets":false,"_genesis_custom_body_class":"","_genesis_custom_post_class":"","_genesis_layout":"","footnotes":""},"class_list":{"0":"post-9523","1":"page","2":"type-page","3":"status-publish","4":"has-post-thumbnail","6":"entry"},"_links":{"self":[{"href":"https:\/\/moverdb.com\/sk\/wp-json\/wp\/v2\/pages\/9523","targetHints":{"allow":["GET"]}}],"collection":[{"href":"https:\/\/moverdb.com\/sk\/wp-json\/wp\/v2\/pages"}],"about":[{"href":"https:\/\/moverdb.com\/sk\/wp-json\/wp\/v2\/types\/page"}],"author":[{"embeddable":true,"href":"https:\/\/moverdb.com\/sk\/wp-json\/wp\/v2\/users\/4"}],"replies":[{"embeddable":true,"href":"https:\/\/moverdb.com\/sk\/wp-json\/wp\/v2\/comments?post=9523"}],"version-history":[{"count":3,"href":"https:\/\/moverdb.com\/sk\/wp-json\/wp\/v2\/pages\/9523\/revisions"}],"predecessor-version":[{"id":17867,"href":"https:\/\/moverdb.com\/sk\/wp-json\/wp\/v2\/pages\/9523\/revisions\/17867"}],"up":[{"embeddable":true,"href":"https:\/\/moverdb.com\/sk\/wp-json\/wp\/v2\/pages\/190"}],"wp:featuredmedia":[{"embeddable":true,"href":"https:\/\/moverdb.com\/sk\/wp-json\/wp\/v2\/media\/9422"}],"wp:attachment":[{"href":"https:\/\/moverdb.com\/sk\/wp-json\/wp\/v2\/media?parent=9523"}],"curies":[{"name":"wp","href":"https:\/\/api.w.org\/{rel}","templated":true}]}}