{"id":9518,"date":"2023-06-08T12:39:44","date_gmt":"2023-06-08T12:39:44","guid":{"rendered":"https:\/\/moverdb.com\/?page_id=9518"},"modified":"2026-01-08T15:24:25","modified_gmt":"2026-01-08T15:24:25","slug":"moving-companies-serbia","status":"publish","type":"page","link":"https:\/\/moverdb.com\/sk\/moving-companies\/moving-companies-serbia\/","title":{"rendered":"3 najlep\u0161ie medzin\u00e1rodn\u00e9 s\u0165ahovacie spolo\u010dnosti v Srbsku"},"content":{"rendered":"<p>Ak pl\u00e1nujete s\u0165ahovanie v r\u00e1mci Srbska, do Srbska alebo zo Srbska, mo\u017eno zva\u017eujete vyu\u017ei\u0165 slu\u017eby <a href=\"https:\/\/moverdb.com\/sk\/moving-companies\/\" data-internallinksmanager029f6b8e52c=\"79\" title=\"Top 25 medzin\u00e1rodn\u00fdch s\u0165ahovac\u00edch spolo\u010dnost\u00ed online\">s\u0165ahovacia spolo\u010dnos\u0165<\/a> aby v\u00e1m pomohli s balen\u00edm, prepravou a dokument\u00e1ciou. Ni\u017e\u0161ie sme zostavili zoznam srbsk\u00fdch <a href=\"https:\/\/moverdb.com\/sk\/international-removals\/\" data-internallinksmanager029f6b8e52c=\"27\" title=\"36 najlep\u0161\u00edch medzin\u00e1rodn\u00fdch s\u0165ahovac\u00edch spolo\u010dnost\u00ed v Spojenom kr\u00e1\u013eovstve\">s\u0165ahovacie spolo\u010dnosti<\/a> ktor\u00e9 s\u00fa \u010dlenmi <a href=\"https:\/\/moverdb.com\/sk\/iam\/\" data-internallinksmanager029f6b8e52c=\"23\" title=\"Vysvetlenie Medzin\u00e1rodnej asoci\u00e1cie s\u0165ahovate\u013eov (IAM)\">Medzin\u00e1rodn\u00e1 asoci\u00e1cia s\u0165ahovate\u013eov<\/a> (IAM) a\/alebo <a href=\"https:\/\/moverdb.com\/sk\/fidi-faim\/\" data-internallinksmanager029f6b8e52c=\"16\" title=\"Vysvetlenie FIDI a FAIM (FIDI akreditovan\u00fd medzin\u00e1rodn\u00fd prepravca)\">FIDI<\/a> Akreditovan\u00fd medzin\u00e1rodn\u00fd prepravca (FAIM), ktor\u00fd by v\u00e1m mohol pom\u00f4c\u0165 pri s\u0165ahovan\u00ed.<\/p>\n<h2><strong>1. Balk\u00e1nske relok\u00e1cie<\/strong><\/h2>\n<p><img loading=\"lazy\" decoding=\"async\" class=\"alignnone size-full wp-image-9337\" src=\"https:\/\/moverdb.com\/wp-content\/uploads\/Balkan-Relocations-international-moving-company.png\" alt=\"Balkan Relocations medzin\u00e1rodn\u00e9 s\u0165ahovanie spolo\u010dnos\u0165\" width=\"1440\" height=\"677\" data-wp-pid=\"9337\" srcset=\"https:\/\/moverdb.com\/wp-content\/uploads\/Balkan-Relocations-international-moving-company.png 1440w, https:\/\/moverdb.com\/wp-content\/uploads\/Balkan-Relocations-international-moving-company-300x141.png 300w, https:\/\/moverdb.com\/wp-content\/uploads\/Balkan-Relocations-international-moving-company-1024x481.png 1024w, https:\/\/moverdb.com\/wp-content\/uploads\/Balkan-Relocations-international-moving-company-18x8.png 18w, https:\/\/moverdb.com\/wp-content\/uploads\/Balkan-Relocations-international-moving-company-600x282.png 600w\" sizes=\"auto, (max-width: 1440px) 100vw, 1440px\" \/><\/p>\n<ul>\n<li>Miestne s\u0165ahovanie<\/li>\n<li>Medzin\u00e1rodn\u00e9 s\u0165ahovanie<\/li>\n<li>S\u0165ahovanie dom\u00e1cnost\u00ed<\/li>\n<li>S\u0165ahovanie firiem<\/li>\n<li>Mo\u017enosti balenia<\/li>\n<li>Pozemn\u00e1, n\u00e1morn\u00e1 a leteck\u00e1 doprava<\/li>\n<li>Coln\u00e9 slu\u017eby<\/li>\n<li>Pohyb dom\u00e1cich zvierat<\/li>\n<li>Poistenie<\/li>\n<li>Skladovacie zariadenia<\/li>\n<\/ul>\n<p>Balkan Relocations je s\u0165ahovacia, logistick\u00e1 a prepravn\u00e1 slu\u017eba, ktor\u00e1 p\u00f4sob\u00ed v Belehrade. Je s\u00fa\u010das\u0165ou glob\u00e1lnej siete s\u0165ahovac\u00edch agentov a servisn\u00fdch partnerov, ktor\u00ed im pom\u00e1haj\u00fa poskytova\u0165 slu\u017eby aj mimo Srbska. S\u00fa \u010dlenom IAM so \u0161es\u0165ro\u010dn\u00fdm p\u00f4soben\u00edm.<\/p>\n<p>Spolo\u010dnos\u0165 Balkan Relocations pon\u00faka s\u0165ahovacie slu\u017eby od dver\u00ed k dver\u00e1m s mo\u017enos\u0165ou v\u00fdberu balenia, ktor\u00e9 zah\u0155\u0148a iba krehk\u00e9 balenie, balenie vlastn\u00fdmi silami s poskytnut\u00edm baliacich materi\u00e1lov a kompletn\u00e9 balenie. Poskytuj\u00fa pozemn\u00fa, n\u00e1morn\u00fa alebo leteck\u00fa prepravu po celom svete s colnou asistenciou a poisten\u00edm. Pon\u00fakaj\u00fa aj in\u0161tala\u010dn\u00e9 a mont\u00e1\u017ene slu\u017eby, s\u0165ahovanie dom\u00e1cich zvierat, s\u0165ahovacie slu\u017eby a pomoc pri imigr\u00e1cii.<\/p>\n<p>Webov\u00e1 lokalita: <a href=\"http:\/\/www.balkanrelocations.com\" target=\"_blank\" rel=\"noopener\">http:\/\/www.balkanrelocations.com<\/a><\/p>\n<h2><strong>2. Orphee Beinoglou<\/strong><\/h2>\n<p><img loading=\"lazy\" decoding=\"async\" class=\"alignnone size-full wp-image-9408\" src=\"https:\/\/moverdb.com\/wp-content\/uploads\/Orphee-Beinoglou-Serbia-international-moving-company.png\" alt=\"Orphee Beinoglou Srbsko medzin\u00e1rodn\u00e9 s\u0165ahovanie spolo\u010dnos\u0165\" width=\"1440\" height=\"680\" data-wp-pid=\"9408\" srcset=\"https:\/\/moverdb.com\/wp-content\/uploads\/Orphee-Beinoglou-Serbia-international-moving-company.png 1440w, https:\/\/moverdb.com\/wp-content\/uploads\/Orphee-Beinoglou-Serbia-international-moving-company-300x142.png 300w, https:\/\/moverdb.com\/wp-content\/uploads\/Orphee-Beinoglou-Serbia-international-moving-company-1024x484.png 1024w, https:\/\/moverdb.com\/wp-content\/uploads\/Orphee-Beinoglou-Serbia-international-moving-company-18x9.png 18w, https:\/\/moverdb.com\/wp-content\/uploads\/Orphee-Beinoglou-Serbia-international-moving-company-600x283.png 600w\" sizes=\"auto, (max-width: 1440px) 100vw, 1440px\" \/><\/p>\n<ul>\n<li>Miestne a vn\u00fatro\u0161t\u00e1tne s\u0165ahovanie<\/li>\n<li>Medzin\u00e1rodn\u00e9 s\u0165ahovanie<\/li>\n<li>S\u0165ahovanie dom\u00e1cnost\u00ed<\/li>\n<li>S\u0165ahovanie kancel\u00e1ri\u00ed<\/li>\n<li>Slu\u017eba od dver\u00ed k dver\u00e1m<\/li>\n<li>Baliace slu\u017eby<\/li>\n<li>N\u00e1morn\u00e1, leteck\u00e1 a pozemn\u00e1 doprava<\/li>\n<li>Coln\u00e9 konanie<\/li>\n<li>Poistenie<\/li>\n<li>Slu\u017eby skladovania<\/li>\n<\/ul>\n<p>Spolo\u010dnos\u0165 Orphee Beinoglou je poskytovate\u013eom n\u00e1kladnej dopravy a logistiky zalo\u017een\u00fdm v roku 1923 v <a href=\"https:\/\/moverdb.com\/sk\/moving-to-greece\/\" data-internallinksmanager029f6b8e52c=\"353\" title=\"S\u0165ahovanie do Gr\u00e9cka? 2026 N\u00e1klady na b\u00fdvanie a tipy na pres\u0165ahovanie\">Gr\u00e9cko<\/a> s dc\u00e9rskymi spolo\u010dnos\u0165ami na Balk\u00e1ne a vo v\u00fdchodnom Stredomor\u00ed. Ich pobo\u010dka v Srbsku sa nach\u00e1dza v Belehrade. Na podporu poskytovania slu\u017eieb v in\u00fdch krajin\u00e1ch vyu\u017e\u00edvaj\u00fa glob\u00e1lnu sie\u0165. S\u00fa \u010dlenom IAM so \u0161tvorro\u010dn\u00fdm p\u00f4soben\u00edm.<\/p>\n<p>Orphee Beinglou pon\u00faka osobn\u00e9 s\u0165ahovacie slu\u017eby od dver\u00ed k dver\u00e1m s prieskumom pred s\u0165ahovan\u00edm, ktor\u00fd v\u00e1m pom\u00f4\u017ee napl\u00e1nova\u0165 s\u0165ahovanie. Poskytuj\u00fa baliace slu\u017eby s pou\u017eit\u00edm \u0161pecializovan\u00fdch obalov\u00fdch materi\u00e1lov a vy\u0161kolen\u00fdch t\u00edmov. Va\u0161e veci prepravia po mori, letecky alebo po zemi a pom\u00f4\u017eu v\u00e1m s coln\u00fdm odbaven\u00edm pred doru\u010den\u00edm va\u0161ich vec\u00ed a ich vybalen\u00edm.<\/p>\n<p>Webov\u00e1 lokalita: <a href=\"https:\/\/orbit.rs\" target=\"_blank\" rel=\"noopener\">https:\/\/orbit.rs<\/a><\/p>\n<h2><strong>3. V\u00edzia 4 Logistika<\/strong><\/h2>\n<p><img loading=\"lazy\" decoding=\"async\" class=\"alignnone size-full wp-image-9444\" src=\"https:\/\/moverdb.com\/wp-content\/uploads\/Vision-4-Logistics-international-moving-company.png\" alt=\"Vision 4 Logistics medzin\u00e1rodn\u00e9 s\u0165ahovanie spolo\u010dnos\u0165\" width=\"1440\" height=\"678\" data-wp-pid=\"9444\" srcset=\"https:\/\/moverdb.com\/wp-content\/uploads\/Vision-4-Logistics-international-moving-company.png 1440w, https:\/\/moverdb.com\/wp-content\/uploads\/Vision-4-Logistics-international-moving-company-300x141.png 300w, https:\/\/moverdb.com\/wp-content\/uploads\/Vision-4-Logistics-international-moving-company-1024x482.png 1024w, https:\/\/moverdb.com\/wp-content\/uploads\/Vision-4-Logistics-international-moving-company-18x8.png 18w, https:\/\/moverdb.com\/wp-content\/uploads\/Vision-4-Logistics-international-moving-company-600x283.png 600w\" sizes=\"auto, (max-width: 1440px) 100vw, 1440px\" \/><\/p>\n<ul>\n<li>Miestne s\u0165ahovanie<\/li>\n<li>Medzin\u00e1rodn\u00e9 s\u0165ahovanie<\/li>\n<li>S\u0165ahovanie dom\u00e1cnost\u00ed<\/li>\n<li>S\u0165ahovanie firiem<\/li>\n<li>Slu\u017eba od dver\u00ed k dver\u00e1m<\/li>\n<li>N\u00e1morn\u00e1, cestn\u00e1, \u017eelezni\u010dn\u00e1 a leteck\u00e1 n\u00e1kladn\u00e1 doprava<\/li>\n<li>V\u00fdber mo\u017enost\u00ed za\u0165a\u017eenia<\/li>\n<li>Coln\u00e9 sprostredkovanie<\/li>\n<li>Poistenie v\u0161etk\u00fdch riz\u00edk<\/li>\n<li>Skladovacie zariadenia<\/li>\n<\/ul>\n<p>Vision 4 Logistics je \u0161pedi\u010dn\u00e1 spolo\u010dnos\u0165 zalo\u017een\u00e1 v roku 2018 so s\u00eddlom v Belehrade. Zabezpe\u010duje medzin\u00e1rodn\u00e9 presuny prostredn\u00edctvom svojej siete vybran\u00fdch agentov po celom svete. S\u00fa \u010dlenom IAM s p\u00e4\u0165ro\u010dn\u00fdm p\u00f4soben\u00edm.<\/p>\n<p>Vision 4 Logistics poskytuje s\u0165ahovacie slu\u017eby od dver\u00ed k dver\u00e1m pre miestne a medzin\u00e1rodn\u00e9 s\u0165ahovanie. Disponuj\u00fa profesion\u00e1lnym person\u00e1lom a vybaven\u00edm ur\u010den\u00fdm na pomoc pri s\u0165ahovan\u00ed dom\u00e1cnost\u00ed a firemn\u00fdch klientov. Pon\u00fakaj\u00fa \u017eelezni\u010dn\u00fa, leteck\u00fa, cestn\u00fa a n\u00e1morn\u00fa prepravu, ktor\u00e1 zah\u0155\u0148a prepravu pln\u00fdch kontajnerov, menej ako kontajnerov\u00fdch n\u00e1kladov, pln\u00fdch n\u00e1kladn\u00fdch vozidiel a menej ako n\u00e1kladn\u00fdch vozidiel. Ako prevent\u00edvne opatrenie poskytuj\u00fa poistenie v\u0161etk\u00fdch riz\u00edk.<\/p>\n<p>Webov\u00e1 lokalita: <a href=\"http:\/\/www.v4l.rs\" target=\"_blank\" rel=\"noopener\">http:\/\/www.v4l.rs<\/a><\/p>","protected":false},"excerpt":{"rendered":"<p>If you are planning a move within, to or from Serbia, you may be considering employing the services of a moving company to assist you with packing, transportation and documentation. Below we have compiled a list of Serbian removal companies that are members of the International Association of Movers (IAM) and\/or FIDI Accredited International Mover [&hellip;]<\/p>\n","protected":false},"author":4,"featured_media":9337,"parent":190,"menu_order":0,"comment_status":"closed","ping_status":"closed","template":"","meta":{"_genesis_hide_title":false,"_genesis_hide_breadcrumbs":false,"_genesis_hide_singular_image":false,"_genesis_hide_footer_widgets":false,"_genesis_custom_body_class":"","_genesis_custom_post_class":"","_genesis_layout":"","footnotes":""},"class_list":{"0":"post-9518","1":"page","2":"type-page","3":"status-publish","4":"has-post-thumbnail","6":"entry"},"_links":{"self":[{"href":"https:\/\/moverdb.com\/sk\/wp-json\/wp\/v2\/pages\/9518","targetHints":{"allow":["GET"]}}],"collection":[{"href":"https:\/\/moverdb.com\/sk\/wp-json\/wp\/v2\/pages"}],"about":[{"href":"https:\/\/moverdb.com\/sk\/wp-json\/wp\/v2\/types\/page"}],"author":[{"embeddable":true,"href":"https:\/\/moverdb.com\/sk\/wp-json\/wp\/v2\/users\/4"}],"replies":[{"embeddable":true,"href":"https:\/\/moverdb.com\/sk\/wp-json\/wp\/v2\/comments?post=9518"}],"version-history":[{"count":1,"href":"https:\/\/moverdb.com\/sk\/wp-json\/wp\/v2\/pages\/9518\/revisions"}],"predecessor-version":[{"id":9519,"href":"https:\/\/moverdb.com\/sk\/wp-json\/wp\/v2\/pages\/9518\/revisions\/9519"}],"up":[{"embeddable":true,"href":"https:\/\/moverdb.com\/sk\/wp-json\/wp\/v2\/pages\/190"}],"wp:featuredmedia":[{"embeddable":true,"href":"https:\/\/moverdb.com\/sk\/wp-json\/wp\/v2\/media\/9337"}],"wp:attachment":[{"href":"https:\/\/moverdb.com\/sk\/wp-json\/wp\/v2\/media?parent=9518"}],"curies":[{"name":"wp","href":"https:\/\/api.w.org\/{rel}","templated":true}]}}