{"id":944,"date":"2016-09-04T13:58:08","date_gmt":"2016-09-04T13:58:08","guid":{"rendered":"http:\/\/moverdb.com\/?page_id=944"},"modified":"2026-01-08T14:48:19","modified_gmt":"2026-01-08T14:48:19","slug":"nadmerne-medzinarodne-stahovanie","status":"publish","type":"page","link":"https:\/\/moverdb.com\/sk\/excess-international-movers\/","title":{"rendered":"Nadmern\u00e9 medzin\u00e1rodn\u00e9 s\u0165ahovanie: Medzin\u00e1rodn\u00e9 s\u0165ahovanie Recenzie"},"content":{"rendered":"<p>Spolo\u010dnos\u0165 Excess International Movers pon\u00faka firemn\u00fdm klientom, jednotlivcom a rodin\u00e1m \u0161irok\u00fa \u0161k\u00e1lu slu\u017eieb, ktor\u00e9 s\u00fa uveden\u00e9 ni\u017e\u0161ie. Nasleduje aj profil spolo\u010dnosti a recenzie.<\/p>\n<p><strong><a href=\"https:\/\/moverdb.com\/sk\/international-removals\/\" data-internallinksmanager029f6b8e52c=\"27\" title=\"36 najlep\u0161\u00edch medzin\u00e1rodn\u00fdch s\u0165ahovac\u00edch spolo\u010dnost\u00ed v Spojenom kr\u00e1\u013eovstve\">Medzin\u00e1rodn\u00e9 s\u0165ahovanie<\/a><\/strong><\/p>\n<ul>\n<li> Leteck\u00e1, n\u00e1morn\u00e1 alebo cestn\u00e1 doprava<\/li>\n<li> Slu\u017eba od dver\u00ed k dver\u00e1m<\/li>\n<li> \u0160pecializovan\u00e9 slu\u017eby pre medzin\u00e1rodn\u00e9 pres\u0165ahovanie<\/li>\n<li> koordin\u00e1tor s\u0165ahovania, ktor\u00fd organizuje s\u0165ahovanie od za\u010diatku a\u017e do konca a odpoved\u00e1 na v\u0161etky ot\u00e1zky<\/li>\n<li> Baliace a s\u0165ahovacie slu\u017eby na balenie majetku do najlep\u0161\u00edch priemyselne schv\u00e1len\u00fdch baliacich materi\u00e1lov - tie\u017e poskytovan\u00e9 spolo\u010dnos\u0165ou Excess International Movers<\/li>\n<li> Odstr\u00e1nenia nalo\u017een\u00e9 na <a href=\"https:\/\/moverdb.com\/sk\/kontajnerova-preprava\/\">prepravn\u00fd kontajner<\/a> alebo prevezen\u00e9 na nalo\u017eenie na leteck\u00e9 plavidlo<\/li>\n<li> Tovar sa precl\u00ed, doru\u010d\u00ed a vylo\u017e\u00ed vo va\u0161om novom domove, kancel\u00e1rii, hoteli alebo na inom kone\u010dnom mieste - alebo sa d\u00e1 vyzdvihn\u00fa\u0165 na vybranom letisku.<\/li>\n<li> Poplatky za medzin\u00e1rodn\u00e9 s\u0165ahovanie, coln\u00e9 odbavenie a termin\u00e1lov\u00e9 poplatky<\/li>\n<\/ul>\n<p><strong>Eur\u00f3pske s\u0165ahovanie<\/strong><\/p>\n<ul>\n<li> Slu\u017eba od dver\u00ed k dver\u00e1m<\/li>\n<li> Vyhraden\u00e1 priama slu\u017eba. Va\u0161e veci sa zabalia u v\u00e1s doma, nalo\u017eia a prepravia priamo do v\u00e1\u0161ho nov\u00e9ho domova v Eur\u00f3pe. D\u00e1tum doru\u010denia si vyberiete pod\u013ea svojich potrieb. <\/li>\n<li> Spolo\u010dn\u00e9 za\u0165a\u017eenie. Vhodn\u00e9, ak chcete prepravova\u0165 tovar v men\u0161\u00edch z\u00e1sielkach, pri ktor\u00fdch je \u010dasov\u00fd harmonogram menej d\u00f4le\u017eit\u00fd. Hoci z\u00e1kazn\u00edkom st\u00e1le pon\u00fakame pevn\u00fd d\u00e1tum vyzdvihnutia, pred vyzdvihnut\u00edm v\u00e1m poskytneme \u010dasov\u00e9 okno na doru\u010denie a d\u00e1tum doru\u010denia sa potvrd\u00ed po dokon\u010den\u00ed harmonogramu zdie\u013ean\u00e9ho n\u00e1kladu.<\/li>\n<li> \u0161pecializovan\u00fd koordin\u00e1tor s\u0165ahovania, ktor\u00fd odpoved\u00e1 na ot\u00e1zky a organizuje s\u0165ahovanie E\u00da od za\u010diatku a\u017e do konca<\/li>\n<li> Eur\u00f3pske s\u0165ahovanie vr\u00e1tane profesion\u00e1lnych baliacich slu\u017eieb s pou\u017eit\u00edm priemyselne schv\u00e1len\u00fdch baliacich materi\u00e1lov, aby bol v\u00e1\u0161 majetok po\u010das prepravy v bezpe\u010d\u00ed.<\/li>\n<li> S\u0165ahovanie vyzdvihnutie, doru\u010denie a n\u00e1sledn\u00e9 vybalenie do v\u00e1\u0161ho nov\u00e9ho domova so v\u0161etk\u00fdm obsahom umiestnen\u00fdm pod\u013ea potreby.<\/li>\n<\/ul>\n<p><strong>Slu\u017eby skladovania<\/strong><\/p>\n<ul>\n<li> 24-hodinov\u00e1 ochrana<\/li>\n<li> Pr\u00edstup k tovaru si vy\u017eaduje ozn\u00e1menie a m\u00f4\u017ee by\u0165 spoplatnen\u00fd<\/li>\n<li> \u0160tudentsk\u00e9 z\u013eavy na skladovanie<\/li>\n<li> Skladovanie v kontajneroch<\/li>\n<\/ul>\n<p><strong>Slu\u017eby pre \u0161tudentov<\/strong><\/p>\n<ul>\n<li> \u0160peci\u00e1lne z\u013eavnen\u00e9 mini pohyby<\/li>\n<li> \u0160peci\u00e1lna mo\u017enos\u0165 skladovania 5 boxov so z\u013eavou<\/li>\n<li> \u0160tudent <a href=\"https:\/\/moverdb.com\/sk\/prepravne-spolocnosti\/\">medzin\u00e1rodn\u00e1 preprava<\/a><\/li>\n<\/ul>\n<p><strong>\u010eal\u0161ie slu\u017eby<\/strong><\/p>\n<ul>\n<li> Preprava bato\u017einy<\/li>\n<li> Bato\u017eina bez sprievodu<\/li>\n<li> Nadmern\u00e1 bato\u017eina<\/li>\n<li> <a href=\"https:\/\/moverdb.com\/sk\/automobilova-doprava-a-preprava\/\">Preprava vozidiel<\/a><\/li>\n<li> S\u0165ahovanie firiem<\/li>\n<li> Doprava v\u00fdtvarn\u00e9ho umenia<\/li>\n<li> Dovoz<\/li>\n<\/ul>\n<h2>Profil spolo\u010dnosti Excess International Movers<\/h2>\n<p>Spolo\u010dnos\u0165 Excess International Movers existuje u\u017e viac ako 30 rokov a ro\u010dne spracuje viac ako 50 000 z\u00e1sielok na medzin\u00e1rodnej aj miestnej \u00farovni. Tvrdia, \u017ee zvl\u00e1dnu ak\u00fdko\u013evek rozsah s\u0165ahovania a urobia to v akomko\u013evek rozumnom \u010dasovom r\u00e1mci. Spolo\u010dnos\u0165 Excess International Movers tvrd\u00ed, \u017ee prepravuje do viac ako 25 000 destin\u00e1ci\u00ed po celom svete.<\/p>\n<p>Spolo\u010dnos\u0165 pokr\u00fdva v\u0161etky aspekty s\u0165ahovania do zahrani\u010dia, od \u00favodnej ponuky a\u017e po slu\u017eby spojen\u00e9 s usaden\u00edm sa v cie\u013eovej krajine. Poskytuje rie\u0161enia prepravy pre jednotlivcov, rodiny a spolo\u010dnosti vr\u00e1tane mnoh\u00fdch v\u00fdznamn\u00fdch spolo\u010dnost\u00ed.<\/p>\n<p>Akredit\u00e1cie a pr\u00edslu\u0161nos\u0165 spolo\u010dnosti Excess International Movers:<\/p>\n<ul>\n<li> <a href=\"https:\/\/moverdb.com\/sk\/britska-asociacia-vyrobcov\/\">Britsk\u00e1 asoci\u00e1cia s\u0165ahova\u010dov<\/a> (<a href=\"https:\/\/moverdb.com\/sk\/british-association-of-removers\/\" data-internallinksmanager029f6b8e52c=\"9\" title=\"Vysvetlenie Britskej asoci\u00e1cie s\u0165ahovate\u013eov (BAR)\">BAR<\/a>)<\/li>\n<li> <a href=\"https:\/\/moverdb.com\/sk\/fidi-faim\/\">Feder\u00e1cia medzin\u00e1rodn\u00fdch s\u0165ahov\u00e1kov n\u00e1bytku<\/a> (<a href=\"https:\/\/moverdb.com\/sk\/fidi-faim\/\" data-internallinksmanager029f6b8e52c=\"16\" title=\"Vysvetlenie FIDI a FAIM (FIDI akreditovan\u00fd medzin\u00e1rodn\u00fd prepravca)\">FIDI<\/a>)<\/li>\n<li> <a href=\"https:\/\/moverdb.com\/sk\/hgfaa\/\">Asoci\u00e1cia americk\u00fdch zasielate\u013eov tovaru pre dom\u00e1cnos\u0165<\/a> (HHGFAA)<\/li>\n<li> <a href=\"https:\/\/moverdb.com\/sk\/fidi-faim\/\">FAIM Plus<\/a><\/li>\n<li> <a href=\"https:\/\/moverdb.com\/sk\/mtc\/\">Obchodn\u00fd klub Movers<\/a> (<a href=\"https:\/\/moverdb.com\/sk\/mtc\/\" data-internallinksmanager029f6b8e52c=\"30\" title=\"Vysvetlenie Movers Trading Club (MTC)\">MTC<\/a>)<\/li>\n<li> Str\u00e1nka <a href=\"https:\/\/moverdb.com\/sk\/som\/\">Medzin\u00e1rodn\u00e1 asoci\u00e1cia s\u0165ahovate\u013eov<\/a> (<a href=\"https:\/\/moverdb.com\/sk\/iam\/\" data-internallinksmanager029f6b8e52c=\"23\" title=\"Vysvetlenie Medzin\u00e1rodnej asoci\u00e1cie s\u0165ahovate\u013eov (IAM)\">IAM<\/a>)<\/li>\n<li> ISO 9001<\/li>\n<\/ul>\n<h2>Nadmern\u00e9 medzin\u00e1rodn\u00e9 Movers Recenzie<\/h2>\n<p><strong>Pozit\u00edvne<\/strong><\/p>\n<ul>\n<li> <em>\"Od za\u010diatku bolo pr\u00edjemn\u00e9 obchodova\u0165 s Excess Internationl Movers. Maj\u00fa ve\u013emi prijate\u013en\u00e9 ceny a preved\u00fa v\u00e1s cel\u00fdm procesom. Vyzdvihnutie a doru\u010denie bolo bezprobl\u00e9mov\u00e9 a so slu\u017ebami som nemohol by\u0165 spokojnej\u0161\u00ed. Vrelo odpor\u00fa\u010dam.\"<\/em> - Pani Sophie Hay prostredn\u00edctvom <a href=\"http:\/\/www.excess-international.com\/reviews\" target=\"_blank\" rel=\"noopener\">str\u00e1nka s recenziami spolo\u010dnosti<\/a><\/li>\n<li> <em>\"Brilantn\u00e9 slu\u017eby od ponuky po lo\u010f. T\u00fato spolo\u010dnos\u0165 vrelo odpor\u00fa\u010dame.\"<\/em> - Lisa prostredn\u00edctvom <a href=\"https:\/\/uk.trustpilot.com\/reviews\/57bc88a00000ff00097f3cfc\" target=\"_blank\" rel=\"noopener\">Trustpilot<\/a>.<\/li>\n<li> <em>\"Ned\u00e1vno sme sa pres\u0165ahovali z <a href=\"https:\/\/moverdb.com\/sk\/moving-to-the-uk\/\" data-internallinksmanager029f6b8e52c=\"93\" title=\"S\u0165ahujete sa do Spojen\u00e9ho kr\u00e1\u013eovstva? 2022 \u017divotn\u00e9 n\u00e1klady a tipy na pres\u0165ahovanie\">UK<\/a> na <a href=\"https:\/\/moverdb.com\/sk\/moving-to-canada\/\" data-internallinksmanager029f6b8e52c=\"265\" title=\"S\u0165ahovanie do Kanady? 2026 N\u00e1klady na b\u00fdvanie a tipy na pres\u0165ahovanie\">Kanada<\/a>, a spolo\u010dnos\u0165 Excess International sa postarala o to, aby bol cel\u00fd proces ve\u013emi bezbolestn\u00fd. Cenov\u00e1 ponuka bola celkom presn\u00e1 (kone\u010dn\u00e9 n\u00e1klady boli v skuto\u010dnosti o nie\u010do ni\u017e\u0161ie ako p\u00f4vodn\u00e1 cenov\u00e1 ponuka, \u010do bolo dobr\u00e9 - \u017eiadne nepr\u00edjemn\u00e9 prekvapenie na posledn\u00fa chv\u00ed\u013eu), bali\u010di odviedli skvel\u00fa pr\u00e1cu a Attila ochotne odpovedal na v\u0161etky na\u0161e ot\u00e1zky.\"<\/em> - prostredn\u00edctvom <a href=\"http:\/\/www.reviewcentre.com\/Removal-Companies\/Excess-International-Movers-www-excess-international-com-review_2391382\" target=\"_blank\" rel=\"noopener\">Recenzn\u00e9 centrum<\/a><\/li>\n<li> <em>\"Mu\u017ei, ktor\u00ed pri\u0161li vykona\u0165 s\u0165ahovanie a balenie dom\u00e1cnosti, boli absol\u00fatne #1 - prvotriedni so v\u0161etk\u00fdm, oddan\u00ed pracovn\u00edci a ve\u013emi zdvoril\u00ed.\"<\/em> - Anton prostredn\u00edctvom <a href=\"http:\/\/www.shipping-international.com\/companies\/excess-international-movers.html\" target=\"_blank\" rel=\"noopener\">Shipping-International.com<\/a><\/li>\n<\/ul>\n<p><strong>Negat\u00edvne<\/strong><\/p>\n<ul>\n<li> <em>\"Po z\u00edskan\u00ed nieko\u013ek\u00fdch cenov\u00fdch pon\u00fak sme mali pocit, \u017ee sme sa rozhodli dobre, ale bohu\u017eia\u013e to nedopadlo pod\u013ea na\u0161ich predst\u00e1v.\"<\/em> - Lee\/Pani Alexandria prostredn\u00edctvom <a href=\"https:\/\/uk.trustpilot.com\/reviews\/57b38afd0000ff00097cab0e\" target=\"_blank\" rel=\"noopener\">Trustpilot<\/a><\/li>\n<li> <em>\"St\u00e1le m\u00e1me probl\u00e9m, ktor\u00fd sa datuje od za\u010diatku roka (2015) so spolo\u010dnos\u0165ou EIM, ke\u010f n\u00e1\u0161 kontajner dorazil na NZ zo Spojen\u00e9ho kr\u00e1\u013eovstva. Zamestnanci spolo\u010dnosti EIM v Spojenom kr\u00e1\u013eovstve zalepili dieru v streche kontajnera vlastnou baliacou p\u00e1skou.\"<\/em> - Robert Snijders prostredn\u00edctvom <a href=\"http:\/\/www.removalreviews.co.uk\/movingreviews\/move-from-uk-to-nz-10229\" target=\"_blank\" rel=\"noopener\">Recenzie o s\u0165ahovan\u00ed<\/a><\/li>\n<li> <em>\"\u017dalostn\u00e9 slu\u017eby a \u017eiadna spr\u00e1vna komunik\u00e1cia. V\u00f4bec neodpor\u00fa\u010dam pou\u017e\u00edva\u0165 t\u00fdchto \u013eud\u00ed. Moja interakcia bola ve\u013emi sklaman\u00edm a frustruj\u00faca.\"<\/em> - prostredn\u00edctvom <a href=\"http:\/\/www.reviewcentre.com\/Removal-Companies\/Excess-International-Movers-www-excess-international-com-review_3918175\" target=\"_blank\" rel=\"noopener\">Recenzn\u00e9 centrum<\/a><\/li>\n<li> <em>\"Absol\u00fatne pr\u00ed\u0161ern\u00e1 spolo\u010dnos\u0165, s ktorou som sa musel vysporiada\u0165, c\u00edtil som sa, akoby som s nimi hovoril po telef\u00f3ne s vym\u00e1ha\u010dom dlhov.\" -<br \/>\nWill B. prostredn\u00edctvom <a href=\"https:\/\/www.yelp.co.uk\/biz\/excess-international-movers-london-2?hrid=gh9RC6mlebc__fP5wR0Q8g&#038;utm_campaign=www_review_share_popup&#038;utm_medium=copy_link&#038;utm_source=(direct)\" target=\"_blank\" rel=\"noopener\">Yelp<\/a><\/em><\/li>\n<\/ul>\n<div itemprop=\"review\" itemscope itemtype=\"http:\/\/schema.org\/Review\">\n<span itemprop=\"author\" itemscope=\"\" itemtype=\"http:\/\/schema.org\/Organization\"><span itemprop=\"name\">MoverDB.com<\/span><\/span> Online preh\u013ead webov\u00fdch str\u00e1nok pre <span itemprop=\"itemreviewed\" itemscope=\"\" itemtype=\"http:\/\/schema.org\/Brand\"><span itemprop=\"name\">Nadmern\u00e9 medzin\u00e1rodn\u00e9 s\u0165ahovanie<\/span><\/span>:<\/p>\n<ol>\n<li> Jasn\u00e9 kontaktn\u00e9 \u00fadaje na webovej str\u00e1nke (vr\u00e1tane telef\u00f3nneho \u010d\u00edsla): <strong>\u00c1no<\/strong><\/li>\n<li> Jednoduch\u00e9 z\u00edskanie <a href=\"https:\/\/moverdb.com\/sk\/citaty\/\">cit\u00e1cie medzin\u00e1rodn\u00fdch s\u0165ahovan\u00ed<\/a>? (Online formul\u00e1r \u017eiadosti o odhad): <strong>\u00c1no<\/strong><\/li>\n<li> Jasn\u00e9 inform\u00e1cie na webovej str\u00e1nke: <strong>\u00c1no,<\/strong> Inform\u00e1cie na webovej str\u00e1nke s\u00fa pomerne podrobn\u00e9 a poskytuj\u00fa potenci\u00e1lnym klientom dobr\u00fa predstavu o ponuke.<\/li>\n<li> \u010dlenstvo v medzin\u00e1rodn\u00fdch uzn\u00e1van\u00fdch organiz\u00e1ci\u00e1ch pohybliv\u00fdch zvierat: <strong>\u00c1no<\/strong>, pozri vy\u0161\u0161ie.<\/li>\n<li> Zoznam klientov a\/alebo referencie predch\u00e1dzaj\u00facich z\u00e1kazn\u00edkov: <strong>\u00c1no,<\/strong> Na ich webovej str\u00e1nke je ve\u013ea pozit\u00edvnych referenci\u00ed z\u00e1kazn\u00edkov, hoci inde s\u00fa recenzie trochu zmie\u0161anej\u0161ie.<\/li>\n<\/ol>\n<div itemprop=\"reviewRating\" itemscope itemtype=\"http:\/\/schema.org\/Rating\"><meta itemprop=\"worstRating\" content = \"0\" \/><meta itemprop=\"bestRating\" content=\"5\" \/><meta itemprop=\"ratingValue\" content=\"4\"><\/div>\n<p><strong>Celkov\u00e9 hodnotenie: 4\/5<\/strong><br \/>\n<strong>D\u00e1tum recenzie:<\/strong> <span itemprop=\"datePublished\" content=\"2016-09-04\">04\/09\/2016<\/span>\n<\/div>\n<p>Zistite viac o <a href=\"https:\/\/moverdb.com\/sk\/medzinarodne-stahovanie\/\">medzin\u00e1rodn\u00e9 s\u0165ahovanie<\/a> a na\u0161e <a href=\"https:\/\/moverdb.com\/sk\/recenzie\/\">proces presk\u00famania<\/a>.<\/p>\n<p><strong>Webov\u00e1 lokalita:<\/strong> <a href=\"http:\/\/www.excess-international.com\/\" target=\"_blank\" rel=\"noopener\">http:\/\/www.excess-international.com<\/a><\/p>","protected":false},"excerpt":{"rendered":"<p>Excess International Movers offer corporate clients, individuals and families a wide range of services which are listed below. There also follows a company profile and reviews. International Removals Air, sea or road Door to door service Dedicated service for international relocations A move co-ordinator to organise removals from start to finish and answer any queries [&hellip;]<\/p>\n","protected":false},"author":1,"featured_media":0,"parent":0,"menu_order":0,"comment_status":"closed","ping_status":"closed","template":"","meta":{"_genesis_hide_title":false,"_genesis_hide_breadcrumbs":false,"_genesis_hide_singular_image":false,"_genesis_hide_footer_widgets":false,"_genesis_custom_body_class":"","_genesis_custom_post_class":"","_genesis_layout":"","footnotes":""},"class_list":{"0":"post-944","1":"page","2":"type-page","3":"status-publish","5":"entry"},"_links":{"self":[{"href":"https:\/\/moverdb.com\/sk\/wp-json\/wp\/v2\/pages\/944","targetHints":{"allow":["GET"]}}],"collection":[{"href":"https:\/\/moverdb.com\/sk\/wp-json\/wp\/v2\/pages"}],"about":[{"href":"https:\/\/moverdb.com\/sk\/wp-json\/wp\/v2\/types\/page"}],"author":[{"embeddable":true,"href":"https:\/\/moverdb.com\/sk\/wp-json\/wp\/v2\/users\/1"}],"replies":[{"embeddable":true,"href":"https:\/\/moverdb.com\/sk\/wp-json\/wp\/v2\/comments?post=944"}],"version-history":[{"count":8,"href":"https:\/\/moverdb.com\/sk\/wp-json\/wp\/v2\/pages\/944\/revisions"}],"predecessor-version":[{"id":6207,"href":"https:\/\/moverdb.com\/sk\/wp-json\/wp\/v2\/pages\/944\/revisions\/6207"}],"wp:attachment":[{"href":"https:\/\/moverdb.com\/sk\/wp-json\/wp\/v2\/media?parent=944"}],"curies":[{"name":"wp","href":"https:\/\/api.w.org\/{rel}","templated":true}]}}