{"id":942,"date":"2016-09-04T17:22:17","date_gmt":"2016-09-04T17:22:17","guid":{"rendered":"http:\/\/moverdb.com\/?page_id=942"},"modified":"2026-01-08T14:47:57","modified_gmt":"2026-01-08T14:47:57","slug":"city-moving-storage","status":"publish","type":"page","link":"https:\/\/moverdb.com\/sk\/city-moving-storage\/","title":{"rendered":"City Moving and Storage: Medzin\u00e1rodn\u00e9 s\u0165ahovanie Recenzie"},"content":{"rendered":"<p>Spolo\u010dnos\u0165 City Moving and Storage pon\u00faka zahrani\u010dn\u00e9 aj miestne s\u0165ahovanie pre firemn\u00fdch aj s\u00fakromn\u00fdch klientov. Nasleduje zoznam t\u00fdchto slu\u017eieb spolu s profilom spolo\u010dnosti a recenziami.<\/p>\n<p><strong>Pozn\u00e1mka:<\/strong> Spolo\u010dnos\u0165 City Moving and Storage by sa nemala zamie\u0148a\u0165 so spolo\u010dnos\u0165ou City Removals, \u010do je samostatn\u00e1 spolo\u010dnos\u0165, ktor\u00e1 tie\u017e zm\u00e4to\u010dne pon\u00faka <a href=\"https:\/\/moverdb.com\/sk\/medzinarodne-stahovanie\/\">medzin\u00e1rodn\u00e9 s\u0165ahovanie<\/a>.<\/p>\n<p><strong>S\u0165ahovacie slu\u017eby<\/strong><\/p>\n<ul>\n<li> Vyba\u013eovanie a odstra\u0148ovanie trosiek Kompletn\u00e9 balenie<\/li>\n<li> Umiest\u0148ovanie staro\u017eitnost\u00ed a v\u00fdtvarn\u00e9ho umenia<\/li>\n<li> Slu\u017eby n\u00e1mornej prepravy LCL (menej ako kontajnerov\u00fd n\u00e1klad) alebo FCL (pln\u00fd kontajnerov\u00fd n\u00e1klad) <a href=\"https:\/\/moverdb.com\/sk\/kontajnerova-preprava\/\">kontajnerov\u00e1 preprava<\/a>.<\/li>\n<li> T\u00fd\u017edenn\u00e9 s\u0165ahovacie slu\u017eby do Eur\u00f3py<\/li>\n<li> Coln\u00e9 odbavenie a formality<\/li>\n<li> Vyba\u013eovanie a odstra\u0148ovanie trosiek<\/li>\n<\/ul>\n<p><strong>Slu\u017eby skladovania<\/strong><\/p>\n<ul>\n<li> Nakladanie kontajnerov<\/li>\n<li> Baliace kontajnery<\/li>\n<li> Tesnenie kontajnerov<\/li>\n<li> Ukladanie kontajnerov<\/li>\n<\/ul>\n<h2>Profil spolo\u010dnosti City Moving and Storage<\/h2>\n<p>Spolo\u010dnos\u0165 City Moving and Storage je s\u00fakromn\u00e1 spolo\u010dnos\u0165 s ru\u010den\u00edm obmedzen\u00fdm, ktor\u00e1 za\u010dala svoju \u010dinnos\u0165 v roku 1986. Jej s\u00eddlo sa nach\u00e1dza v <a href=\"https:\/\/moverdb.com\/sk\/moving-to-london\/\">Lond\u00fdn<\/a> s glob\u00e1lnymi obchodn\u00fdmi partnermi na celom svete. Spolo\u010dnos\u0165 zasiela osobn\u00e9 a obchodn\u00e9 z\u00e1sielky do cel\u00e9ho sveta a je hrd\u00e1 na to, \u017ee m\u00e1 profesion\u00e1lny a dobre vy\u0161kolen\u00fd person\u00e1l, ktor\u00fd sleduje proces od dver\u00ed k dver\u00e1m.<\/p>\n<p>Spolo\u010dnos\u0165 sa \u0161pecializuje na prepravu staro\u017eitnost\u00ed, umeleck\u00fdch diel, klav\u00edrov a automobilov po celom svete. M\u00e1 \u0161pecializovan\u00e9 oddelenie pre \u0160kandin\u00e1viu s t\u00fd\u017edenn\u00fdmi odletmi z Lond\u00fdna. Klienti s\u00fa o svojich z\u00e1sielkach plne informovan\u00ed, pri\u010dom v ka\u017edej f\u00e1ze cesty dost\u00e1vaj\u00fa ozn\u00e1menia. <\/p>\n<p>Spolo\u010dnos\u0165 City Moving and Storage m\u00e1 akredit\u00e1cie od:<\/p>\n<ul>\n<li> <a href=\"https:\/\/moverdb.com\/sk\/britska-asociacia-vyrobcov\/\">Britsk\u00e1 asoci\u00e1cia s\u0165ahova\u010dov<\/a> (<a href=\"https:\/\/moverdb.com\/sk\/british-association-of-removers\/\" data-internallinksmanager029f6b8e52c=\"9\" title=\"Vysvetlenie Britskej asoci\u00e1cie s\u0165ahovate\u013eov (BAR)\">BAR<\/a>)<\/li>\n<li> <a href=\"https:\/\/moverdb.com\/sk\/fidi-faim\/\">Feder\u00e1cia medzin\u00e1rodn\u00fdch s\u0165ahovate\u013eov<\/a> (<a href=\"https:\/\/moverdb.com\/sk\/fidi-faim\/\" data-internallinksmanager029f6b8e52c=\"16\" title=\"Vysvetlenie FIDI a FAIM (FIDI akreditovan\u00fd medzin\u00e1rodn\u00fd prepravca)\">FIDI<\/a>)<\/li>\n<li> Norma pre slu\u017eby so zaru\u010denou kvalitou - BS EN 12522<\/li>\n<\/ul>\n<p><strong>City Moving and Storage Recenzie<\/strong><\/p>\n<p>Na internete sme nena\u0161li \u017eiadne pozit\u00edvne ani negat\u00edvne recenzie pre spolo\u010dnos\u0165 City Moving and Storage.<\/p>\n<div itemprop=\"review\" itemscope itemtype=\"http:\/\/schema.org\/Review\">\n<span itemprop=\"author\" itemscope=\"\" itemtype=\"http:\/\/schema.org\/Organization\"><span itemprop=\"name\">MoverDB.com<\/span><\/span> Online preh\u013ead webov\u00fdch str\u00e1nok pre <span itemprop=\"itemreviewed\" itemscope=\"\" itemtype=\"http:\/\/schema.org\/Brand\"><span itemprop=\"name\">City Moving and Storage<\/span><\/span>:<\/p>\n<ol>\n<li> Jasn\u00e9 kontaktn\u00e9 \u00fadaje na webovej str\u00e1nke (vr\u00e1tane telef\u00f3nneho \u010d\u00edsla): <strong>\u00c1no<\/strong><\/li>\n<li> Jednoduch\u00e9 z\u00edskanie <a href=\"https:\/\/moverdb.com\/sk\/citaty\/\">medzin\u00e1rodn\u00e9 s\u0165ahovanie cit\u00e1cie<\/a>? (Online formul\u00e1r \u017eiadosti o odhad): <strong>Z\u00e1kladn\u00e9<\/strong>, na svojej domovskej str\u00e1nke maj\u00fa kontaktn\u00fd formul\u00e1r, ale neuv\u00e1dzaj\u00fa, \u010di pon\u00fakaj\u00fa cenov\u00e9 ponuky.<\/li>\n<li> Jasn\u00e9 inform\u00e1cie na webovej str\u00e1nke: <strong>Nie,<\/strong> Webov\u00e1 str\u00e1nka bola vytvoren\u00e1 v roku 2008 a o spolo\u010dnosti a jej ponuk\u00e1ch sa dozviete len ve\u013emi m\u00e1lo.<\/li>\n<li> \u010dlenstvo v medzin\u00e1rodn\u00fdch uzn\u00e1van\u00fdch organiz\u00e1ci\u00e1ch pohybliv\u00fdch zvierat: <strong>\u00c1no<\/strong>, pozri vy\u0161\u0161ie.<\/li>\n<li> Zoznam klientov a\/alebo referencie predch\u00e1dzaj\u00facich z\u00e1kazn\u00edkov: <strong>Nie,<\/strong> Obsah webovej str\u00e1nky je op\u00e4\u0165 minim\u00e1lny a neobsahuje \u017eiadne posudky z\u00e1kazn\u00edkov ani zoznamy klientov, navy\u0161e sa zd\u00e1, \u017ee online neexistuj\u00fa \u017eiadne recenzie.<\/li>\n<\/ol>\n<div itemprop=\"reviewRating\" itemscope itemtype=\"http:\/\/schema.org\/Rating\"><meta itemprop=\"worstRating\" content = \"0\" \/><meta itemprop=\"bestRating\" content=\"5\" \/><meta itemprop=\"ratingValue\" content=\"2.5\"><\/div>\n<p><strong>Celkov\u00e9 hodnotenie: 2,5\/5<\/strong><br \/>\n<strong>D\u00e1tum recenzie:<\/strong> <span itemprop=\"datePublished\" content=\"2016-09-04\">04\/09\/2016<\/span>\n<\/div>\n<p>Viac o <a href=\"https:\/\/moverdb.com\/sk\/stahovacie-spolocnosti\/\">medzin\u00e1rodn\u00e9 s\u0165ahovacie spolo\u010dnosti<\/a> a na\u0161e <a href=\"https:\/\/moverdb.com\/sk\/recenzie\/\">proces presk\u00famania<\/a>.<\/p>\n<p><strong>Webov\u00e1 lokalita:<\/strong> <a href=\"http:\/\/www.citymoving.co.uk\" target=\"_blank\" rel=\"noopener\">http:\/\/www.citymoving.co.uk<\/a><\/p>","protected":false},"excerpt":{"rendered":"<p>City Moving and Storage offer both overseas and local moves to both business and private clients. There follows a list of these services, together with a company profile and reviews. Note: City Moving and Storage, should not be confused with City Removals, which is a separate company that also confusingly offers international removals. Moving Services [&hellip;]<\/p>\n","protected":false},"author":1,"featured_media":0,"parent":0,"menu_order":0,"comment_status":"closed","ping_status":"closed","template":"","meta":{"_genesis_hide_title":false,"_genesis_hide_breadcrumbs":false,"_genesis_hide_singular_image":false,"_genesis_hide_footer_widgets":false,"_genesis_custom_body_class":"","_genesis_custom_post_class":"","_genesis_layout":"","footnotes":""},"class_list":{"0":"post-942","1":"page","2":"type-page","3":"status-publish","5":"entry"},"_links":{"self":[{"href":"https:\/\/moverdb.com\/sk\/wp-json\/wp\/v2\/pages\/942","targetHints":{"allow":["GET"]}}],"collection":[{"href":"https:\/\/moverdb.com\/sk\/wp-json\/wp\/v2\/pages"}],"about":[{"href":"https:\/\/moverdb.com\/sk\/wp-json\/wp\/v2\/types\/page"}],"author":[{"embeddable":true,"href":"https:\/\/moverdb.com\/sk\/wp-json\/wp\/v2\/users\/1"}],"replies":[{"embeddable":true,"href":"https:\/\/moverdb.com\/sk\/wp-json\/wp\/v2\/comments?post=942"}],"version-history":[{"count":5,"href":"https:\/\/moverdb.com\/sk\/wp-json\/wp\/v2\/pages\/942\/revisions"}],"predecessor-version":[{"id":6191,"href":"https:\/\/moverdb.com\/sk\/wp-json\/wp\/v2\/pages\/942\/revisions\/6191"}],"wp:attachment":[{"href":"https:\/\/moverdb.com\/sk\/wp-json\/wp\/v2\/media?parent=942"}],"curies":[{"name":"wp","href":"https:\/\/api.w.org\/{rel}","templated":true}]}}