{"id":941,"date":"2016-07-25T11:02:02","date_gmt":"2016-07-25T11:02:02","guid":{"rendered":"http:\/\/moverdb.com\/?page_id=941"},"modified":"2026-01-08T15:30:36","modified_gmt":"2026-01-08T15:30:36","slug":"united-van-lines","status":"publish","type":"page","link":"https:\/\/moverdb.com\/sk\/united-van-lines\/","title":{"rendered":"Spolo\u010dnos\u0165 United Van Lines: Medzin\u00e1rodn\u00e9 s\u0165ahovacie slu\u017eby a recenzie"},"content":{"rendered":"<p>Spolo\u010dnos\u0165 United Van Lines pon\u00faka svojim klientom mnoho slu\u017eieb v oblasti s\u0165ahovania, a to tak v r\u00e1mci <a href=\"https:\/\/moverdb.com\/sk\/moving-to-the-united-states\/\" data-internallinksmanager029f6b8e52c=\"94\" title=\"S\u0165ahujete sa do Spojen\u00fdch \u0161t\u00e1tov? 2022 \u017divotn\u00e9 n\u00e1klady a tipy na pres\u0165ahovanie\">US<\/a>. Ni\u017e\u0161ie n\u00e1jdete zoznam t\u00fdchto slu\u017eieb, profil spolo\u010dnosti a recenzie.<\/p>\n<p><strong>Medzin\u00e1rodn\u00e9 s\u0165ahovanie<\/strong><\/p>\n<ul>\n<li> Pl\u00e1novanie a pr\u00edprava s\u0165ahovania<\/li>\n<li> Pos\u00fadenie a odhad potrieb<\/li>\n<li> Predbe\u017en\u00fd n\u00e1h\u013ead destin\u00e1cie<\/li>\n<li> Jazykov\u00e1 pr\u00edprava a kult\u00farna orient\u00e1cia<\/li>\n<li> Riadenie presunu<\/li>\n<li> Pl\u00e1novacie slu\u017eby<\/li>\n<li> Medzin\u00e1rodn\u00fd tranzit<\/li>\n<li> Sledovanie a doru\u010dovanie<\/li>\n<li> Slu\u017eby na usadenie - banky, lek\u00e1ri at\u010f.<\/li>\n<li> V\u00edzov\u00e9 a imigra\u010dn\u00e9 slu\u017eby<\/li>\n<li> Podnikov\u00e9 imigra\u010dn\u00e9 procesy<\/li>\n<li> Individu\u00e1lne imigra\u010dn\u00e9 procesy<\/li>\n<li> Pomoc s b\u00fdvan\u00edm - do\u010dasn\u00e1 alebo trval\u00e1<\/li>\n<li> Slu\u017eby vyh\u013ead\u00e1vania domov<\/li>\n<li> Do\u010dasn\u00e9 ubytovanie<\/li>\n<li> Spr\u00e1va nehnute\u013enost\u00ed a n\u00e1jomn\u00fdch zml\u00fav<\/li>\n<li> Pomoc pri pres\u0165ahovan\u00ed rodiny<\/li>\n<li> Proces vyd\u00e1vania v\u00edz a cestovn\u00fdch pasov<\/li>\n<li> Podpora partnera\/man\u017eela<\/li>\n<li> Pomoc \u0161kole<\/li>\n<li> Kult\u00farna a jazykov\u00e1 pr\u00edprava<\/li>\n<li> Premiestnenie dom\u00e1ceho zviera\u0165a<\/li>\n<li> Poistenie<\/li>\n<\/ul>\n<p><strong>Presun so spolo\u010dnos\u0165ou United<\/strong><\/p>\n<ul>\n<li> Miestne s\u0165ahovanie<\/li>\n<li> Medzin\u00e1rodn\u00e9 s\u0165ahovanie<\/li>\n<li> S\u0165ahovanie na dlh\u00e9 vzdialenosti<\/li>\n<li> S\u0165ahovanie firiem<\/li>\n<li> Vojensk\u00e9 a vl\u00e1dne kroky<\/li>\n<li> Pohyby v automobilovom priemysle<\/li>\n<\/ul>\n<p><strong>Balenie a skladovanie<\/strong><\/p>\n<ul>\n<li> Vlastn\u00e9 balenie<\/li>\n<li> Balenie na mieru<\/li>\n<li> Balenie s kompletn\u00fdmi slu\u017ebami<\/li>\n<li> Rozba\u013ete sa<\/li>\n<li> Rozba\u013eovanie na mieru<\/li>\n<li> Kompletn\u00e9 vybalenie<\/li>\n<li> 90-d\u0148ov\u00e9 tranzitn\u00e9 skladovanie<\/li>\n<li> Skladovanie v trezore<\/li>\n<li> Kr\u00e1tkodob\u00e9 a dlhodob\u00e9 skladovanie a uskladnenie<\/li>\n<\/ul>\n<h2>Profil spolo\u010dnosti United Van Lines<\/h2>\n<p>Spolo\u010dnos\u0165 United Van Lines bola otvoren\u00e1 v roku 1928 ako Return Loads Service v Clevelande, <a href=\"https:\/\/moverdb.com\/sk\/moving-to-the-united-states\/moving-to-ohio\/\" data-internallinksmanager029f6b8e52c=\"409\" title=\"S\u0165ahujete sa do Ohia? 2026 N\u00e1klady na b\u00fdvanie a tipy na pres\u0165ahovanie\">Ohio<\/a>. Spolo\u010dnos\u0165 sa rozr\u00e1stla a roz\u0161\u00edrila sa na medzin\u00e1rodn\u00fd trh. V roku 1995 dosiahla svoje prv\u00e9 miliardov\u00e9 tr\u017eby. <\/p>\n<p>United Van Lines m\u00e1 #1 podiel na trhu s\u0165ahovac\u00edch spolo\u010dnost\u00ed v krajine.<\/p>\n<p>Spolo\u010dnos\u0165 United m\u00e1 v celej krajine 340 miestnych agentov, ktor\u00ed poskytuj\u00fa slu\u017eby v oblasti s\u0165ahovania a skladovania. Na medzin\u00e1rodn\u00e9 s\u0165ahovanie vyu\u017e\u00edva viac ako 1000 profesion\u00e1lnych agentov v 128 krajin\u00e1ch.<\/p>\n<p>Spolo\u010dnos\u0165 United Van Lines m\u00e1 tieto akredit\u00e1cie a pridru\u017eenia:<\/p>\n<ul>\n<li> <a href=\"https:\/\/moverdb.com\/sk\/amsa\/\">Americk\u00e1 asoci\u00e1cia pre s\u0165ahovanie a skladovanie<\/a> (<a href=\"https:\/\/moverdb.com\/sk\/amsa\/\" data-internallinksmanager029f6b8e52c=\"5\" title=\"Vysvetlenie Americkej asoci\u00e1cie pre s\u0165ahovanie a skladovanie (AMSA)\">AMSA<\/a>)<\/li>\n<li> <a href=\"https:\/\/moverdb.com\/sk\/obruc-promover\/\">ProMover<\/a> (AMSA)<\/li>\n<li> N\u00e1rodn\u00e9 zabezpe\u010denie kvality USA ISO 9001 2008<\/li>\n<li> <a href=\"https:\/\/moverdb.com\/sk\/kanadska-asociacia-prepravcov\/\">Kanadsk\u00e1 asoci\u00e1cia s\u0165ahovate\u013eov<\/a> (<a href=\"https:\/\/moverdb.com\/sk\/canadian-association-of-movers\/\" data-internallinksmanager029f6b8e52c=\"11\" title=\"Vysvetlenie Kanadskej asoci\u00e1cie s\u0165ahovate\u013eov (CAM)\">CAM<\/a>)<\/li>\n<\/ul>\n<h2>United Van Lines Recenzie<\/h2>\n<p><strong>Pozit\u00edvne:<\/strong><\/p>\n<ul>\n<li> \"<em>Spolo\u010dnos\u0165 United Van Lines a jej miestni partneri boli \u00fa\u017easn\u00ed.\"<\/em> - Julia prostredn\u00edctvom <a href=\"http:\/\/www.yelp.com\/user_details?userid=nPUhNLstAOJEWjHLAb1rpA\" target=\"_blank\" rel=\"noopener\">Yelp<\/a><\/li>\n<li> \"<em>Ak sa s\u0165ahujete do Omahy, mus\u00edte vyu\u017ei\u0165 slu\u017eby tejto spolo\u010dnosti.\"<\/em> - Dean S prostredn\u00edctvom <a href=\"http:\/\/www.movingcompanyreviews.com\/MO\/Fenton\/united-van-lines-llc-61144\" target=\"_blank\" rel=\"noopener\">MovingCompanyReviews.com<\/a><\/li>\n<\/ul>\n<p><strong>Negat\u00edvne:<\/strong><\/p>\n<ul>\n<li> \"<em>Pr\u00ed\u0161ern\u00fd z\u00e1kazn\u00edcky servis.\"<\/em> - Ally prostredn\u00edctvom <a href=\"http:\/\/www.yelp.com\/user_details?userid=ab4N7Z9Che1cq3g-QrONUw\" target=\"_blank\" rel=\"noopener\">Yelp<\/a> <\/li>\n<li> \"<em>No\u010dn\u00e1 mora. Spolupracovali sme s Johnom Silvernailom zo spolo\u010dnosti Corrigan United, aby sme na\u0161u rodinu pres\u0165ahovali z <a href=\"https:\/\/moverdb.com\/sk\/moving-to-the-united-states\/moving-to-colorado\/\" data-internallinksmanager029f6b8e52c=\"399\" title=\"S\u0165ahujete sa do Colorada? 2026 N\u00e1klady na b\u00fdvanie a tipy na pres\u0165ahovanie\">Colorado<\/a> na <a href=\"https:\/\/moverdb.com\/sk\/moving-to-the-united-states\/moving-to-california\/\" data-internallinksmanager029f6b8e52c=\"330\" title=\"S\u0165ahovanie do Kalifornie? 2026 N\u00e1klady na b\u00fdvanie a tipy na pres\u0165ahovanie\">Kalifornia<\/a> v j\u00fani 2014.\"<\/em> - Gaea M prostredn\u00edctvom <a href=\"http:\/\/www.movingcompanyreviews.com\/MO\/Fenton\/united-van-lines-llc-61144\" target=\"_blank\" rel=\"noopener\">MovingCompanyReviews.com<\/a><\/li>\n<\/ul>\n<div itemprop=\"review\" itemscope itemtype=\"http:\/\/schema.org\/Review\">\n<span itemprop=\"author\" itemscope=\"\" itemtype=\"http:\/\/schema.org\/Organization\"><span itemprop=\"name\">MoverDB.com<\/span><\/span> Online preh\u013ead webov\u00fdch str\u00e1nok pre <span itemprop=\"itemreviewed\" itemscope=\"\" itemtype=\"http:\/\/schema.org\/Brand\"><span itemprop=\"name\">Spolo\u010dnos\u0165 United Van Lines<\/span><\/span>:<\/p>\n<ol>\n<li> Jasn\u00e9 kontaktn\u00e9 \u00fadaje na webovej str\u00e1nke (vr\u00e1tane telef\u00f3nneho \u010d\u00edsla): <strong>\u00c1no<\/strong><\/li>\n<li> Jednoduch\u00e9 z\u00edskanie <a href=\"https:\/\/moverdb.com\/sk\/citaty\/\">medzin\u00e1rodn\u00e9 s\u0165ahovanie cit\u00e1cie<\/a>? (Online formul\u00e1r \u017eiadosti o odhad): <strong>\u00c1no<\/strong><\/li>\n<li> Jasn\u00e9 inform\u00e1cie na webovej str\u00e1nke: <strong>\u00c1no.<\/strong> Na webovej str\u00e1nke s\u00fa jasne uveden\u00e9 v\u0161etky slu\u017eby, ktor\u00e9 spolo\u010dnos\u0165 pon\u00faka.<\/li>\n<li> \u010dlenstvo v medzin\u00e1rodn\u00fdch uzn\u00e1van\u00fdch organiz\u00e1ci\u00e1ch pohybliv\u00fdch zvierat: <strong>\u00c1no<\/strong>, (pozri vy\u0161\u0161ie)<\/li>\n<li> Zoznam klientov a\/alebo referencie predch\u00e1dzaj\u00facich z\u00e1kazn\u00edkov. <strong>\u00c1no,<\/strong> Spolo\u010dnos\u0165 Burke Inc. vykonala nez\u00e1visl\u00fd audit h\u00e1rkov spokojnosti z\u00e1kazn\u00edkov spolo\u010dnosti a na ich z\u00e1klade z\u00edskala spolo\u010dnos\u0165 hodnotenie spokojnosti z\u00e1kazn\u00edkov 4,22 z 5.<\/li>\n<\/ol>\n<div itemprop=\"reviewRating\" itemscope itemtype=\"http:\/\/schema.org\/Rating\"><meta itemprop=\"worstRating\" content = \"0\" \/><meta itemprop=\"bestRating\" content=\"5\" \/><meta itemprop=\"ratingValue\" content=\"5\"><\/div>\n<p><strong>Celkov\u00e9 hodnotenie: 5\/5<\/strong><br \/>\n<strong>D\u00e1tum recenzie:<\/strong> <span itemprop=\"datePublished\" content=\"2016-07-25\">25\/07\/2016<\/span>\n<\/div>\n<p>Pre\u010d\u00edtajte si viac o <a href=\"https:\/\/moverdb.com\/sk\/stahovacie-spolocnosti\/\">medzin\u00e1rodn\u00e9 s\u0165ahovacie spolo\u010dnosti<\/a>, <a href=\"https:\/\/moverdb.com\/sk\/us-kanada-stehovaci\/\">dom\u00e1ce s\u0165ahovacie spolo\u010dnosti<\/a> a na\u0161e <a href=\"https:\/\/moverdb.com\/sk\/recenzie\/\">vysvetlen\u00fd proces presk\u00famania<\/a>.<\/p>\n<p><strong>Webov\u00e9 str\u00e1nky:<\/strong> USA: <a href=\"http:\/\/www.unitedvanlines.com\/\" target=\"_blank\" rel=\"noopener\">http:\/\/www.unitedvanlines.com\/<\/a>; <a href=\"https:\/\/moverdb.com\/sk\/moving-to-canada\/\" data-internallinksmanager029f6b8e52c=\"265\" title=\"S\u0165ahovanie do Kanady? 2026 N\u00e1klady na b\u00fdvanie a tipy na pres\u0165ahovanie\">Kanada<\/a>: <a href=\"http:\/\/www.uvl.ca\/\" target=\"_blank\" rel=\"noopener\">http:\/\/www.uvl.ca\/<\/a> <\/p>","protected":false},"excerpt":{"rendered":"<p>United Van Lines offers its clients many moving services both international and within the US. Below is a list of these services, plus a company profile and reviews. International Moves Move planning and preparation Needs assessment and estimate Destination preview trip Language training and cultural orientation Move management Planning services International transit Tracking and delivery [&hellip;]<\/p>\n","protected":false},"author":1,"featured_media":0,"parent":0,"menu_order":0,"comment_status":"closed","ping_status":"closed","template":"","meta":{"_genesis_hide_title":false,"_genesis_hide_breadcrumbs":false,"_genesis_hide_singular_image":false,"_genesis_hide_footer_widgets":false,"_genesis_custom_body_class":"","_genesis_custom_post_class":"","_genesis_layout":"","footnotes":""},"class_list":{"0":"post-941","1":"page","2":"type-page","3":"status-publish","5":"entry"},"_links":{"self":[{"href":"https:\/\/moverdb.com\/sk\/wp-json\/wp\/v2\/pages\/941","targetHints":{"allow":["GET"]}}],"collection":[{"href":"https:\/\/moverdb.com\/sk\/wp-json\/wp\/v2\/pages"}],"about":[{"href":"https:\/\/moverdb.com\/sk\/wp-json\/wp\/v2\/types\/page"}],"author":[{"embeddable":true,"href":"https:\/\/moverdb.com\/sk\/wp-json\/wp\/v2\/users\/1"}],"replies":[{"embeddable":true,"href":"https:\/\/moverdb.com\/sk\/wp-json\/wp\/v2\/comments?post=941"}],"version-history":[{"count":10,"href":"https:\/\/moverdb.com\/sk\/wp-json\/wp\/v2\/pages\/941\/revisions"}],"predecessor-version":[{"id":6249,"href":"https:\/\/moverdb.com\/sk\/wp-json\/wp\/v2\/pages\/941\/revisions\/6249"}],"wp:attachment":[{"href":"https:\/\/moverdb.com\/sk\/wp-json\/wp\/v2\/media?parent=941"}],"curies":[{"name":"wp","href":"https:\/\/api.w.org\/{rel}","templated":true}]}}