{"id":940,"date":"2016-09-04T19:16:26","date_gmt":"2016-09-04T19:16:26","guid":{"rendered":"http:\/\/moverdb.com\/?page_id=940"},"modified":"2026-01-08T14:47:53","modified_gmt":"2026-01-08T14:47:53","slug":"btr-international","status":"publish","type":"page","link":"https:\/\/moverdb.com\/sk\/btr-international\/","title":{"rendered":"BTR International: Mobilita pracovnej sily: Recenzie: Relok\u00e1cia a s\u0165ahovanie"},"content":{"rendered":"<p>Spolo\u010dnos\u0165 BTR International pon\u00faka firemn\u00e9mu svetu mnoho slu\u017eieb, ktor\u00e9 im umo\u017enia pres\u0165ahova\u0165 svojich zamestnancov alebo firmu do zahrani\u010dia.<\/p>\n<p><strong>Medzin\u00e1rodn\u00e9 s\u0165ahovacie slu\u017eby<\/strong><\/p>\n<ul type=\"circle\">\n<li class=\"m_7262227758002368167MsoListParagraph\"><b>Poradensk\u00e9 slu\u017eby<\/b><u><\/u><u><\/u>\n<ul type=\"square\">\n<li class=\"m_7262227758002368167MsoListParagraph\">N\u00e1vrh a tvorba politiky<u><\/u><u><\/u><\/li>\n<li class=\"m_7262227758002368167MsoListParagraph\">Porovn\u00e1vanie<u><\/u><u><\/u><\/li>\n<li class=\"m_7262227758002368167MsoListParagraph\">Poradenstvo<u><\/u><u><\/u><\/li>\n<\/ul>\n<\/li>\n<li class=\"m_7262227758002368167MsoListParagraph\"><b>Slu\u017eby pred pridelen\u00edm<u><\/u><u><\/u><\/b>\n<ul type=\"square\">\n<li class=\"m_7262227758002368167MsoListParagraph\">Poradenstvo pred pridelen\u00edm<u><\/u><u><\/u><\/li>\n<li class=\"m_7262227758002368167MsoListParagraph\">Pl\u00e1novanie kompenz\u00e1ci\u00ed<u><\/u><u><\/u><\/li>\n<li class=\"m_7262227758002368167MsoListParagraph\">Odhady n\u00e1kladov na zadanie<u><\/u><u><\/u><\/li>\n<li class=\"m_7262227758002368167MsoListParagraph\">Pr\u00edprava zad\u00e1vacieho listu<u><\/u><u><\/u><\/li>\n<li class=\"m_7262227758002368167MsoListParagraph\">Da\u0148ov\u00e9 pl\u00e1novanie a strat\u00e9gia<u><\/u><u><\/u><\/li>\n<li class=\"m_7262227758002368167MsoListParagraph\">V\u00fdpo\u010det \u00favodn\u00e9ho kompenza\u010dn\u00e9ho h\u00e1rku<u><\/u><u><\/u><\/li>\n<li class=\"m_7262227758002368167MsoListParagraph\">Koordin\u00e1cia v\u00edz\/imigr\u00e1cie<u><\/u><u><\/u><\/li>\n<li class=\"m_7262227758002368167MsoListParagraph\">Vykazovanie pr\u00edspevkov na \u017eivotn\u00e9 n\u00e1klady<u><\/u><u><\/u><\/li>\n<li class=\"m_7262227758002368167MsoListParagraph\">Kult\u00farna a jazykov\u00e1 pr\u00edprava<u><\/u><u><\/u><\/li>\n<li class=\"m_7262227758002368167MsoListParagraph\">Vzdel\u00e1vacie poradenstvo a umiest\u0148ovanie<u><\/u><u><\/u><\/li>\n<li class=\"m_7262227758002368167MsoListParagraph\">Marketingov\u00e1 pomoc pre dom\u00e1cnosti<u><\/u><u><\/u><\/li>\n<\/ul>\n<\/li>\n<li class=\"m_7262227758002368167MsoListParagraph\"><b>Spr\u00e1va v\u00fddavkov<\/b><u><\/u><u><\/u>\n<ul type=\"square\">\n<li class=\"m_7262227758002368167MsoListParagraph\">Audit v\u00fddavkov a ich \u00fahrada<u><\/u><u><\/u><\/li>\n<li class=\"m_7262227758002368167MsoListParagraph\">Priama \u00fahrada v\u00fddavkov<u><\/u><u><\/u><\/li>\n<li class=\"m_7262227758002368167MsoListParagraph\">Podrobn\u00e9 ods\u00fahlasovanie a pod\u00e1vanie spr\u00e1v<u><\/u><u><\/u><\/li>\n<li class=\"m_7262227758002368167MsoListParagraph\">S\u00falad s glob\u00e1lnou politikou mobility<u><\/u><u><\/u><\/li>\n<li class=\"m_7262227758002368167MsoListParagraph\">V\u00fdnimka z nahlasovania n\u00e1kladov v r\u00e1mci politiky<u><\/u><u><\/u><\/li>\n<\/ul>\n<\/li>\n<li class=\"m_7262227758002368167MsoListParagraph\"><b>Riadenie presunu<\/b><u><\/u><u><\/u>\n<ul type=\"square\">\n<li class=\"m_7262227758002368167MsoListParagraph\">Riadenie skupinov\u00fdch presunov<u><\/u><u><\/u><\/li>\n<li class=\"m_7262227758002368167MsoListParagraph\">Pau\u0161\u00e1lne rie\u0161enie<u><\/u><u><\/u><\/li>\n<li class=\"m_7262227758002368167MsoListParagraph\">Slu\u017eby skladovania<u><\/u><u><\/u><\/li>\n<li class=\"m_7262227758002368167MsoListParagraph\">Program glob\u00e1lnej mobility<u><\/u><u><\/u><\/li>\n<li class=\"m_7262227758002368167MsoListParagraph\">Medzin\u00e1rodn\u00e9 zasielate\u013estvo<u><\/u><u><\/u><\/li>\n<li class=\"m_7262227758002368167MsoListParagraph\">Poistn\u00fd program<u><\/u><u><\/u><\/li>\n<li class=\"m_7262227758002368167MsoListParagraph\">Slu\u017eby VIP<u><\/u><u><\/u><\/li>\n<li class=\"m_7262227758002368167MsoListParagraph\">Riadenie z\u00e1sob<u><\/u><u><\/u><\/li>\n<li class=\"m_7262227758002368167MsoListParagraph\">Komer\u010dn\u00e9 s\u0165ahovanie<u><\/u><u><\/u><\/li>\n<li class=\"m_7262227758002368167MsoListParagraph\">Slu\u017eby s\u00favisiace so s\u0165ahovan\u00edm dom\u00e1cich zvierat<u><\/u><u><\/u><\/li>\n<\/ul>\n<\/li>\n<li class=\"m_7262227758002368167MsoListParagraph\"><b>Slu\u017eby v destin\u00e1cii<\/b><u><\/u><u><\/u>\n<ul type=\"square\">\n<li class=\"m_7262227758002368167MsoListParagraph\">Pomoc pri vyh\u013ead\u00e1van\u00ed domov<u><\/u><u><\/u><\/li>\n<li class=\"m_7262227758002368167MsoListParagraph\">Pomoc pri h\u013eadan\u00ed pren\u00e1jmu<u><\/u><u><\/u><\/li>\n<li class=\"m_7262227758002368167MsoListParagraph\">Pomoc pri h\u013eadan\u00ed \u0161koly<u><\/u><u><\/u><\/li>\n<li class=\"m_7262227758002368167MsoListParagraph\">Do\u010dasn\u00e9 b\u00fdvanie<u><\/u><u><\/u><\/li>\n<li class=\"m_7262227758002368167MsoListParagraph\">Kari\u00e9rne poradenstvo pre man\u017eelov<u><\/u><u><\/u><\/li>\n<li class=\"m_7262227758002368167MsoListParagraph\">Spr\u00e1va n\u00e1jomn\u00fdch zml\u00fav<u><\/u><u><\/u><\/li>\n<li class=\"m_7262227758002368167MsoListParagraph\">Spr\u00e1va nehnute\u013enost\u00ed<u><\/u><u><\/u><\/li>\n<li class=\"m_7262227758002368167MsoListParagraph\">Zara\u010fovacie slu\u017eby<u><\/u><u><\/u><\/li>\n<\/ul>\n<\/li>\n<li class=\"m_7262227758002368167MsoListParagraph\"><b>Spravodajsk\u00e9 slu\u017eby<\/b><u><\/u><u><\/u>\n<ul type=\"square\">\n<li class=\"m_7262227758002368167MsoListParagraph\">Hl\u00e1senie zadan\u00ed na mieru<u><\/u><u><\/u><\/li>\n<li class=\"m_7262227758002368167MsoListParagraph\">Riadenie n\u00e1kladov a dane na konci finan\u010dn\u00e9ho roka<u><\/u><u><\/u><\/li>\n<li class=\"m_7262227758002368167MsoListParagraph\">V\u00fdnimka zo z\u00e1sad sledovania<u><\/u><u><\/u><\/li>\n<li class=\"m_7262227758002368167MsoListParagraph\">Sledovanie obchodn\u00fdch cestuj\u00facich a pod\u00e1vanie spr\u00e1v<u><\/u><u><\/u><\/li>\n<li class=\"m_7262227758002368167MsoListParagraph\">\u0160tvr\u0165ro\u010dn\u00e9 a koncoro\u010dn\u00e9 hodnotenia klientov<\/li>\n<\/ul>\n<\/li>\n<\/ul>\n<h2>Profil spolo\u010dnosti BTR International<\/h2>\n<p>BTR International je oce\u0148ovan\u00e1 medzin\u00e1rodn\u00e1 spolo\u010dnos\u0165 zaoberaj\u00faca sa mana\u017ementom relok\u00e1cie s viac ako 35-ro\u010dn\u00fdmi sk\u00fasenos\u0165ami v oblasti mobility pracovnej sily. Cie\u013eom spolo\u010dnosti BTR International je odbremeni\u0165 person\u00e1lne oddelenie spolo\u010dnosti t\u00fdm, \u017ee zabezpe\u010d\u00ed \u010do najv\u00e4\u010d\u0161iu \u010das\u0165 s\u0165ahovania a podpor\u00ed spolo\u010dnos\u0165 aj s\u0165ahuj\u00facich sa zamestnancov.<\/p>\n<p>Spolo\u010dnos\u0165 BTR v roku 2019 z\u00edskala spolo\u010dnos\u0165 Writer Corporation, glob\u00e1lna organiz\u00e1cia s viac ako 60-ro\u010dn\u00fdmi sk\u00fasenos\u0165ami v oblasti premiest\u0148ovania. Spolupr\u00e1ca posilnila ich glob\u00e1lnu sie\u0165 a kvalitu slu\u017eieb.<\/p>\n<p>Tu je zoznam medzin\u00e1rodn\u00fdch akredit\u00e1ci\u00ed a afili\u00e1ci\u00ed spolo\u010dnosti BTR:<\/p>\n<ul>\n<li><a href=\"https:\/\/moverdb.com\/sk\/britska-asociacia-vyrobcov\/\">Britsk\u00e1 asoci\u00e1cia s\u0165ahova\u010dov<\/a> (<a href=\"https:\/\/moverdb.com\/sk\/british-association-of-removers\/\" data-internallinksmanager029f6b8e52c=\"9\" title=\"Vysvetlenie Britskej asoci\u00e1cie s\u0165ahovate\u013eov (BAR)\">BAR<\/a>)<\/li>\n<li><a href=\"https:\/\/moverdb.com\/sk\/bar-overseas\/\">Britsk\u00e1 asoci\u00e1cia s\u0165ahovate\u013eov v zahrani\u010d\u00ed<\/a><\/li>\n<li><a href=\"https:\/\/moverdb.com\/sk\/fidi-faim\/\">Feder\u00e1cia medzin\u00e1rodn\u00fdch s\u0165ahovate\u013eov<\/a> (<a href=\"https:\/\/moverdb.com\/sk\/fidi-faim\/\" data-internallinksmanager029f6b8e52c=\"16\" title=\"Vysvetlenie FIDI a FAIM (FIDI akreditovan\u00fd medzin\u00e1rodn\u00fd prepravca)\">FIDI<\/a>)<\/li>\n<li><a href=\"https:\/\/moverdb.com\/sk\/fidi-faim\/\">FAIM Plus<\/a><\/li>\n<li><a href=\"https:\/\/moverdb.com\/sk\/som\/\">Medzin\u00e1rodn\u00e1 asoci\u00e1cia s\u0165ahovate\u013eov<\/a> (<a href=\"https:\/\/moverdb.com\/sk\/iam\/\" data-internallinksmanager029f6b8e52c=\"23\" title=\"Vysvetlenie Medzin\u00e1rodnej asoci\u00e1cie s\u0165ahovate\u013eov (IAM)\">IAM<\/a>)<\/li>\n<li><a href=\"https:\/\/moverdb.com\/sk\/fedemac\/\">FEDEMAC<\/a><\/li>\n<li><a href=\"https:\/\/moverdb.com\/sk\/lacma\/\">LACMA<\/a><\/li>\n<li><a href=\"https:\/\/moverdb.com\/sk\/mtc\/\">Obchodn\u00fd klub Movers<\/a> (<a href=\"https:\/\/moverdb.com\/sk\/mtc\/\" data-internallinksmanager029f6b8e52c=\"30\" title=\"Vysvetlenie Movers Trading Club (MTC)\">MTC<\/a>)<\/li>\n<li><a href=\"https:\/\/moverdb.com\/sk\/rada-pre-premiestnovanie-zamestnancov\/\">Celosvetov\u00e1 ERC<\/a><\/li>\n<li><a href=\"https:\/\/moverdb.com\/sk\/zdruzenie-relocation-professionals\/\">Asoci\u00e1cia odborn\u00edkov na premiest\u0148ovanie<\/a> (<a href=\"https:\/\/moverdb.com\/sk\/association-relocation-professionals\/\" data-internallinksmanager029f6b8e52c=\"6\" title=\"Vysvetlenie Asoci\u00e1cie profesion\u00e1lov v oblasti relok\u00e1cie (ARP)\">ARP<\/a>)<\/li>\n<li><a href=\"https:\/\/moverdb.com\/sk\/eura\/\">Eur\u00f3pska asoci\u00e1cia pre relok\u00e1ciu<\/a> (<a href=\"https:\/\/moverdb.com\/sk\/eura\/\" data-internallinksmanager029f6b8e52c=\"13\" title=\"Vysvetlenie Eur\u00f3pskej asoci\u00e1cie pre relok\u00e1ciu (EuRA)\">EuRA<\/a>)<\/li>\n<li>F\u00f3rum pre mana\u017ement vyslan\u00fdch pracovn\u00edkov<\/li>\n<li>ISO 9001<\/li>\n<li>ISO 14001<\/li>\n<\/ul>\n<p><strong>BTR International Recenzie<\/strong><\/p>\n<p>Spolo\u010dnos\u0165 m\u00e1 nieko\u013eko pozit\u00edvnych recenzi\u00ed <a href=\"https:\/\/www.google.com\/search?q=btr+international&#038;rlz=1C1GCEU_en-GBGB955GB973&#038;oq=btr+international&#038;aqs=chrome.0.0i355i512j46i175i199i512j69i59l3j69i60l3.8906j0j7&#038;sourceid=chrome&#038;ie=UTF-8#lrd=0x48764eb31a41d6d7:0xb3d5c304f795d7ad,1,,,\" target=\"_blank\" rel=\"noopener\">si m\u00f4\u017eete pozrie\u0165 tu<\/a>.<\/p>\n<p><strong>Pozit\u00edvne<\/strong><\/p>\n<p><em>\"Lep\u0161iu sk\u00fasenos\u0165 s na\u0161\u00edm medzin\u00e1rodn\u00fdm s\u0165ahovan\u00edm s BTR som si nemohol pria\u0165. Odborn\u00edci na s\u0165ahovanie na oboch stran\u00e1ch boli starostliv\u00ed, pr\u00edjemn\u00ed a vysoko kvalifikovan\u00ed. V\u0161etky predmety starostlivo zabalili, ulo\u017eili a rozbalili\/zlo\u017eili na mieste ur\u010denia pod\u013ea s\u013e\u00faben\u00e9ho harmonogramu. Na\u0161a koordin\u00e1torka s\u0165ahovania, Sarah, bola mimoriadne akt\u00edvna, pohotov\u00e1 a starostliv\u00e1. Vrelo odpor\u00fa\u010dam!\"<\/em> - Tina Cachules<\/p>\n<p><em>\"T\u00fato spolo\u010dnos\u0165 sme v priebehu rokov vyu\u017eili pri oboch na\u0161ich s\u0165ahovaniach. Ich slu\u017eby pova\u017eujeme za vynikaj\u00face. Konkuren\u010dn\u00e9 ceny v oboch pr\u00edpadoch. Ich z\u00e1kazn\u00edcky servis je ve\u013emi pr\u00edstupn\u00fd a ich s\u0165ahovacie pos\u00e1dky s\u00fa ve\u013emi flexibiln\u00e9 a efekt\u00edvne. Bez v\u00e1hania odpor\u00fa\u010dam spolo\u010dnos\u0165 BTR.\"<\/em> - Geoff White<\/p>\n<p><em>\"Ke\u010f\u017ee moje s\u0165ahovanie bolo pomerne kr\u00e1tke a konkr\u00e9tne d\u00e1tumy, nemohol som si ho rezervova\u0165 u spolo\u010dnosti BTR. Ale agent bol ve\u013emi ochotn\u00fd a pln\u00fd inform\u00e1ci\u00ed a r\u00e1d. Ur\u010dite by som ho vyu\u017eila aj v bud\u00facnosti.\"<\/em> - Rachael<\/p>\n<p><strong>Negat\u00edvne:<\/strong><\/p>\n<ul>\n<li><em>\"So spolo\u010dnos\u0165ou BTR ako doru\u010dovate\u013eom na\u0161ej z\u00e1sielky tovaru pre dom\u00e1cnos\u0165 sme mali dobr\u00e9 prv\u00e9 sk\u00fasenosti. <a href=\"https:\/\/moverdb.com\/sk\/moving-to-the-united-states\/\" data-internallinksmanager029f6b8e52c=\"94\" title=\"S\u0165ahujete sa do Spojen\u00fdch \u0161t\u00e1tov? 2022 \u017divotn\u00e9 n\u00e1klady a tipy na pres\u0165ahovanie\">US<\/a> v m\u00e1ji 2011, ale pri miestnom s\u0165ahovan\u00ed v decembri 2012 boli no\u010dnou morou.\"<\/em> - Tim Emrich prostredn\u00edctvom <a href=\"http:\/\/www.removalreviews.co.uk\/movingreviews\/avoid-these-movers-1874\" target=\"_blank\" rel=\"noopener\">Recenzie o s\u0165ahovan\u00ed<\/a><\/li>\n<\/ul>\n<div>\n<p>MoverDB.com Online hodnotenie webov\u00fdch str\u00e1nok BTR International:<\/p>\n<ol>\n<li>Jasn\u00e9 kontaktn\u00e9 \u00fadaje na webovej str\u00e1nke (vr\u00e1tane telef\u00f3nneho \u010d\u00edsla): <strong>\u00c1no<\/strong><\/li>\n<li>Jednoduch\u00e9 z\u00edskanie <a href=\"https:\/\/moverdb.com\/sk\/citaty\/\">cit\u00e1cie medzin\u00e1rodn\u00fdch s\u0165ahovan\u00ed<\/a>? (Online formul\u00e1r \u017eiadosti o odhad): <strong>\u00c1no<\/strong><\/li>\n<li>Jasn\u00e9 inform\u00e1cie na webovej str\u00e1nke: <strong>Niektor\u00e9,<\/strong> Webov\u00e1 str\u00e1nka neobsahuje ve\u013ea podrobn\u00fdch inform\u00e1ci\u00ed a je trochu n\u00e1ro\u010dn\u00e1 na orient\u00e1ciu, ale z\u00e1kladn\u00e9 \u00fadaje s\u00fa uveden\u00e9 jasne.<\/li>\n<li>\u010dlenstvo v medzin\u00e1rodn\u00fdch uzn\u00e1van\u00fdch organiz\u00e1ci\u00e1ch pohybliv\u00fdch zvierat: <strong>\u00c1no<\/strong>, pozri vy\u0161\u0161ie.<\/li>\n<li>Zoznam klientov a\/alebo referencie predch\u00e1dzaj\u00facich z\u00e1kazn\u00edkov: <strong>\u00c1no,<\/strong> Webov\u00e1 str\u00e1nka obsahuje referencie<\/li>\n<\/ol>\n<div>&nbsp;<\/div>\n<p><strong>Celkov\u00e9 hodnotenie: 4,5\/5<\/strong><br \/>\n<strong>D\u00e1tum recenzie:<\/strong>03\/04\/2023<\/p>\n<\/div>\n<p>Viac o <a href=\"https:\/\/moverdb.com\/sk\/medzinarodne-stahovanie\/\">medzin\u00e1rodn\u00e9 s\u0165ahovacie spolo\u010dnosti<\/a> a na\u0161e <a href=\"https:\/\/moverdb.com\/sk\/recenzie\/\">proces presk\u00famania<\/a>.<\/p>\n<p><strong>Webov\u00e1 lokalita:<\/strong> <a href=\"https:\/\/www.btrinternational.com\/\" target=\"_blank\" rel=\"noopener\">https:\/\/www.btrinternational.com\/<\/a><\/p>","protected":false},"excerpt":{"rendered":"<p>BTR International offers the corporate world many services in order for them to relocate their staff or their business abroad. International Moving Services Consulting Services Policy Design &amp; Development Benchmarking Counselling Pre-Assignment Services Pre-Assignment Counselling Compensation Planning Assignment Cost Projections Assignment Letter Preparation Tax Planning &amp; Strategy Initial Compensation Worksheet Calculation Visa\/Immigration Co-ordination Cost Of [&hellip;]<\/p>\n","protected":false},"author":1,"featured_media":0,"parent":0,"menu_order":0,"comment_status":"closed","ping_status":"closed","template":"","meta":{"_genesis_hide_title":false,"_genesis_hide_breadcrumbs":false,"_genesis_hide_singular_image":false,"_genesis_hide_footer_widgets":false,"_genesis_custom_body_class":"","_genesis_custom_post_class":"","_genesis_layout":"","footnotes":""},"class_list":{"0":"post-940","1":"page","2":"type-page","3":"status-publish","5":"entry"},"_links":{"self":[{"href":"https:\/\/moverdb.com\/sk\/wp-json\/wp\/v2\/pages\/940","targetHints":{"allow":["GET"]}}],"collection":[{"href":"https:\/\/moverdb.com\/sk\/wp-json\/wp\/v2\/pages"}],"about":[{"href":"https:\/\/moverdb.com\/sk\/wp-json\/wp\/v2\/types\/page"}],"author":[{"embeddable":true,"href":"https:\/\/moverdb.com\/sk\/wp-json\/wp\/v2\/users\/1"}],"replies":[{"embeddable":true,"href":"https:\/\/moverdb.com\/sk\/wp-json\/wp\/v2\/comments?post=940"}],"version-history":[{"count":8,"href":"https:\/\/moverdb.com\/sk\/wp-json\/wp\/v2\/pages\/940\/revisions"}],"predecessor-version":[{"id":8598,"href":"https:\/\/moverdb.com\/sk\/wp-json\/wp\/v2\/pages\/940\/revisions\/8598"}],"wp:attachment":[{"href":"https:\/\/moverdb.com\/sk\/wp-json\/wp\/v2\/media?parent=940"}],"curies":[{"name":"wp","href":"https:\/\/api.w.org\/{rel}","templated":true}]}}