{"id":939,"date":"2016-09-23T06:49:42","date_gmt":"2016-09-23T06:49:42","guid":{"rendered":"http:\/\/moverdb.com\/?page_id=939"},"modified":"2026-01-08T13:18:21","modified_gmt":"2026-01-08T13:18:21","slug":"gerson-relocation","status":"publish","type":"page","link":"https:\/\/moverdb.com\/sk\/gerson-relocation\/","title":{"rendered":"Premiestnenie spolo\u010dnosti Gerson: Medzin\u00e1rodn\u00e9 s\u0165ahovanie a s\u0165ahovanie Recenzie"},"content":{"rendered":"<p>Spolo\u010dnos\u0165 Gerson Relocation pon\u00faka svojim klientom r\u00f4zne slu\u017eby, \u010di u\u017e sa s\u0165ahuj\u00fa do zahrani\u010dia alebo na miestnej \u00farovni. Po zozname pon\u00fakan\u00fdch slu\u017eieb nasleduje profil spolo\u010dnosti a recenzie.<\/p>\n<p><strong>Podnikov\u00e9 slu\u017eby\/podpora<\/strong><\/p>\n<ul>\n<li> Vyhraden\u00fd mana\u017e\u00e9r s\u0165ahovania, ktor\u00fd koordinuje s\u0165ahovanie<\/li>\n<li> Odborn\u00fd prieskum<\/li>\n<li> Balenie<\/li>\n<li> <a href=\"https:\/\/moverdb.com\/sk\/kontajnerova-preprava\/\">Preprava po mori, letecky alebo po ceste<\/a><\/li>\n<li> V pr\u00edpade potreby vybalenie<\/li>\n<li> Odstr\u00e1nenie obalov\u00e9ho materi\u00e1lu na recykl\u00e1ciu<\/li>\n<li> Skladovanie v pr\u00edpade potreby<\/li>\n<li> Poistenie<\/li>\n<\/ul>\n<p><strong>Rie\u0161enia premiestnenia na mieru<\/strong><\/p>\n<ul>\n<li> Informa\u010dn\u00e9 bal\u00edky<\/li>\n<li> Kult\u00farna pr\u00edprava<\/li>\n<li> Orienta\u010dn\u00e9 n\u00e1v\u0161tevy\/pozrite sa<\/li>\n<li> Poradenstvo v oblasti vzdel\u00e1vania<\/li>\n<li> Do\u010dasn\u00e9 ubytovanie<\/li>\n<li> Vyh\u013ead\u00e1vanie na domovskej str\u00e1nke<\/li>\n<li> Vyjedn\u00e1vanie o pren\u00e1jme<\/li>\n<li> Prihl\u00e1senie \/ odhl\u00e1senie nehnute\u013enost\u00ed<\/li>\n<li> Pren\u00e1jom n\u00e1bytku<\/li>\n<li> Usadenie sa<\/li>\n<li> Pomoc partnerov<\/li>\n<li> Jazykov\u00e1 pr\u00edprava<\/li>\n<\/ul>\n<p><strong>S\u00fakromn\u00e9 s\u0165ahovanie<\/strong><\/p>\n<ul>\n<li> \u0160pecializovan\u00fd mana\u017e\u00e9r s\u0165ahovania<\/li>\n<li> Prieskum<\/li>\n<li> Profesion\u00e1lne balenie<\/li>\n<li> Preprava vec\u00ed po mori, letecky alebo po ceste<\/li>\n<li> Coln\u00e9 konanie<\/li>\n<li> Vybalenie vec\u00ed<\/li>\n<li> Recykl\u00e1cia obalov\u00fdch materi\u00e1lov<\/li>\n<li> Uskladnenie, ak je to potrebn\u00e9<\/li>\n<li> Zriaden\u00e9 poistenie<\/li>\n<\/ul>\n<p><strong>Slu\u017eby skladovania<\/strong><\/p>\n<ul>\n<li> Kompletn\u00e9 skladovacie slu\u017eby<\/li>\n<li> Vlastn\u00e9 skladovanie<\/li>\n<li> Skladovanie pre \u0161tudentov<\/li>\n<li> Komer\u010dn\u00e9 skladovanie<\/li>\n<li> Kr\u00e1tkodob\u00e9 alebo dlhodob\u00e9<\/li>\n<li> 24-hodinov\u00fd kamerov\u00fd syst\u00e9m<\/li>\n<\/ul>\n<h2>Profil spolo\u010dnosti Gerson Relocation<\/h2>\n<p>Spolo\u010dnos\u0165 Gerson Relocation bola zalo\u017een\u00e1 v roku 1961 a jej cie\u013eom je poskytova\u0165 svojim klientom vysoko individu\u00e1lne slu\u017eby, ktor\u00e9 nie je mo\u017en\u00e9 n\u00e1js\u0165 v in\u00fdch organiz\u00e1ci\u00e1ch. Spolo\u010dnos\u0165 to dosahuje v\u010faka pr\u00edsnej kontrole kvality a profesion\u00e1lnym, dobre vy\u0161kolen\u00fdm zamestnancom, z ktor\u00fdch niektor\u00ed pracuj\u00fa v spolo\u010dnosti u\u017e desa\u0165ro\u010dia.<\/p>\n<p>Spolo\u010dnos\u0165 Gerson Relocation si tie\u017e zaklad\u00e1 na tom, aby jej podnikanie bolo ekologick\u00e9 a zodpovedn\u00e9 vo\u010di \u017eivotn\u00e9mu prostrediu. Podporuje tri charitat\u00edvne organiz\u00e1cie a svojim zamestnancom poskytuje dva dni platen\u00e9ho vo\u013ena, aby mohli prispie\u0165 aj na tieto \u00fa\u010dely.<\/p>\n<p>Dnes je spolo\u010dnos\u0165 Gerson Relocation dc\u00e9rskou spolo\u010dnos\u0165ou <a href=\"https:\/\/moverdb.com\/sk\/abels-removals\/\">S\u0165ahovacie slu\u017eby Abels<\/a> Ltd., ktor\u00e1 je ve\u013emi \u00faspe\u0161nou rodinnou firmou, ktor\u00e1 v roku 1988 z\u00edskala kr\u00e1\u013eovsk\u00e9 povolenie HM The Queen. Na z\u00e1klade dotazn\u00edkov zaslan\u00fdch z\u00e1kazn\u00edkom dosiahla spolo\u010dnos\u0165 v rokoch 2015 a 2016 hodnotenie spokojnosti z\u00e1kazn\u00edkov 98%.<\/p>\n<p>Akredit\u00e1cie a afili\u00e1cie spolo\u010dnosti Gerson Relocation: <\/p>\n<ul>\n<li> <a href=\"https:\/\/moverdb.com\/sk\/britska-asociacia-vyrobcov\/\">Britsk\u00e1 asoci\u00e1cia s\u0165ahova\u010dov<\/a> (<a href=\"https:\/\/moverdb.com\/sk\/british-association-of-removers\/\" data-internallinksmanager029f6b8e52c=\"9\" title=\"Vysvetlenie Britskej asoci\u00e1cie s\u0165ahovate\u013eov (BAR)\">BAR<\/a>)<\/li>\n<li> <a href=\"https:\/\/moverdb.com\/sk\/harmony-relocation-network\/\">Harmony Relocation Network<\/a> (<a href=\"https:\/\/moverdb.com\/sk\/harmony-relocation-network\/\" data-internallinksmanager029f6b8e52c=\"20\" title=\"Vysvetlenie siete Harmony Relocation Network (HRN)\">HRN<\/a>)<\/li>\n<li> <a href=\"https:\/\/moverdb.com\/sk\/eura\/\">Eur\u00f3pska asoci\u00e1cia pre relok\u00e1ciu<\/a> (<a href=\"https:\/\/moverdb.com\/sk\/eura\/\" data-internallinksmanager029f6b8e52c=\"13\" title=\"Vysvetlenie Eur\u00f3pskej asoci\u00e1cie pre relok\u00e1ciu (EuRA)\">EuRA<\/a>)<\/li>\n<li> <a href=\"https:\/\/moverdb.com\/sk\/fidi-faim\/\">FIDI<\/a><\/li>\n<li> <a href=\"https:\/\/moverdb.com\/sk\/fidi-faim\/\" data-internallinksmanager029f6b8e52c=\"16\" title=\"Vysvetlenie FIDI a FAIM (FIDI akreditovan\u00fd medzin\u00e1rodn\u00fd prepravca)\">FAIM<\/a><\/li>\n<li> <a href=\"https:\/\/moverdb.com\/sk\/mtc\/\">Obchodn\u00fd klub Movers<\/a> (<a href=\"https:\/\/moverdb.com\/sk\/mtc\/\" data-internallinksmanager029f6b8e52c=\"30\" title=\"Vysvetlenie Movers Trading Club (MTC)\">MTC<\/a>)<\/li>\n<\/ul>\n<h2>Recenzie spolo\u010dnosti Gerson Relocation<\/h2>\n<p><strong>Pozit\u00edvne<\/strong><\/p>\n<ul>\n<li>  \"<em>Lep\u0161ie slu\u017eby sme si od n\u00e1\u0161ho t\u00edmu pre s\u0165ahovanie nemohli \u017eela\u0165.\"<\/em> - Pani K. L. prostredn\u00edctvom <a href=\"http:\/\/www.gersonrelocation.com\/voice-of-the-customer\/\" target=\"_blank\" rel=\"noopener\">Str\u00e1nka spokojn\u00fdch z\u00e1kazn\u00edkov<\/a> <\/li>\n<\/ul>\n<p><strong>Negat\u00edvne<\/strong><\/p>\n<p>Na internete sa n\u00e1m nepodarilo n\u00e1js\u0165 \u017eiadne negat\u00edvne recenzie pre spolo\u010dnos\u0165 Gerson Relocation.<\/p>\n<div itemprop=\"review\" itemscope itemtype=\"http:\/\/schema.org\/Review\">\n<span itemprop=\"author\" itemscope=\"\" itemtype=\"http:\/\/schema.org\/Organization\"><span itemprop=\"name\">MoverDB.com<\/span><\/span> Online preh\u013ead webov\u00fdch str\u00e1nok pre <span itemprop=\"itemreviewed\" itemscope=\"\" itemtype=\"http:\/\/schema.org\/Brand\"><span itemprop=\"name\">Premiestnenie spolo\u010dnosti Gerson<\/span><\/span>:<\/p>\n<ol>\n<li> Jasn\u00e9 kontaktn\u00e9 \u00fadaje na webovej str\u00e1nke (vr\u00e1tane telef\u00f3nneho \u010d\u00edsla): <strong>\u00c1no<\/strong><\/li>\n<li> Jednoduch\u00e9 z\u00edskanie <a href=\"https:\/\/moverdb.com\/sk\/citaty\/\">cit\u00e1cie medzin\u00e1rodn\u00fdch s\u0165ahovan\u00ed<\/a>? (Online formul\u00e1r \u017eiadosti o odhad): <strong>\u00c1no<\/strong><\/li>\n<li> Jasn\u00e9 inform\u00e1cie na webovej str\u00e1nke: <strong>\u00c1no,<\/strong> Webov\u00e1 str\u00e1nka je pomerne podrobn\u00e1 a poskytuje potenci\u00e1lnym klientom dobr\u00fa predstavu o tom, ak\u00e9 slu\u017eby m\u00f4\u017eu o\u010dak\u00e1va\u0165.<\/li>\n<li> \u010dlenstvo v medzin\u00e1rodn\u00fdch uznan\u00fdch organiz\u00e1ci\u00e1ch pohybliv\u00fdch zvierat: <strong>\u00c1no<\/strong><\/li>\n<li> Zoznam klientov a\/alebo referencie predch\u00e1dzaj\u00facich z\u00e1kazn\u00edkov: <strong>\u00c1no<\/strong>, Na webovej str\u00e1nke je ve\u013ea pozit\u00edvnych referenci\u00ed z\u00e1kazn\u00edkov.<\/li>\n<\/ol>\n<div itemprop=\"reviewRating\" itemscope itemtype=\"http:\/\/schema.org\/Rating\"><meta itemprop=\"worstRating\" content = \"0\" \/><meta itemprop=\"bestRating\" content=\"5\" \/><meta itemprop=\"ratingValue\" content=\"5\"><\/div>\n<p><strong>Celkov\u00e9 hodnotenie: 5\/5<\/strong><br \/>\n<strong>D\u00e1tum recenzie:<\/strong> <span itemprop=\"datePublished\" content=\"2016-09-23\">23\/09\/16<\/span>\n<\/div>\n<p>Viac o <a href=\"https:\/\/moverdb.com\/sk\/medzinarodne-stahovanie\/\">medzin\u00e1rodn\u00e9 s\u0165ahovanie<\/a> a na\u0161e <a href=\"https:\/\/moverdb.com\/sk\/recenzie\/\">vysvetlen\u00fd proces presk\u00famania<\/a>.<\/p>\n<p><strong>Webov\u00e1 lokalita:<\/strong> <a href=\"http:\/\/www.gersonrelocation.com\" target=\"_blank\" rel=\"noopener\">http:\/\/www.gersonrelocation.com<\/a><\/p>","protected":false},"excerpt":{"rendered":"<p>Gerson Relocation offer their clients a variety of services, whether they are relocating abroad or locally. A company profile and reviews follow the list of services on offer. Corporate Services\/Support Dedicated move manager to coordinate the move Professional survey Packing Shipping by sea, air or road Unpacking if required Clear away packing material for recycling [&hellip;]<\/p>\n","protected":false},"author":1,"featured_media":0,"parent":0,"menu_order":0,"comment_status":"closed","ping_status":"closed","template":"","meta":{"_genesis_hide_title":false,"_genesis_hide_breadcrumbs":false,"_genesis_hide_singular_image":false,"_genesis_hide_footer_widgets":false,"_genesis_custom_body_class":"","_genesis_custom_post_class":"","_genesis_layout":"","footnotes":""},"class_list":{"0":"post-939","1":"page","2":"type-page","3":"status-publish","5":"entry"},"_links":{"self":[{"href":"https:\/\/moverdb.com\/sk\/wp-json\/wp\/v2\/pages\/939","targetHints":{"allow":["GET"]}}],"collection":[{"href":"https:\/\/moverdb.com\/sk\/wp-json\/wp\/v2\/pages"}],"about":[{"href":"https:\/\/moverdb.com\/sk\/wp-json\/wp\/v2\/types\/page"}],"author":[{"embeddable":true,"href":"https:\/\/moverdb.com\/sk\/wp-json\/wp\/v2\/users\/1"}],"replies":[{"embeddable":true,"href":"https:\/\/moverdb.com\/sk\/wp-json\/wp\/v2\/comments?post=939"}],"version-history":[{"count":3,"href":"https:\/\/moverdb.com\/sk\/wp-json\/wp\/v2\/pages\/939\/revisions"}],"predecessor-version":[{"id":6214,"href":"https:\/\/moverdb.com\/sk\/wp-json\/wp\/v2\/pages\/939\/revisions\/6214"}],"wp:attachment":[{"href":"https:\/\/moverdb.com\/sk\/wp-json\/wp\/v2\/media?parent=939"}],"curies":[{"name":"wp","href":"https:\/\/api.w.org\/{rel}","templated":true}]}}