{"id":938,"date":"2016-09-23T07:14:51","date_gmt":"2016-09-23T07:14:51","guid":{"rendered":"http:\/\/moverdb.com\/?page_id=938"},"modified":"2026-01-08T14:40:14","modified_gmt":"2026-01-08T14:40:14","slug":"momentalne-premiestnenie","status":"publish","type":"page","link":"https:\/\/moverdb.com\/sk\/momentous-relocation\/","title":{"rendered":"V\u00fdznamn\u00e9 premiestnenie: Medzin\u00e1rodn\u00e9 s\u0165ahovanie a s\u0165ahovanie Recenzie"},"content":{"rendered":"<p>Momentous Relocation je spolo\u010dnos\u0165 \u0161pecializuj\u00faca sa na medzin\u00e1rodn\u00e9 s\u0165ahovanie a premiest\u0148ovanie so s\u00eddlom v <a href=\"https:\/\/moverdb.com\/sk\/moving-to-london\/\">Lond\u00fdn<\/a>. Svojim klientom pon\u00faka mno\u017estvo slu\u017eieb, ktor\u00e9 s\u00fa uveden\u00e9 ni\u017e\u0161ie spolu s profilom spolo\u010dnosti a recenziami.<\/p>\n<p><strong>S\u0165ahovacie slu\u017eby<\/strong><\/p>\n<ul>\n<li> Prieskum pred s\u0165ahovan\u00edm<\/li>\n<li> <a href=\"https:\/\/moverdb.com\/sk\/kontajnerova-preprava\/\">Preprava a leteck\u00e1 preprava<\/a><\/li>\n<li> Cie\u013eov\u00e9 slu\u017eby<\/li>\n<li> Pois\u0165ovacie slu\u017eby<\/li>\n<li> Dom\u00e1ce s\u0165ahovanie<\/li>\n<li> Doprava v\u00fdtvarn\u00e9ho umenia<\/li>\n<li> Slu\u017eba s\u0165ahovania dom\u00e1cich zvierat<\/li>\n<li> Sprievodcovia po krajine s\u0165ahovania<\/li>\n<\/ul>\n<p><strong>Slu\u017eby premiestnenia<\/strong><\/p>\n<ul>\n<li> Glob\u00e1lne s\u0165ahovanie a skladovanie<\/li>\n<li> V\u00edza a pris\u0165ahovalectvo<\/li>\n<li> Jazykov\u00e1 a kult\u00farna podpora<\/li>\n<li> <a href=\"https:\/\/moverdb.com\/sk\/naklady-na-stahovanie\/\">\u017divotn\u00e9 n\u00e1klady<\/a> anal\u00fdza<\/li>\n<li> Podpora partnerov pri premiest\u0148ovan\u00ed<\/li>\n<li> Orient\u00e1cia na oblas\u0165<\/li>\n<li> Vyh\u013ead\u00e1vanie v \u0161kol\u00e1ch<\/li>\n<li> Do\u010dasn\u00e9 ubytovanie<\/li>\n<li> Linka pomoci<\/li>\n<li> N\u00e1lez na domovskej stanici<\/li>\n<li> Pomoc pri usadzovan\u00ed<\/li>\n<li> Riadenie premiestnenia<\/li>\n<li> Odletov\u00e9 slu\u017eby<\/li>\n<\/ul>\n<p><strong>Slu\u017eby skladovania<\/strong><\/p>\n<ul>\n<li> Kr\u00e1tkodob\u00e9 a dlhodob\u00e9 skladovanie<\/li>\n<li> Medzin\u00e1rodn\u00e9 skladovanie<\/li>\n<li> Skladovanie v <a href=\"https:\/\/moverdb.com\/sk\/moving-to-the-uk\/\" data-internallinksmanager029f6b8e52c=\"93\" title=\"S\u0165ahujete sa do Spojen\u00e9ho kr\u00e1\u013eovstva? 2022 \u017divotn\u00e9 n\u00e1klady a tipy na pres\u0165ahovanie\">UK<\/a><\/li>\n<li> Obchodn\u00e9 skladovanie<\/li>\n<li> 24-hodinov\u00fd kamerov\u00fd syst\u00e9m<\/li>\n<\/ul>\n<p><strong>Premiest\u0148ovanie a s\u0165ahovanie kancel\u00e1ri\u00ed<\/strong><\/p>\n<ul>\n<li> Riadenie projektu<\/li>\n<li> Pren\u00e1jom prepraviek<\/li>\n<li> Porterage<\/li>\n<li> Pl\u00e1novanie a logistika<\/li>\n<li> Bal\u00edky poistenia na mieru<\/li>\n<li> Skladovanie kancel\u00e1rskeho n\u00e1bytku<\/li>\n<li> Ukladanie dokumentov<\/li>\n<li> Arch\u00edvne \u00falo\u017eisko<\/li>\n<li> \u0160pecializovan\u00e9 skladovanie<\/li>\n<li> Spolo\u010densk\u00e1 zodpovednos\u0165 podnikov<\/li>\n<li> Likvida\u010dn\u00e9 slu\u017eby<\/li>\n<li> Bezpe\u010dn\u00e1 skart\u00e1cia<\/li>\n<li> Upratovacie slu\u017eby<\/li>\n<li> Kancel\u00e1rske povolenia<\/li>\n<\/ul>\n<p><strong>Balenie a preprava v\u00fdtvarn\u00e9ho umenia<\/strong><\/p>\n<ul>\n<li> V\u00fdroba a balenie obalov<\/li>\n<li> Cestn\u00e1, leteck\u00e1 alebo n\u00e1morn\u00e1 preprava<\/li>\n<li> \u00dalo\u017eisko<\/li>\n<li> Balenie v bielych rukaviciach<\/li>\n<li> V\u00fdstavn\u00e9 slu\u017eby<\/li>\n<\/ul>\n<p><strong>\u0160peci\u00e1lne projekty<\/strong><\/p>\n<ul>\n<li> Preprava servera<\/li>\n<li> Medzin\u00e1rodn\u00e9 premiestnenie kancel\u00e1rie<\/li>\n<li> \u0160pecializovan\u00e9 pohyby<\/li>\n<li> Poistenie na mieru<\/li>\n<\/ul>\n<h2>Profil spolo\u010dnosti Momentous Relocation<\/h2>\n<p>Spolo\u010dnos\u0165 Momentous Relocation za\u010dala svoju medzin\u00e1rodn\u00fa \u010dinnos\u0165 v roku 1978. S\u00eddlo spolo\u010dnosti je na Baker Street v Lond\u00fdne a m\u00e1 dve skladovacie a kancel\u00e1rske priestory v severoz\u00e1padnom Lond\u00fdne (centr\u00e1la) a v Aylesbury. <\/p>\n<p>Spolo\u010dnos\u0165 a jej zamestnanci tvrdia, \u017ee ich klienti s\u00fa v\u017edy na prvom mieste a sna\u017eia sa, aby ka\u017ed\u00e9 s\u0165ahovanie prebehlo r\u00fdchlo a bezbolestne pre klienta.<\/p>\n<p>Spolo\u010dnos\u0165 Momentous Relocation m\u00e1 rozsiahly program spolo\u010denskej zodpovednosti, ktor\u00fd zah\u0155\u0148a jej zamestnancov, klientov, \u017eivotn\u00e9 prostredie a komunitu.<\/p>\n<p>Pr\u00edslu\u0161nos\u0165 a akredit\u00e1cie spolo\u010dnosti Momentous Relocation:<\/p>\n<ul>\n<li> <a href=\"https:\/\/moverdb.com\/sk\/fidi-faim\/\">FIDI<\/a><\/li>\n<li> <a href=\"https:\/\/moverdb.com\/sk\/fidi-faim\/\">FAIM Plus<\/a><\/li>\n<li> <a href=\"https:\/\/moverdb.com\/sk\/britska-asociacia-vyrobcov\/\">Britsk\u00e1 asoci\u00e1cia s\u0165ahova\u010dov<\/a> (<a href=\"https:\/\/moverdb.com\/sk\/british-association-of-removers\/\" data-internallinksmanager029f6b8e52c=\"9\" title=\"Vysvetlenie Britskej asoci\u00e1cie s\u0165ahovate\u013eov (BAR)\">BAR<\/a>)<\/li>\n<li> <a href=\"https:\/\/moverdb.com\/sk\/bar-overseas\/\">Britsk\u00e1 asoci\u00e1cia s\u0165ahovate\u013eov v z\u00e1mor\u00ed<\/a><\/li>\n<li> <a href=\"https:\/\/moverdb.com\/sk\/mtc\/\">Obchodn\u00fd klub Movers<\/a> (<a href=\"https:\/\/moverdb.com\/sk\/mtc\/\" data-internallinksmanager029f6b8e52c=\"30\" title=\"Vysvetlenie Movers Trading Club (MTC)\">MTC<\/a>)<\/li>\n<li> <a href=\"https:\/\/moverdb.com\/sk\/eura\/\">EuRA<\/a><\/li>\n<li> Akredit\u00e1cie ISO<\/li>\n<\/ul>\n<h2>Momentous Relocation Recenzie<\/h2>\n<p><strong>Pozit\u00edvne:<\/strong><\/p>\n<ul>\n<li> \"<em>Vynikaj\u00faci krok v ka\u017edom aspekte, nemohol hovori\u0165 dos\u0165 vysoko o slu\u017ebe. Odpor\u00fa\u010dam ka\u017ed\u00e9mu, kto sa v bud\u00facnosti op\u00fdta. Cikis a Scott boli skvel\u00ed!\"<\/em> cez <a href=\"http:\/\/www.momentousrelocation.com\/about-us\/what-our-customers-say-momentous-relocation-reviews\/\" target=\"_blank\" rel=\"noopener\">Momentous \u010co hovoria na\u0161i z\u00e1kazn\u00edci<\/a><\/li>\n<li> <em>\"Druh\u00fdkr\u00e1t ma Momentous pres\u0165ahovali, nem\u00f4\u017eem ich dostato\u010dne odporu\u010di\u0165.\"<\/em> - prostredn\u00edctvom <a href=\"http:\/\/moveaide.com\/movers\/momentous-relocation-london-uk-mover-review\" target=\"_blank\" rel=\"noopener\">MoveAid.com<\/a><\/li>\n<li> <em>\"Pres\u0165ahoval som sa zo Spojen\u00e9ho kr\u00e1\u013eovstva do <a href=\"https:\/\/moverdb.com\/sk\/moving-to-germany\/\" data-internallinksmanager029f6b8e52c=\"321\" title=\"S\u0165ahovanie do Nemecka? 2026 N\u00e1klady na b\u00fdvanie a tipy na pres\u0165ahovanie\">Nemecko<\/a>. Slu\u017eby boli ve\u013emi profesion\u00e1lne, organiza\u010dn\u00fd t\u00edm v Spojenom kr\u00e1\u013eovstve bol \u00fastretov\u00fd a flexibiln\u00fd.\"<\/em> - Ursula prostredn\u00edctvom <a href=\"https:\/\/www.facebook.com\/pg\/momentousltd\/reviews\/\" target=\"_blank\" rel=\"noopener\">Facebook<\/a><\/li>\n<li> <em>\"Fantastick\u00e9 slu\u017eby! Scott a Darren boli zdvoril\u00ed a ve\u013emi profesion\u00e1lni, v\u0161etko ve\u013emi efekt\u00edvne zabalili, dokonca pou\u017eili chr\u00e1ni\u010de na podlahy, tak\u017ee moje koberce boli plne chr\u00e1nen\u00e9.\"<\/em> - Evelynn prostredn\u00edctvom <a href=\"http:\/\/www.removalreviews.co.uk\/movers\/momentous-relocation-215#8293\" target=\"_blank\" rel=\"noopener\">RemovalReviews.com<\/a><\/li>\n<\/ul>\n<p><strong>Negat\u00edvne<\/strong><\/p>\n<ul>\n<li> <em>\"Mal hrozn\u00fa sk\u00fasenos\u0165 s t\u00fdmto podnikom, ktor\u00fd vzal moje peniaze a potom poskytol hrozn\u00e9 slu\u017eby (z ktor\u00fdch niektor\u00e9 boli vinou ich partnerov), ale odmietli prevzia\u0165 ak\u00fako\u013evek zodpovednos\u0165 alebo vlastn\u00edctvo alebo udalosti, ktor\u00e9 zah\u0155\u0148ali v\u00e1\u017enu nehodu, ku ktorej do\u0161lo u \u010dlena rodiny z nespr\u00e1vne nain\u0161talovan\u00e9ho n\u00e1bytku.\"<\/em> - James prostredn\u00edctvom <a href=\"http:\/\/moveaide.com\/movers\/momentous-relocation-london-uk-mover-review\" target=\"_blank\" rel=\"noopener\">MoveAid.com<\/a><\/li>\n<li> <em>Najhor\u0161ie s\u00fa chv\u00ed\u013ekov\u00e9 s\u0165ahovania <a href=\"https:\/\/moverdb.com\/sk\/international-removals\/\" data-internallinksmanager029f6b8e52c=\"27\" title=\"36 najlep\u0161\u00edch medzin\u00e1rodn\u00fdch s\u0165ahovac\u00edch spolo\u010dnost\u00ed v Spojenom kr\u00e1\u013eovstve\">s\u0165ahovacia spolo\u010dnos\u0165<\/a> v tejto krajine. Za necel\u00fdch 8 rokov som sa s\u0165ahoval 6-kr\u00e1t, tak\u017ee si mysl\u00edm, \u017ee som v tom u\u017e sk\u00fasen\u00fd.<\/em> cez <a href=\"http:\/\/www.removalreviews.co.uk\/movers\/momentous-relocation-215#714\" target=\"_blank\" rel=\"noopener\">RemovalReviews.com<\/a><\/li>\n<\/ul>\n<div itemprop=\"review\" itemscope itemtype=\"http:\/\/schema.org\/Review\">\n<span itemprop=\"author\" itemscope=\"\" itemtype=\"http:\/\/schema.org\/Organization\"><span itemprop=\"name\">MoverDB.com<\/span><\/span> Online preh\u013ead webov\u00fdch str\u00e1nok pre <span itemprop=\"itemreviewed\" itemscope=\"\" itemtype=\"http:\/\/schema.org\/Brand\"><span itemprop=\"name\">V\u00fdznamn\u00e9 premiestnenie<\/span><\/span>:<\/p>\n<ol>\n<li> Jasn\u00e9 kontaktn\u00e9 \u00fadaje na webovej str\u00e1nke (vr\u00e1tane telef\u00f3nneho \u010d\u00edsla): <strong>\u00c1no<\/strong><\/li>\n<li> Jednoduch\u00e9 z\u00edskanie <a href=\"https:\/\/moverdb.com\/sk\/citaty\/\">cit\u00e1cie medzin\u00e1rodn\u00fdch s\u0165ahovan\u00ed<\/a>? (Online formul\u00e1r \u017eiadosti o odhad): <strong>\u00c1no<\/strong><\/li>\n<li> Jasn\u00e9 inform\u00e1cie na webovej str\u00e1nke: <strong>\u00c1no<\/strong>, Na webovej str\u00e1nke s\u00fa uveden\u00e9 pon\u00fakan\u00e9 slu\u017eby, ale nie je na nej ve\u013ea podrobn\u00fdch inform\u00e1ci\u00ed.<\/li>\n<li> \u010dlenstvo v medzin\u00e1rodn\u00fdch uznan\u00fdch organiz\u00e1ci\u00e1ch pohybliv\u00fdch zvierat: <strong>\u00c1no<\/strong><\/li>\n<li> Zoznam klientov a\/alebo referencie predch\u00e1dzaj\u00facich z\u00e1kazn\u00edkov: <strong>\u00c1no,<\/strong> Existuje nieko\u013eko pozit\u00edvnych referenci\u00ed od klientov, ale \u017eiadny zoznam klientov. Spolo\u010dnos\u0165 tie\u017e vo v\u0161eobecnosti dost\u00e1va v\u00e4\u010d\u0161inou pozit\u00edvne recenzie na internete.<\/li>\n<\/ol>\n<div itemprop=\"reviewRating\" itemscope itemtype=\"http:\/\/schema.org\/Rating\"><meta itemprop=\"worstRating\" content = \"0\" \/><meta itemprop=\"bestRating\" content=\"5\" \/><meta itemprop=\"ratingValue\" content=\"4.5\"><\/div>\n<p><strong>Celkov\u00e9 hodnotenie: 4,5\/5<\/strong><br \/>\n<strong>D\u00e1tum recenzie:<\/strong> <span itemprop=\"datePublished\" content=\"2016-09-23\">23\/09\/16<\/span>\n<\/div>\n<p>Viac o <a href=\"https:\/\/moverdb.com\/sk\/medzinarodne-stahovanie\/\">s\u0165ahovacie spolo\u010dnosti<\/a> a na\u0161e <a href=\"https:\/\/moverdb.com\/sk\/recenzie\/\">proces presk\u00famania<\/a>.<\/p>\n<p><strong>Webov\u00e1 lokalita:<\/strong> <a href=\"http:\/\/www.momentousrelocation.com\/\" target=\"_blank\" rel=\"noopener\">http:\/\/www.momentousrelocation.com<\/a><\/p>","protected":false},"excerpt":{"rendered":"<p>Momentous Relocation is an international removal and relocation specialist company based in London. It offers its clients many services which are listed below, together with a company profile and reviews. Moving Services Pre move survey Shipping and airfreight Destination services Insurance services Domestic moving Fine art shipping Pet moving service Moving home country guides Relocation [&hellip;]<\/p>\n","protected":false},"author":1,"featured_media":0,"parent":0,"menu_order":0,"comment_status":"closed","ping_status":"closed","template":"","meta":{"_genesis_hide_title":false,"_genesis_hide_breadcrumbs":false,"_genesis_hide_singular_image":false,"_genesis_hide_footer_widgets":false,"_genesis_custom_body_class":"","_genesis_custom_post_class":"","_genesis_layout":"","footnotes":""},"class_list":{"0":"post-938","1":"page","2":"type-page","3":"status-publish","5":"entry"},"_links":{"self":[{"href":"https:\/\/moverdb.com\/sk\/wp-json\/wp\/v2\/pages\/938","targetHints":{"allow":["GET"]}}],"collection":[{"href":"https:\/\/moverdb.com\/sk\/wp-json\/wp\/v2\/pages"}],"about":[{"href":"https:\/\/moverdb.com\/sk\/wp-json\/wp\/v2\/types\/page"}],"author":[{"embeddable":true,"href":"https:\/\/moverdb.com\/sk\/wp-json\/wp\/v2\/users\/1"}],"replies":[{"embeddable":true,"href":"https:\/\/moverdb.com\/sk\/wp-json\/wp\/v2\/comments?post=938"}],"version-history":[{"count":6,"href":"https:\/\/moverdb.com\/sk\/wp-json\/wp\/v2\/pages\/938\/revisions"}],"predecessor-version":[{"id":13178,"href":"https:\/\/moverdb.com\/sk\/wp-json\/wp\/v2\/pages\/938\/revisions\/13178"}],"wp:attachment":[{"href":"https:\/\/moverdb.com\/sk\/wp-json\/wp\/v2\/media?parent=938"}],"curies":[{"name":"wp","href":"https:\/\/api.w.org\/{rel}","templated":true}]}}