{"id":927,"date":"2016-09-23T21:57:09","date_gmt":"2016-09-23T21:57:09","guid":{"rendered":"http:\/\/moverdb.com\/?page_id=927"},"modified":"2026-01-08T13:19:00","modified_gmt":"2026-01-08T13:19:00","slug":"imove-international","status":"publish","type":"page","link":"https:\/\/moverdb.com\/sk\/imove-international\/","title":{"rendered":"IMove International: S\u0165ahovanie a s\u0165ahovanie Recenzie"},"content":{"rendered":"<p>Spolo\u010dnos\u0165 IMove International s\u00eddli v Surrey. Svojim z\u00e1kazn\u00edkom pon\u00faka cel\u00fd rad slu\u017eieb, ktor\u00e9 im pom\u00f4\u017eu pri s\u0165ahovan\u00ed do zahrani\u010dia. Tieto slu\u017eby s\u00fa uveden\u00e9 ni\u017e\u0161ie spolu s profilom spolo\u010dnosti a recenziami.<\/p>\n<p><strong><a href=\"https:\/\/moverdb.com\/sk\/international-removals\/\" data-internallinksmanager029f6b8e52c=\"27\" title=\"36 najlep\u0161\u00edch medzin\u00e1rodn\u00fdch s\u0165ahovac\u00edch spolo\u010dnost\u00ed v Spojenom kr\u00e1\u013eovstve\">Medzin\u00e1rodn\u00e9 s\u0165ahovanie<\/a><\/strong><\/p>\n<ul>\n<li> Koordin\u00e1tor osobn\u00e9ho presunu<\/li>\n<li> Od dver\u00ed k dver\u00e1m<\/li>\n<li> Dvere do <a href=\"https:\/\/moverdb.com\/sk\/top-49-container-ports\/\" data-internallinksmanager029f6b8e52c=\"80\" title=\"49 najv\u00e4\u010d\u0161\u00edch a najvy\u0165a\u017eenej\u0161\u00edch kontajnerov\u00fdch pr\u00edstavov v roku 2025\">pr\u00edstav<\/a><\/li>\n<li> Leteck\u00e1, n\u00e1morn\u00e1 alebo cestn\u00e1 doprava<\/li>\n<li> Premiestnenie spolo\u010dnosti<\/li>\n<li> <a href=\"https:\/\/moverdb.com\/sk\/automobilova-doprava-a-preprava\/\">Motorov\u00e9 vozidl\u00e1<\/a><\/li>\n<li> Kompletn\u00e9 baliace slu\u017eby<\/li>\n<li> Vlastn\u00e9 balenie<\/li>\n<li> Krehk\u00e9 balenie<\/li>\n<li> Dodanie bezplatn\u00fdch kart\u00f3nov, p\u00e1sky a obalov<\/li>\n<li> Slu\u017eba vyba\u013eovania<\/li>\n<li> Dlhodob\u00e9 a kr\u00e1tkodob\u00e9 skladovanie <\/li>\n<li> <a href=\"https:\/\/moverdb.com\/sk\/kontajnerova-preprava\/\">Kontajnerov\u00e1 doprava<\/a><\/li>\n<li> Preprava nadmern\u00e9ho mno\u017estva bato\u017einy<\/li>\n<li> Poskytnut\u00e9 poistenie<\/li>\n<li> Pomoc pri vybavovan\u00ed coln\u00fdch z\u00e1le\u017eitost\u00ed a dokument\u00e1cie<\/li>\n<\/ul>\n<p><strong>Ostatn\u00e9 slu\u017eby<\/strong><\/p>\n<ul>\n<li> Dlhodob\u00e9 a kr\u00e1tkodob\u00e9 skladovanie<\/li>\n<li> Preprava a skladovanie \u0161tudentov<\/li>\n<li> <a href=\"https:\/\/moverdb.com\/sk\/car-transport-shipping\/\" data-internallinksmanager029f6b8e52c=\"2\" title=\"2026 Medzin\u00e1rodn\u00e1 preprava \u00e1ut a cit\u00e1cie prepravy vozidiel\">Preprava automobilov<\/a><\/li>\n<li> Spolo\u010dn\u00fd kontajner<\/li>\n<li> V\u00fdvozn\u00e9 balenie<\/li>\n<li> Balenie a v\u00fdroba obalov<\/li>\n<\/ul>\n<h2>Profil spolo\u010dnosti IMove International<\/h2>\n<p>IMove International je mlad\u00e1 s\u00fakromn\u00e1 spolo\u010dnos\u0165 zalo\u017een\u00e1 v m\u00e1ji 2011. Je to \u0161pecialista <a href=\"https:\/\/moverdb.com\/sk\/medzinarodne-stahovanie\/\">medzin\u00e1rodn\u00e9 s\u0165ahovanie<\/a>, prepravn\u00e1 a s\u0165ahovacia spolo\u010dnos\u0165. <\/p>\n<p>Spolo\u010dnos\u0165 IMove organizuje s\u0165ahovanie pre rodiny, firemn\u00fdch klientov a jednotlivcov z <a href=\"https:\/\/moverdb.com\/sk\/moving-to-the-uk\/\" data-internallinksmanager029f6b8e52c=\"93\" title=\"S\u0165ahujete sa do Spojen\u00e9ho kr\u00e1\u013eovstva? 2022 \u017divotn\u00e9 n\u00e1klady a tipy na pres\u0165ahovanie\">UK<\/a> do v\u00e4\u010d\u0161iny destin\u00e1ci\u00ed na celom svete.<\/p>\n<p>IMove prepravuje v\u0161etko od najmen\u0161ieho bal\u00edka a\u017e po n\u00e1bytok pre cel\u00fa dom\u00e1cnos\u0165. Spolo\u010dnos\u0165 poskytuje ka\u017ed\u00e9mu klientovi osobn\u00e9ho koordin\u00e1tora s\u0165ahovania, ktor\u00fd je jeho kontaktnou osobou po\u010das cel\u00e9ho procesu s\u0165ahovania.<\/p>\n<p>Spolo\u010dnos\u0165 IMove International m\u00e1 tieto akredit\u00e1cie a afili\u00e1cie:<\/p>\n<ul>\n<li> ISO 9001<\/li>\n<\/ul>\n<h2>IMove International Recenzie<\/h2>\n<p><strong>Pozit\u00edvne:<\/strong><\/p>\n<ul>\n<li> <em>\"V\u0161etko prebiehalo hladko a efekt\u00edvne. Ur\u010dite by som t\u00fato spolo\u010dnos\u0165 odporu\u010dil pre jej slu\u017eby a pomer ceny a kvality.\"<\/em> - H Fowler prostredn\u00edctvom <a href=\"http:\/\/www.imoveintl.com\/testimonials.htm\" target=\"_blank\" rel=\"noopener\">Str\u00e1nka s recenziami z\u00e1kazn\u00edkov<\/a><\/li>\n<li> \"<em>R\u00e1d by som zablaho\u017eelal spolo\u010dnosti IMove k presnosti, r\u00fdchlosti a profesionalite, s akou sa moje s\u0165ahovanie z Orlanda <a href=\"https:\/\/moverdb.com\/sk\/moving-to-the-united-states\/moving-to-florida\/\" data-internallinksmanager029f6b8e52c=\"331\" title=\"S\u0165ahovanie na Floridu? 2026 N\u00e1klady na b\u00fdvanie a tipy na pres\u0165ahovanie\">Florida<\/a> do Kentu.<\/em> - Annette <a href=\"http:\/\/www.removalreviews.co.uk\/movers\/imove-international-191#11473\" target=\"_blank\" rel=\"noopener\">RemovalReviews.com<\/a> <\/li>\n<li> \"<em>D\u00f4kladne odpor\u00fa\u010dam t\u00fato spolo\u010dnos\u0165 - ve\u013emi rozumn\u00e9 n\u00e1klady, mimoriadne r\u00fdchly presun a skvel\u00e9 slu\u017eby\"<\/em> - Johathan prostredn\u00edctvom <a href=\"http:\/\/www.reviews.co.uk\/company-reviews\/store\/imove-international-removals-ltd\" target=\"_blank\" rel=\"noopener\">Recenzie.co.uk<\/a> <\/li>\n<\/ul>\n<p><strong>Negat\u00edvne<\/strong><\/p>\n<ul>\n<li> \"<em>Hoci \u010das dodania z <a href=\"https:\/\/moverdb.com\/sk\/moving-to-london\/\">Lond\u00fdn<\/a> na <a href=\"https:\/\/moverdb.com\/sk\/moving-to-switzerland\/\" data-internallinksmanager029f6b8e52c=\"327\" title=\"S\u0165ahovanie do \u0160vaj\u010diarska? 2026 N\u00e1klady na b\u00fdvanie a tipy na pres\u0165ahovanie\">\u0160vaj\u010diarsko<\/a> bol r\u00fdchly, d\u00f4razne by som nikoho neodradil od pou\u017e\u00edvania tejto spolo\u010dnosti, preto\u017ee jeden z cennej\u0161\u00edch predmetov nebol nikdy doru\u010den\u00fd a \"stratil\". Zd\u00e1 sa, \u017ee strata tohto predmetu nevyvolala \u017eiadne skuto\u010dn\u00e9 prekvapenie, obavy ani ospravedlnenie.\"<\/em> - Pani Laurensov\u00e1 prostredn\u00edctvom <a href=\"http:\/\/www.removalreviews.co.uk\/movingreviews\/stolen-item-1264\" target=\"_blank\" rel=\"noopener\">RemovalReviews.co.uk<\/a> <\/li>\n<li> \"<em>Na\u0161e veci boli vyzdvihnut\u00e9 pod\u013ea d\u00e1tumu zberu (02.11.2015), \u010do bolo skvel\u00e9, av\u0161ak teraz je marec a my sme st\u00e1le nedostali na\u0161e krabice.\"<\/em> - Samantha prostredn\u00edctvom <a href=\"http:\/\/www.reviews.co.uk\/company-reviews\/store\/imove-international-removals-ltd\" target=\"_blank\" rel=\"noopener\">Recenzie.co.uk<\/a> <\/li>\n<\/ul>\n<div itemprop=\"review\" itemscope itemtype=\"http:\/\/schema.org\/Review\">\n<span itemprop=\"author\" itemscope=\"\" itemtype=\"http:\/\/schema.org\/Organization\"><span itemprop=\"name\">MoverDB.com<\/span><\/span> Online preh\u013ead webov\u00fdch str\u00e1nok pre <span itemprop=\"itemreviewed\" itemscope=\"\" itemtype=\"http:\/\/schema.org\/Brand\"><span itemprop=\"name\">IMove International<\/span><\/span>:<\/p>\n<ol>\n<li> Jasn\u00e9 kontaktn\u00e9 \u00fadaje na webovej str\u00e1nke (vr\u00e1tane telef\u00f3nneho \u010d\u00edsla): <strong>\u00c1no<\/strong><\/li>\n<li> Jednoduch\u00e9 z\u00edskanie <a href=\"https:\/\/moverdb.com\/sk\/citaty\/\">cit\u00e1cie medzin\u00e1rodn\u00fdch s\u0165ahovan\u00ed<\/a>? (Online formul\u00e1r \u017eiadosti o odhad): <strong>\u00c1no<\/strong><\/li>\n<li> Jasn\u00e9 inform\u00e1cie na webovej str\u00e1nke: <strong>\u00c1no<\/strong>, Webov\u00e1 str\u00e1nka obsahuje mno\u017estvo inform\u00e1ci\u00ed o s\u0165ahovan\u00ed do r\u00f4znych kraj\u00edn sveta vr\u00e1tane potrebn\u00fdch dokumentov.<\/li>\n<li> \u010dlenstvo v medzin\u00e1rodn\u00fdch uznan\u00fdch organiz\u00e1ci\u00e1ch pohybliv\u00fdch zvierat: <strong>\u010ciasto\u010dn\u00e9<\/strong>, hoci s\u00fa registrovan\u00e9 pod\u013ea normy ISO, zd\u00e1 sa, \u017ee im ch\u00fdba in\u00e1 akredit\u00e1cia.<\/li>\n<li> Zoznam klientov a\/alebo referencie predch\u00e1dzaj\u00facich z\u00e1kazn\u00edkov: <strong>\u00c1no,<\/strong> Na str\u00e1nke je ve\u013ea pozit\u00edvnych hodnoten\u00ed z\u00e1kazn\u00edkov.<\/li>\n<\/ol>\n<div itemprop=\"reviewRating\" itemscope itemtype=\"http:\/\/schema.org\/Rating\"><meta itemprop=\"worstRating\" content = \"0\" \/><meta itemprop=\"bestRating\" content=\"5\" \/><meta itemprop=\"ratingValue\" content=\"4\"><\/div>\n<p><strong>Celkov\u00e9 hodnotenie: 4\/5<\/strong><br \/>\n<strong>D\u00e1tum recenzie:<\/strong> <span itemprop=\"datePublished\" content=\"2016-09-23\">23\/09\/16<\/span>\n<\/div>\n<p>Pre\u010d\u00edtajte si viac o <a href=\"https:\/\/moverdb.com\/sk\/medzinarodne-stahovanie\/\">s\u0165ahovacie spolo\u010dnosti<\/a> a na\u0161e <a href=\"https:\/\/moverdb.com\/sk\/recenzie\/\">proces presk\u00famania<\/a>.<\/p>\n<p><strong>Webov\u00e1 lokalita:<\/strong> <a href=\"http:\/\/www.imoveintl.com\/\" target=\"_blank\" rel=\"noopener\">http:\/\/www.imoveintl.com\/<\/a><\/p>","protected":false},"excerpt":{"rendered":"<p>IMove International is based in Surrey. It offers its customers a range of services to assist with their move abroad. These are listed below, together with a company profile and reviews. International Removals Personal move coordinator Door to door Door to port Air, sea or road Company relocations Motor vehicles Full packing service Self-packing Fragile [&hellip;]<\/p>\n","protected":false},"author":1,"featured_media":0,"parent":0,"menu_order":0,"comment_status":"closed","ping_status":"closed","template":"","meta":{"_genesis_hide_title":false,"_genesis_hide_breadcrumbs":false,"_genesis_hide_singular_image":false,"_genesis_hide_footer_widgets":false,"_genesis_custom_body_class":"","_genesis_custom_post_class":"","_genesis_layout":"","footnotes":""},"class_list":{"0":"post-927","1":"page","2":"type-page","3":"status-publish","5":"entry"},"_links":{"self":[{"href":"https:\/\/moverdb.com\/sk\/wp-json\/wp\/v2\/pages\/927","targetHints":{"allow":["GET"]}}],"collection":[{"href":"https:\/\/moverdb.com\/sk\/wp-json\/wp\/v2\/pages"}],"about":[{"href":"https:\/\/moverdb.com\/sk\/wp-json\/wp\/v2\/types\/page"}],"author":[{"embeddable":true,"href":"https:\/\/moverdb.com\/sk\/wp-json\/wp\/v2\/users\/1"}],"replies":[{"embeddable":true,"href":"https:\/\/moverdb.com\/sk\/wp-json\/wp\/v2\/comments?post=927"}],"version-history":[{"count":6,"href":"https:\/\/moverdb.com\/sk\/wp-json\/wp\/v2\/pages\/927\/revisions"}],"predecessor-version":[{"id":13160,"href":"https:\/\/moverdb.com\/sk\/wp-json\/wp\/v2\/pages\/927\/revisions\/13160"}],"wp:attachment":[{"href":"https:\/\/moverdb.com\/sk\/wp-json\/wp\/v2\/media?parent=927"}],"curies":[{"name":"wp","href":"https:\/\/api.w.org\/{rel}","templated":true}]}}