{"id":925,"date":"2016-09-27T05:35:52","date_gmt":"2016-09-27T05:35:52","guid":{"rendered":"http:\/\/moverdb.com\/?page_id=925"},"modified":"2026-01-08T14:40:05","modified_gmt":"2026-01-08T14:40:05","slug":"lopa-removals","status":"publish","type":"page","link":"https:\/\/moverdb.com\/sk\/lopa-removals\/","title":{"rendered":"Lopa Removals: Medzin\u00e1rodn\u00e9 s\u0165ahovanie Recenzie"},"content":{"rendered":"<p>Spolo\u010dnos\u0165 Lopa Removals so s\u00eddlom v Romforde pon\u00faka svojim z\u00e1kazn\u00edkom cel\u00fd rad slu\u017eieb, ktor\u00e9 s\u00fa uveden\u00e9 ni\u017e\u0161ie spolu s profilom spolo\u010dnosti a recenziami.<\/p>\n<p><strong>Eur\u00f3pske a medzin\u00e1rodn\u00e9 pohyby<\/strong><\/p>\n<ul>\n<li> \u0160pecializovan\u00fd mana\u017e\u00e9r s\u0165ahovania<\/li>\n<li> S\u0165ahovanie cel\u00e9ho domu za 2-5 dn\u00ed<\/li>\n<li> Zriaden\u00e9 poistenie<\/li>\n<li> GPS sledovanie vozidiel<\/li>\n<li> Kompletn\u00e9 balenie, krehk\u00e9 balenie alebo si ho urobte sami<\/li>\n<li> Bezplatn\u00e9 krabice a baliaci materi\u00e1l<\/li>\n<li> Z\u00e1ruka bez po\u0161kodenia<\/li>\n<li> Umiestnenie na<\/li>\n<li> Extern\u00e9 v\u00fd\u0165ahy pre predmety, ako s\u00fa klav\u00edry<\/li>\n<li> \u010ciasto\u010dn\u00e9 za\u0165a\u017eenie a pln\u00e9 za\u0165a\u017eenie<\/li>\n<li> Slu\u017eba vyba\u013eovania<\/li>\n<li> Kr\u00e1tkodob\u00e9 a dlhodob\u00e9 skladovanie<\/li>\n<\/ul>\n<p><strong>\u00dalo\u017eisko<\/strong><\/p>\n<ul>\n<li> Kr\u00e1tkodob\u00e9 a dlhodob\u00e9<\/li>\n<li> Zabezpe\u010den\u00e9 a uzavret\u00e9<\/li>\n<li> Poisten\u00e9<\/li>\n<li> Profesion\u00e1lne poskladan\u00e9<\/li>\n<li> n\u00e1le\u017eite chr\u00e1nen\u00e9 pred po\u0161koden\u00edm a zne\u010disten\u00edm<\/li>\n<\/ul>\n<p><strong>\u0160pecialistick\u00e9 pohyby<\/strong><\/p>\n<ul>\n<li> Gal\u00e9rie umenia<\/li>\n<li> V\u00fdstavy<\/li>\n<\/ul>\n<h2>Profil spolo\u010dnosti Lopa Removals<\/h2>\n<p>Spolo\u010dnos\u0165 Lopa Removals sa \u0161pecializuje na medzin\u00e1rodn\u00e9 s\u0165ahovanie, najm\u00e4 v r\u00e1mci Eur\u00f3py. Spolo\u010dnos\u0165 s\u00eddli v Romforde. Ide o mlad\u00fa spolo\u010dnos\u0165, ktorej hlavn\u00fdm cie\u013eom je zlep\u0161i\u0165 existuj\u00face s\u0165ahovanie medzi eur\u00f3pskymi krajinami. <\/p>\n<p>M\u00e1 dlh\u00fd zoznam v\u00fdznamn\u00fdch spokojn\u00fdch z\u00e1kazn\u00edkov. Spolo\u010dnos\u0165 Lopa Removals pon\u00faka vysok\u00fa \u00farove\u0148 slu\u017eieb z\u00e1kazn\u00edkom pred s\u0165ahovan\u00edm, po\u010das neho aj po \u0148om. V\u010faka pozit\u00edvnym ohlasom z\u00e1kazn\u00edkov sa v s\u00fa\u010dasnosti zameriava na s\u0165ahovanie medzi <a href=\"https:\/\/moverdb.com\/sk\/moving-to-london\/\">Lond\u00fdn<\/a>, <a href=\"https:\/\/moverdb.com\/sk\/moving-to-france\/moving-to-paris\/\" data-internallinksmanager029f6b8e52c=\"407\" title=\"S\u0165ahujete sa do Par\u00ed\u017ea? 2026 N\u00e1klady na b\u00fdvanie a tipy na pres\u0165ahovanie\">Par\u00ed\u017e<\/a> a Brusel a urobi\u0165 z nich tie najlep\u0161ie na trhu.<\/p>\n<p>Spolo\u010dnos\u0165 Lopa Removals m\u00e1 tieto akredit\u00e1cie a pr\u00edslu\u0161nos\u0165:<\/p>\n<ul>\n<li> Norma kvality ISO 9001<\/li>\n<li> <a href=\"https:\/\/moverdb.com\/sk\/britska-asociacia-vyrobcov\/\">Britsk\u00e1 asoci\u00e1cia s\u0165ahova\u010dov<\/a> (<a href=\"https:\/\/moverdb.com\/sk\/british-association-of-removers\/\" data-internallinksmanager029f6b8e52c=\"9\" title=\"Vysvetlenie Britskej asoci\u00e1cie s\u0165ahovate\u013eov (BAR)\">BAR<\/a>)<\/li>\n<\/ul>\n<h2>Lopa Removals Recenzie<\/h2>\n<p><strong>Pozit\u00edvne:<\/strong><\/p>\n<ul>\n<li> \"Spolo\u010dnos\u0165 Lopa removals poskytla ve\u013emi dobr\u00e9 slu\u017eby a zabezpe\u010dila n\u00e1m hladk\u00e9 a bezstresov\u00e9 s\u0165ahovanie z Lond\u00fdna do Par\u00ed\u017ea.\" - S. Gerber prostredn\u00edctvom <a href=\"https:\/\/uk.trustpilot.com\/reviews\/57b199dc0000ff00097bf54d\" target=\"_blank\" rel=\"noopener\">Trustpilot<\/a><\/li>\n<\/ul>\n<p><strong>Negat\u00edvne:<\/strong><\/p>\n<ul>\n<li> \"<em>Pres\u00faval som sa z <a href=\"https:\/\/moverdb.com\/sk\/moving-to-belgium\/\" data-internallinksmanager029f6b8e52c=\"323\" title=\"S\u0165ahovanie do Belgicka? 2026 N\u00e1klady na b\u00fdvanie a tipy na pres\u0165ahovanie\">Belgicko<\/a> a bol nad\u0161en\u00fd, \u017ee na\u0161iel t\u00fdchto chlapcov, za rozumn\u00fa cenu, ve\u013emi dobr\u00e9 recenzie tu a inzerovan\u00e9 ako rodinn\u00e9 vlastn\u00edctvo a ve\u013emi pochopenie. Mal som to vedie\u0165 lep\u0161ie.\"<\/em> Andrei prostredn\u00edctvom <a href=\"https:\/\/uk.trustpilot.com\/reviews\/53ce415d0000640002999120\" target=\"_blank\" rel=\"noopener\">Trustpilot<\/a> <\/li>\n<\/ul>\n<div itemprop=\"review\" itemscope itemtype=\"http:\/\/schema.org\/Review\">\n<span itemprop=\"author\" itemscope=\"\" itemtype=\"http:\/\/schema.org\/Organization\"><span itemprop=\"name\">MoverDB.com<\/span><\/span> Online preh\u013ead webov\u00fdch str\u00e1nok pre <span itemprop=\"itemreviewed\" itemscope=\"\" itemtype=\"http:\/\/schema.org\/Brand\"><span itemprop=\"name\">S\u0165ahovanie Lopa<\/span><\/span>:<\/p>\n<ol>\n<li> Jasn\u00e9 kontaktn\u00e9 \u00fadaje na webovej str\u00e1nke (vr\u00e1tane telef\u00f3nneho \u010d\u00edsla): <strong>\u00c1no<\/strong><\/li>\n<li> Jednoduch\u00e9 z\u00edskanie <a href=\"https:\/\/moverdb.com\/sk\/citaty\/\">ponuky s\u0165ahovania<\/a>? (Online formul\u00e1r \u017eiadosti o odhad): <strong>\u00c1no<\/strong><\/li>\n<li> Jasn\u00e9 inform\u00e1cie na webovej str\u00e1nke: <strong>Niektor\u00e9,<\/strong> celkovo v\u0161ak webov\u00e1 str\u00e1nka obsahuje pomerne m\u00e1lo inform\u00e1ci\u00ed.<\/li>\n<li> \u010dlenstvo v medzin\u00e1rodn\u00fdch uznan\u00fdch organiz\u00e1ci\u00e1ch pohybliv\u00fdch zvierat: <strong>\u00c1no<\/strong><\/li>\n<li> Zoznam klientov a\/alebo referencie predch\u00e1dzaj\u00facich z\u00e1kazn\u00edkov: <strong>\u010ciasto\u010dn\u00e9,<\/strong> zatia\u013e \u010do nie s\u00fa umiestnen\u00e9 na mieste, maj\u00fa pozit\u00edvne hodnotenie na Trustpilot.<\/li>\n<\/ol>\n<div itemprop=\"reviewRating\" itemscope itemtype=\"http:\/\/schema.org\/Rating\"><meta itemprop=\"worstRating\" content = \"0\" \/><meta itemprop=\"bestRating\" content=\"5\" \/><meta itemprop=\"ratingValue\" content=\"4\"><\/div>\n<p><strong>Celkov\u00e9 hodnotenie: 4\/5<\/strong><br \/>\n<strong>D\u00e1tum recenzie:<\/strong> <span itemprop=\"datePublished\" content=\"2016-09-27\">27\/08\/16<\/span>\n<\/div>\n<p>Pre\u010d\u00edtajte si viac o <a href=\"https:\/\/moverdb.com\/sk\/medzinarodne-stahovanie\/\">medzin\u00e1rodn\u00e9 s\u0165ahovanie<\/a> a na\u0161e <a href=\"https:\/\/moverdb.com\/sk\/recenzie\/\">proces presk\u00famania<\/a>.<\/p>\n<p><strong>Webov\u00e1 lokalita:<\/strong> <a href=\"http:\/\/new.loparemovals.com\/\" target=\"_blank\" rel=\"noopener\">http:\/\/new.loparemovals.com\/<\/a><\/p>","protected":false},"excerpt":{"rendered":"<p>Lopa Removals is based in Romford and offers its customers a range of services which are listed below, together with a company profile and reviews. European and International Moves Dedicated move manager Full house moves complete in 2-5 days Insurance arranged GPS vehicle tracking Full packing, fragile packing or do it yourself Free boxes and [&hellip;]<\/p>\n","protected":false},"author":1,"featured_media":0,"parent":0,"menu_order":0,"comment_status":"closed","ping_status":"closed","template":"","meta":{"_genesis_hide_title":false,"_genesis_hide_breadcrumbs":false,"_genesis_hide_singular_image":false,"_genesis_hide_footer_widgets":false,"_genesis_custom_body_class":"","_genesis_custom_post_class":"","_genesis_layout":"","footnotes":""},"class_list":{"0":"post-925","1":"page","2":"type-page","3":"status-publish","5":"entry"},"_links":{"self":[{"href":"https:\/\/moverdb.com\/sk\/wp-json\/wp\/v2\/pages\/925","targetHints":{"allow":["GET"]}}],"collection":[{"href":"https:\/\/moverdb.com\/sk\/wp-json\/wp\/v2\/pages"}],"about":[{"href":"https:\/\/moverdb.com\/sk\/wp-json\/wp\/v2\/types\/page"}],"author":[{"embeddable":true,"href":"https:\/\/moverdb.com\/sk\/wp-json\/wp\/v2\/users\/1"}],"replies":[{"embeddable":true,"href":"https:\/\/moverdb.com\/sk\/wp-json\/wp\/v2\/comments?post=925"}],"version-history":[{"count":7,"href":"https:\/\/moverdb.com\/sk\/wp-json\/wp\/v2\/pages\/925\/revisions"}],"predecessor-version":[{"id":13171,"href":"https:\/\/moverdb.com\/sk\/wp-json\/wp\/v2\/pages\/925\/revisions\/13171"}],"wp:attachment":[{"href":"https:\/\/moverdb.com\/sk\/wp-json\/wp\/v2\/media?parent=925"}],"curies":[{"name":"wp","href":"https:\/\/api.w.org\/{rel}","templated":true}]}}