{"id":924,"date":"2016-09-03T21:30:31","date_gmt":"2016-09-03T21:30:31","guid":{"rendered":"http:\/\/moverdb.com\/?page_id=924"},"modified":"2026-01-08T14:48:13","modified_gmt":"2026-01-08T14:48:13","slug":"eagle-relocations","status":"publish","type":"page","link":"https:\/\/moverdb.com\/sk\/eagle-relocations\/","title":{"rendered":"Premiestnenie spolo\u010dnosti Eagle: Medzin\u00e1rodn\u00e9 s\u0165ahovanie a s\u0165ahovanie Recenzie"},"content":{"rendered":"<p>Eagle Relocations je <a href=\"https:\/\/moverdb.com\/sk\/international-removals\/\" data-internallinksmanager029f6b8e52c=\"27\" title=\"36 najlep\u0161\u00edch medzin\u00e1rodn\u00fdch s\u0165ahovac\u00edch spolo\u010dnost\u00ed v Spojenom kr\u00e1\u013eovstve\">s\u0165ahovacia spolo\u010dnos\u0165<\/a> so s\u00eddlom vo Watforde, <a href=\"https:\/\/moverdb.com\/sk\/moving-to-the-uk\/\" data-internallinksmanager029f6b8e52c=\"93\" title=\"S\u0165ahujete sa do Spojen\u00e9ho kr\u00e1\u013eovstva? 2022 \u017divotn\u00e9 n\u00e1klady a tipy na pres\u0165ahovanie\">UK<\/a>. Svojim klientom pon\u00faka cel\u00fd rad s\u0165ahovac\u00edch slu\u017eieb, ktor\u00e9 s\u00fa uveden\u00e9 ni\u017e\u0161ie spolu s profilom spolo\u010dnosti a recenziami.<\/p>\n<p><strong>Medzin\u00e1rodn\u00e9 s\u0165ahovanie<\/strong><\/p>\n<ul>\n<li> Slu\u017eba od dver\u00ed k dver\u00e1m<\/li>\n<li> Slu\u017eba od dver\u00ed k obrubn\u00edku<\/li>\n<li> Dvere do <a href=\"https:\/\/moverdb.com\/sk\/top-49-container-ports\/\" data-internallinksmanager029f6b8e52c=\"80\" title=\"49 najv\u00e4\u010d\u0161\u00edch a najvy\u0165a\u017eenej\u0161\u00edch kontajnerov\u00fdch pr\u00edstavov v roku 2025\">pr\u00edstav<\/a> slu\u017eba<\/li>\n<li> Kompletn\u00e9 baliace slu\u017eby<\/li>\n<li> Slu\u017eba krehk\u00e9ho alebo \u010diasto\u010dn\u00e9ho balenia<\/li>\n<li> Slu\u017eba balen\u00e1 majite\u013eom<\/li>\n<li> Demont\u00e1\u017e a op\u00e4tovn\u00e1 mont\u00e1\u017e n\u00e1bytku<\/li>\n<li> Dod\u00e1van\u00e9 baliace materi\u00e1ly<\/li>\n<li> Cestn\u00fd, leteck\u00fd a n\u00e1morn\u00fd tranzit<\/li>\n<li> Coln\u00e9 konanie<\/li>\n<li> Odstra\u0148ovanie sut\u00edn<\/li>\n<li> Slu\u017eba Concierge<\/li>\n<li> Slu\u017eba upratovania<\/li>\n<\/ul>\n<p><strong>S\u0165ahovanie firiem<\/strong><\/p>\n<ul>\n<li> Mana\u017e\u00e9r osobn\u00fdch firemn\u00fdch presunov<\/li>\n<li> Prieskum existuj\u00facich a nov\u00fdch priestorov<\/li>\n<li> Demont\u00e1\u017e a op\u00e4tovn\u00e1 mont\u00e1\u017e n\u00e1bytku<\/li>\n<li> IT \u0161pecialisti na s\u0165ahovanie po\u010d\u00edta\u010dov<\/li>\n<li> S\u0165ahovacie debny ur\u010den\u00e9 pre kancel\u00e1rie<\/li>\n<li> Debny ozna\u010den\u00e9 \u0161t\u00edtkami<\/li>\n<li> Mana\u017e\u00e9r s\u0165ahovania neust\u00e1le na mieste po\u010das s\u0165ahovania<\/li>\n<li> Zriaden\u00e9 poistenie<\/li>\n<\/ul>\n<p><strong>S\u0165ahovanie domov v Spojenom kr\u00e1\u013eovstve<\/strong><\/p>\n<ul>\n<li> Spolupr\u00e1ca so spr\u00e1vcom presunu<\/li>\n<li> Prieskum pred pres\u0165ahovan\u00edm<\/li>\n<li> Vyhraden\u00fd koordin\u00e1tor s\u0165ahovania<\/li>\n<li> Od dver\u00ed k dver\u00e1m<\/li>\n<li> Kompletn\u00e9 balenie, \u010diasto\u010dn\u00e9 balenie alebo si to urobte sami<\/li>\n<li> Demont\u00e1\u017e a op\u00e4tovn\u00e1 mont\u00e1\u017e n\u00e1bytku<\/li>\n<li> Zriaden\u00e9 poistenie<\/li>\n<li> Odstra\u0148ovanie sut\u00edn<\/li>\n<\/ul>\n<h2>Profil spolo\u010dnosti Eagle Relocations<\/h2>\n<p>Spolo\u010dnos\u0165 Eagle Relocations bola zalo\u017een\u00e1 ako rodinn\u00fd podnik v roku 1967 a vtedy bola zn\u00e1ma ako Eagle Shipping. V roku 2002 sa stala spolo\u010dnos\u0165ou s ru\u010den\u00edm obmedzen\u00fdm a zmenila svoj n\u00e1zov na Eagle Relocations. Svojim klientom pon\u00faka kompletn\u00e9 s\u0165ahovacie slu\u017eby na miestnej, vn\u00fatro\u0161t\u00e1tnej aj medzin\u00e1rodnej \u00farovni.<\/p>\n<p>Eagle Relocations v roku 2015 pres\u0165ahovala viac ako 3 500 \u013eud\u00ed. Pon\u00fakaj\u00fa r\u00f4zne bal\u00edky, ktor\u00e9 vyhovuj\u00fa potreb\u00e1m a pe\u0148a\u017eenk\u00e1m \u013eud\u00ed. Veria v siln\u00fd z\u00e1kazn\u00edcky servis a anga\u017eovanos\u0165.<\/p>\n<p>Spolo\u010dnos\u0165 Eagle Relocations m\u00e1 tieto akredit\u00e1cie a pridru\u017eenia:<\/p>\n<ul>\n<li> <a href=\"https:\/\/moverdb.com\/sk\/britska-asociacia-vyrobcov\/\">Britsk\u00e1 asoci\u00e1cia s\u0165ahova\u010dov<\/a> (<a href=\"https:\/\/moverdb.com\/sk\/british-association-of-removers\/\" data-internallinksmanager029f6b8e52c=\"9\" title=\"Vysvetlenie Britskej asoci\u00e1cie s\u0165ahovate\u013eov (BAR)\">BAR<\/a>)<\/li>\n<li> <a href=\"https:\/\/moverdb.com\/sk\/fedemac\/\">Feder\u00e1cia eur\u00f3pskych s\u0165ahovate\u013eov<\/a> (<a href=\"https:\/\/moverdb.com\/sk\/fedemac\/\" data-internallinksmanager029f6b8e52c=\"15\" title=\"Vysvetlenie Feder\u00e1cie eur\u00f3pskych s\u0165ahovate\u013eov (FEDEMAC)\">FEDEMAC<\/a>)<\/li>\n<li> <a href=\"https:\/\/moverdb.com\/sk\/som\/\">Medzin\u00e1rodn\u00e1 asoci\u00e1cia s\u0165ahovate\u013eov<\/a> (<a href=\"https:\/\/moverdb.com\/sk\/iam\/\" data-internallinksmanager029f6b8e52c=\"23\" title=\"Vysvetlenie Medzin\u00e1rodnej asoci\u00e1cie s\u0165ahovate\u013eov (IAM)\">IAM<\/a>)<\/li>\n<li> <a href=\"https:\/\/moverdb.com\/sk\/hgfaa\/\">Asoci\u00e1cia americk\u00fdch zasielate\u013eov tovaru pre dom\u00e1cnos\u0165<\/a><\/li>\n<li> Britsk\u00e9 zdru\u017eenie pre medzin\u00e1rodn\u00fa n\u00e1kladn\u00fa dopravu (BIFA)<\/li>\n<li> <a href=\"https:\/\/moverdb.com\/sk\/bar-overseas\/\">Britsk\u00e1 asoci\u00e1cia s\u0165ahovate\u013eov (BAR) Zahrani\u010die<\/a><\/li>\n<\/ul>\n<h2>Eagle Relocations Recenzie<\/h2>\n<p><strong>Pozit\u00edvne:<\/strong><\/p>\n<ul>\n<li> <em>Chlapci boli skvel\u00ed... Super n\u00e1pomocn\u00ed, efekt\u00edvni, profesion\u00e1lni a v\u0161etci s ve\u013ek\u00fdm \u00fasmevom na tv\u00e1ri...<\/em> - Ross prostredn\u00edctvom <a href=\"http:\/\/www.eaglerelocations.com\/testimonials\/\" target=\"_blank\" rel=\"noopener\">str\u00e1nka s referenciami z\u00e1kazn\u00edkov<\/a><\/li>\n<li> <em>\"Boli d\u00f4veryhodn\u00ed, profesion\u00e1lni, vesel\u00ed, pracovit\u00ed a starostliv\u00ed a u\u013eah\u010dili n\u00e1m mimoriadne stresuj\u00face obdobie. Poskytuj\u00fa vynikaj\u00faci pomer ceny a kvality a som rada, \u017ee som si nevybrala spolo\u010dnos\u0165, ktor\u00e1 mi e-mailom pon\u00fakla \"pr\u00edli\u0161 dobr\u00e9, aby to bola pravda\" n\u00e1klady na pres\u0165ahovanie bez toho, aby v\u00f4bec nav\u0161t\u00edvila n\u00e1\u0161 dom. Pod\u013ea m\u00f4jho n\u00e1zoru s\u00fa l\u00eddrami na trhu a ja budem spolo\u010dnosti Eagle Relocations nav\u017edy v\u010fa\u010dn\u00fd.\"<\/em> - Karen prostredn\u00edctvom <a href=\"https:\/\/www.trustpilot.com\/reviews\/56fe57450000ff00094ba791\" target=\"_blank\" rel=\"noopener\">TrustPilot<\/a> <\/li>\n<li> <em>\"Pr\u00e1ve som Eagle Relocations pri 3 r\u00f4znych pr\u00edle\u017eitostiach. S\u0165ahoval som sa z Hendonu do Borhamwoodu, z Borhamwoodu do skladu a potom na Bali. Pri ka\u017edej pr\u00edle\u017eitosti som zistil, \u017ee s\u00fa mimoriadne profesion\u00e1lni.\"<\/em> - Pankesh P prostredn\u00edctvom <a href=\"https:\/\/www.yell.com\/reviews\/user\/PankeshP\" target=\"_blank\" rel=\"noopener\">Krik<\/a><\/li>\n<\/ul>\n<p><strong>Negat\u00edvne:<\/strong><\/p>\n<ul>\n<li> <em>\"Nepou\u017e\u00edvajte t\u00fato spolo\u010dnos\u0165, ktor\u00e1 stratila v\u0161etky moje pozemsk\u00e9 statky.\"<\/em> - Adrienne prostredn\u00edctvom <a href=\"https:\/\/www.trustpilot.com\/reviews\/587ecbbc0dc2f609f06be069\" target=\"_blank\" rel=\"noopener\">Trustpilot<\/a><\/li>\n<\/ul>\n<div itemprop=\"review\" itemscope itemtype=\"http:\/\/schema.org\/Review\">\n<span itemprop=\"author\" itemscope=\"\" itemtype=\"http:\/\/schema.org\/Organization\"><span itemprop=\"name\">MoverDB.com<\/span><\/span> Online preh\u013ead webov\u00fdch str\u00e1nok pre <span itemprop=\"itemreviewed\" itemscope=\"\" itemtype=\"http:\/\/schema.org\/Brand\"><span itemprop=\"name\">Premiestnenie spolo\u010dnosti Eagle<\/span><\/span>:<\/p>\n<ol>\n<li> Jasn\u00e9 kontaktn\u00e9 \u00fadaje na webovej str\u00e1nke (vr\u00e1tane telef\u00f3nneho \u010d\u00edsla): <strong>\u00c1no<\/strong><\/li>\n<li> Jednoduch\u00e9 z\u00edskanie <a href=\"https:\/\/moverdb.com\/sk\/citaty\/\">cit\u00e1cie medzin\u00e1rodn\u00fdch s\u0165ahovan\u00ed<\/a>? (Online formul\u00e1r \u017eiadosti o odhad): <strong>\u00c1no<\/strong><\/li>\n<li> Jasn\u00e9 inform\u00e1cie na webovej str\u00e1nke: <strong>\u00c1no,<\/strong> obsahuje sprievodcov krajinami a blog s u\u017eito\u010dn\u00fdmi inform\u00e1ciami o s\u0165ahovan\u00ed do zahrani\u010dia.<\/li>\n<li> \u010dlenstvo v medzin\u00e1rodn\u00fdch uzn\u00e1van\u00fdch organiz\u00e1ci\u00e1ch pohybliv\u00fdch zvierat: <strong>\u00c1no<\/strong>, pozri vy\u0161\u0161ie.<\/li>\n<li> Zoznam klientov a\/alebo referencie predch\u00e1dzaj\u00facich z\u00e1kazn\u00edkov: <strong>Niektor\u00e9,<\/strong> Na webovej str\u00e1nke s\u00fa testy z\u00e1kazn\u00edkov, ale mnoh\u00e9 z nich s\u00fa trochu podobn\u00e9 a inde na internete je len m\u00e1lo recenzi\u00ed. Recenzie, ktor\u00e9 s\u00fa k dispoz\u00edcii, s\u00fa v\u0161ak v\u00e4\u010d\u0161inou pozit\u00edvne.<\/li>\n<\/ol>\n<div itemprop=\"reviewRating\" itemscope itemtype=\"http:\/\/schema.org\/Rating\"><meta itemprop=\"worstRating\" content = \"0\" \/><meta itemprop=\"bestRating\" content=\"5\" \/><meta itemprop=\"ratingValue\" content=\"4.5\"><\/div>\n<p><strong>Celkov\u00e9 hodnotenie: 4,5\/5<\/strong><br \/>\n<strong>D\u00e1tum recenzie:<\/strong> <span itemprop=\"datePublished\" content=\"2016-09-03\">03\/09\/2016<\/span>\n<\/div>\n<p>Zistite viac o viac o <a href=\"https:\/\/moverdb.com\/sk\/medzinarodne-stahovanie\/\">medzin\u00e1rodn\u00e9 s\u0165ahovanie<\/a> a na\u0161e <a href=\"https:\/\/moverdb.com\/sk\/recenzie\/\">proces presk\u00famania<\/a>.<\/p>\n<p><strong>Webov\u00e1 lokalita:<\/strong> <a href=\"http:\/\/www.eaglerelocations.com\" target=\"_blank\" rel=\"noopener\">http:\/\/www.eaglerelocations.com<\/a><\/p>","protected":false},"excerpt":{"rendered":"<p>Eagle Relocations is a removals company based in Watford, UK. It offers its clients a range of removals services which are listed below, together with a company profile and reviews. International Removals Door to door service Door to kerbside service Door to port service Full packing service Fragile or part pack service Owner packed service [&hellip;]<\/p>\n","protected":false},"author":1,"featured_media":0,"parent":0,"menu_order":0,"comment_status":"closed","ping_status":"closed","template":"","meta":{"_genesis_hide_title":false,"_genesis_hide_breadcrumbs":false,"_genesis_hide_singular_image":false,"_genesis_hide_footer_widgets":false,"_genesis_custom_body_class":"","_genesis_custom_post_class":"","_genesis_layout":"","footnotes":""},"class_list":{"0":"post-924","1":"page","2":"type-page","3":"status-publish","5":"entry"},"_links":{"self":[{"href":"https:\/\/moverdb.com\/sk\/wp-json\/wp\/v2\/pages\/924","targetHints":{"allow":["GET"]}}],"collection":[{"href":"https:\/\/moverdb.com\/sk\/wp-json\/wp\/v2\/pages"}],"about":[{"href":"https:\/\/moverdb.com\/sk\/wp-json\/wp\/v2\/types\/page"}],"author":[{"embeddable":true,"href":"https:\/\/moverdb.com\/sk\/wp-json\/wp\/v2\/users\/1"}],"replies":[{"embeddable":true,"href":"https:\/\/moverdb.com\/sk\/wp-json\/wp\/v2\/comments?post=924"}],"version-history":[{"count":6,"href":"https:\/\/moverdb.com\/sk\/wp-json\/wp\/v2\/pages\/924\/revisions"}],"predecessor-version":[{"id":6202,"href":"https:\/\/moverdb.com\/sk\/wp-json\/wp\/v2\/pages\/924\/revisions\/6202"}],"wp:attachment":[{"href":"https:\/\/moverdb.com\/sk\/wp-json\/wp\/v2\/media?parent=924"}],"curies":[{"name":"wp","href":"https:\/\/api.w.org\/{rel}","templated":true}]}}