{"id":923,"date":"2016-08-25T14:59:50","date_gmt":"2016-08-25T14:59:50","guid":{"rendered":"http:\/\/moverdb.com\/?page_id=923"},"modified":"2026-01-08T14:40:15","modified_gmt":"2026-01-08T14:40:15","slug":"movecorp","status":"publish","type":"page","link":"https:\/\/moverdb.com\/sk\/movecorp\/","title":{"rendered":"Movecorp: Medzin\u00e1rodn\u00e9 s\u0165ahovanie a s\u0165ahovanie Recenzie"},"content":{"rendered":"<p>Spolo\u010dnos\u0165 Movecorp s\u00eddli vo West Midlands a pon\u00faka svojim z\u00e1kazn\u00edkom r\u00f4zne <a href=\"https:\/\/moverdb.com\/sk\/international-removals\/\" data-internallinksmanager029f6b8e52c=\"27\" title=\"36 najlep\u0161\u00edch medzin\u00e1rodn\u00fdch s\u0165ahovac\u00edch spolo\u010dnost\u00ed v Spojenom kr\u00e1\u013eovstve\">medzin\u00e1rodn\u00e9 s\u0165ahovanie<\/a> slu\u017eby, ktor\u00e9 s\u00fa uveden\u00e9 ni\u017e\u0161ie, spolu s profilom spolo\u010dnosti a recenziami.<\/p>\n<p><strong>Medzin\u00e1rodn\u00e9 s\u0165ahovanie<\/strong><\/p>\n<ul>\n<li> Vyhraden\u00fd koordin\u00e1tor s\u0165ahovania<\/li>\n<li> Od dver\u00ed k dver\u00e1m<\/li>\n<li> Balenie - kompletn\u00fd servis, krehk\u00e9 predmety alebo si to urobte sami<\/li>\n<li> Dod\u00e1van\u00e9 baliace materi\u00e1ly<\/li>\n<li> Pomoc s papierovan\u00edm<\/li>\n<li> Preprava \u010diasto\u010dn\u00e9ho n\u00e1kladu - zdie\u013ean\u00fd kontajner<\/li>\n<li> Vyhraden\u00e1 str\u00e1nka <a href=\"https:\/\/moverdb.com\/sk\/kontajnerova-preprava\/\">medzin\u00e1rodn\u00e1 kontajnerov\u00e1 doprava<\/a><\/li>\n<li> Bezplatn\u00e9 ukladanie a\u017e na jeden mesiac<\/li>\n<li> Rozba\u013eovanie<\/li>\n<li> Zriaden\u00e9 poistenie<\/li>\n<li> Slu\u017eba premiestnenia zamestnancov<\/li>\n<\/ul>\n<p><strong>Eur\u00f3pske s\u0165ahovanie<\/strong><\/p>\n<ul>\n<li> Slu\u017eba od dver\u00ed k dver\u00e1m<\/li>\n<li> Vyhraden\u00fd koordin\u00e1tor s\u0165ahovania<\/li>\n<li> K dispoz\u00edcii je kompletn\u00fd baliaci servis<\/li>\n<li> Dod\u00e1van\u00e9 baliace materi\u00e1ly<\/li>\n<li> Pomoc s papierovan\u00edm<\/li>\n<li> Preprava \u010diasto\u010dn\u00e9ho n\u00e1kladu (LCL)<\/li>\n<li> Vyhraden\u00fd prepravn\u00fd kontajner<\/li>\n<li> Bezplatn\u00e9 ukladanie a\u017e na jeden mesiac<\/li>\n<li> K dispoz\u00edcii je kompletn\u00fd servis pri vyba\u013eovan\u00ed<\/li>\n<li> Zriaden\u00e9 poistenie<\/li>\n<\/ul>\n<p><strong>S\u0165ahovanie domov<\/strong><\/p>\n<ul>\n<li> Slu\u017eba od dver\u00ed k dver\u00e1m<\/li>\n<li> Kompletn\u00e9 balenie a baliace slu\u017eby <\/li>\n<li> Ukladanie - prv\u00fd mesiac zadarmo<\/li>\n<li> Zriaden\u00e9 poistenie<\/li>\n<li> \u010ciasto\u010dn\u00fd n\u00e1klad (LCL)<\/li>\n<li> Pln\u00e9 za\u0165a\u017eenie (FCL)<\/li>\n<li> Slu\u017eba vybalenia pri dodan\u00ed<\/li>\n<\/ul>\n<h2>Movecorp Profil spolo\u010dnosti<\/h2>\n<p>Movecorp je <a href=\"https:\/\/moverdb.com\/sk\/moving-to-the-uk\/\" data-internallinksmanager029f6b8e52c=\"93\" title=\"S\u0165ahujete sa do Spojen\u00e9ho kr\u00e1\u013eovstva? 2022 \u017divotn\u00e9 n\u00e1klady a tipy na pres\u0165ahovanie\">UK<\/a> s\u0165ahovacia spolo\u010dnos\u0165, ktor\u00e1 sa \u0161pecializuje na medzin\u00e1rodn\u00e9 a eur\u00f3pske s\u0165ahovanie. S\u00eddlo spolo\u010dnosti sa nach\u00e1dza vo West Midlands, \u010do jej umo\u017e\u0148uje poskytova\u0165 slu\u017eby v celom Spojenom kr\u00e1\u013eovstve. <\/p>\n<p>Spolo\u010dnos\u0165 Movecorp prepravuje \u013eud\u00ed v r\u00e1mci Spojen\u00e9ho kr\u00e1\u013eovstva ka\u017ed\u00fd de\u0148 v t\u00fd\u017edni a ka\u017ed\u00fd t\u00fd\u017ede\u0148 zabezpe\u010duje dod\u00e1vky do v\u0161etk\u00fdch hlavn\u00fdch eur\u00f3pskych destin\u00e1ci\u00ed.<\/p>\n<p>Spolo\u010dnos\u0165 Movecorp poskytuje v\u0161etk\u00fdm svojim z\u00e1kazn\u00edkom individu\u00e1lne slu\u017eby a informuje ich o ka\u017edom kroku. S\u00fa hrd\u00ed na svoj priate\u013esk\u00fd a efekt\u00edvny pr\u00edstup ku ka\u017ed\u00e9mu s\u0165ahovaniu, ktor\u00e9 vykon\u00e1vaj\u00fa.<\/p>\n<p>Spolo\u010dnos\u0165 Movecorp m\u00e1 nasleduj\u00face afili\u00e1cie a akredit\u00e1cie:<\/p>\n<ul>\n<li> <a href=\"https:\/\/moverdb.com\/sk\/som\/\">Medzin\u00e1rodn\u00e1 asoci\u00e1cia s\u0165ahovate\u013eov<\/a> (<a href=\"https:\/\/moverdb.com\/sk\/iam\/\" data-internallinksmanager029f6b8e52c=\"23\" title=\"Vysvetlenie Medzin\u00e1rodnej asoci\u00e1cie s\u0165ahovate\u013eov (IAM)\">IAM<\/a>)<\/li>\n<li> <a href=\"https:\/\/moverdb.com\/sk\/rios\/\">Syst\u00e9m ombudsmana pre s\u0165ahovacie slu\u017eby<\/a><\/li>\n<li> <a href=\"https:\/\/moverdb.com\/sk\/fedemac\/\">Feder\u00e1cia eur\u00f3pskych s\u0165ahovate\u013eov<\/a> (<a href=\"https:\/\/moverdb.com\/sk\/fedemac\/\" data-internallinksmanager029f6b8e52c=\"15\" title=\"Vysvetlenie Feder\u00e1cie eur\u00f3pskych s\u0165ahovate\u013eov (FEDEMAC)\">FEDEMAC<\/a>)<\/li>\n<li> <a href=\"https:\/\/moverdb.com\/sk\/zdruzenie-nakladnej-dopravy\/\">Zdru\u017eenie n\u00e1kladnej dopravy<\/a> (<a href=\"https:\/\/moverdb.com\/sk\/freight-transport-association\/\" data-internallinksmanager029f6b8e52c=\"18\" title=\"Vysvetlenie Zdru\u017eenia n\u00e1kladnej dopravy (FTA)\">FTA<\/a>)<\/li>\n<li> <a href=\"https:\/\/moverdb.com\/sk\/mtc\/\">Movers Trading Club<\/a> (<a href=\"https:\/\/moverdb.com\/sk\/mtc\/\" data-internallinksmanager029f6b8e52c=\"30\" title=\"Vysvetlenie Movers Trading Club (MTC)\">MTC<\/a>)<\/li>\n<li> <a href=\"https:\/\/moverdb.com\/sk\/eurovan-movers\/\">Eurovan<\/a><\/li>\n<li> <a href=\"https:\/\/moverdb.com\/sk\/ngrs\/\">N\u00e1rodn\u00fd cech s\u0165ahov\u00e1kov a skladn\u00edkov<\/a> (<a href=\"https:\/\/moverdb.com\/sk\/ngrs\/\" data-internallinksmanager029f6b8e52c=\"74\" title=\"Vysvetlenie N\u00e1rodn\u00e9ho cechu s\u0165ahovate\u013eov a skladn\u00edkov (NGRS)\">NGRS<\/a>)<\/li>\n<li> Ktor\u00e9? D\u00f4veryhodn\u00fd obchodn\u00edk<\/li>\n<li> Normy kvality slu\u017eieb - BS 8564<\/li>\n<li> CHAS<\/li>\n<\/ul>\n<h2>MoveCorp Recenzie<\/h2>\n<p><strong>Pozit\u00edvne:<\/strong><\/p>\n<ul>\n<li> <em>\"Vrelo odpor\u00fa\u010dam Movecorp. Slu\u017eby boli vynikaj\u00face a priate\u013esk\u00e9.\"<\/em> - Ella Dennettov\u00e1 prostredn\u00edctvom Movecorp <a href=\"http:\/\/www.movecorp.co.uk\/reviews\/\" target=\"_blank\" rel=\"noopener\">Recenzie a str\u00e1nka so spr\u00e1vami z\u00e1kazn\u00edkov<\/a>.<\/li>\n<li> <em>\"Ve\u013emi efekt\u00edvne, v\u0161etko bolo v\u00fdborne zabalen\u00e9 a pri\u0161lo v dobrom stave,\"<\/em> - Stan prostredn\u00edctvom <a href=\"https:\/\/www.trustpilot.com\/reviews\/579606ae0000ff00097414e9\" target=\"_blank\" rel=\"noopener\">TrustPilot<\/a> <\/li>\n<li> <em>\"Na\u0161a sk\u00fasenos\u0165 bola skvel\u00e1. Koordin\u00e1torka s\u0165ahovania Emma bola ve\u013emi ochotn\u00e1 a na\u0161e ot\u00e1zky vybavila v\u010das. Ve\u013ek\u00e1 v\u010faka za jej pomoc!\"<\/em> Andrea prostredn\u00edctvom <a href=\"http:\/\/www.removalreviews.co.uk\/movingreviews\/great-service-11241\" target=\"_blank\" rel=\"noopener\">Recenzie o s\u0165ahovan\u00ed<\/a><\/li>\n<li> <em>\"Na webovej str\u00e1nke Movecorp sa \u013eahko orientuje a na\u0161iel u\u017eito\u010dn\u00e9 inform\u00e1cie, ktor\u00e9 mi pomohli zorganizova\u0165 moje s\u0165ahovanie.\"<\/em> - LisaM1983 prostredn\u00edctvom <a href=\"http:\/\/www.reviewcentre.com\/Removal-Companies\/MoveCorp-International-Removals-www-movecorp-co-uk-review_2305958\" target=\"_blank\" rel=\"noopener\">Recenzn\u00e9 centrum<\/a><\/li>\n<li> <em>\"T\u00edm Movecorp bol fantastick\u00fd od za\u010diatku a\u017e do konca.\"<\/em> - prostredn\u00edctvom <a href=\"http:\/\/www.referenceline.com\/removers_removals-in-walsall-movecorpcouk-21956#GOTO178308\" target=\"_blank\" rel=\"noopener\">Referen\u010dn\u00e1 linka<\/a><\/li>\n<\/ul>\n<p><strong>Negat\u00edvne:<\/strong><\/p>\n<ul>\n<li> <em>\"Obsah m\u00f4jho s\u0165ahovania maj\u00fa u\u017e viac ako tri mesiace a len minul\u00fd t\u00fd\u017ede\u0148 opustil Spojen\u00e9 kr\u00e1\u013eovstvo.\"<\/em> - Chuck prostredn\u00edctvom <a href=\"https:\/\/www.trustpilot.com\/reviews\/55f4a26f0000ff000907c3df\" target=\"_blank\" rel=\"noopener\">TrustPilot<\/a><\/li>\n<li> <em>\"Hoci som na internete videl nieko\u013eko dobr\u00fdch recenzi\u00ed, moja sk\u00fasenos\u0165 bola bohu\u017eia\u013e dos\u0165 zl\u00e1.\"<\/em> - Steven Johnson prostredn\u00edctvom <a href=\"http:\/\/www.removalreviews.co.uk\/movingreviews\/use-at-own-risk-11126\" target=\"_blank\" rel=\"noopener\">Recenzie o s\u0165ahovan\u00ed<\/a> <\/li>\n<li> <em>\"Najhor\u0161ie pohybuj\u00face sa sk\u00fasenosti - pocit, \u017ee okradnut\u00fd a oklaman\u00fd\"<\/em> - MayVisR42 prostredn\u00edctvom <a href=\"http:\/\/www.reviewcentre.com\/Removal-Companies\/MoveCorp-International-Removals-www-movecorp-co-uk-review_3464277\" target=\"_blank\" rel=\"noopener\">Recenzn\u00e9 centrum<\/a> <\/li>\n<\/ul>\n<div itemprop=\"review\" itemscope itemtype=\"http:\/\/schema.org\/Review\">\n<span itemprop=\"author\" itemscope=\"\" itemtype=\"http:\/\/schema.org\/Organization\"><span itemprop=\"name\">MoverDB.com<\/span><\/span> Online preh\u013ead webov\u00fdch str\u00e1nok pre <span itemprop=\"itemreviewed\" itemscope=\"\" itemtype=\"http:\/\/schema.org\/Brand\"><span itemprop=\"name\">MoveCorp<\/span><\/span>:<\/p>\n<ol>\n<li> Jasn\u00e9 kontaktn\u00e9 \u00fadaje na webovej str\u00e1nke (vr\u00e1tane telef\u00f3nneho \u010d\u00edsla)? <strong>\u00c1no<\/strong><\/li>\n<li> Jednoduch\u00e9 z\u00edskanie <a href=\"https:\/\/moverdb.com\/sk\/citaty\/\">cit\u00e1cie medzin\u00e1rodn\u00fdch s\u0165ahovan\u00ed<\/a>? (Online formul\u00e1r \u017eiadosti o odhad): <strong>\u00c1no<\/strong><\/li>\n<li> Jasn\u00e9 inform\u00e1cie na webovej str\u00e1nke: <strong>Nie,<\/strong> Webov\u00e1 str\u00e1nka obsahuje len ve\u013emi m\u00e1lo inform\u00e1ci\u00ed o tom, ako z\u00edska\u0165 cenov\u00fa ponuku a destin\u00e1cie, do ktor\u00fdch sa doru\u010duje.<\/li>\n<li> \u010dlenstvo v medzin\u00e1rodn\u00fdch uzn\u00e1van\u00fdch organiz\u00e1ci\u00e1ch pohybliv\u00fdch zvierat: <strong>\u00c1no,<\/strong> mnoho - pozri vy\u0161\u0161ie<\/li>\n<li> Zoznam klientov a\/alebo referencie predch\u00e1dzaj\u00facich z\u00e1kazn\u00edkov: <strong>\u00c1no,<\/strong> na str\u00e1nke je ve\u013ea pozit\u00edvnych referenci\u00ed z\u00e1kazn\u00edkov.<\/li>\n<\/ol>\n<div itemprop=\"reviewRating\" itemscope itemtype=\"http:\/\/schema.org\/Rating\"><meta itemprop=\"worstRating\" content = \"0\" \/><meta itemprop=\"bestRating\" content=\"5\" \/><meta itemprop=\"ratingValue\" content=\"4.5\"><\/div>\n<p><strong>Celkov\u00e9 hodnotenie: 4,5\/5<\/strong><br \/>\n<strong>D\u00e1tum recenzie:<\/strong> <span itemprop=\"datePublished\" content=\"2016-08-25\">25\/08\/2016<\/span>\n<\/div>\n<p>Zistite viac o <a href=\"https:\/\/moverdb.com\/sk\/medzinarodne-stahovanie\/\">medzin\u00e1rodn\u00e9 s\u0165ahovanie<\/a> a na\u0161e <a href=\"https:\/\/moverdb.com\/sk\/recenzie\/\">proces presk\u00famania<\/a>.<\/p>\n<p><strong>Webov\u00e1 lokalita:<\/strong> <a href=\"http:\/\/www.movecorp.co.uk\" target=\"_blank\" rel=\"noopener\">http:\/\/www.movecorp.co.uk<\/a><\/p>","protected":false},"excerpt":{"rendered":"<p>Movecorp is based in the West Midlands and offers its customers various international removals services which are listed below, together with a company profile and reviews. International Removals Dedicated move coordinator Door to door Packing &#8211; full service, fragile items or do it yourself Packing materials supplied Assistance with paperwork Part load shipping &#8211; shared [&hellip;]<\/p>\n","protected":false},"author":1,"featured_media":0,"parent":0,"menu_order":0,"comment_status":"closed","ping_status":"closed","template":"","meta":{"_genesis_hide_title":false,"_genesis_hide_breadcrumbs":false,"_genesis_hide_singular_image":false,"_genesis_hide_footer_widgets":false,"_genesis_custom_body_class":"","_genesis_custom_post_class":"","_genesis_layout":"","footnotes":""},"class_list":{"0":"post-923","1":"page","2":"type-page","3":"status-publish","5":"entry"},"_links":{"self":[{"href":"https:\/\/moverdb.com\/sk\/wp-json\/wp\/v2\/pages\/923","targetHints":{"allow":["GET"]}}],"collection":[{"href":"https:\/\/moverdb.com\/sk\/wp-json\/wp\/v2\/pages"}],"about":[{"href":"https:\/\/moverdb.com\/sk\/wp-json\/wp\/v2\/types\/page"}],"author":[{"embeddable":true,"href":"https:\/\/moverdb.com\/sk\/wp-json\/wp\/v2\/users\/1"}],"replies":[{"embeddable":true,"href":"https:\/\/moverdb.com\/sk\/wp-json\/wp\/v2\/comments?post=923"}],"version-history":[{"count":8,"href":"https:\/\/moverdb.com\/sk\/wp-json\/wp\/v2\/pages\/923\/revisions"}],"predecessor-version":[{"id":13179,"href":"https:\/\/moverdb.com\/sk\/wp-json\/wp\/v2\/pages\/923\/revisions\/13179"}],"wp:attachment":[{"href":"https:\/\/moverdb.com\/sk\/wp-json\/wp\/v2\/media?parent=923"}],"curies":[{"name":"wp","href":"https:\/\/api.w.org\/{rel}","templated":true}]}}