{"id":920,"date":"2016-09-03T16:04:22","date_gmt":"2016-09-03T16:04:22","guid":{"rendered":"http:\/\/moverdb.com\/?page_id=920"},"modified":"2026-01-08T14:47:54","modified_gmt":"2026-01-08T14:47:54","slug":"burke-bros","status":"publish","type":"page","link":"https:\/\/moverdb.com\/sk\/burke-bros\/","title":{"rendered":"Burke Bros Moving Group: Medzin\u00e1rodn\u00e9 s\u0165ahovanie Recenzie"},"content":{"rendered":"<p>Spolo\u010dnos\u0165 Burke Bros je odborn\u00edkom na celosvetov\u00e9 s\u0165ahovanie, skladovanie, prepravu a glob\u00e1lne premiest\u0148ovanie. Ni\u017e\u0161ie s\u00fa uveden\u00e9 slu\u017eby, ktor\u00e9 pon\u00fakaj\u00fa, \u010falej profil spolo\u010dnosti a r\u00f4zne recenzie.<\/p>\n<p><strong>Firemn\u00e9 a osobn\u00e9 <a href=\"https:\/\/moverdb.com\/sk\/international-removals\/\" data-internallinksmanager029f6b8e52c=\"27\" title=\"36 najlep\u0161\u00edch medzin\u00e1rodn\u00fdch s\u0165ahovac\u00edch spolo\u010dnost\u00ed v Spojenom kr\u00e1\u013eovstve\">Medzin\u00e1rodn\u00e9 s\u0165ahovanie<\/a><\/strong><\/p>\n<ul>\n<li> \u0160pecializovan\u00fd firemn\u00fd t\u00edm<\/li>\n<li> Komplexn\u00fd servis od dver\u00ed k dver\u00e1m<\/li>\n<li> Bezplatn\u00fd prieskum s\u0165ahovania<\/li>\n<li> Sie\u0165 renomovan\u00fdch odborn\u00edkov na premiest\u0148ovanie po celom svete<\/li>\n<li> \u0160pecializovan\u00fd t\u00edm pre exportn\u00e9 balenie<\/li>\n<li> Medzin\u00e1rodn\u00e9 karant\u00e9nne poradenstvo<\/li>\n<li> Medzin\u00e1rodn\u00e9 coln\u00e9 a spotrebn\u00e9 inform\u00e1cie<\/li>\n<li> <a href=\"https:\/\/moverdb.com\/sk\/moving-to-the-uk\/\" data-internallinksmanager029f6b8e52c=\"93\" title=\"S\u0165ahujete sa do Spojen\u00e9ho kr\u00e1\u013eovstva? 2022 \u017divotn\u00e9 n\u00e1klady a tipy na pres\u0165ahovanie\">UK<\/a> skladovanie - pred odoslan\u00edm<\/li>\n<li> Zriaden\u00e9 poistenie<\/li>\n<li> Pomoc pri colnom konan\u00ed<\/li>\n<\/ul>\n<p><strong>Eur\u00f3pske pohyby<\/strong><\/p>\n<ul>\n<li> Komplexn\u00fd servis od dver\u00ed k dver\u00e1m<\/li>\n<li> \u0160pecializovan\u00fd baliaci t\u00edm<\/li>\n<li> Zriaden\u00e9 poistenie<\/li>\n<li> T\u00fd\u017edenn\u00e9 plavby<\/li>\n<li> V pr\u00edpade potreby pomoc v oblasti ciel a spotrebn\u00fdch dan\u00ed<\/li>\n<\/ul>\n<p><strong>Dom\u00e1ce s\u0165ahovanie v Spojenom kr\u00e1\u013eovstve - firemn\u00e9 a osobn\u00e9<\/strong><\/p>\n<ul>\n<li> Osobn\u00e1 n\u00e1v\u0161teva konzultanta<\/li>\n<li> Slu\u017eba riadenia projektov pre podniky<\/li>\n<li> Komplexn\u00fd servis od dver\u00ed k dver\u00e1m<\/li>\n<li> \u0160pecializovan\u00fd baliaci t\u00edm<\/li>\n<li> Zriaden\u00e9 poistenie<\/li>\n<li> \u0160pecializovan\u00e9 balenie<\/li>\n<li> Pren\u00e1jom kancel\u00e1rskych prepraviek<\/li>\n<\/ul>\n<p><strong>\u00dalo\u017eisko<\/strong><\/p>\n<ul>\n<li> Self-storage - Wolverhampton <\/li>\n<li> Neobmedzen\u00fd pr\u00edstup po\u010das otv\u00e1rac\u00edch hod\u00edn<\/li>\n<li> Je mo\u017en\u00e9 zak\u00fapi\u0165 cel\u00fd rad boxov<\/li>\n<li> 24-hodinov\u00fd kamerov\u00fd syst\u00e9m<\/li>\n<li> Ukladanie dokumentov a arch\u00edvov<\/li>\n<\/ul>\n<p><strong>\u0160peci\u00e1lne slu\u017eby po\u010das s\u0165ahovania<\/strong><\/p>\n<ul>\n<li> Skart\u00e1cia dokumentov<\/li>\n<li> Ukladanie dokumentov<\/li>\n<li> Recykl\u00e1cia star\u00e9ho n\u00e1bytku a IT zariaden\u00ed<\/li>\n<li> Demont\u00e1\u017e a nastavenie po\u010d\u00edta\u010dov\u00fdch syst\u00e9mov<\/li>\n<li> \u0160peci\u00e1lny baliaci materi\u00e1l pre IT zariadenia<\/li>\n<\/ul>\n<h2>Profil spolo\u010dnosti Burke Bros Moving Group<\/h2>\n<p>Spolo\u010dnos\u0165 Burke Bros bola zalo\u017een\u00e1 v roku 1982 a za ten \u010das pres\u0165ahovala viac ako 49 000 klientov. Pri balen\u00ed, s\u0165ahovan\u00ed a vyba\u013eovan\u00ed odpracovali takmer pol mili\u00f3na hod\u00edn. Spolo\u010dnos\u0165 s\u00eddli v strednom Anglicku a m\u00e1 sedem kancel\u00e1ri\u00ed a bezpe\u010dn\u00fd sklad s rozlohou 52 000 \u0161tvorcov\u00fdch metrov.<\/p>\n<p>Spolo\u010dnos\u0165 Burke Bros je rodinn\u00fdm podnikom bratov Burkeovcov, Garyho a Chrisa. Mnoh\u00ed z ich zamestnancov u nich pracuj\u00fa u\u017e viac ako 20 rokov. Spolo\u010dnos\u0165 sa p\u00fd\u0161i starostliv\u00fdm pr\u00edstupom ku ka\u017ed\u00e9mu s\u0165ahovaniu.<\/p>\n<p>Ekologick\u00e9 ot\u00e1zky s\u00fa d\u00f4le\u017eitou s\u00fa\u010das\u0165ou spolo\u010dnosti a Burke Bros zaviedla recykl\u00e1ciu a odpadov\u00e9 hospod\u00e1rstvo pre klientov s cie\u013eom zn\u00ed\u017ei\u0165 ich uhl\u00edkov\u00fa stopu.<\/p>\n<p>Afili\u00e1cie a akredit\u00e1cie spolo\u010dnosti Burke Bros:<\/p>\n<ul>\n<li> <a href=\"https:\/\/moverdb.com\/sk\/britska-asociacia-vyrobcov\/\">Britsk\u00e1 asoci\u00e1cia s\u0165ahova\u010dov<\/a> (<a href=\"https:\/\/moverdb.com\/sk\/british-association-of-removers\/\" data-internallinksmanager029f6b8e52c=\"9\" title=\"Vysvetlenie Britskej asoci\u00e1cie s\u0165ahovate\u013eov (BAR)\">BAR<\/a>)<\/li>\n<li> <a href=\"https:\/\/moverdb.com\/sk\/fidi-faim\/\">F\u00e9d\u00e9ration Internationale des D\u00e9m\u00e9nageurs Internationaux<\/a> (<a href=\"https:\/\/moverdb.com\/sk\/fidi-faim\/\" data-internallinksmanager029f6b8e52c=\"16\" title=\"Vysvetlenie FIDI a FAIM (FIDI akreditovan\u00fd medzin\u00e1rodn\u00fd prepravca)\">FIDI<\/a>)<\/li>\n<li> <a href=\"https:\/\/moverdb.com\/sk\/som\/\">Medzin\u00e1rodn\u00e1 asoci\u00e1cia s\u0165ahovate\u013eov<\/a> (<a href=\"https:\/\/moverdb.com\/sk\/iam\/\" data-internallinksmanager029f6b8e52c=\"23\" title=\"Vysvetlenie Medzin\u00e1rodnej asoci\u00e1cie s\u0165ahovate\u013eov (IAM)\">IAM<\/a>)<\/li>\n<li> Panamerick\u00e1 asoci\u00e1cia medzin\u00e1rodn\u00fdch s\u0165ahovate\u013eov (PAIMA)<\/li>\n<li> Str\u00e1nka <a href=\"https:\/\/moverdb.com\/sk\/bar-overseas\/\">Britsk\u00e1 asoci\u00e1cia pre s\u0165ahovanie do zahrani\u010dia<\/a><\/li>\n<li> BS5750<\/li>\n<li> TSI<\/li>\n<\/ul>\n<p><strong>Burke Bros Recenzie<\/strong><\/p>\n<p><strong>Pozit\u00edvne<\/strong><\/p>\n<ul>\n<li> <em>\"Chceli sme sa po\u010fakova\u0165 za skvel\u00e9 slu\u017eby, ktor\u00e9 sme pr\u00e1ve za\u017eili po\u010das n\u00e1\u0161ho s\u0165ahovania z Anglicka do <a href=\"https:\/\/moverdb.com\/sk\/moving-to-france\/\" data-internallinksmanager029f6b8e52c=\"315\" title=\"S\u0165ahovanie do Franc\u00fazska? 2026 N\u00e1klady na \u017eivot a tipy na pres\u0165ahovanie\">Franc\u00fazsko<\/a>. Nemohli sme si pria\u0165 lep\u0161iu skupinu \u013eud\u00ed na balenie n\u00e1kladu a vykladanie pre <a href=\"https:\/\/moverdb.com\/sk\/moving-to-the-united-states\/\" data-internallinksmanager029f6b8e52c=\"94\" title=\"S\u0165ahujete sa do Spojen\u00fdch \u0161t\u00e1tov? 2022 \u017divotn\u00e9 n\u00e1klady a tipy na pres\u0165ahovanie\">n\u00e1s<\/a>.\"<\/em> - Sue &amp; David prostredn\u00edctvom Burke Bros <a href=\"http:\/\/burkebros.co.uk\/about_us\/testimonials\/\" target=\"_blank\" rel=\"noopener\">str\u00e1nka so svedectvami<\/a><\/li>\n<li> <em>\"Vyu\u017eili sme Burke Bros, aby n\u00e1s pres\u0165ahovali zo Spojen\u00e9ho kr\u00e1\u013eovstva do Dordogne vo Franc\u00fazsku, nie preto, \u017ee by boli rozumn\u00ed so svojimi poplatkami, ale profesion\u00e1lny sp\u00f4sob, ak\u00fdm zvl\u00e1dli pr\u00e1cu od za\u010diatku do konca.\"<\/em> - Malcolm prostredn\u00edctvom <a href=\"https:\/\/www.yell.com\/biz\/burke-bros-worldwide-moving-group-wolverhampton-900810900\/\" target=\"_blank\" rel=\"noopener\">Krik<\/a><\/li>\n<\/ul>\n<p><strong>Negat\u00edvne <\/strong><\/p>\n<ul>\n<li> <em>Najhor\u0161ia sk\u00fasenos\u0165 so s\u0165ahovan\u00edm za posledn\u00fdch 35 rokov (8 s\u0165ahovan\u00ed)<\/em> - P\u00e1n D Neal prostredn\u00edctvom <a href=\"http:\/\/www.removalreviews.co.uk\/movingreviews\/appalling-12193\" target=\"_blank\" rel=\"noopener\">Recenzie o s\u0165ahovan\u00ed<\/a><\/li>\n<li> \"Neplytvajte peniazmi.\" - Thibit cez <a href=\"https:\/\/www.yell.com\/biz\/burke-bros-worldwide-moving-group-wolverhampton-900810900\/\" target=\"_blank\" rel=\"noopener\">Krik<\/a><\/li>\n<\/li>\n<\/ul>\n<div itemprop=\"review\" itemscope itemtype=\"http:\/\/schema.org\/Review\">\n<span itemprop=\"author\" itemscope=\"\" itemtype=\"http:\/\/schema.org\/Organization\"><span itemprop=\"name\">MoverDB.com<\/span><\/span> Online preh\u013ead webov\u00fdch str\u00e1nok pre <span itemprop=\"itemreviewed\" itemscope=\"\" itemtype=\"http:\/\/schema.org\/Brand\"><span itemprop=\"name\">Burke Bros Moving Group<\/span><\/span>:<\/p>\n<ol>\n<li> Jasn\u00e9 kontaktn\u00e9 \u00fadaje na webovej str\u00e1nke (vr\u00e1tane telef\u00f3nneho \u010d\u00edsla): <strong>\u00c1no<\/strong><\/li>\n<li> Jednoduch\u00e9 z\u00edskanie <a href=\"https:\/\/moverdb.com\/sk\/citaty\/\">cit\u00e1cie medzin\u00e1rodn\u00fdch s\u0165ahovan\u00ed<\/a>? (Online formul\u00e1r \u017eiadosti o odhad): <strong>\u00c1no<\/strong><\/li>\n<li> Jasn\u00e9 inform\u00e1cie na webovej str\u00e1nke: <strong>\u00c1no,<\/strong> vr\u00e1tane sprievodcov po r\u00f4znych krajin\u00e1ch, v ktor\u00fdch p\u00f4sobia.<\/li>\n<li> \u010dlenstvo v medzin\u00e1rodn\u00fdch uzn\u00e1van\u00fdch organiz\u00e1ci\u00e1ch pohybliv\u00fdch zvierat: <strong>\u00c1no<\/strong>, pozri vy\u0161\u0161ie.<\/li>\n<li> Zoznam klientov a\/alebo referencie predch\u00e1dzaj\u00facich z\u00e1kazn\u00edkov: <strong>Niektor\u00e9,<\/strong> maj\u00fa na svojich webov\u00fdch str\u00e1nkach vybran\u00e9 referencie s celkovo pozit\u00edvnymi recenziami na in\u00fdch webov\u00fdch str\u00e1nkach.<\/li>\n<\/ol>\n<div itemprop=\"reviewRating\" itemscope itemtype=\"http:\/\/schema.org\/Rating\"><meta itemprop=\"worstRating\" content = \"0\" \/><meta itemprop=\"bestRating\" content=\"5\" \/><meta itemprop=\"ratingValue\" content=\"4.5\"><\/div>\n<p><strong>Celkov\u00e9 hodnotenie: 4,5\/5<\/strong><br \/>\n<strong>D\u00e1tum recenzie:<\/strong> <span itemprop=\"datePublished\" content=\"2016-09-03\">03\/09\/2016<\/span>\n<\/div>\n<p>Pre\u010d\u00edtajte si viac o <a href=\"https:\/\/moverdb.com\/sk\/medzinarodne-stahovanie\/\">medzin\u00e1rodn\u00e9 s\u0165ahovanie<\/a> a na\u0161e <a href=\"https:\/\/moverdb.com\/sk\/recenzie\/\">proces presk\u00famania.<\/a>.<\/p>\n<p><strong>Webov\u00e1 lokalita:<\/strong> <a href=\"http:\/\/burkebros.co.uk\/\" target=\"_blank\" rel=\"noopener\">http:\/\/burkebros.co.uk<\/a><\/p>","protected":false},"excerpt":{"rendered":"<p>Burke Bros are worldwide movers, storers, shippers and global relocation experts. Listed below are the services they offer, followed by a company profile and various reviews. Corporate and Personal International Removals Dedicated corporate team Comprehensive door to door service Free moving survey Network of reputable relocation experts world wide Dedicated export packing team International quarantine [&hellip;]<\/p>\n","protected":false},"author":1,"featured_media":0,"parent":0,"menu_order":0,"comment_status":"closed","ping_status":"closed","template":"","meta":{"_genesis_hide_title":false,"_genesis_hide_breadcrumbs":false,"_genesis_hide_singular_image":false,"_genesis_hide_footer_widgets":false,"_genesis_custom_body_class":"","_genesis_custom_post_class":"","_genesis_layout":"","footnotes":""},"class_list":{"0":"post-920","1":"page","2":"type-page","3":"status-publish","5":"entry"},"_links":{"self":[{"href":"https:\/\/moverdb.com\/sk\/wp-json\/wp\/v2\/pages\/920","targetHints":{"allow":["GET"]}}],"collection":[{"href":"https:\/\/moverdb.com\/sk\/wp-json\/wp\/v2\/pages"}],"about":[{"href":"https:\/\/moverdb.com\/sk\/wp-json\/wp\/v2\/types\/page"}],"author":[{"embeddable":true,"href":"https:\/\/moverdb.com\/sk\/wp-json\/wp\/v2\/users\/1"}],"replies":[{"embeddable":true,"href":"https:\/\/moverdb.com\/sk\/wp-json\/wp\/v2\/comments?post=920"}],"version-history":[{"count":5,"href":"https:\/\/moverdb.com\/sk\/wp-json\/wp\/v2\/pages\/920\/revisions"}],"predecessor-version":[{"id":6189,"href":"https:\/\/moverdb.com\/sk\/wp-json\/wp\/v2\/pages\/920\/revisions\/6189"}],"wp:attachment":[{"href":"https:\/\/moverdb.com\/sk\/wp-json\/wp\/v2\/media?parent=920"}],"curies":[{"name":"wp","href":"https:\/\/api.w.org\/{rel}","templated":true}]}}