{"id":906,"date":"2018-01-30T05:37:29","date_gmt":"2018-01-30T05:37:29","guid":{"rendered":"http:\/\/moverdb.com\/?page_id=906"},"modified":"2026-01-08T14:48:24","modified_gmt":"2026-01-08T14:48:24","slug":"liska-v-pohybe","status":"publish","type":"page","link":"https:\/\/moverdb.com\/sk\/fox-moving\/","title":{"rendered":"Fox Moving &amp; Storage: Medzin\u00e1rodn\u00e9 s\u0165ahovanie Recenzie"},"content":{"rendered":"<p>Spolo\u010dnos\u0165 Fox Moving &amp; Storage s\u00eddli v meste Cwmbran vo Walese. Ni\u017e\u0161ie n\u00e1jdete zoznam ich slu\u017eieb na medzin\u00e1rodnej aj miestnej \u00farovni spolu s profilom spolo\u010dnosti a recenziami.<\/p>\n<p><strong>Medzin\u00e1rodn\u00e9 s\u0165ahovanie - firemn\u00e9 a individu\u00e1lne<\/strong><\/p>\n<ul>\n<li> Osobn\u00e9 <a href=\"https:\/\/moverdb.com\/sk\/international-removals\/\" data-internallinksmanager029f6b8e52c=\"27\" title=\"36 najlep\u0161\u00edch medzin\u00e1rodn\u00fdch s\u0165ahovac\u00edch spolo\u010dnost\u00ed v Spojenom kr\u00e1\u013eovstve\">medzin\u00e1rodn\u00e9 s\u0165ahovanie<\/a> agent<\/li>\n<li> Komplexn\u00e1 cenov\u00e1 ponuka, harmonogram s\u0165ahovania a \u010dasov\u00fd harmonogram<\/li>\n<li> T\u00edm odborn\u00edkov na balenie<\/li>\n<li> Poskytuje coln\u00fa a spotrebn\u00fa dokument\u00e1ciu<\/li>\n<li> Miestni agenti na pomoc v krajine ur\u010denia<\/li>\n<\/ul>\n<p><strong>S\u0165ahovanie do Eur\u00f3py - firemn\u00e9 a individu\u00e1lne<\/strong><\/p>\n<ul>\n<li> Osobn\u00fd eur\u00f3psky s\u0165ahovac\u00ed t\u00edm<\/li>\n<li> Komplexn\u00e1 cenov\u00e1 ponuka a harmonogram s\u0165ahovania<\/li>\n<li> T\u00edm odborn\u00edkov na balenie<\/li>\n<li> Prij\u00edmanie mal\u00fdch n\u00e1kladov <\/li>\n<li> Dod\u00e1vky do kontinent\u00e1lnej Eur\u00f3py po ceste<\/li>\n<li> Dod\u00e1vky na pobre\u017en\u00e9 ostrovy trajektom alebo n\u00e1morn\u00fdm kontajnerom<\/li>\n<li> Dod\u00e1vky do v\u00fdchodnej Eur\u00f3py prostredn\u00edctvom n\u00e1morn\u00fdch a\/alebo cestn\u00fdch kontajnerov<\/li>\n<li> Pr\u00edpadn\u00e9 inform\u00e1cie o dovoze a cl\u00e1ch<\/li>\n<\/ul>\n<p><strong>\u0160pecialisti na medzin\u00e1rodn\u00e9 a miestne s\u0165ahovanie firiem a kancel\u00e1ri\u00ed<\/strong><\/p>\n<ul>\n<li> Vy\u0161\u0161\u00ed obchodn\u00fd z\u00e1stupca je pridelen\u00fd<\/li>\n<li> Podrobn\u00e1 cenov\u00e1 ponuka a harmonogram pr\u00e1ce<\/li>\n<li> \u00da\u010delovo navrhnut\u00e9 prepravky na papierovanie a odvoz drobn\u00fdch predmetov<\/li>\n<li> Kompletn\u00fd sortiment prepraviek (s plombou a vekom), baliaceho materi\u00e1lu, voz\u00edkov, ochrann\u00fdch krytov a voz\u00edkov<\/li>\n<li> Plne chr\u00e1nen\u00e9 IT zariadenia<\/li>\n<li> Pracovn\u00edci IT s\u00fa k dispoz\u00edcii na demont\u00e1\u017e a op\u00e4tovn\u00fa mont\u00e1\u017e po\u010d\u00edta\u010dov<\/li>\n<li> Arch\u00edv a sklad dokumentov<\/li>\n<li> Demont\u00e1\u017e a op\u00e4tovn\u00e1 mont\u00e1\u017e stolov, pracovn\u00fdch stan\u00edc a reg\u00e1lov<\/li>\n<li> Kompletn\u00fd celosvetov\u00fd a eur\u00f3psky prepravn\u00fd servis a IT a komunika\u010dn\u00e9 slu\u017eby<\/li>\n<\/ul>\n<p><strong>Pohyb v r\u00e1mci <a href=\"https:\/\/moverdb.com\/sk\/moving-to-the-uk\/\" data-internallinksmanager029f6b8e52c=\"93\" title=\"S\u0165ahujete sa do Spojen\u00e9ho kr\u00e1\u013eovstva? 2022 \u017divotn\u00e9 n\u00e1klady a tipy na pres\u0165ahovanie\">UK<\/a><\/strong><\/p>\n<ul>\n<li> Pridelen\u00fd osobn\u00fd agent pre s\u0165ahovanie v Spojenom kr\u00e1\u013eovstve<\/li>\n<li> Podrobn\u00e1 p\u00edsomn\u00e1 cenov\u00e1 ponuka<\/li>\n<li> Slu\u017eba od dver\u00ed k dver\u00e1m<\/li>\n<li> Odborn\u00ed bali\u010di<\/li>\n<li> Baliaci materi\u00e1l m\u00f4\u017ee by\u0165 poskytnut\u00fd<\/li>\n<li> Zriaden\u00e9 poistenie<\/li>\n<li> Usporiadan\u00e9 skladovanie<\/li>\n<\/ul>\n<p><strong>Rie\u0161enia na ukladanie<\/strong><\/p>\n<ul>\n<li> Podnikate\u013esk\u00e9, komer\u010dn\u00e9 a s\u00fakromn\u00e9 samoobslu\u017en\u00e9 skladovacie jednotky<\/li>\n<li> Skladovanie v kontajneroch<\/li>\n<li> Ukladanie \u0161tudentov<\/li>\n<li> Obchodn\u00e9 skladovanie<\/li>\n<li> Arch\u00edvne \u00falo\u017eisko<\/li>\n<li> 24-hodinov\u00fd kamerov\u00fd doh\u013ead<\/li>\n<li> Pr\u00edstup po\u010das pracovn\u00e9ho \u010dasu<\/li>\n<\/ul>\n<p>S\u00fa tie\u017e <a href=\"https:\/\/moverdb.com\/sk\/atlas-van-lines-international\/\" rel=\"noopener\" target=\"_blank\">Atlas Van Lines<\/a> agent v Spojenom kr\u00e1\u013eovstve.<\/p>\n<h2>Fox Moving &amp; Storage<\/h2>\n<p>Spolo\u010dnos\u0165 Fox Moving &amp; Storage zalo\u017eil Roy Fox v roku 1971. Jeho rodina podnikala v oblasti s\u0165ahovania a skladovania od 20. rokov minul\u00e9ho storo\u010dia. Od svojho vzniku sa spolo\u010dnos\u0165 rozr\u00e1stla z malej rodinnej firmy poskytuj\u00facej slu\u017eby v ju\u017enom Walese na spolo\u010dnos\u0165, ktor\u00e1 v s\u00fa\u010dasnosti uspokojuje potreby medzin\u00e1rodn\u00fdch a miestnych firemn\u00fdch a osobn\u00fdch klientov. Spolo\u010dnos\u0165 teraz vedie syn a dvaja vnuci Roya Foxa. <\/p>\n<p>Spolo\u010dnos\u0165 Fox Moving &amp; Storage sa zav\u00e4zuje vykon\u00e1va\u0165 svoju \u010dinnos\u0165 sp\u00f4sobom, ktor\u00fd plne re\u0161pektuje \u017eivotn\u00e9 prostredie, svojich zamestnancov a predov\u0161etk\u00fdm svojich klientov. Zav\u00e4zuj\u00fa sa tie\u017e poskytova\u0165 bezpe\u010dn\u00e9 a efekt\u00edvne pracovn\u00e9 prostredie, ktor\u00e9 bude pr\u00ednosom nielen pre ich zamestnancov, ale aj pre ich klientov.<\/p>\n<p>Pr\u00edslu\u0161nos\u0165 a akredit\u00e1cie spolo\u010dnosti Fox Moving:<\/p>\n<ul>\n<li> <a href=\"https:\/\/moverdb.com\/sk\/britska-asociacia-vyrobcov\/\">Britsk\u00e1 asoci\u00e1cia s\u0165ahova\u010dov<\/a> (<a href=\"https:\/\/moverdb.com\/sk\/british-association-of-removers\/\" data-internallinksmanager029f6b8e52c=\"9\" title=\"Vysvetlenie Britskej asoci\u00e1cie s\u0165ahovate\u013eov (BAR)\">BAR<\/a>)<\/li>\n<li> In\u0161tit\u00fat obchodn\u00fdch noriem (TSI)<\/li>\n<li> <a href=\"https:\/\/moverdb.com\/sk\/bar-overseas\/\">Britsk\u00e1 asoci\u00e1cia s\u0165ahovate\u013eov v z\u00e1mor\u00ed<\/a><\/li>\n<li> <a href=\"https:\/\/moverdb.com\/sk\/fidi-faim\/\">F\u00e9d\u00e9ration Internationale des D\u00e9m\u00e9nageurs Internationaux<\/a> (<a href=\"https:\/\/moverdb.com\/sk\/fidi-faim\/\" data-internallinksmanager029f6b8e52c=\"16\" title=\"Vysvetlenie FIDI a FAIM (FIDI akreditovan\u00fd medzin\u00e1rodn\u00fd prepravca)\">FIDI<\/a>)<\/li>\n<li> <a href=\"https:\/\/moverdb.com\/sk\/fidi-faim\/\">Akreditovan\u00fd medzin\u00e1rodn\u00fd prepravca FIDI<\/a> (FAIM)<\/li>\n<li> \u0160tandard slu\u017eieb Quality Assured - komer\u010dn\u00e9 s\u0165ahovanie<\/li>\n<li> \u0160tandard slu\u017eby Quality Assured - Syst\u00e9my riadenia kvality<\/li>\n<li> \u0160tandard kvality zabezpe\u010den\u00fdch slu\u017eieb - syst\u00e9my environment\u00e1lneho mana\u017e\u00e9rstva<\/li>\n<\/ul>\n<h2>Fox Moving &amp; Storage Recenzie<\/h2>\n<p><strong>Pozit\u00edvne<\/strong><\/p>\n<ul>\n<li> <em>\"Pr\u00edjemn\u00e1 a efekt\u00edvna pos\u00e1dka.\"<\/em> - P\u00e1n Hamer prostredn\u00edctvom <a href=\"http:\/\/www.fox-moving.com\/reviews\/\" target=\"_blank\" rel=\"noopener\">Str\u00e1nka s recenziami Fox Moving<\/a><\/li>\n<li> <em>\"Vynikaj\u00face, profesion\u00e1lne a zdvoril\u00e9 slu\u017eby. \u017diadne s\u0165a\u017enosti; v\u0161etko i\u0161lo pod\u013ea efekt\u00edvneho pl\u00e1nu. Foxes nie s\u00fa \"najlacnej\u0161\u00ed\"; ale dostanete to, za \u010do si zaplat\u00edte - kvalitu!\"<\/em> - Patricia prostredn\u00edctvom <a href=\"http:\/\/ww2.feefo.com\/en-us\/reviews\/fox-moving\/571f3e07498e08d16aafb163\/customer-review-top-notch-service\" target=\"_blank\" rel=\"noopener\">Feefo<\/a><\/li>\n<li> <em>\"Slu\u017eby, ktor\u00e9 som dostal od spolo\u010dnosti Fox, boli bezkonkuren\u010dn\u00e9 - od m\u00f4jho po\u010diato\u010dn\u00e9ho dopytu a\u017e po dokon\u010denie. Osobitne mus\u00edm po\u010fakova\u0165 aj mojim s\u0165ahova\u010dom v de\u0148 s\u0165ahovania.\"<\/em> - Beverley prostredn\u00edctvom <a href=\"http:\/\/trustedtraders.which.co.uk\/businesses\/fox-moving-storage-cwmbran\/\" target=\"_blank\" rel=\"noopener\">D\u00f4veryhodn\u00ed obchodn\u00edci<\/a><\/li>\n<li> <em>\"V priebehu nieko\u013ek\u00fdch rokov sme sa \u0161es\u0165kr\u00e1t s\u0165ahovali. Naposledy sme sa s\u0165ahovali z Viedne do <a href=\"https:\/\/moverdb.com\/sk\/moving-to-london\/\">Lond\u00fdn<\/a> a bol to najlep\u0161\u00ed krok, ak\u00fd sme kedy za\u017eili, a nem\u00f4\u017eeme sa spolo\u010dnosti Fox dostato\u010dne po\u010fakova\u0165.\"<\/em> - Sarah prostredn\u00edctvom Facebooku.<\/li>\n<\/ul>\n<p><strong>Negat\u00edvne<\/strong><\/p>\n<ul>\n<li> <em>\"Boli sme s man\u017eelkou \u0161okovan\u00ed, ak\u00e9 zl\u00e9 slu\u017eby sme dostali. Pos\u00e1dka bola neopatrn\u00e1 k na\u0161im veciam, neurobila ni\u010d, aby n\u00e1s ochr\u00e1nila pred hrozn\u00fdm po\u010das\u00edm v dan\u00fdch d\u0148och.\"<\/em> - Anthony prostredn\u00edctvom  <a href=\"http:\/\/ww2.feefo.com\/en-us\/reviews\/fox-moving\/571f3e07498e08d16aafb1a9\/customer-review-a-shockingly-bad-service\" target=\"_blank\" rel=\"noopener\">Feefo<\/a><\/li>\n<li> <em>\"Ve\u013ea \u0161k\u00f4d sp\u00f4soben\u00fdch s\u0165ahov\u00e1kmi na tovare. Nedostalo sa im ve\u013ea starostlivosti. Predmety ponechan\u00e9 v\u0161ade vr\u00e1tane predmetov ponechan\u00fdch vonku\"<\/em> - Paul prostredn\u00edctvom <a href=\"http:\/\/trustedtraders.which.co.uk\/businesses\/fox-moving-storage-cwmbran\/\" target=\"_blank\" rel=\"noopener\">D\u00f4veryhodn\u00ed obchodn\u00edci<\/a><\/li>\n<li> <em>\"\u0160okuj\u00faca spolo\u010dnos\u0165. S\u0165ahov\u00e1ci sa cel\u00fd de\u0148 h\u00e1dali, h\u00e1dali a nad\u00e1vali si navz\u00e1jom, \u010do z cel\u00e9ho u\u017e tak stresuj\u00faceho s\u0165ahovania urobilo no\u010dn\u00fa moru.\"<\/em> - Mike prostredn\u00edctvom <a href=\"https:\/\/www.yell.com\/biz\/fox-moving-and-storage-ltd-cwmbran-6113370\/\" target=\"_blank\" rel=\"noopener\">Krik<\/a><\/li>\n<\/ul>\n<div itemprop=\"review\" itemscope itemtype=\"http:\/\/schema.org\/Review\">\n<span itemprop=\"author\" itemscope=\"\" itemtype=\"http:\/\/schema.org\/Organization\"><span itemprop=\"name\">MoverDB.com<\/span><\/span> Online preh\u013ead webov\u00fdch str\u00e1nok pre <span itemprop=\"itemreviewed\" itemscope=\"\" itemtype=\"http:\/\/schema.org\/Brand\"><span itemprop=\"name\">Fox Moving &amp; Storage<\/span><\/span>:<\/p>\n<ol>\n<li> Jasn\u00e9 kontaktn\u00e9 \u00fadaje na webovej str\u00e1nke (vr\u00e1tane telef\u00f3nneho \u010d\u00edsla): <strong>\u00c1no<\/strong><\/li>\n<li> Jednoduch\u00e9 z\u00edskanie <a href=\"https:\/\/moverdb.com\/sk\/citaty\/\">cit\u00e1cie medzin\u00e1rodn\u00fdch s\u0165ahovan\u00ed<\/a>? (Online formul\u00e1r \u017eiadosti o odhad): <strong>\u00c1no<\/strong><\/li>\n<li> Jasn\u00e9 inform\u00e1cie na webovej str\u00e1nke: <strong>\u00c1no<\/strong>, Webov\u00e1 str\u00e1nka je pln\u00e1 u\u017eito\u010dn\u00fdch inform\u00e1ci\u00ed a m\u00e1 informat\u00edvny blog.<\/li>\n<li> \u010dlenstvo v medzin\u00e1rodn\u00fdch uzn\u00e1van\u00fdch organiz\u00e1ci\u00e1ch pohybliv\u00fdch zvierat: <strong>\u00c1no<\/strong>, pozri vy\u0161\u0161ie<\/li>\n<li> Zoznam klientov a\/alebo referencie predch\u00e1dzaj\u00facich z\u00e1kazn\u00edkov: <strong>\u00c1no<\/strong>, K dispoz\u00edcii je str\u00e1nka, ktor\u00e1 je venovan\u00e1 posudky z\u00e1kazn\u00edkov na mieste a recenzie z cel\u00e9ho webu s\u00fa v\u0161eobecne ve\u013emi pozit\u00edvne, len s nieko\u013ek\u00fdmi negat\u00edvnymi recenziami.<\/li>\n<\/ol>\n<div itemprop=\"reviewRating\" itemscope itemtype=\"http:\/\/schema.org\/Rating\"><meta itemprop=\"worstRating\" content = \"0\" \/><meta itemprop=\"bestRating\" content=\"5\" \/><meta itemprop=\"ratingValue\" content=\"5\"><\/div>\n<p><strong>Celkov\u00e9 hodnotenie: 5\/5<\/strong><br \/>\n<strong>D\u00e1tum recenzie:<\/strong> <span itemprop=\"datePublished\" content=\"2018-01-30\">30\/01\/18<\/span>\n<\/div>\n<p>Pre\u010d\u00edtajte si viac o <a href=\"https:\/\/moverdb.com\/sk\/medzinarodne-stahovanie\/\">medzin\u00e1rodn\u00e9 s\u0165ahovanie<\/a> a na\u0161e <a href=\"https:\/\/moverdb.com\/sk\/recenzie\/\">proces presk\u00famania<\/a>.<\/p>\n<p><strong>Webov\u00e1 lokalita:<\/strong> <a href=\"http:\/\/www.fox-moving.com\/\" target=\"_blank\" rel=\"noopener\">http:\/\/www.fox-moving.com\/<\/a><\/p>","protected":false},"excerpt":{"rendered":"<p>Fox Moving &#038; Storage is based in Cwmbran, Wales. Below you will find a list of their services both internationally and locally, together with a company profile and reviews. Moving Internationally &#8211; Corporate and Individual Personal international removals agent Comprehensive quotation, moving schedule and timescale Expert packing team Provides customs and excise documentation Local agents [&hellip;]<\/p>\n","protected":false},"author":1,"featured_media":0,"parent":0,"menu_order":0,"comment_status":"closed","ping_status":"closed","template":"","meta":{"_genesis_hide_title":false,"_genesis_hide_breadcrumbs":false,"_genesis_hide_singular_image":false,"_genesis_hide_footer_widgets":false,"_genesis_custom_body_class":"","_genesis_custom_post_class":"","_genesis_layout":"","footnotes":""},"class_list":{"0":"post-906","1":"page","2":"type-page","3":"status-publish","5":"entry"},"_links":{"self":[{"href":"https:\/\/moverdb.com\/sk\/wp-json\/wp\/v2\/pages\/906","targetHints":{"allow":["GET"]}}],"collection":[{"href":"https:\/\/moverdb.com\/sk\/wp-json\/wp\/v2\/pages"}],"about":[{"href":"https:\/\/moverdb.com\/sk\/wp-json\/wp\/v2\/types\/page"}],"author":[{"embeddable":true,"href":"https:\/\/moverdb.com\/sk\/wp-json\/wp\/v2\/users\/1"}],"replies":[{"embeddable":true,"href":"https:\/\/moverdb.com\/sk\/wp-json\/wp\/v2\/comments?post=906"}],"version-history":[{"count":9,"href":"https:\/\/moverdb.com\/sk\/wp-json\/wp\/v2\/pages\/906\/revisions"}],"predecessor-version":[{"id":6211,"href":"https:\/\/moverdb.com\/sk\/wp-json\/wp\/v2\/pages\/906\/revisions\/6211"}],"wp:attachment":[{"href":"https:\/\/moverdb.com\/sk\/wp-json\/wp\/v2\/media?parent=906"}],"curies":[{"name":"wp","href":"https:\/\/api.w.org\/{rel}","templated":true}]}}