{"id":895,"date":"2016-10-11T05:16:54","date_gmt":"2016-10-11T05:16:54","guid":{"rendered":"http:\/\/moverdb.com\/?page_id=895"},"modified":"2026-01-08T14:48:03","modified_gmt":"2026-01-08T14:48:03","slug":"konstantin-pohyblivy","status":"publish","type":"page","link":"https:\/\/moverdb.com\/sk\/constantine-moving\/","title":{"rendered":"Constantine Moving: Medzin\u00e1rodn\u00e9 s\u0165ahovanie Recenzie"},"content":{"rendered":"<p>Ni\u017e\u0161ie s\u00fa uveden\u00e9 slu\u017eby spolo\u010dnosti Constantine Moving, po ktor\u00fdch nasleduje profil spolo\u010dnosti a recenzie.<\/p>\n<p><strong>Medzin\u00e1rodn\u00e9 s\u0165ahovanie domov<\/strong><\/p>\n<ul>\n<li> Stretnutie pred s\u0165ahovan\u00edm<\/li>\n<li> Bezplatn\u00e1 cenov\u00e1 ponuka, pl\u00e1n s\u0165ahovania a \u010dasov\u00fd harmonogram<\/li>\n<li> Vysoko sk\u00fasen\u00fd profesion\u00e1lne vy\u0161kolen\u00fd baliaci person\u00e1l<\/li>\n<li> Dostupn\u00e9 \u00falo\u017eisko<\/li>\n<li> N\u00e1morn\u00e1 preprava<\/li>\n<li> Leteck\u00e1 preprava<\/li>\n<li> Cestn\u00e1 doprava<\/li>\n<li> Coln\u00e9 konanie<\/li>\n<li> Dodanie do nov\u00e9ho domova<\/li>\n<li> Vybalenie a op\u00e4tovn\u00e9 zlo\u017eenie n\u00e1bytku<\/li>\n<li> Odstr\u00e1nenie v\u0161etk\u00fdch obalov na recykl\u00e1ciu<\/li>\n<\/ul>\n<p><strong>Fine Art Moving<\/strong><\/p>\n<ul>\n<li> Dizajn a textiln\u00e9 obaly na predmety akejko\u013evek ve\u013ekosti<\/li>\n<li> \u0160pecializovan\u00fd koordin\u00e1tor projektu<\/li>\n<li> \u0160pecializovan\u00e9 baliace materi\u00e1ly<\/li>\n<li> Profesion\u00e1lne vy\u0161kolen\u00ed a sk\u00fasen\u00ed baliaci technici<\/li>\n<li> Cestn\u00e1, leteck\u00e1 alebo n\u00e1morn\u00e1 preprava<\/li>\n<li> In\u0161tal\u00e1cia v\u0161etk\u00e9ho od mal\u00fdch, jemn\u00fdch predmetov a\u017e po ve\u013ek\u00e9 muze\u00e1lne expon\u00e1ty<\/li>\n<li> Technici nosia manipula\u010dn\u00e9 zariadenia, ako s\u00fa le\u0161enia, rebr\u00edky at\u010f.<\/li>\n<li> Skladovanie v prostred\u00ed s kontrolovanou vlhkos\u0165ou a 24-hodinov\u00fdm kamerov\u00fdm syst\u00e9mom<\/li>\n<li> M\u00fazejn\u00e9 dekant\u00e1ty<\/li>\n<li> In\u0161tal\u00e1cie v gal\u00e9rii<\/li>\n<li> Premiestnenie celej zbierky<\/li>\n<\/ul>\n<p><strong>\u00dalo\u017eisko<\/strong><\/p>\n<ul>\n<li> Skladovacie priestory chr\u00e1nen\u00e9 rozsiahlymi bezpe\u010dnostn\u00fdmi opatreniami<\/li>\n<li> prostredie s kontrolovanou vlhkos\u0165ou na ochranu ulo\u017een\u00fdch pokladov<\/li>\n<\/ul>\n<p><strong>Pomocn\u00e9 slu\u017eby<\/strong><\/p>\n<ul>\n<li> <a href=\"https:\/\/moverdb.com\/sk\/car-transport-shipping\/\" data-internallinksmanager029f6b8e52c=\"2\" title=\"2026 Medzin\u00e1rodn\u00e1 preprava \u00e1ut a cit\u00e1cie prepravy vozidiel\">Preprava automobilov<\/a> &amp; Storage<\/li>\n<li> Preprava dom\u00e1cich zvierat<\/li>\n<li> Remeseln\u00edk (demont\u00e1\u017e a op\u00e4tovn\u00e1 mont\u00e1\u017e \u0161pecializovan\u00e9ho n\u00e1bytku, zariaden\u00ed at\u010f.)<\/li>\n<li> In\u0161tal\u00e1cia z\u00e1vesn\u00e9ho obrazu\/umenia<\/li>\n<li> \u0160peci\u00e1lne balenie (pre krehk\u00e9 predmety alebo predmety s vysokou hodnotou)<\/li>\n<li> Upratovanie domu<\/li>\n<li> upratovacie slu\u017eby (pranie, upratovanie <a href=\"https:\/\/moverdb.com\/sk\/moving-to-china\/\" data-internallinksmanager029f6b8e52c=\"357\" title=\"S\u0165ahovanie do \u010c\u00edny? 2026 N\u00e1klady na \u017eivot a tipy na pres\u0165ahovanie\">\u010c\u00edna<\/a>, sklo, oble\u010denie at\u010f.)<\/li>\n<li> Elektrik\u00e1r alebo in\u0161talat\u00e9r<\/li>\n<li> Odpojenie a op\u00e4tovn\u00e1 in\u0161tal\u00e1cia satelitnej TV ant\u00e9ny<\/li>\n<li> \u0160pecializovan\u00e9 \"bezpe\u010dn\u00e9\" odstr\u00e1nenie<\/li>\n<li> Demont\u00e1\u017e a op\u00e4tovn\u00e1 mont\u00e1\u017e r\u00e1mov okien a dver\u00ed<\/li>\n<li> Vonkaj\u0161\u00ed v\u00fd\u0165ah (\u0161pecializovan\u00fd v\u00fd\u0165ah) na pr\u00edstup do rezidencie cez horn\u00e9 poschodia<\/li>\n<li> Pren\u00e1jom n\u00e1bytku<\/li>\n<li> Re\u0161taurovanie a opravy n\u00e1bytku<\/li>\n<\/ul>\n<h2>Profil spolo\u010dnosti Constantine Moving Company<\/h2>\n<p>Skupina spolo\u010dnost\u00ed Constantine vznikla v polovici 19. storo\u010dia, ke\u010f Joseph Constantine a \u010fal\u0161\u00ed \u010dlenovia rodiny odk\u00fapili spolo\u010dnos\u0165, ktor\u00e1 vlastnila plachetnice. V \u010dase, ke\u010f para nahradila plachty, sa skupina Constantine roz\u0161\u00edrila do takej miery, \u017ee bola jedn\u00fdm z najv\u00e4\u010d\u0161\u00edch vlastn\u00edkov lod\u00ed v <a href=\"https:\/\/moverdb.com\/sk\/moving-to-the-uk\/\" data-internallinksmanager029f6b8e52c=\"93\" title=\"S\u0165ahujete sa do Spojen\u00e9ho kr\u00e1\u013eovstva? 2022 \u017divotn\u00e9 n\u00e1klady a tipy na pres\u0165ahovanie\">UK<\/a>.<\/p>\n<p>Prv\u00e1 a druh\u00e1 svetov\u00e1 vojna im bohu\u017eia\u013e vzala lode, a tak sa skupina za\u010dala venova\u0165 cestovaniu, <a href=\"https:\/\/moverdb.com\/sk\/zasielatelstvo\/\">zasielate\u013estvo<\/a> a invest\u00edcie do nehnute\u013enost\u00ed. Dnes sa Constantine Moving zameriava na s\u0165ahovanie \u013eud\u00ed a umeleck\u00fdch diel po celom svete. Je hrd\u00fdm dr\u017eite\u013eom kr\u00e1\u013eovsk\u00e9ho menovacieho dekr\u00e9tu za svoje slu\u017eby kr\u00e1\u013eovnej Al\u017ebete II.<\/p>\n<p>Pr\u00edslu\u0161nos\u0165 a akredit\u00e1cie spolo\u010dnosti Constantine Moving:<\/p>\n<ul>\n<li> <a href=\"https:\/\/moverdb.com\/sk\/britska-asociacia-vyrobcov\/\">Britsk\u00e1 asoci\u00e1cia s\u0165ahova\u010dov<\/a> (<a href=\"https:\/\/moverdb.com\/sk\/british-association-of-removers\/\" data-internallinksmanager029f6b8e52c=\"9\" title=\"Vysvetlenie Britskej asoci\u00e1cie s\u0165ahovate\u013eov (BAR)\">BAR<\/a>)<\/li>\n<li> <a href=\"https:\/\/moverdb.com\/sk\/fidi-faim\/\">FIDI<\/a><\/li>\n<li> <a href=\"https:\/\/moverdb.com\/sk\/fidi-faim\/\">FAIM<\/a><\/li>\n<li> In\u0161tit\u00fat obchodn\u00fdch noriem (TSI)<\/li>\n<li> <a href=\"https:\/\/moverdb.com\/sk\/som\/\">Medzin\u00e1rodn\u00e1 asoci\u00e1cia s\u0165ahovate\u013eov<\/a> (<a href=\"https:\/\/moverdb.com\/sk\/iam\/\" data-internallinksmanager029f6b8e52c=\"23\" title=\"Vysvetlenie Medzin\u00e1rodnej asoci\u00e1cie s\u0165ahovate\u013eov (IAM)\">IAM<\/a>)<\/li>\n<li> Medzin\u00e1rodn\u00e9 stretnutie prepravcov umenia (ARTIM)<\/li>\n<li> Z poverenia Jej Veli\u010denstva kr\u00e1\u013eovnej<\/li>\n<\/ul>\n<h2>Constantine Moving Recenzie<\/h2>\n<p><em>V s\u00fa\u010dasnosti nie s\u00fa \u017eiadne pozit\u00edvne alebo negat\u00edvne recenzie pre Constantine Moving online.<\/em><\/p>\n<div itemprop=\"review\" itemscope itemtype=\"http:\/\/schema.org\/Review\">\n<span itemprop=\"author\" itemscope=\"\" itemtype=\"http:\/\/schema.org\/Organization\"><span itemprop=\"name\">MoverDB.com<\/span><\/span> Online preh\u013ead webov\u00fdch str\u00e1nok pre <span itemprop=\"itemreviewed\" itemscope=\"\" itemtype=\"http:\/\/schema.org\/Brand\"><span itemprop=\"name\">Constantine s\u0165ahovanie<\/span><\/span>:<\/p>\n<ol>\n<li> Jasn\u00e9 kontaktn\u00e9 \u00fadaje na webovej str\u00e1nke (vr\u00e1tane telef\u00f3nneho \u010d\u00edsla): <strong>\u00c1no<\/strong><\/li>\n<li> Jednoduch\u00e9 z\u00edskanie <a href=\"https:\/\/moverdb.com\/sk\/citaty\/\">cit\u00e1cie medzin\u00e1rodn\u00fdch s\u0165ahovan\u00ed<\/a>? (Online formul\u00e1r \u017eiadosti o odhad): <strong>Nie<\/strong><\/li>\n<li> Jasn\u00e9 inform\u00e1cie na webovej str\u00e1nke: <strong>Niektor\u00e9,<\/strong> Webov\u00e1 str\u00e1nka neobsahuje ve\u013ea podrobn\u00fdch inform\u00e1ci\u00ed. Tie sa dod\u00e1vaj\u00fa vo f\u00e1ze pl\u00e1novania.<\/li>\n<li> \u010dlenstvo v medzin\u00e1rodn\u00fdch uzn\u00e1van\u00fdch organiz\u00e1ci\u00e1ch pohybliv\u00fdch zvierat: <strong>\u00c1no<\/strong>, pozri vy\u0161\u0161ie.<\/li>\n<li> Zoznam klientov a\/alebo referencie predch\u00e1dzaj\u00facich z\u00e1kazn\u00edkov: <strong>Nie<\/strong>, hoci medzi ich klientov patr\u00ed aj kr\u00e1\u013eovn\u00e1 Al\u017ebeta II. a kr\u00e1\u013eovsk\u00e1 rodina.<\/li>\n<\/ol>\n<div itemprop=\"reviewRating\" itemscope itemtype=\"http:\/\/schema.org\/Rating\"><meta itemprop=\"worstRating\" content = \"0\" \/><meta itemprop=\"bestRating\" content=\"5\" \/><meta itemprop=\"ratingValue\" content=\"4\"><\/div>\n<p><strong>Celkov\u00e9 hodnotenie: 4\/5<\/strong><br \/>\n<strong>D\u00e1tum recenzie:<\/strong> <span itemprop=\"datePublished\" content=\"2016-10-11\">11\/10\/16<\/span>\n<\/div>\n<p>Pre\u010d\u00edtajte si viac o <a href=\"https:\/\/moverdb.com\/sk\/medzinarodne-stahovanie\/\">medzin\u00e1rodn\u00e9 s\u0165ahovacie spolo\u010dnosti<\/a> a na\u0161e <a href=\"https:\/\/moverdb.com\/sk\/recenzie\/\">proces presk\u00famania<\/a>.<\/p>\n<p><strong>Webov\u00e1 lokalita:<\/strong> <a href=\"http:\/\/www.constantinemoving.com\/\" target=\"_blank\" rel=\"noopener\">http:\/\/www.constantinemoving.com\/<\/a><\/p>","protected":false},"excerpt":{"rendered":"<p>The services of Constantine Moving are listed below, following by a company profile and reviews. International Home Moving Pre-move appointment Free quote, move plan and timetable Highly experienced professionally trained packing crew Storage available Sea shipment Air shipment Road transportation Customs clearance Delivery to new home Unpacking and reassembling of furniture Removal of all packing [&hellip;]<\/p>\n","protected":false},"author":1,"featured_media":0,"parent":0,"menu_order":0,"comment_status":"closed","ping_status":"closed","template":"","meta":{"_genesis_hide_title":false,"_genesis_hide_breadcrumbs":false,"_genesis_hide_singular_image":false,"_genesis_hide_footer_widgets":false,"_genesis_custom_body_class":"","_genesis_custom_post_class":"","_genesis_layout":"","footnotes":""},"class_list":{"0":"post-895","1":"page","2":"type-page","3":"status-publish","5":"entry"},"_links":{"self":[{"href":"https:\/\/moverdb.com\/sk\/wp-json\/wp\/v2\/pages\/895","targetHints":{"allow":["GET"]}}],"collection":[{"href":"https:\/\/moverdb.com\/sk\/wp-json\/wp\/v2\/pages"}],"about":[{"href":"https:\/\/moverdb.com\/sk\/wp-json\/wp\/v2\/types\/page"}],"author":[{"embeddable":true,"href":"https:\/\/moverdb.com\/sk\/wp-json\/wp\/v2\/users\/1"}],"replies":[{"embeddable":true,"href":"https:\/\/moverdb.com\/sk\/wp-json\/wp\/v2\/comments?post=895"}],"version-history":[{"count":3,"href":"https:\/\/moverdb.com\/sk\/wp-json\/wp\/v2\/pages\/895\/revisions"}],"predecessor-version":[{"id":6195,"href":"https:\/\/moverdb.com\/sk\/wp-json\/wp\/v2\/pages\/895\/revisions\/6195"}],"wp:attachment":[{"href":"https:\/\/moverdb.com\/sk\/wp-json\/wp\/v2\/media?parent=895"}],"curies":[{"name":"wp","href":"https:\/\/api.w.org\/{rel}","templated":true}]}}