{"id":893,"date":"2016-09-28T05:29:53","date_gmt":"2016-09-28T05:29:53","guid":{"rendered":"http:\/\/moverdb.com\/?page_id=893"},"modified":"2026-01-08T14:40:01","modified_gmt":"2026-01-08T14:40:01","slug":"john-mason","status":"publish","type":"page","link":"https:\/\/moverdb.com\/sk\/john-mason\/","title":{"rendered":"John Mason International Movers: S\u0165ahovanie Recenzie"},"content":{"rendered":"<p>John Mason International Movers pon\u00faka klientom r\u00f4zne s\u0165ahovacie slu\u017eby, ktor\u00e9 s\u00fa uveden\u00e9 ni\u017e\u0161ie. Nasleduje aj profil spolo\u010dnosti a recenzie.<\/p>\n<p><strong><a href=\"https:\/\/moverdb.com\/sk\/container-shipping\/\" data-internallinksmanager029f6b8e52c=\"3\" title=\"Graf sadzieb medzin\u00e1rodnej kontajnerovej prepravy: Apr\u00edl 2026\">Medzin\u00e1rodn\u00e1 preprava<\/a> Slu\u017eby - Do a z <a href=\"https:\/\/moverdb.com\/sk\/moving-to-the-uk\/\" data-internallinksmanager029f6b8e52c=\"93\" title=\"S\u0165ahujete sa do Spojen\u00e9ho kr\u00e1\u013eovstva? 2022 \u017divotn\u00e9 n\u00e1klady a tipy na pres\u0165ahovanie\">UK<\/a><\/strong><\/p>\n<ul>\n<li> Slu\u017eba od dver\u00ed k dver\u00e1m<\/li>\n<li> \u0160pecializovan\u00fd mana\u017e\u00e9r s\u0165ahovania<\/li>\n<li> Profesion\u00e1lne exportn\u00e9 balenie doma<\/li>\n<li> Leteck\u00e1 alebo n\u00e1morn\u00e1 preprava<\/li>\n<li> <a href=\"https:\/\/moverdb.com\/sk\/kontajnerova-preprava\/\">Pln\u00e9 nalo\u017eenie kontajnera alebo zdie\u013ean\u00fd kontajner<\/a><\/li>\n<li> Bato\u017einov\u00e1 slu\u017eba pre jednotliv\u00e9 polo\u017eky<\/li>\n<li> Sie\u0165 profesion\u00e1lnych agentov po celom svete<\/li>\n<li> Coln\u00e9 konanie<\/li>\n<li> Dodanie a vybalenie v novom domove<\/li>\n<li> Skladovanie na mieste p\u00f4vodu a na mieste ur\u010denia<\/li>\n<li> N\u00e1morn\u00e9 poistenie v\u0161etk\u00fdch riz\u00edk<\/li>\n<li> Slu\u017eby upratova\u010dky a \u00fadr\u017eb\u00e1ra<\/li>\n<\/ul>\n<p><strong>Medzin\u00e1rodn\u00e9 slu\u017eby premiest\u0148ovania<\/strong><\/p>\n<ul>\n<li> Pomoc pri predaji domu<\/li>\n<li> Slu\u017eba pri odchode - odstra\u0148ovanie nedorobkov, napr. drobn\u00e9 opravy a upratovanie<\/li>\n<li> Riadenie presunu<\/li>\n<li> Orienta\u010dn\u00e9 prehliadky - vr\u00e1tane obhliadky nehnute\u013enost\u00ed a \u0161k\u00f4l<\/li>\n<li> Kult\u00farna a jazykov\u00e1 pr\u00edprava<\/li>\n<li> Usadenie sa - otvorenie bankov\u00fdch \u00fa\u010dtov, registr\u00e1cia u lek\u00e1ra a zub\u00e1ra a nespo\u010detn\u00e9 mno\u017estvo \u010fal\u0161\u00edch \u00faloh na u\u013eah\u010denie \u017eivota<\/li>\n<li> Premiestnenie dom\u00e1ceho zviera\u0165a<\/li>\n<\/ul>\n<p><strong>Eur\u00f3pska preprava a s\u0165ahovanie<\/strong><\/p>\n<ul>\n<li> \u00da\u010delovo vytvoren\u00fd eur\u00f3psky vozov\u00fd park<\/li>\n<li> \u0160pecializovan\u00ed mana\u017e\u00e9ri s\u0165ahovania<\/li>\n<li> Slu\u017eba od dver\u00ed k dver\u00e1m<\/li>\n<li> Vyhraden\u00e1 slu\u017eba - vozidlo bude obsahova\u0165 tovar jednej osoby\/firmy<\/li>\n<li> Slu\u017eba \u010diasto\u010dn\u00e9ho za\u0165a\u017eenia<\/li>\n<li> Mo\u017enosti balenia - zabalen\u00e9 majite\u013eom, vybran\u00e9 polo\u017eky profesion\u00e1lne zabalen\u00e9, kompletn\u00e9 profesion\u00e1lne balenie<\/li>\n<li> V pr\u00edpade potreby pomoc v oblasti ciel a spotrebn\u00fdch dan\u00ed<\/li>\n<li> \u00dalo\u017eisko <\/li>\n<li> Poistenie<\/li>\n<li> Leteck\u00fa prepravu je mo\u017en\u00e9 zabezpe\u010di\u0165<\/li>\n<\/ul>\n<p><strong>Obchodn\u00e9 prepravn\u00e9 slu\u017eby<\/strong><\/p>\n<ul>\n<li> Leteck\u00e1 n\u00e1kladn\u00e1 doprava<\/li>\n<li> FCL<\/li>\n<li> LCL<\/li>\n<li> Groupage<\/li>\n<li> Eur\u00f3pska cestn\u00e1 doprava<\/li>\n<\/ul>\n<p><strong>Slu\u017eby skladovania<\/strong><\/p>\n<ul>\n<li> Arch\u00edvne \u00falo\u017eisko<\/li>\n<li> Skladovanie lod\u00ed<\/li>\n<li> Skladovanie karavanov<\/li>\n<li> Komer\u010dn\u00e9 skladovanie<\/li>\n<li> Skladovanie v dom\u00e1cnosti<\/li>\n<li> Skladovanie motocyklov<\/li>\n<li> Vlastn\u00e9 skladovanie<\/li>\n<li> Ukladanie \u0161tudentov<\/li>\n<li> Skladovanie vozidiel<\/li>\n<\/ul>\n<h2>John Mason International Movers Profil spolo\u010dnosti<\/h2>\n<p>Spolo\u010dnos\u0165 John Mason International Movers zalo\u017eila Mary Mason v roku 1884. V roku 1887 sa k nej pripojil jej syn John Mason, ke\u010f ich hlavnou \u010dinnos\u0165ou bolo s\u0165ahovanie uhlia. John Mason prevzal podnikanie od svojej matky v roku 1890 a za\u010dal sa venova\u0165 v\u0161eobecnej preprave a <a href=\"https:\/\/moverdb.com\/sk\/moving-companies\/\" data-internallinksmanager029f6b8e52c=\"79\" title=\"Top 25 medzin\u00e1rodn\u00fdch s\u0165ahovac\u00edch spolo\u010dnost\u00ed online\">s\u0165ahovacia spolo\u010dnos\u0165<\/a>. Spolo\u010dnos\u0165 sa na\u010falej roz\u0161irovala a prosperovala a v roku 1955 za\u010dala poskytova\u0165 denn\u00fa s\u0165ahovaciu slu\u017ebu do <a href=\"https:\/\/moverdb.com\/sk\/moving-to-ireland\/\" data-internallinksmanager029f6b8e52c=\"320\" title=\"S\u0165ahujete sa do \u00cdrska? 2026 N\u00e1klady na b\u00fdvanie a tipy na pres\u0165ahovanie\">\u00cdrsko<\/a>. <\/p>\n<p>Spolo\u010dnos\u0165 John Mason pokra\u010dovala v raste a v s\u00fa\u010dasnosti vykon\u00e1va v priemere 8 000 s\u0165ahovan\u00ed po celom svete ro\u010dne. Z\u00e1kladom tejto rodinnej firmy s\u00fa medzin\u00e1rodn\u00e9 s\u0165ahovania, s\u0165ahovanie firiem a obchodn\u00fdch spolo\u010dnost\u00ed, s\u0165ahovanie dom\u00e1cnost\u00ed a skladovanie. Ich v\u00edziou je \u00faplne flexibiln\u00e1 s\u0165ahovacia slu\u017eba s d\u00f4razom na rodinn\u00e9 hodnoty a integritu.<\/p>\n<p>Afili\u00e1cie a akredit\u00e1cie Johna Masona:<\/p>\n<ul>\n<li> <a href=\"https:\/\/moverdb.com\/sk\/britska-asociacia-vyrobcov\/\">Britsk\u00e1 asoci\u00e1cia s\u0165ahova\u010dov<\/a> (<a href=\"https:\/\/moverdb.com\/sk\/british-association-of-removers\/\" data-internallinksmanager029f6b8e52c=\"9\" title=\"Vysvetlenie Britskej asoci\u00e1cie s\u0165ahovate\u013eov (BAR)\">BAR<\/a>)<\/li>\n<li> <a href=\"https:\/\/moverdb.com\/sk\/bar-overseas\/\">Britsk\u00e1 asoci\u00e1cia s\u0165ahov\u00e1kov Overseas Remover<\/a><\/li>\n<li> Overseas Moving Network International (OMNI)<\/li>\n<li> <a href=\"https:\/\/moverdb.com\/sk\/fidi-faim\/\">Medzin\u00e1rodn\u00e1 feder\u00e1cia medzin\u00e1rodn\u00fdch s\u0165ahovate\u013eov<\/a> (<a href=\"https:\/\/moverdb.com\/sk\/fidi-faim\/\" data-internallinksmanager029f6b8e52c=\"16\" title=\"Vysvetlenie FIDI a FAIM (FIDI akreditovan\u00fd medzin\u00e1rodn\u00fd prepravca)\">FIDI<\/a>)<\/li>\n<li> <a href=\"https:\/\/moverdb.com\/sk\/fidi-faim\/\">FAIM<\/a><\/li>\n<li> <a href=\"https:\/\/moverdb.com\/sk\/mtc\/\">Obchodn\u00fd klub Movers<\/a> (<a href=\"https:\/\/moverdb.com\/sk\/mtc\/\" data-internallinksmanager029f6b8e52c=\"30\" title=\"Vysvetlenie Movers Trading Club (MTC)\">MTC<\/a>)<\/li>\n<li> In\u0161tit\u00fat obchodn\u00fdch noriem<\/li>\n<li> <a href=\"https:\/\/moverdb.com\/sk\/lacma\/\">Zdru\u017eenie medzin\u00e1rodn\u00fdch prepravcov z Latinskej Ameriky a Karibiku<\/a> (<a href=\"https:\/\/moverdb.com\/sk\/lacma\/\" data-internallinksmanager029f6b8e52c=\"28\" title=\"Zdru\u017eenie medzin\u00e1rodn\u00fdch prepravcov z Latinskej Ameriky a Karibiku (LACMA)\">LACMA<\/a>)<\/li>\n<\/ul>\n<h2>John Mason International Movers Recenzie<\/h2>\n<p><strong>Pozit\u00edvne<\/strong><\/p>\n<ul>\n<li> <em>\"Cel\u00e1 moja sk\u00fasenos\u0165 s Johnom Masonom bola ve\u013emi dobr\u00e1, od Tonyho prieskumu a\u017e po dne\u0161ok s kontajnerom, ktor\u00fd bol zabalen\u00fd, ur\u010dite odpor\u00fa\u010dam Johna Masona na poskytovanie s\u0165ahovac\u00edch slu\u017eieb.\"<\/em> - M.H. South Shields od <a href=\"http:\/\/www.johnmason.com\/about-us\/\" target=\"_blank\" rel=\"noopener\">Webov\u00e1 str\u00e1nka Johna Masona<\/a>.<\/li>\n<li> <em>\"T\u00edm spolo\u010dnosti John Masons je pre m\u0148a v\u00fdnimo\u010dn\u00fd. Od n\u00e1v\u0161tevy u nich doma, ich \u010dast\u00fdch aktualiz\u00e1ci\u00ed a\u017e po pracovn\u00edkov, ktor\u00ed sa starali o s\u0165ahovanie, v\u0161etko bolo fantastick\u00e9.\"<\/em> - Jaclyn prostredn\u00edctvom <a href=\"https:\/\/www.facebook.com\/johnmasoninternational\/reviews\/\" target=\"_blank\" rel=\"noopener\">Recenzia na Facebooku<\/a><\/li>\n<li><em>\"Urobili sme rovnak\u00fd krok pred 3 mesiacmi, pou\u017eili sme medzin\u00e1rodn\u00e9 s\u0165ahovacie spolo\u010dnosti John Masons. Urobili aj balenie a vyba\u013eovanie. Nem\u00f4\u017eem ich vrelo odporu\u010di\u0165, ani jedna vec sa nerozbila alebo nestratila.\"<\/em> - prostredn\u00edctvom <a href=\"http:\/\/www.mumsnet.com\/Talk\/living_overseas\/1535416-Shipping-to-Australia\" target=\"_blank\" rel=\"noopener\">Mumsnet<\/a><\/li>\n<\/ul>\n<p><strong>Negat\u00edvne<\/strong><\/p>\n<p>Iba <strong>6%<\/strong> ich recenzi\u00ed na Trustpilot s\u00fa 1 alebo 2 hviezdi\u010dky oproti <strong>93%<\/strong> ktor\u00e9 maj\u00fa 4 alebo 5 hviezdi\u010diek. V\u0161etky tieto recenzie si m\u00f4\u017eete pre\u010d\u00edta\u0165 <a href=\"https:\/\/uk.trustpilot.com\/review\/www.johnmason.com\" rel=\"noopener\" target=\"_blank\">tu<\/a>.  <\/p>\n<div itemprop=\"review\" itemscope itemtype=\"http:\/\/schema.org\/Review\">\n<span itemprop=\"author\" itemscope=\"\" itemtype=\"http:\/\/schema.org\/Organization\"><span itemprop=\"name\">MoverDB.com<\/span><\/span> Online preh\u013ead webov\u00fdch str\u00e1nok pre <span itemprop=\"itemreviewed\" itemscope=\"\" itemtype=\"http:\/\/schema.org\/Brand\"><span itemprop=\"name\">John Mason International Movers<\/span><\/span>:<\/p>\n<ol>\n<li> Jasn\u00e9 kontaktn\u00e9 \u00fadaje na webovej str\u00e1nke (vr\u00e1tane telef\u00f3nneho \u010d\u00edsla): <strong>\u00c1no<\/strong><\/li>\n<li> Jednoduch\u00e9 z\u00edskanie <a href=\"https:\/\/moverdb.com\/sk\/citaty\/\">cit\u00e1cie medzin\u00e1rodn\u00fdch s\u0165ahovan\u00ed<\/a>? (Online formul\u00e1r \u017eiadosti o odhad): <strong>\u00c1no<\/strong><\/li>\n<li> Jasn\u00e9 inform\u00e1cie na webovej str\u00e1nke: <strong>\u00c1no,<\/strong> Webov\u00e1 str\u00e1nka je pomerne obsiahla, podrobnej\u0161ie inform\u00e1cie v\u0161ak poskytneme na po\u017eiadanie.<\/li>\n<li> \u010dlenstvo v medzin\u00e1rodn\u00fdch uznan\u00fdch organiz\u00e1ci\u00e1ch pohybliv\u00fdch zvierat: <strong>\u00c1no<\/strong>, pozri vy\u0161\u0161ie.<\/li>\n<li> Zoznam klientov a\/alebo referencie predch\u00e1dzaj\u00facich z\u00e1kazn\u00edkov: <strong>Niektor\u00e9,<\/strong> v spodnej \u010dasti ka\u017edej str\u00e1nky s\u00fa recenzie z\u00e1kazn\u00edkov, ale nie je pre ne vyhraden\u00e1 \u017eiadna str\u00e1nka. Okrem toho, hoci maj\u00fa na internete v\u00e4\u010d\u0161inou pozit\u00edvne recenzie, je tu aj nieko\u013eko negat\u00edvnych.<\/li>\n<\/ol>\n<div itemprop=\"reviewRating\" itemscope itemtype=\"http:\/\/schema.org\/Rating\"><meta itemprop=\"worstRating\" content = \"0\" \/><meta itemprop=\"bestRating\" content=\"5\" \/><meta itemprop=\"ratingValue\" content=\"4\"><\/div>\n<p><strong>Celkov\u00e9 hodnotenie: 4\/5<\/strong><br \/>\n<strong>D\u00e1tum recenzie:<\/strong> <span itemprop=\"datePublished\" content=\"2019-01-18\">18\/01\/2019<\/span>\n<\/div>\n<p>Pre\u010d\u00edtajte si viac o <a href=\"https:\/\/moverdb.com\/sk\/medzinarodne-stahovanie\/\">medzin\u00e1rodn\u00e9 s\u0165ahovacie spolo\u010dnosti<\/a> a na\u0161e <a href=\"https:\/\/moverdb.com\/sk\/recenzie\/\">proces presk\u00famania<\/a>.<\/p>\n<p><strong>Webov\u00e1 lokalita:<\/strong> <a href=\"http:\/\/www.johnmason.com\/\" target=\"_blank\" rel=\"noopener\">http:\/\/www.johnmason.com\/<\/a><\/p>","protected":false},"excerpt":{"rendered":"<p>John Mason International Movers offers clients various removal services which are listed below. There also follows a company profile and reviews. International Shipping Services &#8211; To and From the UK Door to door service Dedicated move manager Professional export packing at home Shipping by air or sea Full container load or shared container Baggage service [&hellip;]<\/p>\n","protected":false},"author":1,"featured_media":0,"parent":0,"menu_order":0,"comment_status":"closed","ping_status":"closed","template":"","meta":{"_genesis_hide_title":false,"_genesis_hide_breadcrumbs":false,"_genesis_hide_singular_image":false,"_genesis_hide_footer_widgets":false,"_genesis_custom_body_class":"","_genesis_custom_post_class":"","_genesis_layout":"","footnotes":""},"class_list":{"0":"post-893","1":"page","2":"type-page","3":"status-publish","5":"entry"},"_links":{"self":[{"href":"https:\/\/moverdb.com\/sk\/wp-json\/wp\/v2\/pages\/893","targetHints":{"allow":["GET"]}}],"collection":[{"href":"https:\/\/moverdb.com\/sk\/wp-json\/wp\/v2\/pages"}],"about":[{"href":"https:\/\/moverdb.com\/sk\/wp-json\/wp\/v2\/types\/page"}],"author":[{"embeddable":true,"href":"https:\/\/moverdb.com\/sk\/wp-json\/wp\/v2\/users\/1"}],"replies":[{"embeddable":true,"href":"https:\/\/moverdb.com\/sk\/wp-json\/wp\/v2\/comments?post=893"}],"version-history":[{"count":8,"href":"https:\/\/moverdb.com\/sk\/wp-json\/wp\/v2\/pages\/893\/revisions"}],"predecessor-version":[{"id":13168,"href":"https:\/\/moverdb.com\/sk\/wp-json\/wp\/v2\/pages\/893\/revisions\/13168"}],"wp:attachment":[{"href":"https:\/\/moverdb.com\/sk\/wp-json\/wp\/v2\/media?parent=893"}],"curies":[{"name":"wp","href":"https:\/\/api.w.org\/{rel}","templated":true}]}}