{"id":8914,"date":"2023-04-27T14:27:27","date_gmt":"2023-04-27T14:27:27","guid":{"rendered":"https:\/\/moverdb.com\/?page_id=8914"},"modified":"2026-01-08T15:24:51","modified_gmt":"2026-01-08T15:24:51","slug":"moving-companies-poland","status":"publish","type":"page","link":"https:\/\/moverdb.com\/sk\/moving-companies\/moving-companies-poland\/","title":{"rendered":"4 najlep\u0161ie medzin\u00e1rodn\u00e9 s\u0165ahovacie spolo\u010dnosti v Po\u013esku"},"content":{"rendered":"<p>Ak sa s\u0165ahujete domov alebo do firmy, mo\u017eno budete chcie\u0165 vyu\u017ei\u0165 slu\u017eby <a href=\"https:\/\/moverdb.com\/sk\/moving-companies\/\" data-internallinksmanager029f6b8e52c=\"79\" title=\"Top 25 medzin\u00e1rodn\u00fdch s\u0165ahovac\u00edch spolo\u010dnost\u00ed online\">s\u0165ahovacia spolo\u010dnos\u0165<\/a> zn\u00ed\u017ei\u0165 stres a pracovn\u00e9 za\u0165a\u017eenie. Ak sa s\u0165ahujete v r\u00e1mci, do alebo z <a href=\"https:\/\/moverdb.com\/sk\/moving-to-poland\/\" data-internallinksmanager029f6b8e52c=\"378\" title=\"S\u0165ahovanie do Po\u013eska? 2026 N\u00e1klady na b\u00fdvanie a tipy na pres\u0165ahovanie\">Po\u013esko<\/a>, potom ni\u017e\u0161ie uveden\u00e9 po\u013esk\u00e9 <a href=\"https:\/\/moverdb.com\/sk\/international-removals\/\" data-internallinksmanager029f6b8e52c=\"27\" title=\"36 najlep\u0161\u00edch medzin\u00e1rodn\u00fdch s\u0165ahovac\u00edch spolo\u010dnost\u00ed v Spojenom kr\u00e1\u013eovstve\">s\u0165ahovacie spolo\u010dnosti<\/a> ktor\u00e9 s\u00fa \u010dlenmi <a href=\"https:\/\/moverdb.com\/sk\/iam\/\" data-internallinksmanager029f6b8e52c=\"23\" title=\"Vysvetlenie Medzin\u00e1rodnej asoci\u00e1cie s\u0165ahovate\u013eov (IAM)\">Medzin\u00e1rodn\u00e1 asoci\u00e1cia s\u0165ahovate\u013eov<\/a> (IAM) a\/alebo <a href=\"https:\/\/moverdb.com\/sk\/fidi-faim\/\" data-internallinksmanager029f6b8e52c=\"16\" title=\"Vysvetlenie FIDI a FAIM (FIDI akreditovan\u00fd medzin\u00e1rodn\u00fd prepravca)\">FIDI<\/a> Akreditovan\u00e9 medzin\u00e1rodn\u00e9 s\u0165ahovanie (FAIM) by v\u00e1m mohlo pom\u00f4c\u0165 pri s\u0165ahovan\u00ed.<\/p>\n<div id=\"ez-toc-container\" class=\"ez-toc-v2_0_83 ez-toc-wrap-left counter-hierarchy ez-toc-counter ez-toc-transparent ez-toc-container-direction\">\n<div class=\"ez-toc-title-container\">\n<p class=\"ez-toc-title\" style=\"cursor:inherit\">Sekcie<\/p>\n<span class=\"ez-toc-title-toggle\"><a href=\"#\" class=\"ez-toc-pull-right ez-toc-btn ez-toc-btn-xs ez-toc-btn-default ez-toc-toggle\" aria-label=\"Prep\u00ednanie tabu\u013eky obsahu\"><span class=\"ez-toc-js-icon-con\"><span class=\"\"><span class=\"eztoc-hide\" style=\"display:none;\">Prep\u00edna\u010d<\/span><span class=\"ez-toc-icon-toggle-span\"><svg style=\"fill: #999;color:#999\" xmlns=\"http:\/\/www.w3.org\/2000\/svg\" class=\"list-377408\" width=\"20px\" height=\"20px\" viewbox=\"0 0 24 24\" fill=\"none\"><path d=\"M6 6H4v2h2V6zm14 0H8v2h12V6zM4 11h2v2H4v-2zm16 0H8v2h12v-2zM4 16h2v2H4v-2zm16 0H8v2h12v-2z\" fill=\"currentColor\"><\/path><\/svg><svg style=\"fill: #999;color:#999\" class=\"arrow-unsorted-368013\" xmlns=\"http:\/\/www.w3.org\/2000\/svg\" width=\"10px\" height=\"10px\" viewbox=\"0 0 24 24\" version=\"1.2\" baseprofile=\"tiny\"><path d=\"M18.2 9.3l-6.2-6.3-6.2 6.3c-.2.2-.3.4-.3.7s.1.5.3.7c.2.2.4.3.7.3h11c.3 0 .5-.1.7-.3.2-.2.3-.5.3-.7s-.1-.5-.3-.7zM5.8 14.7l6.2 6.3 6.2-6.3c.2-.2.3-.5.3-.7s-.1-.5-.3-.7c-.2-.2-.4-.3-.7-.3h-11c-.3 0-.5.1-.7.3-.2.2-.3.5-.3.7s.1.5.3.7z\"\/><\/svg><\/span><\/span><\/span><\/a><\/span><\/div>\n<nav><ul class='ez-toc-list ez-toc-list-level-1 eztoc-toggle-hide-by-default' ><li class='ez-toc-page-1 ez-toc-heading-level-2'><a class=\"ez-toc-link ez-toc-heading-1\" href=\"https:\/\/moverdb.com\/sk\/moving-companies\/moving-companies-poland\/#1_AGS_Group\" >1. Skupina AGS<\/a><\/li><li class='ez-toc-page-1 ez-toc-heading-level-2'><a class=\"ez-toc-link ez-toc-heading-2\" href=\"https:\/\/moverdb.com\/sk\/moving-companies\/moving-companies-poland\/#2_MK_Relocation\" >2. Premiestnenie MK<\/a><\/li><li class='ez-toc-page-1 ez-toc-heading-level-2'><a class=\"ez-toc-link ez-toc-heading-3\" href=\"https:\/\/moverdb.com\/sk\/moving-companies\/moving-companies-poland\/#3_Santa_Fe_Relocation\" >3. Premiestnenie Santa Fe<\/a><\/li><li class='ez-toc-page-1 ez-toc-heading-level-2'><a class=\"ez-toc-link ez-toc-heading-4\" href=\"https:\/\/moverdb.com\/sk\/moving-companies\/moving-companies-poland\/#4_Universal_Express_Worldwide_Movers\" >4. Universal Express Worldwide Movers<\/a><\/li><li class='ez-toc-page-1 ez-toc-heading-level-2'><a class=\"ez-toc-link ez-toc-heading-5\" href=\"https:\/\/moverdb.com\/sk\/moving-companies\/moving-companies-poland\/#Other_Useful_Guides_to_Poland\" >\u010eal\u0161ie u\u017eito\u010dn\u00e9 pr\u00edru\u010dky o Po\u013esku<\/a><\/li><\/ul><\/nav><\/div>\n<h2><span class=\"ez-toc-section\" id=\"1_AGS_Group\"><\/span><strong>1. Skupina AGS<\/strong><span class=\"ez-toc-section-end\"><\/span><\/h2>\n<p><img loading=\"lazy\" decoding=\"async\" class=\"alignnone size-full wp-image-8915\" src=\"https:\/\/moverdb.com\/wp-content\/uploads\/AGS-Global-Solutions-Poland-international-moving-company.png\" alt=\"AGS Global Solutions Po\u013esko medzin\u00e1rodn\u00e9 s\u0165ahovanie spolo\u010dnos\u0165\" width=\"1440\" height=\"710\" data-wp-pid=\"8915\" srcset=\"https:\/\/moverdb.com\/wp-content\/uploads\/AGS-Global-Solutions-Poland-international-moving-company.png 1440w, https:\/\/moverdb.com\/wp-content\/uploads\/AGS-Global-Solutions-Poland-international-moving-company-300x148.png 300w, https:\/\/moverdb.com\/wp-content\/uploads\/AGS-Global-Solutions-Poland-international-moving-company-1024x505.png 1024w, https:\/\/moverdb.com\/wp-content\/uploads\/AGS-Global-Solutions-Poland-international-moving-company-18x9.png 18w, https:\/\/moverdb.com\/wp-content\/uploads\/AGS-Global-Solutions-Poland-international-moving-company-600x296.png 600w\" sizes=\"auto, (max-width: 1440px) 100vw, 1440px\" \/><\/p>\n<ul>\n<li>N\u00e1rodn\u00e9 presuny<\/li>\n<li>Medzin\u00e1rodn\u00e9 s\u0165ahovanie<\/li>\n<li>S\u0165ahovanie do obytn\u00fdch priestorov<\/li>\n<li>Obchodn\u00e9 kroky<\/li>\n<li>Baliace slu\u017eby<\/li>\n<li>Pozemn\u00e1, n\u00e1morn\u00e1 a leteck\u00e1 doprava<\/li>\n<li>Online sledovanie<\/li>\n<li>Manipul\u00e1cia s v\u00fdtvarn\u00fdm umen\u00edm<\/li>\n<li>Prevod vozidla<\/li>\n<li>Bezpe\u010dn\u00e9 ukladanie<\/li>\n<\/ul>\n<p>AGS Group je medzin\u00e1rodn\u00e1 s\u0165ahovacia a premiest\u0148ovacia spolo\u010dnos\u0165, ktor\u00e1 p\u00f4sob\u00ed od roku 1974 a m\u00e1 146 pobo\u010diek v 97 krajin\u00e1ch sveta vr\u00e1tane Var\u0161avy v Po\u013esku, ktor\u00e1 bola zalo\u017een\u00e1 v roku 1992. Je akreditovan\u00e1 organiz\u00e1ciou FIDI.<\/p>\n<p>Skupina AGS pon\u00faka obhliadku domu a individu\u00e1lnu cenov\u00fa ponuku na z\u00e1klade va\u0161ich potrieb. Vyvinuli inovat\u00edvne baliace materi\u00e1ly a met\u00f3dy, ktor\u00e9 chr\u00e1nia va\u0161e veci a s\u00fa z\u00e1rove\u0148 \u0161etrn\u00e9 k \u017eivotn\u00e9mu prostrediu. Zabezpe\u010dia prepravu po zemi, letecky alebo po mori a jej priebeh m\u00f4\u017eete sledova\u0165 online. Pon\u00fakaj\u00fa \u010fal\u0161ie slu\u017eby, ktor\u00e9 zah\u0155\u0148aj\u00fa manipul\u00e1ciu s umeleck\u00fdmi dielami, prevoz vozidiel a bezpe\u010dn\u00e9 uskladnenie.<\/p>\n<p>Webov\u00e1 lokalita: <a href=\"https:\/\/www.ags-globalsolutions.com\/\" target=\"_blank\" rel=\"noopener\">https:\/\/www.ags-globalsolutions.com\/<\/a><\/p>\n<h2><span class=\"ez-toc-section\" id=\"2_MK_Relocation\"><\/span><strong>2. Premiestnenie MK<\/strong><span class=\"ez-toc-section-end\"><\/span><\/h2>\n<p><img loading=\"lazy\" decoding=\"async\" class=\"alignnone size-full wp-image-8825\" src=\"https:\/\/moverdb.com\/wp-content\/uploads\/MK-Relocations-international-moving-company.png\" alt=\"MK Relocations medzin\u00e1rodn\u00e9 s\u0165ahovanie spolo\u010dnos\u0165\" width=\"1440\" height=\"679\" data-wp-pid=\"8825\" srcset=\"https:\/\/moverdb.com\/wp-content\/uploads\/MK-Relocations-international-moving-company.png 1440w, https:\/\/moverdb.com\/wp-content\/uploads\/MK-Relocations-international-moving-company-300x141.png 300w, https:\/\/moverdb.com\/wp-content\/uploads\/MK-Relocations-international-moving-company-1024x483.png 1024w, https:\/\/moverdb.com\/wp-content\/uploads\/MK-Relocations-international-moving-company-18x8.png 18w, https:\/\/moverdb.com\/wp-content\/uploads\/MK-Relocations-international-moving-company-600x283.png 600w\" sizes=\"auto, (max-width: 1440px) 100vw, 1440px\" \/><\/p>\n<ul>\n<li>N\u00e1rodn\u00e9 presuny<\/li>\n<li>Medzin\u00e1rodn\u00e9 s\u0165ahovanie<\/li>\n<li>S\u0165ahovanie dom\u00e1cnost\u00ed<\/li>\n<li>S\u0165ahovanie kancel\u00e1ri\u00ed a skladov<\/li>\n<li>Slu\u017eba od dver\u00ed k dver\u00e1m<\/li>\n<li>Baliace slu\u017eby<\/li>\n<li>Zabezpe\u010denie prepravy<\/li>\n<li>Coln\u00e9 konanie<\/li>\n<li>Poistenie<\/li>\n<li>Skladovacie zariadenia<\/li>\n<\/ul>\n<p>Spolo\u010dnos\u0165 MK Relocation je \u0161pecialista na s\u0165ahovanie a premiest\u0148ovanie so s\u00eddlom vo Var\u0161ave. Pon\u00faka s\u0165ahovacie slu\u017eby v r\u00e1mci Po\u013eska, do Po\u013eska a z Po\u013eska. S\u00fa akreditovan\u00ed organiz\u00e1ciou FIDI, \u010do im umo\u017e\u0148uje pr\u00edstup k medzin\u00e1rodnej sieti s\u0165ahovac\u00edch agentov, ktor\u00ed im poskytuj\u00fa podporu.<\/p>\n<p>Spolo\u010dnos\u0165 MK Relocation poskytuje osobn\u00e9 stretnutie, na ktorom sa prediskutuj\u00fa va\u0161e potreby, a pon\u00faka slu\u017eby od dver\u00ed k dver\u00e1m. Poskytuj\u00fa baliace slu\u017eby na ochranu va\u0161ich vec\u00ed, ktor\u00e9 zah\u0155\u0148aj\u00fa r\u00f4zne baliace materi\u00e1ly, ako s\u00fa \u0161peci\u00e1lne krabice, obaly, obaly, plastov\u00e9 uzavret\u00e9 n\u00e1doby a pohlcova\u010de vlhkosti. Pon\u00fakaj\u00fa aj \u010fal\u0161ie slu\u017eby, medzi ktor\u00e9 patr\u00ed preprava dom\u00e1cich zvierat, manipul\u00e1cia so staro\u017eitnos\u0165ami a umeleck\u00fdmi dielami a skladovacie priestory.<\/p>\n<p>Webov\u00e1 lokalita: <a href=\"https:\/\/www.mkrelocation.pl\/\" target=\"_blank\" rel=\"noopener\">https:\/\/www.mkrelocation.pl\/<\/a><\/p>\n<h2><span class=\"ez-toc-section\" id=\"3_Santa_Fe_Relocation\"><\/span><strong>3. Premiestnenie Santa Fe<\/strong><span class=\"ez-toc-section-end\"><\/span><\/h2>\n<p><img loading=\"lazy\" decoding=\"async\" class=\"alignnone size-full wp-image-8851\" src=\"https:\/\/moverdb.com\/wp-content\/uploads\/Santa-Fe-Relocation-Poland-international-moving-company.png\" alt=\"Santa Fe Relocation Po\u013esko medzin\u00e1rodn\u00e9 s\u0165ahovanie spolo\u010dnos\u0165\" width=\"1440\" height=\"679\" data-wp-pid=\"8851\" srcset=\"https:\/\/moverdb.com\/wp-content\/uploads\/Santa-Fe-Relocation-Poland-international-moving-company.png 1440w, https:\/\/moverdb.com\/wp-content\/uploads\/Santa-Fe-Relocation-Poland-international-moving-company-300x141.png 300w, https:\/\/moverdb.com\/wp-content\/uploads\/Santa-Fe-Relocation-Poland-international-moving-company-1024x483.png 1024w, https:\/\/moverdb.com\/wp-content\/uploads\/Santa-Fe-Relocation-Poland-international-moving-company-18x8.png 18w, https:\/\/moverdb.com\/wp-content\/uploads\/Santa-Fe-Relocation-Poland-international-moving-company-600x283.png 600w\" sizes=\"auto, (max-width: 1440px) 100vw, 1440px\" \/><\/p>\n<ul>\n<li>Miestne a vn\u00fatro\u0161t\u00e1tne s\u0165ahovanie<\/li>\n<li>Medzin\u00e1rodn\u00e9 s\u0165ahovanie<\/li>\n<li>S\u0165ahovanie dom\u00e1cnost\u00ed<\/li>\n<li>S\u0165ahovanie kancel\u00e1ri\u00ed<\/li>\n<li>Slu\u017eby premiestnenia<\/li>\n<li>Baliace slu\u017eby<\/li>\n<li>Leteck\u00e1, n\u00e1morn\u00e1 a pozemn\u00e1 doprava<\/li>\n<li>Coln\u00e9 konanie<\/li>\n<li>Preprava dom\u00e1cich zvierat a vozidiel<\/li>\n<li>Skladovacie zariadenia<\/li>\n<\/ul>\n<p>Santa Fe Relocation je medzin\u00e1rodn\u00e1 spolo\u010dnos\u0165, ktor\u00e1 m\u00e1 64 pobo\u010diek v 38 krajin\u00e1ch vr\u00e1tane jednej vo Var\u0161ave, ktor\u00e1 bola otvoren\u00e1 v roku 1991. Je \u010dlenom IAM s 32-ro\u010dnou trad\u00edciou a je akreditovan\u00e1 organiz\u00e1ciou FIDI.<\/p>\n<p>Spolo\u010dnos\u0165 Santa Fe Relocation pon\u00faka konzult\u00e1cie pred s\u0165ahovan\u00edm a dom\u00e1ci alebo video prieskum na pos\u00fadenie va\u0161ich potrieb. Poskytuj\u00fa kompletn\u00e9 balenie va\u0161ich vec\u00ed na bezpe\u010dn\u00fa leteck\u00fa, n\u00e1morn\u00fa a pozemn\u00fa prepravu s coln\u00fdm odbaven\u00edm. Ich slu\u017eby v oblasti s\u0165ahovania zah\u0155\u0148aj\u00fa vyh\u013ead\u00e1vanie domov a \u0161k\u00f4l, slu\u017eby na usadenie sa, podporu pri odchode, v\u00edzov\u00fa a imigra\u010dn\u00fa podporu. Pon\u00fakaj\u00fa tie\u017e <a href=\"https:\/\/moverdb.com\/sk\/car-transport-shipping\/\" data-internallinksmanager029f6b8e52c=\"2\" title=\"2026 Medzin\u00e1rodn\u00e1 preprava \u00e1ut a cit\u00e1cie prepravy vozidiel\">preprava vozidiel<\/a> a premiest\u0148ovanie dom\u00e1cich zvierat.<\/p>\n<p>Webov\u00e1 lokalita: <a href=\"https:\/\/www.santaferelo.com\/en\/contact\/our-offices\/poland-warsaw\/\" target=\"_blank\" rel=\"noopener\">https:\/\/www.santaferelo.com\/en\/contact\/our-offices\/poland-warsaw\/<\/a><\/p>\n<h2><span class=\"ez-toc-section\" id=\"4_Universal_Express_Worldwide_Movers\"><\/span><strong>4. Universal Express Worldwide Movers<\/strong><span class=\"ez-toc-section-end\"><\/span><\/h2>\n<p><img loading=\"lazy\" decoding=\"async\" class=\"alignnone size-full wp-image-8868\" src=\"https:\/\/moverdb.com\/wp-content\/uploads\/Universal-Express-Worldwide-Movers-international-moving-company.png\" alt=\"Universal Express Worldwide Movers medzin\u00e1rodn\u00e9 s\u0165ahovanie spolo\u010dnos\u0165\" width=\"1440\" height=\"679\" data-wp-pid=\"8868\" srcset=\"https:\/\/moverdb.com\/wp-content\/uploads\/Universal-Express-Worldwide-Movers-international-moving-company.png 1440w, https:\/\/moverdb.com\/wp-content\/uploads\/Universal-Express-Worldwide-Movers-international-moving-company-300x141.png 300w, https:\/\/moverdb.com\/wp-content\/uploads\/Universal-Express-Worldwide-Movers-international-moving-company-1024x483.png 1024w, https:\/\/moverdb.com\/wp-content\/uploads\/Universal-Express-Worldwide-Movers-international-moving-company-18x8.png 18w, https:\/\/moverdb.com\/wp-content\/uploads\/Universal-Express-Worldwide-Movers-international-moving-company-600x283.png 600w\" sizes=\"auto, (max-width: 1440px) 100vw, 1440px\" \/><\/p>\n<ul>\n<li>Celo\u0161t\u00e1tne presuny<\/li>\n<li>Medzin\u00e1rodn\u00e9 s\u0165ahovanie<\/li>\n<li>S\u0165ahovanie do obytn\u00fdch priestorov<\/li>\n<li>S\u0165ahovanie kancel\u00e1rskych a priemyseln\u00fdch priestorov<\/li>\n<li>Slu\u017eba od dver\u00ed k dver\u00e1m<\/li>\n<li>Baliace slu\u017eby<\/li>\n<li>Pozemn\u00e1, leteck\u00e1 a n\u00e1morn\u00e1 doprava<\/li>\n<li>Coln\u00e9 konanie<\/li>\n<li>Poistenie<\/li>\n<li>Skladovacie zariadenia<\/li>\n<\/ul>\n<p>Universal Express Worldwide Movers je spolo\u010dnos\u0165 zaoberaj\u00faca sa s\u0165ahovan\u00edm a premiest\u0148ovan\u00edm, ktor\u00e1 m\u00e1 pobo\u010dky v Krakove, Vroclave, Poznani a Gdyni. M\u00e1 medzin\u00e1rodn\u00fa sie\u0165 s\u0165ahovac\u00edch agentov, ktor\u00ed im pom\u00e1haj\u00fa pri s\u0165ahovan\u00ed po celom svete. S\u00fa \u010dlenom IAM s 33-ro\u010dnou trad\u00edciou a maj\u00fa akredit\u00e1ciu FIDI.<\/p>\n<p>Spolo\u010dnos\u0165 Universal Express Worldwide Movers pon\u00faka prieskum pred s\u0165ahovan\u00edm, na ktorom m\u00f4\u017eete prediskutova\u0165 svoje s\u0165ahovanie a prisp\u00f4sobi\u0165 si pl\u00e1n s\u0165ahovania. Ich mana\u017e\u00e9r s\u0165ahovania v\u00e1m pom\u00f4\u017ee so slu\u017ebou od dver\u00ed k dver\u00e1m, ktor\u00e1 zah\u0155\u0148a bezpe\u010dn\u00e9 zabalenie va\u0161ich vec\u00ed na prepravu. Zabezpe\u010d\u00ed prepravu va\u0161ich vec\u00ed po zemi, letecky alebo po mori s coln\u00fdm odbaven\u00edm a porad\u00ed v\u00e1m s poisten\u00edm.<\/p>\n<p>Webov\u00e1 lokalita: <a href=\"http:\/\/www.uer.pl\/\" target=\"_blank\" rel=\"noopener\">http:\/\/www.uer.pl\/<\/a><\/p>\n<h2><span class=\"ez-toc-section\" id=\"Other_Useful_Guides_to_Poland\"><\/span>\u010eal\u0161ie u\u017eito\u010dn\u00e9 pr\u00edru\u010dky o Po\u013esku<span class=\"ez-toc-section-end\"><\/span><\/h2>\n<ul>\n<li> <a href=\"https:\/\/moverdb.com\/sk\/kontajnerova-preprava\/polsko\/\">2024 Ceny n\u00e1mornej kontajnerovej prepravy do a z Po\u013eska<\/a><\/li>\n<li> <a href=\"https:\/\/moverdb.com\/sk\/najlepsie-medzinarodne-sluzby-prevodu-penazi\/money-transfer-companies-poland\/\">10 najlep\u0161\u00edch spolo\u010dnost\u00ed na prevod pe\u0148az\u00ed v Po\u013esku<\/a><\/li>\n<li> <a href=\"https:\/\/moverdb.com\/sk\/moving-to-poland\/\">S\u0165ahovanie do Po\u013eska? 2026 N\u00e1klady na b\u00fdvanie a tipy na pres\u0165ahovanie<\/a><\/li>\n<li> <a href=\"https:\/\/moverdb.com\/sk\/moving-to-poland\/best-places-to-live-poland\/\">12 najlep\u0161\u00edch miest na \u017eivot v Po\u013esku<\/a><\/li>\n<li> <a href=\"https:\/\/moverdb.com\/sk\/moving-to-poland\/living-in-poland\/\">21 tajomstiev o \u017eivote v Po\u013esku, ktor\u00e9 by ste mali vedie\u0165 pred pres\u0165ahovan\u00edm<\/a><\/li>\n<li> <a href=\"https:\/\/moverdb.com\/sk\/moving-to-poland\/moving-to-poland-from-the-uk\/\">S\u0165ahovanie do Po\u013eska zo Spojen\u00e9ho kr\u00e1\u013eovstva<\/a><\/li>\n<\/ul>","protected":false},"excerpt":{"rendered":"<p>If you are moving home or business, you may want to employ the services of a moving company to reduce the stress and workload involved. If you are moving within, to or from Poland, then the below Polish removal companies that are members of the International Association of Movers (IAM) and\/or FIDI Accredited International Mover [&hellip;]<\/p>\n","protected":false},"author":4,"featured_media":0,"parent":190,"menu_order":0,"comment_status":"closed","ping_status":"closed","template":"","meta":{"_genesis_hide_title":false,"_genesis_hide_breadcrumbs":false,"_genesis_hide_singular_image":false,"_genesis_hide_footer_widgets":false,"_genesis_custom_body_class":"","_genesis_custom_post_class":"","_genesis_layout":"","footnotes":""},"class_list":{"0":"post-8914","1":"page","2":"type-page","3":"status-publish","5":"entry","6":"has-post-thumbnail"},"_links":{"self":[{"href":"https:\/\/moverdb.com\/sk\/wp-json\/wp\/v2\/pages\/8914","targetHints":{"allow":["GET"]}}],"collection":[{"href":"https:\/\/moverdb.com\/sk\/wp-json\/wp\/v2\/pages"}],"about":[{"href":"https:\/\/moverdb.com\/sk\/wp-json\/wp\/v2\/types\/page"}],"author":[{"embeddable":true,"href":"https:\/\/moverdb.com\/sk\/wp-json\/wp\/v2\/users\/4"}],"replies":[{"embeddable":true,"href":"https:\/\/moverdb.com\/sk\/wp-json\/wp\/v2\/comments?post=8914"}],"version-history":[{"count":5,"href":"https:\/\/moverdb.com\/sk\/wp-json\/wp\/v2\/pages\/8914\/revisions"}],"predecessor-version":[{"id":17127,"href":"https:\/\/moverdb.com\/sk\/wp-json\/wp\/v2\/pages\/8914\/revisions\/17127"}],"up":[{"embeddable":true,"href":"https:\/\/moverdb.com\/sk\/wp-json\/wp\/v2\/pages\/190"}],"wp:attachment":[{"href":"https:\/\/moverdb.com\/sk\/wp-json\/wp\/v2\/media?parent=8914"}],"curies":[{"name":"wp","href":"https:\/\/api.w.org\/{rel}","templated":true}]}}