{"id":8908,"date":"2023-04-27T14:29:46","date_gmt":"2023-04-27T14:29:46","guid":{"rendered":"https:\/\/moverdb.com\/?page_id=8908"},"modified":"2026-01-08T15:29:02","modified_gmt":"2026-01-08T15:29:02","slug":"moving-companies-panama","status":"publish","type":"page","link":"https:\/\/moverdb.com\/sk\/moving-companies\/moving-companies-panama\/","title":{"rendered":"5 najlep\u0161\u00edch medzin\u00e1rodn\u00fdch s\u0165ahovac\u00edch spolo\u010dnost\u00ed v Paname"},"content":{"rendered":"<p>S\u0165ahujete sa domov alebo kancel\u00e1riu v r\u00e1mci, do alebo z <a href=\"https:\/\/moverdb.com\/sk\/moving-to-panama\/\" data-internallinksmanager029f6b8e52c=\"432\" title=\"S\u0165ahovanie do Panamy? 2026 N\u00e1klady na b\u00fdvanie a tipy na pres\u0165ahovanie\">Panama<\/a>? Potom mo\u017eno budete chcie\u0165 vyu\u017ei\u0165 slu\u017eby <a href=\"https:\/\/moverdb.com\/sk\/moving-companies\/\" data-internallinksmanager029f6b8e52c=\"79\" title=\"Top 25 medzin\u00e1rodn\u00fdch s\u0165ahovac\u00edch spolo\u010dnost\u00ed online\">s\u0165ahovacia spolo\u010dnos\u0165<\/a> v\u00e1m pom\u00f4\u017ee s balen\u00edm, organiz\u00e1ciou prepravy a vybavovan\u00edm dokument\u00e1cie pri medzin\u00e1rodn\u00fdch s\u0165ahovaniach. Ni\u017e\u0161ie sme zostavili zoznam spolo\u010dnost\u00ed so s\u00eddlom v Paname <a href=\"https:\/\/moverdb.com\/sk\/international-removals\/\" data-internallinksmanager029f6b8e52c=\"27\" title=\"36 najlep\u0161\u00edch medzin\u00e1rodn\u00fdch s\u0165ahovac\u00edch spolo\u010dnost\u00ed v Spojenom kr\u00e1\u013eovstve\">s\u0165ahovacie spolo\u010dnosti<\/a> ktor\u00e9 s\u00fa \u010dlenmi <a href=\"https:\/\/moverdb.com\/sk\/iam\/\" data-internallinksmanager029f6b8e52c=\"23\" title=\"Vysvetlenie Medzin\u00e1rodnej asoci\u00e1cie s\u0165ahovate\u013eov (IAM)\">Medzin\u00e1rodn\u00e1 asoci\u00e1cia s\u0165ahovate\u013eov<\/a> (IAM) a\/alebo <a href=\"https:\/\/moverdb.com\/sk\/fidi-faim\/\" data-internallinksmanager029f6b8e52c=\"16\" title=\"Vysvetlenie FIDI a FAIM (FIDI akreditovan\u00fd medzin\u00e1rodn\u00fd prepravca)\">FIDI<\/a> Akreditovan\u00fd medzin\u00e1rodn\u00fd prepravca (FAIM), ktor\u00fd by v\u00e1m mohol pom\u00f4c\u0165 pri s\u0165ahovan\u00ed.<\/p>\n<div id=\"ez-toc-container\" class=\"ez-toc-v2_0_82_2 ez-toc-wrap-left counter-hierarchy ez-toc-counter ez-toc-transparent ez-toc-container-direction\">\n<div class=\"ez-toc-title-container\">\n<p class=\"ez-toc-title\" style=\"cursor:inherit\">Sekcie<\/p>\n<span class=\"ez-toc-title-toggle\"><a href=\"#\" class=\"ez-toc-pull-right ez-toc-btn ez-toc-btn-xs ez-toc-btn-default ez-toc-toggle\" aria-label=\"Prep\u00ednanie tabu\u013eky obsahu\"><span class=\"ez-toc-js-icon-con\"><span class=\"\"><span class=\"eztoc-hide\" style=\"display:none;\">Prep\u00edna\u010d<\/span><span class=\"ez-toc-icon-toggle-span\"><svg style=\"fill: #999;color:#999\" xmlns=\"http:\/\/www.w3.org\/2000\/svg\" class=\"list-377408\" width=\"20px\" height=\"20px\" viewbox=\"0 0 24 24\" fill=\"none\"><path d=\"M6 6H4v2h2V6zm14 0H8v2h12V6zM4 11h2v2H4v-2zm16 0H8v2h12v-2zM4 16h2v2H4v-2zm16 0H8v2h12v-2z\" fill=\"currentColor\"><\/path><\/svg><svg style=\"fill: #999;color:#999\" class=\"arrow-unsorted-368013\" xmlns=\"http:\/\/www.w3.org\/2000\/svg\" width=\"10px\" height=\"10px\" viewbox=\"0 0 24 24\" version=\"1.2\" baseprofile=\"tiny\"><path d=\"M18.2 9.3l-6.2-6.3-6.2 6.3c-.2.2-.3.4-.3.7s.1.5.3.7c.2.2.4.3.7.3h11c.3 0 .5-.1.7-.3.2-.2.3-.5.3-.7s-.1-.5-.3-.7zM5.8 14.7l6.2 6.3 6.2-6.3c.2-.2.3-.5.3-.7s-.1-.5-.3-.7c-.2-.2-.4-.3-.7-.3h-11c-.3 0-.5.1-.7.3-.2.2-.3.5-.3.7s.1.5.3.7z\"\/><\/svg><\/span><\/span><\/span><\/a><\/span><\/div>\n<nav><ul class='ez-toc-list ez-toc-list-level-1 eztoc-toggle-hide-by-default' ><li class='ez-toc-page-1 ez-toc-heading-level-2'><a class=\"ez-toc-link ez-toc-heading-1\" href=\"https:\/\/moverdb.com\/sk\/moving-companies\/moving-companies-panama\/#1_Canal_Movers_Logistics\" >1. Kan\u00e1l Movers &amp; Logistics<\/a><\/li><li class='ez-toc-page-1 ez-toc-heading-level-2'><a class=\"ez-toc-link ez-toc-heading-2\" href=\"https:\/\/moverdb.com\/sk\/moving-companies\/moving-companies-panama\/#2_Logisfashion\" >2. Logisfashion<\/a><\/li><li class='ez-toc-page-1 ez-toc-heading-level-2'><a class=\"ez-toc-link ez-toc-heading-3\" href=\"https:\/\/moverdb.com\/sk\/moving-companies\/moving-companies-panama\/#3_Mudanzas_Express\" >3. Mudanzas Express<\/a><\/li><li class='ez-toc-page-1 ez-toc-heading-level-2'><a class=\"ez-toc-link ez-toc-heading-4\" href=\"https:\/\/moverdb.com\/sk\/moving-companies\/moving-companies-panama\/#4_Panama_Moving_Solutions\" >4. Panama Moving Solutions<\/a><\/li><li class='ez-toc-page-1 ez-toc-heading-level-2'><a class=\"ez-toc-link ez-toc-heading-5\" href=\"https:\/\/moverdb.com\/sk\/moving-companies\/moving-companies-panama\/#5_Panama_Packing_Storage\" >5. Balenie a skladovanie v Paname<\/a><\/li><\/ul><\/nav><\/div>\n<h2><span class=\"ez-toc-section\" id=\"1_Canal_Movers_Logistics\"><\/span><strong>1. Kan\u00e1l Movers &amp; Logistics<\/strong><span class=\"ez-toc-section-end\"><\/span><\/h2>\n<p><img loading=\"lazy\" decoding=\"async\" class=\"alignnone size-full wp-image-8770\" src=\"https:\/\/moverdb.com\/wp-content\/uploads\/Canal-Movers-Logistics-international-moving-company.png\" alt=\"Canal Movers &amp; Logistika medzin\u00e1rodn\u00e9 s\u0165ahovanie spolo\u010dnos\u0165\" width=\"1440\" height=\"679\" data-wp-pid=\"8770\" srcset=\"https:\/\/moverdb.com\/wp-content\/uploads\/Canal-Movers-Logistics-international-moving-company.png 1440w, https:\/\/moverdb.com\/wp-content\/uploads\/Canal-Movers-Logistics-international-moving-company-300x141.png 300w, https:\/\/moverdb.com\/wp-content\/uploads\/Canal-Movers-Logistics-international-moving-company-1024x483.png 1024w, https:\/\/moverdb.com\/wp-content\/uploads\/Canal-Movers-Logistics-international-moving-company-18x8.png 18w, https:\/\/moverdb.com\/wp-content\/uploads\/Canal-Movers-Logistics-international-moving-company-600x283.png 600w\" sizes=\"auto, (max-width: 1440px) 100vw, 1440px\" \/><\/p>\n<ul>\n<li>Miestne a vn\u00fatro\u0161t\u00e1tne s\u0165ahovanie<\/li>\n<li>Medzin\u00e1rodn\u00e9 s\u0165ahovanie<\/li>\n<li>S\u0165ahovanie dom\u00e1cnost\u00ed<\/li>\n<li>S\u0165ahovanie kancel\u00e1ri\u00ed<\/li>\n<li>Slu\u017eby na mieru<\/li>\n<li>Profesion\u00e1lne baliace slu\u017eby<\/li>\n<li>Manipul\u00e1cia s umeleck\u00fdmi dielami<\/li>\n<li>Preprava vozidiel a dom\u00e1cich zvierat<\/li>\n<li>Poistenie<\/li>\n<li>Skladovacie zariadenia<\/li>\n<\/ul>\n<p>Canal Movers &amp; Logistics je s\u0165ahovacia a logistick\u00e1 spolo\u010dnos\u0165, ktor\u00e1 sa star\u00e1 o nadn\u00e1rodn\u00e9 spolo\u010dnosti a jednotlivcov. Spolupracuje s glob\u00e1lnou sie\u0165ou logistick\u00fdch a s\u0165ahovac\u00edch agent\u00far. Je \u010dlenom IAM s 22-ro\u010dnou trad\u00edciou a je akreditovan\u00e1 organiz\u00e1ciou FIDI.<\/p>\n<p>Spolo\u010dnos\u0165 Canal Movers &amp; Logistics pon\u00faka koordin\u00e1tora s\u0165ahovania, ktor\u00fd v\u00e1m pom\u00f4\u017ee pri miestnom, vn\u00fatro\u0161t\u00e1tnom a medzin\u00e1rodnom s\u0165ahovan\u00ed, \u010di u\u017e s\u0165ahujete svoj domov alebo firmu. Pon\u00fakaj\u00fa profesion\u00e1lne baliace slu\u017eby na ochranu va\u0161ich vec\u00ed po\u010das prepravy a poskytuj\u00fa poistenie. Pon\u00fakaj\u00fa aj \u010fal\u0161ie slu\u017eby, ktor\u00e9 zah\u0155\u0148aj\u00fa pren\u00e1jom n\u00e1bytku, prepravu automobilov, motocyklov a lod\u00ed, prepravu dom\u00e1cich zvierat a manipul\u00e1ciu s umeleck\u00fdmi dielami.<\/p>\n<p>Webov\u00e1 lokalita: <a href=\"http:\/\/www.canalmovers.com\" target=\"_blank\" rel=\"noopener\">http:\/\/www.canalmovers.com<\/a><\/p>\n<h2><span class=\"ez-toc-section\" id=\"2_Logisfashion\"><\/span><strong>2. Logisfashion<\/strong><span class=\"ez-toc-section-end\"><\/span><\/h2>\n<p><img loading=\"lazy\" decoding=\"async\" class=\"alignnone size-full wp-image-8822\" src=\"https:\/\/moverdb.com\/wp-content\/uploads\/Logisfashion-international-moving-company.png\" alt=\"Logisfashion medzin\u00e1rodn\u00e9 s\u0165ahovanie spolo\u010dnos\u0165\" width=\"1440\" height=\"680\" data-wp-pid=\"8822\" srcset=\"https:\/\/moverdb.com\/wp-content\/uploads\/Logisfashion-international-moving-company.png 1440w, https:\/\/moverdb.com\/wp-content\/uploads\/Logisfashion-international-moving-company-300x142.png 300w, https:\/\/moverdb.com\/wp-content\/uploads\/Logisfashion-international-moving-company-1024x484.png 1024w, https:\/\/moverdb.com\/wp-content\/uploads\/Logisfashion-international-moving-company-18x9.png 18w, https:\/\/moverdb.com\/wp-content\/uploads\/Logisfashion-international-moving-company-600x283.png 600w\" sizes=\"auto, (max-width: 1440px) 100vw, 1440px\" \/><\/p>\n<ul>\n<li>Vn\u00fatro\u0161t\u00e1tna doprava<\/li>\n<li>Medzin\u00e1rodn\u00e1 doprava<\/li>\n<li>S\u00fakromn\u00e1 doprava<\/li>\n<li>Komer\u010dn\u00e1 doprava<\/li>\n<li>Slu\u017eby na mieru od dver\u00ed k dver\u00e1m<\/li>\n<li>R\u00f4zne prepravn\u00e9 ve\u013ekosti<\/li>\n<li>Leteck\u00e1, n\u00e1morn\u00e1 a pozemn\u00e1 doprava<\/li>\n<li>Coln\u00e1 podpora<\/li>\n<li>Poistenie<\/li>\n<li>Skladovacie zariadenia<\/li>\n<\/ul>\n<p>Logisfashion je medzin\u00e1rodn\u00e1 logistick\u00e1 spolo\u010dnos\u0165 zalo\u017een\u00e1 v roku 1997, ktor\u00e1 m\u00e1 pobo\u010dky v deviatich krajin\u00e1ch sveta a kancel\u00e1riu v Paname. Je \u010dlenom IAM so 42-ro\u010dnou trad\u00edciou, ktor\u00e1 jej umo\u017e\u0148uje pr\u00edstup k medzin\u00e1rodnej sieti s\u0165ahovac\u00edch agentov.<\/p>\n<p>Spolo\u010dnos\u0165 Logisfashion pon\u00faka medzin\u00e1rodn\u00fa leteck\u00fa, n\u00e1morn\u00fa a pozemn\u00fa prepravu, ktor\u00e1 zah\u0155\u0148a prepravu cel\u00fdch kontajnerov a menej ako kontajnerov\u00fdch z\u00e1sielok. Poskytuje slu\u017eby na mieru od dver\u00ed k dver\u00e1m s mo\u017enos\u0165ou sledovania z\u00e1sielky, coln\u00fdm odbaven\u00edm a poisten\u00edm tovaru. Pon\u00fakaj\u00fa aj skladov\u00e9 a skladovacie priestory na podporu distrib\u00facie a dovozn\u00fdch alebo v\u00fdvozn\u00fdch \u010dinnost\u00ed.<\/p>\n<p>Webov\u00e1 lokalita: <a href=\"http:\/\/www.logisfashion.com\" target=\"_blank\" rel=\"noopener\">http:\/\/www.logisfashion.com<\/a><\/p>\n<h2><span class=\"ez-toc-section\" id=\"3_Mudanzas_Express\"><\/span><strong>3. Mudanzas Express<\/strong><span class=\"ez-toc-section-end\"><\/span><\/h2>\n<p><img loading=\"lazy\" decoding=\"async\" class=\"alignnone size-full wp-image-8833\" src=\"https:\/\/moverdb.com\/wp-content\/uploads\/Mudanzas-Express-international-moving-company.png\" alt=\"Mudanzas Express medzin\u00e1rodn\u00e9 s\u0165ahovanie spolo\u010dnos\u0165\" width=\"1440\" height=\"686\" data-wp-pid=\"8833\" srcset=\"https:\/\/moverdb.com\/wp-content\/uploads\/Mudanzas-Express-international-moving-company.png 1440w, https:\/\/moverdb.com\/wp-content\/uploads\/Mudanzas-Express-international-moving-company-300x143.png 300w, https:\/\/moverdb.com\/wp-content\/uploads\/Mudanzas-Express-international-moving-company-1024x488.png 1024w, https:\/\/moverdb.com\/wp-content\/uploads\/Mudanzas-Express-international-moving-company-18x9.png 18w, https:\/\/moverdb.com\/wp-content\/uploads\/Mudanzas-Express-international-moving-company-600x286.png 600w\" sizes=\"auto, (max-width: 1440px) 100vw, 1440px\" \/><\/p>\n<ul>\n<li>Miestne s\u0165ahovanie<\/li>\n<li>Medzin\u00e1rodn\u00e9 s\u0165ahovanie<\/li>\n<li>S\u0165ahovanie dom\u00e1cnost\u00ed<\/li>\n<li>S\u0165ahovanie obchodn\u00fdch a kancel\u00e1rskych priestorov<\/li>\n<li>Slu\u017eba od dver\u00ed k dver\u00e1m<\/li>\n<li>Proces riadenia pod doh\u013eadom<\/li>\n<li>Baliace slu\u017eby<\/li>\n<li>Leteck\u00e1 a n\u00e1morn\u00e1 doprava<\/li>\n<li>Coln\u00e9 sprostredkovanie<\/li>\n<li>Automobilov\u00e1 doprava<\/li>\n<\/ul>\n<p>Mudanzas Express je medzin\u00e1rodn\u00e1 s\u0165ahovacia spolo\u010dnos\u0165 so s\u00eddlom v Tocumene, ktor\u00e1 m\u00e1 viac ako 12 rokov sk\u00fasenost\u00ed. Je \u010dlenom IAM s 15-ro\u010dnou praxou, \u010do jej poskytuje medzin\u00e1rodn\u00fa sie\u0165 s\u0165ahovac\u00edch agentov, ktor\u00ed ju podporuj\u00fa pri poskytovan\u00ed slu\u017eieb mimo Panamy.<\/p>\n<p>Spolo\u010dnos\u0165 Mudanzas Express pon\u00faka s\u0165ahovacie slu\u017eby pre t\u00fdch, ktor\u00ed sa s\u0165ahuj\u00fa do Panamy alebo z Panamy, a poskytuje slu\u017eby od dver\u00ed k dver\u00e1m. Poskytuje baliace slu\u017eby na ochranu va\u0161ich vec\u00ed po\u010das prepravy, rozoberanie a skladanie n\u00e1bytku a manipul\u00e1ciu s krehk\u00fdmi predmetmi a klav\u00edrmi.  Zabezpe\u010dia prepravu a riadia cel\u00fd proces vr\u00e1tane coln\u00e9ho sprostredkovania.<\/p>\n<p>Webov\u00e1 lokalita: <a href=\"http:\/\/www.mudanzasexpresspanama.com\" target=\"_blank\" rel=\"noopener\">http:\/\/www.mudanzasexpresspanama.com<\/a><\/p>\n<h2><span class=\"ez-toc-section\" id=\"4_Panama_Moving_Solutions\"><\/span><strong>4. Panama Moving Solutions<\/strong><span class=\"ez-toc-section-end\"><\/span><\/h2>\n<p><img loading=\"lazy\" decoding=\"async\" class=\"alignnone size-full wp-image-8843\" src=\"https:\/\/moverdb.com\/wp-content\/uploads\/Panama-Moving-Solutions-international-moving-company.png\" alt=\"Panama Moving Solutions medzin\u00e1rodn\u00e9 s\u0165ahovanie spolo\u010dnos\u0165\" width=\"1440\" height=\"681\" data-wp-pid=\"8843\" srcset=\"https:\/\/moverdb.com\/wp-content\/uploads\/Panama-Moving-Solutions-international-moving-company.png 1440w, https:\/\/moverdb.com\/wp-content\/uploads\/Panama-Moving-Solutions-international-moving-company-300x142.png 300w, https:\/\/moverdb.com\/wp-content\/uploads\/Panama-Moving-Solutions-international-moving-company-1024x484.png 1024w, https:\/\/moverdb.com\/wp-content\/uploads\/Panama-Moving-Solutions-international-moving-company-18x9.png 18w, https:\/\/moverdb.com\/wp-content\/uploads\/Panama-Moving-Solutions-international-moving-company-600x284.png 600w\" sizes=\"auto, (max-width: 1440px) 100vw, 1440px\" \/><\/p>\n<ul>\n<li>Miestne a vn\u00fatro\u0161t\u00e1tne s\u0165ahovanie<\/li>\n<li>Medzin\u00e1rodn\u00e9 s\u0165ahovanie<\/li>\n<li>S\u0165ahovanie dom\u00e1cnost\u00ed<\/li>\n<li>S\u0165ahovanie firiem<\/li>\n<li>Od dver\u00ed k dver\u00e1m a od dver\u00ed k dver\u00e1m<a href=\"https:\/\/moverdb.com\/sk\/top-49-container-ports\/\" data-internallinksmanager029f6b8e52c=\"80\" title=\"49 najv\u00e4\u010d\u0161\u00edch a najvy\u0165a\u017eenej\u0161\u00edch kontajnerov\u00fdch pr\u00edstavov v roku 2025\">pr\u00edstav<\/a> slu\u017eby<\/li>\n<li>Baliace slu\u017eby<\/li>\n<li>Zabezpe\u010denie prepravy<\/li>\n<li>Preprava dom\u00e1cich zvierat<\/li>\n<li>Preprava vozidiel<\/li>\n<li>Skladovacie zariadenia<\/li>\n<\/ul>\n<p>Spolo\u010dnos\u0165 Panama Moving Solutions pon\u00faka medzin\u00e1rodn\u00e9 s\u0165ahovanie a prepravu n\u00e1kladu s viac ako 20-ro\u010dn\u00fdmi sk\u00fasenos\u0165ami a s\u00eddli v Panama City. Spolupracuj\u00fa s medzin\u00e1rodne uzn\u00e1van\u00fdmi s\u0165ahovac\u00edmi agentmi, ktor\u00ed im pom\u00e1haj\u00fa pri poskytovan\u00ed slu\u017eieb, a s\u00fa \u010dlenom IAM so \u0161es\u0165ro\u010dnou praxou.<\/p>\n<p>Spolo\u010dnos\u0165 Panama Moving Solutions pon\u00faka s\u0165ahovanie na mieru v r\u00e1mci Panamy, do Panamy a z Panamy, ktor\u00e9 m\u00f4\u017ee prebieha\u0165 od dver\u00ed k dver\u00e1m alebo od dver\u00ed k pr\u00edstavu. Poskytuj\u00fa baliace slu\u017eby, pri ktor\u00fdch pou\u017e\u00edvaj\u00fa najlep\u0161ie baliace v\u00fdrobky a najnov\u0161ie baliace techniky na zn\u00ed\u017eenie po\u0161kodenia a vlhkosti. Pon\u00fakaj\u00fa \u010fal\u0161ie slu\u017eby, ktor\u00e9 zah\u0155\u0148aj\u00fa prepravu dom\u00e1cich zvierat a vozidiel a skladovanie.<\/p>\n<p>Webov\u00e1 lokalita: <a href=\"http:\/\/www.pmovings.com\" target=\"_blank\" rel=\"noopener\">http:\/\/www.pmovings.com<\/a><\/p>\n<h2><span class=\"ez-toc-section\" id=\"5_Panama_Packing_Storage\"><\/span><strong>5. Balenie a skladovanie v Paname<\/strong><span class=\"ez-toc-section-end\"><\/span><\/h2>\n<p><img loading=\"lazy\" decoding=\"async\" class=\"alignnone size-full wp-image-8844\" src=\"https:\/\/moverdb.com\/wp-content\/uploads\/Panama-Packing-Storage-international-moving-company.png\" alt=\"Panama balenie &amp; Storage medzin\u00e1rodn\u00e9 s\u0165ahovanie spolo\u010dnos\u0165\" width=\"1440\" height=\"682\" data-wp-pid=\"8844\" srcset=\"https:\/\/moverdb.com\/wp-content\/uploads\/Panama-Packing-Storage-international-moving-company.png 1440w, https:\/\/moverdb.com\/wp-content\/uploads\/Panama-Packing-Storage-international-moving-company-300x142.png 300w, https:\/\/moverdb.com\/wp-content\/uploads\/Panama-Packing-Storage-international-moving-company-1024x485.png 1024w, https:\/\/moverdb.com\/wp-content\/uploads\/Panama-Packing-Storage-international-moving-company-18x9.png 18w, https:\/\/moverdb.com\/wp-content\/uploads\/Panama-Packing-Storage-international-moving-company-600x284.png 600w\" sizes=\"auto, (max-width: 1440px) 100vw, 1440px\" \/><\/p>\n<ul>\n<li>Miestne s\u0165ahovanie<\/li>\n<li>Medzin\u00e1rodn\u00e9 s\u0165ahovanie<\/li>\n<li>S\u0165ahovanie dom\u00e1cnost\u00ed<\/li>\n<li>Kancel\u00e1rske slu\u017eby<\/li>\n<li>Slu\u017eby od dver\u00ed k dver\u00e1m alebo od dver\u00ed k pr\u00edstavu<\/li>\n<li>Baliace slu\u017eby<\/li>\n<li>Cestn\u00e1, n\u00e1morn\u00e1 a leteck\u00e1 doprava<\/li>\n<li>Podpora importu a exportu<\/li>\n<li>Manipul\u00e1cia s v\u00fdtvarn\u00fdm umen\u00edm<\/li>\n<li>Kr\u00e1tkodob\u00e9 a\u017e dlhodob\u00e9 skladovacie priestory<\/li>\n<\/ul>\n<p>Panama Packing &amp; Storage je latinskoamerick\u00e1 s\u0165ahovacia spolo\u010dnos\u0165, ktor\u00e1 vznikla v roku 1971 a s\u00eddli v Panama City. M\u00e1 celosvetov\u00fa sie\u0165 s\u0165ahovac\u00edch agentov, ktor\u00ed ju m\u00f4\u017eu podpori\u0165 svojimi slu\u017ebami aj mimo oblasti svojho p\u00f4sobenia. S\u00fa \u010dlenom IAM a maj\u00fa akredit\u00e1ciu FIDI.<\/p>\n<p>Spolo\u010dnos\u0165 Panama Packing &amp; Storage pon\u00faka medzin\u00e1rodn\u00e9 s\u0165ahovanie a miestne s\u0165ahovanie, ktor\u00e9 zah\u0155\u0148a aj slu\u017ebu manipul\u00e1cie s umeleck\u00fdmi dielami. Poskytuj\u00fa baliace a vyba\u013eovacie slu\u017eby, ktor\u00e9 zah\u0155\u0148aj\u00fa balenie a balenie krehk\u00fdch predmetov. Pon\u00fakaj\u00fa bezpe\u010dn\u00e9 skladovacie priestory, ktor\u00e9 s\u00fa vhodn\u00e9 na kr\u00e1tkodob\u00e9 alebo dlhodob\u00e9 rie\u0161enia.<\/p>\n<p>Webov\u00e1 lokalita: <a href=\"http:\/\/www.panamapacking.com\" target=\"_blank\" rel=\"noopener\">http:\/\/www.panamapacking.com<\/a><\/p>","protected":false},"excerpt":{"rendered":"<p>Are you moving home or office within, to or from Panama? Then you may want to employ the services of a moving company to assist you with packing, organising transportation and arrangement of documentation for international moves. Below we have compiled a list of Panama based removal companies that are members of the International Association [&hellip;]<\/p>\n","protected":false},"author":4,"featured_media":0,"parent":190,"menu_order":0,"comment_status":"closed","ping_status":"closed","template":"","meta":{"_genesis_hide_title":false,"_genesis_hide_breadcrumbs":false,"_genesis_hide_singular_image":false,"_genesis_hide_footer_widgets":false,"_genesis_custom_body_class":"","_genesis_custom_post_class":"","_genesis_layout":"","footnotes":""},"class_list":{"0":"post-8908","1":"page","2":"type-page","3":"status-publish","5":"entry","6":"has-post-thumbnail"},"_links":{"self":[{"href":"https:\/\/moverdb.com\/sk\/wp-json\/wp\/v2\/pages\/8908","targetHints":{"allow":["GET"]}}],"collection":[{"href":"https:\/\/moverdb.com\/sk\/wp-json\/wp\/v2\/pages"}],"about":[{"href":"https:\/\/moverdb.com\/sk\/wp-json\/wp\/v2\/types\/page"}],"author":[{"embeddable":true,"href":"https:\/\/moverdb.com\/sk\/wp-json\/wp\/v2\/users\/4"}],"replies":[{"embeddable":true,"href":"https:\/\/moverdb.com\/sk\/wp-json\/wp\/v2\/comments?post=8908"}],"version-history":[{"count":1,"href":"https:\/\/moverdb.com\/sk\/wp-json\/wp\/v2\/pages\/8908\/revisions"}],"predecessor-version":[{"id":8909,"href":"https:\/\/moverdb.com\/sk\/wp-json\/wp\/v2\/pages\/8908\/revisions\/8909"}],"up":[{"embeddable":true,"href":"https:\/\/moverdb.com\/sk\/wp-json\/wp\/v2\/pages\/190"}],"wp:attachment":[{"href":"https:\/\/moverdb.com\/sk\/wp-json\/wp\/v2\/media?parent=8908"}],"curies":[{"name":"wp","href":"https:\/\/api.w.org\/{rel}","templated":true}]}}