{"id":8897,"date":"2023-04-27T14:33:01","date_gmt":"2023-04-27T14:33:01","guid":{"rendered":"https:\/\/moverdb.com\/?page_id=8897"},"modified":"2026-01-08T15:29:01","modified_gmt":"2026-01-08T15:29:01","slug":"moving-companies-norway","status":"publish","type":"page","link":"https:\/\/moverdb.com\/sk\/moving-companies\/moving-companies-norway\/","title":{"rendered":"5 najlep\u0161\u00edch medzin\u00e1rodn\u00fdch s\u0165ahovac\u00edch spolo\u010dnost\u00ed v N\u00f3rsku"},"content":{"rendered":"<p>Ak sa s\u0165ahujete domov alebo do firmy v r\u00e1mci, do alebo z <a href=\"https:\/\/moverdb.com\/sk\/moving-to-norway\/\" data-internallinksmanager029f6b8e52c=\"325\" title=\"S\u0165ahovanie do N\u00f3rska? 2026 N\u00e1klady na b\u00fdvanie a tipy na pres\u0165ahovanie\">N\u00f3rsko<\/a> potom mo\u017eno budete chcie\u0165 vyu\u017ei\u0165 slu\u017eby <a href=\"https:\/\/moverdb.com\/sk\/moving-companies\/\" data-internallinksmanager029f6b8e52c=\"79\" title=\"Top 25 medzin\u00e1rodn\u00fdch s\u0165ahovac\u00edch spolo\u010dnost\u00ed online\">s\u0165ahovacia spolo\u010dnos\u0165<\/a> aby v\u00e1m pomohli. Pom\u00f4\u017eu v\u00e1m s balen\u00edm, organiz\u00e1ciou prepravy a vybavovan\u00edm dokumentov. Ni\u017e\u0161ie sme zostavili zoznam firiem so s\u00eddlom v N\u00f3rsku <a href=\"https:\/\/moverdb.com\/sk\/international-removals\/\" data-internallinksmanager029f6b8e52c=\"27\" title=\"36 najlep\u0161\u00edch medzin\u00e1rodn\u00fdch s\u0165ahovac\u00edch spolo\u010dnost\u00ed v Spojenom kr\u00e1\u013eovstve\">s\u0165ahovacie spolo\u010dnosti<\/a> ktor\u00e9 s\u00fa \u010dlenmi <a href=\"https:\/\/moverdb.com\/sk\/iam\/\" data-internallinksmanager029f6b8e52c=\"23\" title=\"Vysvetlenie Medzin\u00e1rodnej asoci\u00e1cie s\u0165ahovate\u013eov (IAM)\">Medzin\u00e1rodn\u00e1 asoci\u00e1cia s\u0165ahovate\u013eov<\/a> (IAM) a\/alebo <a href=\"https:\/\/moverdb.com\/sk\/fidi-faim\/\" data-internallinksmanager029f6b8e52c=\"16\" title=\"Vysvetlenie FIDI a FAIM (FIDI akreditovan\u00fd medzin\u00e1rodn\u00fd prepravca)\">FIDI<\/a> Akreditovan\u00fd medzin\u00e1rodn\u00fd prepravca (FAIM), ktor\u00fd by v\u00e1m mohol pom\u00f4c\u0165 pri s\u0165ahovan\u00ed.<\/p>\n<div id=\"ez-toc-container\" class=\"ez-toc-v2_0_82_2 ez-toc-wrap-left counter-hierarchy ez-toc-counter ez-toc-transparent ez-toc-container-direction\">\n<div class=\"ez-toc-title-container\">\n<p class=\"ez-toc-title\" style=\"cursor:inherit\">Sekcie<\/p>\n<span class=\"ez-toc-title-toggle\"><a href=\"#\" class=\"ez-toc-pull-right ez-toc-btn ez-toc-btn-xs ez-toc-btn-default ez-toc-toggle\" aria-label=\"Prep\u00ednanie tabu\u013eky obsahu\"><span class=\"ez-toc-js-icon-con\"><span class=\"\"><span class=\"eztoc-hide\" style=\"display:none;\">Prep\u00edna\u010d<\/span><span class=\"ez-toc-icon-toggle-span\"><svg style=\"fill: #999;color:#999\" xmlns=\"http:\/\/www.w3.org\/2000\/svg\" class=\"list-377408\" width=\"20px\" height=\"20px\" viewbox=\"0 0 24 24\" fill=\"none\"><path d=\"M6 6H4v2h2V6zm14 0H8v2h12V6zM4 11h2v2H4v-2zm16 0H8v2h12v-2zM4 16h2v2H4v-2zm16 0H8v2h12v-2z\" fill=\"currentColor\"><\/path><\/svg><svg style=\"fill: #999;color:#999\" class=\"arrow-unsorted-368013\" xmlns=\"http:\/\/www.w3.org\/2000\/svg\" width=\"10px\" height=\"10px\" viewbox=\"0 0 24 24\" version=\"1.2\" baseprofile=\"tiny\"><path d=\"M18.2 9.3l-6.2-6.3-6.2 6.3c-.2.2-.3.4-.3.7s.1.5.3.7c.2.2.4.3.7.3h11c.3 0 .5-.1.7-.3.2-.2.3-.5.3-.7s-.1-.5-.3-.7zM5.8 14.7l6.2 6.3 6.2-6.3c.2-.2.3-.5.3-.7s-.1-.5-.3-.7c-.2-.2-.4-.3-.7-.3h-11c-.3 0-.5.1-.7.3-.2.2-.3.5-.3.7s.1.5.3.7z\"\/><\/svg><\/span><\/span><\/span><\/a><\/span><\/div>\n<nav><ul class='ez-toc-list ez-toc-list-level-1 eztoc-toggle-hide-by-default' ><li class='ez-toc-page-1 ez-toc-heading-level-2'><a class=\"ez-toc-link ez-toc-heading-1\" href=\"https:\/\/moverdb.com\/sk\/moving-companies\/moving-companies-norway\/#1_Adams_Express\" >1. Adams Express<\/a><\/li><li class='ez-toc-page-1 ez-toc-heading-level-2'><a class=\"ez-toc-link ez-toc-heading-2\" href=\"https:\/\/moverdb.com\/sk\/moving-companies\/moving-companies-norway\/#2_Hakull\" >2. Hakull<\/a><\/li><li class='ez-toc-page-1 ez-toc-heading-level-2'><a class=\"ez-toc-link ez-toc-heading-3\" href=\"https:\/\/moverdb.com\/sk\/moving-companies\/moving-companies-norway\/#3_NFB_International_Relocations\" >3. Medzin\u00e1rodn\u00e9 relok\u00e1cie NFB<\/a><\/li><li class='ez-toc-page-1 ez-toc-heading-level-2'><a class=\"ez-toc-link ez-toc-heading-4\" href=\"https:\/\/moverdb.com\/sk\/moving-companies\/moving-companies-norway\/#4_SIRVA\" >4. SIRVA<\/a><\/li><li class='ez-toc-page-1 ez-toc-heading-level-2'><a class=\"ez-toc-link ez-toc-heading-5\" href=\"https:\/\/moverdb.com\/sk\/moving-companies\/moving-companies-norway\/#5_Vinjes\" >5. Vinjes<\/a><\/li><li class='ez-toc-page-1 ez-toc-heading-level-2'><a class=\"ez-toc-link ez-toc-heading-6\" href=\"https:\/\/moverdb.com\/sk\/moving-companies\/moving-companies-norway\/#Other_Useful_Guides_to_Norway\" >\u010eal\u0161ie u\u017eito\u010dn\u00e9 pr\u00edru\u010dky o N\u00f3rsku<\/a><\/li><\/ul><\/nav><\/div>\n<h2><span class=\"ez-toc-section\" id=\"1_Adams_Express\"><\/span><strong>1. Adams Express<\/strong><span class=\"ez-toc-section-end\"><\/span><\/h2>\n<p><img loading=\"lazy\" decoding=\"async\" class=\"alignnone size-full wp-image-8750\" src=\"https:\/\/moverdb.com\/wp-content\/uploads\/Adams-Express-international-moving-company.png\" alt=\"Adams Express medzin\u00e1rodn\u00e9 s\u0165ahovanie spolo\u010dnos\u0165\" width=\"1440\" height=\"674\" data-wp-pid=\"8750\" srcset=\"https:\/\/moverdb.com\/wp-content\/uploads\/Adams-Express-international-moving-company.png 1440w, https:\/\/moverdb.com\/wp-content\/uploads\/Adams-Express-international-moving-company-300x140.png 300w, https:\/\/moverdb.com\/wp-content\/uploads\/Adams-Express-international-moving-company-1024x479.png 1024w, https:\/\/moverdb.com\/wp-content\/uploads\/Adams-Express-international-moving-company-18x8.png 18w, https:\/\/moverdb.com\/wp-content\/uploads\/Adams-Express-international-moving-company-600x281.png 600w\" sizes=\"auto, (max-width: 1440px) 100vw, 1440px\" \/><\/p>\n<ul>\n<li>N\u00e1rodn\u00e9 presuny<\/li>\n<li>Medzin\u00e1rodn\u00e9 s\u0165ahovanie<\/li>\n<li>S\u0165ahovanie dom\u00e1cnost\u00ed<\/li>\n<li>S\u0165ahovanie kancel\u00e1ri\u00ed<\/li>\n<li>Baliace slu\u017eby<\/li>\n<li>Zabezpe\u010denie dopravy<\/li>\n<li>Coln\u00e9 konanie<\/li>\n<li>Manipul\u00e1cia s v\u00fdtvarn\u00fdm umen\u00edm<\/li>\n<li>Poistenie<\/li>\n<li>Kr\u00e1tkodob\u00e9 a dlhodob\u00e9 skladovanie<\/li>\n<\/ul>\n<p>Adams Express je s\u0165ahovacia, skladov\u00e1 a logistick\u00e1 spolo\u010dnos\u0165, ktor\u00e1 m\u00e1 pobo\u010dky v Bergene, Osle a Stavangeri. M\u00e1 rozsiahlu sie\u0165 agentov po celom svete, ktor\u00ed im m\u00f4\u017eu pom\u00f4c\u0165 s medzin\u00e1rodn\u00fdmi slu\u017ebami. S\u00fa \u010dlenom IAM so 125-ro\u010dnou trad\u00edciou a s\u00fa akreditovan\u00ed organiz\u00e1ciou FIDI.<\/p>\n<p>Adams Express pon\u00faka s\u0165ahovacie slu\u017eby od mal\u00fdch z\u00e1sielok a\u017e po ve\u013ek\u00e9 z\u00e1kazky. Poskytuj\u00fa slu\u017eby od dver\u00ed k dver\u00e1m, ktor\u00e9 zah\u0155\u0148aj\u00fa kontrolu va\u0161ich vec\u00ed a pl\u00e1novanie s\u0165ahovania. Pon\u00fakaj\u00fa baliace slu\u017eby na ochranu va\u0161ich vec\u00ed a po pr\u00edchode ich vybalia. Prepravia va\u0161e veci na miesto ur\u010denia a pom\u00f4\u017eu v\u00e1m s coln\u00fdm odbaven\u00edm a poisten\u00edm.<\/p>\n<p>Webov\u00e1 lokalita: <a href=\"http:\/\/www.adamsexpress.no\" target=\"_blank\" rel=\"noopener\">http:\/\/www.adamsexpress.no<\/a><\/p>\n<h2><span class=\"ez-toc-section\" id=\"2_Hakull\"><\/span><strong>2. Hakull<\/strong><span class=\"ez-toc-section-end\"><\/span><\/h2>\n<p><img loading=\"lazy\" decoding=\"async\" class=\"alignnone size-full wp-image-8812\" src=\"https:\/\/moverdb.com\/wp-content\/uploads\/Hakull-international-moving-company.png\" alt=\"Hakull medzin\u00e1rodn\u00e9 s\u0165ahovanie spolo\u010dnos\u0165\" width=\"1440\" height=\"680\" data-wp-pid=\"8812\" srcset=\"https:\/\/moverdb.com\/wp-content\/uploads\/Hakull-international-moving-company.png 1440w, https:\/\/moverdb.com\/wp-content\/uploads\/Hakull-international-moving-company-300x142.png 300w, https:\/\/moverdb.com\/wp-content\/uploads\/Hakull-international-moving-company-1024x484.png 1024w, https:\/\/moverdb.com\/wp-content\/uploads\/Hakull-international-moving-company-18x9.png 18w, https:\/\/moverdb.com\/wp-content\/uploads\/Hakull-international-moving-company-600x283.png 600w\" sizes=\"auto, (max-width: 1440px) 100vw, 1440px\" \/><\/p>\n<ul>\n<li>Miestne a vn\u00fatro\u0161t\u00e1tne s\u0165ahovanie<\/li>\n<li>Medzin\u00e1rodn\u00e9 s\u0165ahovanie<\/li>\n<li>S\u0165ahovanie dom\u00e1cnost\u00ed<\/li>\n<li>S\u0165ahovanie kancel\u00e1ri\u00ed<\/li>\n<li>Slu\u017eby premiestnenia<\/li>\n<li>Slu\u017eba od dver\u00ed k dver\u00e1m<\/li>\n<li>Baliace slu\u017eby<\/li>\n<li>Cestn\u00e1, n\u00e1morn\u00e1 a leteck\u00e1 n\u00e1kladn\u00e1 doprava<\/li>\n<li>Coln\u00e9 konanie<\/li>\n<li>Skladovacie zariadenia<\/li>\n<\/ul>\n<p>Spolo\u010dnos\u0165 Hakull je medzin\u00e1rodn\u00e1 prepravn\u00e1 a s\u0165ahovacia spolo\u010dnos\u0165 zalo\u017een\u00e1 v roku 1946 s pobo\u010dkami v Sandes, Kristiansande, Osle a Norresundby. Je \u010dlenom IAM so 77-ro\u010dnou trad\u00edciou a je akreditovan\u00e1 organiz\u00e1ciou FIDI.<\/p>\n<p>Spolo\u010dnos\u0165 Hakull pon\u00faka s\u0165ahovacie slu\u017eby pre r\u00f4zny tovar vr\u00e1tane n\u00e1bytku a v\u0161etk\u00e9ho ostatn\u00e9ho vo va\u0161ej dom\u00e1cnosti so slu\u017ebou od dver\u00ed k dver\u00e1m. Poskytuj\u00fa baliace slu\u017eby na ochranu va\u0161ich vec\u00ed po\u010das prepravy. Poskytuj\u00fa prepravu cestnou, n\u00e1mornou alebo leteckou dopravou, ktor\u00e1 zah\u0155\u0148a v\u00fdber kontajnerov, napr\u00edklad pln\u00e9 a menej ako pln\u00e9 kontajnery. Pom\u00f4\u017eu s coln\u00fdm odbaven\u00edm a v pr\u00edpade potreby m\u00f4\u017eu poskytn\u00fa\u0165 skladovanie s poisten\u00edm.<\/p>\n<p>Webov\u00e1 lokalita: <a href=\"http:\/\/www.haakull.no\" target=\"_blank\" rel=\"noopener\">http:\/\/www.haakull.no<\/a><\/p>\n<h2><span class=\"ez-toc-section\" id=\"3_NFB_International_Relocations\"><\/span><strong>3. Medzin\u00e1rodn\u00e9 relok\u00e1cie NFB<\/strong><span class=\"ez-toc-section-end\"><\/span><\/h2>\n<p><img loading=\"lazy\" decoding=\"async\" class=\"alignnone size-full wp-image-8837\" src=\"https:\/\/moverdb.com\/wp-content\/uploads\/NFB-International-Relocations-company.png\" alt=\"Spolo\u010dnos\u0165 NFB International Relocations\" width=\"1440\" height=\"677\" data-wp-pid=\"8837\" srcset=\"https:\/\/moverdb.com\/wp-content\/uploads\/NFB-International-Relocations-company.png 1440w, https:\/\/moverdb.com\/wp-content\/uploads\/NFB-International-Relocations-company-300x141.png 300w, https:\/\/moverdb.com\/wp-content\/uploads\/NFB-International-Relocations-company-1024x481.png 1024w, https:\/\/moverdb.com\/wp-content\/uploads\/NFB-International-Relocations-company-18x8.png 18w, https:\/\/moverdb.com\/wp-content\/uploads\/NFB-International-Relocations-company-600x282.png 600w\" sizes=\"auto, (max-width: 1440px) 100vw, 1440px\" \/><\/p>\n<ul>\n<li>N\u00e1rodn\u00e9 presuny<\/li>\n<li>Medzin\u00e1rodn\u00e9 s\u0165ahovanie<\/li>\n<li>S\u0165ahovanie dom\u00e1cnost\u00ed<\/li>\n<li>Presuny spolo\u010dnosti<\/li>\n<li>Baliace slu\u017eby<\/li>\n<li>Cestn\u00e1, n\u00e1morn\u00e1 a leteck\u00e1 doprava<\/li>\n<li>\u00dadr\u017eb\u00e1rske a upratovacie slu\u017eby<\/li>\n<li>Vyh\u013ead\u00e1vanie doma a v \u0161kole<\/li>\n<li>Tranzitn\u00e9 poistenie<\/li>\n<li>Kr\u00e1tkodob\u00e9 a dlhodob\u00e9 skladovanie<\/li>\n<\/ul>\n<p>NFB International Relocations je medzin\u00e1rodn\u00e1 s\u0165ahovacia spolo\u010dnos\u0165 so s\u00eddlom v Skui. Pri poskytovan\u00ed medzin\u00e1rodn\u00fdch slu\u017eieb spolupracuje s glob\u00e1lnou sie\u0165ou profesion\u00e1lnych s\u0165ahovac\u00edch spolo\u010dnost\u00ed v 150 krajin\u00e1ch sveta. S\u00fa \u010dlenom IAM s 15-ro\u010dnou trad\u00edciou a maj\u00fa akredit\u00e1ciu FIDI.<\/p>\n<p>Spolo\u010dnos\u0165 NFB International Relocations pon\u00faka s\u0165ahovacie slu\u017eby od dver\u00ed k dver\u00e1m, ktor\u00e9 sa za\u010d\u00ednaj\u00fa prieskumom pred s\u0165ahovan\u00edm. Pon\u00fakaj\u00fa \u0161irok\u00fa \u0161k\u00e1lu s\u0165ahovac\u00edch slu\u017eieb vr\u00e1tane balenia, prepravy v r\u00e1mci N\u00f3rska, Eur\u00f3py a medzin\u00e1rodne, slu\u017eieb riadenia s\u0165ahovania, slu\u017eieb \u00fadr\u017eb\u00e1rov a upratova\u010diek, skladovania a poistenia. Pon\u00fakaj\u00fa slu\u017eby s\u00favisiace so s\u0165ahovan\u00edm, ktor\u00e9 zah\u0155\u0148aj\u00fa vyh\u013ead\u00e1vanie domov a \u0161k\u00f4l, imigr\u00e1ciu a v\u00edza, orient\u00e1ciu a pomoc pri registr\u00e1cii v miestnych slu\u017eb\u00e1ch.<\/p>\n<p>Webov\u00e1 lokalita: <a href=\"http:\/\/www.nfbir.com\" target=\"_blank\" rel=\"noopener\">http:\/\/www.nfbir.com<\/a><\/p>\n<h2><span class=\"ez-toc-section\" id=\"4_SIRVA\"><\/span><strong>4. SIRVA<\/strong><span class=\"ez-toc-section-end\"><\/span><\/h2>\n<p><img loading=\"lazy\" decoding=\"async\" class=\"alignnone size-full wp-image-8859\" src=\"https:\/\/moverdb.com\/wp-content\/uploads\/SIRVA-Norway-international-moving-company.png\" alt=\"SIRVA N\u00f3rsko medzin\u00e1rodn\u00e9 s\u0165ahovanie spolo\u010dnos\u0165\" width=\"1440\" height=\"681\" data-wp-pid=\"8859\" srcset=\"https:\/\/moverdb.com\/wp-content\/uploads\/SIRVA-Norway-international-moving-company.png 1440w, https:\/\/moverdb.com\/wp-content\/uploads\/SIRVA-Norway-international-moving-company-300x142.png 300w, https:\/\/moverdb.com\/wp-content\/uploads\/SIRVA-Norway-international-moving-company-1024x484.png 1024w, https:\/\/moverdb.com\/wp-content\/uploads\/SIRVA-Norway-international-moving-company-18x9.png 18w, https:\/\/moverdb.com\/wp-content\/uploads\/SIRVA-Norway-international-moving-company-600x284.png 600w\" sizes=\"auto, (max-width: 1440px) 100vw, 1440px\" \/><\/p>\n<ul>\n<li>N\u00e1rodn\u00e9 presuny<\/li>\n<li>Medzin\u00e1rodn\u00e9 s\u0165ahovanie<\/li>\n<li>S\u0165ahovanie dom\u00e1cnost\u00ed<\/li>\n<li>Komer\u010dn\u00e9 presuny<\/li>\n<li>Komplexn\u00e9 riadenie<\/li>\n<li>Odborn\u00edci na s\u0165ahovanie, ktor\u00ed v\u00e1m poradia<\/li>\n<li>Jednotn\u00e9 kontaktn\u00e9 miesto<\/li>\n<li>V\u00fdber mo\u017enost\u00ed balenia<\/li>\n<li>Zabezpe\u010denie prepravy<\/li>\n<li>Skladovacie zariadenia<\/li>\n<\/ul>\n<p>SIRVA je glob\u00e1lny poskytovate\u013e s\u0165ahovac\u00edch a premiest\u0148ovac\u00edch slu\u017eieb, ktor\u00fd m\u00e1 77 pobo\u010diek vo viac ako 190 krajin\u00e1ch a kancel\u00e1rie v Osle a Stavangeri. Medzi jej zna\u010dky s\u0165ahovania patria SIRVA, Allied, North American Van Lines, SMARTBOX a \u010fal\u0161ie. Je \u010dlenom IAM so 46-ro\u010dnou trad\u00edciou a je akreditovan\u00e1 organiz\u00e1ciou FIDI.<\/p>\n<p>Spolo\u010dnos\u0165 SIRVA pou\u017e\u00edva na poskytovanie svojich slu\u017eieb najmodernej\u0161ie n\u00e1stroje a rie\u0161enia. Pon\u00faka kompletn\u00e9 s\u0165ahovacie slu\u017eby alebo s\u0165ahovacie slu\u017eby \"urob si s\u00e1m\". \u0160pecializuj\u00fa sa na poskytovanie slu\u017eieb podnikom, ktor\u00e9 s\u0165ahuj\u00fa zamestnancov individu\u00e1lne alebo skupinovo. Poskytuj\u00fa odborn\u00edkov na s\u0165ahovanie, ktor\u00ed v\u00e1s preved\u00fa cel\u00fdm procesom a bud\u00fa jedin\u00fdm kontaktn\u00fdm miestom.<\/p>\n<p>Webov\u00e1 lokalita: <a href=\"http:\/\/www.teamrelocations.com\" target=\"_blank\" rel=\"noopener\">http:\/\/www.teamrelocations.com<\/a><\/p>\n<h2><span class=\"ez-toc-section\" id=\"5_Vinjes\"><\/span><strong>5. Vinjes<\/strong><span class=\"ez-toc-section-end\"><\/span><\/h2>\n<p><img loading=\"lazy\" decoding=\"async\" class=\"alignnone size-full wp-image-8874\" src=\"https:\/\/moverdb.com\/wp-content\/uploads\/Vinjes-international-moving-company.png\" alt=\"Vinjes medzin\u00e1rodn\u00e9 s\u0165ahovanie spolo\u010dnos\u0165\" width=\"1440\" height=\"681\" data-wp-pid=\"8874\" srcset=\"https:\/\/moverdb.com\/wp-content\/uploads\/Vinjes-international-moving-company.png 1440w, https:\/\/moverdb.com\/wp-content\/uploads\/Vinjes-international-moving-company-300x142.png 300w, https:\/\/moverdb.com\/wp-content\/uploads\/Vinjes-international-moving-company-1024x484.png 1024w, https:\/\/moverdb.com\/wp-content\/uploads\/Vinjes-international-moving-company-18x9.png 18w, https:\/\/moverdb.com\/wp-content\/uploads\/Vinjes-international-moving-company-600x284.png 600w\" sizes=\"auto, (max-width: 1440px) 100vw, 1440px\" \/><\/p>\n<ul>\n<li>N\u00e1rodn\u00e9 presuny<\/li>\n<li>Medzin\u00e1rodn\u00e9 s\u0165ahovanie<\/li>\n<li>S\u0165ahovanie dom\u00e1cnost\u00ed<\/li>\n<li>Premiest\u0148ovanie kancel\u00e1ri\u00ed<\/li>\n<li>V\u00fdber mo\u017enost\u00ed balenia<\/li>\n<li>Baliace slu\u017eby<\/li>\n<li>Zabezpe\u010denie prepravy<\/li>\n<li>Pren\u00e1jom pr\u00edvesov<\/li>\n<li>Poistenie<\/li>\n<li>Skladovacie zariadenia<\/li>\n<\/ul>\n<p>Vinjes je prepravn\u00e1 spolo\u010dnos\u0165 zalo\u017een\u00e1 v roku 1889, ktor\u00e1 pon\u00faka s\u0165ahovacie a skladovacie slu\u017eby a s\u00eddli v meste Tiller. Spolupracuje s \u010fal\u0161\u00edmi spo\u013eahliv\u00fdmi s\u0165ahovac\u00edmi spolo\u010dnos\u0165ami, ktor\u00e9 im pom\u00e1haj\u00fa pri poskytovan\u00ed medzin\u00e1rodn\u00fdch slu\u017eieb. S\u00fa \u010dlenom IAM so 134 rokmi p\u00f4sobenia.<\/p>\n<p>Spolo\u010dnos\u0165 Vinjes pon\u00faka r\u00f4zne mo\u017enosti s\u0165ahovania, medzi ktor\u00e9 patr\u00ed balenie \"urob si s\u00e1m\" a pren\u00e1jom pr\u00edvesu, \u010diasto\u010dn\u00e9 balenie a kompletn\u00e9 balenie. Ich baliace slu\u017eby zah\u0155\u0148aj\u00fa bezpe\u010dn\u00e9 zabalenie va\u0161ich vec\u00ed do vhodn\u00fdch baliacich materi\u00e1lov a vybalenie na novej adrese. Poskytuj\u00fa aj poistenie obsahu po\u010das s\u0165ahovania a v pr\u00edpade potreby aj skladovacie priestory.<\/p>\n<p>Webov\u00e1 lokalita: <a href=\"http:\/\/www.vinjes.no\" target=\"_blank\" rel=\"noopener\">http:\/\/www.vinjes.no<\/a><\/p>\n<h2><span class=\"ez-toc-section\" id=\"Other_Useful_Guides_to_Norway\"><\/span>\u010eal\u0161ie u\u017eito\u010dn\u00e9 pr\u00edru\u010dky o N\u00f3rsku<span class=\"ez-toc-section-end\"><\/span><\/h2>\n<ul>\n<li> <a href=\"https:\/\/moverdb.com\/sk\/kontajnerova-preprava\/norsko\/\">2024 Ceny n\u00e1mornej n\u00e1kladnej kontajnerovej dopravy do a z N\u00f3rska<\/a><\/li>\n<li> <a href=\"https:\/\/moverdb.com\/sk\/moving-to-norway\/\">S\u0165ahovanie do N\u00f3rska? 2026 N\u00e1klady na b\u00fdvanie a tipy na pres\u0165ahovanie<\/a><\/li>\n<li> <a href=\"https:\/\/moverdb.com\/sk\/moving-to-norway\/best-places-to-live-norway\/\">13 najlep\u0161\u00edch miest na \u017eivot v N\u00f3rsku\/a&gt;<\/li>\n<li> <a href=\"https:\/\/moverdb.com\/sk\/moving-to-norway\/living-in-norway\/\">21 tajomstiev o \u017eivote v N\u00f3rsku, ktor\u00e9 by ste mali vedie\u0165 pred pres\u0165ahovan\u00edm<\/a><\/li>\n<\/ul>","protected":false},"excerpt":{"rendered":"<p>If you are moving home or business within, to or from Norway then you may want to employ the services of a moving company to assist you. They can help you with packing, organising transportation and sorting out paperwork. Below we have compiled a list of Norway based removal companies that are members of the [&hellip;]<\/p>\n","protected":false},"author":4,"featured_media":0,"parent":190,"menu_order":0,"comment_status":"closed","ping_status":"closed","template":"","meta":{"_genesis_hide_title":false,"_genesis_hide_breadcrumbs":false,"_genesis_hide_singular_image":false,"_genesis_hide_footer_widgets":false,"_genesis_custom_body_class":"","_genesis_custom_post_class":"","_genesis_layout":"","footnotes":""},"class_list":{"0":"post-8897","1":"page","2":"type-page","3":"status-publish","5":"entry","6":"has-post-thumbnail"},"_links":{"self":[{"href":"https:\/\/moverdb.com\/sk\/wp-json\/wp\/v2\/pages\/8897","targetHints":{"allow":["GET"]}}],"collection":[{"href":"https:\/\/moverdb.com\/sk\/wp-json\/wp\/v2\/pages"}],"about":[{"href":"https:\/\/moverdb.com\/sk\/wp-json\/wp\/v2\/types\/page"}],"author":[{"embeddable":true,"href":"https:\/\/moverdb.com\/sk\/wp-json\/wp\/v2\/users\/4"}],"replies":[{"embeddable":true,"href":"https:\/\/moverdb.com\/sk\/wp-json\/wp\/v2\/comments?post=8897"}],"version-history":[{"count":2,"href":"https:\/\/moverdb.com\/sk\/wp-json\/wp\/v2\/pages\/8897\/revisions"}],"predecessor-version":[{"id":17049,"href":"https:\/\/moverdb.com\/sk\/wp-json\/wp\/v2\/pages\/8897\/revisions\/17049"}],"up":[{"embeddable":true,"href":"https:\/\/moverdb.com\/sk\/wp-json\/wp\/v2\/pages\/190"}],"wp:attachment":[{"href":"https:\/\/moverdb.com\/sk\/wp-json\/wp\/v2\/media?parent=8897"}],"curies":[{"name":"wp","href":"https:\/\/api.w.org\/{rel}","templated":true}]}}