{"id":889,"date":"2016-09-03T15:17:39","date_gmt":"2016-09-03T15:17:39","guid":{"rendered":"http:\/\/moverdb.com\/?page_id=889"},"modified":"2026-01-08T15:20:33","modified_gmt":"2026-01-08T15:20:33","slug":"pss-removals","status":"publish","type":"page","link":"https:\/\/moverdb.com\/sk\/pss-removals\/","title":{"rendered":"Medzin\u00e1rodn\u00e9 s\u0165ahovanie PSS: S\u0165ahovacie slu\u017eby a recenzie"},"content":{"rendered":"<p>PSS <a href=\"https:\/\/moverdb.com\/sk\/international-removals\/\" data-internallinksmanager029f6b8e52c=\"27\" title=\"36 najlep\u0161\u00edch medzin\u00e1rodn\u00fdch s\u0165ahovac\u00edch spolo\u010dnost\u00ed v Spojenom kr\u00e1\u013eovstve\">Medzin\u00e1rodn\u00e9 s\u0165ahovanie<\/a> sa u\u017e viac ako 34 rokov zaober\u00e1 s\u0165ahovan\u00edm \u013eud\u00ed do zahrani\u010dia. Ni\u017e\u0161ie s\u00fa uveden\u00e9 r\u00f4zne slu\u017eby, ktor\u00e9 pon\u00faka.<\/p>\n<p><strong>Medzin\u00e1rodn\u00e9 s\u0165ahovanie<\/strong><\/p>\n<ul>\n<li> Slu\u017eby na mieru do v\u00e4\u010d\u0161iny kraj\u00edn<\/li>\n<li> Ur\u010den\u00fd koordin\u00e1tor medzin\u00e1rodn\u00fdch presunov<\/li>\n<li> Profesion\u00e1lni bali\u010di alebo mo\u017enos\u0165 vlastn\u00e9ho balenia<\/li>\n<li> Slu\u017eba od dver\u00ed k dver\u00e1m<\/li>\n<li> Zriaden\u00e9 poistenie<\/li>\n<li> Poradenstvo o ka\u017edom aspekte cie\u013eovej krajiny<\/li>\n<\/ul>\n<p><strong>Migra\u010dn\u00e9 slu\u017eby<\/strong><br \/>\n<strong>Coln\u00e9 inform\u00e1cie\/dokument\u00e1cia<\/strong><\/p>\n<p><strong><a href=\"https:\/\/moverdb.com\/sk\/kontajnerova-preprava\/\">Medzin\u00e1rodn\u00e1 preprava<\/a><\/strong><\/p>\n<ul>\n<li> N\u00e1morn\u00e1 preprava alebo expresn\u00e1 leteck\u00e1 preprava<\/li>\n<li> Zriaden\u00e9 poistenie<\/li>\n<\/ul>\n<p><strong>Expresn\u00e1 z\u00e1sielkov\u00e1 slu\u017eba Overseas Parcel Service<\/strong><\/p>\n<ul>\n<li> Expresn\u00e9 doru\u010denie bal\u00edkov od dver\u00ed k dver\u00e1m pre naliehavo potrebn\u00e9 polo\u017eky<\/li>\n<\/ul>\n<p><strong>Nadbyto\u010dn\u00e1 bato\u017eina<\/strong><\/p>\n<ul>\n<li> Cestn\u00e1 n\u00e1kladn\u00e1 doprava (v r\u00e1mci Eur\u00f3py) N\u00e1morn\u00e1 n\u00e1kladn\u00e1 doprava alebo expresn\u00e1 leteck\u00e1 n\u00e1kladn\u00e1 doprava<\/li>\n<li> Vlastn\u00e9 balenie<\/li>\n<li> Zabalen\u00e9 pre v\u00e1s<\/li>\n<li> Zriaden\u00e9 poistenie<\/li>\n<\/ul>\n<p><strong><a href=\"https:\/\/moverdb.com\/sk\/car-transport-shipping\/\" data-internallinksmanager029f6b8e52c=\"2\" title=\"2026 Medzin\u00e1rodn\u00e1 preprava \u00e1ut a cit\u00e1cie prepravy vozidiel\">Preprava automobilov<\/a><\/strong><\/p>\n<ul>\n<li> Odosla\u0165 auto samostatne<\/li>\n<li> Preprava auta v rovnakom kontajneri ako vec\u00ed<\/li>\n<li> Zriaden\u00e9 poistenie<\/li>\n<\/ul>\n<h2>Profil spolo\u010dnosti PSS International Removals<\/h2>\n<p>Spolo\u010dnos\u0165 PSS International Removals sa zaober\u00e1 s\u0165ahovan\u00edm do zahrani\u010dia u\u017e viac ako 34 rokov. Spolo\u010dnos\u0165 sa zameriava na s\u0165ahovanie do zahrani\u010dia a nevykon\u00e1va s\u0165ahovanie v r\u00e1mci <a href=\"https:\/\/moverdb.com\/sk\/moving-to-the-uk\/\" data-internallinksmanager029f6b8e52c=\"93\" title=\"S\u0165ahujete sa do Spojen\u00e9ho kr\u00e1\u013eovstva? 2022 \u017divotn\u00e9 n\u00e1klady a tipy na pres\u0165ahovanie\">UK<\/a>. <\/p>\n<p>PSS International Removals prepravuje veci od jedn\u00e9ho kart\u00f3nu a\u017e po ve\u013ek\u00e9 dom\u00e1cnosti alebo dokonca ve\u013ek\u00e9 firemn\u00e9 s\u0165ahovanie. \u017diadne s\u0165ahovanie nie je pr\u00edli\u0161 komplikovan\u00e9 ani pr\u00edli\u0161 ve\u013ek\u00e9 \u010di mal\u00e9.<\/p>\n<p>Ka\u017ed\u00fd zamestnanec je vy\u0161kolen\u00fd v oblasti v\u00fdvozn\u00fdch postupov a spolupracuje len s t\u00fdmi najlep\u0161\u00edmi profesion\u00e1lnymi s\u0165ahovac\u00edmi spolo\u010dnos\u0165ami v zahrani\u010d\u00ed, aby mohol poskytova\u0165 slu\u017eby na mieru, ktor\u00e9 s\u013eubuje. Patr\u00ed medzi najv\u00e4\u010d\u0161ie spolo\u010dnosti v Spojenom kr\u00e1\u013eovstve <a href=\"https:\/\/moverdb.com\/sk\/medzinarodne-stahovanie\/\">medzin\u00e1rodn\u00e9 s\u0165ahovacie spolo\u010dnosti<\/a> a v roku 2015 presunula 4 536 z\u00e1kazn\u00edkov do zahrani\u010dia.<\/p>\n<p>Spolo\u010dnos\u0165 PSS International m\u00e1 tieto akredit\u00e1cie a pridru\u017eenia:<\/p>\n<ul>\n<li> <a href=\"https:\/\/moverdb.com\/sk\/britska-asociacia-vyrobcov\/\">Britsk\u00e1 asoci\u00e1cia s\u0165ahova\u010dov<\/a> (<a href=\"https:\/\/moverdb.com\/sk\/british-association-of-removers\/\" data-internallinksmanager029f6b8e52c=\"9\" title=\"Vysvetlenie Britskej asoci\u00e1cie s\u0165ahovate\u013eov (BAR)\">BAR<\/a>)<\/li>\n<li> <a href=\"https:\/\/moverdb.com\/sk\/bar-overseas\/\">Britsk\u00e1 asoci\u00e1cia s\u0165ahovate\u013eov v zahrani\u010d\u00ed<\/a><\/li>\n<li> <a href=\"https:\/\/moverdb.com\/sk\/fidi-faim\/\">FIDI<\/a><\/li>\n<li> <a href=\"https:\/\/moverdb.com\/sk\/fidi-faim\/\" data-internallinksmanager029f6b8e52c=\"16\" title=\"Vysvetlenie FIDI a FAIM (FIDI akreditovan\u00fd medzin\u00e1rodn\u00fd prepravca)\">FAIM<\/a><\/li>\n<\/ul>\n<p><strong>PSS Medzin\u00e1rodn\u00e9 s\u0165ahovanie Recenzie<\/strong><\/p>\n<p><strong>Pozit\u00edvne<\/strong><\/p>\n<ul>\n<li> <em>\"V\u0161etci boli ve\u013emi ochotn\u00ed a naozaj profesion\u00e1lni. Nevedela som si predstavi\u0165, \u017ee by tento de\u0148 mohol prebehn\u00fa\u0165 lep\u0161ie a hlad\u0161ie. Bola som tak vystresovan\u00e1 a oni ma dok\u00e1zali rozveseli\u0165 <a href=\"https:\/\/moverdb.com\/sk\/moving-to-the-united-states\/\" data-internallinksmanager029f6b8e52c=\"94\" title=\"S\u0165ahujete sa do Spojen\u00fdch \u0161t\u00e1tov? 2022 \u017divotn\u00e9 n\u00e1klady a tipy na pres\u0165ahovanie\">n\u00e1s<\/a> hore. Skuto\u010dne profesion\u00e1lne a mil\u00ed, priate\u013esk\u00ed \u013eudia.Som naozaj ohromen\u00fd.\"<\/em> - Ania prostredn\u00edctvom <a href=\"https:\/\/www.pssremovals.com\/reviews\" target=\"_blank\" rel=\"noopener\">PSS Removals Recenzie z\u00e1kazn\u00edkov<\/a><\/li>\n<li> <em>\"Spolo\u010dnos\u0165 PSS sme vyu\u017eili na z\u00e1klade odpor\u00fa\u010dania priate\u013eov. Mali sme k dispoz\u00edcii 20-metrov\u00fd kontajner na exkluz\u00edvne pou\u017eitie. <a href=\"https:\/\/moverdb.com\/sk\/moving-to-australia\/living-in-australia\/\" data-internallinksmanager029f6b8e52c=\"240\" title=\"21 tajomstiev o \u017eivote v Austr\u00e1lii, ktor\u00e9 by ste mali vedie\u0165 pred pres\u0165ahovan\u00edm\">Austr\u00e1lia<\/a>. T\u00edm, ktor\u00fd pri\u0161iel a vypratal n\u00e1\u0161 dom, bol \u00fa\u017easn\u00fd - pracoval ve\u013emi r\u00fdchlo. Ke\u010f u\u017e boli na\u0161e veci na ceste, niekedy som prepadala panike, \u010do bude rozbit\u00e9 alebo po\u0161koden\u00e9, ale na\u0161e veci dorazili minul\u00fd t\u00fd\u017ede\u0148 a v\u0161etko vyzer\u00e1 rovnako ako pri balen\u00ed.\"<\/em> - Zoe prostredn\u00edctvom <a href=\"http:\/\/www.mymovingreviews.com\/movers\/pss-international-removals-1788#57593\" target=\"_blank\" rel=\"noopener\">MyMovingReviews.com<\/a> <\/li>\n<li> <em>\"Od za\u010diatku a\u017e do konca som nemohol by\u0165 spokojnej\u0161\u00ed so slu\u017ebou, preto\u017ee maj\u00fa vynikaj\u00face nastavenie a boli u\u017eito\u010dn\u00ed a priate\u013esk\u00ed po\u010das cel\u00e9ho procesu, \u010do je nie\u010do, \u010do hovor\u00ed, \u017ee sme boli pravdepodobne najviac dezorganizovan\u00ed a vystresovan\u00ed \u013eudia, ktor\u00ed sa kedy pohybovali.\"<\/em> - Michelle prostredn\u00edctvom <a href=\"http:\/\/www.removalreviews.co.uk\/movingreviews\/good-company-8764\" target=\"_blank\" rel=\"noopener\">Recenzie o s\u0165ahovan\u00ed<\/a> <\/li>\n<\/ul>\n<p><strong>Negat\u00edvne<\/strong><\/p>\n<ul>\n<li> <em>\"Po\u017eiadal som o pres\u0165ahovanie vec\u00ed do dom\u00e1cnosti z Ve\u013ekej Brit\u00e1nie do USA. Hoci som to ozn\u00e1mil ve\u013emi kr\u00e1tko a nevyplnil som formul\u00e1re v\u010das, nie som spokojn\u00fd s t\u00fdm, \u017ee mi v mieste ur\u010denia na\u00fa\u010dtovali \u010fal\u0161\u00edch 400 americk\u00fdch dol\u00e1rov za n\u00e1hodn\u00e9 r\u00f6ntgenov\u00e9 skenovanie na colnici a oneskoren\u00fd pr\u00edchod po 4 mesiacoch, ktor\u00fd zah\u0155\u0148a aj obdobie uskladnenia.\"<\/em> - Sanjay prostredn\u00edctvom <a href=\"http:\/\/www.mymovingreviews.com\/movers\/pss-international-removals-1788#57002\" target=\"_blank\" rel=\"noopener\">MyMovingReviews.com<\/a><\/li>\n<li> \"<em>Spolo\u010dnos\u0165 je tu len na to, aby okr\u00e1dala \u013eud\u00ed o ich peniaze!!!!!!\"<\/em> - Amir prostredn\u00edctvom <a href=\"http:\/\/www.removalreviews.co.uk\/movingreviews\/straight-up-con-6619\" target=\"_blank\" rel=\"noopener\">Recenzie o s\u0165ahovan\u00ed<\/a> <\/li>\n<\/ul>\n<div itemprop=\"review\" itemscope itemtype=\"http:\/\/schema.org\/Review\">\n<span itemprop=\"author\" itemscope=\"\" itemtype=\"http:\/\/schema.org\/Organization\"><span itemprop=\"name\">MoverDB.com<\/span><\/span> Online preh\u013ead webov\u00fdch str\u00e1nok pre <span itemprop=\"itemreviewed\" itemscope=\"\" itemtype=\"http:\/\/schema.org\/Brand\"><span itemprop=\"name\">Medzin\u00e1rodn\u00e9 s\u0165ahovanie PSS<\/span><\/span>:<\/p>\n<ol>\n<li> Jasn\u00e9 kontaktn\u00e9 \u00fadaje na webovej str\u00e1nke (vr\u00e1tane telef\u00f3nneho \u010d\u00edsla): <strong>\u00c1no<\/strong><\/li>\n<li> Jednoduch\u00e9 z\u00edskanie <a href=\"https:\/\/moverdb.com\/sk\/citaty\/\">cit\u00e1cie medzin\u00e1rodn\u00fdch s\u0165ahovan\u00ed<\/a>? (Online formul\u00e1r \u017eiadosti o odhad): <strong>\u00c1no<\/strong><\/li>\n<li> Jasn\u00e9 inform\u00e1cie na webovej str\u00e1nke: <strong>\u00c1no,<\/strong> mno\u017estvo podrobn\u00fdch inform\u00e1ci\u00ed o ka\u017edej destin\u00e1cii.<\/li>\n<li> \u010dlenstvo v medzin\u00e1rodn\u00fdch uzn\u00e1van\u00fdch organiz\u00e1ci\u00e1ch pohybliv\u00fdch zvierat: <strong>\u00c1no<\/strong>, pozri vy\u0161\u0161ie.<\/li>\n<li> Zoznam klientov a\/alebo referencie predch\u00e1dzaj\u00facich z\u00e1kazn\u00edkov: <strong>\u00c1no,<\/strong> maj\u00fa str\u00e1nku s recenziami z\u00e1kazn\u00edkov a na in\u00fdch webov\u00fdch str\u00e1nkach maj\u00fa v\u0161eobecne pozit\u00edvne recenzie.<\/li>\n<\/ol>\n<div itemprop=\"reviewRating\" itemscope itemtype=\"http:\/\/schema.org\/Rating\"><meta itemprop=\"worstRating\" content = \"0\" \/><meta itemprop=\"bestRating\" content=\"5\" \/><meta itemprop=\"ratingValue\" content=\"5\"><\/div>\n<p><strong>Celkov\u00e9 hodnotenie: 5\/5<\/strong><br \/>\n<strong>D\u00e1tum recenzie:<\/strong> <span itemprop=\"datePublished\" content=\"2016-09-03\">03\/09\/2016<\/span>\n<\/div>\n<p>Viac o <a href=\"https:\/\/moverdb.com\/sk\/stahovacie-spolocnosti\/\">medzin\u00e1rodn\u00e9 s\u0165ahovacie spolo\u010dnosti<\/a> a na\u0161e <a href=\"https:\/\/moverdb.com\/sk\/recenzie\/\">proces presk\u00famania<\/a>.<\/p>\n<p><strong>Webov\u00e1 lokalita:<\/strong> <a href=\"https:\/\/www.pssremovals.com\" target=\"_blank\" rel=\"noopener\">https:\/\/www.pssremovals.com<\/a>.<\/p>","protected":false},"excerpt":{"rendered":"<p>PSS International Removals has been moving people abroad for over 34 years. Listed below are the various services they offer. International Removals Bespoke service to most countries Designated international move co-ordinator Professional packers or self-pack option Door to door service Insurance arranged Advice on every aspect of destination country Migration Services Customs Information\/Documentation International Shipping [&hellip;]<\/p>\n","protected":false},"author":1,"featured_media":0,"parent":0,"menu_order":0,"comment_status":"closed","ping_status":"closed","template":"","meta":{"_genesis_hide_title":false,"_genesis_hide_breadcrumbs":false,"_genesis_hide_singular_image":false,"_genesis_hide_footer_widgets":false,"_genesis_custom_body_class":"","_genesis_custom_post_class":"","_genesis_layout":"","footnotes":""},"class_list":{"0":"post-889","1":"page","2":"type-page","3":"status-publish","5":"entry"},"_links":{"self":[{"href":"https:\/\/moverdb.com\/sk\/wp-json\/wp\/v2\/pages\/889","targetHints":{"allow":["GET"]}}],"collection":[{"href":"https:\/\/moverdb.com\/sk\/wp-json\/wp\/v2\/pages"}],"about":[{"href":"https:\/\/moverdb.com\/sk\/wp-json\/wp\/v2\/types\/page"}],"author":[{"embeddable":true,"href":"https:\/\/moverdb.com\/sk\/wp-json\/wp\/v2\/users\/1"}],"replies":[{"embeddable":true,"href":"https:\/\/moverdb.com\/sk\/wp-json\/wp\/v2\/comments?post=889"}],"version-history":[{"count":4,"href":"https:\/\/moverdb.com\/sk\/wp-json\/wp\/v2\/pages\/889\/revisions"}],"predecessor-version":[{"id":6230,"href":"https:\/\/moverdb.com\/sk\/wp-json\/wp\/v2\/pages\/889\/revisions\/6230"}],"wp:attachment":[{"href":"https:\/\/moverdb.com\/sk\/wp-json\/wp\/v2\/media?parent=889"}],"curies":[{"name":"wp","href":"https:\/\/api.w.org\/{rel}","templated":true}]}}