{"id":8886,"date":"2023-04-27T14:39:29","date_gmt":"2023-04-27T14:39:29","guid":{"rendered":"https:\/\/moverdb.com\/?page_id=8886"},"modified":"2026-01-08T15:30:11","modified_gmt":"2026-01-08T15:30:11","slug":"moving-companies-nepal","status":"publish","type":"page","link":"https:\/\/moverdb.com\/sk\/moving-companies\/moving-companies-nepal\/","title":{"rendered":"Najlep\u0161ie medzin\u00e1rodn\u00e9 s\u0165ahovacie spolo\u010dnosti v Nep\u00e1le"},"content":{"rendered":"<p>&nbsp;<\/p>\n<p>Ak sa pl\u00e1nujete pres\u0165ahova\u0165 v r\u00e1mci Nep\u00e1lu, do Nep\u00e1lu alebo z Nep\u00e1lu, m\u00f4\u017eete vyu\u017ei\u0165 slu\u017eby <a href=\"https:\/\/moverdb.com\/sk\/moving-companies\/\" data-internallinksmanager029f6b8e52c=\"79\" title=\"Top 25 medzin\u00e1rodn\u00fdch s\u0165ahovac\u00edch spolo\u010dnost\u00ed online\">s\u0165ahovacia spolo\u010dnos\u0165<\/a> preto\u017ee m\u00f4\u017eu zn\u00ed\u017ei\u0165 pracovn\u00e9 za\u0165a\u017eenie a stres pri s\u0165ahovan\u00ed. Ni\u017e\u0161ie sme zostavili zoznam spolo\u010dnost\u00ed z Nep\u00e1lu <a href=\"https:\/\/moverdb.com\/sk\/international-removals\/\" data-internallinksmanager029f6b8e52c=\"27\" title=\"36 najlep\u0161\u00edch medzin\u00e1rodn\u00fdch s\u0165ahovac\u00edch spolo\u010dnost\u00ed v Spojenom kr\u00e1\u013eovstve\">s\u0165ahovacie spolo\u010dnosti<\/a> ktor\u00e9 s\u00fa \u010dlenmi <a href=\"https:\/\/moverdb.com\/sk\/iam\/\" data-internallinksmanager029f6b8e52c=\"23\" title=\"Vysvetlenie Medzin\u00e1rodnej asoci\u00e1cie s\u0165ahovate\u013eov (IAM)\">Medzin\u00e1rodn\u00e1 asoci\u00e1cia s\u0165ahovate\u013eov<\/a> (IAM) a\/alebo <a href=\"https:\/\/moverdb.com\/sk\/fidi-faim\/\" data-internallinksmanager029f6b8e52c=\"16\" title=\"Vysvetlenie FIDI a FAIM (FIDI akreditovan\u00fd medzin\u00e1rodn\u00fd prepravca)\">FIDI<\/a> Akreditovan\u00fd medzin\u00e1rodn\u00fd prepravca (FAIM), ktor\u00fd by v\u00e1m mohol pom\u00f4c\u0165 pri s\u0165ahovan\u00ed.<\/p>\n<h2><strong>Atlas International Relocations<\/strong><\/h2>\n<p><img loading=\"lazy\" decoding=\"async\" class=\"alignnone size-full wp-image-8764\" src=\"https:\/\/moverdb.com\/wp-content\/uploads\/Atlas-International-Relocation-international-moving-company.png\" alt=\"Atlas International Relocation medzin\u00e1rodn\u00e9 s\u0165ahovanie spolo\u010dnos\u0165\" width=\"1440\" height=\"679\" data-wp-pid=\"8764\" srcset=\"https:\/\/moverdb.com\/wp-content\/uploads\/Atlas-International-Relocation-international-moving-company.png 1440w, https:\/\/moverdb.com\/wp-content\/uploads\/Atlas-International-Relocation-international-moving-company-300x141.png 300w, https:\/\/moverdb.com\/wp-content\/uploads\/Atlas-International-Relocation-international-moving-company-1024x483.png 1024w, https:\/\/moverdb.com\/wp-content\/uploads\/Atlas-International-Relocation-international-moving-company-18x8.png 18w, https:\/\/moverdb.com\/wp-content\/uploads\/Atlas-International-Relocation-international-moving-company-600x283.png 600w\" sizes=\"auto, (max-width: 1440px) 100vw, 1440px\" \/><\/p>\n<ul>\n<li>N\u00e1rodn\u00e9 presuny<\/li>\n<li>Medzin\u00e1rodn\u00e9 premiestnenia<\/li>\n<li>S\u0165ahovanie dom\u00e1cnost\u00ed<\/li>\n<li>S\u0165ahovanie kancel\u00e1ri\u00ed<\/li>\n<li>Logistika projektu<\/li>\n<li>Baliace slu\u017eby<\/li>\n<li>Zabezpe\u010denie prepravy<\/li>\n<li>Coln\u00e9 sprostredkovanie<\/li>\n<li>Preprava dom\u00e1cich zvierat a vozidiel<\/li>\n<li>Skladovacie zariadenia<\/li>\n<\/ul>\n<p>Atlas International Relocations je s\u0165ahovacia spolo\u010dnos\u0165 so s\u00eddlom v K\u00e1thmandu, ktor\u00e1 pon\u00faka vn\u00fatro\u0161t\u00e1tne a medzin\u00e1rodn\u00e9 s\u0165ahovanie pre dom\u00e1cnosti a kancel\u00e1rie. Je \u010dlenom IAM so 40-ro\u010dnou trad\u00edciou, v\u010faka \u010domu m\u00e1 pr\u00edstup k medzin\u00e1rodnej sieti s\u0165ahovac\u00edch agentov, ktor\u00ed im poskytuj\u00fa podporu.<\/p>\n<p>Spolo\u010dnos\u0165 Atlas International Relocations pon\u00faka bezplatn\u00fa n\u00e1v\u0161tevu na mieste, aby pos\u00fadila va\u0161e potreby, a poskytne v\u00e1m poradcu, ktor\u00fd v\u00e1s podpor\u00ed. Poskytuj\u00fa profesion\u00e1lne baliace slu\u017eby s pou\u017eit\u00edm vysokokvalitn\u00fdch baliacich materi\u00e1lov a modern\u00fdch baliacich syst\u00e9mov na zabezpe\u010denie bezpe\u010dnej prepravy. Zabezpe\u010dia prepravu va\u0161ich vec\u00ed v jednom z ich n\u00e1kladn\u00fdch vozidiel alebo v kontajneri a pom\u00f4\u017eu v\u00e1m s vybalen\u00edm a umiestnen\u00edm va\u0161ich vec\u00ed na mieste ur\u010denia.<\/p>\n<p>Webov\u00e1 lokalita: <a href=\"http:\/\/www.atlaspackersnepal.com\" target=\"_blank\" rel=\"noopener\">http:\/\/www.atlaspackersnepal.com<\/a><\/p>","protected":false},"excerpt":{"rendered":"<p>&nbsp; If you are planning on moving within, to or from Nepal then you may benefit from the services of a moving company as they can reduce the workload and stress of your move. Below we have compiled a list of Nepal based removal companies that are members of the International Association of Movers (IAM) [&hellip;]<\/p>\n","protected":false},"author":4,"featured_media":0,"parent":190,"menu_order":0,"comment_status":"closed","ping_status":"closed","template":"","meta":{"_genesis_hide_title":false,"_genesis_hide_breadcrumbs":false,"_genesis_hide_singular_image":false,"_genesis_hide_footer_widgets":false,"_genesis_custom_body_class":"","_genesis_custom_post_class":"","_genesis_layout":"","footnotes":""},"class_list":{"0":"post-8886","1":"page","2":"type-page","3":"status-publish","5":"entry","6":"has-post-thumbnail"},"_links":{"self":[{"href":"https:\/\/moverdb.com\/sk\/wp-json\/wp\/v2\/pages\/8886","targetHints":{"allow":["GET"]}}],"collection":[{"href":"https:\/\/moverdb.com\/sk\/wp-json\/wp\/v2\/pages"}],"about":[{"href":"https:\/\/moverdb.com\/sk\/wp-json\/wp\/v2\/types\/page"}],"author":[{"embeddable":true,"href":"https:\/\/moverdb.com\/sk\/wp-json\/wp\/v2\/users\/4"}],"replies":[{"embeddable":true,"href":"https:\/\/moverdb.com\/sk\/wp-json\/wp\/v2\/comments?post=8886"}],"version-history":[{"count":1,"href":"https:\/\/moverdb.com\/sk\/wp-json\/wp\/v2\/pages\/8886\/revisions"}],"predecessor-version":[{"id":8887,"href":"https:\/\/moverdb.com\/sk\/wp-json\/wp\/v2\/pages\/8886\/revisions\/8887"}],"up":[{"embeddable":true,"href":"https:\/\/moverdb.com\/sk\/wp-json\/wp\/v2\/pages\/190"}],"wp:attachment":[{"href":"https:\/\/moverdb.com\/sk\/wp-json\/wp\/v2\/media?parent=8886"}],"curies":[{"name":"wp","href":"https:\/\/api.w.org\/{rel}","templated":true}]}}