{"id":888,"date":"2016-08-31T21:15:38","date_gmt":"2016-08-31T21:15:38","guid":{"rendered":"http:\/\/moverdb.com\/?page_id=888"},"modified":"2026-01-08T14:47:24","modified_gmt":"2026-01-08T14:47:24","slug":"abels-removals","status":"publish","type":"page","link":"https:\/\/moverdb.com\/sk\/abels-removals\/","title":{"rendered":"S\u0165ahovacie slu\u017eby Abels: Medzin\u00e1rodn\u00e9 s\u0165ahovanie Recenzie"},"content":{"rendered":"<p>Abels Moving Services s\u00eddli v Brandone, Suffolk, ale m\u00e1 zariadenia v <a href=\"https:\/\/moverdb.com\/sk\/moving-to-london\/\">Lond\u00fdn<\/a>, <a href=\"\" data-internallinksmanager029f6b8e52c=\"37\" title=\"Cambridge\">Cambridge<\/a> a Lutterworth, ale sl\u00fa\u017ei cel\u00e9mu <a href=\"https:\/\/moverdb.com\/sk\/moving-to-the-uk\/\" data-internallinksmanager029f6b8e52c=\"93\" title=\"S\u0165ahujete sa do Spojen\u00e9ho kr\u00e1\u013eovstva? 2022 \u017divotn\u00e9 n\u00e1klady a tipy na pres\u0165ahovanie\">UK<\/a>. <\/p>\n<p>Svojim klientom pon\u00faka mnoho z\u00e1mern\u00fdch slu\u017eieb, ktor\u00e9 s\u00fa uveden\u00e9 ni\u017e\u0161ie. Nasleduje aj profil spolo\u010dnosti a recenzie spolo\u010dnosti.<\/p>\n<p><strong>Medzin\u00e1rodn\u00e9 s\u0165ahovanie<\/strong><\/p>\n<ul>\n<li> Leteck\u00e1 preprava mal\u00fdch objemov<\/li>\n<li> N\u00e1morn\u00e1 preprava ve\u013ek\u00fdch objemov<\/li>\n<li> K dispoz\u00edcii je kompletn\u00fd mana\u017ement s\u0165ahovania<\/li>\n<li> Odstra\u0148ovanie dom\u00e1cich zvierat<\/li>\n<li> Odstr\u00e1nenie auta<\/li>\n<li> Slu\u017eba od dver\u00ed k dver\u00e1m<\/li>\n<li> Vysoko kvalifikovan\u00ed bali\u010di<\/li>\n<li> Vysokokvalitn\u00e9 baliace materi\u00e1ly<\/li>\n<li> Coln\u00e1 pomoc<\/li>\n<li> Slu\u017eba doru\u010denia a vybalenia<\/li>\n<li> Inform\u00e1cie o premiestnen\u00ed<\/li>\n<li> Zriaden\u00e9 poistenie<\/li>\n<li> Slu\u017eba upratovania<\/li>\n<li> Z\u00e1hradn\u00e9 slu\u017eby<\/li>\n<\/ul>\n<p><strong>Slu\u017eby premiestnenia<\/strong><\/p>\n<ul>\n<li> Sprievodcovia premiestnen\u00edm do inej krajiny s\u00fa k dispoz\u00edcii pre 60 kraj\u00edn<\/li>\n<li> Po\u010diato\u010dn\u00e9 pos\u00fadenie potrieb<\/li>\n<li> Orient\u00e1cia - n\u00e1kupy, z\u00e1bava, bankovn\u00edctvo, zariadenia pre vo\u013en\u00fd \u010das<\/li>\n<li> Preh\u013ead vzdel\u00e1vania<\/li>\n<li> Preh\u013ead nehnute\u013enost\u00ed<\/li>\n<li> Pren\u00e1jom n\u00e1bytku<\/li>\n<li> Pripojenie na in\u017einierske siete<\/li>\n<li> Slu\u017eba upratovania<\/li>\n<li> Z\u00e1hradn\u00e9 slu\u017eby<\/li>\n<\/ul>\n<p><strong>Eur\u00f3pske pohyby<\/strong><\/p>\n<ul>\n<li> Slu\u017eba od dver\u00ed k dver\u00e1m<\/li>\n<li> V\u0161etky dokumenty vyplnila spolo\u010dnos\u0165 Abels<\/li>\n<li> Balenie a vyba\u013eovanie<\/li>\n<li> \u0160pecializovan\u00e9 baliace materi\u00e1ly<\/li>\n<li> Kr\u00e1tkodob\u00e9 a dlhodob\u00e9 skladovanie<\/li>\n<li> Slu\u017eba osobn\u00e9ho asistenta - \u010doko\u013evek a v\u0161etko<\/li>\n<li> Sprievodcovia premiestnen\u00edm<\/li>\n<li> Slu\u017eba upratovania<\/li>\n<li> Z\u00e1hradn\u00e9 slu\u017eby<\/li>\n<\/ul>\n<p><strong>Baliace slu\u017eby<\/strong><\/p>\n<ul>\n<li> Krehk\u00e9 predmety vr\u00e1tane kri\u0161t\u00e1\u013eu, <a href=\"https:\/\/moverdb.com\/sk\/moving-to-china\/\" data-internallinksmanager029f6b8e52c=\"357\" title=\"S\u0165ahovanie do \u010c\u00edny? 2026 N\u00e1klady na \u017eivot a tipy na pres\u0165ahovanie\">\u010c\u00edna<\/a>, sklo at\u010f.<\/li>\n<li> Obrazy, fotografie<\/li>\n<li> Oble\u010denie<\/li>\n<li> Staro\u017eitn\u00fd n\u00e1bytok, predmety vysokej hodnoty<\/li>\n<li> Obsah skr\u00ed\u0148 v\u0161eobecne<\/li>\n<\/ul>\n<p><strong>\u00dalo\u017eisko<\/strong><\/p>\n<ul>\n<li> Dlhodob\u00e9 a kr\u00e1tkodob\u00e9<\/li>\n<li> Skladovanie v Spojenom kr\u00e1\u013eovstve, Eur\u00f3pe a z\u00e1mor\u00ed<\/li>\n<li> \u00da\u010delovo vytvoren\u00e9<\/li>\n<li> Optim\u00e1lne prostredie<\/li>\n<li> Pr\u00edsne protipo\u017eiarne kontroly<\/li>\n<li> Pokrytie kamerov\u00fdm syst\u00e9mom<\/li>\n<li> Neust\u00e1la pr\u00edtomnos\u0165 bezpe\u010dnostn\u00fdch zlo\u017eiek<\/li>\n<li> Kontajnery zape\u010daten\u00e9 pri zbere<\/li>\n<li> M\u00e4kk\u00fd n\u00e1bytok skladovan\u00fd v ide\u00e1lnych teplotn\u00fdch podmienkach<\/li>\n<li> Ukladanie s\u00faborov a arch\u00edvov<\/li>\n<li> Ukladanie \u0161tudentov<\/li>\n<\/ul>\n<p><strong>\u0160pecializovan\u00e9 slu\u017eby<\/strong><\/p>\n<ul>\n<li> S\u0165ahovanie firiem a komer\u010dn\u00fdch priestorov<\/li>\n<li> Dokumentov\u00e9 slu\u017eby<\/li>\n<li> Slu\u017eby v oblasti n\u00e1bytkov\u00e9ho vybavenia a zariadenia<\/li>\n<li> Maloobchodn\u00e9 slu\u017eby a slu\u017eby dod\u00e1vok do domu<\/li>\n<li> Slu\u017eby in\u0161tal\u00e1cie n\u00e1bytku<\/li>\n<li> In\u0161tala\u010dn\u00e9 rie\u0161enia pre interi\u00e9rov\u00fdch dizajn\u00e9rov a developerov<\/li>\n<\/ul>\n<h2>Profil spolo\u010dnosti Abels Moving Services<\/h2>\n<p>Spolo\u010dnos\u0165 Abels Moving Services za\u010dala svoju \u010dinnos\u0165 ako rodinn\u00fd podnik v roku 1958 rozvozom tovaru do obchodov. Odvtedy sa spolo\u010dnos\u0165 rozr\u00e1stla a v s\u00fa\u010dasnosti m\u00e1 1 500 servisn\u00fdch stred\u00edsk v 56 krajin\u00e1ch sveta. <\/p>\n<p>Spolo\u010dnos\u0165 z\u00edskala v roku 1989 kr\u00e1\u013eovsk\u00fd zatyka\u010d Jej Veli\u010denstva kr\u00e1\u013eovnej ako ocenenie za svoje slu\u017eby korunnej rodine, ktor\u00e9 zah\u0155\u0148ali aj prepravu v\u0161etk\u00fdch svadobn\u00fdch darov princa Charlesa a princeznej Diany v roku 1981. <\/p>\n<p>Spolo\u010dnos\u0165 Abels Moving Services je hrd\u00e1 na svoje \u0161peci\u00e1lne vyroben\u00e9 n\u00e1kladn\u00e9 vozidl\u00e1, ktor\u00e9 s\u00fa \u0161etrn\u00e9 k \u017eivotn\u00e9mu prostrediu. Veria v n\u00e1vrat ku komunite a podporuj\u00fa r\u00f4zne charitat\u00edvne organiz\u00e1cie po celom svete. <\/p>\n<p>Pevne veria v bezprobl\u00e9mov\u00fd pr\u00edstup ku klientom a s\u00fa presved\u010den\u00ed, \u017ee \u00fasmev dok\u00e1\u017ee zauja\u0165.<\/p>\n<p>Spolo\u010dnos\u0165 Abels Moving Services m\u00e1 nasleduj\u00face afili\u00e1cie a akredit\u00e1cie:<\/p>\n<ul>\n<li> Kr\u00e1\u013eovsk\u00fd pr\u00edkaz Jej Veli\u010denstva kr\u00e1\u013eovnej<\/li>\n<li> <a href=\"https:\/\/moverdb.com\/sk\/fidi-faim\/\">FIDI<\/a><\/li>\n<li> <a href=\"https:\/\/moverdb.com\/sk\/fidi-faim\/\" data-internallinksmanager029f6b8e52c=\"16\" title=\"Vysvetlenie FIDI a FAIM (FIDI akreditovan\u00fd medzin\u00e1rodn\u00fd prepravca)\">FAIM<\/a><\/li>\n<li> Investori do \u013eud\u00ed<\/li>\n<li> <a href=\"https:\/\/moverdb.com\/sk\/britska-asociacia-vyrobcov\/\">Britsk\u00e1 asoci\u00e1cia s\u0165ahovate\u013eov<\/a> (<a href=\"https:\/\/moverdb.com\/sk\/british-association-of-removers\/\" data-internallinksmanager029f6b8e52c=\"9\" title=\"Vysvetlenie Britskej asoci\u00e1cie s\u0165ahovate\u013eov (BAR)\">BAR<\/a>)<\/li>\n<li> <a href=\"https:\/\/moverdb.com\/sk\/bar-overseas\/\">Skupina BAR Overseas<\/a><\/li>\n<li> \u00darad pre finan\u010dn\u00e9 slu\u017eby<\/li>\n<li> <a href=\"https:\/\/moverdb.com\/sk\/fedemac\/\">Feder\u00e1cia eur\u00f3pskych s\u0165ahovate\u013eov<\/a> (<a href=\"https:\/\/moverdb.com\/sk\/fedemac\/\" data-internallinksmanager029f6b8e52c=\"15\" title=\"Vysvetlenie Feder\u00e1cie eur\u00f3pskych s\u0165ahovate\u013eov (FEDEMAC)\">FEDEMAC<\/a>)<\/li>\n<li> Vz\u00e1jomn\u00e9 poistenie medzin\u00e1rodn\u00fdch prepravcov (IMMI)<\/li>\n<li> BS EN ISO 9001<\/li>\n<\/ul>\n<h2>S\u0165ahovacie slu\u017eby Abels<\/h2>\n<p><strong>Pozit\u00edvne:<\/strong><\/p>\n<ul>\n<li> <em>\"S\u0165ahovacie t\u00edmy na oboch stran\u00e1ch boli skvel\u00e9 - kompetentn\u00e9, pracovali stabilne a jednoducho mil\u00ed chlapci, ktor\u00ed boli naozaj n\u00e1pomocn\u00ed nad r\u00e1mec toho, \u010do bolo nevyhnutne potrebn\u00e9.\"<\/em> - Pani Jenson prostredn\u00edctvom <a href=\"http:\/\/www.abels.co.uk\/reviews\/\" target=\"_blank\" rel=\"noopener\">Str\u00e1nka s recenziami z\u00e1kazn\u00edkov spolo\u010dnosti Abels<\/a>.<\/li>\n<li> <em>\"V\u0161etci, s ktor\u00fdmi som v Abels rokoval, \u010di u\u017e telefonicky, e-mailom alebo osobne, boli ve\u013emi n\u00e1pomocn\u00ed, priate\u013esk\u00ed a efekt\u00edvni, ur\u010dite by som ich op\u00e4\u0165 vyu\u017eil a bez v\u00e1hania ich odporu\u010dil ostatn\u00fdm.\"<\/em> Pani Z\u00e1stava prostredn\u00edctvom <a href=\"http:\/\/moveaide.com\/movers\/abels-moving-cambrige-uk-mover-reviews\" target=\"_blank\" rel=\"noopener\">MoveAide<\/a><\/li>\n<li> <em>\"Chceli sme v\u00e1m len ozn\u00e1mi\u0165, \u017ee sme \u0161\u0165astn\u00ed, \u017ee na\u0161e s\u0165ahovanie je \u00faspe\u0161ne dokon\u010den\u00e9.\"<\/em> - prostredn\u00edctvom <a href=\"http:\/\/removal-company-reviews.com\/view-removal-company-review.php?c=Abels%20Moving%20Services%20Ltd&#038;id=384\" target=\"_blank\" rel=\"noopener\">Recenzie spolo\u010dnost\u00ed zaoberaj\u00facich sa s\u0165ahovan\u00edm<\/a><\/li>\n<\/ul>\n<p><strong>Negat\u00edvne:<\/strong><\/p>\n<ul>\n<li> <em>\"Pr\u00ed\u0161ern\u00e1 komunik\u00e1cia o zbyto\u010dn\u00fdch me\u0161kaniach. Budete sa b\u00e1\u0165, \u017ee sa v\u00e1m stratili v\u0161etky \u017eivotn\u00e9 veci.\"<\/em> - Jeanie C. prostredn\u00edctvom <a href=\"https:\/\/www.yelp.co.uk\/biz\/abels-moving-services-ltd-brandon-2?hrid=qZqRG6iZsRo2GEP-XgQefQ&#038;utm_campaign=www_review_share_popup&#038;utm_medium=copy_link&#038;utm_source=(direct)\" target=\"_blank\" rel=\"noopener\">Yelp<\/a><\/li>\n<li> <em>\"Ak nie si kr\u00e1\u013eovn\u00e1, nebud\u00fa sa o teba ve\u013emi stara\u0165.\"<\/em> - Simon prostredn\u00edctvom <a href=\"http:\/\/www.removalreviews.co.uk\/movingreviews\/far-from-their-advertising-image-7304\" target=\"_blank\" rel=\"noopener\">Recenzie o s\u0165ahovan\u00ed<\/a><\/li>\n<li> <em>\"Slab\u00e9 slu\u017eby po celom svete so zlou komunik\u00e1ciou medzi oboma <a href=\"https:\/\/moverdb.com\/sk\/stahovanie-do-singapuru\/\">Singapur<\/a> t\u00edm a uk t\u00edm.\"<\/em> - P\u00e1n Crapper prostredn\u00edctvom <a href=\"http:\/\/moveaide.com\/movers\/abels-moving-cambrige-uk-mover-reviews\" target=\"_blank\" rel=\"noopener\">MoveAide<\/a><\/li>\n<\/li>\n<\/ul>\n<div itemprop=\"review\" itemscope itemtype=\"http:\/\/schema.org\/Review\">\n<span itemprop=\"author\" itemscope=\"\" itemtype=\"http:\/\/schema.org\/Organization\"><span itemprop=\"name\">MoverDB.com<\/span><\/span> Online preh\u013ead webov\u00fdch str\u00e1nok pre <span itemprop=\"itemreviewed\" itemscope=\"\" itemtype=\"http:\/\/schema.org\/Brand\"><span itemprop=\"name\">S\u0165ahovacie slu\u017eby Abels<\/span><\/span>:<\/p>\n<ol>\n<li> Jasn\u00e9 kontaktn\u00e9 \u00fadaje na webovej str\u00e1nke (vr\u00e1tane telef\u00f3nneho \u010d\u00edsla): <strong>\u00c1no<\/strong><\/li>\n<li> Jednoduch\u00e9 z\u00edskanie <a href=\"https:\/\/moverdb.com\/sk\/citaty\/\">cit\u00e1cie medzin\u00e1rodn\u00fdch s\u0165ahovan\u00ed<\/a>? (Online formul\u00e1r \u017eiadosti o odhad): <strong>\u00c1no<\/strong><\/li>\n<li> Jasn\u00e9 inform\u00e1cie na webovej str\u00e1nke: <strong>\u00c1no,<\/strong> slu\u0161n\u00e9 mno\u017estvo inform\u00e1ci\u00ed na webovej str\u00e1nke o svojich slu\u017eb\u00e1ch, aj ke\u010f niektor\u00e9 <\/li>\n<li> \u010dlenstvo v medzin\u00e1rodn\u00fdch uzn\u00e1van\u00fdch organiz\u00e1ci\u00e1ch pohybliv\u00fdch zvierat: <strong>\u00c1no<\/strong>, pozri vy\u0161\u0161ie.<\/li>\n<li> Zoznam klientov a\/alebo referencie predch\u00e1dzaj\u00facich z\u00e1kazn\u00edkov: <strong>\u00c1no<\/strong> Na webovej str\u00e1nke s\u00fa pozit\u00edvne referencie z\u00e1kazn\u00edkov.<\/li>\n<\/ol>\n<div itemprop=\"reviewRating\" itemscope itemtype=\"http:\/\/schema.org\/Rating\"><meta itemprop=\"worstRating\" content = \"0\" \/><meta itemprop=\"bestRating\" content=\"5\" \/><meta itemprop=\"ratingValue\" content=\"4.5\"><\/div>\n<p><strong>Celkov\u00e9 hodnotenie: 4,5\/5<\/strong><br \/>\n<strong>D\u00e1tum recenzie:<\/strong> <span itemprop=\"datePublished\" content=\"2016-08-31\">31\/08\/2016<\/span>\n<\/div>\n<p>Viac o <a href=\"https:\/\/moverdb.com\/sk\/medzinarodne-stahovanie\/\">medzin\u00e1rodn\u00e9 s\u0165ahovanie<\/a> a na\u0161e <a href=\"https:\/\/moverdb.com\/sk\/recenzie\/\">proces presk\u00famania<\/a>.<\/p>\n<p><strong>Webov\u00e1 lokalita:<\/strong> <a href=\"http:\/\/www.abels.co.uk\" target=\"_blank\" rel=\"noopener\">http:\/\/www.abels.co.uk<\/a><\/p>","protected":false},"excerpt":{"rendered":"<p>Abels Moving Services is based in Brandon, Suffolk but has facilities in London, Cambridge and Lutterworth but serves the whole of the UK. It offers its clients many intentional moving services which are listed below. There also follows a company profile and company reviews. International Moves Airfreight for small volumes Sea freight for large volumes [&hellip;]<\/p>\n","protected":false},"author":1,"featured_media":0,"parent":0,"menu_order":0,"comment_status":"closed","ping_status":"closed","template":"","meta":{"_genesis_hide_title":false,"_genesis_hide_breadcrumbs":false,"_genesis_hide_singular_image":false,"_genesis_hide_footer_widgets":false,"_genesis_custom_body_class":"","_genesis_custom_post_class":"","_genesis_layout":"","footnotes":""},"class_list":{"0":"post-888","1":"page","2":"type-page","3":"status-publish","5":"entry"},"_links":{"self":[{"href":"https:\/\/moverdb.com\/sk\/wp-json\/wp\/v2\/pages\/888","targetHints":{"allow":["GET"]}}],"collection":[{"href":"https:\/\/moverdb.com\/sk\/wp-json\/wp\/v2\/pages"}],"about":[{"href":"https:\/\/moverdb.com\/sk\/wp-json\/wp\/v2\/types\/page"}],"author":[{"embeddable":true,"href":"https:\/\/moverdb.com\/sk\/wp-json\/wp\/v2\/users\/1"}],"replies":[{"embeddable":true,"href":"https:\/\/moverdb.com\/sk\/wp-json\/wp\/v2\/comments?post=888"}],"version-history":[{"count":8,"href":"https:\/\/moverdb.com\/sk\/wp-json\/wp\/v2\/pages\/888\/revisions"}],"predecessor-version":[{"id":6166,"href":"https:\/\/moverdb.com\/sk\/wp-json\/wp\/v2\/pages\/888\/revisions\/6166"}],"wp:attachment":[{"href":"https:\/\/moverdb.com\/sk\/wp-json\/wp\/v2\/media?parent=888"}],"curies":[{"name":"wp","href":"https:\/\/api.w.org\/{rel}","templated":true}]}}