{"id":8879,"date":"2023-04-27T14:40:42","date_gmt":"2023-04-27T14:40:42","guid":{"rendered":"https:\/\/moverdb.com\/?page_id=8879"},"modified":"2026-01-08T15:29:24","modified_gmt":"2026-01-08T15:29:24","slug":"moving-companies-myanmar","status":"publish","type":"page","link":"https:\/\/moverdb.com\/sk\/moving-companies\/moving-companies-myanmar\/","title":{"rendered":"6 Najlep\u0161ie medzin\u00e1rodn\u00e9 s\u0165ahovacie spolo\u010dnosti v Mjanmarsku"},"content":{"rendered":"<p>S\u0165ahovanie domov alebo firmy m\u00f4\u017ee by\u0165 stresuj\u00face, preto\u017ee je potrebn\u00e9 ve\u013ea vec\u00ed napl\u00e1nova\u0165 a urobi\u0165, najm\u00e4 ak sa s\u0165ahujete do inej krajiny. Vyu\u017eitie slu\u017eieb <a href=\"https:\/\/moverdb.com\/sk\/moving-companies\/\" data-internallinksmanager029f6b8e52c=\"79\" title=\"Top 25 medzin\u00e1rodn\u00fdch s\u0165ahovac\u00edch spolo\u010dnost\u00ed online\">s\u0165ahovacia spolo\u010dnos\u0165<\/a> m\u00f4\u017ee pom\u00f4c\u0165 zn\u00ed\u017ei\u0165 v\u00e1\u0161 stres a zbavi\u0165 v\u00e1s mnoh\u00fdch \u00faloh. Ni\u017e\u0161ie sme zostavili zoznam mjanmarsk\u00fdch (barmsk\u00fdch) <a href=\"https:\/\/moverdb.com\/sk\/international-removals\/\" data-internallinksmanager029f6b8e52c=\"27\" title=\"36 najlep\u0161\u00edch medzin\u00e1rodn\u00fdch s\u0165ahovac\u00edch spolo\u010dnost\u00ed v Spojenom kr\u00e1\u013eovstve\">s\u0165ahovacie spolo\u010dnosti<\/a> ktor\u00e9 s\u00fa \u010dlenmi <a href=\"https:\/\/moverdb.com\/sk\/iam\/\" data-internallinksmanager029f6b8e52c=\"23\" title=\"Vysvetlenie Medzin\u00e1rodnej asoci\u00e1cie s\u0165ahovate\u013eov (IAM)\">Medzin\u00e1rodn\u00e1 asoci\u00e1cia s\u0165ahovate\u013eov<\/a> (IAM) a\/alebo <a href=\"https:\/\/moverdb.com\/sk\/fidi-faim\/\" data-internallinksmanager029f6b8e52c=\"16\" title=\"Vysvetlenie FIDI a FAIM (FIDI akreditovan\u00fd medzin\u00e1rodn\u00fd prepravca)\">FIDI<\/a> Akreditovan\u00fd medzin\u00e1rodn\u00fd prepravca (FAIM), ktor\u00fd by v\u00e1m mohol pom\u00f4c\u0165 pri s\u0165ahovan\u00ed.<\/p>\n<div id=\"ez-toc-container\" class=\"ez-toc-v2_0_82_2 ez-toc-wrap-left counter-hierarchy ez-toc-counter ez-toc-transparent ez-toc-container-direction\">\n<div class=\"ez-toc-title-container\">\n<p class=\"ez-toc-title\" style=\"cursor:inherit\">Sekcie<\/p>\n<span class=\"ez-toc-title-toggle\"><a href=\"#\" class=\"ez-toc-pull-right ez-toc-btn ez-toc-btn-xs ez-toc-btn-default ez-toc-toggle\" aria-label=\"Prep\u00ednanie tabu\u013eky obsahu\"><span class=\"ez-toc-js-icon-con\"><span class=\"\"><span class=\"eztoc-hide\" style=\"display:none;\">Prep\u00edna\u010d<\/span><span class=\"ez-toc-icon-toggle-span\"><svg style=\"fill: #999;color:#999\" xmlns=\"http:\/\/www.w3.org\/2000\/svg\" class=\"list-377408\" width=\"20px\" height=\"20px\" viewbox=\"0 0 24 24\" fill=\"none\"><path d=\"M6 6H4v2h2V6zm14 0H8v2h12V6zM4 11h2v2H4v-2zm16 0H8v2h12v-2zM4 16h2v2H4v-2zm16 0H8v2h12v-2z\" fill=\"currentColor\"><\/path><\/svg><svg style=\"fill: #999;color:#999\" class=\"arrow-unsorted-368013\" xmlns=\"http:\/\/www.w3.org\/2000\/svg\" width=\"10px\" height=\"10px\" viewbox=\"0 0 24 24\" version=\"1.2\" baseprofile=\"tiny\"><path d=\"M18.2 9.3l-6.2-6.3-6.2 6.3c-.2.2-.3.4-.3.7s.1.5.3.7c.2.2.4.3.7.3h11c.3 0 .5-.1.7-.3.2-.2.3-.5.3-.7s-.1-.5-.3-.7zM5.8 14.7l6.2 6.3 6.2-6.3c.2-.2.3-.5.3-.7s-.1-.5-.3-.7c-.2-.2-.4-.3-.7-.3h-11c-.3 0-.5.1-.7.3-.2.2-.3.5-.3.7s.1.5.3.7z\"\/><\/svg><\/span><\/span><\/span><\/a><\/span><\/div>\n<nav><ul class='ez-toc-list ez-toc-list-level-1 eztoc-toggle-hide-by-default' ><li class='ez-toc-page-1 ez-toc-heading-level-2'><a class=\"ez-toc-link ez-toc-heading-1\" href=\"https:\/\/moverdb.com\/sk\/moving-companies\/moving-companies-myanmar\/#1_Dawood_Worldwide_Movers\" >1. Dawood Worldwide Movers<\/a><\/li><li class='ez-toc-page-1 ez-toc-heading-level-2'><a class=\"ez-toc-link ez-toc-heading-2\" href=\"https:\/\/moverdb.com\/sk\/moving-companies\/moving-companies-myanmar\/#2_DNS_Mobility_Ltd\" >2. DNS Mobility Ltd<\/a><\/li><li class='ez-toc-page-1 ez-toc-heading-level-2'><a class=\"ez-toc-link ez-toc-heading-3\" href=\"https:\/\/moverdb.com\/sk\/moving-companies\/moving-companies-myanmar\/#3_Global_Moving_Storage_Ltd\" >3. Global Moving &amp; Storage Ltd<\/a><\/li><li class='ez-toc-page-1 ez-toc-heading-level-2'><a class=\"ez-toc-link ez-toc-heading-4\" href=\"https:\/\/moverdb.com\/sk\/moving-companies\/moving-companies-myanmar\/#4_Legendary_Myanmar_International_Moving_Logistics_Co_Ltd\" >4. Legend\u00e1rny Myanmar International Moving &amp; Logistics Co Ltd<\/a><\/li><li class='ez-toc-page-1 ez-toc-heading-level-2'><a class=\"ez-toc-link ez-toc-heading-5\" href=\"https:\/\/moverdb.com\/sk\/moving-companies\/moving-companies-myanmar\/#5_Myanmar_Express_Moving\" >5. Mjanmarsko Express Moving<\/a><\/li><li class='ez-toc-page-1 ez-toc-heading-level-2'><a class=\"ez-toc-link ez-toc-heading-6\" href=\"https:\/\/moverdb.com\/sk\/moving-companies\/moving-companies-myanmar\/#6_NMT_Ltd\" >6. NMT Ltd<\/a><\/li><\/ul><\/nav><\/div>\n<h2><span class=\"ez-toc-section\" id=\"1_Dawood_Worldwide_Movers\"><\/span><strong>1. Dawood Worldwide Movers<\/strong><span class=\"ez-toc-section-end\"><\/span><\/h2>\n<p><img loading=\"lazy\" decoding=\"async\" class=\"alignnone size-full wp-image-8783\" src=\"https:\/\/moverdb.com\/wp-content\/uploads\/Dawood-Worldwide-Moving-international-moving-company.png\" alt=\"Dawood Worldwide Moving medzin\u00e1rodn\u00e9 s\u0165ahovanie spolo\u010dnos\u0165\" width=\"1440\" height=\"682\" data-wp-pid=\"8783\" srcset=\"https:\/\/moverdb.com\/wp-content\/uploads\/Dawood-Worldwide-Moving-international-moving-company.png 1440w, https:\/\/moverdb.com\/wp-content\/uploads\/Dawood-Worldwide-Moving-international-moving-company-300x142.png 300w, https:\/\/moverdb.com\/wp-content\/uploads\/Dawood-Worldwide-Moving-international-moving-company-1024x485.png 1024w, https:\/\/moverdb.com\/wp-content\/uploads\/Dawood-Worldwide-Moving-international-moving-company-18x9.png 18w, https:\/\/moverdb.com\/wp-content\/uploads\/Dawood-Worldwide-Moving-international-moving-company-600x284.png 600w\" sizes=\"auto, (max-width: 1440px) 100vw, 1440px\" \/><\/p>\n<ul>\n<li>Vn\u00fatro\u0161t\u00e1tne s\u0165ahovanie<\/li>\n<li>Medzin\u00e1rodn\u00e9 s\u0165ahovanie<\/li>\n<li>S\u0165ahovanie dom\u00e1cnost\u00ed<\/li>\n<li>S\u0165ahovanie kancel\u00e1ri\u00ed<\/li>\n<li>Baliace slu\u017eby<\/li>\n<li>Dopravn\u00e9 opatrenia<\/li>\n<li>Coln\u00e9 konanie<\/li>\n<li>Slu\u017eby p\u00f4vodu a ur\u010denia<\/li>\n<li>Premiestnenie dom\u00e1ceho zviera\u0165a<\/li>\n<li>Bezpe\u010dn\u00e9 ukladanie<\/li>\n<\/ul>\n<p>Dawood Worldwide Movers je medzin\u00e1rodn\u00e1 s\u0165ahovacia spolo\u010dnos\u0165, ktor\u00e1 bola zalo\u017een\u00e1 v roku 1963 a s\u00eddli v Rang\u00fane. Spolupracuje s medzin\u00e1rodn\u00fdmi s\u0165ahovac\u00edmi slu\u017ebami a prepravcami, ktor\u00ed poskytuj\u00fa svoje slu\u017eby po celom svete. S\u00fa \u010dlenom IAM so 47-ro\u010dnou trad\u00edciou.<\/p>\n<p>Spolo\u010dnos\u0165 Dawood Worldwide Movers pon\u00faka kompletn\u00e9 s\u0165ahovacie slu\u017eby, ktor\u00e9 zah\u0155\u0148aj\u00fa podporu pred s\u0165ahovan\u00edm so slu\u017ebami p\u00f4vodu a slu\u017ebami v mieste ur\u010denia po pr\u00edchode, a m\u00f4\u017ee tie\u017e premiestni\u0165 va\u0161e dom\u00e1ce zvierat\u00e1. Poskytuj\u00fa kompletn\u00e9 baliace slu\u017eby, ktor\u00e9 zah\u0155\u0148aj\u00fa baliace materi\u00e1ly na ochranu va\u0161ich vec\u00ed po\u010das prepravy. Zabezpe\u010dia prepravu va\u0161ich vec\u00ed na miesto ur\u010denia s coln\u00fdm odbaven\u00edm.<\/p>\n<p>Webov\u00e1 lokalita: <a href=\"http:\/\/www.dawoodmovers.com\" target=\"_blank\" rel=\"noopener\">http:\/\/www.dawoodmovers.com<\/a><\/p>\n<h2><span class=\"ez-toc-section\" id=\"2_DNS_Mobility_Ltd\"><\/span><strong>2. DNS Mobility Ltd<\/strong><span class=\"ez-toc-section-end\"><\/span><\/h2>\n<p><img loading=\"lazy\" decoding=\"async\" class=\"alignnone size-full wp-image-8789\" src=\"https:\/\/moverdb.com\/wp-content\/uploads\/DNS-Mobility-Ltd-international-moving-company.png\" alt=\"DNS Mobility Ltd medzin\u00e1rodn\u00e9 s\u0165ahovanie spolo\u010dnos\u0165\" width=\"1440\" height=\"680\" data-wp-pid=\"8789\" srcset=\"https:\/\/moverdb.com\/wp-content\/uploads\/DNS-Mobility-Ltd-international-moving-company.png 1440w, https:\/\/moverdb.com\/wp-content\/uploads\/DNS-Mobility-Ltd-international-moving-company-300x142.png 300w, https:\/\/moverdb.com\/wp-content\/uploads\/DNS-Mobility-Ltd-international-moving-company-1024x484.png 1024w, https:\/\/moverdb.com\/wp-content\/uploads\/DNS-Mobility-Ltd-international-moving-company-18x9.png 18w, https:\/\/moverdb.com\/wp-content\/uploads\/DNS-Mobility-Ltd-international-moving-company-600x283.png 600w\" sizes=\"auto, (max-width: 1440px) 100vw, 1440px\" \/><\/p>\n<ul>\n<li>Vn\u00fatro\u0161t\u00e1tne s\u0165ahovanie<\/li>\n<li>Medzin\u00e1rodn\u00e9 premiestnenia<\/li>\n<li>S\u0165ahovanie dom\u00e1cnost\u00ed<\/li>\n<li>Balenie s kompletn\u00fdmi slu\u017ebami<\/li>\n<li>Baliace zariadenia na mieru<\/li>\n<li>Zabezpe\u010denie prepravy<\/li>\n<li><a href=\"https:\/\/moverdb.com\/sk\/car-transport-shipping\/\" data-internallinksmanager029f6b8e52c=\"2\" title=\"2026 Medzin\u00e1rodn\u00e1 preprava \u00e1ut a cit\u00e1cie prepravy vozidiel\">Preprava vozidiel<\/a><\/li>\n<li>Manipul\u00e1cia s v\u00fdtvarn\u00fdm umen\u00edm<\/li>\n<li>Premiest\u0148ovanie dom\u00e1cich zvierat<\/li>\n<li>Zabezpe\u010den\u00e9 skladovacie priestory<\/li>\n<\/ul>\n<p>DNS Mobility Ltd je medzin\u00e1rodn\u00e1 logistick\u00e1 spolo\u010dnos\u0165 a spolo\u010dnos\u0165 na premiest\u0148ovanie dom\u00e1cich zvierat, ktor\u00e1 bola zalo\u017een\u00e1 v roku 2013 a s\u00eddli v Rang\u00fane. Pri poskytovan\u00ed svojich slu\u017eieb na medzin\u00e1rodnej \u00farovni spolupracuje s viac ako 100 pridru\u017een\u00fdmi a pobo\u010dkami po celom svete. S\u00fa \u010dlenom IAM s 11-ro\u010dnou trad\u00edciou.<\/p>\n<p>Spolo\u010dnos\u0165 DNS Mobility s.r.o. pon\u00faka komplexn\u00e9 s\u0165ahovacie slu\u017eby pre dom\u00e1cnosti, ktor\u00e9 m\u00f4\u017eu poskytn\u00fa\u0165 kompletn\u00fd baliaci servis na ochranu va\u0161ich vec\u00ed po\u010das prepravy, vr\u00e1tane baliaceho vybavenia a prepraviek na mieru. Zabezpe\u010d\u00ed prepravu va\u0161ich vec\u00ed a sledovanie va\u0161ej z\u00e1sielky online. Po pr\u00edchode z\u00e1sielku vybalia a odstr\u00e1nia ne\u010distoty.<\/p>\n<p>Webov\u00e1 lokalita: <a href=\"http:\/\/www.dnsmyanmar.com\" target=\"_blank\" rel=\"noopener\">http:\/\/www.dnsmyanmar.com<\/a><\/p>\n<h2><span class=\"ez-toc-section\" id=\"3_Global_Moving_Storage_Ltd\"><\/span><strong>3. Global Moving &amp; Storage Ltd<\/strong><span class=\"ez-toc-section-end\"><\/span><\/h2>\n<p><img loading=\"lazy\" decoding=\"async\" class=\"alignnone size-full wp-image-8806\" src=\"https:\/\/moverdb.com\/wp-content\/uploads\/Global-Moving-Storage-Ltd-international-moving-company.png\" alt=\"Global Moving &amp; Storage Ltd medzin\u00e1rodn\u00e9 s\u0165ahovanie spolo\u010dnos\u0165\" width=\"1440\" height=\"675\" data-wp-pid=\"8806\" srcset=\"https:\/\/moverdb.com\/wp-content\/uploads\/Global-Moving-Storage-Ltd-international-moving-company.png 1440w, https:\/\/moverdb.com\/wp-content\/uploads\/Global-Moving-Storage-Ltd-international-moving-company-300x141.png 300w, https:\/\/moverdb.com\/wp-content\/uploads\/Global-Moving-Storage-Ltd-international-moving-company-1024x480.png 1024w, https:\/\/moverdb.com\/wp-content\/uploads\/Global-Moving-Storage-Ltd-international-moving-company-18x8.png 18w, https:\/\/moverdb.com\/wp-content\/uploads\/Global-Moving-Storage-Ltd-international-moving-company-600x281.png 600w\" sizes=\"auto, (max-width: 1440px) 100vw, 1440px\" \/><\/p>\n<ul>\n<li>N\u00e1rodn\u00e9 presuny<\/li>\n<li>Medzin\u00e1rodn\u00e9 s\u0165ahovanie<\/li>\n<li>S\u0165ahovanie dom\u00e1cnost\u00ed<\/li>\n<li>S\u0165ahovanie kancel\u00e1ri\u00ed<\/li>\n<li>Baliace slu\u017eby<\/li>\n<li>Usporiadanie prepravy<\/li>\n<li>Coln\u00e9 konanie<\/li>\n<li>Balenie v\u00fdtvarn\u00e9ho umenia<\/li>\n<li>Slu\u017eba s\u0165ahovania dom\u00e1cich zvierat<\/li>\n<li>Skladovacie zariadenia<\/li>\n<\/ul>\n<p>Global Moving &amp; Storage Ltd je celosvetov\u00e1 s\u0165ahovacia a logistick\u00e1 spolo\u010dnos\u0165, ktor\u00e1 m\u00e1 viac ako dve desa\u0165ro\u010dia sk\u00fasenost\u00ed. Je \u010dlenom IAM s 12-ro\u010dnou trad\u00edciou, ktor\u00e1 im poskytuje medzin\u00e1rodn\u00fa sie\u0165 s\u0165ahovac\u00edch agentov, ktor\u00ed im m\u00f4\u017eu pom\u00f4c\u0165 pri poskytovan\u00ed slu\u017eieb po celom svete.<\/p>\n<p>Global Moving &amp; Storage Ltd pon\u00faka slu\u017eby door-to-door, door-to-<a href=\"https:\/\/moverdb.com\/sk\/top-49-container-ports\/\" data-internallinksmanager029f6b8e52c=\"80\" title=\"49 najv\u00e4\u010d\u0161\u00edch a najvy\u0165a\u017eenej\u0161\u00edch kontajnerov\u00fdch pr\u00edstavov v roku 2025\">pr\u00edstav<\/a> alebo slu\u017eby od pr\u00edstavu k dver\u00e1m, ktor\u00e9 zah\u0155\u0148aj\u00fa coln\u00e9 odbavenie a zabezpe\u010denie prepravy. Poskytuj\u00fa baliace slu\u017eby na ochranu va\u0161ich predmetov pri preprave, ktor\u00e9 sp\u013a\u0148aj\u00fa medzin\u00e1rodn\u00e9 normy. Poskytuj\u00fa \u0161pecializovan\u00e9 slu\u017eby pre diplomatov, v\u00fdtvarn\u00e9 umenie a slu\u017eby s\u0165ahovania dom\u00e1cich zvierat.<\/p>\n<p>Webov\u00e1 lokalita: <a href=\"http:\/\/www.globalmovingstorage.com\" target=\"_blank\" rel=\"noopener\">http:\/\/www.globalmovingstorage.com<\/a><\/p>\n<h2><span class=\"ez-toc-section\" id=\"4_Legendary_Myanmar_International_Moving_Logistics_Co_Ltd\"><\/span><strong>4. Legend\u00e1rny Myanmar International Moving &amp; Logistics Co Ltd<\/strong><span class=\"ez-toc-section-end\"><\/span><\/h2>\n<p><img loading=\"lazy\" decoding=\"async\" class=\"alignnone size-full wp-image-8821\" src=\"https:\/\/moverdb.com\/wp-content\/uploads\/Legendary-Myanmar-International-Moving-Logistics-Co-Ltd.png\" alt=\"Legend\u00e1rne Mjanmarsko Medzin\u00e1rodn\u00e9 s\u0165ahovanie &amp; Logistika Co Ltd\" width=\"1440\" height=\"682\" data-wp-pid=\"8821\" srcset=\"https:\/\/moverdb.com\/wp-content\/uploads\/Legendary-Myanmar-International-Moving-Logistics-Co-Ltd.png 1440w, https:\/\/moverdb.com\/wp-content\/uploads\/Legendary-Myanmar-International-Moving-Logistics-Co-Ltd-300x142.png 300w, https:\/\/moverdb.com\/wp-content\/uploads\/Legendary-Myanmar-International-Moving-Logistics-Co-Ltd-1024x485.png 1024w, https:\/\/moverdb.com\/wp-content\/uploads\/Legendary-Myanmar-International-Moving-Logistics-Co-Ltd-18x9.png 18w, https:\/\/moverdb.com\/wp-content\/uploads\/Legendary-Myanmar-International-Moving-Logistics-Co-Ltd-600x284.png 600w\" sizes=\"auto, (max-width: 1440px) 100vw, 1440px\" \/><\/p>\n<ul>\n<li>N\u00e1rodn\u00e9 presuny<\/li>\n<li>Medzin\u00e1rodn\u00e9 s\u0165ahovanie<\/li>\n<li>S\u0165ahovanie dom\u00e1cnost\u00ed<\/li>\n<li>S\u0165ahovanie firiem<\/li>\n<li>Baliace slu\u017eby<\/li>\n<li>Cestn\u00e1, n\u00e1morn\u00e1 a leteck\u00e1 n\u00e1kladn\u00e1 doprava<\/li>\n<li>Podpora dokument\u00e1cie<\/li>\n<li>Preprava automobilov<\/li>\n<li>Premiestnenie dom\u00e1ceho zviera\u0165a<\/li>\n<li>Skladovacie zariadenia<\/li>\n<\/ul>\n<p>Legend\u00e1rny Myanmar International Moving &amp; Logistics Co Ltd (LMSL) je lodn\u00e1 doprava, s\u0165ahovanie a <a href=\"https:\/\/moverdb.com\/sk\/relocation-agents\/\" data-internallinksmanager029f6b8e52c=\"1\" title=\"7 d\u00f4vodov, pre\u010do by ste mali pou\u017ei\u0165 agenta pre premiestnenie?\">agent pre s\u0165ahovanie<\/a> zalo\u017een\u00e1 v roku 2010 s kancel\u00e1riami v Rang\u00fane, Mandalaji a Bagane. Nadviazali celosvetov\u00e9 vz\u0165ahy s prepravn\u00fdmi a s\u0165ahovac\u00edmi agent\u00farami na poskytovanie medzin\u00e1rodn\u00fdch slu\u017eieb a s\u00fa \u010dlenom IAM s 13-ro\u010dnou trad\u00edciou.<\/p>\n<p>Spolo\u010dnos\u0165 LMSL pon\u00faka komplexn\u00e9 s\u0165ahovacie slu\u017eby pre miestne a medzin\u00e1rodn\u00e9 s\u0165ahovanie, ktor\u00e9 zah\u0155\u0148aj\u00fa pomoc s dokument\u00e1ciou. Poskytuj\u00fa baliace slu\u017eby na ochranu va\u0161ich vec\u00ed a zabezpe\u010dia prepravu po ceste, letecky a po mori vr\u00e1tane sprievodnej dokument\u00e1cie, ako je napr\u00edklad coln\u00e9 odbavenie. Pon\u00fakaj\u00fa slu\u017eby s\u00favisiace so s\u0165ahovan\u00edm vr\u00e1tane orient\u00e1cie, vyh\u013ead\u00e1vania domov a \u0161k\u00f4l a rokovan\u00ed o pren\u00e1jme.<\/p>\n<p>Webov\u00e1 lokalita: <a href=\"http:\/\/www.lmsl-shipping.com\" target=\"_blank\" rel=\"noopener\">http:\/\/www.lmsl-shipping.com<\/a><\/p>\n<h2><span class=\"ez-toc-section\" id=\"5_Myanmar_Express_Moving\"><\/span><strong>5. Mjanmarsko Express Moving<\/strong><span class=\"ez-toc-section-end\"><\/span><\/h2>\n<p><img loading=\"lazy\" decoding=\"async\" class=\"alignnone size-full wp-image-8835\" src=\"https:\/\/moverdb.com\/wp-content\/uploads\/Myanmar-Express-Moving-international-moving-company.png\" alt=\"Mjanmarsko Express Moving medzin\u00e1rodn\u00e9 pohybuj\u00face sa spolo\u010dnos\u0165\" width=\"1440\" height=\"677\" data-wp-pid=\"8835\" srcset=\"https:\/\/moverdb.com\/wp-content\/uploads\/Myanmar-Express-Moving-international-moving-company.png 1440w, https:\/\/moverdb.com\/wp-content\/uploads\/Myanmar-Express-Moving-international-moving-company-300x141.png 300w, https:\/\/moverdb.com\/wp-content\/uploads\/Myanmar-Express-Moving-international-moving-company-1024x481.png 1024w, https:\/\/moverdb.com\/wp-content\/uploads\/Myanmar-Express-Moving-international-moving-company-18x8.png 18w, https:\/\/moverdb.com\/wp-content\/uploads\/Myanmar-Express-Moving-international-moving-company-600x282.png 600w\" sizes=\"auto, (max-width: 1440px) 100vw, 1440px\" \/><\/p>\n<ul>\n<li>Miestne s\u0165ahovanie<\/li>\n<li>Medzin\u00e1rodn\u00e9 s\u0165ahovanie<\/li>\n<li>S\u0165ahovanie dom\u00e1cnost\u00ed<\/li>\n<li>Obchodn\u00fd n\u00e1klad<\/li>\n<li>Baliace slu\u017eby<\/li>\n<li>Cestn\u00e1, leteck\u00e1 a n\u00e1morn\u00e1 doprava<\/li>\n<li>Coln\u00e9 konanie<\/li>\n<li>Premiestnenie dom\u00e1ceho zviera\u0165a<\/li>\n<li>Poistenie<\/li>\n<li>Skladovacie zariadenia<\/li>\n<\/ul>\n<p>Myanmar Express Moving je s\u0165ahovacia a baliaca spolo\u010dnos\u0165 s viac ako 57-ro\u010dn\u00fdmi sk\u00fasenos\u0165ami so s\u00eddlom v Rang\u00fane. Na poskytovanie medzin\u00e1rodn\u00fdch slu\u017eieb m\u00e1 medzin\u00e1rodn\u00e9 strategick\u00e9 partnerstv\u00e1 a aliancie po celom svete. S\u00fa \u010dlenom IAM s 29-ro\u010dnou trad\u00edciou.<\/p>\n<p>Spolo\u010dnos\u0165 Myanmar Express Moving pon\u00faka bezplatn\u00fd prieskum na pos\u00fadenie va\u0161ich po\u017eiadaviek na s\u0165ahovanie a vypracovanie cenovej ponuky. Poskytuj\u00fa baliace slu\u017eby, ktor\u00e9 ochr\u00e1nia v\u00e1\u0161 n\u00e1bytok pomocou modern\u00fdch baliacich materi\u00e1lov, ktor\u00e9 s\u00fa na vysokej \u00farovni, po pr\u00edchode vybalia a odstr\u00e1nia v\u0161etky ne\u010distoty. Zabezpe\u010dia prepravu po ceste, letecky a po mori s coln\u00fdm odbaven\u00edm a poisten\u00edm.<\/p>\n<p>Webov\u00e1 lokalita: <a href=\"http:\/\/www.myanmarexpressmoving.com\" target=\"_blank\" rel=\"noopener\">http:\/\/www.myanmarexpressmoving.com<\/a><\/p>\n<h2><span class=\"ez-toc-section\" id=\"6_NMT_Ltd\"><\/span><strong>6. NMT Ltd<\/strong><span class=\"ez-toc-section-end\"><\/span><\/h2>\n<p><img loading=\"lazy\" decoding=\"async\" class=\"alignnone size-full wp-image-8838\" src=\"https:\/\/moverdb.com\/wp-content\/uploads\/NMT-Ltd-international-moving-company.png\" alt=\"NMT Ltd medzin\u00e1rodn\u00e1 s\u0165ahovacia spolo\u010dnos\u0165\" width=\"1440\" height=\"683\" data-wp-pid=\"8838\" srcset=\"https:\/\/moverdb.com\/wp-content\/uploads\/NMT-Ltd-international-moving-company.png 1440w, https:\/\/moverdb.com\/wp-content\/uploads\/NMT-Ltd-international-moving-company-300x142.png 300w, https:\/\/moverdb.com\/wp-content\/uploads\/NMT-Ltd-international-moving-company-1024x486.png 1024w, https:\/\/moverdb.com\/wp-content\/uploads\/NMT-Ltd-international-moving-company-18x9.png 18w, https:\/\/moverdb.com\/wp-content\/uploads\/NMT-Ltd-international-moving-company-600x285.png 600w\" sizes=\"auto, (max-width: 1440px) 100vw, 1440px\" \/><\/p>\n<ul>\n<li>Vn\u00fatro\u0161t\u00e1tne s\u0165ahovanie<\/li>\n<li>Medzin\u00e1rodn\u00e9 s\u0165ahovanie<\/li>\n<li>S\u0165ahovanie dom\u00e1cnost\u00ed<\/li>\n<li>S\u0165ahovanie kancel\u00e1ri\u00ed<\/li>\n<li>Diplomatick\u00fd krok<\/li>\n<li>Baliace slu\u017eby<\/li>\n<li>N\u00e1morn\u00e1 a leteck\u00e1 preprava<\/li>\n<li>Coln\u00e9 sprostredkovanie<\/li>\n<li>Preprava vozidiel<\/li>\n<li>Skladovacie zariadenia<\/li>\n<\/ul>\n<p>NMT Ltd je medzin\u00e1rodn\u00e1 baliaca, prepravn\u00e1, s\u0165ahovacia, logistick\u00e1 a dopravn\u00e1 spolo\u010dnos\u0165 zalo\u017een\u00e1 v roku 1993 so s\u00eddlom v severnom Dagone a Rang\u00fane. Pon\u00faka aj slu\u017eby spojen\u00e9 s ve\u013etrhmi a podujatiami, ktor\u00e9 sa zaoberaj\u00fa prepravou a zostavovan\u00edm. S\u00fa \u010dlenom IAM s 30-ro\u010dnou trad\u00edciou, ktor\u00e1 im umo\u017e\u0148uje pr\u00edstup k medzin\u00e1rodnej sieti s\u0165ahovac\u00edch agentov, v\u010faka ktorej m\u00f4\u017eu pon\u00faka\u0165 svoje slu\u017eby po celom svete.<\/p>\n<p>Spolo\u010dnos\u0165 NMT Ltd zabezpe\u010duje s\u0165ahovanie dom\u00e1cnost\u00ed a kancel\u00e1ri\u00ed v r\u00e1mci Mjanmarska, do Mjanmarska a z Mjanmarska, vr\u00e1tane ve\u013evyslanectiev a diplomatov. Maj\u00fa sk\u00fasen\u00fdch pracovn\u00edkov, ktor\u00ed v\u00e1s podporia po\u010das cel\u00e9ho s\u0165ahovania, vr\u00e1tane sk\u00fasen\u00fdch bali\u010dov, ktor\u00ed bezpe\u010dne zabalia va\u0161e veci a zabezpe\u010dia prepravu n\u00e1mornou alebo leteckou dopravou s coln\u00fdm sprostredkovan\u00edm.<\/p>\n<p>Webov\u00e1 lokalita: <a href=\"http:\/\/www.ntmyanmar.com\" target=\"_blank\" rel=\"noopener\">http:\/\/www.ntmyanmar.com<\/a><\/p>","protected":false},"excerpt":{"rendered":"<p>When you are moving home or business it can be such a stressful time as there is so much to plan and do especially if you are moving to another country. Engaging the services of a moving company can help reduce your stress and take away a lot of those tasks. Below we have compiled [&hellip;]<\/p>\n","protected":false},"author":4,"featured_media":0,"parent":190,"menu_order":0,"comment_status":"closed","ping_status":"closed","template":"","meta":{"_genesis_hide_title":false,"_genesis_hide_breadcrumbs":false,"_genesis_hide_singular_image":false,"_genesis_hide_footer_widgets":false,"_genesis_custom_body_class":"","_genesis_custom_post_class":"","_genesis_layout":"","footnotes":""},"class_list":{"0":"post-8879","1":"page","2":"type-page","3":"status-publish","5":"entry","6":"has-post-thumbnail"},"_links":{"self":[{"href":"https:\/\/moverdb.com\/sk\/wp-json\/wp\/v2\/pages\/8879","targetHints":{"allow":["GET"]}}],"collection":[{"href":"https:\/\/moverdb.com\/sk\/wp-json\/wp\/v2\/pages"}],"about":[{"href":"https:\/\/moverdb.com\/sk\/wp-json\/wp\/v2\/types\/page"}],"author":[{"embeddable":true,"href":"https:\/\/moverdb.com\/sk\/wp-json\/wp\/v2\/users\/4"}],"replies":[{"embeddable":true,"href":"https:\/\/moverdb.com\/sk\/wp-json\/wp\/v2\/comments?post=8879"}],"version-history":[{"count":1,"href":"https:\/\/moverdb.com\/sk\/wp-json\/wp\/v2\/pages\/8879\/revisions"}],"predecessor-version":[{"id":8881,"href":"https:\/\/moverdb.com\/sk\/wp-json\/wp\/v2\/pages\/8879\/revisions\/8881"}],"up":[{"embeddable":true,"href":"https:\/\/moverdb.com\/sk\/wp-json\/wp\/v2\/pages\/190"}],"wp:attachment":[{"href":"https:\/\/moverdb.com\/sk\/wp-json\/wp\/v2\/media?parent=8879"}],"curies":[{"name":"wp","href":"https:\/\/api.w.org\/{rel}","templated":true}]}}