{"id":8441,"date":"2023-04-27T14:41:20","date_gmt":"2023-04-27T14:41:20","guid":{"rendered":"https:\/\/moverdb.com\/?page_id=8441"},"modified":"2026-01-08T15:24:49","modified_gmt":"2026-01-08T15:24:49","slug":"moving-companies-mozambique","status":"publish","type":"page","link":"https:\/\/moverdb.com\/sk\/moving-companies\/moving-companies-mozambique\/","title":{"rendered":"4 Najlep\u0161ie medzin\u00e1rodn\u00e9 s\u0165ahovacie spolo\u010dnosti v Mozambiku"},"content":{"rendered":"<p>Ak sa chyst\u00e1te pres\u0165ahova\u0165 domov alebo firmu, mo\u017eno budete chcie\u0165 vyu\u017ei\u0165 slu\u017eby <a href=\"https:\/\/moverdb.com\/sk\/moving-companies\/\" data-internallinksmanager029f6b8e52c=\"79\" title=\"Top 25 medzin\u00e1rodn\u00fdch s\u0165ahovac\u00edch spolo\u010dnost\u00ed online\">s\u0165ahovacia spolo\u010dnos\u0165<\/a> aby sa t\u00e1to sk\u00fasenos\u0165 stala menej stresuj\u00facou. Ak sa s\u0165ahujete v r\u00e1mci Mozambiku, do Mozambiku alebo z Mozambiku, zostavili sme pre v\u00e1s zoznam <a href=\"https:\/\/moverdb.com\/sk\/international-removals\/\" data-internallinksmanager029f6b8e52c=\"27\" title=\"36 najlep\u0161\u00edch medzin\u00e1rodn\u00fdch s\u0165ahovac\u00edch spolo\u010dnost\u00ed v Spojenom kr\u00e1\u013eovstve\">s\u0165ahovacie spolo\u010dnosti<\/a> ni\u017e\u0161ie, ktor\u00e9 s\u00fa \u010dlenmi <a href=\"https:\/\/moverdb.com\/sk\/iam\/\" data-internallinksmanager029f6b8e52c=\"23\" title=\"Vysvetlenie Medzin\u00e1rodnej asoci\u00e1cie s\u0165ahovate\u013eov (IAM)\">Medzin\u00e1rodn\u00e1 asoci\u00e1cia s\u0165ahovate\u013eov<\/a> (IAM) a\/alebo <a href=\"https:\/\/moverdb.com\/sk\/fidi-faim\/\" data-internallinksmanager029f6b8e52c=\"16\" title=\"Vysvetlenie FIDI a FAIM (FIDI akreditovan\u00fd medzin\u00e1rodn\u00fd prepravca)\">FIDI<\/a> Akreditovan\u00fd medzin\u00e1rodn\u00fd prepravca (FAIM), ktor\u00fd by v\u00e1m mohol pom\u00f4c\u0165 pri s\u0165ahovan\u00ed.<\/p>\n<div id=\"ez-toc-container\" class=\"ez-toc-v2_0_82_2 ez-toc-wrap-left counter-hierarchy ez-toc-counter ez-toc-transparent ez-toc-container-direction\">\n<div class=\"ez-toc-title-container\">\n<p class=\"ez-toc-title\" style=\"cursor:inherit\">Sekcie<\/p>\n<span class=\"ez-toc-title-toggle\"><a href=\"#\" class=\"ez-toc-pull-right ez-toc-btn ez-toc-btn-xs ez-toc-btn-default ez-toc-toggle\" aria-label=\"Prep\u00ednanie tabu\u013eky obsahu\"><span class=\"ez-toc-js-icon-con\"><span class=\"\"><span class=\"eztoc-hide\" style=\"display:none;\">Prep\u00edna\u010d<\/span><span class=\"ez-toc-icon-toggle-span\"><svg style=\"fill: #999;color:#999\" xmlns=\"http:\/\/www.w3.org\/2000\/svg\" class=\"list-377408\" width=\"20px\" height=\"20px\" viewbox=\"0 0 24 24\" fill=\"none\"><path d=\"M6 6H4v2h2V6zm14 0H8v2h12V6zM4 11h2v2H4v-2zm16 0H8v2h12v-2zM4 16h2v2H4v-2zm16 0H8v2h12v-2z\" fill=\"currentColor\"><\/path><\/svg><svg style=\"fill: #999;color:#999\" class=\"arrow-unsorted-368013\" xmlns=\"http:\/\/www.w3.org\/2000\/svg\" width=\"10px\" height=\"10px\" viewbox=\"0 0 24 24\" version=\"1.2\" baseprofile=\"tiny\"><path d=\"M18.2 9.3l-6.2-6.3-6.2 6.3c-.2.2-.3.4-.3.7s.1.5.3.7c.2.2.4.3.7.3h11c.3 0 .5-.1.7-.3.2-.2.3-.5.3-.7s-.1-.5-.3-.7zM5.8 14.7l6.2 6.3 6.2-6.3c.2-.2.3-.5.3-.7s-.1-.5-.3-.7c-.2-.2-.4-.3-.7-.3h-11c-.3 0-.5.1-.7.3-.2.2-.3.5-.3.7s.1.5.3.7z\"\/><\/svg><\/span><\/span><\/span><\/a><\/span><\/div>\n<nav><ul class='ez-toc-list ez-toc-list-level-1 eztoc-toggle-hide-by-default' ><li class='ez-toc-page-1 ez-toc-heading-level-2'><a class=\"ez-toc-link ez-toc-heading-1\" href=\"https:\/\/moverdb.com\/sk\/moving-companies\/moving-companies-mozambique\/#1_CityMover\" >1. CityMover<\/a><\/li><li class='ez-toc-page-1 ez-toc-heading-level-2'><a class=\"ez-toc-link ez-toc-heading-2\" href=\"https:\/\/moverdb.com\/sk\/moving-companies\/moving-companies-mozambique\/#2_CTZ_Logistics\" >2. CTZ Logistics<\/a><\/li><li class='ez-toc-page-1 ez-toc-heading-level-2'><a class=\"ez-toc-link ez-toc-heading-3\" href=\"https:\/\/moverdb.com\/sk\/moving-companies\/moving-companies-mozambique\/#3_Ingar\" >3. Ingar<\/a><\/li><li class='ez-toc-page-1 ez-toc-heading-level-2'><a class=\"ez-toc-link ez-toc-heading-4\" href=\"https:\/\/moverdb.com\/sk\/moving-companies\/moving-companies-mozambique\/#4_TL\" >4. TL<\/a><\/li><\/ul><\/nav><\/div>\n<h2><span class=\"ez-toc-section\" id=\"1_CityMover\"><\/span><strong>1. CityMover<\/strong><span class=\"ez-toc-section-end\"><\/span><\/h2>\n<p><img loading=\"lazy\" decoding=\"async\" class=\"alignnone size-full wp-image-8298\" src=\"https:\/\/moverdb.com\/wp-content\/uploads\/CityMover-international-moving-company.png\" alt=\"CityMover medzin\u00e1rodn\u00e9 s\u0165ahovanie spolo\u010dnos\u0165\" width=\"1440\" height=\"681\" data-wp-pid=\"8298\" srcset=\"https:\/\/moverdb.com\/wp-content\/uploads\/CityMover-international-moving-company.png 1440w, https:\/\/moverdb.com\/wp-content\/uploads\/CityMover-international-moving-company-300x142.png 300w, https:\/\/moverdb.com\/wp-content\/uploads\/CityMover-international-moving-company-1024x484.png 1024w, https:\/\/moverdb.com\/wp-content\/uploads\/CityMover-international-moving-company-18x9.png 18w, https:\/\/moverdb.com\/wp-content\/uploads\/CityMover-international-moving-company-600x284.png 600w\" sizes=\"auto, (max-width: 1440px) 100vw, 1440px\" \/><\/p>\n<ul>\n<li>N\u00e1rodn\u00e9 presuny<\/li>\n<li>Medzin\u00e1rodn\u00e9 s\u0165ahovanie<\/li>\n<li>S\u0165ahovanie dom\u00e1cnost\u00ed<\/li>\n<li>S\u0165ahovanie kancel\u00e1ri\u00ed<\/li>\n<li>Manipul\u00e1cia so zariadeniami IT<\/li>\n<li>Baliace slu\u017eby<\/li>\n<li>Cestn\u00e1, n\u00e1morn\u00e1 a leteck\u00e1 doprava<\/li>\n<li>Coln\u00e9 formality<\/li>\n<li>Poistenie<\/li>\n<li>Skladovacie zariadenia<\/li>\n<\/ul>\n<p>CityMover je s\u0165ahovacia a logistick\u00e1 spolo\u010dnos\u0165, ktor\u00e1 bola zalo\u017een\u00e1 v roku 2011 a s\u00eddli v Mapute. M\u00e1 partnerov, s ktor\u00fdmi spolupracuje na v\u0161etk\u00fdch kontinentoch, aby v\u00e1m pomohla pres\u0165ahova\u0165 sa kdeko\u013evek na svete. S\u00fa \u010dlenom IAM s 13-ro\u010dnou trad\u00edciou.<\/p>\n<p>Spolo\u010dnos\u0165 CityMover v\u00e1m bude pom\u00e1ha\u0165 pri s\u0165ahovan\u00ed na ka\u017edom kroku a poskytuje poisten\u00e9 slu\u017eby. Poskytuj\u00fa baliace slu\u017eby, ktor\u00e9 ochr\u00e1nia va\u0161e veci po\u010das prepravy, a pou\u017eit\u00e9 materi\u00e1ly sa l\u00ed\u0161ia v z\u00e1vislosti od sp\u00f4sobu prepravy a balen\u00fdch vec\u00ed. Pom\u00f4\u017eu v\u00e1m aj s demont\u00e1\u017eou a mont\u00e1\u017eou n\u00e1bytku.<\/p>\n<p>Webov\u00e1 lokalita: <a href=\"http:\/\/www.citymover.co.mz\" target=\"_blank\" rel=\"noopener\">http:\/\/www.citymover.co.mz<\/a><\/p>\n<h2><span class=\"ez-toc-section\" id=\"2_CTZ_Logistics\"><\/span><strong>2. CTZ Logistics<\/strong><span class=\"ez-toc-section-end\"><\/span><\/h2>\n<p><img loading=\"lazy\" decoding=\"async\" class=\"alignnone size-full wp-image-8444\" src=\"https:\/\/moverdb.com\/wp-content\/uploads\/CTZ-Logistics-international-moving-company.png\" alt=\"CTZ Logistics medzin\u00e1rodn\u00e1 s\u0165ahovacia spolo\u010dnos\u0165\" width=\"1440\" height=\"681\" data-wp-pid=\"8444\" srcset=\"https:\/\/moverdb.com\/wp-content\/uploads\/CTZ-Logistics-international-moving-company.png 1440w, https:\/\/moverdb.com\/wp-content\/uploads\/CTZ-Logistics-international-moving-company-300x142.png 300w, https:\/\/moverdb.com\/wp-content\/uploads\/CTZ-Logistics-international-moving-company-1024x484.png 1024w, https:\/\/moverdb.com\/wp-content\/uploads\/CTZ-Logistics-international-moving-company-18x9.png 18w, https:\/\/moverdb.com\/wp-content\/uploads\/CTZ-Logistics-international-moving-company-600x284.png 600w\" sizes=\"auto, (max-width: 1440px) 100vw, 1440px\" \/><\/p>\n<ul>\n<li>N\u00e1rodn\u00e9 presuny<\/li>\n<li>Medzin\u00e1rodn\u00e9 s\u0165ahovanie<\/li>\n<li>S\u0165ahovanie do obytn\u00fdch priestorov<\/li>\n<li>S\u0165ahovanie kancel\u00e1ri\u00ed<\/li>\n<li>Baliace slu\u017eby<\/li>\n<li>Mo\u017enosti balenia<\/li>\n<li>Cestn\u00e1, n\u00e1morn\u00e1 a leteck\u00e1 n\u00e1kladn\u00e1 doprava<\/li>\n<li>Coln\u00e9 konanie<\/li>\n<li>Poistenie<\/li>\n<li>Bezpe\u010dn\u00e9 ukladanie<\/li>\n<\/ul>\n<p>CTZ Logistics je spolo\u010dnos\u0165 poskytuj\u00faca komplexn\u00e9 slu\u017eby v oblasti premiest\u0148ovania a logistiky, ktor\u00e1 bola zalo\u017een\u00e1 v roku 2007 a m\u00e1 pobo\u010dky v celej Afrike vr\u00e1tane \u00fastredia v Mapute v Mozambiku. Pri poskytovan\u00ed svojich slu\u017eieb spolupracuje s odosielate\u013emi, dopravcami a medzin\u00e1rodn\u00fdmi s\u0165ahovac\u00edmi agentmi po celom svete. Je \u010dlenom IAM s 12-ro\u010dnou trad\u00edciou.<\/p>\n<p>Spolo\u010dnos\u0165 CTZ Logistics pon\u00faka preds\u0165ahovac\u00ed prieskum na pos\u00fadenie objemu a potrieb balenia pri s\u0165ahovan\u00ed. Poskytuj\u00fa kvalifikovan\u00fdch a sk\u00fasen\u00fdch bali\u010dov, ktor\u00ed ochr\u00e1nia va\u0161e veci t\u00fdm, \u017ee ich zabalia, zabalia a zabalia do krab\u00edc. Pon\u00fakaj\u00fa cestn\u00fa, n\u00e1morn\u00fa a leteck\u00fa prepravu do destin\u00e1ci\u00ed po celom svete s coln\u00fdm odbaven\u00edm.<\/p>\n<p>Webov\u00e1 lokalita: <a href=\"http:\/\/www.ctzlogistics.com\" target=\"_blank\" rel=\"noopener\">http:\/\/www.ctzlogistics.com<\/a><\/p>\n<h2><span class=\"ez-toc-section\" id=\"3_Ingar\"><\/span><strong>3. Ingar<\/strong><span class=\"ez-toc-section-end\"><\/span><\/h2>\n<p><img loading=\"lazy\" decoding=\"async\" class=\"alignnone size-full wp-image-8443\" src=\"https:\/\/moverdb.com\/wp-content\/uploads\/Ingar-international-moving-company.png\" alt=\"Ingar medzin\u00e1rodn\u00e9 s\u0165ahovanie spolo\u010dnos\u0165\" width=\"1440\" height=\"678\" data-wp-pid=\"8443\" srcset=\"https:\/\/moverdb.com\/wp-content\/uploads\/Ingar-international-moving-company.png 1440w, https:\/\/moverdb.com\/wp-content\/uploads\/Ingar-international-moving-company-300x141.png 300w, https:\/\/moverdb.com\/wp-content\/uploads\/Ingar-international-moving-company-1024x482.png 1024w, https:\/\/moverdb.com\/wp-content\/uploads\/Ingar-international-moving-company-18x8.png 18w, https:\/\/moverdb.com\/wp-content\/uploads\/Ingar-international-moving-company-600x283.png 600w\" sizes=\"auto, (max-width: 1440px) 100vw, 1440px\" \/><\/p>\n<ul>\n<li>N\u00e1rodn\u00e9 presuny<\/li>\n<li>Medzin\u00e1rodn\u00e9 s\u0165ahovanie<\/li>\n<li>S\u0165ahovanie dom\u00e1cnost\u00ed<\/li>\n<li>Slu\u017eba od dver\u00ed k dver\u00e1m<\/li>\n<li>Profesion\u00e1lne balenie<\/li>\n<li>Slu\u017eby spojen\u00e9 s balen\u00edm<\/li>\n<li>Cestn\u00e1, \u017eelezni\u010dn\u00e1, leteck\u00e1 a n\u00e1morn\u00e1 n\u00e1kladn\u00e1 doprava<\/li>\n<li>Coln\u00e9 konanie<\/li>\n<li>Sledovanie vozidiel<\/li>\n<li>Bezpe\u010dn\u00e9 ukladanie<\/li>\n<\/ul>\n<p>Ingar je \u0161pecializovan\u00e1 spolo\u010dnos\u0165 na balenie a s\u0165ahovanie zalo\u017een\u00e1 v roku 1984 v Mapute. Je \u010dlenom IAM s 39-ro\u010dnou trad\u00edciou, \u010do jej umo\u017e\u0148uje pr\u00edstup k medzin\u00e1rodnej sieti s\u0165ahovac\u00edch agentov, ktor\u00ed poskytuj\u00fa slu\u017eby po celom svete.<\/p>\n<p>Spolo\u010dnos\u0165 Ingar pon\u00faka s\u0165ahovacie slu\u017eby od dver\u00ed k dver\u00e1m, ktor\u00e9 za\u010d\u00ednaj\u00fa preds\u0165ahovacou prehliadkou, pri ktorej sa pos\u00fadia va\u0161e po\u017eiadavky a vypracuje cenov\u00e1 ponuka. Zabezpe\u010d\u00ed prepravu v\u00e1\u0161ho tovaru cestnou, \u017eelezni\u010dnou, n\u00e1mornou alebo leteckou dopravou v z\u00e1vislosti od va\u0161ich potrieb a pom\u00f4\u017ee v\u00e1m s coln\u00fdm odbaven\u00edm. Po\u010das prepravy bude v\u00e1\u0161 tovar sledovan\u00fd a vy budete informovan\u00ed o predpokladanom \u010dase pr\u00edchodu.<\/p>\n<p>Webov\u00e1 lokalita: <a href=\"https:\/\/www.ingarmozambique.com\" target=\"_blank\" rel=\"noopener\">https:\/\/www.ingarmozambique.com<\/a><\/p>\n<h2><span class=\"ez-toc-section\" id=\"4_TL\"><\/span><strong>4. TL<\/strong><span class=\"ez-toc-section-end\"><\/span><\/h2>\n<p><img loading=\"lazy\" decoding=\"async\" class=\"alignnone size-full wp-image-8442\" src=\"https:\/\/moverdb.com\/wp-content\/uploads\/TL-international-moving-company.png\" alt=\"\" width=\"1440\" height=\"682\" data-wp-pid=\"8442\" srcset=\"https:\/\/moverdb.com\/wp-content\/uploads\/TL-international-moving-company.png 1440w, https:\/\/moverdb.com\/wp-content\/uploads\/TL-international-moving-company-300x142.png 300w, https:\/\/moverdb.com\/wp-content\/uploads\/TL-international-moving-company-1024x485.png 1024w, https:\/\/moverdb.com\/wp-content\/uploads\/TL-international-moving-company-18x9.png 18w, https:\/\/moverdb.com\/wp-content\/uploads\/TL-international-moving-company-600x284.png 600w\" sizes=\"auto, (max-width: 1440px) 100vw, 1440px\" \/><\/p>\n<ul>\n<li>N\u00e1rodn\u00e9 presuny<\/li>\n<li>Medzin\u00e1rodn\u00e9 s\u0165ahovanie<\/li>\n<li>S\u0165ahovanie dom\u00e1cnost\u00ed<\/li>\n<li>S\u0165ahovanie firiem<\/li>\n<li>Slu\u017eba od dver\u00ed k dver\u00e1m<\/li>\n<li>Baliace slu\u017eby<\/li>\n<li>Cestn\u00e1, n\u00e1morn\u00e1 a leteck\u00e1 doprava<\/li>\n<li>Manipul\u00e1cia s umeleck\u00fdmi dielami<\/li>\n<li>Poistenie<\/li>\n<li>Skladovacie zariadenia<\/li>\n<\/ul>\n<p>TL je s\u0165ahovacia a logistick\u00e1 spolo\u010dnos\u0165, ktor\u00e1 p\u00f4sob\u00ed od roku 1998 a s\u00eddli v Mapute.<\/p>\n<p>Pri poskytovan\u00ed slu\u017eieb mimo Mozambiku spolupracuj\u00fa s medzin\u00e1rodn\u00fdmi s\u0165ahovac\u00edmi agent\u00farami. S\u00fa \u010dlenom IAM s 25-ro\u010dnou trad\u00edciou.<\/p>\n<p>TL pon\u00faka s\u0165ahovacie slu\u017eby od dver\u00ed k dver\u00e1m pre dom\u00e1cnosti a firmy v r\u00e1mci Mozambiku, do Mozambiku a z Mozambiku. Poskytuj\u00fa baliace slu\u017eby, pri ktor\u00fdch pou\u017e\u00edvaj\u00fa \u0161pecializovan\u00e9 baliace zariadenia a materi\u00e1ly, ako aj demont\u00e1\u017e a mont\u00e1\u017e n\u00e1bytku. Zabezpe\u010d\u00ed prepravu po ceste, letecky alebo po mori s pou\u017eit\u00edm kontajnerov, vr\u00e1tane expresn\u00fdch prepravn\u00fdch slu\u017eieb.<\/p>\n<p>Webov\u00e1 lokalita: <a href=\"http:\/\/www.tl.co.mz\" target=\"_blank\" rel=\"noopener\">http:\/\/www.tl.co.mz<\/a><\/p>","protected":false},"excerpt":{"rendered":"<p>If you are planning on moving home or business you might want to employ the services of a moving company to make the experience less stressful. If you are moving within, to or from Mozambique, we have compiled a list of Mozambique based removal companies below that are members of the International Association of Movers [&hellip;]<\/p>\n","protected":false},"author":4,"featured_media":0,"parent":190,"menu_order":0,"comment_status":"closed","ping_status":"closed","template":"","meta":{"_genesis_hide_title":false,"_genesis_hide_breadcrumbs":false,"_genesis_hide_singular_image":false,"_genesis_hide_footer_widgets":false,"_genesis_custom_body_class":"","_genesis_custom_post_class":"","_genesis_layout":"","footnotes":""},"class_list":{"0":"post-8441","1":"page","2":"type-page","3":"status-publish","5":"entry","6":"has-post-thumbnail"},"_links":{"self":[{"href":"https:\/\/moverdb.com\/sk\/wp-json\/wp\/v2\/pages\/8441","targetHints":{"allow":["GET"]}}],"collection":[{"href":"https:\/\/moverdb.com\/sk\/wp-json\/wp\/v2\/pages"}],"about":[{"href":"https:\/\/moverdb.com\/sk\/wp-json\/wp\/v2\/types\/page"}],"author":[{"embeddable":true,"href":"https:\/\/moverdb.com\/sk\/wp-json\/wp\/v2\/users\/4"}],"replies":[{"embeddable":true,"href":"https:\/\/moverdb.com\/sk\/wp-json\/wp\/v2\/comments?post=8441"}],"version-history":[{"count":1,"href":"https:\/\/moverdb.com\/sk\/wp-json\/wp\/v2\/pages\/8441\/revisions"}],"predecessor-version":[{"id":8445,"href":"https:\/\/moverdb.com\/sk\/wp-json\/wp\/v2\/pages\/8441\/revisions\/8445"}],"up":[{"embeddable":true,"href":"https:\/\/moverdb.com\/sk\/wp-json\/wp\/v2\/pages\/190"}],"wp:attachment":[{"href":"https:\/\/moverdb.com\/sk\/wp-json\/wp\/v2\/media?parent=8441"}],"curies":[{"name":"wp","href":"https:\/\/api.w.org\/{rel}","templated":true}]}}