{"id":8434,"date":"2023-04-27T14:43:29","date_gmt":"2023-04-27T14:43:29","guid":{"rendered":"https:\/\/moverdb.com\/?page_id=8434"},"modified":"2026-01-08T15:23:49","modified_gmt":"2026-01-08T15:23:49","slug":"moving-companies-mongolia","status":"publish","type":"page","link":"https:\/\/moverdb.com\/sk\/moving-companies\/moving-companies-mongolia\/","title":{"rendered":"2 Najlep\u0161ie medzin\u00e1rodn\u00e9 s\u0165ahovacie spolo\u010dnosti v Mongolsku"},"content":{"rendered":"<p>S\u0165ahovanie m\u00f4\u017ee by\u0165 stresuj\u00face, najm\u00e4 ak sa s\u0165ahujete do inej krajiny. Ak sa s\u0165ahujete v r\u00e1mci Mongolska, do Mongolska alebo z Mongolska, mo\u017eno budete chcie\u0165 vyu\u017ei\u0165 slu\u017eby <a href=\"https:\/\/moverdb.com\/sk\/moving-companies\/\" data-internallinksmanager029f6b8e52c=\"79\" title=\"Top 25 medzin\u00e1rodn\u00fdch s\u0165ahovac\u00edch spolo\u010dnost\u00ed online\">s\u0165ahovacia spolo\u010dnos\u0165<\/a> aby v\u00e1m u\u013eah\u010dili \u017eivot. Ni\u017e\u0161ie sme zostavili zoznam mongolsk\u00fdch <a href=\"https:\/\/moverdb.com\/sk\/international-removals\/\" data-internallinksmanager029f6b8e52c=\"27\" title=\"36 najlep\u0161\u00edch medzin\u00e1rodn\u00fdch s\u0165ahovac\u00edch spolo\u010dnost\u00ed v Spojenom kr\u00e1\u013eovstve\">s\u0165ahovacie spolo\u010dnosti<\/a> ktor\u00e9 s\u00fa \u010dlenmi <a href=\"https:\/\/moverdb.com\/sk\/iam\/\" data-internallinksmanager029f6b8e52c=\"23\" title=\"Vysvetlenie Medzin\u00e1rodnej asoci\u00e1cie s\u0165ahovate\u013eov (IAM)\">Medzin\u00e1rodn\u00e1 asoci\u00e1cia s\u0165ahovate\u013eov<\/a> (IAM) a\/alebo <a href=\"https:\/\/moverdb.com\/sk\/fidi-faim\/\" data-internallinksmanager029f6b8e52c=\"16\" title=\"Vysvetlenie FIDI a FAIM (FIDI akreditovan\u00fd medzin\u00e1rodn\u00fd prepravca)\">FIDI<\/a> Akreditovan\u00fd medzin\u00e1rodn\u00fd prepravca (FAIM), ktor\u00fd by v\u00e1m mohol pom\u00f4c\u0165 pri s\u0165ahovan\u00ed.<\/p>\n<h2><strong>1. Logistika Nice Move<\/strong><\/h2>\n<p><img loading=\"lazy\" decoding=\"async\" class=\"alignnone size-full wp-image-8349\" src=\"https:\/\/moverdb.com\/wp-content\/uploads\/Nice-Move-Logistics-international-moving-company.png\" alt=\"Nice Move Logistics medzin\u00e1rodn\u00e9 s\u0165ahovanie spolo\u010dnos\u0165\" width=\"1440\" height=\"670\" data-wp-pid=\"8349\" srcset=\"https:\/\/moverdb.com\/wp-content\/uploads\/Nice-Move-Logistics-international-moving-company.png 1440w, https:\/\/moverdb.com\/wp-content\/uploads\/Nice-Move-Logistics-international-moving-company-300x140.png 300w, https:\/\/moverdb.com\/wp-content\/uploads\/Nice-Move-Logistics-international-moving-company-1024x476.png 1024w, https:\/\/moverdb.com\/wp-content\/uploads\/Nice-Move-Logistics-international-moving-company-18x8.png 18w, https:\/\/moverdb.com\/wp-content\/uploads\/Nice-Move-Logistics-international-moving-company-600x279.png 600w\" sizes=\"auto, (max-width: 1440px) 100vw, 1440px\" \/><\/p>\n<ul>\n<li>Miestne a vn\u00fatro\u0161t\u00e1tne s\u0165ahovanie<\/li>\n<li>Medzin\u00e1rodn\u00e9 s\u0165ahovanie<\/li>\n<li>S\u0165ahovanie dom\u00e1cnost\u00ed<\/li>\n<li>S\u0165ahovanie kancel\u00e1ri\u00ed<\/li>\n<li>Profesion\u00e1lne baliace slu\u017eby<\/li>\n<li>N\u00e1morn\u00e9 a leteck\u00e9 z\u00e1sielky<\/li>\n<li>Coln\u00e9 konanie<\/li>\n<li>Premiest\u0148ovanie dom\u00e1cich zvierat<\/li>\n<li>Automobilov\u00e1 doprava<\/li>\n<li>Skladovacie zariadenia<\/li>\n<\/ul>\n<p>Nice Move Logistics je s\u0165ahovacia a premiest\u0148ovacia spolo\u010dnos\u0165, ktor\u00e1 bola zalo\u017een\u00e1 v roku 2021 a s\u00eddli v Ul\u00e1nb\u00e1tare. Je \u010dlenom IAM s dvojro\u010dnou praxou, ktor\u00e1 im umo\u017e\u0148uje pr\u00edstup k medzin\u00e1rodnej sieti s\u0165ahovac\u00edch agentov, \u010do im pom\u00e1ha poskytova\u0165 slu\u017eby po celom svete.<\/p>\n<p>Nice Move Logistics pon\u00faka s\u0165ahovacie slu\u017eby v r\u00e1mci Mongolska, do Mongolska a z Mongolska pre dom\u00e1cnosti a kancel\u00e1rie. Pon\u00fakaj\u00fa profesion\u00e1lne baliace slu\u017eby, ktor\u00e9 pom\u00f4\u017eu ochr\u00e1ni\u0165 va\u0161e veci pri preprave, a zabezpe\u010dia prepravu po mori alebo letecky s coln\u00fdm odbaven\u00edm. Pon\u00fakaj\u00fa aj \u010fal\u0161ie slu\u017eby vr\u00e1tane s\u0165ahovania dom\u00e1cich zvierat, manipul\u00e1cie s autami a skladovania.<\/p>\n<p>Webov\u00e1 lokalita: <a href=\"http:\/\/www.nicelogistics.mn\" target=\"_blank\" rel=\"noopener\">http:\/\/www.nicelogistics.mn<\/a><\/p>\n<h2><strong>2. Monex Mongolian Express<\/strong><\/h2>\n<p><img loading=\"lazy\" decoding=\"async\" class=\"alignnone size-full wp-image-8342\" src=\"https:\/\/moverdb.com\/wp-content\/uploads\/Monex-Mongolian-Express-international-moving-company.png\" alt=\"Monex Mongolsk\u00fd Express medzin\u00e1rodn\u00e9 s\u0165ahovanie spolo\u010dnos\u0165\" width=\"1440\" height=\"637\" data-wp-pid=\"8342\" srcset=\"https:\/\/moverdb.com\/wp-content\/uploads\/Monex-Mongolian-Express-international-moving-company.png 1440w, https:\/\/moverdb.com\/wp-content\/uploads\/Monex-Mongolian-Express-international-moving-company-300x133.png 300w, https:\/\/moverdb.com\/wp-content\/uploads\/Monex-Mongolian-Express-international-moving-company-1024x453.png 1024w, https:\/\/moverdb.com\/wp-content\/uploads\/Monex-Mongolian-Express-international-moving-company-18x8.png 18w, https:\/\/moverdb.com\/wp-content\/uploads\/Monex-Mongolian-Express-international-moving-company-600x265.png 600w\" sizes=\"auto, (max-width: 1440px) 100vw, 1440px\" \/><\/p>\n<ul>\n<li>N\u00e1rodn\u00e9 presuny<\/li>\n<li>Medzin\u00e1rodn\u00e9 s\u0165ahovanie<\/li>\n<li>S\u0165ahovanie dom\u00e1cnost\u00ed<\/li>\n<li>Obchodn\u00e9 z\u00e1sielky<\/li>\n<li>Organiz\u00e1cia z\u00e1sielok<\/li>\n<li><a href=\"https:\/\/moverdb.com\/sk\/container-shipping\/\" data-internallinksmanager029f6b8e52c=\"3\" title=\"Graf sadzieb medzin\u00e1rodnej kontajnerovej prepravy: Apr\u00edl 2026\">Kontajnerov\u00e1 doprava<\/a><\/li>\n<li>Baliace slu\u017eby<\/li>\n<li>Cestn\u00e1, \u017eelezni\u010dn\u00e1, n\u00e1morn\u00e1 a leteck\u00e1 doprava<\/li>\n<li>Coln\u00e9 konanie<\/li>\n<li>Skladovacie zariadenia<\/li>\n<\/ul>\n<p>Monex Mongolian Express je dopravn\u00e1 a logistick\u00e1 spolo\u010dnos\u0165 zalo\u017een\u00e1 v roku 1999 so s\u00eddlom v Ul\u00e1nb\u00e1tare. Je \u010dlenom IAM s 24-ro\u010dnou trad\u00edciou, ktor\u00e1 im poskytuje medzin\u00e1rodn\u00fa sie\u0165 s\u0165ahovac\u00edch agentov, ktor\u00ed im pom\u00e1haj\u00fa poskytova\u0165 slu\u017eby po celom svete.<\/p>\n<p>Spolo\u010dnos\u0165 Monex Mongolian Express poskytuje prepravn\u00e9 slu\u017eby, ktor\u00e9 zah\u0155\u0148aj\u00fa medzin\u00e1rodn\u00e9 s\u0165ahovanie a doru\u010dovanie. Zabezpe\u010d\u00ed prepravu va\u0161ich vec\u00ed cestnou, \u017eelezni\u010dnou, n\u00e1mornou alebo leteckou dopravou a pom\u00f4\u017ee v\u00e1m s coln\u00fdm odbaven\u00edm. Na prepravu v\u00e1\u0161ho tovaru pon\u00fakaj\u00fa 20- a 40-metrov\u00e9 kontajnery, ako aj cel\u00fd rad vozidiel r\u00f4znych ve\u013ekost\u00ed.<\/p>\n<p>Webov\u00e1 lokalita: <a href=\"http:\/\/www.monex.mn\" target=\"_blank\" rel=\"noopener\">http:\/\/www.monex.mn<\/a><\/p>","protected":false},"excerpt":{"rendered":"<p>Moving can be a stressful time especially if you are moving countries. If you are moving within, to or from Mongolia you may want to engage the services of a moving company to make your life easier. Below we have compiled a list of Mongolian removal companies that are members of the International Association of [&hellip;]<\/p>\n","protected":false},"author":4,"featured_media":0,"parent":190,"menu_order":0,"comment_status":"closed","ping_status":"closed","template":"","meta":{"_genesis_hide_title":false,"_genesis_hide_breadcrumbs":false,"_genesis_hide_singular_image":false,"_genesis_hide_footer_widgets":false,"_genesis_custom_body_class":"","_genesis_custom_post_class":"","_genesis_layout":"","footnotes":""},"class_list":{"0":"post-8434","1":"page","2":"type-page","3":"status-publish","5":"entry","6":"has-post-thumbnail"},"_links":{"self":[{"href":"https:\/\/moverdb.com\/sk\/wp-json\/wp\/v2\/pages\/8434","targetHints":{"allow":["GET"]}}],"collection":[{"href":"https:\/\/moverdb.com\/sk\/wp-json\/wp\/v2\/pages"}],"about":[{"href":"https:\/\/moverdb.com\/sk\/wp-json\/wp\/v2\/types\/page"}],"author":[{"embeddable":true,"href":"https:\/\/moverdb.com\/sk\/wp-json\/wp\/v2\/users\/4"}],"replies":[{"embeddable":true,"href":"https:\/\/moverdb.com\/sk\/wp-json\/wp\/v2\/comments?post=8434"}],"version-history":[{"count":1,"href":"https:\/\/moverdb.com\/sk\/wp-json\/wp\/v2\/pages\/8434\/revisions"}],"predecessor-version":[{"id":8435,"href":"https:\/\/moverdb.com\/sk\/wp-json\/wp\/v2\/pages\/8434\/revisions\/8435"}],"up":[{"embeddable":true,"href":"https:\/\/moverdb.com\/sk\/wp-json\/wp\/v2\/pages\/190"}],"wp:attachment":[{"href":"https:\/\/moverdb.com\/sk\/wp-json\/wp\/v2\/media?parent=8434"}],"curies":[{"name":"wp","href":"https:\/\/api.w.org\/{rel}","templated":true}]}}