{"id":8432,"date":"2023-04-27T14:44:07","date_gmt":"2023-04-27T14:44:07","guid":{"rendered":"https:\/\/moverdb.com\/?page_id=8432"},"modified":"2026-01-08T15:30:08","modified_gmt":"2026-01-08T15:30:08","slug":"moving-companies-moldova","status":"publish","type":"page","link":"https:\/\/moverdb.com\/sk\/moving-companies\/moving-companies-moldova\/","title":{"rendered":"Najlep\u0161ie medzin\u00e1rodn\u00e9 s\u0165ahovacie spolo\u010dnosti v Moldavsku"},"content":{"rendered":"<p>Ak sa chyst\u00e1te pres\u0165ahova\u0165 domov alebo firmu v r\u00e1mci Moldavska, do Moldavska alebo z Moldavska, mo\u017eno by ste mali zv\u00e1\u017ei\u0165 zamestnanie <a href=\"https:\/\/moverdb.com\/sk\/moving-companies\/\" data-internallinksmanager029f6b8e52c=\"79\" title=\"Top 25 medzin\u00e1rodn\u00fdch s\u0165ahovac\u00edch spolo\u010dnost\u00ed online\">s\u0165ahovacia spolo\u010dnos\u0165<\/a> u\u013eah\u010di\u0165 s\u0165ahovanie. Ni\u017e\u0161ie sme zostavili zoznam firiem so s\u00eddlom v Moldavsku <a href=\"https:\/\/moverdb.com\/sk\/international-removals\/\" data-internallinksmanager029f6b8e52c=\"27\" title=\"36 najlep\u0161\u00edch medzin\u00e1rodn\u00fdch s\u0165ahovac\u00edch spolo\u010dnost\u00ed v Spojenom kr\u00e1\u013eovstve\">s\u0165ahovacie spolo\u010dnosti<\/a> ktor\u00e9 s\u00fa \u010dlenmi <a href=\"https:\/\/moverdb.com\/sk\/iam\/\" data-internallinksmanager029f6b8e52c=\"23\" title=\"Vysvetlenie Medzin\u00e1rodnej asoci\u00e1cie s\u0165ahovate\u013eov (IAM)\">Medzin\u00e1rodn\u00e1 asoci\u00e1cia s\u0165ahovate\u013eov<\/a> (IAM) a\/alebo <a href=\"https:\/\/moverdb.com\/sk\/fidi-faim\/\" data-internallinksmanager029f6b8e52c=\"16\" title=\"Vysvetlenie FIDI a FAIM (FIDI akreditovan\u00fd medzin\u00e1rodn\u00fd prepravca)\">FIDI<\/a> Akreditovan\u00fd medzin\u00e1rodn\u00fd prepravca (FAIM), ktor\u00fd by v\u00e1m mohol pom\u00f4c\u0165 pri s\u0165ahovan\u00ed.<\/p>\n<h2><strong>Moldavsk\u00ed s\u0165ahov\u00e1ci<\/strong><\/h2>\n<p><img loading=\"lazy\" decoding=\"async\" class=\"alignnone size-full wp-image-8341\" src=\"https:\/\/moverdb.com\/wp-content\/uploads\/Moldovan-Movers-international-moving-company.png\" alt=\"Moldavsk\u00fd Movers medzin\u00e1rodn\u00e9 s\u0165ahovanie spolo\u010dnos\u0165\" width=\"1440\" height=\"682\" data-wp-pid=\"8341\" srcset=\"https:\/\/moverdb.com\/wp-content\/uploads\/Moldovan-Movers-international-moving-company.png 1440w, https:\/\/moverdb.com\/wp-content\/uploads\/Moldovan-Movers-international-moving-company-300x142.png 300w, https:\/\/moverdb.com\/wp-content\/uploads\/Moldovan-Movers-international-moving-company-1024x485.png 1024w, https:\/\/moverdb.com\/wp-content\/uploads\/Moldovan-Movers-international-moving-company-18x9.png 18w, https:\/\/moverdb.com\/wp-content\/uploads\/Moldovan-Movers-international-moving-company-600x284.png 600w\" sizes=\"auto, (max-width: 1440px) 100vw, 1440px\" \/><\/p>\n<ul>\n<li>N\u00e1rodn\u00e9 presuny<\/li>\n<li>Medzin\u00e1rodn\u00e9 s\u0165ahovanie<\/li>\n<li>S\u0165ahovanie do obytn\u00fdch priestorov<\/li>\n<li>S\u0165ahovanie kancel\u00e1ri\u00ed<\/li>\n<li>Profesion\u00e1lne baliace slu\u017eby<\/li>\n<li>Zabezpe\u010denie prepravy<\/li>\n<li>Coln\u00e9 konanie<\/li>\n<li>Premiestnenie dom\u00e1ceho zviera\u0165a<\/li>\n<li>Preprava vozidiel<\/li>\n<li>Skladovacie zariadenia<\/li>\n<\/ul>\n<p>Moldovan je jednou z najv\u00e4\u010d\u0161\u00edch s\u0165ahovac\u00edch spolo\u010dnost\u00ed v Moldavsku, ktor\u00e1 bola zalo\u017een\u00e1 v roku 1995 a s\u00eddli v Ki\u0161i\u0148ove. M\u00e1 sie\u0165 d\u00f4veryhodn\u00fdch partnerov, s ktor\u00fdmi spolupracuje po celom svete pri poskytovan\u00ed medzin\u00e1rodn\u00fdch s\u0165ahovac\u00edch slu\u017eieb. S\u00fa \u010dlenom IAM s 25-ro\u010dnou trad\u00edciou.<\/p>\n<p>Moldovan pon\u00faka bezplatn\u00fd prieskum pred s\u0165ahovan\u00edm, aby pos\u00fadil va\u0161e potreby a poskytol cenov\u00fa ponuku. Poskytuje kompletn\u00e9 s\u0165ahovacie slu\u017eby, ktor\u00e9 zah\u0155\u0148aj\u00fa profesion\u00e1lnu baliacu slu\u017ebu, ktor\u00e1 bezpe\u010dne zabal\u00ed a vybal\u00ed va\u0161e veci, zabezpe\u010d\u00ed prepravu a coln\u00e9 odbavenie. Pon\u00fakaj\u00fa aj \u0161pecializovan\u00e9 s\u0165ahovacie slu\u017eby pre vozidl\u00e1 a dom\u00e1ce zvierat\u00e1.<\/p>\n<p>Webov\u00e1 lokalita: <a href=\"http:\/\/www.movers.md\" target=\"_blank\" rel=\"noopener\">http:\/\/www.movers.md<\/a><\/p>","protected":false},"excerpt":{"rendered":"<p>If you are planning on moving home or business within, to or from Moldova then you might want to consider employing a moving company to make the move easier. Below we have compiled a list of Moldova based removal companies that are members of the International Association of Movers (IAM) and\/or FIDI Accredited International Mover [&hellip;]<\/p>\n","protected":false},"author":4,"featured_media":0,"parent":190,"menu_order":0,"comment_status":"closed","ping_status":"closed","template":"","meta":{"_genesis_hide_title":false,"_genesis_hide_breadcrumbs":false,"_genesis_hide_singular_image":false,"_genesis_hide_footer_widgets":false,"_genesis_custom_body_class":"","_genesis_custom_post_class":"","_genesis_layout":"","footnotes":""},"class_list":{"0":"post-8432","1":"page","2":"type-page","3":"status-publish","5":"entry","6":"has-post-thumbnail"},"_links":{"self":[{"href":"https:\/\/moverdb.com\/sk\/wp-json\/wp\/v2\/pages\/8432","targetHints":{"allow":["GET"]}}],"collection":[{"href":"https:\/\/moverdb.com\/sk\/wp-json\/wp\/v2\/pages"}],"about":[{"href":"https:\/\/moverdb.com\/sk\/wp-json\/wp\/v2\/types\/page"}],"author":[{"embeddable":true,"href":"https:\/\/moverdb.com\/sk\/wp-json\/wp\/v2\/users\/4"}],"replies":[{"embeddable":true,"href":"https:\/\/moverdb.com\/sk\/wp-json\/wp\/v2\/comments?post=8432"}],"version-history":[{"count":1,"href":"https:\/\/moverdb.com\/sk\/wp-json\/wp\/v2\/pages\/8432\/revisions"}],"predecessor-version":[{"id":8433,"href":"https:\/\/moverdb.com\/sk\/wp-json\/wp\/v2\/pages\/8432\/revisions\/8433"}],"up":[{"embeddable":true,"href":"https:\/\/moverdb.com\/sk\/wp-json\/wp\/v2\/pages\/190"}],"wp:attachment":[{"href":"https:\/\/moverdb.com\/sk\/wp-json\/wp\/v2\/media?parent=8432"}],"curies":[{"name":"wp","href":"https:\/\/api.w.org\/{rel}","templated":true}]}}