{"id":8414,"date":"2023-04-27T14:48:39","date_gmt":"2023-04-27T14:48:39","guid":{"rendered":"https:\/\/moverdb.com\/?page_id=8414"},"modified":"2026-01-08T15:30:05","modified_gmt":"2026-01-08T15:30:05","slug":"moving-companies-madagascar","status":"publish","type":"page","link":"https:\/\/moverdb.com\/sk\/moving-companies\/moving-companies-madagascar\/","title":{"rendered":"Najlep\u0161ie medzin\u00e1rodn\u00e9 s\u0165ahovacie spolo\u010dnosti na Madagaskare"},"content":{"rendered":"<p>Pl\u00e1nujete pres\u0165ahova\u0165 svoj domov alebo firmu v r\u00e1mci Madagaskaru, na Madagaskar alebo z Madagaskaru? V tom pr\u00edpade by ste si mali naj\u00edma\u0165 <a href=\"https:\/\/moverdb.com\/sk\/moving-companies\/\" data-internallinksmanager029f6b8e52c=\"79\" title=\"Top 25 medzin\u00e1rodn\u00fdch s\u0165ahovac\u00edch spolo\u010dnost\u00ed online\">s\u0165ahovacia spolo\u010dnos\u0165<\/a> pom\u00f4c\u0165 od\u013eah\u010di\u0165 z\u00e1\u0165a\u017e a stres. Ni\u017e\u0161ie sme zostavili zoznam madagaskarsk\u00fdch <a href=\"https:\/\/moverdb.com\/sk\/international-removals\/\" data-internallinksmanager029f6b8e52c=\"27\" title=\"36 najlep\u0161\u00edch medzin\u00e1rodn\u00fdch s\u0165ahovac\u00edch spolo\u010dnost\u00ed v Spojenom kr\u00e1\u013eovstve\">s\u0165ahovacie spolo\u010dnosti<\/a> ktor\u00e9 s\u00fa \u010dlenmi <a href=\"https:\/\/moverdb.com\/sk\/iam\/\" data-internallinksmanager029f6b8e52c=\"23\" title=\"Vysvetlenie Medzin\u00e1rodnej asoci\u00e1cie s\u0165ahovate\u013eov (IAM)\">Medzin\u00e1rodn\u00e1 asoci\u00e1cia s\u0165ahovate\u013eov<\/a> (IAM) a\/alebo <a href=\"https:\/\/moverdb.com\/sk\/fidi-faim\/\" data-internallinksmanager029f6b8e52c=\"16\" title=\"Vysvetlenie FIDI a FAIM (FIDI akreditovan\u00fd medzin\u00e1rodn\u00fd prepravca)\">FIDI<\/a> Akreditovan\u00fd medzin\u00e1rodn\u00fd prepravca (FAIM), ktor\u00fd by v\u00e1m mohol pom\u00f4c\u0165 pri s\u0165ahovan\u00ed.<\/p>\n<h2><strong>Celosvetov\u00e9 Movers Afrika<\/strong><\/h2>\n<p><img loading=\"lazy\" decoding=\"async\" class=\"alignnone size-full wp-image-6012\" src=\"https:\/\/moverdb.com\/wp-content\/uploads\/Worldwide-Movers-Africa-international-moving-company.png\" alt=\"Worldwide Movers Afrika medzin\u00e1rodn\u00e9 s\u0165ahovanie spolo\u010dnos\u0165\" width=\"1440\" height=\"681\" data-wp-pid=\"6012\" srcset=\"https:\/\/moverdb.com\/wp-content\/uploads\/Worldwide-Movers-Africa-international-moving-company.png 1440w, https:\/\/moverdb.com\/wp-content\/uploads\/Worldwide-Movers-Africa-international-moving-company-300x142.png 300w, https:\/\/moverdb.com\/wp-content\/uploads\/Worldwide-Movers-Africa-international-moving-company-1024x484.png 1024w, https:\/\/moverdb.com\/wp-content\/uploads\/Worldwide-Movers-Africa-international-moving-company-18x9.png 18w, https:\/\/moverdb.com\/wp-content\/uploads\/Worldwide-Movers-Africa-international-moving-company-600x284.png 600w\" sizes=\"auto, (max-width: 1440px) 100vw, 1440px\" \/><\/p>\n<ul>\n<li>Miestne s\u0165ahovanie<\/li>\n<li>Medzin\u00e1rodn\u00e9 premiestnenia<\/li>\n<li>S\u0165ahovanie dom\u00e1cnost\u00ed<\/li>\n<li>S\u0165ahovanie kancel\u00e1ri\u00ed<\/li>\n<li>Baliace slu\u017eby<\/li>\n<li>Cestn\u00e1, leteck\u00e1 a n\u00e1morn\u00e1 doprava<\/li>\n<li>Coln\u00e9 konanie<\/li>\n<li>Premiestnenie dom\u00e1ceho zviera\u0165a<\/li>\n<li>Poistenie<\/li>\n<li>\u00dalo\u017eisko<\/li>\n<\/ul>\n<p>Worldwide Movers Africa je medzin\u00e1rodn\u00e1 spolo\u010dnos\u0165, ktor\u00e1 bola zalo\u017een\u00e1 v Tanz\u00e1nii v roku 1993. V s\u00fa\u010dasnosti p\u00f4sob\u00ed v 16 africk\u00fdch krajin\u00e1ch vr\u00e1tane Madagaskaru. Maj\u00fa dobre vybudovan\u00e9 glob\u00e1lne vz\u0165ahy, ktor\u00e9 im pom\u00e1haj\u00fa poskytova\u0165 slu\u017eby aj mimo ich oblast\u00ed. S\u00fa \u010dlenom IAM s 20-ro\u010dnou trad\u00edciou.<\/p>\n<p>Worldwide Movers Africa pon\u00faka miestne a medzin\u00e1rodn\u00e9 s\u0165ahovacie slu\u017eby pre dom\u00e1cnosti a kancel\u00e1rie. Poskytuj\u00fa s\u0165ahovacie slu\u017eby, ktor\u00e9 zah\u0155\u0148aj\u00fa bezpe\u010dn\u00e9 balenie a balenie va\u0161ich vec\u00ed, zabezpe\u010denie cestnej, leteckej alebo n\u00e1mornej prepravy s coln\u00fdm odbaven\u00edm. Poskytuj\u00fa aj \u010fal\u0161ie slu\u017eby vr\u00e1tane s\u0165ahovania dom\u00e1cich zvierat, skladovac\u00edch priestorov a poistenia.<\/p>\n<p>Webov\u00e1 lokalita: <a href=\"http:\/\/www.worldwidemoversafrica.com\/\" target=\"_blank\" rel=\"noopener\">http:\/\/www.worldwidemoversafrica.com\/<\/a><\/p>","protected":false},"excerpt":{"rendered":"<p>Are you planning on moving home or your business within, to or from Madagascar? Then you may want to engage a moving company to help lighten the load and stress. Below we have compiled a list of Madagascar based removal companies that are members of the International Association of Movers (IAM) and\/or FIDI Accredited International [&hellip;]<\/p>\n","protected":false},"author":4,"featured_media":0,"parent":190,"menu_order":0,"comment_status":"closed","ping_status":"closed","template":"","meta":{"_genesis_hide_title":false,"_genesis_hide_breadcrumbs":false,"_genesis_hide_singular_image":false,"_genesis_hide_footer_widgets":false,"_genesis_custom_body_class":"","_genesis_custom_post_class":"","_genesis_layout":"","footnotes":""},"class_list":{"0":"post-8414","1":"page","2":"type-page","3":"status-publish","5":"entry"},"_links":{"self":[{"href":"https:\/\/moverdb.com\/sk\/wp-json\/wp\/v2\/pages\/8414","targetHints":{"allow":["GET"]}}],"collection":[{"href":"https:\/\/moverdb.com\/sk\/wp-json\/wp\/v2\/pages"}],"about":[{"href":"https:\/\/moverdb.com\/sk\/wp-json\/wp\/v2\/types\/page"}],"author":[{"embeddable":true,"href":"https:\/\/moverdb.com\/sk\/wp-json\/wp\/v2\/users\/4"}],"replies":[{"embeddable":true,"href":"https:\/\/moverdb.com\/sk\/wp-json\/wp\/v2\/comments?post=8414"}],"version-history":[{"count":1,"href":"https:\/\/moverdb.com\/sk\/wp-json\/wp\/v2\/pages\/8414\/revisions"}],"predecessor-version":[{"id":8415,"href":"https:\/\/moverdb.com\/sk\/wp-json\/wp\/v2\/pages\/8414\/revisions\/8415"}],"up":[{"embeddable":true,"href":"https:\/\/moverdb.com\/sk\/wp-json\/wp\/v2\/pages\/190"}],"wp:attachment":[{"href":"https:\/\/moverdb.com\/sk\/wp-json\/wp\/v2\/media?parent=8414"}],"curies":[{"name":"wp","href":"https:\/\/api.w.org\/{rel}","templated":true}]}}