{"id":8412,"date":"2023-04-27T14:49:22","date_gmt":"2023-04-27T14:49:22","guid":{"rendered":"https:\/\/moverdb.com\/?page_id=8412"},"modified":"2026-01-08T15:23:48","modified_gmt":"2026-01-08T15:23:48","slug":"moving-companies-macedonia","status":"publish","type":"page","link":"https:\/\/moverdb.com\/sk\/moving-companies\/moving-companies-macedonia\/","title":{"rendered":"2 Najlep\u0161ie medzin\u00e1rodn\u00e9 s\u0165ahovacie spolo\u010dnosti v Maced\u00f3nsku"},"content":{"rendered":"<p>S\u0165ahovanie m\u00f4\u017ee by\u0165 hektick\u00fdm obdob\u00edm s mno\u017estvom \u00faloh a papierova\u010diek, najm\u00e4 ak sa s\u0165ahujete do zahrani\u010dia. V tomto pr\u00edpade je potrebn\u00e9 <a href=\"https:\/\/moverdb.com\/sk\/moving-companies\/\" data-internallinksmanager029f6b8e52c=\"79\" title=\"Top 25 medzin\u00e1rodn\u00fdch s\u0165ahovac\u00edch spolo\u010dnost\u00ed online\">s\u0165ahovacia spolo\u010dnos\u0165<\/a> v\u00e1m m\u00f4\u017ee pom\u00f4c\u0165 od\u013eah\u010di\u0165 va\u0161u z\u00e1\u0165a\u017e a zvl\u00e1dnu\u0165 s\u0165ahovanie za v\u00e1s. Ni\u017e\u0161ie sme zostavili zoznam firiem so s\u00eddlom v Maced\u00f3nsku <a href=\"https:\/\/moverdb.com\/sk\/international-removals\/\" data-internallinksmanager029f6b8e52c=\"27\" title=\"36 najlep\u0161\u00edch medzin\u00e1rodn\u00fdch s\u0165ahovac\u00edch spolo\u010dnost\u00ed v Spojenom kr\u00e1\u013eovstve\">s\u0165ahovacie spolo\u010dnosti<\/a> ktor\u00e9 s\u00fa \u010dlenmi <a href=\"https:\/\/moverdb.com\/sk\/iam\/\" data-internallinksmanager029f6b8e52c=\"23\" title=\"Vysvetlenie Medzin\u00e1rodnej asoci\u00e1cie s\u0165ahovate\u013eov (IAM)\">Medzin\u00e1rodn\u00e1 asoci\u00e1cia s\u0165ahovate\u013eov<\/a> (IAM) a\/alebo <a href=\"https:\/\/moverdb.com\/sk\/fidi-faim\/\" data-internallinksmanager029f6b8e52c=\"16\" title=\"Vysvetlenie FIDI a FAIM (FIDI akreditovan\u00fd medzin\u00e1rodn\u00fd prepravca)\">FIDI<\/a> Akreditovan\u00fd medzin\u00e1rodn\u00fd prepravca (FAIM), ktor\u00fd by v\u00e1m mohol pom\u00f4c\u0165 pri s\u0165ahovan\u00ed.<\/p>\n<h2><strong>1. Orbit Ltd International<\/strong><\/h2>\n<p><img loading=\"lazy\" decoding=\"async\" class=\"alignnone size-full wp-image-8352\" src=\"https:\/\/moverdb.com\/wp-content\/uploads\/Orbit-Macedonia-international-moving-company.png\" alt=\"Orbit Maced\u00f3nsko medzin\u00e1rodn\u00e9 s\u0165ahovanie spolo\u010dnos\u0165\" width=\"1440\" height=\"681\" data-wp-pid=\"8352\" srcset=\"https:\/\/moverdb.com\/wp-content\/uploads\/Orbit-Macedonia-international-moving-company.png 1440w, https:\/\/moverdb.com\/wp-content\/uploads\/Orbit-Macedonia-international-moving-company-300x142.png 300w, https:\/\/moverdb.com\/wp-content\/uploads\/Orbit-Macedonia-international-moving-company-1024x484.png 1024w, https:\/\/moverdb.com\/wp-content\/uploads\/Orbit-Macedonia-international-moving-company-18x9.png 18w, https:\/\/moverdb.com\/wp-content\/uploads\/Orbit-Macedonia-international-moving-company-600x284.png 600w\" sizes=\"auto, (max-width: 1440px) 100vw, 1440px\" \/><\/p>\n<ul>\n<li>N\u00e1rodn\u00e9 presuny<\/li>\n<li>Medzin\u00e1rodn\u00e9 s\u0165ahovanie<\/li>\n<li>S\u0165ahovanie dom\u00e1cnost\u00ed<\/li>\n<li>Ve\u013etrhy a v\u00fdstavy<\/li>\n<li>Slu\u017eba od dver\u00ed k dver\u00e1m<\/li>\n<li>Cestn\u00e1, n\u00e1morn\u00e1 a leteck\u00e1 n\u00e1kladn\u00e1 doprava<\/li>\n<li>V\u00fdber <a href=\"https:\/\/moverdb.com\/sk\/shipping-container-sizes-and-dimensions\/\" data-internallinksmanager029f6b8e52c=\"247\" title=\"Kone\u010dn\u00fd sprievodca ve\u013ekos\u0165ami a rozmermi prepravn\u00fdch kontajnerov\">ve\u013ekosti kontajnerov<\/a><\/li>\n<li>Coln\u00e9 konanie<\/li>\n<li>Poistenie<\/li>\n<li>Skladovacie zariadenia<\/li>\n<\/ul>\n<p>Orbit Ltd International je \u0161pedi\u010dn\u00e1 a s\u0165ahovacia spolo\u010dnos\u0165 zalo\u017een\u00e1 v roku 2000 v Skopje v Maced\u00f3nsku a je s\u00fa\u010das\u0165ou skupiny Orphee Beinoglou Group. Orbit sa \u0161pecializuje na Severn\u00e9 Maced\u00f3nsko a Kosovo a Orphee Beinoglou na <a href=\"https:\/\/moverdb.com\/sk\/moving-to-greece\/\" data-internallinksmanager029f6b8e52c=\"353\" title=\"S\u0165ahovanie do Gr\u00e9cka? 2026 N\u00e1klady na b\u00fdvanie a tipy na pres\u0165ahovanie\">Gr\u00e9cko<\/a> a v\u00fdchodnej Eur\u00f3py. Je \u010dlenom IAM s 23-ro\u010dnou trad\u00edciou.<\/p>\n<p>Spolo\u010dnos\u0165 Orbit Ltd International pon\u00faka slu\u017eby n\u00e1mornej n\u00e1kladnej dopravy, ktor\u00e9 zah\u0155\u0148aj\u00fa cel\u00fd rad mo\u017enost\u00ed, ako s\u00fa zbern\u00e9 z\u00e1sielky, pln\u00e9 kontajnery a vo\u013ene lo\u017een\u00fd n\u00e1klad. Poskytuje leteck\u00fa n\u00e1kladn\u00fa dopravu s v\u00fdberom pr\u00e9miov\u00fdch, odlo\u017een\u00fdch, konsolidovan\u00fdch a charterov\u00fdch slu\u017eieb. N\u00e1kladn\u00e1 kami\u00f3nov\u00e1 doprava pon\u00faka prepravu cel\u00fdch alebo \u010diasto\u010dn\u00fdch n\u00e1kladov. Ich slu\u017eby zah\u0155\u0148aj\u00fa sledovanie z\u00e1sielok, coln\u00e9 formality a poistenie.<\/p>\n<p>Webov\u00e1 lokalita: <a href=\"http:\/\/www.orbit.mk\" target=\"_blank\" rel=\"noopener\">http:\/\/www.orbit.mk<\/a><\/p>\n<h2><strong>2. DoraS\u0165ahovanie<\/strong><\/h2>\n<p><img loading=\"lazy\" decoding=\"async\" class=\"alignnone size-full wp-image-8307\" src=\"https:\/\/moverdb.com\/wp-content\/uploads\/DoraMoving-international-moving-company.png\" alt=\"DoraMoving medzin\u00e1rodn\u00e9 s\u0165ahovanie spolo\u010dnos\u0165\" width=\"1440\" height=\"682\" data-wp-pid=\"8307\" srcset=\"https:\/\/moverdb.com\/wp-content\/uploads\/DoraMoving-international-moving-company.png 1440w, https:\/\/moverdb.com\/wp-content\/uploads\/DoraMoving-international-moving-company-300x142.png 300w, https:\/\/moverdb.com\/wp-content\/uploads\/DoraMoving-international-moving-company-1024x485.png 1024w, https:\/\/moverdb.com\/wp-content\/uploads\/DoraMoving-international-moving-company-18x9.png 18w, https:\/\/moverdb.com\/wp-content\/uploads\/DoraMoving-international-moving-company-600x284.png 600w\" sizes=\"auto, (max-width: 1440px) 100vw, 1440px\" \/><\/p>\n<ul>\n<li>Miestne s\u0165ahovanie<\/li>\n<li>Medzin\u00e1rodn\u00e9 s\u0165ahovanie<\/li>\n<li>S\u0165ahovanie do obytn\u00fdch priestorov<\/li>\n<li>Presuny spolo\u010dnosti<\/li>\n<li>Slu\u017eby na mieru<\/li>\n<li>Individu\u00e1lna cit\u00e1cia<\/li>\n<li>\u00dapln\u00fd alebo \u010diasto\u010dn\u00fd servis<\/li>\n<li>Baliace slu\u017eby<\/li>\n<li>Zabezpe\u010denie prepravy<\/li>\n<li>Bezpe\u010dn\u00e9 ukladanie<\/li>\n<\/ul>\n<p>DoraMoving je s\u0165ahovacia spolo\u010dnos\u0165 zalo\u017een\u00e1 v roku 2019 v maced\u00f3nskom Skopje, ktor\u00e1 pon\u00faka miestne a medzin\u00e1rodn\u00e9 s\u0165ahovacie slu\u017eby pre reziden\u010dn\u00fdch a firemn\u00fdch z\u00e1kazn\u00edkov. S\u00fa \u010dlenom IAM so \u0161tvorro\u010dnou trad\u00edciou, ktor\u00e1 im umo\u017e\u0148uje pr\u00edstup k medzin\u00e1rodnej sieti s\u0165ahovac\u00edch agentov, ktor\u00ed im poskytuj\u00fa podporu.<\/p>\n<p>Spolo\u010dnos\u0165 DoraMoving pon\u00faka s\u0165ahovacie slu\u017eby na mieru a na z\u00e1klade va\u0161ich potrieb a objemu v\u00e1m vypracuje cenov\u00fa ponuku na s\u0165ahovanie. Pon\u00fakaj\u00fa mo\u017enos\u0165 v\u00fdberu baliacej slu\u017eby alebo vlastn\u00e9ho balenia s poskytnut\u00fdm materi\u00e1lom. Ich baliace slu\u017eby zah\u0155\u0148aj\u00fa balenie a vyba\u013eovanie, ako aj demont\u00e1\u017e a mont\u00e1\u017e v\u00e1\u0161ho n\u00e1bytku.<\/p>\n<p>Webov\u00e1 lokalita: <a href=\"https:\/\/doramoving.com\/en\/international-moving\/\" target=\"_blank\" rel=\"noopener\">https:\/\/doramoving.com\/en\/international-moving\/<\/a><\/p>","protected":false},"excerpt":{"rendered":"<p>Moving can be a hectic time with a lot of tasks to do and paperwork to complete, especially if you are moving abroad. This is where a moving company can assist in lightening your load and managing the move for you. Below we have compiled a list of Macedonia based removal companies that are members [&hellip;]<\/p>\n","protected":false},"author":4,"featured_media":0,"parent":190,"menu_order":0,"comment_status":"closed","ping_status":"closed","template":"","meta":{"_genesis_hide_title":false,"_genesis_hide_breadcrumbs":false,"_genesis_hide_singular_image":false,"_genesis_hide_footer_widgets":false,"_genesis_custom_body_class":"","_genesis_custom_post_class":"","_genesis_layout":"","footnotes":""},"class_list":{"0":"post-8412","1":"page","2":"type-page","3":"status-publish","5":"entry","6":"has-post-thumbnail"},"_links":{"self":[{"href":"https:\/\/moverdb.com\/sk\/wp-json\/wp\/v2\/pages\/8412","targetHints":{"allow":["GET"]}}],"collection":[{"href":"https:\/\/moverdb.com\/sk\/wp-json\/wp\/v2\/pages"}],"about":[{"href":"https:\/\/moverdb.com\/sk\/wp-json\/wp\/v2\/types\/page"}],"author":[{"embeddable":true,"href":"https:\/\/moverdb.com\/sk\/wp-json\/wp\/v2\/users\/4"}],"replies":[{"embeddable":true,"href":"https:\/\/moverdb.com\/sk\/wp-json\/wp\/v2\/comments?post=8412"}],"version-history":[{"count":1,"href":"https:\/\/moverdb.com\/sk\/wp-json\/wp\/v2\/pages\/8412\/revisions"}],"predecessor-version":[{"id":8413,"href":"https:\/\/moverdb.com\/sk\/wp-json\/wp\/v2\/pages\/8412\/revisions\/8413"}],"up":[{"embeddable":true,"href":"https:\/\/moverdb.com\/sk\/wp-json\/wp\/v2\/pages\/190"}],"wp:attachment":[{"href":"https:\/\/moverdb.com\/sk\/wp-json\/wp\/v2\/media?parent=8412"}],"curies":[{"name":"wp","href":"https:\/\/api.w.org\/{rel}","templated":true}]}}