{"id":8410,"date":"2023-04-27T14:49:53","date_gmt":"2023-04-27T14:49:53","guid":{"rendered":"https:\/\/moverdb.com\/?page_id=8410"},"modified":"2026-01-08T15:24:22","modified_gmt":"2026-01-08T15:24:22","slug":"moving-companies-luxembourg","status":"publish","type":"page","link":"https:\/\/moverdb.com\/sk\/moving-companies\/moving-companies-luxembourg\/","title":{"rendered":"3 najlep\u0161ie medzin\u00e1rodn\u00e9 s\u0165ahovacie spolo\u010dnosti v Luxembursku"},"content":{"rendered":"<p>Ke\u010f sa s\u0165ahujete, \u010di u\u017e na miestnej, n\u00e1rodnej alebo medzin\u00e1rodnej \u00farovni, je toho ve\u013ea, na \u010do mus\u00edte myslie\u0165 a \u010do v\u00e1m m\u00f4\u017ee ned\u00e1va\u0165 spa\u0165. Zamestnanie <a href=\"https:\/\/moverdb.com\/sk\/moving-companies\/\" data-internallinksmanager029f6b8e52c=\"79\" title=\"Top 25 medzin\u00e1rodn\u00fdch s\u0165ahovac\u00edch spolo\u010dnost\u00ed online\">s\u0165ahovacia spolo\u010dnos\u0165<\/a> na riadenie s\u0165ahovania v\u00e1m ho m\u00f4\u017ee zjednodu\u0161i\u0165 a pom\u00f4c\u0165 v\u00e1m lep\u0161ie spa\u0165. Ni\u017e\u0161ie sme zostavili zoznam <a href=\"https:\/\/moverdb.com\/sk\/moving-to-luxembourg\/\" data-internallinksmanager029f6b8e52c=\"349\" title=\"S\u0165ahovanie do Luxemburska? 2026 N\u00e1klady na b\u00fdvanie a tipy na pres\u0165ahovanie\">Luxembursko<\/a> na str\u00e1nke . <a href=\"https:\/\/moverdb.com\/sk\/international-removals\/\" data-internallinksmanager029f6b8e52c=\"27\" title=\"36 najlep\u0161\u00edch medzin\u00e1rodn\u00fdch s\u0165ahovac\u00edch spolo\u010dnost\u00ed v Spojenom kr\u00e1\u013eovstve\">s\u0165ahovacie spolo\u010dnosti<\/a> ktor\u00e9 s\u00fa \u010dlenmi <a href=\"https:\/\/moverdb.com\/sk\/iam\/\" data-internallinksmanager029f6b8e52c=\"23\" title=\"Vysvetlenie Medzin\u00e1rodnej asoci\u00e1cie s\u0165ahovate\u013eov (IAM)\">Medzin\u00e1rodn\u00e1 asoci\u00e1cia s\u0165ahovate\u013eov<\/a> (IAM) a\/alebo <a href=\"https:\/\/moverdb.com\/sk\/fidi-faim\/\" data-internallinksmanager029f6b8e52c=\"16\" title=\"Vysvetlenie FIDI a FAIM (FIDI akreditovan\u00fd medzin\u00e1rodn\u00fd prepravca)\">FIDI<\/a> Akreditovan\u00fd medzin\u00e1rodn\u00fd prepravca (FAIM), ktor\u00fd by v\u00e1m mohol pom\u00f4c\u0165 pri s\u0165ahovan\u00ed.<\/p>\n<div id=\"ez-toc-container\" class=\"ez-toc-v2_0_82_2 ez-toc-wrap-left counter-hierarchy ez-toc-counter ez-toc-transparent ez-toc-container-direction\">\n<div class=\"ez-toc-title-container\">\n<p class=\"ez-toc-title\" style=\"cursor:inherit\">Sekcie<\/p>\n<span class=\"ez-toc-title-toggle\"><a href=\"#\" class=\"ez-toc-pull-right ez-toc-btn ez-toc-btn-xs ez-toc-btn-default ez-toc-toggle\" aria-label=\"Prep\u00ednanie tabu\u013eky obsahu\"><span class=\"ez-toc-js-icon-con\"><span class=\"\"><span class=\"eztoc-hide\" style=\"display:none;\">Prep\u00edna\u010d<\/span><span class=\"ez-toc-icon-toggle-span\"><svg style=\"fill: #999;color:#999\" xmlns=\"http:\/\/www.w3.org\/2000\/svg\" class=\"list-377408\" width=\"20px\" height=\"20px\" viewbox=\"0 0 24 24\" fill=\"none\"><path d=\"M6 6H4v2h2V6zm14 0H8v2h12V6zM4 11h2v2H4v-2zm16 0H8v2h12v-2zM4 16h2v2H4v-2zm16 0H8v2h12v-2z\" fill=\"currentColor\"><\/path><\/svg><svg style=\"fill: #999;color:#999\" class=\"arrow-unsorted-368013\" xmlns=\"http:\/\/www.w3.org\/2000\/svg\" width=\"10px\" height=\"10px\" viewbox=\"0 0 24 24\" version=\"1.2\" baseprofile=\"tiny\"><path d=\"M18.2 9.3l-6.2-6.3-6.2 6.3c-.2.2-.3.4-.3.7s.1.5.3.7c.2.2.4.3.7.3h11c.3 0 .5-.1.7-.3.2-.2.3-.5.3-.7s-.1-.5-.3-.7zM5.8 14.7l6.2 6.3 6.2-6.3c.2-.2.3-.5.3-.7s-.1-.5-.3-.7c-.2-.2-.4-.3-.7-.3h-11c-.3 0-.5.1-.7.3-.2.2-.3.5-.3.7s.1.5.3.7z\"\/><\/svg><\/span><\/span><\/span><\/a><\/span><\/div>\n<nav><ul class='ez-toc-list ez-toc-list-level-1 eztoc-toggle-hide-by-default' ><li class='ez-toc-page-1 ez-toc-heading-level-2'><a class=\"ez-toc-link ez-toc-heading-1\" href=\"https:\/\/moverdb.com\/sk\/moving-companies\/moving-companies-luxembourg\/#1_Streff\" >1. Streff<\/a><\/li><li class='ez-toc-page-1 ez-toc-heading-level-2'><a class=\"ez-toc-link ez-toc-heading-2\" href=\"https:\/\/moverdb.com\/sk\/moving-companies\/moving-companies-luxembourg\/#2_MoverManiac\" >2. MoverManiac<\/a><\/li><li class='ez-toc-page-1 ez-toc-heading-level-2'><a class=\"ez-toc-link ez-toc-heading-3\" href=\"https:\/\/moverdb.com\/sk\/moving-companies\/moving-companies-luxembourg\/#3_Tranelux\" >3. Tranelux<\/a><\/li><li class='ez-toc-page-1 ez-toc-heading-level-2'><a class=\"ez-toc-link ez-toc-heading-4\" href=\"https:\/\/moverdb.com\/sk\/moving-companies\/moving-companies-luxembourg\/#Other_Useful_Guides_to_Luxembourg\" >\u010eal\u0161ie u\u017eito\u010dn\u00e9 pr\u00edru\u010dky o Luxembursku<\/a><\/li><\/ul><\/nav><\/div>\n<h2><span class=\"ez-toc-section\" id=\"1_Streff\"><\/span><strong>1. Streff<\/strong><span class=\"ez-toc-section-end\"><\/span><\/h2>\n<p><img loading=\"lazy\" decoding=\"async\" class=\"alignnone size-full wp-image-8367\" src=\"https:\/\/moverdb.com\/wp-content\/uploads\/Streff-international-moving-company.png\" alt=\"Streff medzin\u00e1rodn\u00e9 s\u0165ahovanie spolo\u010dnos\u0165\" width=\"1440\" height=\"683\" data-wp-pid=\"8367\" srcset=\"https:\/\/moverdb.com\/wp-content\/uploads\/Streff-international-moving-company.png 1440w, https:\/\/moverdb.com\/wp-content\/uploads\/Streff-international-moving-company-300x142.png 300w, https:\/\/moverdb.com\/wp-content\/uploads\/Streff-international-moving-company-1024x486.png 1024w, https:\/\/moverdb.com\/wp-content\/uploads\/Streff-international-moving-company-18x9.png 18w, https:\/\/moverdb.com\/wp-content\/uploads\/Streff-international-moving-company-600x285.png 600w\" sizes=\"auto, (max-width: 1440px) 100vw, 1440px\" \/><\/p>\n<ul>\n<li>N\u00e1rodn\u00e9 presuny<\/li>\n<li>Medzin\u00e1rodn\u00e9 s\u0165ahovanie<\/li>\n<li>S\u0165ahovanie do obytn\u00fdch priestorov<\/li>\n<li>Obchodn\u00e9 kroky<\/li>\n<li>V\u00fdber bal\u00edkov na mieru<\/li>\n<li>Baliace slu\u017eby<\/li>\n<li>Zabezpe\u010denie prepravy<\/li>\n<li>Preprava dom\u00e1cich zvierat<\/li>\n<li>Poistenie<\/li>\n<li>Zabezpe\u010den\u00e9 skladovacie priestory<\/li>\n<\/ul>\n<p>Spolo\u010dnos\u0165 Streff je dopravn\u00fd a skladovac\u00ed podnik, ktor\u00fd p\u00f4sob\u00ed od roku 1928 a s\u00eddli v Strassene. Je dlhoro\u010dn\u00fdm \u010dlenom IAM a m\u00e1 akredit\u00e1ciu FIDI.<\/p>\n<p>Spolo\u010dnos\u0165 Streff pon\u00faka v\u00fdber bal\u00edkov, ktor\u00e9 s\u00fa v\u00e1m \u0161it\u00e9 na mieru a zah\u0155\u0148aj\u00fa kompletn\u00e9, \u0161tandardn\u00e9 a z\u00e1kladn\u00e9 slu\u017eby. Kompletn\u00fd servis zah\u0155\u0148a starostliv\u00e9 zabalenie va\u0161ich vec\u00ed, demont\u00e1\u017e n\u00e1bytku, zabezpe\u010denie prepravy, vybalenie a mont\u00e1\u017e n\u00e1bytku. \u0160tandardn\u00e1 slu\u017eba v\u00e1m umo\u017e\u0148uje, aby ste si veci zbalili a vybalil sami. Z\u00e1kladn\u00e1 slu\u017eba je len slu\u017eba prepravy. Medzi doplnkov\u00e9 slu\u017eby patr\u00ed h\u013eadanie domu, usadzovacie slu\u017eby, remeseln\u00edci, upratovanie, preprava dom\u00e1cich zvierat, poistenie a skladovanie.<\/p>\n<p>Webov\u00e1 lokalita: <a href=\"http:\/\/www.streff.lu\/en\" target=\"_blank\" rel=\"noopener\">http:\/\/www.streff.lu\/en<\/a><\/p>\n<h2><span class=\"ez-toc-section\" id=\"2_MoverManiac\"><\/span><strong>2. MoverManiac<\/strong><span class=\"ez-toc-section-end\"><\/span><\/h2>\n<p><img loading=\"lazy\" decoding=\"async\" class=\"alignnone size-full wp-image-8344\" src=\"https:\/\/moverdb.com\/wp-content\/uploads\/Mover-Maniac-international-moving-company.png\" alt=\"Mover Maniac medzin\u00e1rodn\u00e9 s\u0165ahovanie spolo\u010dnos\u0165\" width=\"1440\" height=\"678\" data-wp-pid=\"8344\" srcset=\"https:\/\/moverdb.com\/wp-content\/uploads\/Mover-Maniac-international-moving-company.png 1440w, https:\/\/moverdb.com\/wp-content\/uploads\/Mover-Maniac-international-moving-company-300x141.png 300w, https:\/\/moverdb.com\/wp-content\/uploads\/Mover-Maniac-international-moving-company-1024x482.png 1024w, https:\/\/moverdb.com\/wp-content\/uploads\/Mover-Maniac-international-moving-company-18x8.png 18w, https:\/\/moverdb.com\/wp-content\/uploads\/Mover-Maniac-international-moving-company-600x283.png 600w\" sizes=\"auto, (max-width: 1440px) 100vw, 1440px\" \/><\/p>\n<ul>\n<li>Miestne a vn\u00fatro\u0161t\u00e1tne s\u0165ahovanie<\/li>\n<li>Medzin\u00e1rodn\u00e9 s\u0165ahovanie<\/li>\n<li>S\u0165ahovanie dom\u00e1cnost\u00ed<\/li>\n<li>S\u0165ahovanie kancel\u00e1ri\u00ed<\/li>\n<li>Slu\u017eby na mieru<\/li>\n<li>Prieskum pred pres\u0165ahovan\u00edm<\/li>\n<li>Baliace slu\u017eby<\/li>\n<li>Preprava tovaru<\/li>\n<li>Upratovanie a ma\u013eovanie domu<\/li>\n<li>Skladovacie zariadenia<\/li>\n<\/ul>\n<p>MoverManiac je profesion\u00e1lna s\u0165ahovacia spolo\u010dnos\u0165 so s\u00eddlom v Trintange. Poskytuje kompletn\u00e9 alebo \u010diasto\u010dn\u00e9 s\u0165ahovacie slu\u017eby a slu\u017eby mu\u017ea s dod\u00e1vkou. S\u00fa \u010dlenom IAM, \u010do im umo\u017e\u0148uje pr\u00edstup k sieti medzin\u00e1rodn\u00fdch s\u0165ahovac\u00edch agentov.<\/p>\n<p>Spolo\u010dnos\u0165 MoverManiac pon\u00faka prieskum pred s\u0165ahovan\u00edm, aby pos\u00fadila va\u0161e po\u017eiadavky na s\u0165ahovanie a poskytla cenov\u00fa ponuku. Pon\u00fakaj\u00fa s\u0165ahovacie slu\u017eby od dver\u00ed k dver\u00e1m, ktor\u00e9 m\u00f4\u017eu zah\u0155\u0148a\u0165 balenie va\u0161ich vec\u00ed, demont\u00e1\u017e a mont\u00e1\u017e n\u00e1bytku alebo len poskytnutie baliacich materi\u00e1lov. Zabezpe\u010dia prepravu va\u0161ich vec\u00ed v r\u00e1mci Eur\u00f3py. Poskytuj\u00fa aj \u010fal\u0161ie slu\u017eby vr\u00e1tane upratovania domu, ma\u013eovania, skladovania a likvid\u00e1cie nepotrebn\u00fdch vec\u00ed.<\/p>\n<p>Webov\u00e1 lokalita: <a href=\"http:\/\/www.movermaniac.lu\" target=\"_blank\" rel=\"noopener\">http:\/\/www.movermaniac.lu<\/a><\/p>\n<h2><span class=\"ez-toc-section\" id=\"3_Tranelux\"><\/span><strong>3. Tranelux<\/strong><span class=\"ez-toc-section-end\"><\/span><\/h2>\n<p><img loading=\"lazy\" decoding=\"async\" class=\"alignnone size-full wp-image-8374\" src=\"https:\/\/moverdb.com\/wp-content\/uploads\/Tranelux-international-moving-company.png\" alt=\"Tranelux medzin\u00e1rodn\u00e1 s\u0165ahovacia spolo\u010dnos\u0165\" width=\"1440\" height=\"682\" data-wp-pid=\"8374\" srcset=\"https:\/\/moverdb.com\/wp-content\/uploads\/Tranelux-international-moving-company.png 1440w, https:\/\/moverdb.com\/wp-content\/uploads\/Tranelux-international-moving-company-300x142.png 300w, https:\/\/moverdb.com\/wp-content\/uploads\/Tranelux-international-moving-company-1024x485.png 1024w, https:\/\/moverdb.com\/wp-content\/uploads\/Tranelux-international-moving-company-18x9.png 18w, https:\/\/moverdb.com\/wp-content\/uploads\/Tranelux-international-moving-company-600x284.png 600w\" sizes=\"auto, (max-width: 1440px) 100vw, 1440px\" \/><\/p>\n<ul>\n<li>Medzin\u00e1rodn\u00e9 premiestnenia<\/li>\n<li>Premiest\u0148ovanie dom\u00e1cnost\u00ed<\/li>\n<li>Premiest\u0148ovanie zamestnancov<\/li>\n<li>Slu\u017eba od dver\u00ed k dver\u00e1m<\/li>\n<li>V\u00fdber pohybliv\u00fdch bal\u00edkov<\/li>\n<li>Baliace slu\u017eby<\/li>\n<li>Zabezpe\u010denie prepravy<\/li>\n<li>Profesion\u00e1lne slu\u017eby<\/li>\n<li>Doprava v oblasti v\u00fdtvarn\u00e9ho umenia<\/li>\n<li>Zabezpe\u010den\u00e9 skladovacie priestory<\/li>\n<\/ul>\n<p>Tranelux je s\u0165ahovacia a skladov\u00e1 spolo\u010dnos\u0165 zalo\u017een\u00e1 v roku 1957 so s\u00eddlom v Conterne. Je to <a href=\"https:\/\/moverdb.com\/sk\/euromovers\/\" data-internallinksmanager029f6b8e52c=\"12\" title=\"Vysvetlenie partnerstva eur\u00f3pskych prepravcov (EUROMOVERS International)\">Euromovers<\/a> Z\u00e1stupca siete v Luxembursku a je \u010dlenom IAM so 66-ro\u010dnou trad\u00edciou.<\/p>\n<p>Tranelux pon\u00faka tri bal\u00edky - pln\u00fd, klasick\u00fd a ekonomick\u00fd. Kompletn\u00fd bal\u00edk poskytuje slu\u017eby od dver\u00ed k dver\u00e1m vr\u00e1tane balenia, demont\u00e1\u017ee a mont\u00e1\u017ee n\u00e1bytku a pomoci remeseln\u00edkov, ako s\u00fa maliari, in\u0161talat\u00e9ri a elektrik\u00e1ri. Klasick\u00fd bal\u00edk umo\u017e\u0148uje flexibilnej\u0161\u00ed bal\u00edk s v\u00e4\u010d\u0161\u00edm zapojen\u00edm do s\u0165ahovac\u00edch \u010dinnost\u00ed. Ekonomick\u00fd bal\u00edk umo\u017e\u0148uje vykona\u0165 v\u00e4\u010d\u0161inu \u00faloh sami a poskytuje prepravn\u00e9 slu\u017eby.<\/p>\n<p>Webov\u00e1 lokalita: <a href=\"http:\/\/www.tranelux.lu\" target=\"_blank\" rel=\"noopener\">http:\/\/www.tranelux.lu<\/a><\/p>\n<h2><span class=\"ez-toc-section\" id=\"Other_Useful_Guides_to_Luxembourg\"><\/span>\u010eal\u0161ie u\u017eito\u010dn\u00e9 pr\u00edru\u010dky o Luxembursku<span class=\"ez-toc-section-end\"><\/span><\/h2>\n<ul>\n<li> <a href=\"https:\/\/moverdb.com\/sk\/kontajnerova-preprava\/luxembursko\/\">2024 Ceny n\u00e1mornej kontajnerovej prepravy do a z Luxemburska<\/a><\/li>\n<li> <a href=\"https:\/\/moverdb.com\/sk\/moving-to-luxembourg\/\">S\u0165ahovanie do Luxemburska? 2026 N\u00e1klady na b\u00fdvanie a tipy na pres\u0165ahovanie<\/a><\/li>\n<li> <a href=\"https:\/\/moverdb.com\/sk\/moving-to-luxembourg\/living-in-luxembourg\/\">21 tajomstiev o \u017eivote v Luxembursku, ktor\u00e9 by ste mali vedie\u0165 pred pres\u0165ahovan\u00edm<\/a><\/li>\n<\/ul>","protected":false},"excerpt":{"rendered":"<p>When you are moving whether that is locally, nationally or internationally, there is a lot to think about and can keep you awake at night. Employing a moving company to manage your move can simplify it and help you sleep better. Below we have compiled a list of Luxembourg based removal companies that are members [&hellip;]<\/p>\n","protected":false},"author":4,"featured_media":0,"parent":190,"menu_order":0,"comment_status":"closed","ping_status":"closed","template":"","meta":{"_genesis_hide_title":false,"_genesis_hide_breadcrumbs":false,"_genesis_hide_singular_image":false,"_genesis_hide_footer_widgets":false,"_genesis_custom_body_class":"","_genesis_custom_post_class":"","_genesis_layout":"","footnotes":""},"class_list":{"0":"post-8410","1":"page","2":"type-page","3":"status-publish","5":"entry","6":"has-post-thumbnail"},"_links":{"self":[{"href":"https:\/\/moverdb.com\/sk\/wp-json\/wp\/v2\/pages\/8410","targetHints":{"allow":["GET"]}}],"collection":[{"href":"https:\/\/moverdb.com\/sk\/wp-json\/wp\/v2\/pages"}],"about":[{"href":"https:\/\/moverdb.com\/sk\/wp-json\/wp\/v2\/types\/page"}],"author":[{"embeddable":true,"href":"https:\/\/moverdb.com\/sk\/wp-json\/wp\/v2\/users\/4"}],"replies":[{"embeddable":true,"href":"https:\/\/moverdb.com\/sk\/wp-json\/wp\/v2\/comments?post=8410"}],"version-history":[{"count":2,"href":"https:\/\/moverdb.com\/sk\/wp-json\/wp\/v2\/pages\/8410\/revisions"}],"predecessor-version":[{"id":18372,"href":"https:\/\/moverdb.com\/sk\/wp-json\/wp\/v2\/pages\/8410\/revisions\/18372"}],"up":[{"embeddable":true,"href":"https:\/\/moverdb.com\/sk\/wp-json\/wp\/v2\/pages\/190"}],"wp:attachment":[{"href":"https:\/\/moverdb.com\/sk\/wp-json\/wp\/v2\/media?parent=8410"}],"curies":[{"name":"wp","href":"https:\/\/api.w.org\/{rel}","templated":true}]}}