{"id":8406,"date":"2023-04-27T14:50:58","date_gmt":"2023-04-27T14:50:58","guid":{"rendered":"https:\/\/moverdb.com\/?page_id=8406"},"modified":"2026-01-08T15:30:03","modified_gmt":"2026-01-08T15:30:03","slug":"moving-companies-libya","status":"publish","type":"page","link":"https:\/\/moverdb.com\/sk\/moving-companies\/moving-companies-libya\/","title":{"rendered":"Najlep\u0161ie medzin\u00e1rodn\u00e9 s\u0165ahovacie spolo\u010dnosti v L\u00edbyi"},"content":{"rendered":"<p>S\u0165ahovanie domov a\/alebo kancel\u00e1ri\u00ed m\u00f4\u017ee by\u0165 n\u00e1ro\u010dn\u00fdm obdob\u00edm, ktor\u00e9 je potrebn\u00e9 zvl\u00e1dnu\u0165, najm\u00e4 ak sa s\u0165ahujete do zahrani\u010dia. V tomto pr\u00edpade je potrebn\u00e9 <a href=\"https:\/\/moverdb.com\/sk\/moving-companies\/\" data-internallinksmanager029f6b8e52c=\"79\" title=\"Top 25 medzin\u00e1rodn\u00fdch s\u0165ahovac\u00edch spolo\u010dnost\u00ed online\">s\u0165ahovacia spolo\u010dnos\u0165<\/a> m\u00f4\u017ee pom\u00f4c\u0165 pri preberan\u00ed mnoh\u00fdch \u00faloh a riadenia. Ni\u017e\u0161ie sme zostavili zoznam L\u00edbye na z\u00e1klade <a href=\"https:\/\/moverdb.com\/sk\/international-removals\/\" data-internallinksmanager029f6b8e52c=\"27\" title=\"36 najlep\u0161\u00edch medzin\u00e1rodn\u00fdch s\u0165ahovac\u00edch spolo\u010dnost\u00ed v Spojenom kr\u00e1\u013eovstve\">s\u0165ahovacie spolo\u010dnosti<\/a> ktor\u00e9 s\u00fa \u010dlenmi <a href=\"https:\/\/moverdb.com\/sk\/iam\/\" data-internallinksmanager029f6b8e52c=\"23\" title=\"Vysvetlenie Medzin\u00e1rodnej asoci\u00e1cie s\u0165ahovate\u013eov (IAM)\">Medzin\u00e1rodn\u00e1 asoci\u00e1cia s\u0165ahovate\u013eov<\/a> (IAM) a\/alebo <a href=\"https:\/\/moverdb.com\/sk\/fidi-faim\/\" data-internallinksmanager029f6b8e52c=\"16\" title=\"Vysvetlenie FIDI a FAIM (FIDI akreditovan\u00fd medzin\u00e1rodn\u00fd prepravca)\">FIDI<\/a> Akreditovan\u00fd medzin\u00e1rodn\u00fd prepravca (FAIM), ktor\u00fd by v\u00e1m mohol pom\u00f4c\u0165 pri s\u0165ahovan\u00ed.<\/p>\n<h2><strong>Hudhud Worldwide Logistics<\/strong><\/h2>\n<p><img loading=\"lazy\" decoding=\"async\" class=\"alignnone size-full wp-image-8326\" src=\"https:\/\/moverdb.com\/wp-content\/uploads\/Hudhud-Worldwide-Logistics-international-moving-company.png\" alt=\"Hudhud Worldwide Logistics medzin\u00e1rodn\u00e9 s\u0165ahovanie spolo\u010dnos\u0165\" width=\"1440\" height=\"681\" data-wp-pid=\"8326\" srcset=\"https:\/\/moverdb.com\/wp-content\/uploads\/Hudhud-Worldwide-Logistics-international-moving-company.png 1440w, https:\/\/moverdb.com\/wp-content\/uploads\/Hudhud-Worldwide-Logistics-international-moving-company-300x142.png 300w, https:\/\/moverdb.com\/wp-content\/uploads\/Hudhud-Worldwide-Logistics-international-moving-company-1024x484.png 1024w, https:\/\/moverdb.com\/wp-content\/uploads\/Hudhud-Worldwide-Logistics-international-moving-company-18x9.png 18w, https:\/\/moverdb.com\/wp-content\/uploads\/Hudhud-Worldwide-Logistics-international-moving-company-600x284.png 600w\" sizes=\"auto, (max-width: 1440px) 100vw, 1440px\" \/><\/p>\n<ul>\n<li><a href=\"https:\/\/moverdb.com\/sk\/container-shipping\/\" data-internallinksmanager029f6b8e52c=\"3\" title=\"Graf sadzieb medzin\u00e1rodnej kontajnerovej prepravy: Apr\u00edl 2026\">Medzin\u00e1rodn\u00e1 preprava<\/a><\/li>\n<li>Preprava spolo\u010dnosti<\/li>\n<li>Slu\u017eby na mieru<\/li>\n<li>Cestn\u00e1, leteck\u00e1 a n\u00e1morn\u00e1 n\u00e1kladn\u00e1 doprava<\/li>\n<li>Sledovanie z\u00e1sielok<\/li>\n<li>V\u00fdber prepravn\u00fdch kontajnerov<\/li>\n<li>Coln\u00e9 konanie<\/li>\n<li>Podpora pri spracovan\u00ed dokumentov a dodr\u017eiavan\u00ed predpisov<\/li>\n<li>Poistenie<\/li>\n<li>Skladovacie zariadenia<\/li>\n<\/ul>\n<p>Hudhud Worldwide Logistics je spolo\u010dnos\u0165 poskytuj\u00faca prepravn\u00e9 a dopravn\u00e9 slu\u017eby, ktor\u00e1 p\u00f4sob\u00ed u\u017e viac ako desa\u0165 rokov a m\u00e1 s\u00eddlo v Tripolise, Beng\u00e1z\u00ed, Misur\u00e1te a \u010fal\u0161\u00edch ve\u013ek\u00fdch mest\u00e1ch. M\u00e1 sie\u0165 agentov a prepravn\u00fdch spolo\u010dnost\u00ed, ktor\u00e9 ju podporuj\u00fa pri poskytovan\u00ed svojich slu\u017eieb po celom svete. S\u00fa \u010dlenom IAM s 15-ro\u010dnou trad\u00edciou.<\/p>\n<p>Hudhud Worldwide Logistics pon\u00faka rie\u0161enia od dver\u00ed k dver\u00e1m, ktor\u00e9 s\u00fa prisp\u00f4soben\u00e9 va\u0161im potreb\u00e1m. Pon\u00fakaj\u00fa n\u00e1morn\u00fa prepravu s mo\u017enos\u0165ou v\u00fdberu z 20', 40', otvoren\u00fdch reg\u00e1lov, ploch\u00fdch reg\u00e1lov a vo\u013ene lo\u017een\u00e9ho tovaru s coln\u00fdm odbaven\u00edm. Pon\u00fakaj\u00fa leteck\u00fa n\u00e1kladn\u00fa dopravu s kompletnou slu\u017ebou sledovania, vybavovan\u00edm dokumentov a coln\u00fdm odbaven\u00edm.<\/p>\n<p>Webov\u00e1 lokalita: <a href=\"http:\/\/www.hudhudlogistics.com\" target=\"_blank\" rel=\"noopener\">http:\/\/www.hudhudlogistics.com<\/a><\/p>","protected":false},"excerpt":{"rendered":"<p>When you are moving home and\/or offices it can be a busy time with lots to manage particularly if you are moving abroad. This is where a moving company can assist in helping take on a lot of the management and tasks. Below we have compiled a list of Libya based removal companies that are [&hellip;]<\/p>\n","protected":false},"author":4,"featured_media":0,"parent":190,"menu_order":0,"comment_status":"closed","ping_status":"closed","template":"","meta":{"_genesis_hide_title":false,"_genesis_hide_breadcrumbs":false,"_genesis_hide_singular_image":false,"_genesis_hide_footer_widgets":false,"_genesis_custom_body_class":"","_genesis_custom_post_class":"","_genesis_layout":"","footnotes":""},"class_list":{"0":"post-8406","1":"page","2":"type-page","3":"status-publish","5":"entry","6":"has-post-thumbnail"},"_links":{"self":[{"href":"https:\/\/moverdb.com\/sk\/wp-json\/wp\/v2\/pages\/8406","targetHints":{"allow":["GET"]}}],"collection":[{"href":"https:\/\/moverdb.com\/sk\/wp-json\/wp\/v2\/pages"}],"about":[{"href":"https:\/\/moverdb.com\/sk\/wp-json\/wp\/v2\/types\/page"}],"author":[{"embeddable":true,"href":"https:\/\/moverdb.com\/sk\/wp-json\/wp\/v2\/users\/4"}],"replies":[{"embeddable":true,"href":"https:\/\/moverdb.com\/sk\/wp-json\/wp\/v2\/comments?post=8406"}],"version-history":[{"count":1,"href":"https:\/\/moverdb.com\/sk\/wp-json\/wp\/v2\/pages\/8406\/revisions"}],"predecessor-version":[{"id":8407,"href":"https:\/\/moverdb.com\/sk\/wp-json\/wp\/v2\/pages\/8406\/revisions\/8407"}],"up":[{"embeddable":true,"href":"https:\/\/moverdb.com\/sk\/wp-json\/wp\/v2\/pages\/190"}],"wp:attachment":[{"href":"https:\/\/moverdb.com\/sk\/wp-json\/wp\/v2\/media?parent=8406"}],"curies":[{"name":"wp","href":"https:\/\/api.w.org\/{rel}","templated":true}]}}