{"id":8404,"date":"2023-04-27T14:48:01","date_gmt":"2023-04-27T14:48:01","guid":{"rendered":"https:\/\/moverdb.com\/?page_id=8404"},"modified":"2026-01-08T15:23:47","modified_gmt":"2026-01-08T15:23:47","slug":"moving-companies-lesotho","status":"publish","type":"page","link":"https:\/\/moverdb.com\/sk\/moving-companies\/moving-companies-lesotho\/","title":{"rendered":"2 Najlep\u0161ie medzin\u00e1rodn\u00e9 s\u0165ahovacie spolo\u010dnosti v Lesothe"},"content":{"rendered":"<p>S\u0165ahovanie m\u00f4\u017ee by\u0165 stresuj\u00face, \u010di u\u017e ide o s\u0165ahovanie domu alebo firmy, a miera stresu sa zvy\u0161uje, ke\u010f s\u0165ahujete krajiny. To je d\u00f4vod, pre\u010do mnoho \u013eud\u00ed vyu\u017e\u00edva slu\u017eby <a href=\"https:\/\/moverdb.com\/sk\/moving-companies\/\" data-internallinksmanager029f6b8e52c=\"79\" title=\"Top 25 medzin\u00e1rodn\u00fdch s\u0165ahovac\u00edch spolo\u010dnost\u00ed online\">s\u0165ahovacia spolo\u010dnos\u0165<\/a>. Ni\u017e\u0161ie sme zostavili zoznam spolo\u010dnost\u00ed so s\u00eddlom v Lesothe. <a href=\"https:\/\/moverdb.com\/sk\/international-removals\/\" data-internallinksmanager029f6b8e52c=\"27\" title=\"36 najlep\u0161\u00edch medzin\u00e1rodn\u00fdch s\u0165ahovac\u00edch spolo\u010dnost\u00ed v Spojenom kr\u00e1\u013eovstve\">s\u0165ahovacie spolo\u010dnosti<\/a> ktor\u00e9 s\u00fa \u010dlenmi <a href=\"https:\/\/moverdb.com\/sk\/iam\/\" data-internallinksmanager029f6b8e52c=\"23\" title=\"Vysvetlenie Medzin\u00e1rodnej asoci\u00e1cie s\u0165ahovate\u013eov (IAM)\">Medzin\u00e1rodn\u00e1 asoci\u00e1cia s\u0165ahovate\u013eov<\/a> (IAM) a\/alebo <a href=\"https:\/\/moverdb.com\/sk\/fidi-faim\/\" data-internallinksmanager029f6b8e52c=\"16\" title=\"Vysvetlenie FIDI a FAIM (FIDI akreditovan\u00fd medzin\u00e1rodn\u00fd prepravca)\">FIDI<\/a> Akreditovan\u00fd medzin\u00e1rodn\u00fd prepravca (FAIM), ktor\u00fd by v\u00e1m mohol pom\u00f4c\u0165 pri s\u0165ahovan\u00ed.<\/p>\n<h2><strong>1. Stuttaford Van Lines<\/strong><\/h2>\n<p><img loading=\"lazy\" decoding=\"async\" class=\"alignnone size-full wp-image-8368\" src=\"https:\/\/moverdb.com\/wp-content\/uploads\/Stuttaford-Van-Lines-international-moving-company.png\" alt=\"Stuttaford Van Lines medzin\u00e1rodn\u00e9 s\u0165ahovanie spolo\u010dnos\u0165\" width=\"1440\" height=\"680\" data-wp-pid=\"8368\" srcset=\"https:\/\/moverdb.com\/wp-content\/uploads\/Stuttaford-Van-Lines-international-moving-company.png 1440w, https:\/\/moverdb.com\/wp-content\/uploads\/Stuttaford-Van-Lines-international-moving-company-300x142.png 300w, https:\/\/moverdb.com\/wp-content\/uploads\/Stuttaford-Van-Lines-international-moving-company-1024x484.png 1024w, https:\/\/moverdb.com\/wp-content\/uploads\/Stuttaford-Van-Lines-international-moving-company-18x9.png 18w, https:\/\/moverdb.com\/wp-content\/uploads\/Stuttaford-Van-Lines-international-moving-company-600x283.png 600w\" sizes=\"auto, (max-width: 1440px) 100vw, 1440px\" \/><\/p>\n<ul>\n<li>N\u00e1rodn\u00e9 presuny<\/li>\n<li>Medzin\u00e1rodn\u00e9 s\u0165ahovanie<\/li>\n<li>S\u0165ahovanie do obytn\u00fdch priestorov<\/li>\n<li>Obchodn\u00e9 kroky<\/li>\n<li>Slu\u017eby na mieru<\/li>\n<li>Baliace slu\u017eby<\/li>\n<li>Premiest\u0148ovanie vozidiel a dom\u00e1cich zvierat<\/li>\n<li>Manipul\u00e1cia s v\u00fdtvarn\u00fdm umen\u00edm<\/li>\n<li>Poistenie<\/li>\n<li>Kr\u00e1tkodob\u00e9 a dlhodob\u00e9 skladovanie<\/li>\n<\/ul>\n<p>Stuttaford Van Lines je s\u0165ahovacia spolo\u010dnos\u0165, ktor\u00e1 sl\u00fa\u017ei rodin\u00e1m a podnikom od polovice 19. storo\u010dia a m\u00e1 pobo\u010dky po celom <a href=\"https:\/\/moverdb.com\/sk\/moving-to-south-africa\/\" data-internallinksmanager029f6b8e52c=\"347\" title=\"S\u0165ahovanie do Ju\u017enej Afriky? 2026 N\u00e1klady na \u017eivot a tipy na pres\u0165ahovanie\">Ju\u017en\u00e1 Afrika<\/a> vr\u00e1tane Masero, Lesotho. S\u00fa \u010dlenom IAM so 47-ro\u010dnou trad\u00edciou, \u010do im umo\u017e\u0148uje pr\u00edstup k medzin\u00e1rodnej sieti s\u0165ahovac\u00edch agentov, ktor\u00ed im poskytuj\u00fa podporu,<\/p>\n<p>Spolo\u010dnos\u0165 Stuffaford Van Lines v\u00e1m pom\u00f4\u017ee starostlivo napl\u00e1nova\u0165 a pripravi\u0165 s\u0165ahovanie. Pridel\u00ed v\u00e1m jedin\u00fa kontaktn\u00fa osobu, ktor\u00e1 v\u00e1s bude podporova\u0165 v ka\u017edom kroku. Poskytuj\u00fa baliace slu\u017eby, ktor\u00e9 zah\u0155\u0148aj\u00fa pou\u017eitie vysokokvalitn\u00fdch obalov a ochrann\u00fdch obalov, ozna\u010dia v\u0161etky kart\u00f3ny a vyhotovia s\u00fapis.<\/p>\n<p>Webov\u00e1 lokalita: <a href=\"http:\/\/www.stuttafordvanlines.co.za\" target=\"_blank\" rel=\"noopener\">http:\/\/www.stuttafordvanlines.co.za<\/a><\/p>\n<h2><strong>2. Ist\u00e1 logistika<\/strong><\/h2>\n<p><img loading=\"lazy\" decoding=\"async\" class=\"alignnone size-full wp-image-8371\" src=\"https:\/\/moverdb.com\/wp-content\/uploads\/Sure-Logistics-international-moving-company.png\" alt=\"Sure Logistics medzin\u00e1rodn\u00e9 s\u0165ahovanie spolo\u010dnos\u0165\" width=\"1440\" height=\"678\" data-wp-pid=\"8371\" srcset=\"https:\/\/moverdb.com\/wp-content\/uploads\/Sure-Logistics-international-moving-company.png 1440w, https:\/\/moverdb.com\/wp-content\/uploads\/Sure-Logistics-international-moving-company-300x141.png 300w, https:\/\/moverdb.com\/wp-content\/uploads\/Sure-Logistics-international-moving-company-1024x482.png 1024w, https:\/\/moverdb.com\/wp-content\/uploads\/Sure-Logistics-international-moving-company-18x8.png 18w, https:\/\/moverdb.com\/wp-content\/uploads\/Sure-Logistics-international-moving-company-600x283.png 600w\" sizes=\"auto, (max-width: 1440px) 100vw, 1440px\" \/><\/p>\n<ul>\n<li>Miestne s\u0165ahovanie<\/li>\n<li>S\u0165ahovanie do z\u00e1moria<\/li>\n<li>S\u0165ahovanie domov<\/li>\n<li>S\u0165ahovanie kancel\u00e1ri\u00ed<\/li>\n<li>Slu\u017eby premiestnenia<\/li>\n<li>Na mieru \u0161it\u00e9 s\u0165ahovacie slu\u017eby<\/li>\n<li>Zabezpe\u010denie prepravy<\/li>\n<li>Mo\u017enosti kontajnera<\/li>\n<li><a href=\"https:\/\/moverdb.com\/sk\/car-transport-shipping\/\" data-internallinksmanager029f6b8e52c=\"2\" title=\"2026 Medzin\u00e1rodn\u00e1 preprava \u00e1ut a cit\u00e1cie prepravy vozidiel\">Preprava vozidiel<\/a><\/li>\n<li>Bezpe\u010dn\u00e9 kr\u00e1tkodob\u00e9 a dlhodob\u00e9 skladovanie<\/li>\n<\/ul>\n<p>Sure Logistics je \u0161pecializovan\u00e1 spolo\u010dnos\u0165 na riadenie logistiky, ktor\u00e1 pon\u00faka cel\u00fd rad dopravn\u00fdch slu\u017eieb a rie\u0161en\u00ed dod\u00e1vate\u013esk\u00e9ho re\u0165azca a s\u00eddli v meste Masero. Pri poskytovan\u00ed svojich slu\u017eieb do in\u00fdch kraj\u00edn spolupracuje s medzin\u00e1rodn\u00fdmi partnermi v oblasti s\u0165ahovania. S\u00fa \u010dlenom IAM s dev\u00e4\u0165ro\u010dnou trad\u00edciou.<\/p>\n<p>Sure Logistics pon\u00faka s\u0165ahovacie slu\u017eby v r\u00e1mci Lesotha, do Lesotha a z Lesotha pre dom\u00e1cnosti a firmy, ktor\u00e9 s\u00fa prisp\u00f4soben\u00e9 va\u0161im potreb\u00e1m. Pon\u00faka aj slu\u017eby s\u0165ahovania, ktor\u00e9 poskytuj\u00fa person\u00e1lnu podporu zamestnancom, a \u0161pecializovan\u00e9 bal\u00edky glob\u00e1lnej mobility vo viac ako 150 krajin\u00e1ch. Bezpe\u010dne prepravia va\u0161e veci a m\u00f4\u017eu pon\u00faknu\u0165 pln\u00fd n\u00e1klad aj menej ako kontajnerov\u00fd n\u00e1klad.<\/p>\n<p>Webov\u00e1 lokalita: <a href=\"http:\/\/www.surelogistics.co.ls\" target=\"_blank\" rel=\"noopener\">http:\/\/www.surelogistics.co.ls<\/a><\/p>","protected":false},"excerpt":{"rendered":"<p>Moving can be a stressful time whether you are moving your home or your business, and the stress level increases when you are moving countries. This is why so many people employ the services of a moving company. Below we have compiled a list of Lesotho based removal companies that are members of the International [&hellip;]<\/p>\n","protected":false},"author":4,"featured_media":0,"parent":190,"menu_order":0,"comment_status":"closed","ping_status":"closed","template":"","meta":{"_genesis_hide_title":false,"_genesis_hide_breadcrumbs":false,"_genesis_hide_singular_image":false,"_genesis_hide_footer_widgets":false,"_genesis_custom_body_class":"","_genesis_custom_post_class":"","_genesis_layout":"","footnotes":""},"class_list":{"0":"post-8404","1":"page","2":"type-page","3":"status-publish","5":"entry","6":"has-post-thumbnail"},"_links":{"self":[{"href":"https:\/\/moverdb.com\/sk\/wp-json\/wp\/v2\/pages\/8404","targetHints":{"allow":["GET"]}}],"collection":[{"href":"https:\/\/moverdb.com\/sk\/wp-json\/wp\/v2\/pages"}],"about":[{"href":"https:\/\/moverdb.com\/sk\/wp-json\/wp\/v2\/types\/page"}],"author":[{"embeddable":true,"href":"https:\/\/moverdb.com\/sk\/wp-json\/wp\/v2\/users\/4"}],"replies":[{"embeddable":true,"href":"https:\/\/moverdb.com\/sk\/wp-json\/wp\/v2\/comments?post=8404"}],"version-history":[{"count":2,"href":"https:\/\/moverdb.com\/sk\/wp-json\/wp\/v2\/pages\/8404\/revisions"}],"predecessor-version":[{"id":8418,"href":"https:\/\/moverdb.com\/sk\/wp-json\/wp\/v2\/pages\/8404\/revisions\/8418"}],"up":[{"embeddable":true,"href":"https:\/\/moverdb.com\/sk\/wp-json\/wp\/v2\/pages\/190"}],"wp:attachment":[{"href":"https:\/\/moverdb.com\/sk\/wp-json\/wp\/v2\/media?parent=8404"}],"curies":[{"name":"wp","href":"https:\/\/api.w.org\/{rel}","templated":true}]}}