{"id":8402,"date":"2023-04-27T14:51:30","date_gmt":"2023-04-27T14:51:30","guid":{"rendered":"https:\/\/moverdb.com\/?page_id=8402"},"modified":"2026-01-08T15:29:28","modified_gmt":"2026-01-08T15:29:28","slug":"moving-companies-lebanon","status":"publish","type":"page","link":"https:\/\/moverdb.com\/sk\/moving-companies\/moving-companies-lebanon\/","title":{"rendered":"7 najlep\u0161\u00edch medzin\u00e1rodn\u00fdch s\u0165ahovac\u00edch spolo\u010dnost\u00ed v Libanone"},"content":{"rendered":"<p>U\u017e len prem\u00fd\u0161\u013eanie o s\u0165ahovan\u00ed dom\u00e1cnosti alebo firmy m\u00f4\u017ee by\u0165 stresuj\u00face a komplikovan\u00e9, ak sa pl\u00e1nujete pres\u0165ahova\u0165 do zahrani\u010dia. <a href=\"https:\/\/moverdb.com\/sk\/moving-companies\/\" data-internallinksmanager029f6b8e52c=\"79\" title=\"Top 25 medzin\u00e1rodn\u00fdch s\u0165ahovac\u00edch spolo\u010dnost\u00ed online\">s\u0165ahovacia spolo\u010dnos\u0165<\/a> m\u00f4\u017ee pom\u00f4c\u0165 od\u013eah\u010di\u0165 z\u00e1\u0165a\u017e. Ni\u017e\u0161ie sme zostavili zoznam libanonsk\u00fdch <a href=\"https:\/\/moverdb.com\/sk\/international-removals\/\" data-internallinksmanager029f6b8e52c=\"27\" title=\"36 najlep\u0161\u00edch medzin\u00e1rodn\u00fdch s\u0165ahovac\u00edch spolo\u010dnost\u00ed v Spojenom kr\u00e1\u013eovstve\">s\u0165ahovacie spolo\u010dnosti<\/a> ktor\u00e9 s\u00fa \u010dlenmi <a href=\"https:\/\/moverdb.com\/sk\/iam\/\" data-internallinksmanager029f6b8e52c=\"23\" title=\"Vysvetlenie Medzin\u00e1rodnej asoci\u00e1cie s\u0165ahovate\u013eov (IAM)\">Medzin\u00e1rodn\u00e1 asoci\u00e1cia s\u0165ahovate\u013eov<\/a> (IAM) a\/alebo <a href=\"https:\/\/moverdb.com\/sk\/fidi-faim\/\" data-internallinksmanager029f6b8e52c=\"16\" title=\"Vysvetlenie FIDI a FAIM (FIDI akreditovan\u00fd medzin\u00e1rodn\u00fd prepravca)\">FIDI<\/a> Akreditovan\u00fd medzin\u00e1rodn\u00fd prepravca (FAIM), ktor\u00fd by v\u00e1m mohol pom\u00f4c\u0165 pri s\u0165ahovan\u00ed.<\/p>\n<div id=\"ez-toc-container\" class=\"ez-toc-v2_0_82_2 ez-toc-wrap-left counter-hierarchy ez-toc-counter ez-toc-transparent ez-toc-container-direction\">\n<div class=\"ez-toc-title-container\">\n<p class=\"ez-toc-title\" style=\"cursor:inherit\">Sekcie<\/p>\n<span class=\"ez-toc-title-toggle\"><a href=\"#\" class=\"ez-toc-pull-right ez-toc-btn ez-toc-btn-xs ez-toc-btn-default ez-toc-toggle\" aria-label=\"Prep\u00ednanie tabu\u013eky obsahu\"><span class=\"ez-toc-js-icon-con\"><span class=\"\"><span class=\"eztoc-hide\" style=\"display:none;\">Prep\u00edna\u010d<\/span><span class=\"ez-toc-icon-toggle-span\"><svg style=\"fill: #999;color:#999\" xmlns=\"http:\/\/www.w3.org\/2000\/svg\" class=\"list-377408\" width=\"20px\" height=\"20px\" viewbox=\"0 0 24 24\" fill=\"none\"><path d=\"M6 6H4v2h2V6zm14 0H8v2h12V6zM4 11h2v2H4v-2zm16 0H8v2h12v-2zM4 16h2v2H4v-2zm16 0H8v2h12v-2z\" fill=\"currentColor\"><\/path><\/svg><svg style=\"fill: #999;color:#999\" class=\"arrow-unsorted-368013\" xmlns=\"http:\/\/www.w3.org\/2000\/svg\" width=\"10px\" height=\"10px\" viewbox=\"0 0 24 24\" version=\"1.2\" baseprofile=\"tiny\"><path d=\"M18.2 9.3l-6.2-6.3-6.2 6.3c-.2.2-.3.4-.3.7s.1.5.3.7c.2.2.4.3.7.3h11c.3 0 .5-.1.7-.3.2-.2.3-.5.3-.7s-.1-.5-.3-.7zM5.8 14.7l6.2 6.3 6.2-6.3c.2-.2.3-.5.3-.7s-.1-.5-.3-.7c-.2-.2-.4-.3-.7-.3h-11c-.3 0-.5.1-.7.3-.2.2-.3.5-.3.7s.1.5.3.7z\"\/><\/svg><\/span><\/span><\/span><\/a><\/span><\/div>\n<nav><ul class='ez-toc-list ez-toc-list-level-1 eztoc-toggle-hide-by-default' ><li class='ez-toc-page-1 ez-toc-heading-level-2'><a class=\"ez-toc-link ez-toc-heading-1\" href=\"https:\/\/moverdb.com\/sk\/moving-companies\/moving-companies-lebanon\/#1_I-Movers\" >1. I-Movers<\/a><\/li><li class='ez-toc-page-1 ez-toc-heading-level-2'><a class=\"ez-toc-link ez-toc-heading-2\" href=\"https:\/\/moverdb.com\/sk\/moving-companies\/moving-companies-lebanon\/#2_Adam_International_Movers\" >2. Adam International Movers<\/a><\/li><li class='ez-toc-page-1 ez-toc-heading-level-2'><a class=\"ez-toc-link ez-toc-heading-3\" href=\"https:\/\/moverdb.com\/sk\/moving-companies\/moving-companies-lebanon\/#3_Orbit_International_Forwarders\" >3. Medzin\u00e1rodn\u00e9 zasielate\u013estvo Orbit<\/a><\/li><li class='ez-toc-page-1 ez-toc-heading-level-2'><a class=\"ez-toc-link ez-toc-heading-4\" href=\"https:\/\/moverdb.com\/sk\/moving-companies\/moving-companies-lebanon\/#4_All_Transportation_Agency\" >4. V\u0161etky dopravn\u00e9 agent\u00fary<\/a><\/li><li class='ez-toc-page-1 ez-toc-heading-level-2'><a class=\"ez-toc-link ez-toc-heading-5\" href=\"https:\/\/moverdb.com\/sk\/moving-companies\/moving-companies-lebanon\/#5_Beirut_Express\" >5. Bejr\u00fatsky expres<\/a><\/li><li class='ez-toc-page-1 ez-toc-heading-level-2'><a class=\"ez-toc-link ez-toc-heading-6\" href=\"https:\/\/moverdb.com\/sk\/moving-companies\/moving-companies-lebanon\/#6_Domex\" >6. Domex<\/a><\/li><li class='ez-toc-page-1 ez-toc-heading-level-2'><a class=\"ez-toc-link ez-toc-heading-7\" href=\"https:\/\/moverdb.com\/sk\/moving-companies\/moving-companies-lebanon\/#7_BCC_Logistics\" >7. Logistika BCC<\/a><\/li><\/ul><\/nav><\/div>\n<h2><span class=\"ez-toc-section\" id=\"1_I-Movers\"><\/span><strong>1. I-Movers<\/strong><span class=\"ez-toc-section-end\"><\/span><\/h2>\n<p><img loading=\"lazy\" decoding=\"async\" class=\"alignnone size-full wp-image-8327\" src=\"https:\/\/moverdb.com\/wp-content\/uploads\/I-Movers-international-moving-company.png\" alt=\"I-Movers medzin\u00e1rodn\u00e9 s\u0165ahovanie spolo\u010dnos\u0165\" width=\"1440\" height=\"680\" data-wp-pid=\"8327\" srcset=\"https:\/\/moverdb.com\/wp-content\/uploads\/I-Movers-international-moving-company.png 1440w, https:\/\/moverdb.com\/wp-content\/uploads\/I-Movers-international-moving-company-300x142.png 300w, https:\/\/moverdb.com\/wp-content\/uploads\/I-Movers-international-moving-company-1024x484.png 1024w, https:\/\/moverdb.com\/wp-content\/uploads\/I-Movers-international-moving-company-18x9.png 18w, https:\/\/moverdb.com\/wp-content\/uploads\/I-Movers-international-moving-company-600x283.png 600w\" sizes=\"auto, (max-width: 1440px) 100vw, 1440px\" \/><\/p>\n<ul>\n<li>Miestne s\u0165ahovanie<\/li>\n<li>Medzin\u00e1rodn\u00e9 s\u0165ahovanie<\/li>\n<li>S\u0165ahovanie dom\u00e1cnost\u00ed<\/li>\n<li>S\u0165ahovanie firiem<\/li>\n<li>Slu\u017eby na mieru<\/li>\n<li>Profesion\u00e1lne baliace slu\u017eby<\/li>\n<li>Leteck\u00e1 a n\u00e1morn\u00e1 doprava<\/li>\n<li>Coln\u00e9 dokumenty<\/li>\n<li><a href=\"https:\/\/moverdb.com\/sk\/car-transport-shipping\/\" data-internallinksmanager029f6b8e52c=\"2\" title=\"2026 Medzin\u00e1rodn\u00e1 preprava \u00e1ut a cit\u00e1cie prepravy vozidiel\">Preprava vozidiel<\/a><\/li>\n<li>Mo\u017enosti ukladania<\/li>\n<\/ul>\n<p>I-Movers je medzin\u00e1rodn\u00e1 spolo\u010dnos\u0165, ktor\u00e1 sa zaober\u00e1 s\u0165ahovan\u00edm dom\u00e1cnost\u00ed a firiem a s\u00eddli v Bejr\u00fate. Je \u010dlenom IAM s osemro\u010dnou trad\u00edciou a toto \u010dlenstvo im umo\u017e\u0148uje pr\u00edstup k medzin\u00e1rodnej sieti s\u0165ahovac\u00edch agentov.<\/p>\n<p>I-Movers pon\u00faka virtu\u00e1lny prieskum pre r\u00fdchlos\u0165 a efektivitu. Poskytuj\u00fa s\u0165ahovacie slu\u017eby na mieru so \u0161pecializovan\u00fdm mana\u017e\u00e9rom s\u0165ahovania, ktor\u00fd riadi va\u0161e s\u0165ahovanie. Poskytuj\u00fa baliace slu\u017eby, pri ktor\u00fdch pou\u017e\u00edvaj\u00fa prvotriedny baliaci materi\u00e1l a dobre vy\u0161kolen\u00e9 t\u00edmy bali\u010dov, ktor\u00ed s\u00fa z\u00e1rove\u0148 poisten\u00ed proti v\u0161etk\u00fdm rizik\u00e1m. Poskytuj\u00fa syst\u00e9m sledovania leteck\u00fdch a n\u00e1morn\u00fdch z\u00e1sielok a podporu pri vybavovan\u00ed dokumentov vr\u00e1tane coln\u00e9ho konania.<\/p>\n<p>Webov\u00e1 lokalita: <a href=\"http:\/\/www.i-movers.com\" target=\"_blank\" rel=\"noopener\">http:\/\/www.i-movers.com<\/a><\/p>\n<h2><span class=\"ez-toc-section\" id=\"2_Adam_International_Movers\"><\/span><strong>2. Adam International Movers<\/strong><span class=\"ez-toc-section-end\"><\/span><\/h2>\n<p><img loading=\"lazy\" decoding=\"async\" class=\"alignnone size-full wp-image-8279\" src=\"https:\/\/moverdb.com\/wp-content\/uploads\/Adam-International-Movers-company.png\" alt=\"Spolo\u010dnos\u0165 Adam International Movers\" width=\"1440\" height=\"679\" data-wp-pid=\"8279\" srcset=\"https:\/\/moverdb.com\/wp-content\/uploads\/Adam-International-Movers-company.png 1440w, https:\/\/moverdb.com\/wp-content\/uploads\/Adam-International-Movers-company-300x141.png 300w, https:\/\/moverdb.com\/wp-content\/uploads\/Adam-International-Movers-company-1024x483.png 1024w, https:\/\/moverdb.com\/wp-content\/uploads\/Adam-International-Movers-company-18x8.png 18w, https:\/\/moverdb.com\/wp-content\/uploads\/Adam-International-Movers-company-600x283.png 600w\" sizes=\"auto, (max-width: 1440px) 100vw, 1440px\" \/><\/p>\n<ul>\n<li>N\u00e1rodn\u00e9 presuny<\/li>\n<li>Medzin\u00e1rodn\u00e9 s\u0165ahovanie<\/li>\n<li>S\u0165ahovanie dom\u00e1cnost\u00ed<\/li>\n<li>S\u0165ahovanie kancel\u00e1ri\u00ed<\/li>\n<li>Prisp\u00f4sobite\u013en\u00e9 ponuky, ktor\u00e9 s\u00fa \u0161etrn\u00e9 k rozpo\u010dtu<\/li>\n<li>Profesion\u00e1lne baliace slu\u017eby<\/li>\n<li>Cestn\u00e1, leteck\u00e1 alebo n\u00e1morn\u00e1 preprava<\/li>\n<li>Coln\u00e9 konanie<\/li>\n<li>Poistenie<\/li>\n<li>Skladovacie zariadenia<\/li>\n<\/ul>\n<p>Adam International Movers je spolo\u010dnos\u0165 poskytuj\u00faca baliace a s\u0165ahovacie slu\u017eby pre jednotlivcov, dom\u00e1cnosti a kancel\u00e1rie so s\u00eddlom v Bejr\u00fate, Libanone a Arm\u00e9nsku. M\u00e1 sie\u0165 agentov a prepravcov po celom svete, ktor\u00ed ju podporuj\u00fa pri poskytovan\u00ed medzin\u00e1rodn\u00fdch slu\u017eieb. S\u00fa \u010dlenom IAM so \u0161es\u0165ro\u010dnou trad\u00edciou.<\/p>\n<p>Spolo\u010dnos\u0165 Adam International Movers pon\u00faka prieskum pred s\u0165ahovan\u00edm, aby pochopila va\u0161e po\u017eiadavky na s\u0165ahovanie a poskytla v\u00e1m cenov\u00fa ponuku. Poskytuj\u00fa profesion\u00e1lne baliace slu\u017eby, ktor\u00e9 zabezpe\u010duje vy\u0161kolen\u00fd person\u00e1l, ktor\u00fd pou\u017e\u00edva najmodernej\u0161ie techniky a vysokokvalitn\u00e9 baliace materi\u00e1ly. Zabezpe\u010dia prepravu va\u0161ich vec\u00ed cestnou, leteckou alebo n\u00e1mornou dopravou a v pr\u00edpade potreby aj coln\u00e9 odbavenie.<\/p>\n<p>Webov\u00e1 lokalita: <a href=\"http:\/\/www.adam-movers.com\" target=\"_blank\" rel=\"noopener\">http:\/\/www.adam-movers.com<\/a><\/p>\n<h2><span class=\"ez-toc-section\" id=\"3_Orbit_International_Forwarders\"><\/span><strong>3. Medzin\u00e1rodn\u00e9 zasielate\u013estvo Orbit<\/strong><span class=\"ez-toc-section-end\"><\/span><\/h2>\n<p><img loading=\"lazy\" decoding=\"async\" class=\"alignnone size-full wp-image-8351\" src=\"https:\/\/moverdb.com\/wp-content\/uploads\/Orbit-International-Forwarders-Lebanon-moving-company.png\" alt=\"Orbit International Forwarders Libanon pohybuj\u00face sa spolo\u010dnos\u0165\" width=\"1440\" height=\"679\" data-wp-pid=\"8351\" srcset=\"https:\/\/moverdb.com\/wp-content\/uploads\/Orbit-International-Forwarders-Lebanon-moving-company.png 1440w, https:\/\/moverdb.com\/wp-content\/uploads\/Orbit-International-Forwarders-Lebanon-moving-company-300x141.png 300w, https:\/\/moverdb.com\/wp-content\/uploads\/Orbit-International-Forwarders-Lebanon-moving-company-1024x483.png 1024w, https:\/\/moverdb.com\/wp-content\/uploads\/Orbit-International-Forwarders-Lebanon-moving-company-18x8.png 18w, https:\/\/moverdb.com\/wp-content\/uploads\/Orbit-International-Forwarders-Lebanon-moving-company-600x283.png 600w\" sizes=\"auto, (max-width: 1440px) 100vw, 1440px\" \/><\/p>\n<ul>\n<li>Miestne a vn\u00fatro\u0161t\u00e1tne s\u0165ahovanie<\/li>\n<li>S\u0165ahovanie po celom svete<\/li>\n<li>S\u0165ahovanie dom\u00e1cnost\u00ed<\/li>\n<li>Premiest\u0148ovanie firiem<\/li>\n<li>Slu\u017eba od dver\u00ed k dver\u00e1m<\/li>\n<li>Baliace slu\u017eby<\/li>\n<li>Pozemn\u00e1, n\u00e1morn\u00e1 alebo leteck\u00e1 n\u00e1kladn\u00e1 doprava<\/li>\n<li>Manipul\u00e1cia s v\u00fdtvarn\u00fdm umen\u00edm<\/li>\n<li>Preprava motorov\u00fdch vozidiel<\/li>\n<li>Skladovacie zariadenia<\/li>\n<\/ul>\n<p>Spolo\u010dnos\u0165 Orbit International Forwarders je baliaca a s\u0165ahovacia spolo\u010dnos\u0165, ktor\u00e1 bola zalo\u017een\u00e1 v roku 1983. M\u00e1 dev\u00e4\u0165 pobo\u010diek v Eur\u00f3pe a \u00c1zii vr\u00e1tane Bejr\u00fatu v Libanone. Spolupracuj\u00fa s viac ako tis\u00edckou vybran\u00fdch agentov v takmer v\u0161etk\u00fdch krajin\u00e1ch sveta, ktor\u00ed poskytuj\u00fa ich slu\u017eby na medzin\u00e1rodnej \u00farovni. S\u00fa \u010dlenom IAM s 26-ro\u010dnou trad\u00edciou.<\/p>\n<p>Spolo\u010dnos\u0165 Orbit International Forwarders pon\u00faka individu\u00e1lne s\u0165ahovacie slu\u017eby od dver\u00ed k dver\u00e1m, ktor\u00e9 za\u010d\u00ednaj\u00fa \u00favodn\u00fdm prieskumom. Pon\u00fakaj\u00fa vysokokvalitn\u00e9 baliace slu\u017eby na ochranu va\u0161ich vec\u00ed a prepravky na krehk\u00e9 predmety. Pon\u00fakaj\u00fa aj \u010fal\u0161ie slu\u017eby, medzi ktor\u00e9 patr\u00ed preprava motorov\u00fdch vozidiel, manipul\u00e1cia s v\u00fdtvarn\u00fdm umen\u00edm, logistika v\u00fdstav, logistika m\u00e9di\u00ed a z\u00e1bavy a skladovacie priestory.<\/p>\n<p>Webov\u00e1 lokalita: <a href=\"http:\/\/www.orbitlb.com\" target=\"_blank\" rel=\"noopener\">http:\/\/www.orbitlb.com<\/a><\/p>\n<h2><span class=\"ez-toc-section\" id=\"4_All_Transportation_Agency\"><\/span><strong>4. V\u0161etky dopravn\u00e9 agent\u00fary<\/strong><span class=\"ez-toc-section-end\"><\/span><\/h2>\n<p><img loading=\"lazy\" decoding=\"async\" class=\"alignnone size-full wp-image-8285\" src=\"https:\/\/moverdb.com\/wp-content\/uploads\/All-Transportation-Agency-international-moving-company.png\" alt=\"V\u0161etky Dopravn\u00e1 agent\u00fara medzin\u00e1rodn\u00e9 s\u0165ahovanie spolo\u010dnos\u0165\" width=\"1440\" height=\"680\" data-wp-pid=\"8285\" srcset=\"https:\/\/moverdb.com\/wp-content\/uploads\/All-Transportation-Agency-international-moving-company.png 1440w, https:\/\/moverdb.com\/wp-content\/uploads\/All-Transportation-Agency-international-moving-company-300x142.png 300w, https:\/\/moverdb.com\/wp-content\/uploads\/All-Transportation-Agency-international-moving-company-1024x484.png 1024w, https:\/\/moverdb.com\/wp-content\/uploads\/All-Transportation-Agency-international-moving-company-18x9.png 18w, https:\/\/moverdb.com\/wp-content\/uploads\/All-Transportation-Agency-international-moving-company-600x283.png 600w\" sizes=\"auto, (max-width: 1440px) 100vw, 1440px\" \/><\/p>\n<ul>\n<li>N\u00e1rodn\u00e9 presuny<\/li>\n<li>Medzin\u00e1rodn\u00e9 s\u0165ahovanie<\/li>\n<li>S\u0165ahovanie dom\u00e1cnost\u00ed<\/li>\n<li>Komer\u010dn\u00e9 projekty<\/li>\n<li>Slu\u017eba od dver\u00ed k dver\u00e1m<\/li>\n<li>Profesion\u00e1lne baliace slu\u017eby<\/li>\n<li>Pozemn\u00e1, n\u00e1morn\u00e1 a leteck\u00e1 doprava<\/li>\n<li>Coln\u00e9 konanie<\/li>\n<li>Manipul\u00e1cia s v\u00fdtvarn\u00fdm umen\u00edm<\/li>\n<li>Bezpe\u010dn\u00e9 ukladanie<\/li>\n<\/ul>\n<p>All Transportation Agency je kl\u00edringov\u00e1 a \u0161pedi\u010dn\u00e1 agent\u00fara zalo\u017een\u00e1 v roku 1985 so s\u00eddlom v Bejr\u00fate. Svoje pobo\u010dky m\u00e1 aj v Tripolise, Saide a Tyre. S\u00fa \u010dlenom IAM, \u010do im umo\u017e\u0148uje pr\u00edstup k medzin\u00e1rodnej sieti s\u0165ahovac\u00edch agent\u00far, ktor\u00e9 im m\u00f4\u017eu pom\u00f4c\u0165 pri poskytovan\u00ed slu\u017eieb na medzin\u00e1rodnej \u00farovni.<\/p>\n<p>V\u0161etky dopravn\u00e9 agent\u00fary poskytuj\u00fa slu\u017eby od dver\u00ed k dver\u00e1m pre dom\u00e1cnosti, ktor\u00e9 sa s\u0165ahuj\u00fa v r\u00e1mci Libanonu, do Libanonu alebo z Libanonu. Poskytuje profesion\u00e1lne baliace slu\u017eby na ochranu va\u0161ich vec\u00ed, vr\u00e1tane \u0161pecializovan\u00fdch slu\u017eieb pre v\u00fdtvarn\u00e9 umenie. Ich baliace slu\u017eby zah\u0155\u0148aj\u00fa aj demont\u00e1\u017e a mont\u00e1\u017e n\u00e1bytku a ozna\u010dovanie \u0161kat\u00fa\u013e.<\/p>\n<p>Webov\u00e1 lokalita: <a href=\"http:\/\/www.ata-lebanon.com\" target=\"_blank\" rel=\"noopener\">http:\/\/www.ata-lebanon.com<\/a><\/p>\n<h2><span class=\"ez-toc-section\" id=\"5_Beirut_Express\"><\/span><strong>5. Bejr\u00fatsky expres<\/strong><span class=\"ez-toc-section-end\"><\/span><\/h2>\n<p><img loading=\"lazy\" decoding=\"async\" class=\"alignnone size-full wp-image-8293\" src=\"https:\/\/moverdb.com\/wp-content\/uploads\/Beirut-Express-international-moving-company.png\" alt=\"Bejr\u00fat Express medzin\u00e1rodn\u00e9 s\u0165ahovanie spolo\u010dnos\u0165\" width=\"1440\" height=\"681\" data-wp-pid=\"8293\" srcset=\"https:\/\/moverdb.com\/wp-content\/uploads\/Beirut-Express-international-moving-company.png 1440w, https:\/\/moverdb.com\/wp-content\/uploads\/Beirut-Express-international-moving-company-300x142.png 300w, https:\/\/moverdb.com\/wp-content\/uploads\/Beirut-Express-international-moving-company-1024x484.png 1024w, https:\/\/moverdb.com\/wp-content\/uploads\/Beirut-Express-international-moving-company-18x9.png 18w, https:\/\/moverdb.com\/wp-content\/uploads\/Beirut-Express-international-moving-company-600x284.png 600w\" sizes=\"auto, (max-width: 1440px) 100vw, 1440px\" \/><\/p>\n<ul>\n<li>Miestne s\u0165ahovanie<\/li>\n<li>Medzin\u00e1rodn\u00e9 premiestnenia<\/li>\n<li>S\u0165ahovanie dom\u00e1cnost\u00ed<\/li>\n<li>S\u0165ahovanie kancel\u00e1ri\u00ed<\/li>\n<li>Profesion\u00e1lne baliace slu\u017eby<\/li>\n<li>Kvalitn\u00e9 baliace materi\u00e1ly<\/li>\n<li>Leteck\u00e1 a n\u00e1morn\u00e1 n\u00e1kladn\u00e1 doprava<\/li>\n<li>Coln\u00e9 konanie<\/li>\n<li>Preprava vozidiel<\/li>\n<li>Cestovanie a predaj l\u00edstkov<\/li>\n<\/ul>\n<p>Beirut Express je miestna a medzin\u00e1rodn\u00e1 s\u0165ahovacia a premiest\u0148ovacia slu\u017eba, ktor\u00e1 p\u00f4sob\u00ed u\u017e 56 rokov a s\u00eddli v Bejr\u00fate. M\u00e1 celosvetov\u00fa sie\u0165 pridru\u017een\u00fdch spolo\u010dnost\u00ed a akreditovan\u00fdch agentov a je \u010dlenom IAM.<\/p>\n<p>Beirut Express poskytuje s\u0165ahovacie slu\u017eby pre dom\u00e1cnosti, firmy a spolo\u010dnosti, aby bolo s\u0165ahovanie \u010do najbezprobl\u00e9movej\u0161ie. Poskytuj\u00fa profesion\u00e1lne baliace slu\u017eby s vy\u0161kolen\u00fdm person\u00e1lom, ktor\u00fd pou\u017e\u00edva vysokokvalitn\u00e9 ochrann\u00e9 techniky na ochranu va\u0161ich vec\u00ed po\u010das prepravy. Zabezpe\u010dia prepravu va\u0161ich vec\u00ed leteckou a n\u00e1mornou dopravou a pom\u00f4\u017eu s coln\u00fdm odbaven\u00edm.<\/p>\n<p>Webov\u00e1 lokalita: <a href=\"http:\/\/www.beirutexpress.com\" target=\"_blank\" rel=\"noopener\">http:\/\/www.beirutexpress.com<\/a><\/p>\n<h2><span class=\"ez-toc-section\" id=\"6_Domex\"><\/span><strong>6. Domex<\/strong><span class=\"ez-toc-section-end\"><\/span><\/h2>\n<p><img loading=\"lazy\" decoding=\"async\" class=\"alignnone size-full wp-image-8306\" src=\"https:\/\/moverdb.com\/wp-content\/uploads\/Domex-international-moving-company.png\" alt=\"Domex medzin\u00e1rodn\u00e9 s\u0165ahovanie spolo\u010dnos\u0165\" width=\"1440\" height=\"681\" data-wp-pid=\"8306\" srcset=\"https:\/\/moverdb.com\/wp-content\/uploads\/Domex-international-moving-company.png 1440w, https:\/\/moverdb.com\/wp-content\/uploads\/Domex-international-moving-company-300x142.png 300w, https:\/\/moverdb.com\/wp-content\/uploads\/Domex-international-moving-company-1024x484.png 1024w, https:\/\/moverdb.com\/wp-content\/uploads\/Domex-international-moving-company-18x9.png 18w, https:\/\/moverdb.com\/wp-content\/uploads\/Domex-international-moving-company-600x284.png 600w\" sizes=\"auto, (max-width: 1440px) 100vw, 1440px\" \/><\/p>\n<ul>\n<li>Medzin\u00e1rodn\u00e9 s\u0165ahovanie<\/li>\n<li>S\u0165ahovanie dom\u00e1cnost\u00ed<\/li>\n<li>S\u0165ahovanie kancel\u00e1ri\u00ed<\/li>\n<li>Slu\u017eba od dver\u00ed k dver\u00e1m<\/li>\n<li>Baliace slu\u017eby<\/li>\n<li>Vysokokvalitn\u00e9 baliace materi\u00e1ly<\/li>\n<li>Coln\u00e9 konanie<\/li>\n<li>Manipul\u00e1cia s v\u00fdtvarn\u00fdm umen\u00edm<\/li>\n<li>Poistenie<\/li>\n<li>Skladovacie zariadenia<\/li>\n<\/ul>\n<p>Domex je s\u0165ahovacia a skladov\u00e1 spolo\u010dnos\u0165, ktor\u00e1 poskytuje medzin\u00e1rodn\u00e9 slu\u017eby do Libanonu a z Libanonu a s\u00eddli v Bejr\u00fate. Spolupracuje s vybran\u00fdmi s\u0165ahovac\u00edmi spolo\u010dnos\u0165ami po celom svete, ktor\u00e9 poskytuj\u00fa slu\u017eby mimo Libanonu, a je \u010dlenom IAM.<\/p>\n<p>Spolo\u010dnos\u0165 Domex pon\u00faka slu\u017eby od dver\u00ed k dver\u00e1m pre dom\u00e1cnosti a kancel\u00e1rie. Poskytuje baliace slu\u017eby, pri ktor\u00fdch pou\u017e\u00edva vysokokvalitn\u00e9 baliace materi\u00e1ly na ochranu va\u0161ich vec\u00ed a vy\u0161kolen\u00fd person\u00e1l. Poskytuj\u00fa aj \u0161peci\u00e1lne slu\u017eby pre krehk\u00e9 predmety a v\u00fdtvarn\u00e9 umenie. Zorganizuj\u00fa najvhodnej\u0161iu trasu a prepravu pomocou n\u00e1mornej a leteckej prepravy a pom\u00f4\u017eu v\u00e1m s coln\u00fdm odbaven\u00edm.<\/p>\n<p>Webov\u00e1 lokalita: <a href=\"http:\/\/www.domexco.net\" target=\"_blank\" rel=\"noopener\">http:\/\/www.domexco.net<\/a><\/p>\n<h2><span class=\"ez-toc-section\" id=\"7_BCC_Logistics\"><\/span><strong>7. Logistika BCC<\/strong><span class=\"ez-toc-section-end\"><\/span><\/h2>\n<p><img loading=\"lazy\" decoding=\"async\" class=\"alignnone size-full wp-image-7673\" src=\"https:\/\/moverdb.com\/wp-content\/uploads\/BCC-Logistics-international-moving-company.png\" alt=\"BCC Logistics medzin\u00e1rodn\u00e9 s\u0165ahovanie spolo\u010dnos\u0165\" width=\"1440\" height=\"634\" data-wp-pid=\"7673\" srcset=\"https:\/\/moverdb.com\/wp-content\/uploads\/BCC-Logistics-international-moving-company.png 1440w, https:\/\/moverdb.com\/wp-content\/uploads\/BCC-Logistics-international-moving-company-300x132.png 300w, https:\/\/moverdb.com\/wp-content\/uploads\/BCC-Logistics-international-moving-company-1024x451.png 1024w, https:\/\/moverdb.com\/wp-content\/uploads\/BCC-Logistics-international-moving-company-18x8.png 18w, https:\/\/moverdb.com\/wp-content\/uploads\/BCC-Logistics-international-moving-company-600x264.png 600w\" sizes=\"auto, (max-width: 1440px) 100vw, 1440px\" \/><\/p>\n<ul>\n<li>N\u00e1rodn\u00e9 presuny<\/li>\n<li>Medzin\u00e1rodn\u00e9 s\u0165ahovanie<\/li>\n<li>S\u0165ahovanie do obytn\u00fdch priestorov<\/li>\n<li>S\u0165ahovanie firiem<\/li>\n<li>Slu\u017eba od dver\u00ed k dver\u00e1m<\/li>\n<li>Baliace slu\u017eby<\/li>\n<li>Pozemn\u00e1, n\u00e1morn\u00e1 a leteck\u00e1 n\u00e1kladn\u00e1 doprava<\/li>\n<li>Coln\u00e9 konanie<\/li>\n<li>Manipul\u00e1cia s v\u00fdtvarn\u00fdm umen\u00edm<\/li>\n<li>Skladovacie zariadenia<\/li>\n<\/ul>\n<p>BCC Logistics je glob\u00e1lna \u0161pedi\u010dn\u00e1 spolo\u010dnos\u0165 so s\u00eddlom v Bejr\u00fate, zalo\u017een\u00e1 v roku 1993, s pobo\u010dkami v <a href=\"https:\/\/moverdb.com\/sk\/moving-to-qatar\/\" data-internallinksmanager029f6b8e52c=\"334\" title=\"S\u0165ahovanie do Kataru? 2026 N\u00e1klady na \u017eivot a tipy na pres\u0165ahovanie\">Katar<\/a>, <a href=\"https:\/\/moverdb.com\/sk\/moving-companies\/moving-companies-iraq\/\" data-internallinksmanager029f6b8e52c=\"314\" title=\"2 Najlep\u0161ie medzin\u00e1rodn\u00e9 s\u0165ahovacie spolo\u010dnosti v Iraku\">Irak<\/a> a <a href=\"https:\/\/moverdb.com\/sk\/moving-to-saudi-arabia\/\" data-internallinksmanager029f6b8e52c=\"319\" title=\"S\u0165ahovanie do Saudskej Ar\u00e1bie? 2026 N\u00e1klady na \u017eivot a tipy na pres\u0165ahovanie\">Saudsk\u00e1 Ar\u00e1bia<\/a>. S\u00fa dobre prepojen\u00ed s medzin\u00e1rodn\u00fdmi s\u0165ahovac\u00edmi agent\u00farami, \u010do im umo\u017e\u0148uje poskytova\u0165 slu\u017eby po celom svete. S\u00fa \u010dlenom IAM a s\u00fa akreditovan\u00ed FIDI.<\/p>\n<p>Spolo\u010dnos\u0165 BCC Logistics pon\u00faka s\u0165ahovacie slu\u017eby od dver\u00ed k dver\u00e1m s jedin\u00fdm kontaktn\u00fdm miestom. Poskytuj\u00fa baliace slu\u017eby s pou\u017eit\u00edm kvalitn\u00fdch baliacich materi\u00e1lov a pon\u00fakaj\u00fa kontajnerov\u00fa n\u00e1morn\u00fa prepravu a trojstenn\u00e9 balenie pre leteck\u00fa prepravu s coln\u00fdmi formalitami. Pom\u00f4\u017eu v\u00e1m s balen\u00edm, vyba\u013eovan\u00edm a rozmiestnen\u00edm n\u00e1bytku. Pon\u00fakaj\u00fa aj manipul\u00e1ciu s \u0165a\u017ek\u00fdmi predmetmi, prepravu vozidlom a poistenie.<\/p>\n<p>Webov\u00e1 lokalita: <a href=\"http:\/\/www.bcclogistics.com\/\" target=\"_blank\" rel=\"noopener\">http:\/\/www.bcclogistics.com\/<\/a><\/p>","protected":false},"excerpt":{"rendered":"<p>Just thinking about moving your home or business can be stressful and seem complicated if you are planning on moving abroad, which is where a moving company can assist by lightening the load. Below we have compiled a list of Lebanon based removal companies that are members of the International Association of Movers (IAM) and\/or [&hellip;]<\/p>\n","protected":false},"author":4,"featured_media":0,"parent":190,"menu_order":0,"comment_status":"closed","ping_status":"closed","template":"","meta":{"_genesis_hide_title":false,"_genesis_hide_breadcrumbs":false,"_genesis_hide_singular_image":false,"_genesis_hide_footer_widgets":false,"_genesis_custom_body_class":"","_genesis_custom_post_class":"","_genesis_layout":"","footnotes":""},"class_list":{"0":"post-8402","1":"page","2":"type-page","3":"status-publish","5":"entry","6":"has-post-thumbnail"},"_links":{"self":[{"href":"https:\/\/moverdb.com\/sk\/wp-json\/wp\/v2\/pages\/8402","targetHints":{"allow":["GET"]}}],"collection":[{"href":"https:\/\/moverdb.com\/sk\/wp-json\/wp\/v2\/pages"}],"about":[{"href":"https:\/\/moverdb.com\/sk\/wp-json\/wp\/v2\/types\/page"}],"author":[{"embeddable":true,"href":"https:\/\/moverdb.com\/sk\/wp-json\/wp\/v2\/users\/4"}],"replies":[{"embeddable":true,"href":"https:\/\/moverdb.com\/sk\/wp-json\/wp\/v2\/comments?post=8402"}],"version-history":[{"count":1,"href":"https:\/\/moverdb.com\/sk\/wp-json\/wp\/v2\/pages\/8402\/revisions"}],"predecessor-version":[{"id":8403,"href":"https:\/\/moverdb.com\/sk\/wp-json\/wp\/v2\/pages\/8402\/revisions\/8403"}],"up":[{"embeddable":true,"href":"https:\/\/moverdb.com\/sk\/wp-json\/wp\/v2\/pages\/190"}],"wp:attachment":[{"href":"https:\/\/moverdb.com\/sk\/wp-json\/wp\/v2\/media?parent=8402"}],"curies":[{"name":"wp","href":"https:\/\/api.w.org\/{rel}","templated":true}]}}