{"id":8400,"date":"2023-04-27T14:52:05","date_gmt":"2023-04-27T14:52:05","guid":{"rendered":"https:\/\/moverdb.com\/?page_id=8400"},"modified":"2026-01-08T15:24:21","modified_gmt":"2026-01-08T15:24:21","slug":"moving-companies-latvia","status":"publish","type":"page","link":"https:\/\/moverdb.com\/sk\/moving-companies\/moving-companies-latvia\/","title":{"rendered":"3 najlep\u0161ie medzin\u00e1rodn\u00e9 s\u0165ahovacie spolo\u010dnosti v Loty\u0161sku"},"content":{"rendered":"<p>Ak sa s\u0165ahujete do Loty\u0161ska alebo do Loty\u0161ska alebo z Loty\u0161ska, mo\u017eno budete chcie\u0165 vyu\u017ei\u0165 slu\u017eby s\u0165ahovacej spolo\u010dnosti, ktor\u00e1 v\u00e1m pom\u00f4\u017ee. Ni\u017e\u0161ie sme zostavili zoznam loty\u0161sk\u00fdch <a href=\"https:\/\/moverdb.com\/sk\/international-removals\/\" data-internallinksmanager029f6b8e52c=\"27\" title=\"36 najlep\u0161\u00edch medzin\u00e1rodn\u00fdch s\u0165ahovac\u00edch spolo\u010dnost\u00ed v Spojenom kr\u00e1\u013eovstve\">s\u0165ahovacie spolo\u010dnosti<\/a> ktor\u00e9 s\u00fa \u010dlenmi <a href=\"https:\/\/moverdb.com\/sk\/iam\/\" data-internallinksmanager029f6b8e52c=\"23\" title=\"Vysvetlenie Medzin\u00e1rodnej asoci\u00e1cie s\u0165ahovate\u013eov (IAM)\">Medzin\u00e1rodn\u00e1 asoci\u00e1cia s\u0165ahovate\u013eov<\/a> (IAM) a\/alebo <a href=\"https:\/\/moverdb.com\/sk\/fidi-faim\/\" data-internallinksmanager029f6b8e52c=\"16\" title=\"Vysvetlenie FIDI a FAIM (FIDI akreditovan\u00fd medzin\u00e1rodn\u00fd prepravca)\">FIDI<\/a> Akreditovan\u00fd medzin\u00e1rodn\u00fd prepravca (FAIM), ktor\u00fd by v\u00e1m mohol pom\u00f4c\u0165 pri s\u0165ahovan\u00ed.<\/p>\n<div id=\"ez-toc-container\" class=\"ez-toc-v2_0_82_2 ez-toc-wrap-left counter-hierarchy ez-toc-counter ez-toc-transparent ez-toc-container-direction\">\n<div class=\"ez-toc-title-container\">\n<p class=\"ez-toc-title\" style=\"cursor:inherit\">Sekcie<\/p>\n<span class=\"ez-toc-title-toggle\"><a href=\"#\" class=\"ez-toc-pull-right ez-toc-btn ez-toc-btn-xs ez-toc-btn-default ez-toc-toggle\" aria-label=\"Prep\u00ednanie tabu\u013eky obsahu\"><span class=\"ez-toc-js-icon-con\"><span class=\"\"><span class=\"eztoc-hide\" style=\"display:none;\">Prep\u00edna\u010d<\/span><span class=\"ez-toc-icon-toggle-span\"><svg style=\"fill: #999;color:#999\" xmlns=\"http:\/\/www.w3.org\/2000\/svg\" class=\"list-377408\" width=\"20px\" height=\"20px\" viewbox=\"0 0 24 24\" fill=\"none\"><path d=\"M6 6H4v2h2V6zm14 0H8v2h12V6zM4 11h2v2H4v-2zm16 0H8v2h12v-2zM4 16h2v2H4v-2zm16 0H8v2h12v-2z\" fill=\"currentColor\"><\/path><\/svg><svg style=\"fill: #999;color:#999\" class=\"arrow-unsorted-368013\" xmlns=\"http:\/\/www.w3.org\/2000\/svg\" width=\"10px\" height=\"10px\" viewbox=\"0 0 24 24\" version=\"1.2\" baseprofile=\"tiny\"><path d=\"M18.2 9.3l-6.2-6.3-6.2 6.3c-.2.2-.3.4-.3.7s.1.5.3.7c.2.2.4.3.7.3h11c.3 0 .5-.1.7-.3.2-.2.3-.5.3-.7s-.1-.5-.3-.7zM5.8 14.7l6.2 6.3 6.2-6.3c.2-.2.3-.5.3-.7s-.1-.5-.3-.7c-.2-.2-.4-.3-.7-.3h-11c-.3 0-.5.1-.7.3-.2.2-.3.5-.3.7s.1.5.3.7z\"\/><\/svg><\/span><\/span><\/span><\/a><\/span><\/div>\n<nav><ul class='ez-toc-list ez-toc-list-level-1 eztoc-toggle-hide-by-default' ><li class='ez-toc-page-1 ez-toc-heading-level-2'><a class=\"ez-toc-link ez-toc-heading-1\" href=\"https:\/\/moverdb.com\/sk\/moving-companies\/moving-companies-latvia\/#1_FF_International_Movers\" >1. FF International Movers<\/a><\/li><li class='ez-toc-page-1 ez-toc-heading-level-2'><a class=\"ez-toc-link ez-toc-heading-2\" href=\"https:\/\/moverdb.com\/sk\/moving-companies\/moving-companies-latvia\/#2_Gosselin\" >2. Gosselin<\/a><\/li><li class='ez-toc-page-1 ez-toc-heading-level-2'><a class=\"ez-toc-link ez-toc-heading-3\" href=\"https:\/\/moverdb.com\/sk\/moving-companies\/moving-companies-latvia\/#3_Zebra_Cargo\" >3. Zebra Cargo<\/a><\/li><li class='ez-toc-page-1 ez-toc-heading-level-2'><a class=\"ez-toc-link ez-toc-heading-4\" href=\"https:\/\/moverdb.com\/sk\/moving-companies\/moving-companies-latvia\/#Other_Useful_Guides_to_Latvia\" >\u010eal\u0161\u00ed u\u017eito\u010dn\u00ed sprievodcovia po Loty\u0161sku<\/a><\/li><\/ul><\/nav><\/div>\n<h2><span class=\"ez-toc-section\" id=\"1_FF_International_Movers\"><\/span><strong>1. FF International Movers<\/strong><span class=\"ez-toc-section-end\"><\/span><\/h2>\n<p><img loading=\"lazy\" decoding=\"async\" class=\"alignnone size-full wp-image-8314\" src=\"https:\/\/moverdb.com\/wp-content\/uploads\/FF-International-Movers-moving-company.png\" alt=\"FF Medzin\u00e1rodn\u00e9 Movers pohybuj\u00face sa spolo\u010dnos\u0165\" width=\"1440\" height=\"684\" data-wp-pid=\"8314\" srcset=\"https:\/\/moverdb.com\/wp-content\/uploads\/FF-International-Movers-moving-company.png 1440w, https:\/\/moverdb.com\/wp-content\/uploads\/FF-International-Movers-moving-company-300x143.png 300w, https:\/\/moverdb.com\/wp-content\/uploads\/FF-International-Movers-moving-company-1024x486.png 1024w, https:\/\/moverdb.com\/wp-content\/uploads\/FF-International-Movers-moving-company-18x9.png 18w, https:\/\/moverdb.com\/wp-content\/uploads\/FF-International-Movers-moving-company-600x285.png 600w\" sizes=\"auto, (max-width: 1440px) 100vw, 1440px\" \/><\/p>\n<ul>\n<li>N\u00e1rodn\u00e9 presuny<\/li>\n<li>Medzin\u00e1rodn\u00e9 s\u0165ahovanie<\/li>\n<li>S\u0165ahovanie dom\u00e1cnost\u00ed<\/li>\n<li>S\u0165ahovanie kancel\u00e1ri\u00ed<\/li>\n<li>Baliace slu\u017eby<\/li>\n<li>Pozemn\u00e1, leteck\u00e1 a n\u00e1morn\u00e1 doprava<\/li>\n<li>Coln\u00e9 formality<\/li>\n<li>Prenos umeleck\u00fdch diel<\/li>\n<li>Podpora pris\u0165ahovalectva<\/li>\n<li>Kr\u00e1tkodob\u00e9 alebo dlhodob\u00e9 skladovanie<\/li>\n<\/ul>\n<p>FF International Movers je spolo\u010dnos\u0165 zaoberaj\u00faca sa s\u0165ahovan\u00edm a transfermi, ktor\u00e1 bola zalo\u017een\u00e1 v roku 2001 a s\u00eddli v Rige. \u0160pecializuje sa na slu\u017eby v Loty\u0161sku, <a href=\"https:\/\/moverdb.com\/sk\/moving-to-estonia\/\" data-internallinksmanager029f6b8e52c=\"430\" title=\"S\u0165ahovanie do Est\u00f3nska? 2026 N\u00e1klady na b\u00fdvanie a tipy na pres\u0165ahovanie\">Est\u00f3nsko<\/a> a Litve, ale pon\u00faka slu\u017eby aj na medzin\u00e1rodnej \u00farovni. Je \u010dlenom IAM s 22-ro\u010dnou trad\u00edciou.<\/p>\n<p>Spolo\u010dnos\u0165 FF International Movers pon\u00faka bezplatn\u00fa konzult\u00e1ciu, aby pochopila va\u0161e potreby a objemy s\u0165ahovania. Pon\u00fakaj\u00fa baliace slu\u017eby, ktor\u00e9 zabezpe\u010dia, aby boli va\u0161e veci bezpe\u010dne zabalen\u00e9 do kvalitn\u00fdch baliacich materi\u00e1lov a sp\u013a\u0148ali normy pre dan\u00fd druh prepravy. Pom\u00f4\u017eu v\u00e1m aj s demont\u00e1\u017eou a mont\u00e1\u017eou n\u00e1bytku. Poradia v\u00e1m s dokument\u00e1ciou pre imigra\u010dn\u00e9 a coln\u00e9 formality.<\/p>\n<p>Webov\u00e1 lokalita: <a href=\"http:\/\/www.ffinternationalmovers.lv\" target=\"_blank\" rel=\"noopener\">http:\/\/www.ffinternationalmovers.lv<\/a><\/p>\n<h2><span class=\"ez-toc-section\" id=\"2_Gosselin\"><\/span><strong>2. Gosselin<\/strong><span class=\"ez-toc-section-end\"><\/span><\/h2>\n<p><img loading=\"lazy\" decoding=\"async\" class=\"alignnone size-full wp-image-8322\" src=\"https:\/\/moverdb.com\/wp-content\/uploads\/Gosselin-Latvia-international-moving-company.png\" alt=\"Gosselin Loty\u0161sko medzin\u00e1rodn\u00e9 s\u0165ahovanie spolo\u010dnos\u0165\" width=\"1440\" height=\"679\" data-wp-pid=\"8322\" srcset=\"https:\/\/moverdb.com\/wp-content\/uploads\/Gosselin-Latvia-international-moving-company.png 1440w, https:\/\/moverdb.com\/wp-content\/uploads\/Gosselin-Latvia-international-moving-company-300x141.png 300w, https:\/\/moverdb.com\/wp-content\/uploads\/Gosselin-Latvia-international-moving-company-1024x483.png 1024w, https:\/\/moverdb.com\/wp-content\/uploads\/Gosselin-Latvia-international-moving-company-18x8.png 18w, https:\/\/moverdb.com\/wp-content\/uploads\/Gosselin-Latvia-international-moving-company-600x283.png 600w\" sizes=\"auto, (max-width: 1440px) 100vw, 1440px\" \/><\/p>\n<ul>\n<li>N\u00e1rodn\u00e9 presuny<\/li>\n<li>Medzin\u00e1rodn\u00e9 s\u0165ahovanie<\/li>\n<li>S\u0165ahovanie dom\u00e1cnost\u00ed<\/li>\n<li>S\u0165ahovanie kancel\u00e1ri\u00ed<\/li>\n<li>Slu\u017eba od dver\u00ed k dver\u00e1m<\/li>\n<li>Baliace slu\u017eby<\/li>\n<li>Coln\u00e9 konanie<\/li>\n<li>V\u00fdtvarn\u00e9 umenie a preprava vozidiel<\/li>\n<li>Poistenie<\/li>\n<li>Skladovacie zariadenia<\/li>\n<\/ul>\n<p>Spolo\u010dnos\u0165 Gosselin je medzin\u00e1rodn\u00e1 s\u0165ahovacia a premiest\u0148ovacia spolo\u010dnos\u0165 p\u00f4sobiaca v 34 krajin\u00e1ch Eur\u00f3py, Ruska a Strednej \u00c1zie, ktor\u00e1 bola zalo\u017een\u00e1 v roku 1930. Jej loty\u0161sk\u00e1 pobo\u010dka sa nach\u00e1dza v Rige, ktor\u00e1 je \u010dlenom IAM. Maj\u00fa tie\u017e pr\u00edstup k medzin\u00e1rodn\u00fdm sie\u0165am, ktor\u00e9 roz\u0161iruj\u00fa ich p\u00f4sobnos\u0165 po celom svete.<\/p>\n<p>Spolo\u010dnos\u0165 Gosselin pon\u00faka s\u0165ahovacie slu\u017eby od dver\u00ed k dver\u00e1m s vyu\u017eit\u00edm profesion\u00e1lnych a kompetentn\u00fdch s\u0165ahov\u00e1kov. Poskytuj\u00fa baliace slu\u017eby, ktor\u00e9 zah\u0155\u0148aj\u00fa balenie s pou\u017eit\u00edm ekologick\u00fdch baliacich materi\u00e1lov, demont\u00e1\u017e a op\u00e4tovn\u00fa mont\u00e1\u017e n\u00e1bytku a vybalenie. Zabezpe\u010dia prepravu so v\u0161etk\u00fdmi administrat\u00edvnymi formalitami vr\u00e1tane coln\u00e9ho odbavenia. Pon\u00fakaj\u00fa \u010fal\u0161ie slu\u017eby vr\u00e1tane manipul\u00e1cie s umeleck\u00fdmi dielami, s\u0165ahovania dom\u00e1cich zvierat, prepravy \u00e1ut a motocyklov a skladovania.<\/p>\n<p>Webov\u00e1 lokalita: <a href=\"https:\/\/gosselin-moving.com\/en\/moving-to-latvia\" target=\"_blank\" rel=\"noopener\">https:\/\/gosselin-moving.com\/en\/moving-to-latvia<\/a><\/p>\n<h2><span class=\"ez-toc-section\" id=\"3_Zebra_Cargo\"><\/span><strong>3. Zebra Cargo<\/strong><span class=\"ez-toc-section-end\"><\/span><\/h2>\n<p><img loading=\"lazy\" decoding=\"async\" class=\"alignnone size-full wp-image-8384\" src=\"https:\/\/moverdb.com\/wp-content\/uploads\/Zebra-Cargo-international-moving-company.png\" alt=\"Zebra Cargo medzin\u00e1rodn\u00e9 s\u0165ahovanie spolo\u010dnos\u0165\" width=\"1440\" height=\"684\" data-wp-pid=\"8384\" srcset=\"https:\/\/moverdb.com\/wp-content\/uploads\/Zebra-Cargo-international-moving-company.png 1440w, https:\/\/moverdb.com\/wp-content\/uploads\/Zebra-Cargo-international-moving-company-300x143.png 300w, https:\/\/moverdb.com\/wp-content\/uploads\/Zebra-Cargo-international-moving-company-1024x486.png 1024w, https:\/\/moverdb.com\/wp-content\/uploads\/Zebra-Cargo-international-moving-company-18x9.png 18w, https:\/\/moverdb.com\/wp-content\/uploads\/Zebra-Cargo-international-moving-company-600x285.png 600w\" sizes=\"auto, (max-width: 1440px) 100vw, 1440px\" \/><\/p>\n<ul>\n<li>N\u00e1rodn\u00e9 presuny<\/li>\n<li>Medzin\u00e1rodn\u00e9 s\u0165ahovanie<\/li>\n<li>Premiest\u0148ovanie dom\u00e1cnost\u00ed<\/li>\n<li>Premiest\u0148ovanie podnikov<\/li>\n<li>Baliace slu\u017eby<\/li>\n<li>Dopravn\u00e9 opatrenia<\/li>\n<li>Coln\u00e9 formality<\/li>\n<li>Preprava umeleck\u00fdch diel<\/li>\n<li>Poistenie<\/li>\n<li>Skladovacie zariadenia<\/li>\n<\/ul>\n<p>Zebra Cargo je s\u0165ahovacia a premiest\u0148ovacia spolo\u010dnos\u0165 zalo\u017een\u00e1 v roku 1998, ktor\u00e1 m\u00e1 pobo\u010dky v Loty\u0161sku, Litve a Est\u00f3nsku so s\u00eddlom v Rige. Pri poskytovan\u00ed svojich slu\u017eieb na medzin\u00e1rodnej \u00farovni spolupracuje so s\u0165ahovac\u00edmi agent\u00farami po celom svete. Je tie\u017e \u010dlenom IAM.<\/p>\n<p>Spolo\u010dnos\u0165 Zebra Cargo pon\u00faka bezplatn\u00e9 konzult\u00e1cie na pos\u00fadenie va\u0161ich po\u017eiadaviek na s\u0165ahovanie a vytvor\u00ed harmonogram s\u0165ahovania, pod\u013ea ktor\u00e9ho m\u00f4\u017eete sledova\u0165 jeho priebeh. Ich konzultanti pre medzin\u00e1rodn\u00e9 s\u0165ahovanie v\u00e1m poradia a pom\u00f4\u017eu v\u00e1m urobi\u0165 najlep\u0161ie rozhodnutia. Poskytuj\u00fa baliace slu\u017eby pre v\u0161etky ve\u013ekosti a tvary predmetov a zabezpe\u010dia prepravu s pomocou pri vybavovan\u00ed coln\u00fdch formal\u00edt.<\/p>\n<p>Webov\u00e1 lokalita: <a href=\"http:\/\/www.zebracargo.com\" target=\"_blank\" rel=\"noopener\">http:\/\/www.zebracargo.com<\/a><\/p>\n<h2><span class=\"ez-toc-section\" id=\"Other_Useful_Guides_to_Latvia\"><\/span>\u010eal\u0161\u00ed u\u017eito\u010dn\u00ed sprievodcovia po Loty\u0161sku<span class=\"ez-toc-section-end\"><\/span><\/h2>\n<ul>\n<li> <a href=\"https:\/\/moverdb.com\/sk\/kontajnerova-preprava\/lotyssko\/\">2024 Ceny n\u00e1mornej kontajnerovej prepravy do a z Loty\u0161ska<\/a><\/li>\n<li> <a href=\"https:\/\/moverdb.com\/sk\/moving-to-latvia\/\">S\u0165ahovanie do Loty\u0161ska? 2024 N\u00e1klady na b\u00fdvanie a tipy na pres\u0165ahovanie<\/a><\/li>\n<\/ul>","protected":false},"excerpt":{"rendered":"<p>Are you are moving home or your business within, or to or from Latvia then you might want to employ the services of a removal company to assist you. Below we have compiled a list of Latvian removal companies that are members of the International Association of Movers (IAM) and\/or FIDI Accredited International Mover (FAIM) [&hellip;]<\/p>\n","protected":false},"author":4,"featured_media":0,"parent":190,"menu_order":0,"comment_status":"closed","ping_status":"closed","template":"","meta":{"_genesis_hide_title":false,"_genesis_hide_breadcrumbs":false,"_genesis_hide_singular_image":false,"_genesis_hide_footer_widgets":false,"_genesis_custom_body_class":"","_genesis_custom_post_class":"","_genesis_layout":"","footnotes":""},"class_list":{"0":"post-8400","1":"page","2":"type-page","3":"status-publish","5":"entry","6":"has-post-thumbnail"},"_links":{"self":[{"href":"https:\/\/moverdb.com\/sk\/wp-json\/wp\/v2\/pages\/8400","targetHints":{"allow":["GET"]}}],"collection":[{"href":"https:\/\/moverdb.com\/sk\/wp-json\/wp\/v2\/pages"}],"about":[{"href":"https:\/\/moverdb.com\/sk\/wp-json\/wp\/v2\/types\/page"}],"author":[{"embeddable":true,"href":"https:\/\/moverdb.com\/sk\/wp-json\/wp\/v2\/users\/4"}],"replies":[{"embeddable":true,"href":"https:\/\/moverdb.com\/sk\/wp-json\/wp\/v2\/comments?post=8400"}],"version-history":[{"count":2,"href":"https:\/\/moverdb.com\/sk\/wp-json\/wp\/v2\/pages\/8400\/revisions"}],"predecessor-version":[{"id":17890,"href":"https:\/\/moverdb.com\/sk\/wp-json\/wp\/v2\/pages\/8400\/revisions\/17890"}],"up":[{"embeddable":true,"href":"https:\/\/moverdb.com\/sk\/wp-json\/wp\/v2\/pages\/190"}],"wp:attachment":[{"href":"https:\/\/moverdb.com\/sk\/wp-json\/wp\/v2\/media?parent=8400"}],"curies":[{"name":"wp","href":"https:\/\/api.w.org\/{rel}","templated":true}]}}