{"id":8396,"date":"2023-04-27T14:53:30","date_gmt":"2023-04-27T14:53:30","guid":{"rendered":"https:\/\/moverdb.com\/?page_id=8396"},"modified":"2026-01-08T15:24:46","modified_gmt":"2026-01-08T15:24:46","slug":"moving-companies-kenya","status":"publish","type":"page","link":"https:\/\/moverdb.com\/sk\/moving-companies\/moving-companies-kenya\/","title":{"rendered":"4 Najlep\u0161ie medzin\u00e1rodn\u00e9 s\u0165ahovacie spolo\u010dnosti v Keni"},"content":{"rendered":"<p>Ak sa s\u0165ahujete domov alebo do svojej firmy, m\u00f4\u017ee sa to zda\u0165 trochu sk\u013eu\u010duj\u00face, najm\u00e4 ak sa s\u0165ahujete do in\u00fdch kraj\u00edn, kde je potrebn\u00e9 vybavi\u0165 \u010fal\u0161ie dokumenty a z\u00e1le\u017eitosti. V tomto pr\u00edpade je potrebn\u00e9 <a href=\"https:\/\/moverdb.com\/sk\/moving-companies\/\" data-internallinksmanager029f6b8e52c=\"79\" title=\"Top 25 medzin\u00e1rodn\u00fdch s\u0165ahovac\u00edch spolo\u010dnost\u00ed online\">s\u0165ahovacia spolo\u010dnos\u0165<\/a> v\u00e1m m\u00f4\u017ee skuto\u010dne u\u013eah\u010di\u0165 pr\u00e1cu. Ni\u017e\u0161ie sme uviedli zoznam kensk\u00fdch <a href=\"https:\/\/moverdb.com\/sk\/international-removals\/\" data-internallinksmanager029f6b8e52c=\"27\" title=\"36 najlep\u0161\u00edch medzin\u00e1rodn\u00fdch s\u0165ahovac\u00edch spolo\u010dnost\u00ed v Spojenom kr\u00e1\u013eovstve\">s\u0165ahovacie spolo\u010dnosti<\/a> ktor\u00e9 s\u00fa \u010dlenmi <a href=\"https:\/\/moverdb.com\/sk\/iam\/\" data-internallinksmanager029f6b8e52c=\"23\" title=\"Vysvetlenie Medzin\u00e1rodnej asoci\u00e1cie s\u0165ahovate\u013eov (IAM)\">Medzin\u00e1rodn\u00e1 asoci\u00e1cia s\u0165ahovate\u013eov<\/a> (IAM) a\/alebo <a href=\"https:\/\/moverdb.com\/sk\/fidi-faim\/\" data-internallinksmanager029f6b8e52c=\"16\" title=\"Vysvetlenie FIDI a FAIM (FIDI akreditovan\u00fd medzin\u00e1rodn\u00fd prepravca)\">FIDI<\/a> Akreditovan\u00fd medzin\u00e1rodn\u00fd prepravca (FAIM), ktor\u00fd by v\u00e1m mohol pom\u00f4c\u0165 pri s\u0165ahovan\u00ed.<\/p>\n<div id=\"ez-toc-container\" class=\"ez-toc-v2_0_82_2 ez-toc-wrap-left counter-hierarchy ez-toc-counter ez-toc-transparent ez-toc-container-direction\">\n<div class=\"ez-toc-title-container\">\n<p class=\"ez-toc-title\" style=\"cursor:inherit\">Sekcie<\/p>\n<span class=\"ez-toc-title-toggle\"><a href=\"#\" class=\"ez-toc-pull-right ez-toc-btn ez-toc-btn-xs ez-toc-btn-default ez-toc-toggle\" aria-label=\"Prep\u00ednanie tabu\u013eky obsahu\"><span class=\"ez-toc-js-icon-con\"><span class=\"\"><span class=\"eztoc-hide\" style=\"display:none;\">Prep\u00edna\u010d<\/span><span class=\"ez-toc-icon-toggle-span\"><svg style=\"fill: #999;color:#999\" xmlns=\"http:\/\/www.w3.org\/2000\/svg\" class=\"list-377408\" width=\"20px\" height=\"20px\" viewbox=\"0 0 24 24\" fill=\"none\"><path d=\"M6 6H4v2h2V6zm14 0H8v2h12V6zM4 11h2v2H4v-2zm16 0H8v2h12v-2zM4 16h2v2H4v-2zm16 0H8v2h12v-2z\" fill=\"currentColor\"><\/path><\/svg><svg style=\"fill: #999;color:#999\" class=\"arrow-unsorted-368013\" xmlns=\"http:\/\/www.w3.org\/2000\/svg\" width=\"10px\" height=\"10px\" viewbox=\"0 0 24 24\" version=\"1.2\" baseprofile=\"tiny\"><path d=\"M18.2 9.3l-6.2-6.3-6.2 6.3c-.2.2-.3.4-.3.7s.1.5.3.7c.2.2.4.3.7.3h11c.3 0 .5-.1.7-.3.2-.2.3-.5.3-.7s-.1-.5-.3-.7zM5.8 14.7l6.2 6.3 6.2-6.3c.2-.2.3-.5.3-.7s-.1-.5-.3-.7c-.2-.2-.4-.3-.7-.3h-11c-.3 0-.5.1-.7.3-.2.2-.3.5-.3.7s.1.5.3.7z\"\/><\/svg><\/span><\/span><\/span><\/a><\/span><\/div>\n<nav><ul class='ez-toc-list ez-toc-list-level-1 eztoc-toggle-hide-by-default' ><li class='ez-toc-page-1 ez-toc-heading-level-2'><a class=\"ez-toc-link ez-toc-heading-1\" href=\"https:\/\/moverdb.com\/sk\/moving-companies\/moving-companies-kenya\/#1_Quick_Task_Freight_Limited\" >1. Quick Task Freight Limited<\/a><\/li><li class='ez-toc-page-1 ez-toc-heading-level-2'><a class=\"ez-toc-link ez-toc-heading-2\" href=\"https:\/\/moverdb.com\/sk\/moving-companies\/moving-companies-kenya\/#2_Nellions_Moving_Relocations\" >2. Nellions Moving &amp; Relocations<\/a><\/li><li class='ez-toc-page-1 ez-toc-heading-level-2'><a class=\"ez-toc-link ez-toc-heading-3\" href=\"https:\/\/moverdb.com\/sk\/moving-companies\/moving-companies-kenya\/#3_Benfi_Global_Logistics\" >3. Benfi Global Logistics<\/a><\/li><li class='ez-toc-page-1 ez-toc-heading-level-2'><a class=\"ez-toc-link ez-toc-heading-4\" href=\"https:\/\/moverdb.com\/sk\/moving-companies\/moving-companies-kenya\/#4_DB_Schenker\" >4. DB Schenker<\/a><\/li><\/ul><\/nav><\/div>\n<h2><span class=\"ez-toc-section\" id=\"1_Quick_Task_Freight_Limited\"><\/span><strong>1. Quick Task Freight Limited<\/strong><span class=\"ez-toc-section-end\"><\/span><\/h2>\n<p><img loading=\"lazy\" decoding=\"async\" class=\"alignnone size-full wp-image-8356\" src=\"https:\/\/moverdb.com\/wp-content\/uploads\/Quick-Task-Freight-international-moving-company.png\" alt=\"R\u00fdchla \u00faloha N\u00e1kladn\u00e1 medzin\u00e1rodn\u00e1 s\u0165ahovacia spolo\u010dnos\u0165\" width=\"1440\" height=\"682\" data-wp-pid=\"8356\" srcset=\"https:\/\/moverdb.com\/wp-content\/uploads\/Quick-Task-Freight-international-moving-company.png 1440w, https:\/\/moverdb.com\/wp-content\/uploads\/Quick-Task-Freight-international-moving-company-300x142.png 300w, https:\/\/moverdb.com\/wp-content\/uploads\/Quick-Task-Freight-international-moving-company-1024x485.png 1024w, https:\/\/moverdb.com\/wp-content\/uploads\/Quick-Task-Freight-international-moving-company-18x9.png 18w, https:\/\/moverdb.com\/wp-content\/uploads\/Quick-Task-Freight-international-moving-company-600x284.png 600w\" sizes=\"auto, (max-width: 1440px) 100vw, 1440px\" \/><\/p>\n<ul>\n<li>Miestne s\u0165ahovanie<\/li>\n<li>Medzin\u00e1rodn\u00e9 s\u0165ahovanie<\/li>\n<li>S\u0165ahovanie dom\u00e1cnosti<\/li>\n<li>S\u0165ahovanie firiem<\/li>\n<li>Slu\u017eby na mieru od dver\u00ed k dver\u00e1m<\/li>\n<li>Baliace slu\u017eby<\/li>\n<li>Cestn\u00e1, n\u00e1morn\u00e1 a leteck\u00e1 doprava<\/li>\n<li>Coln\u00e9 sprostredkovanie<\/li>\n<li>Poradenstvo v oblasti poistenia<\/li>\n<li>Skladovacie zariadenia<\/li>\n<\/ul>\n<p>Quick Task Freight Limited je \u0161pedi\u010dn\u00e1 a logistick\u00e1 spolo\u010dnos\u0165 zalo\u017een\u00e1 v roku 2013 so s\u00eddlom v Keni, s pobo\u010dkami v Nairobi a Mombase a \u010fal\u0161\u00edmi kancel\u00e1riami vo v\u00fdchodnej Afrike. Spolupracuje s medzin\u00e1rodn\u00fdmi partnermi pri premiest\u0148ovan\u00ed \u013eud\u00ed po celom svete. S\u00fa \u010dlenom IAM s osemro\u010dnou trad\u00edciou.<\/p>\n<p>Spolo\u010dnos\u0165 Quick Task Freight Limited poskytuje s\u0165ahovacie slu\u017eby od dver\u00ed k dver\u00e1m na mieru pre dom\u00e1cnosti a firmy. Pon\u00faka baliace slu\u017eby, ktor\u00e9 ochr\u00e1nia v\u00e1\u0161 majetok po\u010das prepravy, \u010di u\u017e po ceste, po mori alebo letecky. Poskytuj\u00fa pomoc pri colnom sprostredkovan\u00ed a poisten\u00ed.<\/p>\n<p>Webov\u00e1 lokalita: <a href=\"http:\/\/www.quicktaskfreight.com\" target=\"_blank\" rel=\"noopener\">http:\/\/www.quicktaskfreight.com<\/a><\/p>\n<h2><span class=\"ez-toc-section\" id=\"2_Nellions_Moving_Relocations\"><\/span><strong>2. Nellions Moving &amp; Relocations<\/strong><span class=\"ez-toc-section-end\"><\/span><\/h2>\n<p><img loading=\"lazy\" decoding=\"async\" class=\"alignnone size-full wp-image-8348\" src=\"https:\/\/moverdb.com\/wp-content\/uploads\/Nellions-international-moving-company.png\" alt=\"Nellions medzin\u00e1rodn\u00e9 s\u0165ahovanie spolo\u010dnos\u0165\" width=\"1440\" height=\"680\" data-wp-pid=\"8348\" srcset=\"https:\/\/moverdb.com\/wp-content\/uploads\/Nellions-international-moving-company.png 1440w, https:\/\/moverdb.com\/wp-content\/uploads\/Nellions-international-moving-company-300x142.png 300w, https:\/\/moverdb.com\/wp-content\/uploads\/Nellions-international-moving-company-1024x484.png 1024w, https:\/\/moverdb.com\/wp-content\/uploads\/Nellions-international-moving-company-18x9.png 18w, https:\/\/moverdb.com\/wp-content\/uploads\/Nellions-international-moving-company-600x283.png 600w\" sizes=\"auto, (max-width: 1440px) 100vw, 1440px\" \/><\/p>\n<ul>\n<li>N\u00e1rodn\u00e9 presuny<\/li>\n<li>Medzin\u00e1rodn\u00e9 s\u0165ahovanie<\/li>\n<li>S\u0165ahovanie do obytn\u00fdch priestorov<\/li>\n<li>S\u0165ahovanie firiem a kancel\u00e1ri\u00ed<\/li>\n<li>Slu\u017eba od dver\u00ed k dver\u00e1m<\/li>\n<li>Leteck\u00e1, n\u00e1morn\u00e1 alebo cestn\u00e1 n\u00e1kladn\u00e1 doprava<\/li>\n<li>Mo\u017enosti prepravy vr\u00e1tane zbernej slu\u017eby<\/li>\n<li>Coln\u00e9 konanie<\/li>\n<li>Poistenie<\/li>\n<li>Skladovacie zariadenia<\/li>\n<\/ul>\n<p>Nellions Moving &amp; Relocations je medzin\u00e1rodn\u00e1 spolo\u010dnos\u0165 so s\u00eddlom v Nairobi. Je \u010dlenom IAM s dev\u00e4\u0165ro\u010dnou trad\u00edciou, ktor\u00e1 im umo\u017e\u0148uje pr\u00edstup k medzin\u00e1rodnej sieti s\u0165ahovac\u00edch agentov, ktor\u00ed im poskytuj\u00fa podporu.<\/p>\n<p>Spolo\u010dnos\u0165 Nellions Moving &amp; Relocations v\u00e1m pon\u00faka prieskum pred s\u0165ahovan\u00edm a poradcov pre s\u0165ahovanie, ktor\u00ed v\u00e1m pom\u00f4\u017eu pri pl\u00e1novan\u00ed s\u0165ahovania. Pon\u00fakaj\u00fa slu\u017eby od dver\u00ed k dver\u00e1m, od dver\u00ed k dver\u00e1m<a href=\"https:\/\/moverdb.com\/sk\/top-49-container-ports\/\" data-internallinksmanager029f6b8e52c=\"80\" title=\"49 najv\u00e4\u010d\u0161\u00edch a najvy\u0165a\u017eenej\u0161\u00edch kontajnerov\u00fdch pr\u00edstavov v roku 2025\">pr\u00edstav<\/a> alebo rie\u0161enia typu port-to-door. Bezpe\u010dne zabalia va\u0161e veci, vr\u00e1tane in\u0161tal\u00e1cie a mont\u00e1\u017ee n\u00e1bytku a vytvorenia baliaceho zoznamu bez papierov. Zabezpe\u010dia leteck\u00fa, n\u00e1morn\u00fa alebo cestn\u00fa prepravu a vybavia dovozn\u00e9 a v\u00fdvozn\u00e9 coln\u00e9 z\u00e1le\u017eitosti. Preprava zah\u0155\u0148a pln\u00fd alebo men\u0161\u00ed n\u00e1klad ako kontajner a mo\u017enosti skupinovej prepravy.<\/p>\n<p>Webov\u00e1 lokalita: <a href=\"http:\/\/www.nellions.co.ke\" target=\"_blank\" rel=\"noopener\">http:\/\/www.nellions.co.ke<\/a><\/p>\n<h2><span class=\"ez-toc-section\" id=\"3_Benfi_Global_Logistics\"><\/span><strong>3. <\/strong><strong>Benfi Global Logistics<\/strong><span class=\"ez-toc-section-end\"><\/span><\/h2>\n<p><img loading=\"lazy\" decoding=\"async\" class=\"alignnone size-full wp-image-8294\" src=\"https:\/\/moverdb.com\/wp-content\/uploads\/Benfi-Global-Logistics-international-moving-company.png\" alt=\"Benfi Global Logistics medzin\u00e1rodn\u00e9 s\u0165ahovanie spolo\u010dnos\u0165\" width=\"1440\" height=\"683\" data-wp-pid=\"8294\" srcset=\"https:\/\/moverdb.com\/wp-content\/uploads\/Benfi-Global-Logistics-international-moving-company.png 1440w, https:\/\/moverdb.com\/wp-content\/uploads\/Benfi-Global-Logistics-international-moving-company-300x142.png 300w, https:\/\/moverdb.com\/wp-content\/uploads\/Benfi-Global-Logistics-international-moving-company-1024x486.png 1024w, https:\/\/moverdb.com\/wp-content\/uploads\/Benfi-Global-Logistics-international-moving-company-18x9.png 18w, https:\/\/moverdb.com\/wp-content\/uploads\/Benfi-Global-Logistics-international-moving-company-600x285.png 600w\" sizes=\"auto, (max-width: 1440px) 100vw, 1440px\" \/><\/p>\n<ul>\n<li>Miestna a n\u00e1rodn\u00e1 logistika<\/li>\n<li><a href=\"https:\/\/moverdb.com\/sk\/container-shipping\/\" data-internallinksmanager029f6b8e52c=\"3\" title=\"Graf sadzieb medzin\u00e1rodnej kontajnerovej prepravy: Apr\u00edl 2026\">Medzin\u00e1rodn\u00e1 preprava<\/a><\/li>\n<li>Jednotliv\u00e9 z\u00e1sielky<\/li>\n<li>Firemn\u00e9 z\u00e1sielky<\/li>\n<li>Individu\u00e1lny pr\u00edstup<\/li>\n<li>Cestn\u00fd n\u00e1klad vyu\u017e\u00edvaj\u00faci ich vozov\u00fd park<\/li>\n<li>Mo\u017enosti leteckej prepravy<\/li>\n<li>Mo\u017enosti n\u00e1mornej prepravy<\/li>\n<li>Coln\u00e9 sprostredkovanie<\/li>\n<li>Skladovacie zariadenia<\/li>\n<\/ul>\n<p>Spolo\u010dnos\u0165 Benfi Global Logistics je poskytovate\u013eom komplexn\u00fdch logistick\u00fdch rie\u0161en\u00ed, ktor\u00fd dok\u00e1\u017ee doru\u010di\u0165 tovar do v\u0161etk\u00fdch k\u00fatov sveta a s\u00eddli v Nairobi. M\u00e1 zdru\u017eenia po celom svete, aby roz\u0161\u00edrila svoj dosah a poskytovala slu\u017eby na medzin\u00e1rodnej \u00farovni. S\u00fa \u010dlenom IAM s 10-ro\u010dnou trad\u00edciou.<\/p>\n<p>Spolo\u010dnos\u0165 Benfi Global Logistics pon\u00faka len \u0161pedi\u010dn\u00e9 a skladovacie slu\u017eby, ale m\u00f4\u017ee uspokoji\u0165 aj jednotlivcov a firmy. Pon\u00faka cel\u00fd rad mo\u017enost\u00ed prepravy, ktor\u00e9 zah\u0155\u0148aj\u00fa prepravu n\u00e1kladu pomocou ich vozov\u00e9ho parku, leteck\u00fa prepravu od mal\u00fdch z\u00e1sielok a\u017e po charterov\u00e9 prepravy a n\u00e1morn\u00fa prepravu bu\u010f pln\u00e9ho, alebo men\u0161ieho n\u00e1kladu ako kontajner.<\/p>\n<p>Webov\u00e1 lokalita: <a href=\"http:\/\/www.benfifreightkenya.co.ke\" target=\"_blank\" rel=\"noopener\">http:\/\/www.benfifreightkenya.co.ke<\/a><\/p>\n<h2><span class=\"ez-toc-section\" id=\"4_DB_Schenker\"><\/span><strong>4. DB Schenker<\/strong><span class=\"ez-toc-section-end\"><\/span><\/h2>\n<p><img loading=\"lazy\" decoding=\"async\" class=\"alignnone size-full wp-image-8303\" src=\"https:\/\/moverdb.com\/wp-content\/uploads\/DB-Schenker-Kenya-international-moving-company.png\" alt=\"DB Schenker Ke\u0148a medzin\u00e1rodn\u00e9 s\u0165ahovanie spolo\u010dnos\u0165\" width=\"1440\" height=\"677\" data-wp-pid=\"8303\" srcset=\"https:\/\/moverdb.com\/wp-content\/uploads\/DB-Schenker-Kenya-international-moving-company.png 1440w, https:\/\/moverdb.com\/wp-content\/uploads\/DB-Schenker-Kenya-international-moving-company-300x141.png 300w, https:\/\/moverdb.com\/wp-content\/uploads\/DB-Schenker-Kenya-international-moving-company-1024x481.png 1024w, https:\/\/moverdb.com\/wp-content\/uploads\/DB-Schenker-Kenya-international-moving-company-18x8.png 18w, https:\/\/moverdb.com\/wp-content\/uploads\/DB-Schenker-Kenya-international-moving-company-600x282.png 600w\" sizes=\"auto, (max-width: 1440px) 100vw, 1440px\" \/><\/p>\n<ul>\n<li>N\u00e1rodn\u00e9 presuny<\/li>\n<li>Medzin\u00e1rodn\u00e9 s\u0165ahovanie<\/li>\n<li>S\u0165ahovanie do obytn\u00fdch priestorov<\/li>\n<li>Presuny spolo\u010dnosti<\/li>\n<li>Baliace slu\u017eby<\/li>\n<li>Profesion\u00e1lni bali\u010di<\/li>\n<li>Pozemn\u00e1, \u017eelezni\u010dn\u00e1, leteck\u00e1 a n\u00e1morn\u00e1 n\u00e1kladn\u00e1 doprava<\/li>\n<li>Coln\u00e9 konanie<\/li>\n<li>Slu\u017eba sledovania<\/li>\n<li>Skladovacie zariadenia<\/li>\n<\/ul>\n<p>Spolo\u010dnos\u0165 DB Schenker je glob\u00e1lny poskytovate\u013e logistick\u00fdch slu\u017eieb, ktor\u00fd je pr\u00edtomn\u00fd na takmer 725 miestach vo viac ako 60 krajin\u00e1ch a p\u00f4sob\u00ed u\u017e viac ako 150 rokov. Ich z\u00e1klad\u0148a v Keni sa nach\u00e1dza v Nairobi, kde pon\u00fakaj\u00fa vn\u00fatro\u0161t\u00e1tne a medzin\u00e1rodn\u00e9 slu\u017eby. M\u00e1 medzin\u00e1rodn\u00fa sie\u0165 na poskytovanie slu\u017eieb po celom svete a je \u010dlenom IAM.<\/p>\n<p>Spolo\u010dnos\u0165 DB Schenker pon\u00faka baliace slu\u017eby, ktor\u00e9 ochr\u00e1nia va\u0161e veci pomocou ekologick\u00fdch baliacich materi\u00e1lov a zah\u0155\u0148aj\u00fa demont\u00e1\u017e a mont\u00e1\u017e n\u00e1bytku. Zabezpe\u010d\u00ed prepravu po zemi, \u017eeleznici, letecky alebo cez oce\u00e1n s coln\u00fdm odbaven\u00edm a slu\u017ebou sledovania, ktor\u00e1 v\u00e1m umo\u017en\u00ed sledova\u0165 priebeh prepravy.<\/p>\n<p>Webov\u00e1 lokalita: <a href=\"http:\/\/www.dbschenker.com\" target=\"_blank\" rel=\"noopener\">http:\/\/www.dbschenker.com<\/a><\/p>","protected":false},"excerpt":{"rendered":"<p>If you are moving home or your business, it might seem a bit daunting especially if you are moving countries with the additional paperwork and arrangements to make. This is where a moving company can really lighten your load. So below we\u2019ve listed Kenyan based removal companies that are members of the International Association of [&hellip;]<\/p>\n","protected":false},"author":4,"featured_media":0,"parent":190,"menu_order":0,"comment_status":"closed","ping_status":"closed","template":"","meta":{"_genesis_hide_title":false,"_genesis_hide_breadcrumbs":false,"_genesis_hide_singular_image":false,"_genesis_hide_footer_widgets":false,"_genesis_custom_body_class":"","_genesis_custom_post_class":"","_genesis_layout":"","footnotes":""},"class_list":{"0":"post-8396","1":"page","2":"type-page","3":"status-publish","5":"entry","6":"has-post-thumbnail"},"_links":{"self":[{"href":"https:\/\/moverdb.com\/sk\/wp-json\/wp\/v2\/pages\/8396","targetHints":{"allow":["GET"]}}],"collection":[{"href":"https:\/\/moverdb.com\/sk\/wp-json\/wp\/v2\/pages"}],"about":[{"href":"https:\/\/moverdb.com\/sk\/wp-json\/wp\/v2\/types\/page"}],"author":[{"embeddable":true,"href":"https:\/\/moverdb.com\/sk\/wp-json\/wp\/v2\/users\/4"}],"replies":[{"embeddable":true,"href":"https:\/\/moverdb.com\/sk\/wp-json\/wp\/v2\/comments?post=8396"}],"version-history":[{"count":1,"href":"https:\/\/moverdb.com\/sk\/wp-json\/wp\/v2\/pages\/8396\/revisions"}],"predecessor-version":[{"id":8397,"href":"https:\/\/moverdb.com\/sk\/wp-json\/wp\/v2\/pages\/8396\/revisions\/8397"}],"up":[{"embeddable":true,"href":"https:\/\/moverdb.com\/sk\/wp-json\/wp\/v2\/pages\/190"}],"wp:attachment":[{"href":"https:\/\/moverdb.com\/sk\/wp-json\/wp\/v2\/media?parent=8396"}],"curies":[{"name":"wp","href":"https:\/\/api.w.org\/{rel}","templated":true}]}}