{"id":8394,"date":"2023-04-27T14:54:05","date_gmt":"2023-04-27T14:54:05","guid":{"rendered":"https:\/\/moverdb.com\/?page_id=8394"},"modified":"2026-01-08T15:24:20","modified_gmt":"2026-01-08T15:24:20","slug":"moving-companies-kazakhstan","status":"publish","type":"page","link":"https:\/\/moverdb.com\/sk\/moving-companies\/moving-companies-kazakhstan\/","title":{"rendered":"3 najlep\u0161ie medzin\u00e1rodn\u00e9 s\u0165ahovacie spolo\u010dnosti v Kazachstane"},"content":{"rendered":"<p>S\u0165ahovanie m\u00f4\u017ee by\u0165 stresuj\u00face, ale ak ho chcete zn\u00ed\u017ei\u0165, m\u00f4\u017eete vyu\u017ei\u0165 slu\u017eby <a href=\"https:\/\/moverdb.com\/sk\/moving-companies\/\" data-internallinksmanager029f6b8e52c=\"79\" title=\"Top 25 medzin\u00e1rodn\u00fdch s\u0165ahovac\u00edch spolo\u010dnost\u00ed online\">s\u0165ahovacia spolo\u010dnos\u0165<\/a>. M\u00f4\u017eu prevzia\u0165 organiz\u00e1ciu, balenie a spr\u00e1vu v\u00e1\u0161ho s\u0165ahovania. Ni\u017e\u0161ie sme zostavili zoznam firiem so s\u00eddlom v Kazachstane <a href=\"https:\/\/moverdb.com\/sk\/international-removals\/\" data-internallinksmanager029f6b8e52c=\"27\" title=\"36 najlep\u0161\u00edch medzin\u00e1rodn\u00fdch s\u0165ahovac\u00edch spolo\u010dnost\u00ed v Spojenom kr\u00e1\u013eovstve\">s\u0165ahovacie spolo\u010dnosti<\/a> ktor\u00e9 s\u00fa \u010dlenmi <a href=\"https:\/\/moverdb.com\/sk\/iam\/\" data-internallinksmanager029f6b8e52c=\"23\" title=\"Vysvetlenie Medzin\u00e1rodnej asoci\u00e1cie s\u0165ahovate\u013eov (IAM)\">Medzin\u00e1rodn\u00e1 asoci\u00e1cia s\u0165ahovate\u013eov<\/a> (IAM) a\/alebo <a href=\"https:\/\/moverdb.com\/sk\/fidi-faim\/\" data-internallinksmanager029f6b8e52c=\"16\" title=\"Vysvetlenie FIDI a FAIM (FIDI akreditovan\u00fd medzin\u00e1rodn\u00fd prepravca)\">FIDI<\/a> Akreditovan\u00fd medzin\u00e1rodn\u00fd prepravca (FAIM), ktor\u00fd by v\u00e1m mohol pom\u00f4c\u0165 pri s\u0165ahovan\u00ed.<\/p>\n<h2><strong>1. Intermovex<\/strong><\/h2>\n<p><img loading=\"lazy\" decoding=\"async\" class=\"alignnone size-full wp-image-8330\" src=\"https:\/\/moverdb.com\/wp-content\/uploads\/Intermovex-international-moving-company.png\" alt=\"Intermovex medzin\u00e1rodn\u00e9 s\u0165ahovanie spolo\u010dnos\u0165\" width=\"1440\" height=\"680\" data-wp-pid=\"8330\" srcset=\"https:\/\/moverdb.com\/wp-content\/uploads\/Intermovex-international-moving-company.png 1440w, https:\/\/moverdb.com\/wp-content\/uploads\/Intermovex-international-moving-company-300x142.png 300w, https:\/\/moverdb.com\/wp-content\/uploads\/Intermovex-international-moving-company-1024x484.png 1024w, https:\/\/moverdb.com\/wp-content\/uploads\/Intermovex-international-moving-company-18x9.png 18w, https:\/\/moverdb.com\/wp-content\/uploads\/Intermovex-international-moving-company-600x283.png 600w\" sizes=\"auto, (max-width: 1440px) 100vw, 1440px\" \/><\/p>\n<ul>\n<li>N\u00e1rodn\u00e9 presuny<\/li>\n<li>Medzin\u00e1rodn\u00e9 s\u0165ahovanie<\/li>\n<li>S\u0165ahovanie dom\u00e1cnost\u00ed<\/li>\n<li>Premiest\u0148ovanie kancel\u00e1ri\u00ed<\/li>\n<li>Slu\u017eba od dver\u00ed k dver\u00e1m<\/li>\n<li>Baliace slu\u017eby<\/li>\n<li>Coln\u00e9 konanie<\/li>\n<li>Manipul\u00e1cia s v\u00fdtvarn\u00fdm umen\u00edm<\/li>\n<li>Preprava zvierat a automobilov<\/li>\n<li>Kr\u00e1tkodob\u00e9 a\u017e dlhodob\u00e9 skladovanie<\/li>\n<\/ul>\n<p>Intermovex je medzin\u00e1rodn\u00e1 s\u0165ahovacia spolo\u010dnos\u0165 zalo\u017een\u00e1 v roku 2009 s kancel\u00e1riami v Almaty a Astane. Spolupracuje so zahrani\u010dn\u00fdmi partnermi, ktor\u00fdm pom\u00e1ha poskytova\u0165 ich slu\u017eby na medzin\u00e1rodnej \u00farovni. S\u00fa \u010dlenom IAM so 14-ro\u010dnou trad\u00edciou.<\/p>\n<p>Spolo\u010dnos\u0165 Intermovex pon\u00faka slu\u017eby od dver\u00ed k dver\u00e1m s osobn\u00fdm mana\u017e\u00e9rom, ktor\u00fd v\u00e1s podpor\u00ed vo v\u0161etk\u00fdch f\u00e1zach s\u0165ahovania. Ich baliace slu\u017eby pou\u017e\u00edvaj\u00fa vysokokvalitn\u00e9 baliace materi\u00e1ly, pom\u00f4\u017eu v\u00e1m vybra\u0165 najvhodnej\u0161iu prepravu a pom\u00f4\u017eu s coln\u00fdm odbaven\u00edm. Pon\u00fakaj\u00fa cel\u00fd rad doplnkov\u00fdch slu\u017eieb, ktor\u00e9 zah\u0155\u0148aj\u00fa prepravu automobilov, v\u00fdstav, zvierat, kult\u00farnych pamiatok a v\u00fdtvarn\u00e9ho umenia, ako aj poistenie n\u00e1kladu a skladovanie.<\/p>\n<p>Webov\u00e1 lokalita: <a href=\"http:\/\/www.intermovex.kz\" target=\"_blank\" rel=\"noopener\">http:\/\/www.intermovex.kz<\/a><\/p>\n<h2><strong>2. Gosselin<\/strong><\/h2>\n<p><img loading=\"lazy\" decoding=\"async\" class=\"alignnone size-full wp-image-8321\" src=\"https:\/\/moverdb.com\/wp-content\/uploads\/Gosselin-Kazakhstan-international-moving-company.png\" alt=\"Gosselin Kazachstan medzin\u00e1rodn\u00e9 s\u0165ahovanie spolo\u010dnos\u0165\" width=\"1440\" height=\"680\" data-wp-pid=\"8321\" srcset=\"https:\/\/moverdb.com\/wp-content\/uploads\/Gosselin-Kazakhstan-international-moving-company.png 1440w, https:\/\/moverdb.com\/wp-content\/uploads\/Gosselin-Kazakhstan-international-moving-company-300x142.png 300w, https:\/\/moverdb.com\/wp-content\/uploads\/Gosselin-Kazakhstan-international-moving-company-1024x484.png 1024w, https:\/\/moverdb.com\/wp-content\/uploads\/Gosselin-Kazakhstan-international-moving-company-18x9.png 18w, https:\/\/moverdb.com\/wp-content\/uploads\/Gosselin-Kazakhstan-international-moving-company-600x283.png 600w\" sizes=\"auto, (max-width: 1440px) 100vw, 1440px\" \/><\/p>\n<ul>\n<li>N\u00e1rodn\u00e9 presuny<\/li>\n<li>Medzin\u00e1rodn\u00e9 s\u0165ahovanie<\/li>\n<li>S\u0165ahovanie do obytn\u00fdch priestorov<\/li>\n<li>S\u0165ahovanie kancel\u00e1ri\u00ed<\/li>\n<li>Slu\u017eby na mieru od dver\u00ed k dver\u00e1m<\/li>\n<li>Baliace slu\u017eby<\/li>\n<li>Zabezpe\u010denie prepravy<\/li>\n<li>Preprava dom\u00e1cich zvierat a vozidiel<\/li>\n<li>Poistenie<\/li>\n<li>Flexibiln\u00e9 kr\u00e1tkodob\u00e9 a\u017e dlhodob\u00e9 skladovanie<\/li>\n<\/ul>\n<p>Gosselin je medzin\u00e1rodn\u00e1 spolo\u010dnos\u0165 zaoberaj\u00faca sa s\u0165ahovan\u00edm a premiest\u0148ovan\u00edm s 34 pobo\u010dkami v celej Eur\u00f3pe a Rusku vr\u00e1tane Kazachstanu. M\u00e1 vlastn\u00fa sie\u0165 pobo\u010diek a partnerov, ktor\u00ed im pom\u00e1haj\u00fa pri medzin\u00e1rodn\u00fdch s\u0165ahovaniach, a je \u010dlenom IAM.<\/p>\n<p>Spolo\u010dnos\u0165 Gosselin pon\u00faka s\u0165ahovacie slu\u017eby od dver\u00ed k dver\u00e1m s online prieskumn\u00fdm n\u00e1strojom, ktor\u00fd poskytuje r\u00fdchly odhad a n\u00e1sledne spo\u013eahliv\u00fd odhad. Poskytuj\u00fa baliace slu\u017eby s profesion\u00e1lnymi s\u0165ahov\u00e1kmi, ktor\u00ed pou\u017e\u00edvaj\u00fa ekologick\u00e9 baliace materi\u00e1ly na ochranu va\u0161ich vec\u00ed, a pon\u00fakaj\u00fa aj demont\u00e1\u017e a op\u00e4tovn\u00fa mont\u00e1\u017e n\u00e1bytku a slu\u017ebu vybalenia. Pon\u00fakaj\u00fa aj \u010fal\u0161ie slu\u017eby vr\u00e1tane s\u0165ahovania dom\u00e1cich zvierat, manipul\u00e1cie s v\u00fdtvarn\u00fdm umen\u00edm, prepravy automobilov a rie\u0161enia skladovania.<\/p>\n<p>Webov\u00e1 lokalita: <a href=\"http:\/\/www.moving.gosselingroup.eu\" target=\"_blank\" rel=\"noopener\">http:\/\/www.moving.gosselingroup.eu<\/a><\/p>\n<h2><strong>3. Globalink Logistics<\/strong><\/h2>\n<p><img loading=\"lazy\" decoding=\"async\" class=\"alignnone size-full wp-image-8320\" src=\"https:\/\/moverdb.com\/wp-content\/uploads\/Globalink-Logistics-international-moving-company.png\" alt=\"Globalink Logistics medzin\u00e1rodn\u00e9 s\u0165ahovanie spolo\u010dnos\u0165\" width=\"1440\" height=\"680\" data-wp-pid=\"8320\" srcset=\"https:\/\/moverdb.com\/wp-content\/uploads\/Globalink-Logistics-international-moving-company.png 1440w, https:\/\/moverdb.com\/wp-content\/uploads\/Globalink-Logistics-international-moving-company-300x142.png 300w, https:\/\/moverdb.com\/wp-content\/uploads\/Globalink-Logistics-international-moving-company-1024x484.png 1024w, https:\/\/moverdb.com\/wp-content\/uploads\/Globalink-Logistics-international-moving-company-18x9.png 18w, https:\/\/moverdb.com\/wp-content\/uploads\/Globalink-Logistics-international-moving-company-600x283.png 600w\" sizes=\"auto, (max-width: 1440px) 100vw, 1440px\" \/><\/p>\n<ul>\n<li>N\u00e1rodn\u00e9 presuny<\/li>\n<li>Medzin\u00e1rodn\u00e9 s\u0165ahovanie<\/li>\n<li>S\u0165ahovanie do obytn\u00fdch priestorov<\/li>\n<li>Premiest\u0148ovanie firiem<\/li>\n<li>Slu\u017eba od dver\u00ed k dver\u00e1m<\/li>\n<li>Baliace slu\u017eby<\/li>\n<li>Cestn\u00e1, \u017eelezni\u010dn\u00e1, n\u00e1morn\u00e1 a leteck\u00e1 n\u00e1kladn\u00e1 doprava<\/li>\n<li>Coln\u00e9 sprostredkovanie<\/li>\n<li>S\u0165ahovanie dom\u00e1cich zvierat<\/li>\n<li>Skladovacie zariadenia<\/li>\n<\/ul>\n<p>Globalink Logistics je logistick\u00e1 spolo\u010dnos\u0165 \u0161pecializuj\u00faca sa na Eur\u00f3pu a \u00c1ziu, ktor\u00e1 pon\u00faka s\u0165ahovacie slu\u017eby. Svoje pobo\u010dky m\u00e1 v mest\u00e1ch Almaty, Astana, Atyrau, Aktobe, Oskemen, Uralsk a \u0160ymkent. Maj\u00fa glob\u00e1lnu sie\u0165 v 55 krajin\u00e1ch na poskytovanie slu\u017eieb na medzin\u00e1rodnej \u00farovni. S\u00fa \u010dlenom IAM s 24-ro\u010dnou trad\u00edciou a s\u00fa akreditovan\u00ed FIDI.<\/p>\n<p>Globalink Logistics pon\u00faka preds\u0165ahovac\u00ed prieskum a pl\u00e1novanie s\u0165ahovania s odhadom ceny. Pon\u00fakaj\u00fa s\u0165ahovacie slu\u017eby od dver\u00ed k dver\u00e1m vr\u00e1tane prepravy dom\u00e1cich zvierat a vozidiel, poistenia a sledovania s\u0165ahovania. Pon\u00fakaj\u00fa baliace slu\u017eby s pou\u017eit\u00edm vysokokvalitn\u00fdch materi\u00e1lov s tranzitom po ceste, \u017eeleznici, mori alebo letecky a pom\u00f4\u017eu s coln\u00fdm sprostredkovan\u00edm.<\/p>\n<p>Webov\u00e1 lokalita: <a href=\"https:\/\/globalinklogistics.com\/\" target=\"_blank\" rel=\"noopener\">https:\/\/globalinklogistics.com\/<\/a><\/p>","protected":false},"excerpt":{"rendered":"<p>Moving can be a stressful time but if you want to reduce it, you can employ the services of a moving company. They can take over the organisation, packing and administration of your move. Below we have compiled a list of Kazakhstan based removal companies that are members of the International Association of Movers (IAM) [&hellip;]<\/p>\n","protected":false},"author":4,"featured_media":0,"parent":190,"menu_order":0,"comment_status":"closed","ping_status":"closed","template":"","meta":{"_genesis_hide_title":false,"_genesis_hide_breadcrumbs":false,"_genesis_hide_singular_image":false,"_genesis_hide_footer_widgets":false,"_genesis_custom_body_class":"","_genesis_custom_post_class":"","_genesis_layout":"","footnotes":""},"class_list":{"0":"post-8394","1":"page","2":"type-page","3":"status-publish","5":"entry","6":"has-post-thumbnail"},"_links":{"self":[{"href":"https:\/\/moverdb.com\/sk\/wp-json\/wp\/v2\/pages\/8394","targetHints":{"allow":["GET"]}}],"collection":[{"href":"https:\/\/moverdb.com\/sk\/wp-json\/wp\/v2\/pages"}],"about":[{"href":"https:\/\/moverdb.com\/sk\/wp-json\/wp\/v2\/types\/page"}],"author":[{"embeddable":true,"href":"https:\/\/moverdb.com\/sk\/wp-json\/wp\/v2\/users\/4"}],"replies":[{"embeddable":true,"href":"https:\/\/moverdb.com\/sk\/wp-json\/wp\/v2\/comments?post=8394"}],"version-history":[{"count":1,"href":"https:\/\/moverdb.com\/sk\/wp-json\/wp\/v2\/pages\/8394\/revisions"}],"predecessor-version":[{"id":8395,"href":"https:\/\/moverdb.com\/sk\/wp-json\/wp\/v2\/pages\/8394\/revisions\/8395"}],"up":[{"embeddable":true,"href":"https:\/\/moverdb.com\/sk\/wp-json\/wp\/v2\/pages\/190"}],"wp:attachment":[{"href":"https:\/\/moverdb.com\/sk\/wp-json\/wp\/v2\/media?parent=8394"}],"curies":[{"name":"wp","href":"https:\/\/api.w.org\/{rel}","templated":true}]}}