{"id":8390,"date":"2023-04-27T14:54:37","date_gmt":"2023-04-27T14:54:37","guid":{"rendered":"https:\/\/moverdb.com\/?page_id=8390"},"modified":"2026-01-08T15:29:21","modified_gmt":"2026-01-08T15:29:21","slug":"moving-companies-jordan","status":"publish","type":"page","link":"https:\/\/moverdb.com\/sk\/moving-companies\/moving-companies-jordan\/","title":{"rendered":"6 najlep\u0161\u00edch medzin\u00e1rodn\u00fdch s\u0165ahovac\u00edch spolo\u010dnost\u00ed v Jord\u00e1nsku"},"content":{"rendered":"<p>S\u0165ahujete domov alebo firmu? Potom v\u00e1s organiz\u00e1cia a papierova\u010dky mo\u017eno za\u010d\u00ednaj\u00fa tr\u00e1pi\u0165, tak\u017ee mo\u017eno budete potrebova\u0165 pomoc <a href=\"https:\/\/moverdb.com\/sk\/moving-companies\/\" data-internallinksmanager029f6b8e52c=\"79\" title=\"Top 25 medzin\u00e1rodn\u00fdch s\u0165ahovac\u00edch spolo\u010dnost\u00ed online\">s\u0165ahovacia spolo\u010dnos\u0165<\/a>. Ak sa chcete pres\u0165ahova\u0165 v r\u00e1mci Jord\u00e1nska, do Jord\u00e1nska alebo z Jord\u00e1nska, zostavili sme pre v\u00e1s nasleduj\u00faci zoznam <a href=\"https:\/\/moverdb.com\/sk\/international-removals\/\" data-internallinksmanager029f6b8e52c=\"27\" title=\"36 najlep\u0161\u00edch medzin\u00e1rodn\u00fdch s\u0165ahovac\u00edch spolo\u010dnost\u00ed v Spojenom kr\u00e1\u013eovstve\">s\u0165ahovacie spolo\u010dnosti<\/a> ktor\u00e9 s\u00fa \u010dlenmi <a href=\"https:\/\/moverdb.com\/sk\/iam\/\" data-internallinksmanager029f6b8e52c=\"23\" title=\"Vysvetlenie Medzin\u00e1rodnej asoci\u00e1cie s\u0165ahovate\u013eov (IAM)\">Medzin\u00e1rodn\u00e1 asoci\u00e1cia s\u0165ahovate\u013eov<\/a> (IAM) a\/alebo <a href=\"https:\/\/moverdb.com\/sk\/fidi-faim\/\" data-internallinksmanager029f6b8e52c=\"16\" title=\"Vysvetlenie FIDI a FAIM (FIDI akreditovan\u00fd medzin\u00e1rodn\u00fd prepravca)\">FIDI<\/a> Akreditovan\u00fd medzin\u00e1rodn\u00fd prepravca (FAIM), ktor\u00fd by v\u00e1m mohol pom\u00f4c\u0165 pri s\u0165ahovan\u00ed.<\/p>\n<div id=\"ez-toc-container\" class=\"ez-toc-v2_0_82_2 ez-toc-wrap-left counter-hierarchy ez-toc-counter ez-toc-transparent ez-toc-container-direction\">\n<div class=\"ez-toc-title-container\">\n<p class=\"ez-toc-title\" style=\"cursor:inherit\">Sekcie<\/p>\n<span class=\"ez-toc-title-toggle\"><a href=\"#\" class=\"ez-toc-pull-right ez-toc-btn ez-toc-btn-xs ez-toc-btn-default ez-toc-toggle\" aria-label=\"Prep\u00ednanie tabu\u013eky obsahu\"><span class=\"ez-toc-js-icon-con\"><span class=\"\"><span class=\"eztoc-hide\" style=\"display:none;\">Prep\u00edna\u010d<\/span><span class=\"ez-toc-icon-toggle-span\"><svg style=\"fill: #999;color:#999\" xmlns=\"http:\/\/www.w3.org\/2000\/svg\" class=\"list-377408\" width=\"20px\" height=\"20px\" viewbox=\"0 0 24 24\" fill=\"none\"><path d=\"M6 6H4v2h2V6zm14 0H8v2h12V6zM4 11h2v2H4v-2zm16 0H8v2h12v-2zM4 16h2v2H4v-2zm16 0H8v2h12v-2z\" fill=\"currentColor\"><\/path><\/svg><svg style=\"fill: #999;color:#999\" class=\"arrow-unsorted-368013\" xmlns=\"http:\/\/www.w3.org\/2000\/svg\" width=\"10px\" height=\"10px\" viewbox=\"0 0 24 24\" version=\"1.2\" baseprofile=\"tiny\"><path d=\"M18.2 9.3l-6.2-6.3-6.2 6.3c-.2.2-.3.4-.3.7s.1.5.3.7c.2.2.4.3.7.3h11c.3 0 .5-.1.7-.3.2-.2.3-.5.3-.7s-.1-.5-.3-.7zM5.8 14.7l6.2 6.3 6.2-6.3c.2-.2.3-.5.3-.7s-.1-.5-.3-.7c-.2-.2-.4-.3-.7-.3h-11c-.3 0-.5.1-.7.3-.2.2-.3.5-.3.7s.1.5.3.7z\"\/><\/svg><\/span><\/span><\/span><\/a><\/span><\/div>\n<nav><ul class='ez-toc-list ez-toc-list-level-1 eztoc-toggle-hide-by-default' ><li class='ez-toc-page-1 ez-toc-heading-level-2'><a class=\"ez-toc-link ez-toc-heading-1\" href=\"https:\/\/moverdb.com\/sk\/moving-companies\/moving-companies-jordan\/#1_CML_Safe_Pak\" >1. CML Safe Pak<\/a><\/li><li class='ez-toc-page-1 ez-toc-heading-level-2'><a class=\"ez-toc-link ez-toc-heading-2\" href=\"https:\/\/moverdb.com\/sk\/moving-companies\/moving-companies-jordan\/#2_Jirpac\" >2. Jirpac<\/a><\/li><li class='ez-toc-page-1 ez-toc-heading-level-2'><a class=\"ez-toc-link ez-toc-heading-3\" href=\"https:\/\/moverdb.com\/sk\/moving-companies\/moving-companies-jordan\/#3_Jordanian_Coast_Cargo_Service\" >3. Jord\u00e1nska pobre\u017en\u00e1 n\u00e1kladn\u00e1 doprava<\/a><\/li><li class='ez-toc-page-1 ez-toc-heading-level-2'><a class=\"ez-toc-link ez-toc-heading-4\" href=\"https:\/\/moverdb.com\/sk\/moving-companies\/moving-companies-jordan\/#4_Levant_Express\" >4. Levant Express<\/a><\/li><li class='ez-toc-page-1 ez-toc-heading-level-2'><a class=\"ez-toc-link ez-toc-heading-5\" href=\"https:\/\/moverdb.com\/sk\/moving-companies\/moving-companies-jordan\/#5_Logistimania\" >5. Logistimania<\/a><\/li><li class='ez-toc-page-1 ez-toc-heading-level-2'><a class=\"ez-toc-link ez-toc-heading-6\" href=\"https:\/\/moverdb.com\/sk\/moving-companies\/moving-companies-jordan\/#6_Naouri_Group\" >6. Skupina Naouri<\/a><\/li><\/ul><\/nav><\/div>\n<h2><span class=\"ez-toc-section\" id=\"1_CML_Safe_Pak\"><\/span><strong>1. CML Safe Pak<\/strong><span class=\"ez-toc-section-end\"><\/span><\/h2>\n<p><img loading=\"lazy\" decoding=\"async\" class=\"alignnone size-full wp-image-8391\" src=\"https:\/\/moverdb.com\/wp-content\/uploads\/CML-Safe-Pak-international-moving-company.png\" alt=\"CML Safe Pak medzin\u00e1rodn\u00e9 s\u0165ahovanie spolo\u010dnos\u0165\" width=\"1440\" height=\"667\" data-wp-pid=\"8391\" srcset=\"https:\/\/moverdb.com\/wp-content\/uploads\/CML-Safe-Pak-international-moving-company.png 1440w, https:\/\/moverdb.com\/wp-content\/uploads\/CML-Safe-Pak-international-moving-company-300x139.png 300w, https:\/\/moverdb.com\/wp-content\/uploads\/CML-Safe-Pak-international-moving-company-1024x474.png 1024w, https:\/\/moverdb.com\/wp-content\/uploads\/CML-Safe-Pak-international-moving-company-18x8.png 18w, https:\/\/moverdb.com\/wp-content\/uploads\/CML-Safe-Pak-international-moving-company-600x278.png 600w\" sizes=\"auto, (max-width: 1440px) 100vw, 1440px\" \/><\/p>\n<ul>\n<li>Miestne a vn\u00fatro\u0161t\u00e1tne premiestnenia<\/li>\n<li>Medzin\u00e1rodn\u00e9 premiestnenia<\/li>\n<li>S\u0165ahovanie do obytn\u00fdch priestorov<\/li>\n<li>Koordin\u00e1tor presunu<\/li>\n<li>Baliace slu\u017eby<\/li>\n<li>Pozemn\u00e1, n\u00e1morn\u00e1 a leteck\u00e1 doprava<\/li>\n<li>Coln\u00e9 konanie<\/li>\n<li>Preprava dom\u00e1cich zvierat<\/li>\n<li>Upratovacie slu\u017eby<\/li>\n<li>Bezpe\u010dn\u00e9 ukladanie<\/li>\n<\/ul>\n<p>CML Safe Pak je spolo\u010dnos\u0165 poskytuj\u00faca s\u0165ahovacie, logistick\u00e9 a prepravn\u00e9 slu\u017eby, ktor\u00e1 pom\u00e1ha \u013eu\u010fom pri s\u0165ahovan\u00ed od roku 1992 a s\u00eddli v Amm\u00e1ne. Je \u010dlenom <a href=\"https:\/\/moverdb.com\/sk\/harmony-relocation-network\/\" data-internallinksmanager029f6b8e52c=\"20\" title=\"Vysvetlenie siete Harmony Relocation Network (HRN)\">Harmony Relocation Network<\/a> a IAM s 31-ro\u010dnou praxou a s\u00fa akreditovan\u00e9 FIDI. Tieto zdru\u017eenia im umo\u017e\u0148uj\u00fa pr\u00edstup k medzin\u00e1rodnej sieti s\u0165ahovac\u00edch agentov.<\/p>\n<p>Spolo\u010dnos\u0165 CML Safe Pak pon\u00faka konzult\u00e1cie pred s\u0165ahovan\u00edm s poradcom pre s\u0165ahovanie, ktor\u00fd pos\u00fadi va\u0161e potreby. Koordin\u00e1tor s\u0165ahovania sa postar\u00e1 o cel\u00fa logistiku v\u00e1\u0161ho s\u0165ahovania vr\u00e1tane papierovania a coln\u00e9ho odbavenia. Poskytuj\u00fa aj \u010fal\u0161ie slu\u017eby, medzi ktor\u00e9 patr\u00ed s\u0165ahovanie\/upratovanie, s\u0165ahovanie umeleck\u00fdch diel a staro\u017eitnost\u00ed a preprava dom\u00e1cich zvierat.<\/p>\n<p>Webov\u00e1 lokalita: <a href=\"http:\/\/www.cml-jo.com\" target=\"_blank\" rel=\"noopener\">http:\/\/www.cml-jo.com<\/a><\/p>\n<h2><span class=\"ez-toc-section\" id=\"2_Jirpac\"><\/span><strong>2. Jirpac<\/strong><span class=\"ez-toc-section-end\"><\/span><\/h2>\n<p><img loading=\"lazy\" decoding=\"async\" class=\"alignnone size-full wp-image-8333\" src=\"https:\/\/moverdb.com\/wp-content\/uploads\/Jirpac-international-moving-company.png\" alt=\"Jirpac medzin\u00e1rodn\u00e9 s\u0165ahovanie spolo\u010dnos\u0165\" width=\"1440\" height=\"679\" data-wp-pid=\"8333\" srcset=\"https:\/\/moverdb.com\/wp-content\/uploads\/Jirpac-international-moving-company.png 1440w, https:\/\/moverdb.com\/wp-content\/uploads\/Jirpac-international-moving-company-300x141.png 300w, https:\/\/moverdb.com\/wp-content\/uploads\/Jirpac-international-moving-company-1024x483.png 1024w, https:\/\/moverdb.com\/wp-content\/uploads\/Jirpac-international-moving-company-18x8.png 18w, https:\/\/moverdb.com\/wp-content\/uploads\/Jirpac-international-moving-company-600x283.png 600w\" sizes=\"auto, (max-width: 1440px) 100vw, 1440px\" \/><\/p>\n<ul>\n<li>N\u00e1rodn\u00e9 presuny<\/li>\n<li>Medzin\u00e1rodn\u00e9 s\u0165ahovanie<\/li>\n<li>S\u0165ahovanie dom\u00e1cnost\u00ed<\/li>\n<li>Presuny zamestnancov<\/li>\n<li>S\u0165ahovanie firiem a kancel\u00e1ri\u00ed<\/li>\n<li>Baliace slu\u017eby<\/li>\n<li>Pozemn\u00e1, n\u00e1morn\u00e1 a leteck\u00e1 doprava<\/li>\n<li>Coln\u00e9 sprostredkovanie<\/li>\n<li>Poistenie<\/li>\n<li>Zabezpe\u010den\u00e9 skladovacie priestory<\/li>\n<\/ul>\n<p>Jirpac je medzin\u00e1rodn\u00e1 s\u0165ahovacia a baliaca spolo\u010dnos\u0165, ktor\u00e1 bola zalo\u017een\u00e1 v roku 1978 a s\u00eddli v Amm\u00e1ne. M\u00e1 sie\u0165 kore\u0161pondentov po celom svete v 170 krajin\u00e1ch, ktor\u00ed jej pom\u00e1haj\u00fa pri poskytovan\u00ed slu\u017eieb na medzin\u00e1rodnej \u00farovni. S\u00fa \u010dlenom IAM so 45-ro\u010dnou trad\u00edciou.<\/p>\n<p>Spolo\u010dnos\u0165 Jirpac pon\u00faka vn\u00fatro\u0161t\u00e1tne a medzin\u00e1rodn\u00e9 s\u0165ahovacie slu\u017eby pre dom\u00e1cnosti a organiz\u00e1cie. Pon\u00faka baliace slu\u017eby, ktor\u00e9 poskytuj\u00fa r\u00f4zne baliace materi\u00e1ly a kart\u00f3ny na ochranu va\u0161ich vec\u00ed pri preprave, ktor\u00e9 sp\u013a\u0148aj\u00fa medzin\u00e1rodn\u00e9 normy. Pon\u00fakaj\u00fa pozemn\u00fa, leteck\u00fa a n\u00e1morn\u00fa prepravu s coln\u00fdmi slu\u017ebami.<\/p>\n<p>Webov\u00e1 lokalita: <a href=\"http:\/\/www.jirpac.com\" target=\"_blank\" rel=\"noopener\">http:\/\/www.jirpac.com<\/a><\/p>\n<h2><span class=\"ez-toc-section\" id=\"3_Jordanian_Coast_Cargo_Service\"><\/span><strong>3. Jord\u00e1nska pobre\u017en\u00e1 n\u00e1kladn\u00e1 doprava<\/strong><span class=\"ez-toc-section-end\"><\/span><\/h2>\n<p><img loading=\"lazy\" decoding=\"async\" class=\"alignnone size-full wp-image-8334\" src=\"https:\/\/moverdb.com\/wp-content\/uploads\/Jordanian-Coast-Cargo-Services-international-moving-company.png\" alt=\"Jord\u00e1nske pobre\u017eie Cargo Services medzin\u00e1rodn\u00e9 s\u0165ahovanie spolo\u010dnos\u0165\" width=\"1440\" height=\"677\" data-wp-pid=\"8334\" srcset=\"https:\/\/moverdb.com\/wp-content\/uploads\/Jordanian-Coast-Cargo-Services-international-moving-company.png 1440w, https:\/\/moverdb.com\/wp-content\/uploads\/Jordanian-Coast-Cargo-Services-international-moving-company-300x141.png 300w, https:\/\/moverdb.com\/wp-content\/uploads\/Jordanian-Coast-Cargo-Services-international-moving-company-1024x481.png 1024w, https:\/\/moverdb.com\/wp-content\/uploads\/Jordanian-Coast-Cargo-Services-international-moving-company-18x8.png 18w, https:\/\/moverdb.com\/wp-content\/uploads\/Jordanian-Coast-Cargo-Services-international-moving-company-600x282.png 600w\" sizes=\"auto, (max-width: 1440px) 100vw, 1440px\" \/><\/p>\n<ul>\n<li>Vn\u00fatro\u0161t\u00e1tne s\u0165ahovanie<\/li>\n<li>Medzin\u00e1rodn\u00e9 s\u0165ahovanie<\/li>\n<li>S\u0165ahovanie dom\u00e1cnost\u00ed<\/li>\n<li>Obchodn\u00e9 slu\u017eby<\/li>\n<li>Slu\u017eba od dver\u00ed k dver\u00e1m<\/li>\n<li>Profesion\u00e1lne baliace slu\u017eby<\/li>\n<li>Pozemn\u00e1, leteck\u00e1 a n\u00e1morn\u00e1 doprava<\/li>\n<li>Coln\u00e9 konanie<\/li>\n<li>Preprava vozidiel a dom\u00e1cich zvierat<\/li>\n<li>Bezpe\u010dn\u00e9 kr\u00e1tkodob\u00e9 a dlhodob\u00e9 skladovanie<\/li>\n<\/ul>\n<p>Jord\u00e1nske pobre\u017eie Cargo Services je lodn\u00e1 doprava, <a href=\"https:\/\/moverdb.com\/sk\/freight-forwarder\/\" data-internallinksmanager029f6b8e52c=\"17\" title=\"Sprievodca medzin\u00e1rodn\u00fdmi n\u00e1kladmi a spolo\u010dnos\u0165ami zasielate\u013estva a NVOCC\">zasielate\u013e<\/a> a skladov\u00e1 spolo\u010dnos\u0165, ktor\u00e1 poskytuje s\u0165ahovacie slu\u017eby a diplomatick\u00e9 s\u0165ahovanie. Bola zalo\u017een\u00e1 v roku 2000 a s\u00eddli v Amm\u00e1ne. Spolupracuje s medzin\u00e1rodn\u00fdmi organiz\u00e1ciami a poskytuje svoje slu\u017eby po celom svete. S\u00fa \u010dlenom IAM s 23-ro\u010dnou trad\u00edciou.<\/p>\n<p>Jord\u00e1nske pobre\u017en\u00e9 n\u00e1kladn\u00e9 slu\u017eby pon\u00fakaj\u00fa slu\u017eby \"od dver\u00ed k dver\u00e1m\" s vysokokvalifikovan\u00fdmi bali\u010dmi, ktor\u00ed pou\u017e\u00edvaj\u00fa vysokokvalitn\u00e9 baliace materi\u00e1ly a prepravky na bezpe\u010dn\u00e9 premiestnenie va\u0161ich vec\u00ed. Zabezpe\u010dia prepravu s coln\u00fdm odbaven\u00edm, ktor\u00e1 m\u00f4\u017ee by\u0165 pozemn\u00e1, leteck\u00e1 alebo n\u00e1morn\u00e1 v menej ako kontajnerov\u00fdch n\u00e1kladoch a pln\u00fdch kontajnerov\u00fdch n\u00e1kladoch.<\/p>\n<p>Webov\u00e1 lokalita: <a href=\"http:\/\/www.jordaniancoastco.com\" target=\"_blank\" rel=\"noopener\">http:\/\/www.jordaniancoastco.com<\/a><\/p>\n<h2><span class=\"ez-toc-section\" id=\"4_Levant_Express\"><\/span><strong>4. Levant Express<\/strong><span class=\"ez-toc-section-end\"><\/span><\/h2>\n<p><img loading=\"lazy\" decoding=\"async\" class=\"alignnone size-full wp-image-8392\" src=\"https:\/\/moverdb.com\/wp-content\/uploads\/Levant-Express-international-moving-company.png\" alt=\"Levant Express medzin\u00e1rodn\u00e9 s\u0165ahovanie spolo\u010dnos\u0165\" width=\"1440\" height=\"683\" data-wp-pid=\"8392\" srcset=\"https:\/\/moverdb.com\/wp-content\/uploads\/Levant-Express-international-moving-company.png 1440w, https:\/\/moverdb.com\/wp-content\/uploads\/Levant-Express-international-moving-company-300x142.png 300w, https:\/\/moverdb.com\/wp-content\/uploads\/Levant-Express-international-moving-company-1024x486.png 1024w, https:\/\/moverdb.com\/wp-content\/uploads\/Levant-Express-international-moving-company-18x9.png 18w, https:\/\/moverdb.com\/wp-content\/uploads\/Levant-Express-international-moving-company-600x285.png 600w\" sizes=\"auto, (max-width: 1440px) 100vw, 1440px\" \/><\/p>\n<ul>\n<li>Vn\u00fatro\u0161t\u00e1tne s\u0165ahovanie<\/li>\n<li>Medzin\u00e1rodn\u00e9 s\u0165ahovanie<\/li>\n<li>S\u0165ahovanie dom\u00e1cnost\u00ed<\/li>\n<li>\u00davodn\u00fd prieskum<\/li>\n<li>Baliace slu\u017eby<\/li>\n<li>Invent\u00e1r<\/li>\n<li>Pozemn\u00e1, n\u00e1morn\u00e1 a leteck\u00e1 doprava<\/li>\n<li>Coln\u00e9 konanie<\/li>\n<li>Poistenie<\/li>\n<li>Skladovacie zariadenia<\/li>\n<\/ul>\n<p>Spolo\u010dnos\u0165 Levant Express je poskytovate\u013eom komplexn\u00fdch rie\u0161en\u00ed dod\u00e1vate\u013esk\u00e9ho re\u0165azca, ktor\u00fd pon\u00faka s\u0165ahovacie slu\u017eby. Spolo\u010dnos\u0165 bola zalo\u017een\u00e1 v roku 1930 a m\u00e1 pobo\u010dky v Jord\u00e1nsku a <a href=\"https:\/\/moverdb.com\/sk\/moving-companies\/moving-companies-lebanon\/\" data-internallinksmanager029f6b8e52c=\"302\" title=\"7 najlep\u0161\u00edch medzin\u00e1rodn\u00fdch s\u0165ahovac\u00edch spolo\u010dnost\u00ed v Libanone\">Libanon<\/a>. S\u00fa \u010dlenom IAM s 93-ro\u010dnou trad\u00edciou, ktor\u00e1 im umo\u017e\u0148uje pr\u00edstup k medzin\u00e1rodnej sieti s\u0165ahovac\u00edch agentov, ktor\u00ed im poskytuj\u00fa podporu.<\/p>\n<p>Spolo\u010dnos\u0165 Levant Express pon\u00faka prieskum pred s\u0165ahovan\u00edm, aby odhadla objem v\u00e1\u0161ho s\u0165ahovania a vypracovala cenov\u00fa ponuku. Poskytuj\u00fa baliace slu\u017eby, ktor\u00e9 chr\u00e1nia va\u0161e veci po\u010das prepravy pomocou najvhodnej\u0161\u00edch baliacich materi\u00e1lov vr\u00e1tane kart\u00f3nov a debien. V\u0161etky bal\u00edky s\u00fa ozna\u010den\u00e9 a je pripraven\u00fd ich s\u00fapis.<\/p>\n<p>Webov\u00e1 lokalita: <a href=\"http:\/\/www.levantexpress.net\" target=\"_blank\" rel=\"noopener\">http:\/\/www.levantexpress.net<\/a><\/p>\n<h2><span class=\"ez-toc-section\" id=\"5_Logistimania\"><\/span><strong>5. <\/strong><strong>Logistimania<\/strong><span class=\"ez-toc-section-end\"><\/span><\/h2>\n<p><img loading=\"lazy\" decoding=\"async\" class=\"alignnone size-full wp-image-8337\" src=\"https:\/\/moverdb.com\/wp-content\/uploads\/Logistimania-international-moving-company.png\" alt=\"Logistimania medzin\u00e1rodn\u00e1 s\u0165ahovacia spolo\u010dnos\u0165\" width=\"1440\" height=\"676\" data-wp-pid=\"8337\" srcset=\"https:\/\/moverdb.com\/wp-content\/uploads\/Logistimania-international-moving-company.png 1440w, https:\/\/moverdb.com\/wp-content\/uploads\/Logistimania-international-moving-company-300x141.png 300w, https:\/\/moverdb.com\/wp-content\/uploads\/Logistimania-international-moving-company-1024x481.png 1024w, https:\/\/moverdb.com\/wp-content\/uploads\/Logistimania-international-moving-company-18x8.png 18w, https:\/\/moverdb.com\/wp-content\/uploads\/Logistimania-international-moving-company-600x282.png 600w\" sizes=\"auto, (max-width: 1440px) 100vw, 1440px\" \/><\/p>\n<ul>\n<li>N\u00e1rodn\u00e9 presuny<\/li>\n<li>Medzin\u00e1rodn\u00e9 s\u0165ahovanie<\/li>\n<li>Premiest\u0148ovanie dom\u00e1cnost\u00ed<\/li>\n<li>Obchodn\u00fd n\u00e1klad<\/li>\n<li>Slu\u017eba od dver\u00ed k dver\u00e1m<\/li>\n<li>Profesion\u00e1lne baliace slu\u017eby<\/li>\n<li>Vysokokvalitn\u00e9 baliace materi\u00e1ly<\/li>\n<li>Leteck\u00e1, n\u00e1morn\u00e1 a cestn\u00e1 doprava<\/li>\n<li>Coln\u00e9 konanie<\/li>\n<li>Skladovacie zariadenia<\/li>\n<\/ul>\n<p>Spolo\u010dnos\u0165 Logistimania je medzin\u00e1rodn\u00e1 prepravn\u00e1 a \u0161pedi\u010dn\u00e1 spolo\u010dnos\u0165, ktor\u00e1 vznikla v \u0160tokholme, ale m\u00e1 pobo\u010dku aj v Amm\u00e1ne v Jord\u00e1nsku. Na poskytovanie svojich slu\u017eieb po celom svete dlhodobo spolupracuje s prepravn\u00fdmi spolo\u010dnos\u0165ami, n\u00e1kladn\u00fdmi dopravcami a dod\u00e1vate\u013emi n\u00e1kladnej dopravy a je tie\u017e \u010dlenom IAM.<\/p>\n<p>Spolo\u010dnos\u0165 Logistimania pon\u00faka s\u0165ahovacie a s\u0165ahovacie slu\u017eby od dver\u00ed k dver\u00e1m. Poskytuj\u00fa profesion\u00e1lne baliace slu\u017eby, pri ktor\u00fdch pou\u017e\u00edvaj\u00fa vysokokvalitn\u00e9 baliace materi\u00e1ly na ochranu va\u0161ich vec\u00ed po\u010das prepravy. V pr\u00edpade potreby zabezpe\u010dia leteck\u00fa, n\u00e1morn\u00fa a cestn\u00fa prepravu s coln\u00fdm odbaven\u00edm. Po pr\u00edchode v\u00e1m pom\u00f4\u017eu s vybalen\u00edm va\u0161ich vec\u00ed.<\/p>\n<p>Webov\u00e1 lokalita: <a href=\"http:\/\/www.logistimania.com\" target=\"_blank\" rel=\"noopener\">http:\/\/www.logistimania.com<\/a><\/p>\n<h2><span class=\"ez-toc-section\" id=\"6_Naouri_Group\"><\/span><strong>6. Skupina Naouri<\/strong><span class=\"ez-toc-section-end\"><\/span><\/h2>\n<p><img loading=\"lazy\" decoding=\"async\" class=\"alignnone size-full wp-image-8347\" src=\"https:\/\/moverdb.com\/wp-content\/uploads\/Naouri-Group-international-moving-company.png\" alt=\"Naouri Group medzin\u00e1rodn\u00e9 s\u0165ahovanie spolo\u010dnos\u0165\" width=\"1440\" height=\"680\" data-wp-pid=\"8347\" srcset=\"https:\/\/moverdb.com\/wp-content\/uploads\/Naouri-Group-international-moving-company.png 1440w, https:\/\/moverdb.com\/wp-content\/uploads\/Naouri-Group-international-moving-company-300x142.png 300w, https:\/\/moverdb.com\/wp-content\/uploads\/Naouri-Group-international-moving-company-1024x484.png 1024w, https:\/\/moverdb.com\/wp-content\/uploads\/Naouri-Group-international-moving-company-18x9.png 18w, https:\/\/moverdb.com\/wp-content\/uploads\/Naouri-Group-international-moving-company-600x283.png 600w\" sizes=\"auto, (max-width: 1440px) 100vw, 1440px\" \/><\/p>\n<ul>\n<li>N\u00e1rodn\u00e9 presuny<\/li>\n<li>Medzin\u00e1rodn\u00e9 s\u0165ahovanie<\/li>\n<li>Z\u00e1sielky spolo\u010dnosti<\/li>\n<li>Jednotliv\u00e9 z\u00e1sielky<\/li>\n<li>Zasielanie projektov<\/li>\n<li>Slu\u017eby na mieru<\/li>\n<li>Cestn\u00e1, n\u00e1morn\u00e1 a leteck\u00e1 doprava<\/li>\n<li>Mo\u017enosti zoskupenia<\/li>\n<li>Coln\u00e9 konanie<\/li>\n<li>Kontajnerov\u00fd termin\u00e1l<\/li>\n<\/ul>\n<p>Naouri Group je \u0161pedi\u010dn\u00e1 a logistick\u00e1 spolo\u010dnos\u0165, ktor\u00e1 bola zalo\u017een\u00e1 v roku 1994 a s\u00eddli v Amm\u00e1ne, pri\u010dom p\u00f4sob\u00ed aj v <a href=\"https:\/\/moverdb.com\/sk\/moving-companies\/moving-companies-iraq\/\" data-internallinksmanager029f6b8e52c=\"314\" title=\"2 Najlep\u0161ie medzin\u00e1rodn\u00e9 s\u0165ahovacie spolo\u010dnosti v Iraku\">Irak<\/a> a Palest\u00edna. Je \u010dlenom IAM s 13-ro\u010dnou trad\u00edciou a je akreditovan\u00e1 organiz\u00e1ciou FIDI. Tieto zdru\u017eenia im umo\u017e\u0148uj\u00fa pr\u00edstup k medzin\u00e1rodnej sieti agentov, ktor\u00ed im pom\u00e1haj\u00fa pri poskytovan\u00ed slu\u017eieb v zahrani\u010d\u00ed.<\/p>\n<p>Naouri Group pon\u00faka slu\u017eby \u0161it\u00e9 na mieru va\u0161im po\u017eiadavk\u00e1m a tvrd\u00ed, \u017ee je jednou z popredn\u00fdch logistick\u00fdch skup\u00edn v Jord\u00e1nsku. Poskytuje cel\u00fd rad prepravn\u00fdch a \u0161pedi\u010dn\u00fdch slu\u017eieb, ktor\u00e9 zah\u0155\u0148aj\u00fa cestn\u00fa, leteck\u00fa a n\u00e1morn\u00fa prepravu, ako aj mo\u017enosti zbernej prepravy pre menej ako kontajnerov\u00e9 z\u00e1sielky.<\/p>\n<p>Webov\u00e1 lokalita: <a href=\"http:\/\/www.naouri.com\" target=\"_blank\" rel=\"noopener\">http:\/\/www.naouri.com<\/a><\/p>","protected":false},"excerpt":{"rendered":"<p>Are you moving home or your business? Then the organisation and paperwork may be starting to daunt you, so you may want the assistance of a moving company. If you are looking to move within, to or from Jordan we have compiled the below list of removal companies that are members of the International Association [&hellip;]<\/p>\n","protected":false},"author":4,"featured_media":0,"parent":190,"menu_order":0,"comment_status":"closed","ping_status":"closed","template":"","meta":{"_genesis_hide_title":false,"_genesis_hide_breadcrumbs":false,"_genesis_hide_singular_image":false,"_genesis_hide_footer_widgets":false,"_genesis_custom_body_class":"","_genesis_custom_post_class":"","_genesis_layout":"","footnotes":""},"class_list":{"0":"post-8390","1":"page","2":"type-page","3":"status-publish","5":"entry","6":"has-post-thumbnail"},"_links":{"self":[{"href":"https:\/\/moverdb.com\/sk\/wp-json\/wp\/v2\/pages\/8390","targetHints":{"allow":["GET"]}}],"collection":[{"href":"https:\/\/moverdb.com\/sk\/wp-json\/wp\/v2\/pages"}],"about":[{"href":"https:\/\/moverdb.com\/sk\/wp-json\/wp\/v2\/types\/page"}],"author":[{"embeddable":true,"href":"https:\/\/moverdb.com\/sk\/wp-json\/wp\/v2\/users\/4"}],"replies":[{"embeddable":true,"href":"https:\/\/moverdb.com\/sk\/wp-json\/wp\/v2\/comments?post=8390"}],"version-history":[{"count":1,"href":"https:\/\/moverdb.com\/sk\/wp-json\/wp\/v2\/pages\/8390\/revisions"}],"predecessor-version":[{"id":8393,"href":"https:\/\/moverdb.com\/sk\/wp-json\/wp\/v2\/pages\/8390\/revisions\/8393"}],"up":[{"embeddable":true,"href":"https:\/\/moverdb.com\/sk\/wp-json\/wp\/v2\/pages\/190"}],"wp:attachment":[{"href":"https:\/\/moverdb.com\/sk\/wp-json\/wp\/v2\/media?parent=8390"}],"curies":[{"name":"wp","href":"https:\/\/api.w.org\/{rel}","templated":true}]}}