{"id":7781,"date":"2023-04-27T14:57:02","date_gmt":"2023-04-27T14:57:02","guid":{"rendered":"https:\/\/moverdb.com\/?page_id=7781"},"modified":"2026-01-08T15:23:46","modified_gmt":"2026-01-08T15:23:46","slug":"moving-companies-jamaica","status":"publish","type":"page","link":"https:\/\/moverdb.com\/sk\/moving-companies\/moving-companies-jamaica\/","title":{"rendered":"2 Najlep\u0161ie medzin\u00e1rodn\u00e9 s\u0165ahovacie spolo\u010dnosti na Jamajke"},"content":{"rendered":"<p>S\u0165ahovanie v\u00e1\u0161ho domova alebo firmy m\u00f4\u017ee by\u0165 n\u00e1ro\u010dn\u00e9 a predstavuje ve\u013ek\u00fd tlak, najm\u00e4 ak sa pl\u00e1nujete pres\u0165ahova\u0165 do zahrani\u010dia, preto je vhodn\u00e9 vyu\u017ei\u0165 slu\u017eby <a href=\"https:\/\/moverdb.com\/sk\/moving-companies\/\" data-internallinksmanager029f6b8e52c=\"79\" title=\"Top 25 medzin\u00e1rodn\u00fdch s\u0165ahovac\u00edch spolo\u010dnost\u00ed online\">s\u0165ahovacia spolo\u010dnos\u0165<\/a> v\u00e1m m\u00f4\u017ee skuto\u010dne pom\u00f4c\u0165. Ni\u017e\u0161ie sme zostavili zoznam jamajsk\u00fdch <a href=\"https:\/\/moverdb.com\/sk\/international-removals\/\" data-internallinksmanager029f6b8e52c=\"27\" title=\"36 najlep\u0161\u00edch medzin\u00e1rodn\u00fdch s\u0165ahovac\u00edch spolo\u010dnost\u00ed v Spojenom kr\u00e1\u013eovstve\">s\u0165ahovacie spolo\u010dnosti<\/a> ktor\u00e9 s\u00fa \u010dlenmi <a href=\"https:\/\/moverdb.com\/sk\/iam\/\" data-internallinksmanager029f6b8e52c=\"23\" title=\"Vysvetlenie Medzin\u00e1rodnej asoci\u00e1cie s\u0165ahovate\u013eov (IAM)\">Medzin\u00e1rodn\u00e1 asoci\u00e1cia s\u0165ahovate\u013eov<\/a> (IAM) a\/alebo <a href=\"https:\/\/moverdb.com\/sk\/fidi-faim\/\" data-internallinksmanager029f6b8e52c=\"16\" title=\"Vysvetlenie FIDI a FAIM (FIDI akreditovan\u00fd medzin\u00e1rodn\u00fd prepravca)\">FIDI<\/a> Akreditovan\u00fd medzin\u00e1rodn\u00fd prepravca (FAIM), ktor\u00fd by v\u00e1m mohol pom\u00f4c\u0165 pri s\u0165ahovan\u00ed.<\/p>\n<h2><strong>1. Aero International Shipping<\/strong><\/h2>\n<p><img loading=\"lazy\" decoding=\"async\" class=\"alignnone size-full wp-image-7656\" src=\"https:\/\/moverdb.com\/wp-content\/uploads\/Aero-International-Shipping-moving-company.png\" alt=\"Aero International Shipping pohybuj\u00face sa spolo\u010dnos\u0165\" width=\"1440\" height=\"686\" data-wp-pid=\"7656\" srcset=\"https:\/\/moverdb.com\/wp-content\/uploads\/Aero-International-Shipping-moving-company.png 1440w, https:\/\/moverdb.com\/wp-content\/uploads\/Aero-International-Shipping-moving-company-300x143.png 300w, https:\/\/moverdb.com\/wp-content\/uploads\/Aero-International-Shipping-moving-company-1024x488.png 1024w, https:\/\/moverdb.com\/wp-content\/uploads\/Aero-International-Shipping-moving-company-18x9.png 18w, https:\/\/moverdb.com\/wp-content\/uploads\/Aero-International-Shipping-moving-company-600x286.png 600w\" sizes=\"auto, (max-width: 1440px) 100vw, 1440px\" \/><\/p>\n<ul>\n<li><a href=\"https:\/\/moverdb.com\/sk\/container-shipping\/\" data-internallinksmanager029f6b8e52c=\"3\" title=\"Graf sadzieb medzin\u00e1rodnej kontajnerovej prepravy: Apr\u00edl 2026\">Medzin\u00e1rodn\u00e1 preprava<\/a><\/li>\n<li>Preprava pre dom\u00e1cnos\u0165<\/li>\n<li>Obchodn\u00e1 preprava<\/li>\n<li>\u0160peci\u00e1lne projekty<\/li>\n<li>V\u00fdvozn\u00e9 balenie<\/li>\n<li>Pozemn\u00e1, leteck\u00e1 a n\u00e1morn\u00e1 n\u00e1kladn\u00e1 doprava<\/li>\n<li>Mo\u017enosti konsolid\u00e1cie<\/li>\n<li>Vlastn\u00e9 odbavenie<\/li>\n<li>Poistn\u00e9 krytie<\/li>\n<li>Skladovacie zariadenia<\/li>\n<\/ul>\n<p>Aero International Shipping je medzin\u00e1rodn\u00e1 prepravn\u00e1 a logistick\u00e1 spolo\u010dnos\u0165, ktor\u00e1 sa zaober\u00e1 aj prepravou tovaru pre dom\u00e1cnos\u0165. Bola zalo\u017een\u00e1 v roku 1974 a s\u00eddli v Kingstone. Spolupracuje s medzin\u00e1rodnou sie\u0165ou agent\u00far, ktor\u00e9 poskytuj\u00fa slu\u017eby po celom svete. S\u00fa \u010dlenom IAM so 49-ro\u010dnou trad\u00edciou.<\/p>\n<p>Spolo\u010dnos\u0165 Aero International Shipping pon\u00faka prepravn\u00e9 slu\u017eby od mal\u00fdch a\u017e po ve\u013ek\u00e9 z\u00e1sielky. Poskytuje podporu pri exportnom balen\u00ed, aby zabezpe\u010dila, \u017ee va\u0161e veci bud\u00fa bezpe\u010dne zabalen\u00e9 na prepravu. Zabezpe\u010d\u00ed prepravu po zemi, letecky a po mori so starostlivo vybran\u00fdmi trasami, coln\u00fdm odbaven\u00edm a poisten\u00edm. Poskytuj\u00fa mo\u017enosti konsolid\u00e1cie leteckej a n\u00e1mornej prepravy s cie\u013eom zn\u00ed\u017ei\u0165 n\u00e1klady.<\/p>\n<p>Webov\u00e1 lokalita: <a href=\"http:\/\/www.aerointel.com\/\" target=\"_blank\" rel=\"noopener\">http:\/\/www.aerointel.com\/<\/a><\/p>\n<h2><strong>2. B.L. Williams<\/strong><\/h2>\n<p><img loading=\"lazy\" decoding=\"async\" class=\"alignnone size-full wp-image-7675\" src=\"https:\/\/moverdb.com\/wp-content\/uploads\/Bliss-Moving-international-moving-company.png\" alt=\"BL Williams medzin\u00e1rodn\u00e9 s\u0165ahovanie spolo\u010dnos\u0165\" width=\"1440\" height=\"684\" data-wp-pid=\"7675\" srcset=\"https:\/\/moverdb.com\/wp-content\/uploads\/Bliss-Moving-international-moving-company.png 1440w, https:\/\/moverdb.com\/wp-content\/uploads\/Bliss-Moving-international-moving-company-300x143.png 300w, https:\/\/moverdb.com\/wp-content\/uploads\/Bliss-Moving-international-moving-company-1024x486.png 1024w, https:\/\/moverdb.com\/wp-content\/uploads\/Bliss-Moving-international-moving-company-18x9.png 18w, https:\/\/moverdb.com\/wp-content\/uploads\/Bliss-Moving-international-moving-company-600x285.png 600w\" sizes=\"auto, (max-width: 1440px) 100vw, 1440px\" \/><\/p>\n<ul>\n<li>N\u00e1rodn\u00e9 presuny<\/li>\n<li>Medzin\u00e1rodn\u00e9 s\u0165ahovanie<\/li>\n<li>Premiestnenie dom\u00e1cnosti<\/li>\n<li>Slu\u017eba od dver\u00ed k dver\u00e1m<\/li>\n<li>Baliace slu\u017eby<\/li>\n<li>N\u00e1morn\u00e1 a leteck\u00e1 preprava<\/li>\n<li>V\u00fdvozn\u00e9 a dovozn\u00e9 slu\u017eby<\/li>\n<li>Slu\u017eby p\u00f4vodu a ur\u010denia<\/li>\n<li>Tranzitn\u00e9 poistenie<\/li>\n<li>Skladovacie zariadenia<\/li>\n<\/ul>\n<p>B.L. Williams je <a href=\"https:\/\/moverdb.com\/sk\/freight-forwarder\/\" data-internallinksmanager029f6b8e52c=\"17\" title=\"Sprievodca medzin\u00e1rodn\u00fdmi n\u00e1kladmi a spolo\u010dnos\u0165ami zasielate\u013estva a NVOCC\">zasielate\u013e<\/a> a medzin\u00e1rodn\u00fd prepravca, ktor\u00fd bol zalo\u017een\u00fd v roku 1924 a s\u00eddli v Kingstone. Podporuje ich sie\u0165 miestnych z\u00e1stupcov, ktor\u00ed s\u00fa rozmiestnen\u00ed po celom svete. S\u00fa \u010dlenom IAM s 34-ro\u010dnou trad\u00edciou.<\/p>\n<p>Spolo\u010dnos\u0165 B.L. Williams poskytuje \u00favodn\u00fd prieskum na zistenie va\u0161ich potrieb a vypracovanie cenovej ponuky. Poskytuje \u0161pecializovan\u00fd person\u00e1l, ktor\u00fd v\u00e1s podporuje po\u010das cel\u00e9ho s\u0165ahovania a poskytuje slu\u017eby od dver\u00ed k dver\u00e1m. Poskytuj\u00fa baliace slu\u017eby, ktor\u00e9 pou\u017e\u00edvaj\u00fa r\u00f4zne materi\u00e1ly na ochranu va\u0161ich vec\u00ed a ich zabalenie do krab\u00edc. Zabezpe\u010dia prepravu n\u00e1mornou a leteckou dopravou, ktor\u00e1 zah\u0155\u0148a v\u0161etky v\u00fdvozn\u00e9 a dovozn\u00e9 slu\u017eby.<\/p>\n<p>Webov\u00e1 lokalita: <a href=\"http:\/\/www.blwilliams.com\/\" target=\"_blank\" rel=\"noopener\">http:\/\/www.blwilliams.com\/<\/a><\/p>","protected":false},"excerpt":{"rendered":"<p>Moving your home or business can be difficult and add a lot of pressure especially if you are planning a move abroad, so employing a moving company can really assist you. Below we have compiled a list of Jamaican removal companies that are members of the International Association of Movers (IAM) and\/or FIDI Accredited International [&hellip;]<\/p>\n","protected":false},"author":4,"featured_media":0,"parent":190,"menu_order":0,"comment_status":"closed","ping_status":"closed","template":"","meta":{"_genesis_hide_title":false,"_genesis_hide_breadcrumbs":false,"_genesis_hide_singular_image":false,"_genesis_hide_footer_widgets":false,"_genesis_custom_body_class":"","_genesis_custom_post_class":"","_genesis_layout":"","footnotes":""},"class_list":{"0":"post-7781","1":"page","2":"type-page","3":"status-publish","5":"entry","6":"has-post-thumbnail"},"_links":{"self":[{"href":"https:\/\/moverdb.com\/sk\/wp-json\/wp\/v2\/pages\/7781","targetHints":{"allow":["GET"]}}],"collection":[{"href":"https:\/\/moverdb.com\/sk\/wp-json\/wp\/v2\/pages"}],"about":[{"href":"https:\/\/moverdb.com\/sk\/wp-json\/wp\/v2\/types\/page"}],"author":[{"embeddable":true,"href":"https:\/\/moverdb.com\/sk\/wp-json\/wp\/v2\/users\/4"}],"replies":[{"embeddable":true,"href":"https:\/\/moverdb.com\/sk\/wp-json\/wp\/v2\/comments?post=7781"}],"version-history":[{"count":1,"href":"https:\/\/moverdb.com\/sk\/wp-json\/wp\/v2\/pages\/7781\/revisions"}],"predecessor-version":[{"id":7782,"href":"https:\/\/moverdb.com\/sk\/wp-json\/wp\/v2\/pages\/7781\/revisions\/7782"}],"up":[{"embeddable":true,"href":"https:\/\/moverdb.com\/sk\/wp-json\/wp\/v2\/pages\/190"}],"wp:attachment":[{"href":"https:\/\/moverdb.com\/sk\/wp-json\/wp\/v2\/media?parent=7781"}],"curies":[{"name":"wp","href":"https:\/\/api.w.org\/{rel}","templated":true}]}}