{"id":7779,"date":"2023-04-27T14:57:32","date_gmt":"2023-04-27T14:57:32","guid":{"rendered":"https:\/\/moverdb.com\/?page_id=7779"},"modified":"2026-01-08T15:29:20","modified_gmt":"2026-01-08T15:29:20","slug":"moving-companies-israel","status":"publish","type":"page","link":"https:\/\/moverdb.com\/sk\/moving-companies\/moving-companies-israel\/","title":{"rendered":"6 najlep\u0161\u00edch medzin\u00e1rodn\u00fdch s\u0165ahovac\u00edch spolo\u010dnost\u00ed v Izraeli"},"content":{"rendered":"<p>S\u0165ahovanie v\u00e1\u0161ho domova alebo firmy m\u00f4\u017ee by\u0165 stresuj\u00face, preto vyu\u017eite slu\u017eby <a href=\"https:\/\/moverdb.com\/sk\/moving-companies\/\" data-internallinksmanager029f6b8e52c=\"79\" title=\"Top 25 medzin\u00e1rodn\u00fdch s\u0165ahovac\u00edch spolo\u010dnost\u00ed online\">s\u0165ahovacia spolo\u010dnos\u0165<\/a> by mohli zn\u00ed\u017ei\u0165 pracovn\u00e9 za\u0165a\u017eenie a u\u013eah\u010di\u0165 presun. Ni\u017e\u0161ie sme preto zostavili zoznam <a href=\"https:\/\/moverdb.com\/sk\/moving-to-israel\/\" data-internallinksmanager029f6b8e52c=\"333\" title=\"S\u0165ahovanie do Izraela? 2026 N\u00e1klady na b\u00fdvanie a tipy na pres\u0165ahovanie\">Izrael<\/a> na str\u00e1nke . <a href=\"https:\/\/moverdb.com\/sk\/international-removals\/\" data-internallinksmanager029f6b8e52c=\"27\" title=\"36 najlep\u0161\u00edch medzin\u00e1rodn\u00fdch s\u0165ahovac\u00edch spolo\u010dnost\u00ed v Spojenom kr\u00e1\u013eovstve\">s\u0165ahovacie spolo\u010dnosti<\/a> ktor\u00e9 s\u00fa \u010dlenmi <a href=\"https:\/\/moverdb.com\/sk\/iam\/\" data-internallinksmanager029f6b8e52c=\"23\" title=\"Vysvetlenie Medzin\u00e1rodnej asoci\u00e1cie s\u0165ahovate\u013eov (IAM)\">Medzin\u00e1rodn\u00e1 asoci\u00e1cia s\u0165ahovate\u013eov<\/a> (IAM) a\/alebo <a href=\"https:\/\/moverdb.com\/sk\/fidi-faim\/\" data-internallinksmanager029f6b8e52c=\"16\" title=\"Vysvetlenie FIDI a FAIM (FIDI akreditovan\u00fd medzin\u00e1rodn\u00fd prepravca)\">FIDI<\/a> Akreditovan\u00fd medzin\u00e1rodn\u00fd prepravca (FAIM), ktor\u00fd by v\u00e1m mohol pom\u00f4c\u0165 pri s\u0165ahovan\u00ed do Izraela, z Izraela alebo v r\u00e1mci Izraela.<\/p>\n<div id=\"ez-toc-container\" class=\"ez-toc-v2_0_82_2 ez-toc-wrap-left counter-hierarchy ez-toc-counter ez-toc-transparent ez-toc-container-direction\">\n<div class=\"ez-toc-title-container\">\n<p class=\"ez-toc-title\" style=\"cursor:inherit\">Sekcie<\/p>\n<span class=\"ez-toc-title-toggle\"><a href=\"#\" class=\"ez-toc-pull-right ez-toc-btn ez-toc-btn-xs ez-toc-btn-default ez-toc-toggle\" aria-label=\"Prep\u00ednanie tabu\u013eky obsahu\"><span class=\"ez-toc-js-icon-con\"><span class=\"\"><span class=\"eztoc-hide\" style=\"display:none;\">Prep\u00edna\u010d<\/span><span class=\"ez-toc-icon-toggle-span\"><svg style=\"fill: #999;color:#999\" xmlns=\"http:\/\/www.w3.org\/2000\/svg\" class=\"list-377408\" width=\"20px\" height=\"20px\" viewbox=\"0 0 24 24\" fill=\"none\"><path d=\"M6 6H4v2h2V6zm14 0H8v2h12V6zM4 11h2v2H4v-2zm16 0H8v2h12v-2zM4 16h2v2H4v-2zm16 0H8v2h12v-2z\" fill=\"currentColor\"><\/path><\/svg><svg style=\"fill: #999;color:#999\" class=\"arrow-unsorted-368013\" xmlns=\"http:\/\/www.w3.org\/2000\/svg\" width=\"10px\" height=\"10px\" viewbox=\"0 0 24 24\" version=\"1.2\" baseprofile=\"tiny\"><path d=\"M18.2 9.3l-6.2-6.3-6.2 6.3c-.2.2-.3.4-.3.7s.1.5.3.7c.2.2.4.3.7.3h11c.3 0 .5-.1.7-.3.2-.2.3-.5.3-.7s-.1-.5-.3-.7zM5.8 14.7l6.2 6.3 6.2-6.3c.2-.2.3-.5.3-.7s-.1-.5-.3-.7c-.2-.2-.4-.3-.7-.3h-11c-.3 0-.5.1-.7.3-.2.2-.3.5-.3.7s.1.5.3.7z\"\/><\/svg><\/span><\/span><\/span><\/a><\/span><\/div>\n<nav><ul class='ez-toc-list ez-toc-list-level-1 eztoc-toggle-hide-by-default' ><li class='ez-toc-page-1 ez-toc-heading-level-2'><a class=\"ez-toc-link ez-toc-heading-1\" href=\"https:\/\/moverdb.com\/sk\/moving-companies\/moving-companies-israel\/#1_Globus_Relocation\" >1. Premiestnenie Globusu<\/a><\/li><li class='ez-toc-page-1 ez-toc-heading-level-2'><a class=\"ez-toc-link ez-toc-heading-2\" href=\"https:\/\/moverdb.com\/sk\/moving-companies\/moving-companies-israel\/#2_Infinity_Pack_Ship\" >2. Nekone\u010dn\u00e9 balenie a odosielanie<\/a><\/li><li class='ez-toc-page-1 ez-toc-heading-level-2'><a class=\"ez-toc-link ez-toc-heading-3\" href=\"https:\/\/moverdb.com\/sk\/moving-companies\/moving-companies-israel\/#3_Ocean\" >3. Oce\u00e1n<\/a><\/li><li class='ez-toc-page-1 ez-toc-heading-level-2'><a class=\"ez-toc-link ez-toc-heading-4\" href=\"https:\/\/moverdb.com\/sk\/moving-companies\/moving-companies-israel\/#4_Sonigo\" >4. Sonigo<\/a><\/li><li class='ez-toc-page-1 ez-toc-heading-level-2'><a class=\"ez-toc-link ez-toc-heading-5\" href=\"https:\/\/moverdb.com\/sk\/moving-companies\/moving-companies-israel\/#5_A_Univers_Transit\" >5. A. Univerzitn\u00fd tranzit<\/a><\/li><li class='ez-toc-page-1 ez-toc-heading-level-2'><a class=\"ez-toc-link ez-toc-heading-6\" href=\"https:\/\/moverdb.com\/sk\/moving-companies\/moving-companies-israel\/#6_Teamnet\" >6. Teamnet<\/a><\/li><li class='ez-toc-page-1 ez-toc-heading-level-2'><a class=\"ez-toc-link ez-toc-heading-7\" href=\"https:\/\/moverdb.com\/sk\/moving-companies\/moving-companies-israel\/#Other_Useful_Guides_to_Israel\" >\u010eal\u0161ie u\u017eito\u010dn\u00e9 pr\u00edru\u010dky o Izraeli<\/a><\/li><\/ul><\/nav><\/div>\n<h2><span class=\"ez-toc-section\" id=\"1_Globus_Relocation\"><\/span><strong>1. Premiestnenie Globusu<\/strong><span class=\"ez-toc-section-end\"><\/span><\/h2>\n<p><img loading=\"lazy\" decoding=\"async\" class=\"alignnone size-full wp-image-7699\" src=\"https:\/\/moverdb.com\/wp-content\/uploads\/Globus-Relocation-international-moving-company.png\" alt=\"Globus Relocation medzin\u00e1rodn\u00e1 s\u0165ahovacia spolo\u010dnos\u0165\" width=\"1440\" height=\"681\" data-wp-pid=\"7699\" srcset=\"https:\/\/moverdb.com\/wp-content\/uploads\/Globus-Relocation-international-moving-company.png 1440w, https:\/\/moverdb.com\/wp-content\/uploads\/Globus-Relocation-international-moving-company-300x142.png 300w, https:\/\/moverdb.com\/wp-content\/uploads\/Globus-Relocation-international-moving-company-1024x484.png 1024w, https:\/\/moverdb.com\/wp-content\/uploads\/Globus-Relocation-international-moving-company-18x9.png 18w, https:\/\/moverdb.com\/wp-content\/uploads\/Globus-Relocation-international-moving-company-600x284.png 600w\" sizes=\"auto, (max-width: 1440px) 100vw, 1440px\" \/><\/p>\n<ul>\n<li>Medzin\u00e1rodn\u00e9 s\u0165ahovanie<\/li>\n<li>Osobn\u00e9 pohyby<\/li>\n<li>Komer\u010dn\u00e9 presuny<\/li>\n<li>Slu\u017eby premiestnenia<\/li>\n<li>Slu\u017eba od dver\u00ed k dver\u00e1m<\/li>\n<li>Pomoc pri balen\u00ed<\/li>\n<li>Pokro\u010dil\u00e9 a vlastn\u00e9 baliace materi\u00e1ly<\/li>\n<li>Pozemn\u00e1, n\u00e1morn\u00e1 a leteck\u00e1 doprava<\/li>\n<li>Poistenie<\/li>\n<li>Bezpe\u010dn\u00e9 ukladanie<\/li>\n<\/ul>\n<p>Globus Relocation je medzin\u00e1rodn\u00e1 baliaca a <a href=\"https:\/\/moverdb.com\/sk\/shipping-companies\/\" data-internallinksmanager029f6b8e52c=\"4\" title=\"10 najlep\u0161\u00edch medzin\u00e1rodn\u00fdch kontajnerov\u00fdch prepravn\u00fdch spolo\u010dnost\u00ed\">prepravn\u00e1 spolo\u010dnos\u0165<\/a> ktor\u00e1 bola zalo\u017een\u00e1 v roku 2014 a s\u00eddli v A\u0161dode. Je \u010dlenom IAM a m\u00e1 akredit\u00e1ciu FIDI. Tieto \u010dlenstv\u00e1 alebo akredit\u00e1cie im umo\u017e\u0148uj\u00fa pr\u00edstup k medzin\u00e1rodnej sieti agentov.<\/p>\n<p>Spolo\u010dnos\u0165 Globus Relocation v\u00e1m pridel\u00ed jedn\u00e9ho zo svojich \u0161pecialistov, ktor\u00fd v\u00e1s bude podporova\u0165 po\u010das cel\u00e9ho s\u0165ahovania. Poskytuj\u00fa slu\u017eby od dver\u00ed k dver\u00e1m a pon\u00fakaj\u00fa modern\u00e9 baliace materi\u00e1ly a vlastn\u00e9 baliace rie\u0161enia, ktor\u00e9 vyhovuj\u00fa v\u0161etk\u00fdm predmetom. Zabezpe\u010dia prepravu va\u0161ich vec\u00ed po zemi, po mori alebo letecky. Poskytuj\u00fa \u010fal\u0161ie slu\u017eby s\u00favisiace so s\u0165ahovan\u00edm, ktor\u00e9 zah\u0155\u0148aj\u00fa pracovn\u00e9 v\u00edza, vyh\u013ead\u00e1vanie domov a \u0161k\u00f4l, pren\u00e1jom n\u00e1bytku, slu\u017eby pr\u00edchodu a upratovanie.<\/p>\n<p>Webov\u00e1 lokalita: <a href=\"http:\/\/www.globus-relocation.com\" target=\"_blank\" rel=\"noopener\">http:\/\/www.globus-relocation.com<\/a><\/p>\n<h2><span class=\"ez-toc-section\" id=\"2_Infinity_Pack_Ship\"><\/span><strong>2. Nekone\u010dn\u00e9 balenie a odosielanie<\/strong><span class=\"ez-toc-section-end\"><\/span><\/h2>\n<p><img loading=\"lazy\" decoding=\"async\" class=\"alignnone size-full wp-image-7707\" src=\"https:\/\/moverdb.com\/wp-content\/uploads\/Infinity-Pack-Ship-international-moving-company.png\" alt=\"Infinity Pack &amp; Ship medzin\u00e1rodn\u00e9 s\u0165ahovanie spolo\u010dnos\u0165\" width=\"1440\" height=\"680\" data-wp-pid=\"7707\" srcset=\"https:\/\/moverdb.com\/wp-content\/uploads\/Infinity-Pack-Ship-international-moving-company.png 1440w, https:\/\/moverdb.com\/wp-content\/uploads\/Infinity-Pack-Ship-international-moving-company-300x142.png 300w, https:\/\/moverdb.com\/wp-content\/uploads\/Infinity-Pack-Ship-international-moving-company-1024x484.png 1024w, https:\/\/moverdb.com\/wp-content\/uploads\/Infinity-Pack-Ship-international-moving-company-18x9.png 18w, https:\/\/moverdb.com\/wp-content\/uploads\/Infinity-Pack-Ship-international-moving-company-600x283.png 600w\" sizes=\"auto, (max-width: 1440px) 100vw, 1440px\" \/><\/p>\n<ul>\n<li>N\u00e1rodn\u00e9 presuny<\/li>\n<li>Medzin\u00e1rodn\u00e9 s\u0165ahovanie<\/li>\n<li>S\u0165ahovanie do obytn\u00fdch priestorov<\/li>\n<li>Obchodn\u00e9 z\u00e1sielky<\/li>\n<li>Od dver\u00ed k dver\u00e1m alebo od dver\u00ed k dver\u00e1m<a href=\"https:\/\/moverdb.com\/sk\/top-49-container-ports\/\" data-internallinksmanager029f6b8e52c=\"80\" title=\"49 najv\u00e4\u010d\u0161\u00edch a najvy\u0165a\u017eenej\u0161\u00edch kontajnerov\u00fdch pr\u00edstavov v roku 2025\">pr\u00edstav<\/a> slu\u017eba<\/li>\n<li>Pomoc pri balen\u00ed<\/li>\n<li>Cestn\u00e9, n\u00e1morn\u00e9 a leteck\u00e9 slu\u017eby<\/li>\n<li>Coln\u00e9 konanie<\/li>\n<li>Poistenie<\/li>\n<li>Kr\u00e1tkodob\u00e9 a\u017e dlhodob\u00e9 skladovanie<\/li>\n<\/ul>\n<p>Infinity Pack &amp; Ship je spolo\u010dnos\u0165 zaoberaj\u00faca sa premiest\u0148ovan\u00edm a logistikou, ktor\u00e1 bola zalo\u017een\u00e1 v roku 2005 v Jeruzaleme. Pri poskytovan\u00ed svojich slu\u017eieb spolupracuje s medzin\u00e1rodnou sie\u0165ou s\u0165ahovac\u00edch a logistick\u00fdch spolo\u010dnost\u00ed. S\u00fa \u010dlenom IAM so 16-ro\u010dnou trad\u00edciou.<\/p>\n<p>Spolo\u010dnos\u0165 Infinity Pack &amp; Ship pon\u00faka bezplatn\u00fd prieskum priamo na mieste a vybavuje v\u0161etky dokumenty s\u00favisiace so s\u0165ahovan\u00edm vr\u00e1tane coln\u00e9ho konania. Poskytuje profesion\u00e1lnu baliacu \u010datu, ktor\u00e1 bezpe\u010dne zabal\u00ed va\u0161e veci. Pon\u00fakaj\u00fa r\u00f4zne mo\u017enosti prepravy vr\u00e1tane cestnej prepravy, ako s\u00fa uzavret\u00e9 vzduchov\u00e9 vaky, pr\u00edvesy a chladiace zariadenia, leteckej prepravy a n\u00e1mornej prepravy, ako s\u00fa pln\u00e9 alebo men\u0161ie ako kontajnerov\u00e9 z\u00e1sielky.<\/p>\n<p>Webov\u00e1 lokalita: <a href=\"http:\/\/infinitypack.co.il\" target=\"_blank\" rel=\"noopener\">http:\/\/infinitypack.co.il<\/a><\/p>\n<h2><span class=\"ez-toc-section\" id=\"3_Ocean\"><\/span><strong>3. <\/strong><strong>Ocean<\/strong><span class=\"ez-toc-section-end\"><\/span><\/h2>\n<p><img loading=\"lazy\" decoding=\"async\" class=\"alignnone size-full wp-image-7731\" src=\"https:\/\/moverdb.com\/wp-content\/uploads\/Ocean-international-moving-company.png\" alt=\"Ocean medzin\u00e1rodn\u00e9 s\u0165ahovanie spolo\u010dnos\u0165\" width=\"1440\" height=\"682\" data-wp-pid=\"7731\" srcset=\"https:\/\/moverdb.com\/wp-content\/uploads\/Ocean-international-moving-company.png 1440w, https:\/\/moverdb.com\/wp-content\/uploads\/Ocean-international-moving-company-300x142.png 300w, https:\/\/moverdb.com\/wp-content\/uploads\/Ocean-international-moving-company-1024x485.png 1024w, https:\/\/moverdb.com\/wp-content\/uploads\/Ocean-international-moving-company-18x9.png 18w, https:\/\/moverdb.com\/wp-content\/uploads\/Ocean-international-moving-company-600x284.png 600w\" sizes=\"auto, (max-width: 1440px) 100vw, 1440px\" \/><\/p>\n<ul>\n<li>Medzin\u00e1rodn\u00e9 s\u0165ahovanie<\/li>\n<li>S\u0165ahovanie dom\u00e1cnost\u00ed<\/li>\n<li>Slu\u017eby premiestnenia<\/li>\n<li>Z\u00e1kazn\u00edcky mana\u017e\u00e9r, ktor\u00fd v\u00e1s podporuje<\/li>\n<li>Baliace slu\u017eby<\/li>\n<li>Cestn\u00e1, n\u00e1morn\u00e1 a leteck\u00e1 doprava<\/li>\n<li>Coln\u00e9 konanie<\/li>\n<li>Sledovanie z\u00e1sielky<\/li>\n<li>Akredit\u00e1cia FIDI<\/li>\n<li>Glob\u00e1lne slu\u017eby skladovania<\/li>\n<\/ul>\n<p>Ocean je spolo\u010dnos\u0165 zaoberaj\u00faca sa s\u0165ahovan\u00edm a premiest\u0148ovan\u00edm, ktor\u00e1 s\u00eddli v kibuci Yakum. Spolupracuje s medzin\u00e1rodn\u00fdmi partnermi a poskytuje s\u0165ahovacie a premiest\u0148ovacie slu\u017eby na medzin\u00e1rodnej \u00farovni. S\u00fa \u010dlenom IAM so 79-ro\u010dnou trad\u00edciou a s\u00fa akreditovan\u00ed FIDI.<\/p>\n<p>Spolo\u010dnos\u0165 Ocean poskytuje mana\u017e\u00e9ra pre s\u0165ahovanie, ktor\u00fd v\u00e1s bude podporova\u0165 po\u010das cel\u00e9ho s\u0165ahovania a vytvor\u00ed pl\u00e1n prepravy. Poskytuje znalca, ktor\u00fd pos\u00fadi va\u0161e potreby a zostav\u00ed pl\u00e1n, \u010do by sa malo prepravova\u0165 letecky, po mori alebo v bato\u017eine. Ich slu\u017eby v oblasti s\u0165ahovania zah\u0155\u0148aj\u00fa h\u013eadanie domova a \u0161k\u00f4l, aklimatiza\u010dn\u00e9 slu\u017eby, do\u010dasn\u00e9 b\u00fdvanie, pren\u00e1jom n\u00e1bytku, pracovn\u00e9 v\u00edza, jazykov\u00e9 vzdel\u00e1vanie a skladovacie rie\u0161enia.<\/p>\n<p>Webov\u00e1 lokalita: <a href=\"http:\/\/www.ocean-il.co.il\" target=\"_blank\" rel=\"noopener\">http:\/\/www.ocean-il.co.il<\/a><\/p>\n<h2><span class=\"ez-toc-section\" id=\"4_Sonigo\"><\/span><strong>4. Sonigo<\/strong><span class=\"ez-toc-section-end\"><\/span><\/h2>\n<p><img loading=\"lazy\" decoding=\"async\" class=\"alignnone size-full wp-image-7750\" src=\"https:\/\/moverdb.com\/wp-content\/uploads\/Sonigo-international-moving-company.png\" alt=\"Sonigo medzin\u00e1rodn\u00e9 s\u0165ahovanie spolo\u010dnos\u0165\" width=\"1440\" height=\"679\" data-wp-pid=\"7750\" srcset=\"https:\/\/moverdb.com\/wp-content\/uploads\/Sonigo-international-moving-company.png 1440w, https:\/\/moverdb.com\/wp-content\/uploads\/Sonigo-international-moving-company-300x141.png 300w, https:\/\/moverdb.com\/wp-content\/uploads\/Sonigo-international-moving-company-1024x483.png 1024w, https:\/\/moverdb.com\/wp-content\/uploads\/Sonigo-international-moving-company-18x8.png 18w, https:\/\/moverdb.com\/wp-content\/uploads\/Sonigo-international-moving-company-600x283.png 600w\" sizes=\"auto, (max-width: 1440px) 100vw, 1440px\" \/><\/p>\n<ul>\n<li>Miestne a vn\u00fatro\u0161t\u00e1tne s\u0165ahovanie<\/li>\n<li>Medzin\u00e1rodn\u00e9 s\u0165ahovanie a premiest\u0148ovanie<\/li>\n<li>S\u0165ahovanie dom\u00e1cnost\u00ed<\/li>\n<li>Komer\u010dn\u00e9 presuny<\/li>\n<li>Slu\u017eba od dver\u00ed k dver\u00e1m<\/li>\n<li>Baliace slu\u017eby<\/li>\n<li>Coln\u00e9 konanie<\/li>\n<li>Manipul\u00e1cia s v\u00fdtvarn\u00fdm umen\u00edm<\/li>\n<li>Poistenie<\/li>\n<li>Kr\u00e1tkodob\u00e9 a dlhodob\u00e9 skladovanie<\/li>\n<\/ul>\n<p>Sonigo je <a href=\"https:\/\/moverdb.com\/sk\/container-shipping\/\" data-internallinksmanager029f6b8e52c=\"3\" title=\"Graf sadzieb medzin\u00e1rodnej kontajnerovej prepravy: Marec 2026\">medzin\u00e1rodn\u00e1 preprava<\/a> spolo\u010dnos\u0165 so s\u00eddlom v Gan Yavne, ktor\u00e1 p\u00f4sob\u00ed od roku 1986 a pon\u00faka baliace a prepravn\u00e9 slu\u017eby pre dom\u00e1cnosti a firmy. Na svoju podporu m\u00e1 celosvetov\u00fa sie\u0165 vybran\u00fdch medzin\u00e1rodn\u00fdch prepravn\u00fdch agentov. S\u00fa \u010dlenom IAM s 36-ro\u010dnou trad\u00edciou a s\u00fa akreditovan\u00ed organiz\u00e1ciou FIDI.<\/p>\n<p>Spolo\u010dnos\u0165 Sonigo pon\u00faka s\u0165ahovacie a s\u0165ahovacie slu\u017eby od dver\u00ed k dver\u00e1m, ktor\u00e9 sa za\u010d\u00ednaj\u00fa prieskumom v dom\u00e1cnosti s cie\u013eom pos\u00fadi\u0165 po\u017eiadavky a poskytn\u00fa\u0165 cenov\u00fa ponuku. Pon\u00fakaj\u00fa profesion\u00e1lne baliace slu\u017eby, vypracovanie dokument\u00e1cie a zabezpe\u010denie prepravy. Ich slu\u017eby v oblasti s\u0165ahovania zah\u0155\u0148aj\u00fa v\u00edza, da\u0148ov\u00e9 poradenstvo, vyh\u013ead\u00e1vanie domov a \u0161k\u00f4l, pren\u00e1jom n\u00e1bytku, slu\u017eby s\u00favisiace s pr\u00edchodom, orienta\u010dn\u00e9 slu\u017eby a pomoc s komun\u00e1lnymi slu\u017ebami.<\/p>\n<p>Webov\u00e1 lokalita: <a href=\"http:\/\/www.sonigo.com\" target=\"_blank\" rel=\"noopener\">http:\/\/www.sonigo.com<\/a><\/p>\n<h2><span class=\"ez-toc-section\" id=\"5_A_Univers_Transit\"><\/span><strong>5. A. Univerzitn\u00fd tranzit<\/strong><span class=\"ez-toc-section-end\"><\/span><\/h2>\n<p><img loading=\"lazy\" decoding=\"async\" class=\"alignnone size-full wp-image-7654\" src=\"https:\/\/moverdb.com\/wp-content\/uploads\/A-Univers-Transit-international-moving-company.png\" alt=\"A Univers Transit medzin\u00e1rodn\u00e1 s\u0165ahovacia spolo\u010dnos\u0165\" width=\"1440\" height=\"691\" data-wp-pid=\"7654\" srcset=\"https:\/\/moverdb.com\/wp-content\/uploads\/A-Univers-Transit-international-moving-company.png 1440w, https:\/\/moverdb.com\/wp-content\/uploads\/A-Univers-Transit-international-moving-company-300x144.png 300w, https:\/\/moverdb.com\/wp-content\/uploads\/A-Univers-Transit-international-moving-company-1024x491.png 1024w, https:\/\/moverdb.com\/wp-content\/uploads\/A-Univers-Transit-international-moving-company-18x9.png 18w, https:\/\/moverdb.com\/wp-content\/uploads\/A-Univers-Transit-international-moving-company-600x288.png 600w\" sizes=\"auto, (max-width: 1440px) 100vw, 1440px\" \/><\/p>\n<ul>\n<li>Medzin\u00e1rodn\u00e9 s\u0165ahovanie<\/li>\n<li>S\u0165ahovanie dom\u00e1cnost\u00ed<\/li>\n<li>Komer\u010dn\u00e9 presuny<\/li>\n<li>Slu\u017eby premiestnenia<\/li>\n<li>Slu\u017eba od dver\u00ed k dver\u00e1m<\/li>\n<li>Profesion\u00e1lne balenie<\/li>\n<li>Leteck\u00e1 a n\u00e1morn\u00e1 doprava<\/li>\n<li>Vyplnenie papierovej dokument\u00e1cie<\/li>\n<li>Vyh\u013ead\u00e1vanie doma a v \u0161kole<\/li>\n<li>Bezpe\u010dn\u00e9 ukladanie<\/li>\n<\/ul>\n<p>Univers Transit je prepravn\u00e1, prepravn\u00e1 a s\u0165ahovacia spolo\u010dnos\u0165, ktor\u00e1 pon\u00faka aj baliace a skladovacie rie\u0161enia a bola zalo\u017een\u00e1 koncom 80. rokov minul\u00e9ho storo\u010dia. M\u00e1 pobo\u010dky v Tel Avive, A\u0161dode a Haife. Je \u010dlenom IAM s 28-ro\u010dnou trad\u00edciou a je akreditovan\u00e1 organiz\u00e1ciou FIDI.<\/p>\n<p>Spolo\u010dnos\u0165 Univers Transit pon\u00faka s\u0165ahovacie a s\u0165ahovacie slu\u017eby od dver\u00ed k dver\u00e1m, ktor\u00e9 sa za\u010d\u00ednaj\u00fa konzulta\u010dn\u00fdm stretnut\u00edm na pos\u00fadenie va\u0161ich potrieb a vytvorenie pl\u00e1nu s\u0165ahovania. Poskytuje profesion\u00e1lne baliace slu\u017eby a vhodn\u00e9 krabice na va\u0161e veci. Nalo\u017eia kontajnery a \u0161katule na prepravu a odvez\u00fa ich na letisko alebo do pr\u00edstavu na doru\u010denie.<\/p>\n<p>Webov\u00e1 lokalita: <a href=\"http:\/\/www.univers-transit.co.il\" target=\"_blank\" rel=\"noopener\">http:\/\/www.univers-transit.co.il<\/a><\/p>\n<h2><span class=\"ez-toc-section\" id=\"6_Teamnet\"><\/span><strong>6. Teamnet<\/strong><span class=\"ez-toc-section-end\"><\/span><\/h2>\n<p><img loading=\"lazy\" decoding=\"async\" class=\"alignnone size-full wp-image-7752\" src=\"https:\/\/moverdb.com\/wp-content\/uploads\/Teamnet-international-moving-company.png\" alt=\"Teamnet medzin\u00e1rodn\u00e9 s\u0165ahovanie spolo\u010dnos\u0165\" width=\"1440\" height=\"685\" data-wp-pid=\"7752\" srcset=\"https:\/\/moverdb.com\/wp-content\/uploads\/Teamnet-international-moving-company.png 1440w, https:\/\/moverdb.com\/wp-content\/uploads\/Teamnet-international-moving-company-300x143.png 300w, https:\/\/moverdb.com\/wp-content\/uploads\/Teamnet-international-moving-company-1024x487.png 1024w, https:\/\/moverdb.com\/wp-content\/uploads\/Teamnet-international-moving-company-18x9.png 18w, https:\/\/moverdb.com\/wp-content\/uploads\/Teamnet-international-moving-company-600x285.png 600w\" sizes=\"auto, (max-width: 1440px) 100vw, 1440px\" \/><\/p>\n<ul>\n<li>Medzin\u00e1rodn\u00e9 s\u0165ahovanie<\/li>\n<li>Osobn\u00e9 pohyby<\/li>\n<li>Obchodn\u00e9 z\u00e1sielky<\/li>\n<li>Slu\u017eby premiestnenia<\/li>\n<li>Slu\u017eba od dver\u00ed k dver\u00e1m<\/li>\n<li>Baliace slu\u017eby<\/li>\n<li>Zabezpe\u010denie prepravy alebo leteckej prepravy<\/li>\n<li>Coln\u00e9 formality<\/li>\n<li>Poistenie<\/li>\n<li>Skladovacie zariadenia<\/li>\n<\/ul>\n<p>Teamnet je spolo\u010dnos\u0165 zaoberaj\u00faca sa s\u0165ahovan\u00edm a premiest\u0148ovan\u00edm so s\u00eddlom v Haife. Pon\u00faka cel\u00fd rad slu\u017eieb s\u00fakromn\u00fdm osob\u00e1m a spolo\u010dnostiam, ktor\u00e9 prepravuj\u00fa tovar do Izraela alebo z Izraela. Spolupracuje so sie\u0165ou medzin\u00e1rodn\u00fdch agentov, ktor\u00ed poskytuj\u00fa slu\u017eby mimo Izraela, a je \u010dlenom IAM.<\/p>\n<p>Spolo\u010dnos\u0165 Teamnet pon\u00faka s\u0165ahovacie slu\u017eby od dver\u00ed k dver\u00e1m pre odch\u00e1dzaj\u00facich a prich\u00e1dzaj\u00facich z\u00e1kazn\u00edkov do Izraela. Poskytuj\u00fa konzult\u00e1cie priamo u v\u00e1s doma, aby zhodnotili va\u0161e potreby v oblasti s\u0165ahovania. Vytvoria podrobn\u00fd pl\u00e1n a poskytn\u00fa baliace slu\u017eby s pou\u017eit\u00edm modern\u00fdch baliacich materi\u00e1lov vhodn\u00fdch na n\u00e1morn\u00fa alebo leteck\u00fa prepravu. Vybavia \u00farady a coln\u00e9 formality.<\/p>\n<p>Webov\u00e1 lokalita: <a href=\"http:\/\/www.en.team-net.co.il\" target=\"_blank\" rel=\"noopener\">http:\/\/www.en.team-net.co.il<\/a><\/p>\n<h2><span class=\"ez-toc-section\" id=\"Other_Useful_Guides_to_Israel\"><\/span>\u010eal\u0161ie u\u017eito\u010dn\u00e9 pr\u00edru\u010dky o Izraeli<span class=\"ez-toc-section-end\"><\/span><\/h2>\n<ul>\n<li> <a href=\"https:\/\/moverdb.com\/sk\/kontajnerova-preprava\/izrael\/\">2024 Ceny n\u00e1mornej n\u00e1kladnej kontajnerovej dopravy do a z Izraela<\/a><\/li>\n<li> <a href=\"https:\/\/moverdb.com\/sk\/moving-to-israel\/\">S\u0165ahovanie do Izraela? 2026 N\u00e1klady na b\u00fdvanie a tipy na pres\u0165ahovanie<\/a><\/li>\n<li> <a href=\"https:\/\/moverdb.com\/sk\/moving-to-israel\/best-places-to-live-israel\/\">13 najlep\u0161\u00edch miest na \u017eivot v Izraeli<\/a><\/li>\n<li> <a href=\"https:\/\/moverdb.com\/sk\/moving-to-israel\/living-in-israel\/\">21 tajomstiev o \u017eivote v Izraeli, ktor\u00e9 by ste mali vedie\u0165 pred pres\u0165ahovan\u00edm<\/a><\/li>\n<\/ul>","protected":false},"excerpt":{"rendered":"<p>Moving your home or business can be stressful so employing the services of a moving company could reduce the workload and ease the move. So below we have compiled a list of Israel based removal companies that are members of the International Association of Movers (IAM) and\/or FIDI Accredited International Mover (FAIM) who could assist [&hellip;]<\/p>\n","protected":false},"author":4,"featured_media":0,"parent":190,"menu_order":0,"comment_status":"closed","ping_status":"closed","template":"","meta":{"_genesis_hide_title":false,"_genesis_hide_breadcrumbs":false,"_genesis_hide_singular_image":false,"_genesis_hide_footer_widgets":false,"_genesis_custom_body_class":"","_genesis_custom_post_class":"","_genesis_layout":"","footnotes":""},"class_list":{"0":"post-7779","1":"page","2":"type-page","3":"status-publish","5":"entry","6":"has-post-thumbnail"},"_links":{"self":[{"href":"https:\/\/moverdb.com\/sk\/wp-json\/wp\/v2\/pages\/7779","targetHints":{"allow":["GET"]}}],"collection":[{"href":"https:\/\/moverdb.com\/sk\/wp-json\/wp\/v2\/pages"}],"about":[{"href":"https:\/\/moverdb.com\/sk\/wp-json\/wp\/v2\/types\/page"}],"author":[{"embeddable":true,"href":"https:\/\/moverdb.com\/sk\/wp-json\/wp\/v2\/users\/4"}],"replies":[{"embeddable":true,"href":"https:\/\/moverdb.com\/sk\/wp-json\/wp\/v2\/comments?post=7779"}],"version-history":[{"count":4,"href":"https:\/\/moverdb.com\/sk\/wp-json\/wp\/v2\/pages\/7779\/revisions"}],"predecessor-version":[{"id":17076,"href":"https:\/\/moverdb.com\/sk\/wp-json\/wp\/v2\/pages\/7779\/revisions\/17076"}],"up":[{"embeddable":true,"href":"https:\/\/moverdb.com\/sk\/wp-json\/wp\/v2\/pages\/190"}],"wp:attachment":[{"href":"https:\/\/moverdb.com\/sk\/wp-json\/wp\/v2\/media?parent=7779"}],"curies":[{"name":"wp","href":"https:\/\/api.w.org\/{rel}","templated":true}]}}