{"id":7764,"date":"2023-04-27T14:59:23","date_gmt":"2023-04-27T14:59:23","guid":{"rendered":"https:\/\/moverdb.com\/?page_id=7764"},"modified":"2026-01-08T15:23:45","modified_gmt":"2026-01-08T15:23:45","slug":"moving-companies-iraq","status":"publish","type":"page","link":"https:\/\/moverdb.com\/sk\/moving-companies\/moving-companies-iraq\/","title":{"rendered":"2 Najlep\u0161ie medzin\u00e1rodn\u00e9 s\u0165ahovacie spolo\u010dnosti v Iraku"},"content":{"rendered":"<p>S\u0165ahovanie domov alebo firmy nie je nikdy jednoduch\u00e9, tak\u017ee pomoc v\u00e1m m\u00f4\u017ee skuto\u010dne pom\u00f4c\u0165, najm\u00e4 ak sa s\u0165ahujete medzi krajinami. Ak sa s\u0165ahujete v r\u00e1mci Iraku, do Iraku alebo z Iraku, zostavili sme pre v\u00e1s zoznam <a href=\"https:\/\/moverdb.com\/sk\/international-removals\/\" data-internallinksmanager029f6b8e52c=\"27\" title=\"36 najlep\u0161\u00edch medzin\u00e1rodn\u00fdch s\u0165ahovac\u00edch spolo\u010dnost\u00ed v Spojenom kr\u00e1\u013eovstve\">s\u0165ahovacie spolo\u010dnosti<\/a> ktor\u00e9 s\u00fa \u010dlenmi <a href=\"https:\/\/moverdb.com\/sk\/iam\/\" data-internallinksmanager029f6b8e52c=\"23\" title=\"Vysvetlenie Medzin\u00e1rodnej asoci\u00e1cie s\u0165ahovate\u013eov (IAM)\">Medzin\u00e1rodn\u00e1 asoci\u00e1cia s\u0165ahovate\u013eov<\/a> (IAM) a\/alebo <a href=\"https:\/\/moverdb.com\/sk\/fidi-faim\/\" data-internallinksmanager029f6b8e52c=\"16\" title=\"Vysvetlenie FIDI a FAIM (FIDI akreditovan\u00fd medzin\u00e1rodn\u00fd prepravca)\">FIDI<\/a> Akreditovan\u00fd medzin\u00e1rodn\u00fd prepravca (FAIM), ktor\u00fd by v\u00e1m mohol pom\u00f4c\u0165 pri s\u0165ahovan\u00ed.<\/p>\n<h2><strong>1. Logistika BCC<\/strong><\/h2>\n<p><img loading=\"lazy\" decoding=\"async\" class=\"alignnone size-full wp-image-7673\" src=\"https:\/\/moverdb.com\/wp-content\/uploads\/BCC-Logistics-international-moving-company.png\" alt=\"BCC Logistics medzin\u00e1rodn\u00e9 s\u0165ahovanie spolo\u010dnos\u0165\" width=\"1440\" height=\"634\" data-wp-pid=\"7673\" srcset=\"https:\/\/moverdb.com\/wp-content\/uploads\/BCC-Logistics-international-moving-company.png 1440w, https:\/\/moverdb.com\/wp-content\/uploads\/BCC-Logistics-international-moving-company-300x132.png 300w, https:\/\/moverdb.com\/wp-content\/uploads\/BCC-Logistics-international-moving-company-1024x451.png 1024w, https:\/\/moverdb.com\/wp-content\/uploads\/BCC-Logistics-international-moving-company-18x8.png 18w, https:\/\/moverdb.com\/wp-content\/uploads\/BCC-Logistics-international-moving-company-600x264.png 600w\" sizes=\"auto, (max-width: 1440px) 100vw, 1440px\" \/><\/p>\n<ul>\n<li>N\u00e1rodn\u00e9 presuny<\/li>\n<li>Medzin\u00e1rodn\u00e9 s\u0165ahovanie<\/li>\n<li>S\u0165ahovanie dom\u00e1cnost\u00ed<\/li>\n<li>Podnikov\u00e9, diplomatick\u00e9 a vojensk\u00e9 presuny<\/li>\n<li>Slu\u017eba s\u0165ahovania od dver\u00ed k dver\u00e1m<\/li>\n<li>Baliace slu\u017eby<\/li>\n<li>Cestn\u00e1, n\u00e1morn\u00e1 a leteck\u00e1 n\u00e1kladn\u00e1 doprava<\/li>\n<li>Coln\u00e9 konanie<\/li>\n<li>Manipul\u00e1cia s v\u00fdtvarn\u00fdm umen\u00edm<\/li>\n<li>Skladovacie zariadenia<\/li>\n<\/ul>\n<p>BCC Logistics je glob\u00e1lny poskytovate\u013e \u0161pedi\u010dn\u00fdch slu\u017eieb, ktor\u00fd bol zalo\u017een\u00fd v roku 1993 v <a href=\"https:\/\/moverdb.com\/sk\/moving-companies\/moving-companies-lebanon\/\" data-internallinksmanager029f6b8e52c=\"302\" title=\"7 najlep\u0161\u00edch medzin\u00e1rodn\u00fdch s\u0165ahovac\u00edch spolo\u010dnost\u00ed v Libanone\">Libanon<\/a> s kancel\u00e1riami v <a href=\"https:\/\/moverdb.com\/sk\/moving-to-qatar\/\" data-internallinksmanager029f6b8e52c=\"334\" title=\"S\u0165ahovanie do Kataru? 2026 N\u00e1klady na \u017eivot a tipy na pres\u0165ahovanie\">Katar<\/a>, Irak a <a href=\"https:\/\/moverdb.com\/sk\/moving-to-saudi-arabia\/\" data-internallinksmanager029f6b8e52c=\"319\" title=\"S\u0165ahovanie do Saudskej Ar\u00e1bie? 2026 N\u00e1klady na \u017eivot a tipy na pres\u0165ahovanie\">Saudsk\u00e1 Ar\u00e1bia<\/a>. Irack\u00e1 kancel\u00e1ria v Erbile bola otvoren\u00e1 v roku 2008. Maj\u00fa medzin\u00e1rodn\u00fa sie\u0165 agentov, ktor\u00ed podporuj\u00fa ich celosvetov\u00e9 \u00fasilie. S\u00fa \u010dlenom IAM s 15-ro\u010dnou trad\u00edciou.<\/p>\n<p>Spolo\u010dnos\u0165 BCC Logistics pon\u00faka s\u0165ahovacie slu\u017eby od dver\u00ed k dver\u00e1m pre vn\u00fatro\u0161t\u00e1tne a medzin\u00e1rodn\u00e9 s\u0165ahovanie. Pon\u00faka baliace slu\u017eby, ktor\u00e9 zabezpe\u010duj\u00fa n\u00e1morn\u00e9 z\u00e1sielky v kontajneroch, trojstenn\u00e9 z\u00e1sielky pre leteck\u00e9 z\u00e1sielky a dod\u00e1vky s dreven\u00fdm v\u00fd\u0165ahom. Vybalia a nastavia n\u00e1bytok a odstr\u00e1nia v\u0161etky zvy\u0161ky obalov. Zabezpe\u010dia prepravu po zemi, letecky alebo po mori s coln\u00fdmi formalitami.<\/p>\n<p>Webov\u00e1 lokalita: <a href=\"http:\/\/www.bcclogistics.com\" target=\"_blank\" rel=\"noopener\">http:\/\/www.bcclogistics.com<\/a><\/p>\n<h2><strong>2. Paxton<\/strong><\/h2>\n<p><img loading=\"lazy\" decoding=\"async\" class=\"alignnone size-full wp-image-7736\" src=\"https:\/\/moverdb.com\/wp-content\/uploads\/Paxton-international-moving-company.png\" alt=\"Paxton medzin\u00e1rodn\u00e9 s\u0165ahovanie spolo\u010dnos\u0165\" width=\"1440\" height=\"682\" data-wp-pid=\"7736\" srcset=\"https:\/\/moverdb.com\/wp-content\/uploads\/Paxton-international-moving-company.png 1440w, https:\/\/moverdb.com\/wp-content\/uploads\/Paxton-international-moving-company-300x142.png 300w, https:\/\/moverdb.com\/wp-content\/uploads\/Paxton-international-moving-company-1024x485.png 1024w, https:\/\/moverdb.com\/wp-content\/uploads\/Paxton-international-moving-company-18x9.png 18w, https:\/\/moverdb.com\/wp-content\/uploads\/Paxton-international-moving-company-600x284.png 600w\" sizes=\"auto, (max-width: 1440px) 100vw, 1440px\" \/><\/p>\n<ul>\n<li>N\u00e1rodn\u00e9 presuny<\/li>\n<li>Medzin\u00e1rodn\u00e9 s\u0165ahovanie<\/li>\n<li>Premiest\u0148ovanie dom\u00e1cnost\u00ed<\/li>\n<li>S\u0165ahovanie kancel\u00e1rskych a priemyseln\u00fdch priestorov<\/li>\n<li>Slu\u017eba od dver\u00ed k dver\u00e1m<\/li>\n<li>Baliace slu\u017eby<\/li>\n<li>Zabezpe\u010denie prepravy<\/li>\n<li>Coln\u00e9 konanie<\/li>\n<li>Preprava vozidiel<\/li>\n<li>Zabezpe\u010den\u00e9 skladovacie priestory<\/li>\n<\/ul>\n<p>Paxton je spolo\u010dnos\u0165 poskytuj\u00faca slu\u017eby v oblasti premiest\u0148ovania, inform\u00e1ci\u00ed a logistiky, ktor\u00e1 p\u00f4sob\u00ed na miestnej i celosvetovej \u00farovni. P\u00f4sob\u00ed u\u017e viac ako 60 rokov a m\u00e1 pobo\u010dky v Amerike, Pakistane a Ju\u017enom Sud\u00e1ne, <a href=\"https:\/\/moverdb.com\/sk\/moving-to-singapore\/\" data-internallinksmanager029f6b8e52c=\"68\" title=\"S\u0165ahovanie do Singapuru? 2022 \u017divotn\u00e9 n\u00e1klady a tipy na pres\u0165ahovanie\">Singapur<\/a>, Afganistane a Iraku v Bagdade a Erbile. Maj\u00fa sie\u0165 vybran\u00fdch partnerov na poskytovanie slu\u017eieb na medzin\u00e1rodnej \u00farovni a s\u00fa \u010dlenom IAM.<\/p>\n<p>Spolo\u010dnos\u0165 Paxton pon\u00faka s\u0165ahovacie slu\u017eby od dver\u00ed k dver\u00e1m na miestnej, n\u00e1rodnej aj medzin\u00e1rodnej \u00farovni. Poskytuje baliace slu\u017eby na ochranu va\u0161ich vec\u00ed po\u010das prepravy alebo mo\u017enos\u0165 urobi\u0165 si to s\u00e1m. Poskytn\u00fa v\u00e1m mo\u017enosti prepravy, ktor\u00e9 najlep\u0161ie vyhovuj\u00fa va\u0161im potreb\u00e1m a rozpo\u010dtu, a zabezpe\u010dia podporu pri colnom odbaven\u00ed.<\/p>\n<p>Webov\u00e1 lokalita: <a href=\"http:\/\/www.paxton.com\" target=\"_blank\" rel=\"noopener\">http:\/\/www.paxton.com<\/a><\/p>","protected":false},"excerpt":{"rendered":"<p>Moving home or your business is never straightforward so getting assistance can really help especially if you are moving between countries. If you moving within, to or from Iraq, we have compiled a list of removal companies that are members of the International Association of Movers (IAM) and\/or FIDI Accredited International Mover (FAIM) who could [&hellip;]<\/p>\n","protected":false},"author":4,"featured_media":0,"parent":190,"menu_order":0,"comment_status":"closed","ping_status":"closed","template":"","meta":{"_genesis_hide_title":false,"_genesis_hide_breadcrumbs":false,"_genesis_hide_singular_image":false,"_genesis_hide_footer_widgets":false,"_genesis_custom_body_class":"","_genesis_custom_post_class":"","_genesis_layout":"","footnotes":""},"class_list":{"0":"post-7764","1":"page","2":"type-page","3":"status-publish","5":"entry","6":"has-post-thumbnail"},"_links":{"self":[{"href":"https:\/\/moverdb.com\/sk\/wp-json\/wp\/v2\/pages\/7764","targetHints":{"allow":["GET"]}}],"collection":[{"href":"https:\/\/moverdb.com\/sk\/wp-json\/wp\/v2\/pages"}],"about":[{"href":"https:\/\/moverdb.com\/sk\/wp-json\/wp\/v2\/types\/page"}],"author":[{"embeddable":true,"href":"https:\/\/moverdb.com\/sk\/wp-json\/wp\/v2\/users\/4"}],"replies":[{"embeddable":true,"href":"https:\/\/moverdb.com\/sk\/wp-json\/wp\/v2\/comments?post=7764"}],"version-history":[{"count":1,"href":"https:\/\/moverdb.com\/sk\/wp-json\/wp\/v2\/pages\/7764\/revisions"}],"predecessor-version":[{"id":7765,"href":"https:\/\/moverdb.com\/sk\/wp-json\/wp\/v2\/pages\/7764\/revisions\/7765"}],"up":[{"embeddable":true,"href":"https:\/\/moverdb.com\/sk\/wp-json\/wp\/v2\/pages\/190"}],"wp:attachment":[{"href":"https:\/\/moverdb.com\/sk\/wp-json\/wp\/v2\/media?parent=7764"}],"curies":[{"name":"wp","href":"https:\/\/api.w.org\/{rel}","templated":true}]}}