{"id":7525,"date":"2023-02-01T14:03:46","date_gmt":"2023-02-01T14:03:46","guid":{"rendered":"https:\/\/moverdb.com\/?page_id=7525"},"modified":"2026-01-08T15:25:10","modified_gmt":"2026-01-08T15:25:10","slug":"stahovanie-spolocnosti-iran","status":"publish","type":"page","link":"https:\/\/moverdb.com\/sk\/moving-companies\/moving-companies-iran\/","title":{"rendered":"5 najlep\u0161\u00edch medzin\u00e1rodn\u00fdch s\u0165ahovac\u00edch spolo\u010dnost\u00ed v Ir\u00e1ne"},"content":{"rendered":"<p>Pl\u00e1nujete sa pres\u0165ahova\u0165? \u010ci u\u017e sa s\u0165ahujete domov alebo do firmy, mo\u017eno budete chcie\u0165 pom\u00f4c\u0165 zn\u00ed\u017ei\u0165 tlak, a pr\u00e1ve tu sa v\u00e1m z\u00edde <a href=\"https:\/\/moverdb.com\/sk\/moving-companies\/\" data-internallinksmanager029f6b8e52c=\"79\" title=\"Top 25 medzin\u00e1rodn\u00fdch s\u0165ahovac\u00edch spolo\u010dnost\u00ed online\">s\u0165ahovacia spolo\u010dnos\u0165<\/a> m\u00f4\u017ee pom\u00f4c\u0165. Ni\u017e\u0161ie sme zostavili zoznam Ir\u00e1nu <a href=\"https:\/\/moverdb.com\/sk\/international-removals\/\" data-internallinksmanager029f6b8e52c=\"27\" title=\"36 najlep\u0161\u00edch medzin\u00e1rodn\u00fdch s\u0165ahovac\u00edch spolo\u010dnost\u00ed v Spojenom kr\u00e1\u013eovstve\">s\u0165ahovacie spolo\u010dnosti<\/a> ktor\u00e9 s\u00fa \u010dlenmi <a href=\"https:\/\/moverdb.com\/sk\/iam\/\" data-internallinksmanager029f6b8e52c=\"23\" title=\"Vysvetlenie Medzin\u00e1rodnej asoci\u00e1cie s\u0165ahovate\u013eov (IAM)\">Medzin\u00e1rodn\u00e1 asoci\u00e1cia s\u0165ahovate\u013eov<\/a> (IAM) a\/alebo <a href=\"https:\/\/moverdb.com\/sk\/fidi-faim\/\" data-internallinksmanager029f6b8e52c=\"16\" title=\"Vysvetlenie FIDI a FAIM (FIDI akreditovan\u00fd medzin\u00e1rodn\u00fd prepravca)\">FIDI<\/a> Akreditovan\u00fd medzin\u00e1rodn\u00fd prepravca (FAIM), ktor\u00fd by v\u00e1m mohol pom\u00f4c\u0165 pri s\u0165ahovan\u00ed.<\/p>\n<div id=\"ez-toc-container\" class=\"ez-toc-v2_0_82_2 ez-toc-wrap-left counter-hierarchy ez-toc-counter ez-toc-transparent ez-toc-container-direction\">\n<div class=\"ez-toc-title-container\">\n<p class=\"ez-toc-title\" style=\"cursor:inherit\">Sekcie<\/p>\n<span class=\"ez-toc-title-toggle\"><a href=\"#\" class=\"ez-toc-pull-right ez-toc-btn ez-toc-btn-xs ez-toc-btn-default ez-toc-toggle\" aria-label=\"Prep\u00ednanie tabu\u013eky obsahu\"><span class=\"ez-toc-js-icon-con\"><span class=\"\"><span class=\"eztoc-hide\" style=\"display:none;\">Prep\u00edna\u010d<\/span><span class=\"ez-toc-icon-toggle-span\"><svg style=\"fill: #999;color:#999\" xmlns=\"http:\/\/www.w3.org\/2000\/svg\" class=\"list-377408\" width=\"20px\" height=\"20px\" viewbox=\"0 0 24 24\" fill=\"none\"><path d=\"M6 6H4v2h2V6zm14 0H8v2h12V6zM4 11h2v2H4v-2zm16 0H8v2h12v-2zM4 16h2v2H4v-2zm16 0H8v2h12v-2z\" fill=\"currentColor\"><\/path><\/svg><svg style=\"fill: #999;color:#999\" class=\"arrow-unsorted-368013\" xmlns=\"http:\/\/www.w3.org\/2000\/svg\" width=\"10px\" height=\"10px\" viewbox=\"0 0 24 24\" version=\"1.2\" baseprofile=\"tiny\"><path d=\"M18.2 9.3l-6.2-6.3-6.2 6.3c-.2.2-.3.4-.3.7s.1.5.3.7c.2.2.4.3.7.3h11c.3 0 .5-.1.7-.3.2-.2.3-.5.3-.7s-.1-.5-.3-.7zM5.8 14.7l6.2 6.3 6.2-6.3c.2-.2.3-.5.3-.7s-.1-.5-.3-.7c-.2-.2-.4-.3-.7-.3h-11c-.3 0-.5.1-.7.3-.2.2-.3.5-.3.7s.1.5.3.7z\"\/><\/svg><\/span><\/span><\/span><\/a><\/span><\/div>\n<nav><ul class='ez-toc-list ez-toc-list-level-1 eztoc-toggle-hide-by-default' ><li class='ez-toc-page-1 ez-toc-heading-level-2'><a class=\"ez-toc-link ez-toc-heading-1\" href=\"https:\/\/moverdb.com\/sk\/moving-companies\/moving-companies-iran\/#1_Barad_Air_Sea_Co\" >1. Barad Air &amp; Sea Co<\/a><\/li><li class='ez-toc-page-1 ez-toc-heading-level-2'><a class=\"ez-toc-link ez-toc-heading-2\" href=\"https:\/\/moverdb.com\/sk\/moving-companies\/moving-companies-iran\/#2_Kar_Kia_Co_Ltd\" >2. Kar Kia Co Ltd<\/a><\/li><li class='ez-toc-page-1 ez-toc-heading-level-2'><a class=\"ez-toc-link ez-toc-heading-3\" href=\"https:\/\/moverdb.com\/sk\/moving-companies\/moving-companies-iran\/#3_Simorgh_Pack_Express\" >3. Simorgh Pack Express<\/a><\/li><li class='ez-toc-page-1 ez-toc-heading-level-2'><a class=\"ez-toc-link ez-toc-heading-4\" href=\"https:\/\/moverdb.com\/sk\/moving-companies\/moving-companies-iran\/#4_Simorgh_Pack\" >4. Balenie Simorgh<\/a><\/li><li class='ez-toc-page-1 ez-toc-heading-level-2'><a class=\"ez-toc-link ez-toc-heading-5\" href=\"https:\/\/moverdb.com\/sk\/moving-companies\/moving-companies-iran\/#5_Unipack\" >5. Unipack<\/a><\/li><\/ul><\/nav><\/div>\n<h2><span class=\"ez-toc-section\" id=\"1_Barad_Air_Sea_Co\"><\/span><strong>1. Barad Air &amp; Sea Co<\/strong><span class=\"ez-toc-section-end\"><\/span><\/h2>\n<p><img loading=\"lazy\" decoding=\"async\" class=\"alignnone size-full wp-image-7418\" src=\"https:\/\/moverdb.com\/wp-content\/uploads\/Barad-international-moving-company.png\" alt=\"Barad medzin\u00e1rodn\u00e9 s\u0165ahovanie spolo\u010dnos\u0165\" width=\"1440\" height=\"687\" data-wp-pid=\"7418\" srcset=\"https:\/\/moverdb.com\/wp-content\/uploads\/Barad-international-moving-company.png 1440w, https:\/\/moverdb.com\/wp-content\/uploads\/Barad-international-moving-company-300x143.png 300w, https:\/\/moverdb.com\/wp-content\/uploads\/Barad-international-moving-company-1024x489.png 1024w, https:\/\/moverdb.com\/wp-content\/uploads\/Barad-international-moving-company-18x9.png 18w, https:\/\/moverdb.com\/wp-content\/uploads\/Barad-international-moving-company-600x286.png 600w\" sizes=\"auto, (max-width: 1440px) 100vw, 1440px\" \/><\/p>\n<ul>\n<li>N\u00e1rodn\u00e9 presuny<\/li>\n<li>Medzin\u00e1rodn\u00e9 s\u0165ahovanie<\/li>\n<li>S\u0165ahovanie dom\u00e1cnost\u00ed<\/li>\n<li>S\u0165ahovanie kancel\u00e1ri\u00ed<\/li>\n<li>\u0160pecializovan\u00ed mana\u017e\u00e9ri \u00fa\u010dtu<\/li>\n<li>Profesion\u00e1lne baliace slu\u017eby<\/li>\n<li>Cestn\u00e1, n\u00e1morn\u00e1 a leteck\u00e1 doprava<\/li>\n<li>Coln\u00e9 konanie<\/li>\n<li>Preprava umeleck\u00fdch diel<\/li>\n<li>Kr\u00e1tkodob\u00e9 a\u017e dlhodob\u00e9 skladovanie<\/li>\n<\/ul>\n<p>Barad je prepravn\u00e1 a logistick\u00e1 spolo\u010dnos\u0165, ktor\u00e1 pon\u00faka rie\u0161enia v oblasti s\u0165ahovania v Ir\u00e1ne a vo viac ako 150 krajin\u00e1ch sveta prostredn\u00edctvom siete partnerov pre s\u0165ahovanie. Pon\u00faka aj \u0161pedi\u010dn\u00e9 slu\u017eby, skladov\u00e9 slu\u017eby a slu\u017eby coln\u00e9ho konania. Je tie\u017e \u010dlenom IAM.<\/p>\n<p>Spolo\u010dnos\u0165 Barad poskytuje pre svoje slu\u017eby \u0161pecializovan\u00fdch account mana\u017e\u00e9rov, ktor\u00ed v\u00e1m pom\u00f4\u017eu s va\u0161imi prepravn\u00fdmi potrebami. Pon\u00fakaj\u00fa s\u0165ahovacie slu\u017eby od dver\u00ed k dver\u00e1m, ktor\u00e9 sa m\u00f4\u017eu uskuto\u010dni\u0165 cestnou, n\u00e1mornou alebo leteckou dopravou a zah\u0155\u0148aj\u00fa coln\u00e9 odbavenie. Poskytuj\u00fa profesion\u00e1lne baliace slu\u017eby, ktor\u00e9 zah\u0155\u0148aj\u00fa balenie, vyba\u013eovanie a odstra\u0148ovanie trosiek. Zabezpe\u010duj\u00fa s\u0165ahovanie osobn\u00fdch vec\u00ed, nadbyto\u010dnej bato\u017einy, umeleck\u00fdch diel, kancel\u00e1rskeho vybavenia a ve\u013evyslanectiev.<\/p>\n<p>Webov\u00e1 lokalita: <a href=\"http:\/\/baradairsea.com\" target=\"_blank\" rel=\"noopener\">http:\/\/baradairsea.com<\/a><\/p>\n<h2><span class=\"ez-toc-section\" id=\"2_Kar_Kia_Co_Ltd\"><\/span><strong>2. Kar Kia Co Ltd<\/strong><span class=\"ez-toc-section-end\"><\/span><\/h2>\n<p><img loading=\"lazy\" decoding=\"async\" class=\"alignnone size-full wp-image-7526\" src=\"https:\/\/moverdb.com\/wp-content\/uploads\/Kat-Kia-international-moving-company.png\" alt=\"Kat Kia medzin\u00e1rodn\u00e9 s\u0165ahovanie spolo\u010dnos\u0165\" width=\"1440\" height=\"680\" data-wp-pid=\"7526\" srcset=\"https:\/\/moverdb.com\/wp-content\/uploads\/Kat-Kia-international-moving-company.png 1440w, https:\/\/moverdb.com\/wp-content\/uploads\/Kat-Kia-international-moving-company-300x142.png 300w, https:\/\/moverdb.com\/wp-content\/uploads\/Kat-Kia-international-moving-company-1024x484.png 1024w, https:\/\/moverdb.com\/wp-content\/uploads\/Kat-Kia-international-moving-company-18x9.png 18w, https:\/\/moverdb.com\/wp-content\/uploads\/Kat-Kia-international-moving-company-600x283.png 600w\" sizes=\"auto, (max-width: 1440px) 100vw, 1440px\" \/><\/p>\n<ul>\n<li>N\u00e1rodn\u00e9 presuny<\/li>\n<li>Medzin\u00e1rodn\u00e9 s\u0165ahovanie<\/li>\n<li>S\u0165ahovanie dom\u00e1cnost\u00ed<\/li>\n<li>Slu\u017eba od dver\u00ed k dver\u00e1m<\/li>\n<li>Baliace slu\u017eby<\/li>\n<li>Pozemn\u00e1, n\u00e1morn\u00e1 alebo leteck\u00e1 preprava<\/li>\n<li>Coln\u00e9 konanie<\/li>\n<li>Doprava v oblasti v\u00fdtvarn\u00e9ho umenia<\/li>\n<li>Poistenie<\/li>\n<li>\u00dalo\u017eisko<\/li>\n<\/ul>\n<p>Kar Kia je s\u0165ahovacia a skladov\u00e1 spolo\u010dnos\u0165 so s\u00eddlom v Teher\u00e1ne, ktor\u00e1 pon\u00faka lok\u00e1lne s\u0165ahovacie rie\u0161enia v r\u00e1mci Teher\u00e1nu, cel\u00e9ho Ir\u00e1nu a medzin\u00e1rodn\u00e9 s\u0165ahovanie do Ir\u00e1nu a z Ir\u00e1nu. Podporuje ju sie\u0165 s\u0165ahovac\u00edch agentov po celom svete a je \u010dlenom IAM s 39-ro\u010dnou trad\u00edciou.<\/p>\n<p>Spolo\u010dnos\u0165 Kar Kia pon\u00faka slu\u017eby s\u0165ahovania dom\u00e1cnost\u00ed od dver\u00ed k dver\u00e1m, ktor\u00e9 zah\u0155\u0148aj\u00fa bezpe\u010dn\u00e9 zabalenie v\u0161etk\u00fdch va\u0161ich vec\u00ed na prepravu. Zabezpe\u010d\u00ed prepravu va\u0161ich vec\u00ed na miesto ur\u010denia cestnou, n\u00e1mornou alebo leteckou dopravou a pom\u00f4\u017ee v\u00e1m s coln\u00fdm odbaven\u00edm pri dovoze a v\u00fdvoze. Pon\u00fakaj\u00fa aj \u010fal\u0161ie slu\u017eby, ktor\u00e9 zah\u0155\u0148aj\u00fa s\u0165ahovanie umeleck\u00fdch diel, poistenie a skladovanie.<\/p>\n<p>Webov\u00e1 lokalita: <a href=\"http:\/\/www.karkiamovers.com\" target=\"_blank\" rel=\"noopener\">http:\/\/www.karkiamovers.com<\/a><\/p>\n<h2><span class=\"ez-toc-section\" id=\"3_Simorgh_Pack_Express\"><\/span><strong>3. <\/strong><strong>Simorgh Pack Express<\/strong><span class=\"ez-toc-section-end\"><\/span><\/h2>\n<p><img loading=\"lazy\" decoding=\"async\" class=\"alignnone size-full wp-image-7486\" src=\"https:\/\/moverdb.com\/wp-content\/uploads\/Simorgh-Pack-Express-international-moving-company.png\" alt=\"Simorgh Pack Express medzin\u00e1rodn\u00e9 s\u0165ahovanie spolo\u010dnos\u0165\" width=\"1440\" height=\"678\" data-wp-pid=\"7486\" srcset=\"https:\/\/moverdb.com\/wp-content\/uploads\/Simorgh-Pack-Express-international-moving-company.png 1440w, https:\/\/moverdb.com\/wp-content\/uploads\/Simorgh-Pack-Express-international-moving-company-300x141.png 300w, https:\/\/moverdb.com\/wp-content\/uploads\/Simorgh-Pack-Express-international-moving-company-1024x482.png 1024w, https:\/\/moverdb.com\/wp-content\/uploads\/Simorgh-Pack-Express-international-moving-company-18x8.png 18w, https:\/\/moverdb.com\/wp-content\/uploads\/Simorgh-Pack-Express-international-moving-company-600x283.png 600w\" sizes=\"auto, (max-width: 1440px) 100vw, 1440px\" \/><\/p>\n<ul>\n<li>N\u00e1rodn\u00e9 presuny<\/li>\n<li>Medzin\u00e1rodn\u00e9 s\u0165ahovanie<\/li>\n<li>S\u0165ahovanie dom\u00e1cnost\u00ed<\/li>\n<li>Prieskum v dom\u00e1cnosti<\/li>\n<li>Baliace slu\u017eby<\/li>\n<li>N\u00e1morn\u00e1, leteck\u00e1 a pozemn\u00e1 doprava<\/li>\n<li>Coln\u00e1 pomoc<\/li>\n<li>Preprava vozidiel<\/li>\n<li>Poistenie<\/li>\n<li>Skladovacie zariadenia<\/li>\n<\/ul>\n<p>Simorgh Pack Express je s\u0165ahovacia spolo\u010dnos\u0165 so s\u00eddlom v Teher\u00e1ne. M\u00e1 celosvetov\u00fa sie\u0165 spolupracovn\u00edkov, ktor\u00ed pom\u00e1haj\u00fa pri medzin\u00e1rodn\u00fdch s\u0165ahovaniach kdeko\u013evek na svete. S\u00fa \u010dlenom IAM s 31-ro\u010dnou trad\u00edciou.<\/p>\n<p>Simorgh Pack Express bude koordinova\u0165 cel\u00e9 s\u0165ahovanie a zabezpe\u010d\u00ed jeho hladk\u00fd priebeh bez oh\u013eadu na to, \u010di sa s\u0165ahujete lok\u00e1lne alebo po celom svete. Poskytuje vy\u0161kolen\u00fd person\u00e1l, ktor\u00fd bezpe\u010dne zabal\u00ed va\u0161e veci a ochr\u00e1ni ich pri preprave pomocou vysokokvalitn\u00fdch materi\u00e1lov. Postaraj\u00fa sa o va\u0161u prepravu po zemi, letecky alebo po mori a zabezpe\u010dia, aby na\u0161li najlep\u0161ie rie\u0161enie pre va\u0161e potreby a najni\u017e\u0161ie poplatky.<\/p>\n<p>Webov\u00e1 lokalita: <a href=\"http:\/\/www.simorghpackexpress.com\" target=\"_blank\" rel=\"noopener\">http:\/\/www.simorghpackexpress.com<\/a><\/p>\n<h2><span class=\"ez-toc-section\" id=\"4_Simorgh_Pack\"><\/span><strong>4. Balenie Simorgh<\/strong><span class=\"ez-toc-section-end\"><\/span><\/h2>\n<p><img loading=\"lazy\" decoding=\"async\" class=\"alignnone size-full wp-image-7487\" src=\"https:\/\/moverdb.com\/wp-content\/uploads\/Simorgh-Pack-international-moving-company.png\" alt=\"Simorgh Pack medzin\u00e1rodn\u00e9 s\u0165ahovanie spolo\u010dnos\u0165\" width=\"1440\" height=\"680\" data-wp-pid=\"7487\" srcset=\"https:\/\/moverdb.com\/wp-content\/uploads\/Simorgh-Pack-international-moving-company.png 1440w, https:\/\/moverdb.com\/wp-content\/uploads\/Simorgh-Pack-international-moving-company-300x142.png 300w, https:\/\/moverdb.com\/wp-content\/uploads\/Simorgh-Pack-international-moving-company-1024x484.png 1024w, https:\/\/moverdb.com\/wp-content\/uploads\/Simorgh-Pack-international-moving-company-18x9.png 18w, https:\/\/moverdb.com\/wp-content\/uploads\/Simorgh-Pack-international-moving-company-600x283.png 600w\" sizes=\"auto, (max-width: 1440px) 100vw, 1440px\" \/><\/p>\n<ul>\n<li>Miestne a vn\u00fatro\u0161t\u00e1tne s\u0165ahovanie<\/li>\n<li>Medzin\u00e1rodn\u00e9 s\u0165ahovanie<\/li>\n<li>S\u0165ahovanie dom\u00e1cnost\u00ed<\/li>\n<li>Komer\u010dn\u00e9 presuny<\/li>\n<li>Slu\u017eba od dver\u00ed k dver\u00e1m<\/li>\n<li>Profesion\u00e1lne balenie<\/li>\n<li>Pozemn\u00e1, leteck\u00e1 alebo n\u00e1morn\u00e1 preprava<\/li>\n<li>Preprava vozidiel<\/li>\n<li>Poistenie<\/li>\n<li>Zabezpe\u010den\u00e9 skladovacie priestory<\/li>\n<\/ul>\n<p>Simorgh Pack je glob\u00e1lna spolo\u010dnos\u0165, ktor\u00e1 pom\u00e1ha \u013eu\u010fom s\u0165ahova\u0165 sa od roku 1992 a s\u00eddli v Teher\u00e1ne. M\u00e1 celosvetov\u00fa sie\u0165 prepravn\u00fdch a s\u0165ahovac\u00edch agentov a \u0161pecialistov, ktor\u00ed ju podporuj\u00fa. S\u00fa \u010dlenom IAM s 31-ro\u010dnou trad\u00edciou.<\/p>\n<p>Simorgh Pack poskytuje \u0161pecializovan\u00e9ho koordin\u00e1tora s\u0165ahovania, ktor\u00fd v\u00e1s bude podporova\u0165 na ka\u017edom kroku. Za\u010d\u00edna sa \u00favodn\u00fdm prieskumom, ktor\u00fd pos\u00fadi va\u0161e potreby, a potom n\u00e1jde najlep\u0161ie trasy za spr\u00e1vne ceny. Ich profesion\u00e1lni bali\u010di zabalia va\u0161e veci na prepravu po zemi, letecky alebo po mori s podrobn\u00fdm s\u00fapisom.<\/p>\n<p>Webov\u00e1 lokalita: <a href=\"http:\/\/www.simorghpack.com\" target=\"_blank\" rel=\"noopener\">http:\/\/www.simorghpack.com<\/a><\/p>\n<h2><span class=\"ez-toc-section\" id=\"5_Unipack\"><\/span><strong>5. Unipack<\/strong><span class=\"ez-toc-section-end\"><\/span><\/h2>\n<p><img loading=\"lazy\" decoding=\"async\" class=\"alignnone size-full wp-image-7494\" src=\"https:\/\/moverdb.com\/wp-content\/uploads\/Unipack-international-moving-company-1.png\" alt=\"Unipack medzin\u00e1rodn\u00e9 s\u0165ahovanie spolo\u010dnos\u0165\" width=\"1440\" height=\"681\" data-wp-pid=\"7494\" srcset=\"https:\/\/moverdb.com\/wp-content\/uploads\/Unipack-international-moving-company-1.png 1440w, https:\/\/moverdb.com\/wp-content\/uploads\/Unipack-international-moving-company-1-300x142.png 300w, https:\/\/moverdb.com\/wp-content\/uploads\/Unipack-international-moving-company-1-1024x484.png 1024w, https:\/\/moverdb.com\/wp-content\/uploads\/Unipack-international-moving-company-1-18x9.png 18w, https:\/\/moverdb.com\/wp-content\/uploads\/Unipack-international-moving-company-1-600x284.png 600w\" sizes=\"auto, (max-width: 1440px) 100vw, 1440px\" \/><\/p>\n<ul>\n<li>Medzin\u00e1rodn\u00e9 s\u0165ahovanie<\/li>\n<li>S\u0165ahovanie dom\u00e1cnost\u00ed<\/li>\n<li>S\u0165ahovanie obchodn\u00fdch a kancel\u00e1rskych priestorov<\/li>\n<li>Slu\u017eba od dver\u00ed k dver\u00e1m<\/li>\n<li>Baliace slu\u017eby<\/li>\n<li>Coln\u00e9 formality<\/li>\n<li>Pozemn\u00e1, n\u00e1morn\u00e1 a leteck\u00e1 doprava<\/li>\n<li>Preprava dom\u00e1cich zvierat<\/li>\n<li>Preprava vozidiel<\/li>\n<li>Skladovacie zariadenia<\/li>\n<\/ul>\n<p>Unipack je medzin\u00e1rodn\u00e1 baliaca a \u0161pedi\u010dn\u00e1 spolo\u010dnos\u0165 so s\u00eddlom v Ir\u00e1ne, ktor\u00e1 bola zalo\u017een\u00e1 v roku 1975. Spolupracuje so sie\u0165ou vybran\u00fdch medzin\u00e1rodn\u00fdch partnerov v oblasti s\u0165ahovania a premiest\u0148ovania po celom svete, ktor\u00ed zabezpe\u010duj\u00fa s\u0165ahovanie kdeko\u013evek. S\u00fa \u010dlenom IAM so 49-ro\u010dnou trad\u00edciou.<\/p>\n<p>Spolo\u010dnos\u0165 Unipack pon\u00faka \u0161irok\u00fa \u0161k\u00e1lu prepravn\u00fdch slu\u017eieb vr\u00e1tane prepravy tovaru pre dom\u00e1cnos\u0165, v\u00fdstavn\u00e9ho tovaru, v\u00fdtvarn\u00e9ho umenia, vozidiel, dom\u00e1cich zvierat, m\u0155tvych tiel a kancel\u00e1rskych z\u00e1sielok. Poskytuje slu\u017eby s\u0165ahovania od dver\u00ed k dver\u00e1m, ktor\u00e9 zah\u0155\u0148aj\u00fa bezpe\u010dn\u00e9 zabalenie va\u0161ich vec\u00ed a pou\u017eitie dreven\u00fdch debien na krehk\u00e9 predmety. Zabezpe\u010dia prepravu po zemi, letecky a po mori a vybavia coln\u00e9 formality.<\/p>\n<p>Webov\u00e1 lokalita: <a href=\"http:\/\/www.unipack.ir\" target=\"_blank\" rel=\"noopener\">http:\/\/www.unipack.ir<\/a><\/p>","protected":false},"excerpt":{"rendered":"<p>Are you planning on moving? Whether you are moving home and\/or business, you might want some help to reduce the pressure which is where a moving company can help. Below we have compiled a list of Iran based removal companies that are members of the International Association of Movers (IAM) and\/or FIDI Accredited International Mover [&hellip;]<\/p>\n","protected":false},"author":4,"featured_media":0,"parent":190,"menu_order":0,"comment_status":"closed","ping_status":"closed","template":"","meta":{"_genesis_hide_title":false,"_genesis_hide_breadcrumbs":false,"_genesis_hide_singular_image":false,"_genesis_hide_footer_widgets":false,"_genesis_custom_body_class":"","_genesis_custom_post_class":"","_genesis_layout":"","footnotes":""},"class_list":{"0":"post-7525","1":"page","2":"type-page","3":"status-publish","5":"entry","6":"has-post-thumbnail"},"_links":{"self":[{"href":"https:\/\/moverdb.com\/sk\/wp-json\/wp\/v2\/pages\/7525","targetHints":{"allow":["GET"]}}],"collection":[{"href":"https:\/\/moverdb.com\/sk\/wp-json\/wp\/v2\/pages"}],"about":[{"href":"https:\/\/moverdb.com\/sk\/wp-json\/wp\/v2\/types\/page"}],"author":[{"embeddable":true,"href":"https:\/\/moverdb.com\/sk\/wp-json\/wp\/v2\/users\/4"}],"replies":[{"embeddable":true,"href":"https:\/\/moverdb.com\/sk\/wp-json\/wp\/v2\/comments?post=7525"}],"version-history":[{"count":1,"href":"https:\/\/moverdb.com\/sk\/wp-json\/wp\/v2\/pages\/7525\/revisions"}],"predecessor-version":[{"id":7527,"href":"https:\/\/moverdb.com\/sk\/wp-json\/wp\/v2\/pages\/7525\/revisions\/7527"}],"up":[{"embeddable":true,"href":"https:\/\/moverdb.com\/sk\/wp-json\/wp\/v2\/pages\/190"}],"wp:attachment":[{"href":"https:\/\/moverdb.com\/sk\/wp-json\/wp\/v2\/media?parent=7525"}],"curies":[{"name":"wp","href":"https:\/\/api.w.org\/{rel}","templated":true}]}}