{"id":7518,"date":"2023-02-01T14:01:41","date_gmt":"2023-02-01T14:01:41","guid":{"rendered":"https:\/\/moverdb.com\/?page_id=7518"},"modified":"2026-01-08T15:23:44","modified_gmt":"2026-01-08T15:23:44","slug":"stahovanie-spolocnosti-honduras","status":"publish","type":"page","link":"https:\/\/moverdb.com\/sk\/moving-companies\/moving-companies-honduras\/","title":{"rendered":"2 Najlep\u0161ie medzin\u00e1rodn\u00e9 s\u0165ahovacie spolo\u010dnosti v Hondurase"},"content":{"rendered":"<p>S\u0165ahovanie m\u00f4\u017ee by\u0165 komplikovan\u00e9 a stresuj\u00face, tak\u017ee ak pl\u00e1nujete s\u0165ahovanie do Hondurasu, z Hondurasu alebo v r\u00e1mci Hondurasu, mo\u017eno budete potrebova\u0165 pomoc <a href=\"https:\/\/moverdb.com\/sk\/moving-companies\/\" data-internallinksmanager029f6b8e52c=\"79\" title=\"Top 25 medzin\u00e1rodn\u00fdch s\u0165ahovac\u00edch spolo\u010dnost\u00ed online\">s\u0165ahovacia spolo\u010dnos\u0165<\/a>. Ni\u017e\u0161ie sme zostavili zoznam spolo\u010dnost\u00ed so s\u00eddlom v Hondurase. <a href=\"https:\/\/moverdb.com\/sk\/international-removals\/\" data-internallinksmanager029f6b8e52c=\"27\" title=\"36 najlep\u0161\u00edch medzin\u00e1rodn\u00fdch s\u0165ahovac\u00edch spolo\u010dnost\u00ed v Spojenom kr\u00e1\u013eovstve\">s\u0165ahovacie spolo\u010dnosti<\/a> ktor\u00e9 s\u00fa \u010dlenmi <a href=\"https:\/\/moverdb.com\/sk\/iam\/\" data-internallinksmanager029f6b8e52c=\"23\" title=\"Vysvetlenie Medzin\u00e1rodnej asoci\u00e1cie s\u0165ahovate\u013eov (IAM)\">Medzin\u00e1rodn\u00e1 asoci\u00e1cia s\u0165ahovate\u013eov<\/a> (IAM) a\/alebo <a href=\"https:\/\/moverdb.com\/sk\/fidi-faim\/\" data-internallinksmanager029f6b8e52c=\"16\" title=\"Vysvetlenie FIDI a FAIM (FIDI akreditovan\u00fd medzin\u00e1rodn\u00fd prepravca)\">FIDI<\/a> Akreditovan\u00fd medzin\u00e1rodn\u00fd prepravca (FAIM), ktor\u00fd by v\u00e1m mohol pom\u00f4c\u0165 pri s\u0165ahovan\u00ed.<\/p>\n<h2><strong>1. Mudanzas International<\/strong><\/h2>\n<p><img loading=\"lazy\" decoding=\"async\" class=\"alignnone size-full wp-image-7471\" src=\"https:\/\/moverdb.com\/wp-content\/uploads\/Mudanzas-International-moving-company.png\" alt=\"Mudanzas Medzin\u00e1rodn\u00e1 s\u0165ahovacia spolo\u010dnos\u0165\" width=\"1440\" height=\"681\" data-wp-pid=\"7471\" srcset=\"https:\/\/moverdb.com\/wp-content\/uploads\/Mudanzas-International-moving-company.png 1440w, https:\/\/moverdb.com\/wp-content\/uploads\/Mudanzas-International-moving-company-300x142.png 300w, https:\/\/moverdb.com\/wp-content\/uploads\/Mudanzas-International-moving-company-1024x484.png 1024w, https:\/\/moverdb.com\/wp-content\/uploads\/Mudanzas-International-moving-company-18x9.png 18w, https:\/\/moverdb.com\/wp-content\/uploads\/Mudanzas-International-moving-company-600x284.png 600w\" sizes=\"auto, (max-width: 1440px) 100vw, 1440px\" \/><\/p>\n<ul>\n<li>N\u00e1rodn\u00e9 presuny<\/li>\n<li>Medzin\u00e1rodn\u00e9 s\u0165ahovanie<\/li>\n<li>S\u0165ahovanie dom\u00e1cnost\u00ed<\/li>\n<li>Slu\u017eba od dver\u00ed k dver\u00e1m<\/li>\n<li>Profesion\u00e1lne baliace slu\u017eby<\/li>\n<li>Vlastn\u00fd vozov\u00fd park<\/li>\n<li>Cestn\u00e1, n\u00e1morn\u00e1 a leteck\u00e1 n\u00e1kladn\u00e1 doprava<\/li>\n<li>Coln\u00e1 podpora<\/li>\n<li>Preprava vozidiel<\/li>\n<li>V\u00fdber mo\u017enost\u00ed ukladania<\/li>\n<\/ul>\n<p>Mudanzas International je spolo\u010dnos\u0165 zaoberaj\u00faca sa medzin\u00e1rodn\u00fdm s\u0165ahovan\u00edm, balen\u00edm a skladovan\u00edm s viac ako 25-ro\u010dn\u00fdmi sk\u00fasenos\u0165ami. Je \u010dlenom IAM s 32-ro\u010dnou trad\u00edciou, ktor\u00e1 jej umo\u017e\u0148uje pr\u00edstup k medzin\u00e1rodnej sieti s\u0165ahovac\u00edch agentov, ktor\u00ed pom\u00e1haj\u00fa pri s\u0165ahovan\u00ed do zahrani\u010dia.<\/p>\n<p>Spolo\u010dnos\u0165 Mudanzas International pon\u00faka individu\u00e1lne s\u0165ahovacie slu\u017eby pre vn\u00fatro\u0161t\u00e1tne a medzin\u00e1rodn\u00e9 s\u0165ahovanie so slu\u017ebou od dver\u00ed k dver\u00e1m. Poskytuje profesion\u00e1lne baliace slu\u017eby na ochranu va\u0161ich vec\u00ed po\u010das prepravy. Zabezpe\u010dia prepravu cestnou dopravou pomocou vlastn\u00e9ho vozov\u00e9ho parku, leteck\u00fa a n\u00e1morn\u00fa prepravu a m\u00f4\u017eu poskytn\u00fa\u0165 podporu pri coln\u00fdch slu\u017eb\u00e1ch. M\u00f4\u017eu tie\u017e zabezpe\u010di\u0165 prepravu vozidiel a motocyklov.<\/p>\n<p>Webov\u00e1 lokalita: <a href=\"http:\/\/www.mudanzasinternational.net\" target=\"_blank\" rel=\"noopener\">http:\/\/www.mudanzasinternational.net<\/a><\/p>\n<h2><strong>2. Mudanzas Airlift<\/strong><\/h2>\n<p><img loading=\"lazy\" decoding=\"async\" class=\"alignnone size-full wp-image-7470\" src=\"https:\/\/moverdb.com\/wp-content\/uploads\/Mudanzas-Airlift-international-moving-company.png\" alt=\"Mudanzas Airlift medzin\u00e1rodn\u00e1 s\u0165ahovacia spolo\u010dnos\u0165\" width=\"1440\" height=\"678\" data-wp-pid=\"7470\" srcset=\"https:\/\/moverdb.com\/wp-content\/uploads\/Mudanzas-Airlift-international-moving-company.png 1440w, https:\/\/moverdb.com\/wp-content\/uploads\/Mudanzas-Airlift-international-moving-company-300x141.png 300w, https:\/\/moverdb.com\/wp-content\/uploads\/Mudanzas-Airlift-international-moving-company-1024x482.png 1024w, https:\/\/moverdb.com\/wp-content\/uploads\/Mudanzas-Airlift-international-moving-company-18x8.png 18w, https:\/\/moverdb.com\/wp-content\/uploads\/Mudanzas-Airlift-international-moving-company-600x283.png 600w\" sizes=\"auto, (max-width: 1440px) 100vw, 1440px\" \/><\/p>\n<ul>\n<li>N\u00e1rodn\u00e9 presuny<\/li>\n<li>Medzin\u00e1rodn\u00e9 s\u0165ahovanie<\/li>\n<li>S\u0165ahovanie dom\u00e1cnost\u00ed<\/li>\n<li>Slu\u017eba od dver\u00ed k dver\u00e1m<\/li>\n<li>Baliace slu\u017eby<\/li>\n<li>Zabezpe\u010denie prepravy<\/li>\n<li>Coln\u00e9 konanie<\/li>\n<li>Preprava vozidiel<\/li>\n<li>Poistenie<\/li>\n<li>Slu\u017eba ukladania<\/li>\n<\/ul>\n<p>Mudanzas Airlift je medzin\u00e1rodn\u00e1 spolo\u010dnos\u0165 zaoberaj\u00faca sa premiest\u0148ovan\u00edm, prepravou a logistikou, ktor\u00e1 bola zalo\u017een\u00e1 v roku 1963. Jej \u00fastredie sa nach\u00e1dza v Tegucigalpe a pobo\u010dka v San Pedro Sula. S\u00fa \u010dlenom IAM, ktor\u00e1 im poskytuje medzin\u00e1rodn\u00fa sie\u0165 s\u0165ahovac\u00edch agentov.<\/p>\n<p>Spolo\u010dnos\u0165 Mudanzas Airlift pon\u00faka prieskum pred s\u0165ahovan\u00edm, ktor\u00fd v\u00e1m pom\u00f4\u017ee pos\u00fadi\u0165 va\u0161e po\u017eiadavky. Poskytuj\u00fa slu\u017eby od dver\u00ed k dver\u00e1m alebo od dver\u00ed k dver\u00e1m<a href=\"https:\/\/moverdb.com\/sk\/top-49-container-ports\/\" data-internallinksmanager029f6b8e52c=\"80\" title=\"49 najv\u00e4\u010d\u0161\u00edch a najvy\u0165a\u017eenej\u0161\u00edch kontajnerov\u00fdch pr\u00edstavov v roku 2025\">pr\u00edstav<\/a> slu\u017eba, ktor\u00e1 zah\u0155\u0148a balenie a balenie do krab\u00edc na ochranu va\u0161ich vec\u00ed po\u010das s\u0165ahovania. Zabezpe\u010d\u00ed prepravu va\u0161ich vec\u00ed a pom\u00f4\u017ee v\u00e1m s coln\u00fdm odbaven\u00edm a poisten\u00edm. V pr\u00edpade potreby pon\u00fakaj\u00fa aj prepravu vozidiel a rie\u0161enia skladovania.<\/p>\n<p>Webov\u00e1 lokalita: <a href=\"http:\/\/www.mudanzasairlift.com\" target=\"_blank\" rel=\"noopener\">http:\/\/www.mudanzasairlift.com<\/a><\/p>","protected":false},"excerpt":{"rendered":"<p>Moving can be a complicated and stressful time so if you are planning a move to, from or within Honduras, you may want the help of a moving company. Below we have compiled a list of Honduras based removal companies that are members of the International Association of Movers (IAM) and\/or FIDI Accredited International Mover [&hellip;]<\/p>\n","protected":false},"author":4,"featured_media":0,"parent":190,"menu_order":0,"comment_status":"closed","ping_status":"closed","template":"","meta":{"_genesis_hide_title":false,"_genesis_hide_breadcrumbs":false,"_genesis_hide_singular_image":false,"_genesis_hide_footer_widgets":false,"_genesis_custom_body_class":"","_genesis_custom_post_class":"","_genesis_layout":"","footnotes":""},"class_list":{"0":"post-7518","1":"page","2":"type-page","3":"status-publish","5":"entry","6":"has-post-thumbnail"},"_links":{"self":[{"href":"https:\/\/moverdb.com\/sk\/wp-json\/wp\/v2\/pages\/7518","targetHints":{"allow":["GET"]}}],"collection":[{"href":"https:\/\/moverdb.com\/sk\/wp-json\/wp\/v2\/pages"}],"about":[{"href":"https:\/\/moverdb.com\/sk\/wp-json\/wp\/v2\/types\/page"}],"author":[{"embeddable":true,"href":"https:\/\/moverdb.com\/sk\/wp-json\/wp\/v2\/users\/4"}],"replies":[{"embeddable":true,"href":"https:\/\/moverdb.com\/sk\/wp-json\/wp\/v2\/comments?post=7518"}],"version-history":[{"count":1,"href":"https:\/\/moverdb.com\/sk\/wp-json\/wp\/v2\/pages\/7518\/revisions"}],"predecessor-version":[{"id":7519,"href":"https:\/\/moverdb.com\/sk\/wp-json\/wp\/v2\/pages\/7518\/revisions\/7519"}],"up":[{"embeddable":true,"href":"https:\/\/moverdb.com\/sk\/wp-json\/wp\/v2\/pages\/190"}],"wp:attachment":[{"href":"https:\/\/moverdb.com\/sk\/wp-json\/wp\/v2\/media?parent=7518"}],"curies":[{"name":"wp","href":"https:\/\/api.w.org\/{rel}","templated":true}]}}