{"id":7512,"date":"2023-02-01T13:59:57","date_gmt":"2023-02-01T13:59:57","guid":{"rendered":"https:\/\/moverdb.com\/?page_id=7512"},"modified":"2026-01-08T15:24:16","modified_gmt":"2026-01-08T15:24:16","slug":"stahovanie-spolocnosti-guatemala","status":"publish","type":"page","link":"https:\/\/moverdb.com\/sk\/moving-companies\/moving-companies-guatemala\/","title":{"rendered":"3 najlep\u0161ie medzin\u00e1rodn\u00e9 s\u0165ahovacie spolo\u010dnosti v Guatemale"},"content":{"rendered":"<p>S\u0165ahujete sa do Guatemaly, z Guatemaly alebo v r\u00e1mci Guatemaly? Potom by v\u00e1s mohli zauj\u00edma\u0165 slu\u017eby <a href=\"https:\/\/moverdb.com\/sk\/moving-companies\/\" data-internallinksmanager029f6b8e52c=\"79\" title=\"Top 25 medzin\u00e1rodn\u00fdch s\u0165ahovac\u00edch spolo\u010dnost\u00ed online\">s\u0165ahovacia spolo\u010dnos\u0165<\/a> ktor\u00e9 v\u00e1m pom\u00f4\u017eu s balen\u00edm, prepravou a coln\u00fdmi formalitami. Ni\u017e\u0161ie sme zostavili zoznam spolo\u010dnost\u00ed so s\u00eddlom v Guatemale <a href=\"https:\/\/moverdb.com\/sk\/international-removals\/\" data-internallinksmanager029f6b8e52c=\"27\" title=\"36 najlep\u0161\u00edch medzin\u00e1rodn\u00fdch s\u0165ahovac\u00edch spolo\u010dnost\u00ed v Spojenom kr\u00e1\u013eovstve\">s\u0165ahovacie spolo\u010dnosti<\/a> ktor\u00e9 s\u00fa \u010dlenmi <a href=\"https:\/\/moverdb.com\/sk\/iam\/\" data-internallinksmanager029f6b8e52c=\"23\" title=\"Vysvetlenie Medzin\u00e1rodnej asoci\u00e1cie s\u0165ahovate\u013eov (IAM)\">Medzin\u00e1rodn\u00e1 asoci\u00e1cia s\u0165ahovate\u013eov<\/a> (IAM) a\/alebo <a href=\"https:\/\/moverdb.com\/sk\/fidi-faim\/\" data-internallinksmanager029f6b8e52c=\"16\" title=\"Vysvetlenie FIDI a FAIM (FIDI akreditovan\u00fd medzin\u00e1rodn\u00fd prepravca)\">FIDI<\/a> Akreditovan\u00fd medzin\u00e1rodn\u00fd prepravca (FAIM), ktor\u00fd by v\u00e1m mohol pom\u00f4c\u0165 pri s\u0165ahovan\u00ed.<\/p>\n<h2><strong>1. Brizmud<\/strong><\/h2>\n<p><img loading=\"lazy\" decoding=\"async\" class=\"alignnone size-full wp-image-7422\" src=\"https:\/\/moverdb.com\/wp-content\/uploads\/Brizmud-international-moving-company.png\" alt=\"Brizmud medzin\u00e1rodn\u00e9 s\u0165ahovanie spolo\u010dnos\u0165\" width=\"1440\" height=\"686\" data-wp-pid=\"7422\" srcset=\"https:\/\/moverdb.com\/wp-content\/uploads\/Brizmud-international-moving-company.png 1440w, https:\/\/moverdb.com\/wp-content\/uploads\/Brizmud-international-moving-company-300x143.png 300w, https:\/\/moverdb.com\/wp-content\/uploads\/Brizmud-international-moving-company-1024x488.png 1024w, https:\/\/moverdb.com\/wp-content\/uploads\/Brizmud-international-moving-company-18x9.png 18w, https:\/\/moverdb.com\/wp-content\/uploads\/Brizmud-international-moving-company-600x286.png 600w\" sizes=\"auto, (max-width: 1440px) 100vw, 1440px\" \/><\/p>\n<ul>\n<li>Vn\u00fatro\u0161t\u00e1tne s\u0165ahovanie<\/li>\n<li>Medzin\u00e1rodn\u00e9 s\u0165ahovanie<\/li>\n<li>Slu\u017eby premiestnenia<\/li>\n<li>S\u0165ahovanie dom\u00e1cnost\u00ed<\/li>\n<li>Baliace slu\u017eby<\/li>\n<li>Cestn\u00e1, n\u00e1morn\u00e1 a leteck\u00e1 doprava<\/li>\n<li>Coln\u00e9 doklady<\/li>\n<li>Preprava umeleck\u00fdch diel<\/li>\n<li>Sie\u0165 medzin\u00e1rodn\u00fdch agentov<\/li>\n<li>Skladovacie zariadenia<\/li>\n<\/ul>\n<p>Brizmud je miestna a medzin\u00e1rodn\u00e1 s\u0165ahovacia spolo\u010dnos\u0165 so s\u00eddlom v Guatemale. Poskytuje s\u0165ahovacie a s\u0165ahovacie slu\u017eby pre dom\u00e1cnosti. Maj\u00fa sie\u0165 kvalifikovan\u00fdch dod\u00e1vate\u013eov a agentov, ktor\u00ed im umo\u017e\u0148uj\u00fa p\u00f4sobi\u0165 v in\u00fdch krajin\u00e1ch. S\u00fa \u010dlenom IAM s p\u00e4\u0165ro\u010dn\u00fdm p\u00f4soben\u00edm.<\/p>\n<p>Spolo\u010dnos\u0165 Brizmud poskytuje svojim klientom individu\u00e1lnu starostlivos\u0165, ktor\u00e1 zah\u0155\u0148a prisp\u00f4sobenie ponuky s\u0165ahovania potreb\u00e1m klientov. Poskytuje cel\u00fd rad s\u0165ahovac\u00edch slu\u017eieb, ktor\u00e9 zah\u0155\u0148aj\u00fa bezpe\u010dn\u00e9 balenie vec\u00ed, zabezpe\u010denie cestnej, n\u00e1mornej alebo leteckej prepravy a coln\u00fa podporu pri vybavovan\u00ed dokumentov. V pr\u00edpade potreby pon\u00fakaj\u00fa aj skladovacie priestory.<\/p>\n<p>Webov\u00e1 lokalita: <a href=\"https:\/\/brizmud.com\/\" target=\"_blank\" rel=\"noopener\">https:\/\/brizmud.com\/<\/a><\/p>\n<h2><strong>2. Intermud<\/strong><\/h2>\n<p><img loading=\"lazy\" decoding=\"async\" class=\"alignnone size-full wp-image-7457\" src=\"https:\/\/moverdb.com\/wp-content\/uploads\/Intermud-international-moving-company.png\" alt=\"Intermud medzin\u00e1rodn\u00e9 s\u0165ahovanie spolo\u010dnos\u0165\" width=\"1440\" height=\"683\" data-wp-pid=\"7457\" srcset=\"https:\/\/moverdb.com\/wp-content\/uploads\/Intermud-international-moving-company.png 1440w, https:\/\/moverdb.com\/wp-content\/uploads\/Intermud-international-moving-company-300x142.png 300w, https:\/\/moverdb.com\/wp-content\/uploads\/Intermud-international-moving-company-1024x486.png 1024w, https:\/\/moverdb.com\/wp-content\/uploads\/Intermud-international-moving-company-18x9.png 18w, https:\/\/moverdb.com\/wp-content\/uploads\/Intermud-international-moving-company-600x285.png 600w\" sizes=\"auto, (max-width: 1440px) 100vw, 1440px\" \/><\/p>\n<ul>\n<li>N\u00e1rodn\u00e9 presuny<\/li>\n<li>Medzin\u00e1rodn\u00e9 s\u0165ahovanie<\/li>\n<li>S\u0165ahovanie do obytn\u00fdch priestorov<\/li>\n<li>S\u0165ahovanie kancel\u00e1ri\u00ed<\/li>\n<li>Poradenstvo pri s\u0165ahovan\u00ed<\/li>\n<li>Baliace slu\u017eby<\/li>\n<li>Demont\u00e1\u017e a mont\u00e1\u017e n\u00e1bytku<\/li>\n<li>Pozemn\u00e1, n\u00e1morn\u00e1 a leteck\u00e1 doprava<\/li>\n<li>Coln\u00e1 podpora<\/li>\n<li>Skladovacie zariadenia<\/li>\n<\/ul>\n<p>Intermud je s\u0165ahovacia a logistick\u00e1 spolo\u010dnos\u0165 so s\u00eddlom v Guatemale, ktor\u00e1 m\u00e1 viac ako 35 rokov sk\u00fasenost\u00ed so s\u0165ahovan\u00edm \u013eud\u00ed. Je \u010dlenom IAM so 40-ro\u010dnou praxou a je akreditovan\u00e1 organiz\u00e1ciou FIDI. V\u010faka svojmu \u010dlenstvu maj\u00fa pr\u00edstup k medzin\u00e1rodnej sieti s\u0165ahovac\u00edch agentov, ktor\u00ed im pom\u00e1haj\u00fa pri s\u0165ahovan\u00ed do zahrani\u010dia.<\/p>\n<p>Spolo\u010dnos\u0165 Intermud pon\u00faka s\u0165ahovanie obytn\u00fdch domov a kancel\u00e1ri\u00ed na miestnej aj medzin\u00e1rodnej \u00farovni. Pre bytov\u00fdch klientov poskytuje baliace a vyba\u013eovacie slu\u017eby, do\u010dasn\u00fd pren\u00e1jom n\u00e1bytku a skladovacie priestory. V pr\u00edpade s\u0165ahovania kancel\u00e1ri\u00ed zabezpe\u010duj\u00fa s\u0165ahovanie od mal\u00fdch kancel\u00e1ri\u00ed a\u017e po ve\u013ek\u00e9 budovy, ktor\u00e9 zah\u0155\u0148a baliace a vyba\u013eovacie slu\u017eby, demont\u00e1\u017e a mont\u00e1\u017e n\u00e1bytku a bezpe\u010dn\u00e9 balenie elektronick\u00fdch zariaden\u00ed.<\/p>\n<p>Webov\u00e1 lokalita: <a href=\"http:\/\/www.intermud.com\" target=\"_blank\" rel=\"noopener\">http:\/\/www.intermud.com<\/a><\/p>\n<h2><strong>3. \u0160vaj\u010diarska spolo\u010dnos\u0165 Global Movers<\/strong><\/h2>\n<p><img loading=\"lazy\" decoding=\"async\" class=\"alignnone size-full wp-image-7493\" src=\"https:\/\/moverdb.com\/wp-content\/uploads\/Swiss-Global-Movers-international-moving-company.png\" alt=\"Swiss Global Movers medzin\u00e1rodn\u00e1 s\u0165ahovacia spolo\u010dnos\u0165\" width=\"1440\" height=\"683\" data-wp-pid=\"7493\" srcset=\"https:\/\/moverdb.com\/wp-content\/uploads\/Swiss-Global-Movers-international-moving-company.png 1440w, https:\/\/moverdb.com\/wp-content\/uploads\/Swiss-Global-Movers-international-moving-company-300x142.png 300w, https:\/\/moverdb.com\/wp-content\/uploads\/Swiss-Global-Movers-international-moving-company-1024x486.png 1024w, https:\/\/moverdb.com\/wp-content\/uploads\/Swiss-Global-Movers-international-moving-company-18x9.png 18w, https:\/\/moverdb.com\/wp-content\/uploads\/Swiss-Global-Movers-international-moving-company-600x285.png 600w\" sizes=\"auto, (max-width: 1440px) 100vw, 1440px\" \/><\/p>\n<ul>\n<li>Miestne s\u0165ahovanie<\/li>\n<li>Medzin\u00e1rodn\u00e9 s\u0165ahovanie<\/li>\n<li>S\u0165ahovanie dom\u00e1cnost\u00ed<\/li>\n<li>S\u0165ahovanie firiem<\/li>\n<li>Rie\u0161enia od dver\u00ed k dver\u00e1m<\/li>\n<li>Kvalifikovan\u00fd person\u00e1l<\/li>\n<li>Baliace slu\u017eby<\/li>\n<li>Zabezpe\u010denie prepravy<\/li>\n<li>Coln\u00e9 slu\u017eby<\/li>\n<li>Skladovacie zariadenia<\/li>\n<\/ul>\n<p>Spolo\u010dnos\u0165 Swiss Global Movers je poskytovate\u013eom s\u0165ahovac\u00edch a logistick\u00fdch slu\u017eieb so s\u00eddlom v Guatemala City a m\u00e1 viac ako 20 rokov sk\u00fasenost\u00ed. Spolupracuj\u00fa s in\u00fdmi subjektmi a poskytuj\u00fa komplexn\u00e9 slu\u017eby s celosvetov\u00fdm pokryt\u00edm. S\u00fa \u010dlenom IAM so 42-ro\u010dnou trad\u00edciou.<\/p>\n<p>Spolo\u010dnos\u0165 Swiss Global Movers poskytuje kvalifikovan\u00fd person\u00e1l, ktor\u00fd v\u00e1m porad\u00ed a pom\u00f4\u017ee pri pl\u00e1novan\u00ed s\u0165ahovania. Poskytuj\u00fa slu\u017eby od dver\u00ed k dver\u00e1m, ktor\u00e9 zah\u0155\u0148aj\u00fa balenie a vyba\u013eovanie a v pr\u00edpade potreby m\u00f4\u017eu pon\u00faknu\u0165 do\u010dasn\u00e9 uskladnenie. Zabezpe\u010dia prepravu va\u0161ich vec\u00ed vr\u00e1tane riadenia dovozn\u00fdch a v\u00fdvozn\u00fdch procesov s coln\u00fdmi slu\u017ebami.<\/p>\n<p>Webov\u00e1 lokalita: <a href=\"https:\/\/swissglobalmovers.com.gt\/\" target=\"_blank\" rel=\"noopener\">https:\/\/swissglobalmovers.com.gt\/<\/a><\/p>","protected":false},"excerpt":{"rendered":"<p>Are you moving to or from, or within Guatemala? Then you might be interested in the services of a moving company that can assist with packing, transportation and customs formalities. Below we have compiled a list of Guatemala based removal companies that are members of the International Association of Movers (IAM) and\/or FIDI Accredited International [&hellip;]<\/p>\n","protected":false},"author":4,"featured_media":0,"parent":190,"menu_order":0,"comment_status":"closed","ping_status":"closed","template":"","meta":{"_genesis_hide_title":false,"_genesis_hide_breadcrumbs":false,"_genesis_hide_singular_image":false,"_genesis_hide_footer_widgets":false,"_genesis_custom_body_class":"","_genesis_custom_post_class":"","_genesis_layout":"","footnotes":""},"class_list":{"0":"post-7512","1":"page","2":"type-page","3":"status-publish","5":"entry","6":"has-post-thumbnail"},"_links":{"self":[{"href":"https:\/\/moverdb.com\/sk\/wp-json\/wp\/v2\/pages\/7512","targetHints":{"allow":["GET"]}}],"collection":[{"href":"https:\/\/moverdb.com\/sk\/wp-json\/wp\/v2\/pages"}],"about":[{"href":"https:\/\/moverdb.com\/sk\/wp-json\/wp\/v2\/types\/page"}],"author":[{"embeddable":true,"href":"https:\/\/moverdb.com\/sk\/wp-json\/wp\/v2\/users\/4"}],"replies":[{"embeddable":true,"href":"https:\/\/moverdb.com\/sk\/wp-json\/wp\/v2\/comments?post=7512"}],"version-history":[{"count":1,"href":"https:\/\/moverdb.com\/sk\/wp-json\/wp\/v2\/pages\/7512\/revisions"}],"predecessor-version":[{"id":7513,"href":"https:\/\/moverdb.com\/sk\/wp-json\/wp\/v2\/pages\/7512\/revisions\/7513"}],"up":[{"embeddable":true,"href":"https:\/\/moverdb.com\/sk\/wp-json\/wp\/v2\/pages\/190"}],"wp:attachment":[{"href":"https:\/\/moverdb.com\/sk\/wp-json\/wp\/v2\/media?parent=7512"}],"curies":[{"name":"wp","href":"https:\/\/api.w.org\/{rel}","templated":true}]}}