{"id":7508,"date":"2023-02-01T13:58:25","date_gmt":"2023-02-01T13:58:25","guid":{"rendered":"https:\/\/moverdb.com\/?page_id=7508"},"modified":"2026-01-08T15:23:42","modified_gmt":"2026-01-08T15:23:42","slug":"stahovacie-spolocnosti-ghana","status":"publish","type":"page","link":"https:\/\/moverdb.com\/sk\/moving-companies\/moving-companies-ghana\/","title":{"rendered":"2 Najlep\u0161ie medzin\u00e1rodn\u00e9 s\u0165ahovacie spolo\u010dnosti v Ghane"},"content":{"rendered":"<p>Pl\u00e1nujete sa pres\u0165ahova\u0165 do Ghany, z Ghany alebo do Ghany? Potom by v\u00e1s mohlo zauj\u00edma\u0165 vyu\u017eitie slu\u017eieb profesion\u00e1lnej <a href=\"https:\/\/moverdb.com\/sk\/moving-companies\/\" data-internallinksmanager029f6b8e52c=\"79\" title=\"Top 25 medzin\u00e1rodn\u00fdch s\u0165ahovac\u00edch spolo\u010dnost\u00ed online\">s\u0165ahovacia spolo\u010dnos\u0165<\/a> ktor\u00e9 v\u00e1m pom\u00f4\u017eu so s\u0165ahovan\u00edm a vybavovan\u00edm dokumentov. Ni\u017e\u0161ie sme zostavili zoznam spolo\u010dnost\u00ed so s\u00eddlom v Ghane <a href=\"https:\/\/moverdb.com\/sk\/international-removals\/\" data-internallinksmanager029f6b8e52c=\"27\" title=\"36 najlep\u0161\u00edch medzin\u00e1rodn\u00fdch s\u0165ahovac\u00edch spolo\u010dnost\u00ed v Spojenom kr\u00e1\u013eovstve\">s\u0165ahovacie spolo\u010dnosti<\/a> ktor\u00e9 s\u00fa \u010dlenmi <a href=\"https:\/\/moverdb.com\/sk\/iam\/\" data-internallinksmanager029f6b8e52c=\"23\" title=\"Vysvetlenie Medzin\u00e1rodnej asoci\u00e1cie s\u0165ahovate\u013eov (IAM)\">Medzin\u00e1rodn\u00e1 asoci\u00e1cia s\u0165ahovate\u013eov<\/a> (IAM) a\/alebo <a href=\"https:\/\/moverdb.com\/sk\/fidi-faim\/\" data-internallinksmanager029f6b8e52c=\"16\" title=\"Vysvetlenie FIDI a FAIM (FIDI akreditovan\u00fd medzin\u00e1rodn\u00fd prepravca)\">FIDI<\/a> Akreditovan\u00fd medzin\u00e1rodn\u00fd prepravca (FAIM), ktor\u00fd by v\u00e1m mohol pom\u00f4c\u0165 pri s\u0165ahovan\u00ed.<\/p>\n<h2><strong>1. Celosvetov\u00e9 s\u0165ahovanie<\/strong><\/h2>\n<p><img loading=\"lazy\" decoding=\"async\" class=\"alignnone size-full wp-image-7498\" src=\"https:\/\/moverdb.com\/wp-content\/uploads\/Worldwide-Movers-Ghana-international-moving-company.png\" alt=\"Worldwide Movers Ghana medzin\u00e1rodn\u00e9 pohybuj\u00face sa spolo\u010dnos\u0165\" width=\"1440\" height=\"675\" data-wp-pid=\"7498\" srcset=\"https:\/\/moverdb.com\/wp-content\/uploads\/Worldwide-Movers-Ghana-international-moving-company.png 1440w, https:\/\/moverdb.com\/wp-content\/uploads\/Worldwide-Movers-Ghana-international-moving-company-300x141.png 300w, https:\/\/moverdb.com\/wp-content\/uploads\/Worldwide-Movers-Ghana-international-moving-company-1024x480.png 1024w, https:\/\/moverdb.com\/wp-content\/uploads\/Worldwide-Movers-Ghana-international-moving-company-18x8.png 18w, https:\/\/moverdb.com\/wp-content\/uploads\/Worldwide-Movers-Ghana-international-moving-company-600x281.png 600w\" sizes=\"auto, (max-width: 1440px) 100vw, 1440px\" \/><\/p>\n<ul>\n<li>N\u00e1rodn\u00e9 presuny<\/li>\n<li>Medzin\u00e1rodn\u00e9 s\u0165ahovanie<\/li>\n<li>S\u0165ahovanie dom\u00e1cnost\u00ed<\/li>\n<li>S\u0165ahovanie kancel\u00e1ri\u00ed<\/li>\n<li>Slu\u017eba od dver\u00ed k dver\u00e1m<\/li>\n<li>Cestn\u00e1, n\u00e1morn\u00e1 a leteck\u00e1 doprava<\/li>\n<li>Podpora coln\u00fdch formal\u00edt<\/li>\n<li>Preprava dom\u00e1cich zvierat<\/li>\n<li>Orienta\u010dn\u00e9 slu\u017eby<\/li>\n<li>Skladovacie zariadenia<\/li>\n<\/ul>\n<p>Worldwide Movers je medzin\u00e1rodn\u00e1 prepravn\u00e1 spolo\u010dnos\u0165 s pobo\u010dkami po celom svete vr\u00e1tane jednej v Ghane, ktor\u00e1 bola zalo\u017een\u00e1 v roku 2013 v Akkre. M\u00e1 zlat\u00fd \u0161tandard pre s\u0165ahovanie v Afrike, ako aj \u010dlenstvo v IAM s 10-ro\u010dnou trad\u00edciou.<\/p>\n<p>Spolo\u010dnos\u0165 Worldwide Movers pon\u00faka slu\u017ebu s\u0165ahovania od dver\u00ed k dver\u00e1m, ktor\u00e1 sa za\u010d\u00edna prieskumom na vypracovanie cenovej ponuky. Zabezpe\u010d\u00ed prepravu po ceste, po mori alebo letecky a porad\u00ed v\u00e1m s coln\u00fdmi predpismi a poisten\u00edm. Pon\u00fakaj\u00fa aj \u010fal\u0161ie slu\u017eby, ktor\u00e9 v\u00e1m pom\u00f4\u017eu usadi\u0165 sa, vr\u00e1tane orienta\u010dn\u00fdch slu\u017eieb na zozn\u00e1menie sa s oblas\u0165ou a pomoci pri h\u013eadan\u00ed ubytovania a \u0161k\u00f4l.<\/p>\n<p>Webov\u00e1 lokalita: <a href=\"https:\/\/www.worldwidemoversafrica.com\/countries\/ghana\/\" target=\"_blank\" rel=\"noopener\">https:\/\/www.worldwidemoversafrica.com\/countries\/ghana\/<\/a><\/p>\n<h2><strong>2. Doxa Worldwide Movers<\/strong><\/h2>\n<p><img loading=\"lazy\" decoding=\"async\" class=\"alignnone size-full wp-image-7436\" src=\"https:\/\/moverdb.com\/wp-content\/uploads\/Doxa-Worldwide-Movers-international-moving-company.png\" alt=\"Doxa Worldwide Movers medzin\u00e1rodn\u00e9 s\u0165ahovanie spolo\u010dnos\u0165\" width=\"1440\" height=\"686\" data-wp-pid=\"7436\" srcset=\"https:\/\/moverdb.com\/wp-content\/uploads\/Doxa-Worldwide-Movers-international-moving-company.png 1440w, https:\/\/moverdb.com\/wp-content\/uploads\/Doxa-Worldwide-Movers-international-moving-company-300x143.png 300w, https:\/\/moverdb.com\/wp-content\/uploads\/Doxa-Worldwide-Movers-international-moving-company-1024x488.png 1024w, https:\/\/moverdb.com\/wp-content\/uploads\/Doxa-Worldwide-Movers-international-moving-company-18x9.png 18w, https:\/\/moverdb.com\/wp-content\/uploads\/Doxa-Worldwide-Movers-international-moving-company-600x286.png 600w\" sizes=\"auto, (max-width: 1440px) 100vw, 1440px\" \/><\/p>\n<ul>\n<li>N\u00e1rodn\u00e9 presuny<\/li>\n<li>Medzin\u00e1rodn\u00e9 s\u0165ahovanie<\/li>\n<li>S\u0165ahovanie do obytn\u00fdch priestorov<\/li>\n<li>Premiest\u0148ovanie firiem<\/li>\n<li>Od dver\u00ed k dver\u00e1m alebo <a href=\"https:\/\/moverdb.com\/sk\/top-49-container-ports\/\" data-internallinksmanager029f6b8e52c=\"80\" title=\"49 najv\u00e4\u010d\u0161\u00edch a najvy\u0165a\u017eenej\u0161\u00edch kontajnerov\u00fdch pr\u00edstavov v roku 2025\">pr\u00edstav<\/a>-slu\u017eby medzi pr\u00edstavmi<\/li>\n<li>Baliace slu\u017eby<\/li>\n<li>\u0160peci\u00e1lne d\u00fdhov\u00e9 alebo dreven\u00e9 debny<\/li>\n<li>Pozemn\u00e1, leteck\u00e1 alebo n\u00e1morn\u00e1 preprava<\/li>\n<li>Coln\u00e9 konanie<\/li>\n<li>Zabezpe\u010den\u00e9 skladovacie priestory<\/li>\n<\/ul>\n<p>Doxa Worldwide Movers je \u0161pedi\u010dn\u00e1 spolo\u010dnos\u0165 so s\u00eddlom v Ghane, ktor\u00e1 p\u00f4sob\u00ed u\u017e 20 rokov. Je \u010dlenom IAM s 28-ro\u010dnou trad\u00edciou a toto \u010dlenstvo jej umo\u017e\u0148uje pr\u00edstup k \u0161irokej sieti s\u0165ahovac\u00edch agentov po celom svete, ktor\u00ed im pom\u00e1haj\u00fa.<\/p>\n<p>Spolo\u010dnos\u0165 Doxa Worldwide Movers pon\u00faka mo\u017enos\u0165 v\u00fdberu slu\u017eby od dver\u00ed k dver\u00e1m alebo slu\u017eby od pr\u00edstavu k pr\u00edstavu. Poskytuje baliace slu\u017eby pod\u013ea medzin\u00e1rodn\u00fdch \u0161tandardov s pou\u017eit\u00edm r\u00f4znych baliacich materi\u00e1lov a v pr\u00edpade potreby aj \u0161peci\u00e1lnych d\u00fdhov\u00fdch alebo dreven\u00fdch debien na ochranu va\u0161ich vec\u00ed pri preprave. Poskytuj\u00fa mo\u017enos\u0165 v\u00fdberu prepravy po s\u00fa\u0161i, po mori alebo letecky a pom\u00e1haj\u00fa s coln\u00fdm odbaven\u00edm.<\/p>\n<p>Webov\u00e1 lokalita: <a href=\"https:\/\/doxaworldwidemovers.com\" target=\"_blank\" rel=\"noopener\">https:\/\/doxaworldwidemovers.com<\/a><\/p>","protected":false},"excerpt":{"rendered":"<p>Are you planning a move in, from or to Ghana? Then you might be interested in employing the services of a professional moving company that can assist with moving your belongings and handle the paperwork. Below we have compiled a list of Ghana based removal companies that are members of the International Association of Movers [&hellip;]<\/p>\n","protected":false},"author":4,"featured_media":0,"parent":190,"menu_order":0,"comment_status":"closed","ping_status":"closed","template":"","meta":{"_genesis_hide_title":false,"_genesis_hide_breadcrumbs":false,"_genesis_hide_singular_image":false,"_genesis_hide_footer_widgets":false,"_genesis_custom_body_class":"","_genesis_custom_post_class":"","_genesis_layout":"","footnotes":""},"class_list":{"0":"post-7508","1":"page","2":"type-page","3":"status-publish","5":"entry","6":"has-post-thumbnail"},"_links":{"self":[{"href":"https:\/\/moverdb.com\/sk\/wp-json\/wp\/v2\/pages\/7508","targetHints":{"allow":["GET"]}}],"collection":[{"href":"https:\/\/moverdb.com\/sk\/wp-json\/wp\/v2\/pages"}],"about":[{"href":"https:\/\/moverdb.com\/sk\/wp-json\/wp\/v2\/types\/page"}],"author":[{"embeddable":true,"href":"https:\/\/moverdb.com\/sk\/wp-json\/wp\/v2\/users\/4"}],"replies":[{"embeddable":true,"href":"https:\/\/moverdb.com\/sk\/wp-json\/wp\/v2\/comments?post=7508"}],"version-history":[{"count":1,"href":"https:\/\/moverdb.com\/sk\/wp-json\/wp\/v2\/pages\/7508\/revisions"}],"predecessor-version":[{"id":7509,"href":"https:\/\/moverdb.com\/sk\/wp-json\/wp\/v2\/pages\/7508\/revisions\/7509"}],"up":[{"embeddable":true,"href":"https:\/\/moverdb.com\/sk\/wp-json\/wp\/v2\/pages\/190"}],"wp:attachment":[{"href":"https:\/\/moverdb.com\/sk\/wp-json\/wp\/v2\/media?parent=7508"}],"curies":[{"name":"wp","href":"https:\/\/api.w.org\/{rel}","templated":true}]}}