{"id":6061,"date":"2023-02-01T13:50:00","date_gmt":"2023-02-01T13:50:00","guid":{"rendered":"https:\/\/moverdb.com\/?page_id=6061"},"modified":"2026-01-08T15:29:55","modified_gmt":"2026-01-08T15:29:55","slug":"stahovacie-spolocnosti-georgia","status":"publish","type":"page","link":"https:\/\/moverdb.com\/sk\/moving-companies\/moving-companies-georgia\/","title":{"rendered":"Najlep\u0161ie medzin\u00e1rodn\u00e9 s\u0165ahovacie spolo\u010dnosti v Georgii"},"content":{"rendered":"<p>Ak sa s\u0165ahujete domov alebo do firmy v <a href=\"https:\/\/moverdb.com\/sk\/moving-to-the-united-states\/moving-to-georgia\/\" data-internallinksmanager029f6b8e52c=\"402\" title=\"S\u0165ahovanie do Gruz\u00ednska? 2026 N\u00e1klady na b\u00fdvanie a tipy na pres\u0165ahovanie\">Georgia<\/a>, alebo do Gruz\u00ednska alebo z Gruz\u00ednska, mo\u017eno budete chcie\u0165 vyu\u017ei\u0165 slu\u017eby s\u0165ahovacej spolo\u010dnosti, ktor\u00e1 v\u00e1m pom\u00f4\u017ee. Ni\u017e\u0161ie sme zostavili zoznam firiem so s\u00eddlom v Georgii <a href=\"https:\/\/moverdb.com\/sk\/international-removals\/\" data-internallinksmanager029f6b8e52c=\"27\" title=\"36 najlep\u0161\u00edch medzin\u00e1rodn\u00fdch s\u0165ahovac\u00edch spolo\u010dnost\u00ed v Spojenom kr\u00e1\u013eovstve\">s\u0165ahovacie spolo\u010dnosti<\/a> ktor\u00e9 s\u00fa \u010dlenmi <a href=\"https:\/\/moverdb.com\/sk\/iam\/\" data-internallinksmanager029f6b8e52c=\"23\" title=\"Vysvetlenie Medzin\u00e1rodnej asoci\u00e1cie s\u0165ahovate\u013eov (IAM)\">Medzin\u00e1rodn\u00e1 asoci\u00e1cia s\u0165ahovate\u013eov<\/a> (IAM) a\/alebo <a href=\"https:\/\/moverdb.com\/sk\/fidi-faim\/\" data-internallinksmanager029f6b8e52c=\"16\" title=\"Vysvetlenie FIDI a FAIM (FIDI akreditovan\u00fd medzin\u00e1rodn\u00fd prepravca)\">FIDI<\/a> Akreditovan\u00fd medzin\u00e1rodn\u00fd prepravca (FAIM), ktor\u00fd by v\u00e1m mohol pom\u00f4c\u0165 pri s\u0165ahovan\u00ed.<\/p>\n<h2><strong>Gosselin<\/strong><\/h2>\n<p><img loading=\"lazy\" decoding=\"async\" class=\"alignnone size-full wp-image-6062\" src=\"https:\/\/moverdb.com\/wp-content\/uploads\/Gosselin-Georgia-international-moving-company.png\" alt=\"Gosselin Georgia medzin\u00e1rodn\u00e9 s\u0165ahovanie spolo\u010dnos\u0165\" width=\"1440\" height=\"716\" data-wp-pid=\"6062\" srcset=\"https:\/\/moverdb.com\/wp-content\/uploads\/Gosselin-Georgia-international-moving-company.png 1440w, https:\/\/moverdb.com\/wp-content\/uploads\/Gosselin-Georgia-international-moving-company-300x149.png 300w, https:\/\/moverdb.com\/wp-content\/uploads\/Gosselin-Georgia-international-moving-company-1024x509.png 1024w, https:\/\/moverdb.com\/wp-content\/uploads\/Gosselin-Georgia-international-moving-company-18x9.png 18w, https:\/\/moverdb.com\/wp-content\/uploads\/Gosselin-Georgia-international-moving-company-600x298.png 600w\" sizes=\"auto, (max-width: 1440px) 100vw, 1440px\" \/><\/p>\n<ul>\n<li>N\u00e1rodn\u00e9 presuny<\/li>\n<li>Medzin\u00e1rodn\u00e9 s\u0165ahovanie<\/li>\n<li>S\u0165ahovanie dom\u00e1cnost\u00ed<\/li>\n<li>S\u0165ahovanie kancel\u00e1ri\u00ed<\/li>\n<li>Baliace slu\u017eby<\/li>\n<li>Cestn\u00e1, n\u00e1morn\u00e1 a leteck\u00e1 doprava<\/li>\n<li>V\u00fdtvarn\u00e9 umenie v pohybe<\/li>\n<li>Preprava dom\u00e1cich zvierat<\/li>\n<li>Preprava vozidiel<\/li>\n<li>Kr\u00e1tkodob\u00e9 a\u017e dlhodob\u00e9 skladovanie<\/li>\n<\/ul>\n<p>Gosselin je <a href=\"https:\/\/moverdb.com\/sk\/moving-companies\/\" data-internallinksmanager029f6b8e52c=\"79\" title=\"Top 25 medzin\u00e1rodn\u00fdch s\u0165ahovac\u00edch spolo\u010dnost\u00ed online\">medzin\u00e1rodn\u00e1 s\u0165ahovacia spolo\u010dnos\u0165<\/a> ktor\u00e1 m\u00e1 pobo\u010dky po celej Eur\u00f3pe a u\u017e viac ako 25 rokov m\u00e1 kancel\u00e1riu v Gruz\u00ednsku v Tbilisi. Maj\u00fa medzin\u00e1rodn\u00fa sie\u0165 s\u0165ahovac\u00edch agentov, ktor\u00ed im pom\u00e1haj\u00fa pri s\u0165ahovan\u00ed po celom svete. S\u00fa \u010dlenom IAM s 27-ro\u010dnou trad\u00edciou.<\/p>\n<p>Spolo\u010dnos\u0165 Gosselin je sk\u00fasen\u00fd medzin\u00e1rodn\u00fd s\u0165ahovac\u00ed agent, ktor\u00fd pon\u00faka s\u0165ahovanie do a z Gruz\u00ednska a v r\u00e1mci Gruz\u00ednska. Poskytuje kompletn\u00e9 slu\u017eby, ktor\u00e9 zah\u0155\u0148aj\u00fa bezpe\u010dn\u00e9 zabalenie va\u0161ich vec\u00ed na prepravu po ceste, mori a letecky. Poskytuj\u00fa aj \u0161pecializovan\u00e9 slu\u017eby na prepravu v\u00fdtvarn\u00e9ho umenia, dom\u00e1cich zvierat a vozidiel.<\/p>\n<p>Webov\u00e1 lokalita: <a href=\"https:\/\/gosselin-moving.com\/en\/moving-to-georgia\" target=\"_blank\" rel=\"noopener\">https:\/\/gosselin-moving.com\/en\/moving-to-georgia<\/a><\/p>","protected":false},"excerpt":{"rendered":"<p>If you are moving home or business in Georgia, or to or from Georgia you might want to engage the services of a removal company to assist you. Below we have compiled a list of Georgia based removal companies that are members of the International Association of Movers (IAM) and\/or FIDI Accredited International Mover (FAIM) [&hellip;]<\/p>\n","protected":false},"author":4,"featured_media":0,"parent":190,"menu_order":0,"comment_status":"closed","ping_status":"closed","template":"","meta":{"_genesis_hide_title":false,"_genesis_hide_breadcrumbs":false,"_genesis_hide_singular_image":false,"_genesis_hide_footer_widgets":false,"_genesis_custom_body_class":"","_genesis_custom_post_class":"","_genesis_layout":"","footnotes":""},"class_list":{"0":"post-6061","1":"page","2":"type-page","3":"status-publish","5":"entry","6":"has-post-thumbnail"},"_links":{"self":[{"href":"https:\/\/moverdb.com\/sk\/wp-json\/wp\/v2\/pages\/6061","targetHints":{"allow":["GET"]}}],"collection":[{"href":"https:\/\/moverdb.com\/sk\/wp-json\/wp\/v2\/pages"}],"about":[{"href":"https:\/\/moverdb.com\/sk\/wp-json\/wp\/v2\/types\/page"}],"author":[{"embeddable":true,"href":"https:\/\/moverdb.com\/sk\/wp-json\/wp\/v2\/users\/4"}],"replies":[{"embeddable":true,"href":"https:\/\/moverdb.com\/sk\/wp-json\/wp\/v2\/comments?post=6061"}],"version-history":[{"count":1,"href":"https:\/\/moverdb.com\/sk\/wp-json\/wp\/v2\/pages\/6061\/revisions"}],"predecessor-version":[{"id":6063,"href":"https:\/\/moverdb.com\/sk\/wp-json\/wp\/v2\/pages\/6061\/revisions\/6063"}],"up":[{"embeddable":true,"href":"https:\/\/moverdb.com\/sk\/wp-json\/wp\/v2\/pages\/190"}],"wp:attachment":[{"href":"https:\/\/moverdb.com\/sk\/wp-json\/wp\/v2\/media?parent=6061"}],"curies":[{"name":"wp","href":"https:\/\/api.w.org\/{rel}","templated":true}]}}