{"id":6051,"date":"2023-02-01T12:39:56","date_gmt":"2023-02-01T12:39:56","guid":{"rendered":"https:\/\/moverdb.com\/?page_id=6051"},"modified":"2026-01-08T15:24:43","modified_gmt":"2026-01-08T15:24:43","slug":"stahovanie-spolocnosti-finsko","status":"publish","type":"page","link":"https:\/\/moverdb.com\/sk\/moving-companies\/moving-companies-finland\/","title":{"rendered":"4 najlep\u0161ie medzin\u00e1rodn\u00e9 s\u0165ahovacie spolo\u010dnosti vo F\u00ednsku"},"content":{"rendered":"<p>S\u0165ahovanie domov alebo obchodn\u00fdch priestorov m\u00f4\u017ee by\u0165 stresuj\u00face, preto\u017ee je potrebn\u00e9 zariadi\u0165 ve\u013ea vec\u00ed, najm\u00e4 ak sa s\u0165ahujete do inej krajiny. Preto je vhodn\u00e9 vyu\u017ei\u0165 slu\u017eby <a href=\"https:\/\/moverdb.com\/sk\/moving-companies\/\" data-internallinksmanager029f6b8e52c=\"79\" title=\"Top 25 medzin\u00e1rodn\u00fdch s\u0165ahovac\u00edch spolo\u010dnost\u00ed online\">s\u0165ahovacia spolo\u010dnos\u0165<\/a> v\u00e1m m\u00f4\u017eu pom\u00f4c\u0165 od\u013eah\u010di\u0165 z\u00e1\u0165a\u017e, preto\u017ee m\u00f4\u017eu v\u0161etko vybavi\u0165 za v\u00e1s a pom\u00f4c\u0165 v\u00e1m pri vybavovan\u00ed dokumentov. Ni\u017e\u0161ie uv\u00e1dzame zoznam <a href=\"https:\/\/moverdb.com\/sk\/international-removals\/\" data-internallinksmanager029f6b8e52c=\"27\" title=\"36 najlep\u0161\u00edch medzin\u00e1rodn\u00fdch s\u0165ahovac\u00edch spolo\u010dnost\u00ed v Spojenom kr\u00e1\u013eovstve\">s\u0165ahovacie spolo\u010dnosti<\/a> so s\u00eddlom v <a href=\"https:\/\/moverdb.com\/sk\/moving-to-finland\/\" data-internallinksmanager029f6b8e52c=\"345\" title=\"S\u0165ahovanie do F\u00ednska? 2026 N\u00e1klady na \u017eivot a tipy na pres\u0165ahovanie\">F\u00ednsko<\/a> ktor\u00e9 s\u00fa \u010dlenmi <a href=\"https:\/\/moverdb.com\/sk\/iam\/\" data-internallinksmanager029f6b8e52c=\"23\" title=\"Vysvetlenie Medzin\u00e1rodnej asoci\u00e1cie s\u0165ahovate\u013eov (IAM)\">Medzin\u00e1rodn\u00e1 asoci\u00e1cia s\u0165ahovate\u013eov<\/a> (IAM) a\/alebo <a href=\"https:\/\/moverdb.com\/sk\/fidi-faim\/\" data-internallinksmanager029f6b8e52c=\"16\" title=\"Vysvetlenie FIDI a FAIM (FIDI akreditovan\u00fd medzin\u00e1rodn\u00fd prepravca)\">FIDI<\/a> Akreditovan\u00fd medzin\u00e1rodn\u00fd prepravca (FAIM), ktor\u00fd by v\u00e1m mohol pom\u00f4c\u0165 pri s\u0165ahovan\u00ed.<\/p>\n<div id=\"ez-toc-container\" class=\"ez-toc-v2_0_82_2 ez-toc-wrap-left counter-hierarchy ez-toc-counter ez-toc-transparent ez-toc-container-direction\">\n<div class=\"ez-toc-title-container\">\n<p class=\"ez-toc-title\" style=\"cursor:inherit\">Sekcie<\/p>\n<span class=\"ez-toc-title-toggle\"><a href=\"#\" class=\"ez-toc-pull-right ez-toc-btn ez-toc-btn-xs ez-toc-btn-default ez-toc-toggle\" aria-label=\"Prep\u00ednanie tabu\u013eky obsahu\"><span class=\"ez-toc-js-icon-con\"><span class=\"\"><span class=\"eztoc-hide\" style=\"display:none;\">Prep\u00edna\u010d<\/span><span class=\"ez-toc-icon-toggle-span\"><svg style=\"fill: #999;color:#999\" xmlns=\"http:\/\/www.w3.org\/2000\/svg\" class=\"list-377408\" width=\"20px\" height=\"20px\" viewbox=\"0 0 24 24\" fill=\"none\"><path d=\"M6 6H4v2h2V6zm14 0H8v2h12V6zM4 11h2v2H4v-2zm16 0H8v2h12v-2zM4 16h2v2H4v-2zm16 0H8v2h12v-2z\" fill=\"currentColor\"><\/path><\/svg><svg style=\"fill: #999;color:#999\" class=\"arrow-unsorted-368013\" xmlns=\"http:\/\/www.w3.org\/2000\/svg\" width=\"10px\" height=\"10px\" viewbox=\"0 0 24 24\" version=\"1.2\" baseprofile=\"tiny\"><path d=\"M18.2 9.3l-6.2-6.3-6.2 6.3c-.2.2-.3.4-.3.7s.1.5.3.7c.2.2.4.3.7.3h11c.3 0 .5-.1.7-.3.2-.2.3-.5.3-.7s-.1-.5-.3-.7zM5.8 14.7l6.2 6.3 6.2-6.3c.2-.2.3-.5.3-.7s-.1-.5-.3-.7c-.2-.2-.4-.3-.7-.3h-11c-.3 0-.5.1-.7.3-.2.2-.3.5-.3.7s.1.5.3.7z\"\/><\/svg><\/span><\/span><\/span><\/a><\/span><\/div>\n<nav><ul class='ez-toc-list ez-toc-list-level-1 eztoc-toggle-hide-by-default' ><li class='ez-toc-page-1 ez-toc-heading-level-2'><a class=\"ez-toc-link ez-toc-heading-1\" href=\"https:\/\/moverdb.com\/sk\/moving-companies\/moving-companies-finland\/#1_Travelcargo_International_Removals\" >1. Medzin\u00e1rodn\u00e9 s\u0165ahovanie Travelcargo<\/a><\/li><li class='ez-toc-page-1 ez-toc-heading-level-2'><a class=\"ez-toc-link ez-toc-heading-2\" href=\"https:\/\/moverdb.com\/sk\/moving-companies\/moving-companies-finland\/#2_Niemi_Services\" >2. Slu\u017eby Niemi<\/a><\/li><li class='ez-toc-page-1 ez-toc-heading-level-2'><a class=\"ez-toc-link ez-toc-heading-3\" href=\"https:\/\/moverdb.com\/sk\/moving-companies\/moving-companies-finland\/#3_Pegasus_Moving\" >3. Pegasus Moving<\/a><\/li><li class='ez-toc-page-1 ez-toc-heading-level-2'><a class=\"ez-toc-link ez-toc-heading-4\" href=\"https:\/\/moverdb.com\/sk\/moving-companies\/moving-companies-finland\/#4_Victor_EK\" >4. Viktor EK<\/a><\/li><li class='ez-toc-page-1 ez-toc-heading-level-2'><a class=\"ez-toc-link ez-toc-heading-5\" href=\"https:\/\/moverdb.com\/sk\/moving-companies\/moving-companies-finland\/#Other_Useful_Guides_to_Finland\" >\u010eal\u0161ie u\u017eito\u010dn\u00e9 pr\u00edru\u010dky o F\u00ednsku<\/a><\/li><\/ul><\/nav><\/div>\n<h2><span class=\"ez-toc-section\" id=\"1_Travelcargo_International_Removals\"><\/span><strong>1. Medzin\u00e1rodn\u00e9 s\u0165ahovanie Travelcargo<\/strong><span class=\"ez-toc-section-end\"><\/span><\/h2>\n<p><img loading=\"lazy\" decoding=\"async\" class=\"alignnone size-full wp-image-6052\" src=\"https:\/\/moverdb.com\/wp-content\/uploads\/Travel-Cargo-international-moving-company.png\" alt=\"Cestovanie Cargo medzin\u00e1rodn\u00e9 s\u0165ahovanie spolo\u010dnos\u0165\" width=\"1440\" height=\"672\" data-wp-pid=\"6052\" srcset=\"https:\/\/moverdb.com\/wp-content\/uploads\/Travel-Cargo-international-moving-company.png 1440w, https:\/\/moverdb.com\/wp-content\/uploads\/Travel-Cargo-international-moving-company-300x140.png 300w, https:\/\/moverdb.com\/wp-content\/uploads\/Travel-Cargo-international-moving-company-1024x478.png 1024w, https:\/\/moverdb.com\/wp-content\/uploads\/Travel-Cargo-international-moving-company-18x8.png 18w, https:\/\/moverdb.com\/wp-content\/uploads\/Travel-Cargo-international-moving-company-600x280.png 600w\" sizes=\"auto, (max-width: 1440px) 100vw, 1440px\" \/><\/p>\n<ul>\n<li>Medzin\u00e1rodn\u00e9 s\u0165ahovanie<\/li>\n<li>S\u0165ahovanie dom\u00e1cnost\u00ed<\/li>\n<li>S\u0165ahovanie firiem<\/li>\n<li>Slu\u017eba od dver\u00ed k dver\u00e1m<\/li>\n<li>Profesion\u00e1lne baliace slu\u017eby<\/li>\n<li>Cestn\u00e1, leteck\u00e1 a n\u00e1morn\u00e1 doprava<\/li>\n<li>Coln\u00e9 konanie<\/li>\n<li>Preprava zvierat<\/li>\n<li>Slu\u017eba prepravy nadbyto\u010dnej bato\u017einy<\/li>\n<li>Ve\u013etrhy a podujatia<\/li>\n<\/ul>\n<p>Travelcargo International Removals je s\u0165ahovacia a logistick\u00e1 spolo\u010dnos\u0165 so s\u00eddlom v Helsink\u00e1ch zalo\u017een\u00e1 v roku 2005. Je div\u00edziou spolo\u010dnosti ATC Global Solutions. Pon\u00fakaj\u00fa s\u0165ahovacie slu\u017eby do viac ako 180 kraj\u00edn sveta prostredn\u00edctvom partnerstiev s in\u00fdmi medzin\u00e1rodn\u00fdmi s\u0165ahovac\u00edmi agent\u00farami. S\u00fa \u010dlenom IAM so 17-ro\u010dnou trad\u00edciou a maj\u00fa akredit\u00e1ciu FIDI.<\/p>\n<p>Travelcargo pon\u00faka preds\u0165ahovaciu prehliadku, aby zhodnotil va\u0161e potreby a pripravil s\u0165ahovanie so slu\u017ebou od dver\u00ed k dver\u00e1m. Poskytuje profesion\u00e1lnych bali\u010dov, ktor\u00ed bezpe\u010dne zabalia va\u0161e veci s pou\u017eit\u00edm vysokokvalitn\u00fdch baliacich materi\u00e1lov. Zabezpe\u010dia prepravu po ceste, letecky a po mori s coln\u00fdm odbaven\u00edm.<\/p>\n<p>Webov\u00e1 lokalita: <a href=\"http:\/\/www.travelcargo.fi\" target=\"_blank\" rel=\"noopener\">http:\/\/www.travelcargo.fi<\/a><\/p>\n<h2><span class=\"ez-toc-section\" id=\"2_Niemi_Services\"><\/span><strong>2. Slu\u017eby Niemi<\/strong><span class=\"ez-toc-section-end\"><\/span><\/h2>\n<p><img loading=\"lazy\" decoding=\"async\" class=\"alignnone size-full wp-image-5986\" src=\"https:\/\/moverdb.com\/wp-content\/uploads\/Niemi-Services-international-moving-company.png\" alt=\"Niemi Services medzin\u00e1rodn\u00e9 s\u0165ahovanie spolo\u010dnos\u0165\" width=\"1440\" height=\"683\" data-wp-pid=\"5986\" srcset=\"https:\/\/moverdb.com\/wp-content\/uploads\/Niemi-Services-international-moving-company.png 1440w, https:\/\/moverdb.com\/wp-content\/uploads\/Niemi-Services-international-moving-company-300x142.png 300w, https:\/\/moverdb.com\/wp-content\/uploads\/Niemi-Services-international-moving-company-1024x486.png 1024w, https:\/\/moverdb.com\/wp-content\/uploads\/Niemi-Services-international-moving-company-18x9.png 18w, https:\/\/moverdb.com\/wp-content\/uploads\/Niemi-Services-international-moving-company-600x285.png 600w\" sizes=\"auto, (max-width: 1440px) 100vw, 1440px\" \/><\/p>\n<ul>\n<li>N\u00e1rodn\u00e9 presuny<\/li>\n<li>Medzin\u00e1rodn\u00e9 s\u0165ahovanie<\/li>\n<li>S\u0165ahovanie do obytn\u00fdch priestorov<\/li>\n<li>S\u0165ahovanie firiem<\/li>\n<li>V\u00fdber \u00farovne pohybliv\u00e9ho bal\u00edka<\/li>\n<li>Baliace slu\u017eby<\/li>\n<li>Cestn\u00e1, n\u00e1morn\u00e1 a leteck\u00e1 n\u00e1kladn\u00e1 doprava<\/li>\n<li>Coln\u00e9 konanie<\/li>\n<li>Poistenie<\/li>\n<li>Kr\u00e1tkodob\u00e9 a\u017e dlhodob\u00e9 skladovacie zariadenia<\/li>\n<\/ul>\n<p>Niemi Services je s\u0165ahovacia a logistick\u00e1 spolo\u010dnos\u0165, ktor\u00e1 m\u00e1 prev\u00e1dzkov\u00e9 stredisk\u00e1 v Helsink\u00e1ch, Jyvaskyle a Kuopiu, <a href=\"https:\/\/www.niemi.fi\/en\/about_us\/offices\/niemi_lahti\" target=\"_blank\" rel=\"noopener\">Lahti<\/a>,&nbsp;<a href=\"https:\/\/www.niemi.fi\/en\/about_us\/offices\/niemi_oulu\" target=\"_blank\" rel=\"noopener\">Oulu<\/a>,&nbsp;<a href=\"https:\/\/www.niemi.fi\/en\/about_us\/offices\/niemi_tampere\" target=\"_blank\" rel=\"noopener\">Tampere<\/a>,&nbsp;<a href=\"https:\/\/www.niemi.fi\/en\/about_us\/offices\/niemi_turku\" target=\"_blank\" rel=\"noopener\">Turku<\/a>a&nbsp;<a href=\"https:\/\/www.niemi.fi\/en\/about_us\/offices\/niemi_vaasa\" target=\"_blank\" rel=\"noopener\">Vaasa<\/a>. V spolupr\u00e1ci s medzin\u00e1rodn\u00fdmi s\u0165ahovac\u00edmi agent\u00farami pon\u00fakaj\u00fa s\u0165ahovanie po celom svete. S\u00fa \u010dlenom IAM so 41-ro\u010dnou trad\u00edciou a s\u00fa akreditovan\u00ed FIDI.<\/p>\n<p>Spolo\u010dnos\u0165 Niemi Services pon\u00faka v\u00fdber s\u0165ahovac\u00edch slu\u017eieb od pren\u00e1jmu prepraviek a\u017e po kompletn\u00e9 s\u0165ahovacie slu\u017eby. Pon\u00fakaj\u00fa bezplatn\u00e9 pos\u00fadenie a pl\u00e1novaciu n\u00e1v\u0161tevu, aby sa dohodli na va\u0161om s\u0165ahovan\u00ed. Vyu\u017e\u00edvaj\u00fa vlastn\u00fd vozov\u00fd park a pon\u00fakaj\u00fa aj leteck\u00fa a n\u00e1morn\u00fa prepravu jednotliv\u00fdch predmetov a\u017e po pln\u00e9 kontajnery.<\/p>\n<p>Webov\u00e1 lokalita: <a href=\"http:\/\/www.niemi.fi\/en\" target=\"_blank\" rel=\"noopener\">http:\/\/www.niemi.fi\/en<\/a><\/p>\n<h2><span class=\"ez-toc-section\" id=\"3_Pegasus_Moving\"><\/span><strong>3. Pegasus Moving<\/strong><span class=\"ez-toc-section-end\"><\/span><\/h2>\n<p><img loading=\"lazy\" decoding=\"async\" class=\"alignnone size-full wp-image-5991\" src=\"https:\/\/moverdb.com\/wp-content\/uploads\/Pegasus-Moving-international-moving-company.png\" alt=\"Pegasus Moving medzin\u00e1rodn\u00e9 s\u0165ahovanie spolo\u010dnos\u0165\" width=\"1440\" height=\"682\" data-wp-pid=\"5991\" srcset=\"https:\/\/moverdb.com\/wp-content\/uploads\/Pegasus-Moving-international-moving-company.png 1440w, https:\/\/moverdb.com\/wp-content\/uploads\/Pegasus-Moving-international-moving-company-300x142.png 300w, https:\/\/moverdb.com\/wp-content\/uploads\/Pegasus-Moving-international-moving-company-1024x485.png 1024w, https:\/\/moverdb.com\/wp-content\/uploads\/Pegasus-Moving-international-moving-company-18x9.png 18w, https:\/\/moverdb.com\/wp-content\/uploads\/Pegasus-Moving-international-moving-company-600x284.png 600w\" sizes=\"auto, (max-width: 1440px) 100vw, 1440px\" \/><\/p>\n<ul>\n<li>N\u00e1rodn\u00e9 presuny<\/li>\n<li>Medzin\u00e1rodn\u00e9 s\u0165ahovanie<\/li>\n<li>S\u0165ahovanie dom\u00e1cnost\u00ed<\/li>\n<li>Slu\u017eby premiestnenia<\/li>\n<li>Slu\u017eby na mieru<\/li>\n<li>Baliace slu\u017eby<\/li>\n<li>Prepravn\u00e9 boxy na mieru<\/li>\n<li>Coln\u00e1 podpora<\/li>\n<li>Automobilov\u00e1 doprava<\/li>\n<li>Kr\u00e1tkodob\u00e9 a\u017e dlhodob\u00e9 skladovanie<\/li>\n<\/ul>\n<p>Pegasus Moving je s\u0165ahovacia a logistick\u00e1 spolo\u010dnos\u0165 so s\u00eddlom v Helsink\u00e1ch, ktor\u00e1 m\u00e1 viac ako 20 rokov sk\u00fasenost\u00ed. Spolupracuje s \u010fal\u0161\u00edmi s\u0165ahovac\u00edmi agent\u00farami pri realiz\u00e1cii medzin\u00e1rodn\u00fdch s\u0165ahovan\u00ed. S\u00fa \u010dlenom IAM s 11-ro\u010dnou praxou.<\/p>\n<p>Spolo\u010dnos\u0165 Pegasus Moving pon\u00faka prehliadky s\u0165ahovania, aby zistila, ak\u00e9 s\u00fa va\u0161e po\u017eiadavky, a m\u00f4\u017ee poskytn\u00fa\u0165 baliace slu\u017eby na ochranu va\u0161ich vec\u00ed. Zabezpe\u010dia v\u0161etky aspekty s\u0165ahovania pod\u013ea va\u0161ich potrieb a pom\u00f4\u017eu v\u00e1m s coln\u00fdmi po\u017eiadavkami. Pon\u00fakaj\u00fa aj \u010fal\u0161ie slu\u017eby, ako je z\u00e1vere\u010dn\u00e9 upratovanie, odvoz odpadu, recykl\u00e1cia star\u00e9ho n\u00e1bytku, in\u0161tal\u00e1cia elektrick\u00fdch spotrebi\u010dov a skladovanie.<\/p>\n<p>Webov\u00e1 lokalita: <a href=\"http:\/\/www.pegasusmoving.fi\" target=\"_blank\" rel=\"noopener\">http:\/\/www.pegasusmoving.fi<\/a><\/p>\n<h2><span class=\"ez-toc-section\" id=\"4_Victor_EK\"><\/span><strong>4. Viktor EK<\/strong><span class=\"ez-toc-section-end\"><\/span><\/h2>\n<p><img loading=\"lazy\" decoding=\"async\" class=\"alignnone size-full wp-image-6010\" src=\"https:\/\/moverdb.com\/wp-content\/uploads\/Victor-EK-international-moving-company.png\" alt=\"Victor EK medzin\u00e1rodn\u00e9 s\u0165ahovanie spolo\u010dnos\u0165\" width=\"1440\" height=\"682\" data-wp-pid=\"6010\" srcset=\"https:\/\/moverdb.com\/wp-content\/uploads\/Victor-EK-international-moving-company.png 1440w, https:\/\/moverdb.com\/wp-content\/uploads\/Victor-EK-international-moving-company-300x142.png 300w, https:\/\/moverdb.com\/wp-content\/uploads\/Victor-EK-international-moving-company-1024x485.png 1024w, https:\/\/moverdb.com\/wp-content\/uploads\/Victor-EK-international-moving-company-18x9.png 18w, https:\/\/moverdb.com\/wp-content\/uploads\/Victor-EK-international-moving-company-600x284.png 600w\" sizes=\"auto, (max-width: 1440px) 100vw, 1440px\" \/><\/p>\n<ul>\n<li>N\u00e1rodn\u00e9 presuny<\/li>\n<li>Medzin\u00e1rodn\u00e9 s\u0165ahovanie<\/li>\n<li>S\u0165ahovanie dom\u00e1cnost\u00ed<\/li>\n<li>Premiestnenie spolo\u010dnosti<\/li>\n<li>Baliace slu\u017eby<\/li>\n<li>Pozemn\u00e1, n\u00e1morn\u00e1 a leteck\u00e1 doprava<\/li>\n<li>Coln\u00e9 konanie<\/li>\n<li>Poistenie<\/li>\n<li>Automobilov\u00e1 doprava<\/li>\n<li>Skladovacie zariadenia<\/li>\n<\/ul>\n<p>Victor EK je rodinn\u00e1 prepravn\u00e1 a logistick\u00e1 spolo\u010dnos\u0165 zalo\u017een\u00e1 v roku 1885 s kancel\u00e1riami v Helsink\u00e1ch, Tampere a Hanko. Dlhodobo spolupracuje s prepravn\u00fdmi spolo\u010dnos\u0165ami a medzin\u00e1rodn\u00fdmi organiz\u00e1ciami, ktor\u00fdm poskytuje svoje slu\u017eby po celom svete. S\u00fa \u010dlenom <a href=\"https:\/\/moverdb.com\/sk\/harmony-relocation-network\/\" data-internallinksmanager029f6b8e52c=\"20\" title=\"Vysvetlenie siete Harmony Relocation Network (HRN)\">Harmony Relocation Network<\/a> ad IAM so 129 rokmi slu\u017eby a s\u00fa akreditovan\u00e9 FIDI.<\/p>\n<p>Spolo\u010dnos\u0165 Victor EK pon\u00faka bezplatn\u00fa prehliadku s cie\u013eom zisti\u0165 va\u0161e po\u017eiadavky. V pr\u00edpade potreby poskytuje baliace slu\u017eby. Zabezpe\u010dia prepravu va\u0161ich vec\u00ed po zemi, letecky alebo po mori a pom\u00f4\u017eu s coln\u00fdm odbaven\u00edm a poisten\u00edm. Pon\u00fakaj\u00fa aj upratovacie slu\u017eby po opusten\u00ed v\u00e1\u0161ho domova.<\/p>\n<p>Webov\u00e1 lokalita: <a href=\"http:\/\/www.victorek.fi\" target=\"_blank\" rel=\"noopener\">http:\/\/www.victorek.fi<\/a><\/p>\n<h2><span class=\"ez-toc-section\" id=\"Other_Useful_Guides_to_Finland\"><\/span>\u010eal\u0161ie u\u017eito\u010dn\u00e9 pr\u00edru\u010dky o F\u00ednsku<span class=\"ez-toc-section-end\"><\/span><\/h2>\n<ul>\n<li> <a href=\"https:\/\/moverdb.com\/sk\/moving-to-finland\/\">S\u0165ahovanie do F\u00ednska? 2026 N\u00e1klady na \u017eivot a tipy na pres\u0165ahovanie<\/a><\/li>\n<li> <a href=\"https:\/\/moverdb.com\/sk\/moving-to-finland\/best-places-to-live-finland\/\">12 najlep\u0161\u00edch miest na \u017eivot vo F\u00ednsku<\/a><\/li>\n<li> <a href=\"https:\/\/moverdb.com\/sk\/moving-to-finland\/living-in-finland\/\">21 tajomstiev o \u017eivote vo F\u00ednsku, ktor\u00e9 by ste mali vedie\u0165 pred pres\u0165ahovan\u00edm<\/a><\/li>\n<li> <a href=\"https:\/\/moverdb.com\/sk\/kontajnerova-preprava\/finsko\/\">2024 Ceny n\u00e1mornej n\u00e1kladnej kontajnerovej dopravy do a z F\u00ednska<\/a><\/li>\n<\/ul>","protected":false},"excerpt":{"rendered":"<p>Moving home or business premises can be a stressful time as there is so much to arrange, especially if you are moving to another country. So, engaging the services of a moving company can help lighten the load as they can make all the arrangements for you and assist you in navigating through the paperwork. [&hellip;]<\/p>\n","protected":false},"author":4,"featured_media":0,"parent":190,"menu_order":0,"comment_status":"closed","ping_status":"closed","template":"","meta":{"_genesis_hide_title":false,"_genesis_hide_breadcrumbs":false,"_genesis_hide_singular_image":false,"_genesis_hide_footer_widgets":false,"_genesis_custom_body_class":"","_genesis_custom_post_class":"","_genesis_layout":"","footnotes":""},"class_list":{"0":"post-6051","1":"page","2":"type-page","3":"status-publish","5":"entry","6":"has-post-thumbnail"},"_links":{"self":[{"href":"https:\/\/moverdb.com\/sk\/wp-json\/wp\/v2\/pages\/6051","targetHints":{"allow":["GET"]}}],"collection":[{"href":"https:\/\/moverdb.com\/sk\/wp-json\/wp\/v2\/pages"}],"about":[{"href":"https:\/\/moverdb.com\/sk\/wp-json\/wp\/v2\/types\/page"}],"author":[{"embeddable":true,"href":"https:\/\/moverdb.com\/sk\/wp-json\/wp\/v2\/users\/4"}],"replies":[{"embeddable":true,"href":"https:\/\/moverdb.com\/sk\/wp-json\/wp\/v2\/comments?post=6051"}],"version-history":[{"count":3,"href":"https:\/\/moverdb.com\/sk\/wp-json\/wp\/v2\/pages\/6051\/revisions"}],"predecessor-version":[{"id":16285,"href":"https:\/\/moverdb.com\/sk\/wp-json\/wp\/v2\/pages\/6051\/revisions\/16285"}],"up":[{"embeddable":true,"href":"https:\/\/moverdb.com\/sk\/wp-json\/wp\/v2\/pages\/190"}],"wp:attachment":[{"href":"https:\/\/moverdb.com\/sk\/wp-json\/wp\/v2\/media?parent=6051"}],"curies":[{"name":"wp","href":"https:\/\/api.w.org\/{rel}","templated":true}]}}