{"id":6049,"date":"2023-02-01T13:40:08","date_gmt":"2023-02-01T13:40:08","guid":{"rendered":"https:\/\/moverdb.com\/?page_id=6049"},"modified":"2026-01-08T15:24:41","modified_gmt":"2026-01-08T15:24:41","slug":"stahovanie-spolocnosti-fiji","status":"publish","type":"page","link":"https:\/\/moverdb.com\/sk\/moving-companies\/moving-companies-fiji\/","title":{"rendered":"4 najlep\u0161ie medzin\u00e1rodn\u00e9 s\u0165ahovacie spolo\u010dnosti na Fid\u017ei"},"content":{"rendered":"<p>Ak sa pl\u00e1nujete pres\u0165ahova\u0165 na Fid\u017ei, z Fid\u017ei alebo v r\u00e1mci Fid\u017ei, mo\u017eno budete chcie\u0165 vyu\u017ei\u0165 slu\u017eby renomovanej <a href=\"https:\/\/moverdb.com\/sk\/moving-companies\/\" data-internallinksmanager029f6b8e52c=\"79\" title=\"Top 25 medzin\u00e1rodn\u00fdch s\u0165ahovac\u00edch spolo\u010dnost\u00ed online\">s\u0165ahovacia spolo\u010dnos\u0165<\/a> aby v\u00e1m pomohli. Ni\u017e\u0161ie sme zostavili zoznam fid\u017eijsk\u00fdch <a href=\"https:\/\/moverdb.com\/sk\/international-removals\/\" data-internallinksmanager029f6b8e52c=\"27\" title=\"36 najlep\u0161\u00edch medzin\u00e1rodn\u00fdch s\u0165ahovac\u00edch spolo\u010dnost\u00ed v Spojenom kr\u00e1\u013eovstve\">s\u0165ahovacie spolo\u010dnosti<\/a> ktor\u00e9 s\u00fa \u010dlenmi <a href=\"https:\/\/moverdb.com\/sk\/iam\/\" data-internallinksmanager029f6b8e52c=\"23\" title=\"Vysvetlenie Medzin\u00e1rodnej asoci\u00e1cie s\u0165ahovate\u013eov (IAM)\">Medzin\u00e1rodn\u00e1 asoci\u00e1cia s\u0165ahovate\u013eov<\/a> (IAM) a\/alebo <a href=\"https:\/\/moverdb.com\/sk\/fidi-faim\/\" data-internallinksmanager029f6b8e52c=\"16\" title=\"Vysvetlenie FIDI a FAIM (FIDI akreditovan\u00fd medzin\u00e1rodn\u00fd prepravca)\">FIDI<\/a> Akreditovan\u00fd medzin\u00e1rodn\u00fd prepravca (FAIM), ktor\u00fd by v\u00e1m mohol pom\u00f4c\u0165 pri s\u0165ahovan\u00ed.<\/p>\n<div id=\"ez-toc-container\" class=\"ez-toc-v2_0_82_2 ez-toc-wrap-left counter-hierarchy ez-toc-counter ez-toc-transparent ez-toc-container-direction\">\n<div class=\"ez-toc-title-container\">\n<p class=\"ez-toc-title\" style=\"cursor:inherit\">Sekcie<\/p>\n<span class=\"ez-toc-title-toggle\"><a href=\"#\" class=\"ez-toc-pull-right ez-toc-btn ez-toc-btn-xs ez-toc-btn-default ez-toc-toggle\" aria-label=\"Prep\u00ednanie tabu\u013eky obsahu\"><span class=\"ez-toc-js-icon-con\"><span class=\"\"><span class=\"eztoc-hide\" style=\"display:none;\">Prep\u00edna\u010d<\/span><span class=\"ez-toc-icon-toggle-span\"><svg style=\"fill: #999;color:#999\" xmlns=\"http:\/\/www.w3.org\/2000\/svg\" class=\"list-377408\" width=\"20px\" height=\"20px\" viewbox=\"0 0 24 24\" fill=\"none\"><path d=\"M6 6H4v2h2V6zm14 0H8v2h12V6zM4 11h2v2H4v-2zm16 0H8v2h12v-2zM4 16h2v2H4v-2zm16 0H8v2h12v-2z\" fill=\"currentColor\"><\/path><\/svg><svg style=\"fill: #999;color:#999\" class=\"arrow-unsorted-368013\" xmlns=\"http:\/\/www.w3.org\/2000\/svg\" width=\"10px\" height=\"10px\" viewbox=\"0 0 24 24\" version=\"1.2\" baseprofile=\"tiny\"><path d=\"M18.2 9.3l-6.2-6.3-6.2 6.3c-.2.2-.3.4-.3.7s.1.5.3.7c.2.2.4.3.7.3h11c.3 0 .5-.1.7-.3.2-.2.3-.5.3-.7s-.1-.5-.3-.7zM5.8 14.7l6.2 6.3 6.2-6.3c.2-.2.3-.5.3-.7s-.1-.5-.3-.7c-.2-.2-.4-.3-.7-.3h-11c-.3 0-.5.1-.7.3-.2.2-.3.5-.3.7s.1.5.3.7z\"\/><\/svg><\/span><\/span><\/span><\/a><\/span><\/div>\n<nav><ul class='ez-toc-list ez-toc-list-level-1 eztoc-toggle-hide-by-default' ><li class='ez-toc-page-1 ez-toc-heading-level-2'><a class=\"ez-toc-link ez-toc-heading-1\" href=\"https:\/\/moverdb.com\/sk\/moving-companies\/moving-companies-fiji\/#1_All_Freight_Logistics\" >1. V\u0161etka logistika n\u00e1kladnej dopravy<\/a><\/li><li class='ez-toc-page-1 ez-toc-heading-level-2'><a class=\"ez-toc-link ez-toc-heading-2\" href=\"https:\/\/moverdb.com\/sk\/moving-companies\/moving-companies-fiji\/#2_Freight_Services\" >2. Slu\u017eby n\u00e1kladnej dopravy<\/a><\/li><li class='ez-toc-page-1 ez-toc-heading-level-2'><a class=\"ez-toc-link ez-toc-heading-3\" href=\"https:\/\/moverdb.com\/sk\/moving-companies\/moving-companies-fiji\/#3_Movements_International\" >3. Medzin\u00e1rodn\u00e9 hnutia<\/a><\/li><li class='ez-toc-page-1 ez-toc-heading-level-2'><a class=\"ez-toc-link ez-toc-heading-4\" href=\"https:\/\/moverdb.com\/sk\/moving-companies\/moving-companies-fiji\/#4_JVK_Magellan_International\" >4. JVK Magellan International<\/a><\/li><\/ul><\/nav><\/div>\n<h2><span class=\"ez-toc-section\" id=\"1_All_Freight_Logistics\"><\/span><strong>1. V\u0161etka logistika n\u00e1kladnej dopravy<\/strong><span class=\"ez-toc-section-end\"><\/span><\/h2>\n<p><img loading=\"lazy\" decoding=\"async\" class=\"alignnone size-full wp-image-5923\" src=\"https:\/\/moverdb.com\/wp-content\/uploads\/All-Freight-Logistics-international-moving-company.png\" alt=\"V\u0161etky n\u00e1kladn\u00e9 Logistika medzin\u00e1rodn\u00e9 s\u0165ahovanie spolo\u010dnos\u0165\" width=\"1440\" height=\"680\" data-wp-pid=\"5923\" srcset=\"https:\/\/moverdb.com\/wp-content\/uploads\/All-Freight-Logistics-international-moving-company.png 1440w, https:\/\/moverdb.com\/wp-content\/uploads\/All-Freight-Logistics-international-moving-company-300x142.png 300w, https:\/\/moverdb.com\/wp-content\/uploads\/All-Freight-Logistics-international-moving-company-1024x484.png 1024w, https:\/\/moverdb.com\/wp-content\/uploads\/All-Freight-Logistics-international-moving-company-18x9.png 18w, https:\/\/moverdb.com\/wp-content\/uploads\/All-Freight-Logistics-international-moving-company-600x283.png 600w\" sizes=\"auto, (max-width: 1440px) 100vw, 1440px\" \/><\/p>\n<ul>\n<li>Miestne a vn\u00fatro\u0161t\u00e1tne s\u0165ahovanie<\/li>\n<li>Medzin\u00e1rodn\u00e9 s\u0165ahovanie<\/li>\n<li>S\u0165ahovanie dom\u00e1cnost\u00ed<\/li>\n<li>S\u0165ahovanie kancel\u00e1ri\u00ed<\/li>\n<li>Slu\u017eba od dver\u00ed k dver\u00e1m<\/li>\n<li>Modern\u00e9 technol\u00f3gie a zdroje<\/li>\n<li>Pozemn\u00e1, n\u00e1morn\u00e1 a leteck\u00e1 n\u00e1kladn\u00e1 doprava<\/li>\n<li>N\u00e1kladn\u00e1 dokument\u00e1cia a coln\u00e9 konanie<\/li>\n<li>N\u00e1morn\u00e9 poistenie v\u0161etk\u00fdch riz\u00edk<\/li>\n<li>Skladovacie zariadenia<\/li>\n<\/ul>\n<p>All Freight Logistics je s\u0165ahovacia a \u0161pedi\u010dn\u00e1 slu\u017eba so s\u00eddlom na Fid\u017ei zalo\u017een\u00e1 v roku 2010. M\u00e1 pobo\u010dky v Suve, Lautoka, Nadi a Aucklande. Pri realiz\u00e1cii medzin\u00e1rodn\u00fdch s\u0165ahovan\u00ed spolupracuj\u00fa s medzin\u00e1rodn\u00fdmi s\u0165ahovac\u00edmi agent\u00farami po celom svete. S\u00fa \u010dlenom IAM s 12-ro\u010dnou trad\u00edciou.<\/p>\n<p>Spolo\u010dnos\u0165 All Freight Logistics pon\u00faka slu\u017eby od dver\u00ed k dver\u00e1m pri s\u0165ahovan\u00ed dom\u00e1cnost\u00ed a kancel\u00e1ri\u00ed. Pon\u00faka cel\u00fd rad mo\u017enost\u00ed prepravy, medzi ktor\u00e9 patr\u00ed leteck\u00e1 a n\u00e1morn\u00e1 preprava prisp\u00f4soben\u00e1 va\u0161im potreb\u00e1m, ako napr\u00edklad preprava cel\u00fdch kontajnerov alebo menej ako kontajnerov. Poskytuj\u00fa tie\u017e pomoc s n\u00e1kladnou dokument\u00e1ciou a coln\u00fdm odbaven\u00edm.<\/p>\n<p>Webov\u00e1 lokalita: <a href=\"http:\/\/www.allfreightfiji.com.fj\" target=\"_blank\" rel=\"noopener\">http:\/\/www.allfreightfiji.com.fj<\/a><\/p>\n<h2><span class=\"ez-toc-section\" id=\"2_Freight_Services\"><\/span><strong>2. Slu\u017eby n\u00e1kladnej dopravy<\/strong><span class=\"ez-toc-section-end\"><\/span><\/h2>\n<p><img loading=\"lazy\" decoding=\"async\" class=\"alignnone size-full wp-image-5947\" src=\"https:\/\/moverdb.com\/wp-content\/uploads\/Freight-Services-international-moving-company.png\" alt=\"N\u00e1kladn\u00e9 slu\u017eby medzin\u00e1rodn\u00e1 pohybuj\u00faca sa spolo\u010dnos\u0165\" width=\"1440\" height=\"682\" data-wp-pid=\"5947\" srcset=\"https:\/\/moverdb.com\/wp-content\/uploads\/Freight-Services-international-moving-company.png 1440w, https:\/\/moverdb.com\/wp-content\/uploads\/Freight-Services-international-moving-company-300x142.png 300w, https:\/\/moverdb.com\/wp-content\/uploads\/Freight-Services-international-moving-company-1024x485.png 1024w, https:\/\/moverdb.com\/wp-content\/uploads\/Freight-Services-international-moving-company-18x9.png 18w, https:\/\/moverdb.com\/wp-content\/uploads\/Freight-Services-international-moving-company-600x284.png 600w\" sizes=\"auto, (max-width: 1440px) 100vw, 1440px\" \/><\/p>\n<ul>\n<li>N\u00e1rodn\u00e9 presuny<\/li>\n<li>Medzin\u00e1rodn\u00e9 s\u0165ahovanie<\/li>\n<li>S\u0165ahovanie dom\u00e1cnost\u00ed<\/li>\n<li>S\u0165ahovanie kancel\u00e1ri\u00ed<\/li>\n<li>Baliace slu\u017eby<\/li>\n<li>Cestn\u00e1, n\u00e1morn\u00e1 a leteck\u00e1 doprava<\/li>\n<li>Coln\u00e9 sprostredkovanie<\/li>\n<li>Poistenie<\/li>\n<li><a href=\"https:\/\/moverdb.com\/sk\/car-transport-shipping\/\" data-internallinksmanager029f6b8e52c=\"2\" title=\"2026 Medzin\u00e1rodn\u00e1 preprava \u00e1ut a cit\u00e1cie prepravy vozidiel\">Preprava vozidiel<\/a><\/li>\n<li>Kr\u00e1tkodob\u00e9 a\u017e dlhodob\u00e9 skladovanie<\/li>\n<\/ul>\n<p>Freight Services je poskytovate\u013e dopravn\u00fdch a logistick\u00fdch rie\u0161en\u00ed, ktor\u00fd m\u00e1 tri pobo\u010dky na Fid\u017ei v Suve, Nadi a Lautoka a pobo\u010dku v Papue-Novej Amerike. <a href=\"https:\/\/moverdb.com\/sk\/moving-companies\/moving-companies-guinea\/\" data-internallinksmanager029f6b8e52c=\"231\" title=\"2 Najlep\u0161ie medzin\u00e1rodn\u00e9 s\u0165ahovacie spolo\u010dnosti v Guinei\">Guinea<\/a>. Pri poskytovan\u00ed medzin\u00e1rodn\u00fdch s\u0165ahovac\u00edch slu\u017eieb spolupracuj\u00fa s d\u00f4veryhodn\u00fdmi partnermi. S\u00fa \u010dlenom IAM s 26-ro\u010dnou trad\u00edciou.<\/p>\n<p>Freight Services pon\u00faka vn\u00fatro\u0161t\u00e1tne a medzin\u00e1rodn\u00e9 s\u0165ahovacie slu\u017eby od dver\u00ed k dver\u00e1m, ktor\u00e9 zah\u0155\u0148aj\u00fa prieskum pred s\u0165ahovan\u00edm a baliace slu\u017eby profesion\u00e1lne vy\u0161kolen\u00fdch t\u00edmov, ktor\u00e9 bezpe\u010dne zabalia va\u0161e veci s pou\u017eit\u00edm r\u00f4znych materi\u00e1lov. Zabezpe\u010d\u00ed prepravu va\u0161ich vec\u00ed cestnou, leteckou alebo n\u00e1mornou dopravou a prostredn\u00edctvom svojich sprostredkovate\u013esk\u00fdch slu\u017eieb v\u00e1m pom\u00f4\u017ee s coln\u00fdm odbaven\u00edm.<\/p>\n<p>Webov\u00e1 lokalita: <a href=\"http:\/\/www.fsf.com.fj\" target=\"_blank\" rel=\"noopener\">http:\/\/www.fsf.com.fj<\/a><\/p>\n<h2><span class=\"ez-toc-section\" id=\"3_Movements_International\"><\/span><strong>3. Medzin\u00e1rodn\u00e9 hnutia<\/strong><span class=\"ez-toc-section-end\"><\/span><\/h2>\n<p><img loading=\"lazy\" decoding=\"async\" class=\"alignnone size-full wp-image-5977\" src=\"https:\/\/moverdb.com\/wp-content\/uploads\/Movements-International-moving-company.png\" alt=\"Pohyby Medzin\u00e1rodn\u00e1 s\u0165ahovacia spolo\u010dnos\u0165\" width=\"1440\" height=\"679\" data-wp-pid=\"5977\" srcset=\"https:\/\/moverdb.com\/wp-content\/uploads\/Movements-International-moving-company.png 1440w, https:\/\/moverdb.com\/wp-content\/uploads\/Movements-International-moving-company-300x141.png 300w, https:\/\/moverdb.com\/wp-content\/uploads\/Movements-International-moving-company-1024x483.png 1024w, https:\/\/moverdb.com\/wp-content\/uploads\/Movements-International-moving-company-18x8.png 18w, https:\/\/moverdb.com\/wp-content\/uploads\/Movements-International-moving-company-600x283.png 600w\" sizes=\"auto, (max-width: 1440px) 100vw, 1440px\" \/><\/p>\n<ul>\n<li>Medzin\u00e1rodn\u00e9 s\u0165ahovanie<\/li>\n<li>S\u0165ahovanie dom\u00e1cnost\u00ed<\/li>\n<li>Komer\u010dn\u00e9 projekty<\/li>\n<li>Slu\u017eba od dver\u00ed k dver\u00e1m<\/li>\n<li>Baliace slu\u017eby a invent\u00e1r<\/li>\n<li>Vysokokvalitn\u00fd baliaci materi\u00e1l<\/li>\n<li>Cestn\u00e1, n\u00e1morn\u00e1 a leteck\u00e1 doprava<\/li>\n<li>Podpora pri exporte dokumentov<\/li>\n<li>N\u00e1morn\u00e9 poistenie v\u0161etk\u00fdch riz\u00edk<\/li>\n<li>Skladovacie zariadenia<\/li>\n<\/ul>\n<p>Movements International je poskytovate\u013e logistick\u00fdch a s\u0165ahovac\u00edch slu\u017eieb zalo\u017een\u00fd v roku 2005 so s\u00eddlom v Suve a kancel\u00e1riou aj v <a href=\"https:\/\/moverdb.com\/sk\/moving-to-new-zealand\/\" data-internallinksmanager029f6b8e52c=\"324\" title=\"S\u0165ahujete sa na Nov\u00fd Z\u00e9land? 2026 N\u00e1klady na \u017eivot a tipy na pres\u0165ahovanie\">Nov\u00fd Z\u00e9land<\/a>. Pon\u00fakaj\u00fa medzin\u00e1rodn\u00e9 s\u0165ahovanie v spolupr\u00e1ci s medzin\u00e1rodnou sie\u0165ou s\u0165ahovac\u00edch agent\u00far. S\u00fa \u010dlenom IAM so 14-ro\u010dnou trad\u00edciou.<\/p>\n<p>Movements International pon\u00faka slu\u017eby od dver\u00ed k dver\u00e1m, ktor\u00e9 zah\u0155\u0148aj\u00fa profesion\u00e1lne vy\u0161kolen\u00fd person\u00e1l a \u0161pecializovan\u00e9 baliace a s\u0165ahovacie slu\u017eby. Poskytuj\u00fa r\u00f4zne baliace materi\u00e1ly vr\u00e1tane debien, krab\u00edc a baliacich materi\u00e1lov, ozna\u010duj\u00fa predmety a vytv\u00e1raj\u00fa ich s\u00fapis. Poskytuj\u00fa mo\u017enosti prepravy, ktor\u00e9 zah\u0155\u0148aj\u00fa prepravu cel\u00fdch kontajnerov a menej ako kontajnerov\u00fdch z\u00e1sielok, ako aj podporu pri spracovan\u00ed v\u00fdvozn\u00fdch dokumentov.<\/p>\n<p>Webov\u00e1 lokalita: <a href=\"http:\/\/www.mifiji.com\" target=\"_blank\" rel=\"noopener\">http:\/\/www.mifiji.com<\/a><\/p>\n<h2><span class=\"ez-toc-section\" id=\"4_JVK_Magellan_International\"><\/span><strong>4. JVK Magellan International<\/strong><span class=\"ez-toc-section-end\"><\/span><\/h2>\n<p><img loading=\"lazy\" decoding=\"async\" class=\"alignnone size-full wp-image-5532\" src=\"https:\/\/moverdb.com\/wp-content\/uploads\/JVK-Asia-international-moving-company.png\" alt=\"JVK \u00c1zia medzin\u00e1rodn\u00e9 s\u0165ahovanie spolo\u010dnos\u0165\" width=\"1440\" height=\"681\" data-wp-pid=\"5532\" srcset=\"https:\/\/moverdb.com\/wp-content\/uploads\/JVK-Asia-international-moving-company.png 1440w, https:\/\/moverdb.com\/wp-content\/uploads\/JVK-Asia-international-moving-company-300x142.png 300w, https:\/\/moverdb.com\/wp-content\/uploads\/JVK-Asia-international-moving-company-1024x484.png 1024w, https:\/\/moverdb.com\/wp-content\/uploads\/JVK-Asia-international-moving-company-18x9.png 18w, https:\/\/moverdb.com\/wp-content\/uploads\/JVK-Asia-international-moving-company-600x284.png 600w\" sizes=\"auto, (max-width: 1440px) 100vw, 1440px\" \/><\/p>\n<ul>\n<li>N\u00e1rodn\u00e9 presuny<\/li>\n<li>Medzin\u00e1rodn\u00e9 s\u0165ahovanie<\/li>\n<li>Slu\u017eby premiestnenia<\/li>\n<li>S\u0165ahovanie dom\u00e1cnost\u00ed<\/li>\n<li>S\u0165ahovanie kancel\u00e1ri\u00ed<\/li>\n<li>Slu\u017eba od dver\u00ed k dver\u00e1m<\/li>\n<li>Baliace slu\u017eby<\/li>\n<li>Cestn\u00e1, n\u00e1morn\u00e1 a leteck\u00e1 n\u00e1kladn\u00e1 doprava<\/li>\n<li>Podpora coln\u00fdch po\u017eiadaviek<\/li>\n<li>Kr\u00e1tkodob\u00e9 a\u017e dlhodob\u00e9 skladovanie<\/li>\n<\/ul>\n<p>JVK Magellan International je medzin\u00e1rodn\u00e1 s\u0165ahovacia, logistick\u00e1, skladov\u00e1 a distribu\u010dn\u00e1 spolo\u010dnos\u0165 s pobo\u010dkami po celom svete, ktor\u00e1 bola zalo\u017een\u00e1 v roku 1979 v <a href=\"https:\/\/moverdb.com\/sk\/moving-to-thailand\/\" data-internallinksmanager029f6b8e52c=\"318\" title=\"S\u0165ahovanie do Thajska? 2026 N\u00e1klady na \u017eivot a tipy na pres\u0165ahovanie\">Thajsko<\/a>. Maj\u00fa kancel\u00e1riu v Suve na Fid\u017ei a s\u00fa \u010dlenmi IAM.<\/p>\n<p>Spolo\u010dnos\u0165 JVK Magellan International pon\u00faka prieskum pred s\u0165ahovan\u00edm, aby pos\u00fadila va\u0161e potreby a poskytla n\u00e1vrh na s\u0165ahovanie od dver\u00ed k dver\u00e1m. Poskytuje profesion\u00e1lne baliarne, ktor\u00e9 ochr\u00e1nia va\u0161e veci pou\u017eit\u00edm vysokokvalitn\u00fdch materi\u00e1lov, vypracuj\u00fa s\u00fapis polo\u017eiek a pon\u00faknu poistenie prepravy proti v\u0161etk\u00fdm rizik\u00e1m. Zabezpe\u010dia prepravu cestnou, n\u00e1mornou a leteckou dopravou a poradia v\u00e1m s coln\u00fdmi po\u017eiadavkami.<\/p>\n<p>Webov\u00e1 lokalita: <a href=\"http:\/\/jvkasia.com\" target=\"_blank\" rel=\"noopener\">http:\/\/jvkasia.com<\/a><\/p>","protected":false},"excerpt":{"rendered":"<p>If you are planning on moving to, from or within Fiji then you may want to employ the services of a reputable moving company to assist you. Below we have compiled a list of Fijian removal companies that are members of the International Association of Movers (IAM) and\/or FIDI Accredited International Mover (FAIM) who could [&hellip;]<\/p>\n","protected":false},"author":4,"featured_media":0,"parent":190,"menu_order":0,"comment_status":"closed","ping_status":"closed","template":"","meta":{"_genesis_hide_title":false,"_genesis_hide_breadcrumbs":false,"_genesis_hide_singular_image":false,"_genesis_hide_footer_widgets":false,"_genesis_custom_body_class":"","_genesis_custom_post_class":"","_genesis_layout":"","footnotes":""},"class_list":{"0":"post-6049","1":"page","2":"type-page","3":"status-publish","5":"entry","6":"has-post-thumbnail"},"_links":{"self":[{"href":"https:\/\/moverdb.com\/sk\/wp-json\/wp\/v2\/pages\/6049","targetHints":{"allow":["GET"]}}],"collection":[{"href":"https:\/\/moverdb.com\/sk\/wp-json\/wp\/v2\/pages"}],"about":[{"href":"https:\/\/moverdb.com\/sk\/wp-json\/wp\/v2\/types\/page"}],"author":[{"embeddable":true,"href":"https:\/\/moverdb.com\/sk\/wp-json\/wp\/v2\/users\/4"}],"replies":[{"embeddable":true,"href":"https:\/\/moverdb.com\/sk\/wp-json\/wp\/v2\/comments?post=6049"}],"version-history":[{"count":1,"href":"https:\/\/moverdb.com\/sk\/wp-json\/wp\/v2\/pages\/6049\/revisions"}],"predecessor-version":[{"id":6050,"href":"https:\/\/moverdb.com\/sk\/wp-json\/wp\/v2\/pages\/6049\/revisions\/6050"}],"up":[{"embeddable":true,"href":"https:\/\/moverdb.com\/sk\/wp-json\/wp\/v2\/pages\/190"}],"wp:attachment":[{"href":"https:\/\/moverdb.com\/sk\/wp-json\/wp\/v2\/media?parent=6049"}],"curies":[{"name":"wp","href":"https:\/\/api.w.org\/{rel}","templated":true}]}}