{"id":6046,"date":"2023-02-01T13:44:41","date_gmt":"2023-02-01T13:44:41","guid":{"rendered":"https:\/\/moverdb.com\/?page_id=6046"},"modified":"2026-01-08T15:25:06","modified_gmt":"2026-01-08T15:25:06","slug":"stahovanie-spolocnosti-ethiopia","status":"publish","type":"page","link":"https:\/\/moverdb.com\/sk\/moving-companies\/moving-companies-ethiopia\/","title":{"rendered":"5 najlep\u0161\u00edch medzin\u00e1rodn\u00fdch s\u0165ahovac\u00edch spolo\u010dnost\u00ed v Eti\u00f3pii"},"content":{"rendered":"<p>S\u0165ahovanie je n\u00e1ro\u010dn\u00e9 a stresuj\u00face obdobie, najm\u00e4 ak sa s\u0165ahujete medzi krajinami, preto v\u00e1m m\u00f4\u017ee pom\u00f4c\u0165 podpora zo strany s\u0165ahovacej spolo\u010dnosti. <a href=\"https:\/\/moverdb.com\/sk\/moving-companies\/\" data-internallinksmanager029f6b8e52c=\"79\" title=\"Top 25 medzin\u00e1rodn\u00fdch s\u0165ahovac\u00edch spolo\u010dnost\u00ed online\">S\u0165ahovacie spolo\u010dnosti<\/a> v\u00e1m pom\u00f4\u017ee s vybavovan\u00edm dokumentov a zabezpe\u010den\u00edm dopravy. Ni\u017e\u0161ie sme zostavili zoznam eti\u00f3pskych <a href=\"https:\/\/moverdb.com\/sk\/international-removals\/\" data-internallinksmanager029f6b8e52c=\"27\" title=\"36 najlep\u0161\u00edch medzin\u00e1rodn\u00fdch s\u0165ahovac\u00edch spolo\u010dnost\u00ed v Spojenom kr\u00e1\u013eovstve\">s\u0165ahovacie spolo\u010dnosti<\/a> ktor\u00e9 s\u00fa \u010dlenmi <a href=\"https:\/\/moverdb.com\/sk\/iam\/\" data-internallinksmanager029f6b8e52c=\"23\" title=\"Vysvetlenie Medzin\u00e1rodnej asoci\u00e1cie s\u0165ahovate\u013eov (IAM)\">Medzin\u00e1rodn\u00e1 asoci\u00e1cia s\u0165ahovate\u013eov<\/a> (IAM) a\/alebo <a href=\"https:\/\/moverdb.com\/sk\/fidi-faim\/\" data-internallinksmanager029f6b8e52c=\"16\" title=\"Vysvetlenie FIDI a FAIM (FIDI akreditovan\u00fd medzin\u00e1rodn\u00fd prepravca)\">FIDI<\/a> Akreditovan\u00fd medzin\u00e1rodn\u00fd prepravca (FAIM), ktor\u00fd by v\u00e1m mohol pom\u00f4c\u0165 pri s\u0165ahovan\u00ed.<\/p>\n<div id=\"ez-toc-container\" class=\"ez-toc-v2_0_82_2 ez-toc-wrap-left counter-hierarchy ez-toc-counter ez-toc-transparent ez-toc-container-direction\">\n<div class=\"ez-toc-title-container\">\n<p class=\"ez-toc-title\" style=\"cursor:inherit\">Sekcie<\/p>\n<span class=\"ez-toc-title-toggle\"><a href=\"#\" class=\"ez-toc-pull-right ez-toc-btn ez-toc-btn-xs ez-toc-btn-default ez-toc-toggle\" aria-label=\"Prep\u00ednanie tabu\u013eky obsahu\"><span class=\"ez-toc-js-icon-con\"><span class=\"\"><span class=\"eztoc-hide\" style=\"display:none;\">Prep\u00edna\u010d<\/span><span class=\"ez-toc-icon-toggle-span\"><svg style=\"fill: #999;color:#999\" xmlns=\"http:\/\/www.w3.org\/2000\/svg\" class=\"list-377408\" width=\"20px\" height=\"20px\" viewbox=\"0 0 24 24\" fill=\"none\"><path d=\"M6 6H4v2h2V6zm14 0H8v2h12V6zM4 11h2v2H4v-2zm16 0H8v2h12v-2zM4 16h2v2H4v-2zm16 0H8v2h12v-2z\" fill=\"currentColor\"><\/path><\/svg><svg style=\"fill: #999;color:#999\" class=\"arrow-unsorted-368013\" xmlns=\"http:\/\/www.w3.org\/2000\/svg\" width=\"10px\" height=\"10px\" viewbox=\"0 0 24 24\" version=\"1.2\" baseprofile=\"tiny\"><path d=\"M18.2 9.3l-6.2-6.3-6.2 6.3c-.2.2-.3.4-.3.7s.1.5.3.7c.2.2.4.3.7.3h11c.3 0 .5-.1.7-.3.2-.2.3-.5.3-.7s-.1-.5-.3-.7zM5.8 14.7l6.2 6.3 6.2-6.3c.2-.2.3-.5.3-.7s-.1-.5-.3-.7c-.2-.2-.4-.3-.7-.3h-11c-.3 0-.5.1-.7.3-.2.2-.3.5-.3.7s.1.5.3.7z\"\/><\/svg><\/span><\/span><\/span><\/a><\/span><\/div>\n<nav><ul class='ez-toc-list ez-toc-list-level-1 eztoc-toggle-hide-by-default' ><li class='ez-toc-page-1 ez-toc-heading-level-2'><a class=\"ez-toc-link ez-toc-heading-1\" href=\"https:\/\/moverdb.com\/sk\/moving-companies\/moving-companies-ethiopia\/#1_Melehk_Logistics\" >1. Melehk Logistics<\/a><\/li><li class='ez-toc-page-1 ez-toc-heading-level-2'><a class=\"ez-toc-link ez-toc-heading-2\" href=\"https:\/\/moverdb.com\/sk\/moving-companies\/moving-companies-ethiopia\/#2_Move_One\" >2. Pohyb 1<\/a><\/li><li class='ez-toc-page-1 ez-toc-heading-level-2'><a class=\"ez-toc-link ez-toc-heading-3\" href=\"https:\/\/moverdb.com\/sk\/moving-companies\/moving-companies-ethiopia\/#3_Panafric_Global\" >3. Panafric Global<\/a><\/li><li class='ez-toc-page-1 ez-toc-heading-level-2'><a class=\"ez-toc-link ez-toc-heading-4\" href=\"https:\/\/moverdb.com\/sk\/moving-companies\/moving-companies-ethiopia\/#4_Segon_Marill_Movers\" >4. Segon Marill Movers<\/a><\/li><li class='ez-toc-page-1 ez-toc-heading-level-2'><a class=\"ez-toc-link ez-toc-heading-5\" href=\"https:\/\/moverdb.com\/sk\/moving-companies\/moving-companies-ethiopia\/#5_Solomon_Zewdu_Shipping_and_Freight_Forwarding\" >5. Solomon Zewdu Shipping and Freight Forwarding<\/a><\/li><\/ul><\/nav><\/div>\n<h2><span class=\"ez-toc-section\" id=\"1_Melehk_Logistics\"><\/span><strong>1. Melehk Logistics<\/strong><span class=\"ez-toc-section-end\"><\/span><\/h2>\n<p><img loading=\"lazy\" decoding=\"async\" class=\"alignnone size-full wp-image-5971\" src=\"https:\/\/moverdb.com\/wp-content\/uploads\/Melehk-Logistics-international-moving-company.png\" alt=\"Melehk Logistics medzin\u00e1rodn\u00e9 s\u0165ahovanie spolo\u010dnos\u0165\" width=\"1440\" height=\"674\" data-wp-pid=\"5971\" srcset=\"https:\/\/moverdb.com\/wp-content\/uploads\/Melehk-Logistics-international-moving-company.png 1440w, https:\/\/moverdb.com\/wp-content\/uploads\/Melehk-Logistics-international-moving-company-300x140.png 300w, https:\/\/moverdb.com\/wp-content\/uploads\/Melehk-Logistics-international-moving-company-1024x479.png 1024w, https:\/\/moverdb.com\/wp-content\/uploads\/Melehk-Logistics-international-moving-company-18x8.png 18w, https:\/\/moverdb.com\/wp-content\/uploads\/Melehk-Logistics-international-moving-company-600x281.png 600w\" sizes=\"auto, (max-width: 1440px) 100vw, 1440px\" \/><\/p>\n<ul>\n<li>Miestne a vn\u00fatro\u0161t\u00e1tne s\u0165ahovanie<\/li>\n<li>Medzin\u00e1rodn\u00e9 s\u0165ahovanie<\/li>\n<li>Premiest\u0148ovanie dom\u00e1cnost\u00ed<\/li>\n<li>Personalizovan\u00e9 slu\u017eby na mieru<\/li>\n<li>Vyhraden\u00fd koordin\u00e1tor s\u0165ahovania<\/li>\n<li>Zabezpe\u010denie a riadenie v\u0161etk\u00fdch aspektov s\u0165ahovania<\/li>\n<li>Cestn\u00e1, n\u00e1morn\u00e1 a leteck\u00e1 n\u00e1kladn\u00e1 doprava<\/li>\n<li>Coln\u00e9 sprostredkovanie<\/li>\n<li>Medzin\u00e1rodn\u00e9 partnerstv\u00e1<\/li>\n<li>Skladovacie zariadenia<\/li>\n<\/ul>\n<p>Melehk Logistics je \u0161pedi\u010dn\u00e1 a logistick\u00e1 spolo\u010dnos\u0165 zalo\u017een\u00e1 v roku 2011 ako Ginchi Trading, ktor\u00e1 pon\u00faka slu\u017eby v r\u00e1mci Eti\u00f3pie, do Eti\u00f3pie a z Eti\u00f3pie. Spolupracuje s medzin\u00e1rodnou sie\u0165ou na poskytovanie s\u0165ahovac\u00edch slu\u017eieb po celom svete. S\u00fa \u010dlenom IAM s 9-ro\u010dnou trad\u00edciou.<\/p>\n<p>Spolo\u010dnos\u0165 Melehk Logistics pon\u00faka medzin\u00e1rodn\u00e9 s\u0165ahovanie dom\u00e1cnost\u00ed po celom svete a poskytuje \u0161pecializovan\u00e9ho koordin\u00e1tora s\u0165ahovania. Pon\u00faka individu\u00e1lne a na mieru \u0161it\u00e9 slu\u017eby, ktor\u00e9 zabezpe\u010dia ka\u017ed\u00fd aspekt v\u00e1\u0161ho s\u0165ahovania a efekt\u00edvne riadia va\u0161e s\u0165ahovanie. Poskytuj\u00fa mo\u017enosti n\u00e1kladnej dopravy, ktor\u00e9 zah\u0155\u0148aj\u00fa cestn\u00fa, leteck\u00fa a n\u00e1morn\u00fa dopravu s podporou coln\u00e9ho sprostredkovania.<\/p>\n<p>Webov\u00e1 lokalita: <a href=\"http:\/\/www.melehk.com\" target=\"_blank\" rel=\"noopener\">http:\/\/www.melehk.com<\/a><\/p>\n<h2><span class=\"ez-toc-section\" id=\"2_Move_One\"><\/span><strong>2. Pohyb 1<\/strong><span class=\"ez-toc-section-end\"><\/span><\/h2>\n<p><img loading=\"lazy\" decoding=\"async\" class=\"alignnone size-full wp-image-5974\" src=\"https:\/\/moverdb.com\/wp-content\/uploads\/Move-One-Ethiopia-international-moving-company.png\" alt=\"Move One Eti\u00f3pia medzin\u00e1rodn\u00e9 s\u0165ahovanie spolo\u010dnos\u0165\" width=\"1440\" height=\"667\" data-wp-pid=\"5974\" srcset=\"https:\/\/moverdb.com\/wp-content\/uploads\/Move-One-Ethiopia-international-moving-company.png 1440w, https:\/\/moverdb.com\/wp-content\/uploads\/Move-One-Ethiopia-international-moving-company-300x139.png 300w, https:\/\/moverdb.com\/wp-content\/uploads\/Move-One-Ethiopia-international-moving-company-1024x474.png 1024w, https:\/\/moverdb.com\/wp-content\/uploads\/Move-One-Ethiopia-international-moving-company-18x8.png 18w, https:\/\/moverdb.com\/wp-content\/uploads\/Move-One-Ethiopia-international-moving-company-600x278.png 600w\" sizes=\"auto, (max-width: 1440px) 100vw, 1440px\" \/><\/p>\n<ul>\n<li>N\u00e1rodn\u00e9 presuny<\/li>\n<li>Medzin\u00e1rodn\u00e9 s\u0165ahovanie<\/li>\n<li>S\u0165ahovanie dom\u00e1cnost\u00ed<\/li>\n<li>Komer\u010dn\u00e9 presuny<\/li>\n<li>Baliace slu\u017eby<\/li>\n<li>Pozemn\u00e1, n\u00e1morn\u00e1 a leteck\u00e1 n\u00e1kladn\u00e1 doprava<\/li>\n<li>Coln\u00e9 sprostredkovanie<\/li>\n<li>V\u00edzov\u00e9 a imigra\u010dn\u00e9 slu\u017eby<\/li>\n<li>Preprava dom\u00e1cich zvierat<\/li>\n<li>Bezpe\u010dn\u00e9 ukladanie<\/li>\n<\/ul>\n<p>Move One je medzin\u00e1rodn\u00e1 prepravn\u00e1 spolo\u010dnos\u0165 zalo\u017een\u00e1 v roku 1992 s pobo\u010dkami v Eur\u00f3pe, Afrike a \u00c1zii vr\u00e1tane pobo\u010dky v Eti\u00f3pii v Addis Abebe. Spolupracuje s medzin\u00e1rodn\u00fdmi partnermi, ktor\u00ed zabezpe\u010duj\u00fa s\u0165ahovanie aj mimo svojich prev\u00e1dzkov\u00fdch oblast\u00ed. S\u00fa \u010dlenom IAM s 8 rokmi p\u00f4sobenia v Eti\u00f3pii.<\/p>\n<p>Spolo\u010dnos\u0165 Move One sa star\u00e1 o cel\u00fd rad odvetv\u00ed vr\u00e1tane komer\u010dn\u00e9ho maloobchodn\u00e9ho sektora, diplomatickej komunity, miestnych vl\u00e1dnych in\u0161tit\u00faci\u00ed a zahrani\u010dn\u00fdch dod\u00e1vate\u013eov. Poskytuje exportn\u00e9 balenie na ochranu va\u0161ich vec\u00ed a zabezpe\u010duje pozemn\u00fa, leteck\u00fa a n\u00e1morn\u00fa prepravu s coln\u00fdm sprostredkovan\u00edm. Pon\u00fakaj\u00fa aj \u010fal\u0161ie slu\u017eby vr\u00e1tane pomoci s v\u00edzami a imigr\u00e1ciou a prepravy dom\u00e1cich zvierat.<\/p>\n<p>Webov\u00e1 lokalita: <a href=\"http:\/\/www.moveoneinc.com\/ethiopia\" target=\"_blank\" rel=\"noopener\">http:\/\/www.moveoneinc.com\/ethiopia<\/a><\/p>\n<h2><span class=\"ez-toc-section\" id=\"3_Panafric_Global\"><\/span><strong>3. Panafric Global<\/strong><span class=\"ez-toc-section-end\"><\/span><\/h2>\n<p><img loading=\"lazy\" decoding=\"async\" class=\"alignnone size-full wp-image-5990\" src=\"https:\/\/moverdb.com\/wp-content\/uploads\/Panafric-Global-international-moving-company.png\" alt=\"Panafric Global medzin\u00e1rodn\u00e9 s\u0165ahovanie spolo\u010dnos\u0165\" width=\"1440\" height=\"674\" data-wp-pid=\"5990\" srcset=\"https:\/\/moverdb.com\/wp-content\/uploads\/Panafric-Global-international-moving-company.png 1440w, https:\/\/moverdb.com\/wp-content\/uploads\/Panafric-Global-international-moving-company-300x140.png 300w, https:\/\/moverdb.com\/wp-content\/uploads\/Panafric-Global-international-moving-company-1024x479.png 1024w, https:\/\/moverdb.com\/wp-content\/uploads\/Panafric-Global-international-moving-company-18x8.png 18w, https:\/\/moverdb.com\/wp-content\/uploads\/Panafric-Global-international-moving-company-600x281.png 600w\" sizes=\"auto, (max-width: 1440px) 100vw, 1440px\" \/><\/p>\n<ul>\n<li>Medzin\u00e1rodn\u00e9 s\u0165ahovanie<\/li>\n<li>S\u0165ahovanie dom\u00e1cnost\u00ed<\/li>\n<li>Komer\u010dn\u00e9 projekty<\/li>\n<li>Slu\u017eba premiestnenia<\/li>\n<li>Komplexn\u00e9 rie\u0161enie<\/li>\n<li>Pozemn\u00e1, n\u00e1morn\u00e1 a leteck\u00e1 n\u00e1kladn\u00e1 doprava<\/li>\n<li>Coln\u00e1 a dokumenta\u010dn\u00e1 podpora<\/li>\n<li>Pomoc pri usadzovan\u00ed<\/li>\n<li>Poistenie n\u00e1kladu<\/li>\n<li>Rie\u0161enia na ukladanie<\/li>\n<\/ul>\n<p>Panafric Global je multimod\u00e1lna dopravn\u00e1 a logistick\u00e1 spolo\u010dnos\u0165 zalo\u017een\u00e1 v roku 1993 v Addis Aires a m\u00e1 p\u00e4\u0165 pobo\u010diek na letisku, v Kality, Adame, Hawasse a v <a href=\"https:\/\/moverdb.com\/sk\/moving-companies\/moving-companies-djibouti\/\" data-internallinksmanager029f6b8e52c=\"220\" title=\"Najlep\u0161ie medzin\u00e1rodn\u00e9 s\u0165ahovacie spolo\u010dnosti v D\u017eibuti\">D\u017eibutsko<\/a>. Poskytuj\u00fa s\u0165ahovacie a s\u0165ahovacie slu\u017eby v Eti\u00f3pii, do Eti\u00f3pie a z Eti\u00f3pie. S\u00fa \u010dlenom IAM s 29-ro\u010dnou trad\u00edciou.<\/p>\n<p>Spolo\u010dnos\u0165 Panafric Global pon\u00faka slu\u017eby od dver\u00ed k dver\u00e1m z ktor\u00e9hoko\u013evek miesta na svete. Poskytuje pozemn\u00fa, leteck\u00fa a n\u00e1morn\u00fa prepravu s podporn\u00fdmi slu\u017ebami, ktor\u00e9 pom\u00e1haj\u00fa pri vybavovan\u00ed coln\u00fdch z\u00e1le\u017eitost\u00ed a dokument\u00e1cie. Pon\u00fakaj\u00fa slu\u017eby s\u00favisiace s pres\u0165ahovan\u00edm, ktor\u00e9 pom\u00e1haj\u00fa s usaden\u00edm sa vr\u00e1tane vyh\u013ead\u00e1vania \u0161k\u00f4l, obstar\u00e1vania vozidiel a zria\u010fovania verejn\u00fdch slu\u017eieb a poistenia.<\/p>\n<p>Webov\u00e1 lokalita: <a href=\"http:\/\/www.panafricglobal.com\" target=\"_blank\" rel=\"noopener\">http:\/\/www.panafricglobal.com<\/a><\/p>\n<h2><span class=\"ez-toc-section\" id=\"4_Segon_Marill_Movers\"><\/span><strong>4. Segon Marill Movers<\/strong><span class=\"ez-toc-section-end\"><\/span><\/h2>\n<p><img loading=\"lazy\" decoding=\"async\" class=\"alignnone size-full wp-image-6002\" src=\"https:\/\/moverdb.com\/wp-content\/uploads\/Segon-Marill-Movers-international-moving-company.png\" alt=\"Segon Marill Movers medzin\u00e1rodn\u00e9 s\u0165ahovanie spolo\u010dnos\u0165\" width=\"1440\" height=\"681\" data-wp-pid=\"6002\" srcset=\"https:\/\/moverdb.com\/wp-content\/uploads\/Segon-Marill-Movers-international-moving-company.png 1440w, https:\/\/moverdb.com\/wp-content\/uploads\/Segon-Marill-Movers-international-moving-company-300x142.png 300w, https:\/\/moverdb.com\/wp-content\/uploads\/Segon-Marill-Movers-international-moving-company-1024x484.png 1024w, https:\/\/moverdb.com\/wp-content\/uploads\/Segon-Marill-Movers-international-moving-company-18x9.png 18w, https:\/\/moverdb.com\/wp-content\/uploads\/Segon-Marill-Movers-international-moving-company-600x284.png 600w\" sizes=\"auto, (max-width: 1440px) 100vw, 1440px\" \/><\/p>\n<ul>\n<li>N\u00e1rodn\u00e9 presuny<\/li>\n<li>Medzin\u00e1rodn\u00e9 s\u0165ahovanie<\/li>\n<li>S\u0165ahovanie dom\u00e1cnost\u00ed<\/li>\n<li>S\u0165ahovanie firiem<\/li>\n<li>Slu\u017eba premiestnenia<\/li>\n<li>Baliace slu\u017eby<\/li>\n<li>Pozemn\u00e1, n\u00e1morn\u00e1 a leteck\u00e1 doprava<\/li>\n<li>Zara\u010fovacie slu\u017eby<\/li>\n<li>Vyh\u013ead\u00e1vanie v domoch a \u0161kol\u00e1ch<\/li>\n<li>Bezpe\u010dn\u00e9 ukladanie<\/li>\n<\/ul>\n<p>Spolo\u010dnos\u0165 Segon Marill Movers je medzin\u00e1rodn\u00e1 s\u0165ahovacia a skladov\u00e1 spolo\u010dnos\u0165 zalo\u017een\u00e1 pred 21 rokmi. Na poskytovanie svojich slu\u017eieb po celom svete spolupracuje s 50 partnersk\u00fdmi agent\u00farami. S\u00fa \u010dlenom IAM s 31-ro\u010dnou trad\u00edciou.<\/p>\n<p>Spolo\u010dnos\u0165 Segon Marill Movers pon\u00faka individu\u00e1lne s\u0165ahovacie slu\u017eby s baliacimi slu\u017ebami, ktor\u00e9 pou\u017e\u00edvaj\u00fa vysokokvalitn\u00e9 techniky a materi\u00e1ly na ochranu va\u0161ich vec\u00ed. Zabezpe\u010d\u00ed prepravu po zemi, po mori alebo letecky a v pr\u00edpade potreby vyu\u017eije podporu partnersk\u00fdch agentov. Ich s\u0165ahovacie slu\u017eby v\u00e1m pom\u00f4\u017eu usadi\u0165 sa v novej krajine, \u010do zah\u0155\u0148a orienta\u010dn\u00fa prehliadku, pomoc pri h\u013eadan\u00ed domova a \u0161koly, ako aj podporu pri odchode.<\/p>\n<p>Webov\u00e1 lokalita: <a href=\"http:\/\/www.segon-marill.com\" target=\"_blank\" rel=\"noopener\">http:\/\/www.segon-marill.com<\/a><\/p>\n<h2><span class=\"ez-toc-section\" id=\"5_Solomon_Zewdu_Shipping_and_Freight_Forwarding\"><\/span><strong>5. Solomon Zewdu Shipping and Freight Forwarding<\/strong><span class=\"ez-toc-section-end\"><\/span><\/h2>\n<p><img loading=\"lazy\" decoding=\"async\" class=\"alignnone size-full wp-image-6047\" src=\"https:\/\/moverdb.com\/wp-content\/uploads\/Solomon-Zewdu-international-moving-company.png\" alt=\"Solomon Zewdu medzin\u00e1rodn\u00e9 s\u0165ahovanie spolo\u010dnos\u0165\" width=\"1440\" height=\"682\" data-wp-pid=\"6047\" srcset=\"https:\/\/moverdb.com\/wp-content\/uploads\/Solomon-Zewdu-international-moving-company.png 1440w, https:\/\/moverdb.com\/wp-content\/uploads\/Solomon-Zewdu-international-moving-company-300x142.png 300w, https:\/\/moverdb.com\/wp-content\/uploads\/Solomon-Zewdu-international-moving-company-1024x485.png 1024w, https:\/\/moverdb.com\/wp-content\/uploads\/Solomon-Zewdu-international-moving-company-18x9.png 18w, https:\/\/moverdb.com\/wp-content\/uploads\/Solomon-Zewdu-international-moving-company-600x284.png 600w\" sizes=\"auto, (max-width: 1440px) 100vw, 1440px\" \/><\/p>\n<ul>\n<li>Miestne a vn\u00fatro\u0161t\u00e1tne s\u0165ahovanie<\/li>\n<li>Medzin\u00e1rodn\u00e9 s\u0165ahovanie<\/li>\n<li>S\u0165ahovanie dom\u00e1cnost\u00ed<\/li>\n<li>Premiest\u0148ovanie kancel\u00e1ri\u00ed<\/li>\n<li>Slu\u017eba od dver\u00ed k dver\u00e1m<\/li>\n<li>Baliace slu\u017eby<\/li>\n<li>Pozemn\u00e1, n\u00e1morn\u00e1 a leteck\u00e1 doprava<\/li>\n<li>Coln\u00e9 konanie<\/li>\n<li>Preprava vozidiel<\/li>\n<li>Skladovacie zariadenia<\/li>\n<\/ul>\n<p>Solomon Zewdu Shipping and Freight Forwarding je spolo\u010dnos\u0165 zaoberaj\u00faca sa s\u0165ahovan\u00edm, n\u00e1kladnou dopravou a \u0161ped\u00edciou s viac ako 20-ro\u010dn\u00fdmi sk\u00fasenos\u0165ami v oblasti poskytovania s\u0165ahovac\u00edch slu\u017eieb. Spolupracuje so zahrani\u010dn\u00fdmi partnermi pri realiz\u00e1cii s\u0165ahovania na medzin\u00e1rodnej \u00farovni. S\u00fa \u010dlenom IAM s 22-ro\u010dnou trad\u00edciou.<\/p>\n<p>Spolo\u010dnos\u0165 Solomon Zewdu Shipping and Freight Forwarding pon\u00faka slu\u017eby s\u0165ahovania a premiest\u0148ovania od dver\u00ed k dver\u00e1m pre dom\u00e1cnosti a kancel\u00e1rie. Poskytuj\u00fa slu\u017eby balenia a vyba\u013eovania na ochranu va\u0161ich vec\u00ed a zabezpe\u010duj\u00fa slu\u017eby prepravy po s\u00fa\u0161i pomocou svojho vozov\u00e9ho parku, po mori alebo letecky s coln\u00fdm odbaven\u00edm. Pom\u00f4\u017eu aj s prepravou a uskladnen\u00edm vozidiel.<\/p>\n<p>Webov\u00e1 lokalita: <a href=\"http:\/\/www.solomontransit.com\" target=\"_blank\" rel=\"noopener\">http:\/\/www.solomontransit.com<\/a><\/p>","protected":false},"excerpt":{"rendered":"<p>Moving is a busy and stressful time especially if you are moving between countries so getting some support from a moving company can help. Moving companies can assist with navigating the paperwork and arranging transportation. Below we have compiled a list of Ethiopian removal companies that are members of the International Association of Movers (IAM) [&hellip;]<\/p>\n","protected":false},"author":4,"featured_media":0,"parent":190,"menu_order":0,"comment_status":"closed","ping_status":"closed","template":"","meta":{"_genesis_hide_title":false,"_genesis_hide_breadcrumbs":false,"_genesis_hide_singular_image":false,"_genesis_hide_footer_widgets":false,"_genesis_custom_body_class":"","_genesis_custom_post_class":"","_genesis_layout":"","footnotes":""},"class_list":{"0":"post-6046","1":"page","2":"type-page","3":"status-publish","5":"entry","6":"has-post-thumbnail"},"_links":{"self":[{"href":"https:\/\/moverdb.com\/sk\/wp-json\/wp\/v2\/pages\/6046","targetHints":{"allow":["GET"]}}],"collection":[{"href":"https:\/\/moverdb.com\/sk\/wp-json\/wp\/v2\/pages"}],"about":[{"href":"https:\/\/moverdb.com\/sk\/wp-json\/wp\/v2\/types\/page"}],"author":[{"embeddable":true,"href":"https:\/\/moverdb.com\/sk\/wp-json\/wp\/v2\/users\/4"}],"replies":[{"embeddable":true,"href":"https:\/\/moverdb.com\/sk\/wp-json\/wp\/v2\/comments?post=6046"}],"version-history":[{"count":1,"href":"https:\/\/moverdb.com\/sk\/wp-json\/wp\/v2\/pages\/6046\/revisions"}],"predecessor-version":[{"id":6048,"href":"https:\/\/moverdb.com\/sk\/wp-json\/wp\/v2\/pages\/6046\/revisions\/6048"}],"up":[{"embeddable":true,"href":"https:\/\/moverdb.com\/sk\/wp-json\/wp\/v2\/pages\/190"}],"wp:attachment":[{"href":"https:\/\/moverdb.com\/sk\/wp-json\/wp\/v2\/media?parent=6046"}],"curies":[{"name":"wp","href":"https:\/\/api.w.org\/{rel}","templated":true}]}}