{"id":6043,"date":"2023-02-01T13:40:56","date_gmt":"2023-02-01T13:40:56","guid":{"rendered":"https:\/\/moverdb.com\/?page_id=6043"},"modified":"2026-01-08T15:24:40","modified_gmt":"2026-01-08T15:24:40","slug":"stahovanie-spolocnosti-estonia","status":"publish","type":"page","link":"https:\/\/moverdb.com\/sk\/moving-companies\/moving-companies-estonia\/","title":{"rendered":"4 najlep\u0161ie medzin\u00e1rodn\u00e9 s\u0165ahovacie spolo\u010dnosti v Est\u00f3nsku"},"content":{"rendered":"<p>S\u0165ahovanie m\u00f4\u017ee by\u0165 stresuj\u00face, \u010di u\u017e ide o s\u0165ahovanie domu alebo firmy. Mnoho \u013eud\u00ed vyu\u017e\u00edva slu\u017eby <a href=\"https:\/\/moverdb.com\/sk\/moving-companies\/\" data-internallinksmanager029f6b8e52c=\"79\" title=\"Top 25 medzin\u00e1rodn\u00fdch s\u0165ahovac\u00edch spolo\u010dnost\u00ed online\">s\u0165ahovacia spolo\u010dnos\u0165<\/a> preto\u017ee dok\u00e1\u017eu bezpe\u010dne premiestni\u0165 va\u0161e veci a zn\u00ed\u017ei\u0165 stres z v\u00e1\u0161ho s\u0165ahovania. Ni\u017e\u0161ie sme zostavili zoznam est\u00f3nskych <a href=\"https:\/\/moverdb.com\/sk\/international-removals\/\" data-internallinksmanager029f6b8e52c=\"27\" title=\"36 najlep\u0161\u00edch medzin\u00e1rodn\u00fdch s\u0165ahovac\u00edch spolo\u010dnost\u00ed v Spojenom kr\u00e1\u013eovstve\">s\u0165ahovacie spolo\u010dnosti<\/a> ktor\u00e9 s\u00fa \u010dlenmi <a href=\"https:\/\/moverdb.com\/sk\/iam\/\" data-internallinksmanager029f6b8e52c=\"23\" title=\"Vysvetlenie Medzin\u00e1rodnej asoci\u00e1cie s\u0165ahovate\u013eov (IAM)\">Medzin\u00e1rodn\u00e1 asoci\u00e1cia s\u0165ahovate\u013eov<\/a> (IAM) a\/alebo <a href=\"https:\/\/moverdb.com\/sk\/fidi-faim\/\" data-internallinksmanager029f6b8e52c=\"16\" title=\"Vysvetlenie FIDI a FAIM (FIDI akreditovan\u00fd medzin\u00e1rodn\u00fd prepravca)\">FIDI<\/a> Akreditovan\u00fd medzin\u00e1rodn\u00fd prepravca (FAIM), ktor\u00fd by v\u00e1m mohol pom\u00f4c\u0165 pri s\u0165ahovan\u00ed.<\/p>\n<div id=\"ez-toc-container\" class=\"ez-toc-v2_0_82_2 ez-toc-wrap-left counter-hierarchy ez-toc-counter ez-toc-transparent ez-toc-container-direction\">\n<div class=\"ez-toc-title-container\">\n<p class=\"ez-toc-title\" style=\"cursor:inherit\">Sekcie<\/p>\n<span class=\"ez-toc-title-toggle\"><a href=\"#\" class=\"ez-toc-pull-right ez-toc-btn ez-toc-btn-xs ez-toc-btn-default ez-toc-toggle\" aria-label=\"Prep\u00ednanie tabu\u013eky obsahu\"><span class=\"ez-toc-js-icon-con\"><span class=\"\"><span class=\"eztoc-hide\" style=\"display:none;\">Prep\u00edna\u010d<\/span><span class=\"ez-toc-icon-toggle-span\"><svg style=\"fill: #999;color:#999\" xmlns=\"http:\/\/www.w3.org\/2000\/svg\" class=\"list-377408\" width=\"20px\" height=\"20px\" viewbox=\"0 0 24 24\" fill=\"none\"><path d=\"M6 6H4v2h2V6zm14 0H8v2h12V6zM4 11h2v2H4v-2zm16 0H8v2h12v-2zM4 16h2v2H4v-2zm16 0H8v2h12v-2z\" fill=\"currentColor\"><\/path><\/svg><svg style=\"fill: #999;color:#999\" class=\"arrow-unsorted-368013\" xmlns=\"http:\/\/www.w3.org\/2000\/svg\" width=\"10px\" height=\"10px\" viewbox=\"0 0 24 24\" version=\"1.2\" baseprofile=\"tiny\"><path d=\"M18.2 9.3l-6.2-6.3-6.2 6.3c-.2.2-.3.4-.3.7s.1.5.3.7c.2.2.4.3.7.3h11c.3 0 .5-.1.7-.3.2-.2.3-.5.3-.7s-.1-.5-.3-.7zM5.8 14.7l6.2 6.3 6.2-6.3c.2-.2.3-.5.3-.7s-.1-.5-.3-.7c-.2-.2-.4-.3-.7-.3h-11c-.3 0-.5.1-.7.3-.2.2-.3.5-.3.7s.1.5.3.7z\"\/><\/svg><\/span><\/span><\/span><\/a><\/span><\/div>\n<nav><ul class='ez-toc-list ez-toc-list-level-1 eztoc-toggle-hide-by-default' ><li class='ez-toc-page-1 ez-toc-heading-level-2'><a class=\"ez-toc-link ez-toc-heading-1\" href=\"https:\/\/moverdb.com\/sk\/moving-companies\/moving-companies-estonia\/#1_Adduco\" >1. Adduco<\/a><\/li><li class='ez-toc-page-1 ez-toc-heading-level-2'><a class=\"ez-toc-link ez-toc-heading-2\" href=\"https:\/\/moverdb.com\/sk\/moving-companies\/moving-companies-estonia\/#2_AVA_Express\" >2. AVA Express<\/a><\/li><li class='ez-toc-page-1 ez-toc-heading-level-2'><a class=\"ez-toc-link ez-toc-heading-3\" href=\"https:\/\/moverdb.com\/sk\/moving-companies\/moving-companies-estonia\/#3_MoveMaster\" >3. MoveMaster<\/a><\/li><li class='ez-toc-page-1 ez-toc-heading-level-2'><a class=\"ez-toc-link ez-toc-heading-4\" href=\"https:\/\/moverdb.com\/sk\/moving-companies\/moving-companies-estonia\/#4_KLG_Estonia\" >4. KLG Est\u00f3nsko<\/a><\/li><li class='ez-toc-page-1 ez-toc-heading-level-2'><a class=\"ez-toc-link ez-toc-heading-5\" href=\"https:\/\/moverdb.com\/sk\/moving-companies\/moving-companies-estonia\/#Other_Useful_Guides_to_Estonia\" >\u010eal\u0161ie u\u017eito\u010dn\u00e9 pr\u00edru\u010dky pre Est\u00f3nsko<\/a><\/li><\/ul><\/nav><\/div>\n<h2><span class=\"ez-toc-section\" id=\"1_Adduco\"><\/span><strong>1. Adduco<\/strong><span class=\"ez-toc-section-end\"><\/span><\/h2>\n<p><img loading=\"lazy\" decoding=\"async\" class=\"alignnone size-full wp-image-6044\" src=\"https:\/\/moverdb.com\/wp-content\/uploads\/Adduco-international-moving-company.png\" alt=\"Adduco medzin\u00e1rodn\u00e9 s\u0165ahovanie spolo\u010dnos\u0165\" width=\"1440\" height=\"629\" data-wp-pid=\"6044\" srcset=\"https:\/\/moverdb.com\/wp-content\/uploads\/Adduco-international-moving-company.png 1440w, https:\/\/moverdb.com\/wp-content\/uploads\/Adduco-international-moving-company-300x131.png 300w, https:\/\/moverdb.com\/wp-content\/uploads\/Adduco-international-moving-company-1024x447.png 1024w, https:\/\/moverdb.com\/wp-content\/uploads\/Adduco-international-moving-company-18x8.png 18w, https:\/\/moverdb.com\/wp-content\/uploads\/Adduco-international-moving-company-600x262.png 600w\" sizes=\"auto, (max-width: 1440px) 100vw, 1440px\" \/><\/p>\n<ul>\n<li>Pohyb \u0165a\u017ek\u00fdch predmetov<\/li>\n<li>Medzin\u00e1rodn\u00e9 s\u0165ahovanie<\/li>\n<li>S\u0165ahovanie dom\u00e1cnost\u00ed<\/li>\n<li>Obchodn\u00e9 kroky<\/li>\n<li>Baliace slu\u017eby<\/li>\n<li>Napl\u00e1nujte si trasu a dopravu<\/li>\n<li>Podpora s dokument\u00e1ciou<\/li>\n<li>Preprava v\u00fdtvarn\u00e9ho umenia<\/li>\n<li>Poistenie<\/li>\n<li>Rie\u0161enia na ukladanie<\/li>\n<\/ul>\n<p>Adduco je spolo\u010dnos\u0165, ktor\u00e1 pom\u00e1ha \u013eu\u010fom pri s\u0165ahovan\u00ed od roku 2006 a m\u00e1 kancel\u00e1rie v Tallinne a Tartu. S\u00fa \u010dlenom IAM so 16-ro\u010dnou trad\u00edciou, ktor\u00e1 im umo\u017e\u0148uje pr\u00edstup k medzin\u00e1rodnej sieti s\u0165ahovac\u00edch agentov, ktor\u00ed pom\u00e1haj\u00fa pri s\u0165ahovan\u00ed po celom svete.<\/p>\n<p>Spolo\u010dnos\u0165 Adduco pon\u00faka s\u0165ahovacie slu\u017eby, ktor\u00e9 zah\u0155\u0148aj\u00fa aj odvoz odpadu, aby v\u00e1m pomohla zn\u00ed\u017ei\u0165 objem vec\u00ed, ktor\u00e9 si beriete so sebou na s\u0165ahovanie. Starostlivo riadia va\u0161e s\u0165ahovanie, napl\u00e1nuj\u00fa trasu a pripravia potrebn\u00e9 dokumenty a poistenie. Taktie\u017e bezpe\u010dne zabalia va\u0161e veci a prepravia ich pred vybalen\u00edm na mieste ur\u010denia.<\/p>\n<p>Webov\u00e1 lokalita: <a href=\"https:\/\/adduco.ee\/en\/\" target=\"_blank\" rel=\"noopener\">https:\/\/adduco.ee\/en\/<\/a><\/p>\n<h2><span class=\"ez-toc-section\" id=\"2_AVA_Express\"><\/span><strong>2. AVA Express<\/strong><span class=\"ez-toc-section-end\"><\/span><\/h2>\n<p><img loading=\"lazy\" decoding=\"async\" class=\"alignnone size-full wp-image-5928\" src=\"https:\/\/moverdb.com\/wp-content\/uploads\/AVA-Express-international-moving-company.png\" alt=\"AVA Express medzin\u00e1rodn\u00e9 s\u0165ahovanie spolo\u010dnos\u0165\" width=\"1440\" height=\"712\" data-wp-pid=\"5928\" srcset=\"https:\/\/moverdb.com\/wp-content\/uploads\/AVA-Express-international-moving-company.png 1440w, https:\/\/moverdb.com\/wp-content\/uploads\/AVA-Express-international-moving-company-300x148.png 300w, https:\/\/moverdb.com\/wp-content\/uploads\/AVA-Express-international-moving-company-1024x506.png 1024w, https:\/\/moverdb.com\/wp-content\/uploads\/AVA-Express-international-moving-company-18x9.png 18w, https:\/\/moverdb.com\/wp-content\/uploads\/AVA-Express-international-moving-company-600x297.png 600w\" sizes=\"auto, (max-width: 1440px) 100vw, 1440px\" \/><\/p>\n<ul>\n<li>N\u00e1rodn\u00e9 presuny<\/li>\n<li>Medzin\u00e1rodn\u00e9 s\u0165ahovanie<\/li>\n<li>S\u0165ahovanie dom\u00e1cnost\u00ed<\/li>\n<li>S\u0165ahovanie kancel\u00e1ri\u00ed<\/li>\n<li>\u0160pecializovan\u00e1 doprava a vybavenie<\/li>\n<li>Baliace slu\u017eby<\/li>\n<li>Dopravn\u00e9 opatrenia<\/li>\n<li>Pres\u00favanie \u0165a\u017ek\u00fdch predmetov<\/li>\n<li>Preprava umenia<\/li>\n<li>Rie\u0161enia do\u010dasn\u00e9ho skladovania<\/li>\n<\/ul>\n<p>AVA Express je est\u00f3nska s\u0165ahovacia spolo\u010dnos\u0165, ktor\u00e1 m\u00e1 viac ako 20 rokov sk\u00fasenost\u00ed so s\u0165ahovan\u00edm dom\u00e1cnost\u00ed a kancel\u00e1ri\u00ed. Spolupracuje s medzin\u00e1rodn\u00fdmi s\u0165ahovac\u00edmi agent\u00farami, ktor\u00e9 zabezpe\u010duj\u00fa s\u0165ahovanie po celom svete, a je \u010dlenom IAM. Disponuj\u00fa vlastn\u00fdm vozov\u00fdm parkom na realiz\u00e1ciu s\u0165ahovania v <a href=\"https:\/\/moverdb.com\/sk\/moving-to-estonia\/\" data-internallinksmanager029f6b8e52c=\"430\" title=\"S\u0165ahovanie do Est\u00f3nska? 2026 N\u00e1klady na b\u00fdvanie a tipy na pres\u0165ahovanie\">Est\u00f3nsko<\/a>.<\/p>\n<p>Spolo\u010dnos\u0165 AVA Express pon\u00faka dom\u00e1cnostiam a firm\u00e1m individu\u00e1lnu cenov\u00fa ponuku na s\u0165ahovacie slu\u017eby. Poskytn\u00fa v\u00e1m v\u0161etok baliaci materi\u00e1l na s\u0165ahovanie a v pr\u00edpade potreby zabalia va\u0161e veci za v\u00e1s. Zabezpe\u010d\u00ed bezpe\u010dn\u00fa prepravu va\u0161ich vec\u00ed vr\u00e1tane umeleck\u00fdch diel alebo \u0165a\u017ek\u00fdch predmetov na miesto ur\u010denia v r\u00e1mci Est\u00f3nska alebo do zahrani\u010dia.<\/p>\n<p>Webov\u00e1 lokalita: <a href=\"http:\/\/www.ava.ee\" target=\"_blank\" rel=\"noopener\">http:\/\/www.ava.ee<\/a><\/p>\n<h2><span class=\"ez-toc-section\" id=\"3_MoveMaster\"><\/span><strong>3. MoveMaster<\/strong><span class=\"ez-toc-section-end\"><\/span><\/h2>\n<p><img loading=\"lazy\" decoding=\"async\" class=\"alignnone size-full wp-image-5976\" src=\"https:\/\/moverdb.com\/wp-content\/uploads\/MoveMaster-international-moving-company.png\" alt=\"MoveMaster medzin\u00e1rodn\u00e9 s\u0165ahovanie spolo\u010dnos\u0165\" width=\"1440\" height=\"713\" data-wp-pid=\"5976\" srcset=\"https:\/\/moverdb.com\/wp-content\/uploads\/MoveMaster-international-moving-company.png 1440w, https:\/\/moverdb.com\/wp-content\/uploads\/MoveMaster-international-moving-company-300x149.png 300w, https:\/\/moverdb.com\/wp-content\/uploads\/MoveMaster-international-moving-company-1024x507.png 1024w, https:\/\/moverdb.com\/wp-content\/uploads\/MoveMaster-international-moving-company-18x9.png 18w, https:\/\/moverdb.com\/wp-content\/uploads\/MoveMaster-international-moving-company-600x297.png 600w\" sizes=\"auto, (max-width: 1440px) 100vw, 1440px\" \/><\/p>\n<ul>\n<li>Miestne a vn\u00fatro\u0161t\u00e1tne s\u0165ahovanie<\/li>\n<li>Medzin\u00e1rodn\u00e9 s\u0165ahovanie<\/li>\n<li>S\u0165ahovanie do obytn\u00fdch priestorov<\/li>\n<li>Presuny spolo\u010dnosti<\/li>\n<li>Individu\u00e1lny pr\u00edstup<\/li>\n<li>Baliace slu\u017eby<\/li>\n<li>Pozemn\u00e1, n\u00e1morn\u00e1 a leteck\u00e1 doprava<\/li>\n<li>Preprava umeleck\u00fdch predmetov<\/li>\n<li>Poistenie<\/li>\n<li>Skladovacie zariadenia<\/li>\n<\/ul>\n<p>MoveMaster je est\u00f3nska s\u0165ahovacia spolo\u010dnos\u0165 so s\u00eddlom v Tallinne, ktor\u00e1 m\u00e1 39 rokov sk\u00fasenost\u00ed s tis\u00edckami s\u0165ahovan\u00ed v 147 krajin\u00e1ch. Spolupracuje s partnermi vo ve\u013ek\u00fdch mest\u00e1ch, ktor\u00ed pom\u00e1haj\u00fa pri s\u0165ahovan\u00ed mimo ich \u00fazemia, a je \u010dlenom IAM.<\/p>\n<p>Spolo\u010dnos\u0165 MoveMaster poskytuje individu\u00e1lny pr\u00edstup k svojim s\u0165ahovac\u00edm slu\u017eb\u00e1m, ktor\u00fd zah\u0155\u0148a prehliadku pred s\u0165ahovan\u00edm v r\u00e1mci Tallinnu s cie\u013eom vytvori\u0165 najvhodnej\u0161\u00ed pl\u00e1n s\u0165ahovania. Poskytuj\u00fa baliace slu\u017eby s pou\u017eit\u00edm vysokokvalitn\u00fdch baliacich materi\u00e1lov na ochranu va\u0161ich vec\u00ed, demont\u00e1\u017e n\u00e1bytku a op\u00e4tovn\u00e9 zlo\u017eenie n\u00e1bytku po pr\u00edchode. Zabezpe\u010duj\u00fa pozemn\u00fa, n\u00e1morn\u00fa a leteck\u00fa prepravu, ako aj pomoc pri coln\u00fdch deklar\u00e1ci\u00e1ch a poisten\u00ed.<\/p>\n<p>Webov\u00e1 lokalita: <a href=\"http:\/\/www.movemaster.ee\" target=\"_blank\" rel=\"noopener\">http:\/\/www.movemaster.ee<\/a><\/p>\n<h2><span class=\"ez-toc-section\" id=\"4_KLG_Estonia\"><\/span><strong>4. KLG Est\u00f3nsko<\/strong><span class=\"ez-toc-section-end\"><\/span><\/h2>\n<p><img loading=\"lazy\" decoding=\"async\" class=\"alignnone size-full wp-image-5964\" src=\"https:\/\/moverdb.com\/wp-content\/uploads\/KLG-Estonia-international-moving-company.png\" alt=\"KLG Est\u00f3nsko medzin\u00e1rodn\u00e9 s\u0165ahovanie spolo\u010dnos\u0165\" width=\"1440\" height=\"711\" data-wp-pid=\"5964\" srcset=\"https:\/\/moverdb.com\/wp-content\/uploads\/KLG-Estonia-international-moving-company.png 1440w, https:\/\/moverdb.com\/wp-content\/uploads\/KLG-Estonia-international-moving-company-300x148.png 300w, https:\/\/moverdb.com\/wp-content\/uploads\/KLG-Estonia-international-moving-company-1024x506.png 1024w, https:\/\/moverdb.com\/wp-content\/uploads\/KLG-Estonia-international-moving-company-18x9.png 18w, https:\/\/moverdb.com\/wp-content\/uploads\/KLG-Estonia-international-moving-company-600x296.png 600w\" sizes=\"auto, (max-width: 1440px) 100vw, 1440px\" \/><\/p>\n<ul>\n<li>N\u00e1rodn\u00e9 presuny<\/li>\n<li>Medzin\u00e1rodn\u00e9 s\u0165ahovanie<\/li>\n<li>S\u0165ahovanie dom\u00e1cnost\u00ed<\/li>\n<li>Baliace slu\u017eby<\/li>\n<li>Zostavte si vlastn\u00e9 dreven\u00e9 debny<\/li>\n<li>Pozemn\u00e1, leteck\u00e1, n\u00e1morn\u00e1 a \u017eelezni\u010dn\u00e1 doprava<\/li>\n<li>Coln\u00e1 podpora<\/li>\n<li>Preprava umenia<\/li>\n<li>Poistenie<\/li>\n<li>Kr\u00e1tkodob\u00e9 a dlhodob\u00e9 skladovacie priestory<\/li>\n<\/ul>\n<p>Spolo\u010dnos\u0165 KLG Estonia je poskytovate\u013eom \u0161peci\u00e1lnych logistick\u00fdch rie\u0161en\u00ed so s\u00eddlom v Tallinne, ktor\u00fd poskytuje s\u0165ahovacie slu\u017eby od roku 1994. M\u00e1 glob\u00e1lnu sie\u0165 partnerov, ktor\u00ed jej pom\u00e1haj\u00fa pri realiz\u00e1cii medzin\u00e1rodn\u00fdch s\u0165ahovan\u00ed. S\u00fa akreditovan\u00ed organiz\u00e1ciou FIDI.<\/p>\n<p>Spolo\u010dnos\u0165 KLG Est\u00f3nsko poskytuje in\u0161pekciu a konzult\u00e1cie na pos\u00fadenie va\u0161ich potrieb. Pon\u00fakaj\u00fa profesion\u00e1lne baliace slu\u017eby na ochranu va\u0161ich vec\u00ed vr\u00e1tane dreven\u00fdch krab\u00edc na mieru, ktor\u00e9 s\u00fa vhodn\u00e9 pre ak\u00fdko\u013evek obsah vr\u00e1tane umeleck\u00fdch diel a IT zariaden\u00ed. S\u0165ahuj\u00fa aj v\u00e4\u010d\u0161ie predmety vr\u00e1tane motocyklov a klav\u00edrov. Zabezpe\u010duj\u00fa pozemn\u00fa, leteck\u00fa, n\u00e1morn\u00fa a \u017eelezni\u010dn\u00fa prepravu a pom\u00e1haj\u00fa pri vybavovan\u00ed coln\u00fdch po\u017eiadaviek.<\/p>\n<p>Webov\u00e1 lokalita: <a href=\"http:\/\/www.klg.ee\/\" target=\"_blank\" rel=\"noopener\">http:\/\/www.klg.ee\/<\/a><\/p>\n<h2><span class=\"ez-toc-section\" id=\"Other_Useful_Guides_to_Estonia\"><\/span>\u010eal\u0161ie u\u017eito\u010dn\u00e9 pr\u00edru\u010dky pre Est\u00f3nsko<span class=\"ez-toc-section-end\"><\/span><\/h2>\n<ul>\n<li> <a href=\"https:\/\/moverdb.com\/sk\/moving-to-estonia\/\">S\u0165ahovanie do Est\u00f3nska? 2026 N\u00e1klady na b\u00fdvanie a tipy na pres\u0165ahovanie<\/a><\/li>\n<li> <a href=\"https:\/\/moverdb.com\/sk\/moving-to-estonia\/best-places-to-live-estonia\/\">12 najlep\u0161\u00edch miest na \u017eivot v Est\u00f3nsku<\/a><\/li>\n<li> <a href=\"https:\/\/moverdb.com\/sk\/kontajnerova-preprava\/estonsko\/\">2023 Ceny n\u00e1mornej kontajnerovej prepravy do a z Est\u00f3nska<\/a><\/li>\n<\/ul>","protected":false},"excerpt":{"rendered":"<p>Moving can be a stressful time, whether that is moving home or your business. Many people employ the services of a moving company as they can safely move your belongings and reduce the stress of your move. Below we have compiled a list of Estonian removal companies that are members of the International Association of [&hellip;]<\/p>\n","protected":false},"author":4,"featured_media":0,"parent":190,"menu_order":0,"comment_status":"closed","ping_status":"closed","template":"","meta":{"_genesis_hide_title":false,"_genesis_hide_breadcrumbs":false,"_genesis_hide_singular_image":false,"_genesis_hide_footer_widgets":false,"_genesis_custom_body_class":"","_genesis_custom_post_class":"","_genesis_layout":"","footnotes":""},"class_list":{"0":"post-6043","1":"page","2":"type-page","3":"status-publish","5":"entry","6":"has-post-thumbnail"},"_links":{"self":[{"href":"https:\/\/moverdb.com\/sk\/wp-json\/wp\/v2\/pages\/6043","targetHints":{"allow":["GET"]}}],"collection":[{"href":"https:\/\/moverdb.com\/sk\/wp-json\/wp\/v2\/pages"}],"about":[{"href":"https:\/\/moverdb.com\/sk\/wp-json\/wp\/v2\/types\/page"}],"author":[{"embeddable":true,"href":"https:\/\/moverdb.com\/sk\/wp-json\/wp\/v2\/users\/4"}],"replies":[{"embeddable":true,"href":"https:\/\/moverdb.com\/sk\/wp-json\/wp\/v2\/comments?post=6043"}],"version-history":[{"count":3,"href":"https:\/\/moverdb.com\/sk\/wp-json\/wp\/v2\/pages\/6043\/revisions"}],"predecessor-version":[{"id":16257,"href":"https:\/\/moverdb.com\/sk\/wp-json\/wp\/v2\/pages\/6043\/revisions\/16257"}],"up":[{"embeddable":true,"href":"https:\/\/moverdb.com\/sk\/wp-json\/wp\/v2\/pages\/190"}],"wp:attachment":[{"href":"https:\/\/moverdb.com\/sk\/wp-json\/wp\/v2\/media?parent=6043"}],"curies":[{"name":"wp","href":"https:\/\/api.w.org\/{rel}","templated":true}]}}